{"id":3,"date":"2024-11-17T18:02:41","date_gmt":"2024-11-17T18:02:41","guid":{"rendered":"https:\/\/www.neural-artistry.com\/?page_id=3"},"modified":"2024-12-06T06:07:16","modified_gmt":"2024-12-06T06:07:16","slug":"privacy-policy","status":"publish","type":"page","link":"https:\/\/www.neural-artistry.com\/fr\/privacy-policy\/","title":{"rendered":"politique de confidentialit\u00e9"},"content":{"rendered":"<h4 class=\"wp-block-heading\"><strong>Qui sommes-nous<\/strong><\/h4>\n\n\n\n<p>Le site web <strong><a href=\"https:\/\/www.neural-artistry.com\/fr\/\">https:\/\/www.neural-artistry.com<\/a><\/strong> est exploit\u00e9 par <strong>Fr\u00e9d\u00e9ric Mailh\u00e9<\/strong> pour Neural Artistry. Nous nous engageons \u00e0 prot\u00e9ger vos donn\u00e9es personnelles et \u00e0 respecter votre vie priv\u00e9e. Cette politique de confidentialit\u00e9 d\u00e9crit la mani\u00e8re dont nous collectons, traitons et prot\u00e9geons vos donn\u00e9es personnelles conform\u00e9ment au r\u00e8glement g\u00e9n\u00e9ral sur la protection des donn\u00e9es (RGPD) et \u00e0 la loi fran\u00e7aise.<\/p>\n\n\n\n<hr class=\"wp-block-separator has-alpha-channel-opacity\"\/>\n\n\n\n<h3 class=\"wp-block-heading\"><strong>1. Donn\u00e9es que nous collectons<\/strong><\/h3>\n\n\n\n<p>Nous collectons et traitons les cat\u00e9gories de donn\u00e9es suivantes en fonction de la mani\u00e8re dont vous interagissez avec notre site Web\u00a0:<\/p>\n\n\n\n<h4 class=\"wp-block-heading\">un. <strong>Commentaires<\/strong><\/h4>\n\n\n\n<ul class=\"wp-block-list\">\n<li>Lorsque vous laissez un commentaire, nous collectons :\n<ul class=\"wp-block-list\">\n<li>Donn\u00e9es fournies dans le formulaire de commentaire (par exemple, nom, e-mail, contenu du commentaire).<\/li>\n\n\n\n<li>Votre adresse IP et l&#039;agent utilisateur de votre navigateur pour aider \u00e0 d\u00e9tecter le spam.<\/li>\n\n\n\n<li>Un hachage anonymis\u00e9 de votre adresse e-mail peut \u00eatre partag\u00e9 avec le <strong>Gravatar<\/strong> service pour v\u00e9rifier si vous l&#039;utilisez. La politique de confidentialit\u00e9 de Gravatar peut \u00eatre consult\u00e9e <a href=\"https:\/\/automattic.com\/privacy\/\">ici<\/a>.<\/li>\n\n\n\n<li>Si elle est approuv\u00e9e, votre photo de profil (si elle est li\u00e9e \u00e0 Gravatar) sera visible publiquement \u00e0 c\u00f4t\u00e9 de votre commentaire.<\/li>\n<\/ul>\n<\/li>\n<\/ul>\n\n\n\n<h4 class=\"wp-block-heading\">b. <strong>M\u00e9dias<\/strong><\/h4>\n\n\n\n<ul class=\"wp-block-list\">\n<li>Si vous t\u00e9l\u00e9chargez des images sur le site\u00a0:\n<ul class=\"wp-block-list\">\n<li>\u00c9vitez d&#039;int\u00e9grer des donn\u00e9es de localisation (EXIF GPS) car les visiteurs peuvent extraire ces informations.<\/li>\n<\/ul>\n<\/li>\n<\/ul>\n\n\n\n<h4 class=\"wp-block-heading\">c. <strong>Cookies<\/strong><\/h4>\n\n\n\n<p>Nous utilisons des cookies pour am\u00e9liorer votre exp\u00e9rience sur le site. Ceux-ci incluent :<\/p>\n\n\n\n<ul class=\"wp-block-list\">\n<li>Cookies fonctionnels : enregistrent vos pr\u00e9f\u00e9rences (par exemple, vos informations de connexion ou votre s\u00e9lection de langue).<\/li>\n\n\n\n<li>Cookies analytiques : mesurent les performances du site Web (par exemple, Google Analytics).<\/li>\n\n\n\n<li>Cookies marketing : G\u00e9rer les campagnes publicitaires (par exemple, TikTok, Kliken).<\/li>\n<\/ul>\n\n\n\n<p>Plus de d\u00e9tails sont fournis dans notre <strong>Politique de cookies<\/strong>.<\/p>\n\n\n\n<h4 class=\"wp-block-heading\">d. <strong>Contenu int\u00e9gr\u00e9<\/strong><\/h4>\n\n\n\n<p>Les articles peuvent inclure du contenu int\u00e9gr\u00e9 (par exemple des vid\u00e9os, des images). Les interactions avec ce contenu sont r\u00e9gies par les politiques de confidentialit\u00e9 des fournisseurs tiers respectifs (par exemple, TikTok, Meta).<\/p>\n\n\n\n<h4 class=\"wp-block-heading\">f. <strong>Donn\u00e9es de paiement et de transaction<\/strong><\/h4>\n\n\n\n<p>Si vous achetez un produit ou un service, nous traitons :<\/p>\n\n\n\n<ul class=\"wp-block-list\">\n<li>Nom, e-mail, adresse de facturation\/d&#039;exp\u00e9dition et d\u00e9tails de paiement (trait\u00e9s via <strong>Bande<\/strong>, <strong>Paiements Woo<\/strong>, ou similaire).<\/li>\n\n\n\n<li>Les informations de paiement sont crypt\u00e9es et stock\u00e9es de mani\u00e8re s\u00e9curis\u00e9e par les processeurs de paiement. Nous ne conservons pas l&#039;int\u00e9gralit\u00e9 de vos informations de paiement.<\/li>\n<\/ul>\n\n\n\n<h4 class=\"wp-block-heading\">f. <strong>Donn\u00e9es techniques<\/strong><\/h4>\n\n\n\n<ul class=\"wp-block-list\">\n<li>Votre adresse IP, le type de navigateur, le syst\u00e8me d&#039;exploitation et les journaux d&#039;activit\u00e9 (par exemple, les tentatives de connexion).<\/li>\n\n\n\n<li>Donn\u00e9es relatives aux performances du cache via <strong>Cache LiteSpeed<\/strong> et l&#039;optimisation de la base de donn\u00e9es avec <strong>Cache d&#039;objets Redis<\/strong>.<\/li>\n<\/ul>\n\n\n\n<hr class=\"wp-block-separator has-alpha-channel-opacity\"\/>\n\n\n\n<h3 class=\"wp-block-heading\"><strong>2. Pourquoi collectons-nous vos donn\u00e9es ?<\/strong><\/h3>\n\n\n\n<p>Nous traitons vos donn\u00e9es aux fins suivantes :<\/p>\n\n\n\n<ul class=\"wp-block-list\">\n<li><strong>Ex\u00e9cution des commandes<\/strong>:Pour g\u00e9rer et livrer vos commandes (par exemple, WooCommerce, SureCart).<\/li>\n\n\n\n<li><strong>D\u00e9tection de spam<\/strong>:Pour filtrer le contenu ind\u00e9sirable ou nuisible (par exemple, Akismet).<\/li>\n\n\n\n<li><strong>Am\u00e9lioration<\/strong>:Pour optimiser les performances du site Web \u00e0 l&#039;aide d&#039;outils tels que <strong>Cache LiteSpeed<\/strong> et <strong>Google Analytics<\/strong>.<\/li>\n\n\n\n<li><strong>Commercialisation<\/strong>:G\u00e9rer des campagnes publicitaires via des plateformes telles que <strong>Publicit\u00e9s TikTok<\/strong>, <strong>Clic<\/strong>, et <strong>MailPoet<\/strong> (avec votre consentement).<\/li>\n<\/ul>\n\n\n\n<hr class=\"wp-block-separator has-alpha-channel-opacity\"\/>\n\n\n\n<h3 class=\"wp-block-heading\"><strong>3. Base juridique du traitement des donn\u00e9es<\/strong><\/h3>\n\n\n\n<p>Nous traitons vos donn\u00e9es sur la base de :<\/p>\n\n\n\n<ul class=\"wp-block-list\">\n<li><strong>Consentement<\/strong>:Pour les cookies, le marketing et les newsletters.<\/li>\n\n\n\n<li><strong>N\u00e9cessit\u00e9 contractuelle<\/strong>:Pour r\u00e9aliser vos achats.<\/li>\n\n\n\n<li><strong>Obligation l\u00e9gale<\/strong>:Pour la conformit\u00e9 fiscale (par exemple, Stripe Tax).<\/li>\n\n\n\n<li><strong>Int\u00e9r\u00eat l\u00e9gitime<\/strong>:Pour pr\u00e9venir la fraude, assurer la s\u00e9curit\u00e9 du site Web et am\u00e9liorer les services.<\/li>\n<\/ul>\n\n\n\n<hr class=\"wp-block-separator has-alpha-channel-opacity\"\/>\n\n\n\n<h3 class=\"wp-block-heading\"><strong>4. Combien de temps conservons-nous vos donn\u00e9es ?<\/strong><\/h3>\n\n\n\n<ul class=\"wp-block-list\">\n<li><strong>Commentaires<\/strong>:Conserv\u00e9 ind\u00e9finiment pour g\u00e9rer les suivis.<\/li>\n\n\n\n<li><strong>Comptes utilisateurs<\/strong>:Les donn\u00e9es sont stock\u00e9es jusqu&#039;\u00e0 la suppression du compte.<\/li>\n\n\n\n<li><strong>Ordres<\/strong>:Les enregistrements de transactions sont conserv\u00e9s jusqu&#039;\u00e0 10 ans \u00e0 des fins de conformit\u00e9 l\u00e9gale (par exemple, lois fiscales).<\/li>\n\n\n\n<li><strong>Cookies<\/strong>:Stock\u00e9s selon leur dur\u00e9e de vie d\u00e9finie (d\u00e9tails dans la politique relative aux cookies).<\/li>\n<\/ul>\n\n\n\n<hr class=\"wp-block-separator has-alpha-channel-opacity\"\/>\n\n\n\n<h3 class=\"wp-block-heading\"><strong>5. Avec qui partageons-nous vos donn\u00e9es ?<\/strong><\/h3>\n\n\n\n<p>Nous partageons vos donn\u00e9es avec des fournisseurs tiers pour assurer un bon fonctionnement :<\/p>\n\n\n\n<ul class=\"wp-block-list\">\n<li><strong>Processeurs de paiement<\/strong>: Stripe, WooPaiements.<\/li>\n\n\n\n<li><strong>Fournisseur d&#039;h\u00e9bergement<\/strong>:o2switch (services d&#039;h\u00e9bergement).<\/li>\n\n\n\n<li><strong>Protection anti-spam<\/strong>:Akismet.<\/li>\n\n\n\n<li><strong>Analyse et marketing<\/strong>: Google Analytics, TikTok, Kliken.<\/li>\n\n\n\n<li><strong>Marketing par courriel<\/strong>: MailPoet.<\/li>\n<\/ul>\n\n\n\n<p>Vos donn\u00e9es ne sont jamais vendues ou partag\u00e9es \u00e0 d\u2019autres fins que celles explicitement indiqu\u00e9es.<\/p>\n\n\n\n<hr class=\"wp-block-separator has-alpha-channel-opacity\"\/>\n\n\n\n<h3 class=\"wp-block-heading\"><strong>6. Vos droits<\/strong><\/h3>\n\n\n\n<p>En vertu du RGPD, vous disposez des droits suivants :<\/p>\n\n\n\n<ol class=\"wp-block-list\">\n<li><strong>Acc\u00e9der<\/strong>:Obtenir une copie de vos donn\u00e9es personnelles.<\/li>\n\n\n\n<li><strong>Rectification<\/strong>:Demander des corrections \u00e0 vos donn\u00e9es.<\/li>\n\n\n\n<li><strong>Effacement<\/strong>:Demander la suppression de vos donn\u00e9es, sauf si la loi l&#039;exige (par exemple, les enregistrements de commandes).<\/li>\n\n\n\n<li><strong>Portabilit\u00e9 des donn\u00e9es<\/strong>:Recevez vos donn\u00e9es dans un format structur\u00e9.<\/li>\n\n\n\n<li><strong>Objection<\/strong>:S&#039;opposer au traitement fond\u00e9 sur des int\u00e9r\u00eats l\u00e9gitimes.<\/li>\n\n\n\n<li><strong>Restriction<\/strong>:Demander des limites au traitement de vos donn\u00e9es.<\/li>\n<\/ol>\n\n\n\n<p>Pour exercer ces droits, contactez-nous via le <strong>Formulaire de contact<\/strong> sur notre site internet.<\/p>\n\n\n\n<hr class=\"wp-block-separator has-alpha-channel-opacity\"\/>\n\n\n\n<h3 class=\"wp-block-heading\"><strong>7. Transferts internationaux<\/strong><\/h3>\n\n\n\n<p>Certains fournisseurs tiers (par exemple Google, TikTok) peuvent traiter vos donn\u00e9es en dehors de l&#039;Espace \u00e9conomique europ\u00e9en (EEE). Ces transferts sont r\u00e9gis par des clauses contractuelles types pour garantir la protection de vos donn\u00e9es.<\/p>\n\n\n\n<hr class=\"wp-block-separator has-alpha-channel-opacity\"\/>\n\n\n\n<h3 class=\"wp-block-heading\"><strong>8. Mesures de s\u00e9curit\u00e9<\/strong><\/h3>\n\n\n\n<p>Nous utilisons des mesures conformes aux normes du secteur pour s\u00e9curiser vos donn\u00e9es, notamment\u00a0:<\/p>\n\n\n\n<ul class=\"wp-block-list\">\n<li><strong>Cryptage<\/strong>:Les informations de paiement sont crypt\u00e9es via SSL.<\/li>\n\n\n\n<li><strong>Mises \u00e0 jour r\u00e9guli\u00e8res<\/strong>:Les plugins et logiciels sont r\u00e9guli\u00e8rement mis \u00e0 jour pour pr\u00e9venir les vuln\u00e9rabilit\u00e9s.<\/li>\n\n\n\n<li><strong>Syst\u00e8mes de sauvegarde<\/strong>:Assur\u00e9 par <strong>BlogVault<\/strong>.<\/li>\n<\/ul>\n\n\n\n<hr class=\"wp-block-separator has-alpha-channel-opacity\"\/>\n\n\n\n<h3 class=\"wp-block-heading\"><strong>9. Cookies<\/strong><\/h3>\n\n\n\n<p>Nous utilisons des cookies pour am\u00e9liorer l&#039;exp\u00e9rience utilisateur. Vous pouvez g\u00e9rer vos pr\u00e9f\u00e9rences en mati\u00e8re de cookies via les param\u00e8tres de votre navigateur ou la banni\u00e8re de consentement aux cookies sur notre site. Pour plus de d\u00e9tails, consultez notre <strong>Politique de cookies<\/strong>.<\/p>\n\n\n\n<hr class=\"wp-block-separator has-alpha-channel-opacity\"\/>\n\n\n\n<h3 class=\"wp-block-heading\"><strong>10. Modifications de la pr\u00e9sente politique<\/strong><\/h3>\n\n\n\n<p>Nous sommes susceptibles de mettre \u00e0 jour cette politique de confidentialit\u00e9 afin de refl\u00e9ter les changements dans nos pratiques ou obligations l\u00e9gales. La derni\u00e8re version sera toujours disponible sur cette page.<\/p>\n\n\n\n<hr class=\"wp-block-separator has-alpha-channel-opacity\"\/>\n\n\n\n<h3 class=\"wp-block-heading\"><strong>Coordonn\u00e9es<\/strong><\/h3>\n\n\n\n<p>Pour toute demande concernant cette politique de confidentialit\u00e9 ou pour exercer vos droits, contactez-nous via le <strong>Formulaire de contact<\/strong> sur notre site internet.<\/p>\n\n\n\n<p><strong>Derni\u00e8re mise \u00e0 jour<\/strong>: 6 d\u00e9cembre 2024<\/p>\n\n\n\n<p><\/p>\n\n\n\n<p><\/p>","protected":false},"excerpt":{"rendered":"<p>Who We Are The website https:\/\/www.neural-artistry.com is operated by Fr\u00e9d\u00e9ric Mailh\u00e9 for Neural Artistry. We are committed to protecting your personal data and respecting your privacy. This Privacy Policy outlines how we collect, process, and protect your personal data in compliance with the General Data Protection Regulation (GDPR) and French law. 1. Data We Collect [&hellip;]<\/p>\n","protected":false},"author":1,"featured_media":0,"parent":0,"menu_order":0,"comment_status":"closed","ping_status":"open","template":"","meta":{"_uag_custom_page_level_css":"","footnotes":""},"class_list":["post-3","page","type-page","status-publish","hentry"],"yoast_head":"<!-- This site is optimized with the Yoast SEO plugin v27.5 - https:\/\/yoast.com\/product\/yoast-seo-wordpress\/ -->\n<title>Privacy Policy - Neural Artistry<\/title>\n<meta name=\"robots\" content=\"index, follow, max-snippet:-1, max-image-preview:large, max-video-preview:-1\" \/>\n<link rel=\"canonical\" href=\"https:\/\/www.neural-artistry.com\/fr\/privacy-policy\/\" \/>\n<meta property=\"og:locale\" content=\"fr_FR\" \/>\n<meta property=\"og:type\" content=\"article\" \/>\n<meta property=\"og:title\" content=\"Privacy Policy - Neural Artistry\" \/>\n<meta property=\"og:description\" content=\"Who We Are The website https:\/\/www.neural-artistry.com is operated by Fr\u00e9d\u00e9ric Mailh\u00e9 for Neural Artistry. We are committed to protecting your personal data and respecting your privacy. This Privacy Policy outlines how we collect, process, and protect your personal data in compliance with the General Data Protection Regulation (GDPR) and French law. 1. Data We Collect [&hellip;]\" \/>\n<meta property=\"og:url\" content=\"https:\/\/www.neural-artistry.com\/fr\/privacy-policy\/\" \/>\n<meta property=\"og:site_name\" content=\"Neural Artistry\" \/>\n<meta property=\"article:modified_time\" content=\"2024-12-06T06:07:16+00:00\" \/>\n<meta name=\"twitter:card\" content=\"summary_large_image\" \/>\n<meta name=\"twitter:label1\" content=\"Dur\u00e9e de lecture estim\u00e9e\" \/>\n\t<meta name=\"twitter:data1\" content=\"4 minutes\" \/>\n<script type=\"application\/ld+json\" class=\"yoast-schema-graph\">{\"@context\":\"https:\\\/\\\/schema.org\",\"@graph\":[{\"@type\":\"WebPage\",\"@id\":\"https:\\\/\\\/www.neural-artistry.com\\\/privacy-policy\\\/\",\"url\":\"https:\\\/\\\/www.neural-artistry.com\\\/privacy-policy\\\/\",\"name\":\"Privacy Policy - Neural Artistry\",\"isPartOf\":{\"@id\":\"https:\\\/\\\/www.neural-artistry.com\\\/#website\"},\"datePublished\":\"2024-11-17T18:02:41+00:00\",\"dateModified\":\"2024-12-06T06:07:16+00:00\",\"breadcrumb\":{\"@id\":\"https:\\\/\\\/www.neural-artistry.com\\\/privacy-policy\\\/#breadcrumb\"},\"inLanguage\":\"fr-FR\",\"potentialAction\":[{\"@type\":\"ReadAction\",\"target\":[\"https:\\\/\\\/www.neural-artistry.com\\\/privacy-policy\\\/\"]}]},{\"@type\":\"BreadcrumbList\",\"@id\":\"https:\\\/\\\/www.neural-artistry.com\\\/privacy-policy\\\/#breadcrumb\",\"itemListElement\":[{\"@type\":\"ListItem\",\"position\":1,\"name\":\"Home\",\"item\":\"https:\\\/\\\/www.neural-artistry.com\\\/\"},{\"@type\":\"ListItem\",\"position\":2,\"name\":\"Privacy Policy\"}]},{\"@type\":\"WebSite\",\"@id\":\"https:\\\/\\\/www.neural-artistry.com\\\/#website\",\"url\":\"https:\\\/\\\/www.neural-artistry.com\\\/\",\"name\":\"Neural Artistry\",\"description\":\"AI Art Posters \u2013 Certified, Premium, Sold Only Once\",\"publisher\":{\"@id\":\"https:\\\/\\\/www.neural-artistry.com\\\/#organization\"},\"potentialAction\":[{\"@type\":\"SearchAction\",\"target\":{\"@type\":\"EntryPoint\",\"urlTemplate\":\"https:\\\/\\\/www.neural-artistry.com\\\/?s={search_term_string}\"},\"query-input\":{\"@type\":\"PropertyValueSpecification\",\"valueRequired\":true,\"valueName\":\"search_term_string\"}}],\"inLanguage\":\"fr-FR\"},{\"@type\":\"Organization\",\"@id\":\"https:\\\/\\\/www.neural-artistry.com\\\/#organization\",\"name\":\"Neural Artistry\",\"url\":\"https:\\\/\\\/www.neural-artistry.com\\\/\",\"logo\":{\"@type\":\"ImageObject\",\"inLanguage\":\"fr-FR\",\"@id\":\"https:\\\/\\\/www.neural-artistry.com\\\/#\\\/schema\\\/logo\\\/image\\\/\",\"url\":\"https:\\\/\\\/www.neural-artistry.com\\\/wp-content\\\/uploads\\\/2025\\\/08\\\/Web-Black-logo-no-background-scaled.webp\",\"contentUrl\":\"https:\\\/\\\/www.neural-artistry.com\\\/wp-content\\\/uploads\\\/2025\\\/08\\\/Web-Black-logo-no-background-scaled.webp\",\"width\":2560,\"height\":976,\"caption\":\"Neural Artistry\"},\"image\":{\"@id\":\"https:\\\/\\\/www.neural-artistry.com\\\/#\\\/schema\\\/logo\\\/image\\\/\"}}]}<\/script>\n<!-- \/ Yoast SEO plugin. -->","yoast_head_json":{"title":"Privacy Policy - Neural Artistry","robots":{"index":"index","follow":"follow","max-snippet":"max-snippet:-1","max-image-preview":"max-image-preview:large","max-video-preview":"max-video-preview:-1"},"canonical":"https:\/\/www.neural-artistry.com\/fr\/privacy-policy\/","og_locale":"fr_FR","og_type":"article","og_title":"Privacy Policy - Neural Artistry","og_description":"Who We Are The website https:\/\/www.neural-artistry.com is operated by Fr\u00e9d\u00e9ric Mailh\u00e9 for Neural Artistry. We are committed to protecting your personal data and respecting your privacy. This Privacy Policy outlines how we collect, process, and protect your personal data in compliance with the General Data Protection Regulation (GDPR) and French law. 1. Data We Collect [&hellip;]","og_url":"https:\/\/www.neural-artistry.com\/fr\/privacy-policy\/","og_site_name":"Neural Artistry","article_modified_time":"2024-12-06T06:07:16+00:00","twitter_card":"summary_large_image","twitter_misc":{"Dur\u00e9e de lecture estim\u00e9e":"4 minutes"},"schema":{"@context":"https:\/\/schema.org","@graph":[{"@type":"WebPage","@id":"https:\/\/www.neural-artistry.com\/privacy-policy\/","url":"https:\/\/www.neural-artistry.com\/privacy-policy\/","name":"Privacy Policy - Neural Artistry","isPartOf":{"@id":"https:\/\/www.neural-artistry.com\/#website"},"datePublished":"2024-11-17T18:02:41+00:00","dateModified":"2024-12-06T06:07:16+00:00","breadcrumb":{"@id":"https:\/\/www.neural-artistry.com\/privacy-policy\/#breadcrumb"},"inLanguage":"fr-FR","potentialAction":[{"@type":"ReadAction","target":["https:\/\/www.neural-artistry.com\/privacy-policy\/"]}]},{"@type":"BreadcrumbList","@id":"https:\/\/www.neural-artistry.com\/privacy-policy\/#breadcrumb","itemListElement":[{"@type":"ListItem","position":1,"name":"Home","item":"https:\/\/www.neural-artistry.com\/"},{"@type":"ListItem","position":2,"name":"Privacy Policy"}]},{"@type":"WebSite","@id":"https:\/\/www.neural-artistry.com\/#website","url":"https:\/\/www.neural-artistry.com\/","name":"Neural Artistry","description":"Affiches d&#039;art IA \u2013 Certifi\u00e9es, premium, vendues une seule fois","publisher":{"@id":"https:\/\/www.neural-artistry.com\/#organization"},"potentialAction":[{"@type":"SearchAction","target":{"@type":"EntryPoint","urlTemplate":"https:\/\/www.neural-artistry.com\/?s={search_term_string}"},"query-input":{"@type":"PropertyValueSpecification","valueRequired":true,"valueName":"search_term_string"}}],"inLanguage":"fr-FR"},{"@type":"Organization","@id":"https:\/\/www.neural-artistry.com\/#organization","name":"Neural Artistry","url":"https:\/\/www.neural-artistry.com\/","logo":{"@type":"ImageObject","inLanguage":"fr-FR","@id":"https:\/\/www.neural-artistry.com\/#\/schema\/logo\/image\/","url":"https:\/\/www.neural-artistry.com\/wp-content\/uploads\/2025\/08\/Web-Black-logo-no-background-scaled.webp","contentUrl":"https:\/\/www.neural-artistry.com\/wp-content\/uploads\/2025\/08\/Web-Black-logo-no-background-scaled.webp","width":2560,"height":976,"caption":"Neural Artistry"},"image":{"@id":"https:\/\/www.neural-artistry.com\/#\/schema\/logo\/image\/"}}]}},"uagb_featured_image_src":{"full":false,"thumbnail":false,"medium":false,"medium_large":false,"large":false,"1536x1536":false,"2048x2048":false,"trp-custom-language-flag":false,"woocommerce_thumbnail":false,"woocommerce_single":false,"woocommerce_gallery_thumbnail":false},"uagb_author_info":{"display_name":"flake","author_link":"https:\/\/www.neural-artistry.com\/fr\/author\/flake\/"},"uagb_comment_info":0,"uagb_excerpt":"Who We Are The website https:\/\/www.neural-artistry.com is operated by Fr\u00e9d\u00e9ric Mailh\u00e9 for Neural Artistry. We are committed to protecting your personal data and respecting your privacy. This Privacy Policy outlines how we collect, process, and protect your personal data in compliance with the General Data Protection Regulation (GDPR) and French law. 1. Data We Collect\u2026","_links":{"self":[{"href":"https:\/\/www.neural-artistry.com\/fr\/wp-json\/wp\/v2\/pages\/3","targetHints":{"allow":["GET"]}}],"collection":[{"href":"https:\/\/www.neural-artistry.com\/fr\/wp-json\/wp\/v2\/pages"}],"about":[{"href":"https:\/\/www.neural-artistry.com\/fr\/wp-json\/wp\/v2\/types\/page"}],"author":[{"embeddable":true,"href":"https:\/\/www.neural-artistry.com\/fr\/wp-json\/wp\/v2\/users\/1"}],"replies":[{"embeddable":true,"href":"https:\/\/www.neural-artistry.com\/fr\/wp-json\/wp\/v2\/comments?post=3"}],"version-history":[{"count":0,"href":"https:\/\/www.neural-artistry.com\/fr\/wp-json\/wp\/v2\/pages\/3\/revisions"}],"wp:attachment":[{"href":"https:\/\/www.neural-artistry.com\/fr\/wp-json\/wp\/v2\/media?parent=3"}],"curies":[{"name":"wp","href":"https:\/\/api.w.org\/{rel}","templated":true}]}}