{"id":356,"date":"2024-11-17T21:04:28","date_gmt":"2024-11-17T21:04:28","guid":{"rendered":"https:\/\/www.neural-artistry.com\/services\/"},"modified":"2025-01-23T21:57:52","modified_gmt":"2025-01-23T21:57:52","slug":"services","status":"publish","type":"page","link":"https:\/\/www.neural-artistry.com\/fr\/services\/","title":{"rendered":"Services"},"content":{"rendered":"<div class=\"wp-block-uagb-container uagb-block-2225947e alignfull uagb-is-root-container\"><div class=\"uagb-container-inner-blocks-wrap\">\n<div class=\"wp-block-uagb-advanced-heading uagb-block-e75af158\"><h1 class=\"uagb-heading-text\"><strong><strong>Des services sur mesure pour des affiches exclusives<\/strong><\/strong><\/h1><p class=\"uagb-desc-text\">Que vous recherchiez des impressions pr\u00eates \u00e0 accrocher, des affiches haut de gamme ou des designs enti\u00e8rement personnalis\u00e9s, mes services sont con\u00e7us pour donner vie \u00e0 votre vision et rehausser vos espaces avec \u00e9l\u00e9gance.<\/p><\/div>\n<\/div><\/div>\n\n\n\n<div class=\"wp-block-uagb-container uagb-layout-grid uagb-block-73c33870 alignfull uagb-is-root-container\"><div class=\"uagb-container-inner-blocks-wrap\">\n<div class=\"wp-block-uagb-container uagb-block-71a6640a\">\n<div class=\"wp-block-uagb-image uagb-block-19c27270 wp-block-uagb-image--layout-default wp-block-uagb-image--effect-static wp-block-uagb-image--align-none\"><figure class=\"wp-block-uagb-image__figure\"><img decoding=\"async\" srcset=\"https:\/\/www.neural-artistry.com\/wp-content\/uploads\/2024\/11\/fredmailhe_Astronaut_by_Anselm_Kiefer_Paolo_Roversi_Olafur_El_5f1785fe-db47-4ae6-9b41-8891de82700a_2.png ,https:\/\/www.neural-artistry.com\/wp-content\/uploads\/2024\/11\/fredmailhe_Astronaut_by_Anselm_Kiefer_Paolo_Roversi_Olafur_El_5f1785fe-db47-4ae6-9b41-8891de82700a_2.png 780w, https:\/\/www.neural-artistry.com\/wp-content\/uploads\/2024\/11\/fredmailhe_Astronaut_by_Anselm_Kiefer_Paolo_Roversi_Olafur_El_5f1785fe-db47-4ae6-9b41-8891de82700a_2.png 360w\" sizes=\"auto, (max-width: 480px) 150px\" src=\"https:\/\/www.neural-artistry.com\/wp-content\/uploads\/2024\/11\/fredmailhe_Astronaut_by_Anselm_Kiefer_Paolo_Roversi_Olafur_El_5f1785fe-db47-4ae6-9b41-8891de82700a_2.png\" alt=\"\" class=\"uag-image-83\" width=\"600\" height=\"300\" title=\"service-01\" loading=\"lazy\" role=\"img\"\/><\/figure><\/div>\n\n\n\n<div class=\"wp-block-uagb-advanced-heading uagb-block-10ef0e28\"><h2 class=\"uagb-heading-text\"><strong>Affiches imprim\u00e9es<\/strong><\/h2><p class=\"uagb-desc-text translation-block\">Ajoutez des posters exclusifs \u00e0 vos espaces, con\u00e7us selon les plus hauts standards de qualit\u00e9. Chaque image est imprim\u00e9e sur un papier Hahnem\u00fchle haut de gamme, disponible en finitions mate ou brillante, avec des encres Ultrapro garantissant des couleurs \u00e9clatantes et durables. Chaque poster est vendu une seule fois, pour une acquisition v\u00e9ritablement unique.\n- Papier Hahnem\u00fchle FineArt\n- Options de finition mate ou brillante\n- Certificat d\u2019authenticit\u00e9 inclus\n- Tailles personnalis\u00e9es sur demande\n- Pr\u00eat \u00e0 encadrer ou accrocher<\/p><\/div>\n<\/div>\n\n\n\n<div class=\"wp-block-uagb-container uagb-block-389edbfe\">\n<div class=\"wp-block-uagb-image uagb-block-01c1edb4 wp-block-uagb-image--layout-default wp-block-uagb-image--effect-static wp-block-uagb-image--align-none\"><figure class=\"wp-block-uagb-image__figure\"><img decoding=\"async\" srcset=\"https:\/\/www.neural-artistry.com\/wp-content\/uploads\/2024\/11\/fredmailhe_In_a_dark_atmospheric_setting_a_woman_appears_to_be__76e0e992-6a4b-487c-a3c2-f1ef5dfab80c.png ,https:\/\/www.neural-artistry.com\/wp-content\/uploads\/2024\/11\/fredmailhe_In_a_dark_atmospheric_setting_a_woman_appears_to_be__76e0e992-6a4b-487c-a3c2-f1ef5dfab80c.png 780w, https:\/\/www.neural-artistry.com\/wp-content\/uploads\/2024\/11\/fredmailhe_In_a_dark_atmospheric_setting_a_woman_appears_to_be__76e0e992-6a4b-487c-a3c2-f1ef5dfab80c.png 360w\" sizes=\"auto, (max-width: 480px) 150px\" src=\"https:\/\/www.neural-artistry.com\/wp-content\/uploads\/2024\/11\/fredmailhe_In_a_dark_atmospheric_setting_a_woman_appears_to_be__76e0e992-6a4b-487c-a3c2-f1ef5dfab80c.png\" alt=\"\" class=\"uag-image-82\" width=\"600\" height=\"300\" title=\"service-02\" loading=\"lazy\" role=\"img\"\/><\/figure><\/div>\n\n\n\n<div class=\"wp-block-uagb-advanced-heading uagb-block-08a01a2d\"><h2 class=\"uagb-heading-text\"><strong>Posters encadr\u00e9s sur mesure<\/strong><\/h2><p class=\"uagb-desc-text\">Sublimez vos murs avec des posters encadr\u00e9s sur mesure. De la s\u00e9lection de l\u2019image au choix des mat\u00e9riaux, je m\u2019assure que chaque pi\u00e8ce s\u2019adapte parfaitement \u00e0 votre style et \u00e0 votre int\u00e9rieur. Avec des mat\u00e9riaux de haute qualit\u00e9 et un soin particulier, chaque cr\u00e9ation est pens\u00e9e pour faire sensation.\n- Encadrement personnalis\u00e9 pour chaque poster\n- Fabrication de haute qualit\u00e9 pour une durabilit\u00e9 exceptionnelle\n- Con\u00e7u pour s\u2019harmoniser avec votre d\u00e9coration int\u00e9rieure\n- Livraison pr\u00eate \u00e0 accrocher<br>\u2013 Encadrement personnalis\u00e9 pour toute affiche<br>\u2013 Un savoir-faire de haute qualit\u00e9 pour une beaut\u00e9 durable<br>\u2013 Con\u00e7u pour correspondre \u00e0 votre style int\u00e9rieur<br>\u2013 Livr\u00e9 pr\u00eat \u00e0 accrocher<\/p><\/div>\n<\/div>\n\n\n\n<div class=\"wp-block-uagb-container uagb-block-0bc5ae90\">\n<div class=\"wp-block-uagb-image uagb-block-fdae3e36 wp-block-uagb-image--layout-default wp-block-uagb-image--effect-static wp-block-uagb-image--align-none\"><figure class=\"wp-block-uagb-image__figure\"><img decoding=\"async\" srcset=\"https:\/\/www.neural-artistry.com\/wp-content\/uploads\/2024\/11\/fredmailhe_blending_nature_space_and_human_forms_by_Miles_Aldri_127a04c8-973d-481d-b248-b48fa30ebfda.png ,https:\/\/www.neural-artistry.com\/wp-content\/uploads\/2024\/11\/fredmailhe_blending_nature_space_and_human_forms_by_Miles_Aldri_127a04c8-973d-481d-b248-b48fa30ebfda.png 780w, https:\/\/www.neural-artistry.com\/wp-content\/uploads\/2024\/11\/fredmailhe_blending_nature_space_and_human_forms_by_Miles_Aldri_127a04c8-973d-481d-b248-b48fa30ebfda.png 360w\" sizes=\"auto, (max-width: 480px) 150px\" src=\"https:\/\/www.neural-artistry.com\/wp-content\/uploads\/2024\/11\/fredmailhe_blending_nature_space_and_human_forms_by_Miles_Aldri_127a04c8-973d-481d-b248-b48fa30ebfda.png\" alt=\"\" class=\"uag-image-81\" width=\"600\" height=\"300\" title=\"service-03\" loading=\"lazy\" role=\"img\"\/><\/figure><\/div>\n\n\n\n<div class=\"wp-block-uagb-advanced-heading uagb-block-ac78f50b\"><h2 class=\"uagb-heading-text\"><strong>Services de restauration d\u2019images<\/strong><\/h2><p class=\"uagb-desc-text\">Donnez une seconde vie \u00e0 vos images anciennes, endommag\u00e9es ou de faible qualit\u00e9. Je propose des services professionnels de restauration pour sublimer vos photos et les rendre pr\u00eates \u00e0 \u00eatre imprim\u00e9es. Que ce soit pour corriger les couleurs, supprimer des \u00e9l\u00e9ments ind\u00e9sirables ou restaurer des photographies anciennes, je m\u2019assure que vos images soient magnifiques et pr\u00eates \u00e0 \u00eatre affich\u00e9es.\n- Restauration d\u2019images anciennes ou endommag\u00e9es\n- Am\u00e9liorations pour des impressions de meilleure qualit\u00e9\n- Suppression d\u2019\u00e9l\u00e9ments ou imperfections ind\u00e9sirables\n- Un travail sur mesure adapt\u00e9 \u00e0 vos besoins<br>\u2013 Restauration d\u2019images anciennes ou endommag\u00e9es<br>\u2013 Am\u00e9lioration de haute qualit\u00e9 pour de meilleurs r\u00e9sultats d\u2019impression<br>\u2013 Suppression des \u00e9l\u00e9ments ind\u00e9sirables ou des imperfections<br>\u2013 Travail sur mesure adapt\u00e9 \u00e0 vos besoins<br><a href=\"https:\/\/www.neural-artistry.com\/fr\/services\/\"><\/a><\/p><\/div>\n<\/div>\n\n\n\n<div class=\"wp-block-uagb-container uagb-block-bdae4c62\">\n<div class=\"wp-block-uagb-image uagb-block-b86f8338 wp-block-uagb-image--layout-default wp-block-uagb-image--effect-static wp-block-uagb-image--align-none\"><figure class=\"wp-block-uagb-image__figure\"><img decoding=\"async\" srcset=\"https:\/\/www.neural-artistry.com\/wp-content\/uploads\/2024\/11\/fredmailhe_httpss.mj_.runKPd4VV1LJu8_httpss.mj_.runwRsk9k9HN84_Fu_2a4da3d8-4220-4369-a1de-23406dc15b62.png ,https:\/\/www.neural-artistry.com\/wp-content\/uploads\/2024\/11\/fredmailhe_httpss.mj_.runKPd4VV1LJu8_httpss.mj_.runwRsk9k9HN84_Fu_2a4da3d8-4220-4369-a1de-23406dc15b62.png 780w, https:\/\/www.neural-artistry.com\/wp-content\/uploads\/2024\/11\/fredmailhe_httpss.mj_.runKPd4VV1LJu8_httpss.mj_.runwRsk9k9HN84_Fu_2a4da3d8-4220-4369-a1de-23406dc15b62.png 360w\" sizes=\"auto, (max-width: 480px) 150px\" src=\"https:\/\/www.neural-artistry.com\/wp-content\/uploads\/2024\/11\/fredmailhe_httpss.mj_.runKPd4VV1LJu8_httpss.mj_.runwRsk9k9HN84_Fu_2a4da3d8-4220-4369-a1de-23406dc15b62.png\" alt=\"\" class=\"uag-image-79\" width=\"600\" height=\"300\" title=\"service-04\" loading=\"lazy\" role=\"img\"\/><\/figure><\/div>\n\n\n\n<div class=\"wp-block-uagb-advanced-heading uagb-block-6fc1c7c0\"><h2 class=\"uagb-heading-text\">Commandes personnalis\u00e9es<\/h2><p class=\"uagb-desc-text\">Collaborons pour cr\u00e9er un poster qui vous ressemble. Des premiers croquis au produit final encadr\u00e9, je travaille avec vous pour donner vie \u00e0 une cr\u00e9ation unique qui refl\u00e8te votre style et vos envies. Que ce soit pour votre maison, votre bureau ou un cadeau, ce service garantit une pi\u00e8ce enti\u00e8rement personnalis\u00e9e.\n- Processus de conception collaboratif\n- Certificat d\u2019authenticit\u00e9 inclus\n- Personnalisation compl\u00e8te, y compris la taille et l\u2019encadrement<br>\u2013 Processus de conception collaborative du d\u00e9but \u00e0 la fin<br>\u2013 Livr\u00e9 avec un certificat d\u2019authenticit\u00e9<br>\u2013 Enti\u00e8rement personnalisable, y compris les options de taille et de cadrage<br><a href=\"https:\/\/www.neural-artistry.com\/fr\/services\/\"><\/a><\/p><\/div>\n<\/div>\n\n\n\n<div class=\"wp-block-uagb-container uagb-block-0c6a93a5\">\n<div class=\"wp-block-uagb-image uagb-block-80a0da21 wp-block-uagb-image--layout-default wp-block-uagb-image--effect-static wp-block-uagb-image--align-none\"><figure class=\"wp-block-uagb-image__figure\"><img decoding=\"async\" srcset=\"https:\/\/www.neural-artistry.com\/wp-content\/uploads\/2024\/11\/fredmailhe_blending_nature_space_and_human_forms_by_Miles_Aldri_173a3401-01b7-445e-9044-d0c92f7933ab.png ,https:\/\/www.neural-artistry.com\/wp-content\/uploads\/2024\/11\/fredmailhe_blending_nature_space_and_human_forms_by_Miles_Aldri_173a3401-01b7-445e-9044-d0c92f7933ab.png 780w, https:\/\/www.neural-artistry.com\/wp-content\/uploads\/2024\/11\/fredmailhe_blending_nature_space_and_human_forms_by_Miles_Aldri_173a3401-01b7-445e-9044-d0c92f7933ab.png 360w\" sizes=\"auto, (max-width: 480px) 150px\" src=\"https:\/\/www.neural-artistry.com\/wp-content\/uploads\/2024\/11\/fredmailhe_blending_nature_space_and_human_forms_by_Miles_Aldri_173a3401-01b7-445e-9044-d0c92f7933ab.png\" alt=\"\" class=\"uag-image-80\" width=\"600\" height=\"300\" title=\"service-05\" loading=\"lazy\" role=\"img\"\/><\/figure><\/div>\n\n\n\n<div class=\"wp-block-uagb-advanced-heading uagb-block-4feab849\"><h2 class=\"uagb-heading-text\">Blog<\/h2><p class=\"uagb-desc-text\">D\u00e9couvrez les coulisses de mes cr\u00e9ations sur mon blog. Explorez des astuces d\u00e9co, apprenez des techniques pour utiliser des outils comme Photoshop, MidJourney ou Lightroom, et d\u00e9couvrez des scripts et outils que j\u2019ai d\u00e9velopp\u00e9s pour aider les cr\u00e9ateurs comme vous. Mon blog est une ressource pr\u00e9cieuse pour tout ce qui touche \u00e0 la cr\u00e9ativit\u00e9.<br><a href=\"https:\/\/www.neural-artistry.com\/fr\/services\/\"><\/a><\/p><\/div>\n<\/div>\n\n\n\n<div class=\"wp-block-uagb-container uagb-block-2aa671e5\">\n<div class=\"wp-block-uagb-image uagb-block-99792940 wp-block-uagb-image--layout-default wp-block-uagb-image--effect-static wp-block-uagb-image--align-none\"><figure class=\"wp-block-uagb-image__figure\"><img decoding=\"async\" srcset=\"https:\/\/www.neural-artistry.com\/wp-content\/uploads\/2024\/11\/fredmailhe_Side_view_Shot_of_a_High-fashion_poolside_scene_feat_df29ee3e-f25e-42df-abfa-ce118f7e250c.png ,https:\/\/www.neural-artistry.com\/wp-content\/uploads\/2024\/11\/fredmailhe_Side_view_Shot_of_a_High-fashion_poolside_scene_feat_df29ee3e-f25e-42df-abfa-ce118f7e250c.png 780w, https:\/\/www.neural-artistry.com\/wp-content\/uploads\/2024\/11\/fredmailhe_Side_view_Shot_of_a_High-fashion_poolside_scene_feat_df29ee3e-f25e-42df-abfa-ce118f7e250c.png 360w\" sizes=\"auto, (max-width: 480px) 150px\" src=\"https:\/\/www.neural-artistry.com\/wp-content\/uploads\/2024\/11\/fredmailhe_Side_view_Shot_of_a_High-fashion_poolside_scene_feat_df29ee3e-f25e-42df-abfa-ce118f7e250c.png\" alt=\"\" class=\"uag-image-23\" width=\"600\" height=\"300\" title=\"service-06\" loading=\"lazy\" role=\"img\"\/><\/figure><\/div>\n\n\n\n<div class=\"wp-block-uagb-advanced-heading uagb-block-42b96d89\"><h2 class=\"uagb-heading-text\">Contacter le service<\/h2><p class=\"uagb-desc-text\">Des questions ou une demande particuli\u00e8re\u202f? Que ce soit pour une commande personnalis\u00e9e, une restauration d\u2019image ou des conseils pour choisir le poster id\u00e9al, je suis l\u00e0 pour vous aider. Contactez-moi pour discuter de votre projet et cr\u00e9ons ensemble quelque chose d\u2019extraordinaire.<\/p><\/div>\n<\/div>\n<\/div><\/div>\n\n\n\n<div class=\"wp-block-uagb-container uagb-block-4d9f1c9f alignfull uagb-is-root-container\"><div class=\"uagb-container-inner-blocks-wrap\">\n<div class=\"wp-block-uagb-container uagb-block-d9bc673c\">\n<div class=\"wp-block-uagb-info-box uagb-block-833e209d uagb-infobox__content-wrap  uagb-infobox-icon-above-title uagb-infobox-image-valign-top\"><div class=\"uagb-ifb-content\"><div class=\"uagb-ifb-title-wrap\"><p class=\"uagb-ifb-title-prefix\"><strong><strong><strong>POUR LES PASSIONN\u00c9S D&#039;ART<\/strong><\/strong><\/strong><\/p><h2 class=\"uagb-ifb-title\"><strong><strong><strong>Rejoignez une communaut\u00e9 d'amateurs de cr\u00e9ations uniques<\/strong><\/strong><\/strong><\/h2><\/div><p class=\"uagb-ifb-desc\">Transformez vos espaces gr\u00e2ce \u00e0 des affiches exclusives et intemporelles, con\u00e7ues pour inspirer et \u00e9merveiller.<\/p><div class=\"uagb-ifb-button-wrapper wp-block-button\"><a href=\"\/fr\/shop\/\" class=\"uagb-infobox-cta-link wp-block-button__link\" target=\"_self\" rel=\"noopener noreferrer\" onclick=\"return true;\"><span class=\"uagb-inline-editing\">Boutique<\/span><\/a><\/div><\/div><\/div>\n<\/div>\n<\/div><\/div>","protected":false},"excerpt":{"rendered":"<p>Tailored Services for Exclusive Posters Whether you&#8217;re looking for ready-to-hang prints, premium posters, or fully custom designs, my services are crafted to bring your vision to life and elevate your spaces with elegance. Printed Posters Bring exclusive posters into your space, crafted to the highest standards. Each image is printed on premium Hahnem\u00fchle paper, available [&hellip;]<\/p>\n","protected":false},"author":1,"featured_media":0,"parent":0,"menu_order":0,"comment_status":"closed","ping_status":"closed","template":"","meta":{"_uag_custom_page_level_css":"","footnotes":""},"class_list":["post-356","page","type-page","status-publish","hentry"],"yoast_head":"<!-- This site is optimized with the Yoast SEO plugin v27.5 - https:\/\/yoast.com\/product\/yoast-seo-wordpress\/ -->\n<title>Services - Neural Artistry<\/title>\n<meta name=\"robots\" content=\"index, follow, max-snippet:-1, max-image-preview:large, max-video-preview:-1\" \/>\n<link rel=\"canonical\" href=\"https:\/\/www.neural-artistry.com\/fr\/services\/\" \/>\n<meta property=\"og:locale\" content=\"fr_FR\" \/>\n<meta property=\"og:type\" content=\"article\" \/>\n<meta property=\"og:title\" content=\"Services - Neural Artistry\" \/>\n<meta property=\"og:description\" content=\"Tailored Services for Exclusive Posters Whether you&#8217;re looking for ready-to-hang prints, premium posters, or fully custom designs, my services are crafted to bring your vision to life and elevate your spaces with elegance. Printed Posters Bring exclusive posters into your space, crafted to the highest standards. Each image is printed on premium Hahnem\u00fchle paper, available [&hellip;]\" \/>\n<meta property=\"og:url\" content=\"https:\/\/www.neural-artistry.com\/fr\/services\/\" \/>\n<meta property=\"og:site_name\" content=\"Neural Artistry\" \/>\n<meta property=\"article:modified_time\" content=\"2025-01-23T21:57:52+00:00\" \/>\n<meta property=\"og:image\" content=\"https:\/\/www.neural-artistry.com\/wp-content\/uploads\/2024\/11\/fredmailhe_Astronaut_by_Anselm_Kiefer_Paolo_Roversi_Olafur_El_5f1785fe-db47-4ae6-9b41-8891de82700a_2.png\" \/>\n<meta name=\"twitter:card\" content=\"summary_large_image\" \/>\n<meta name=\"twitter:label1\" content=\"Dur\u00e9e de lecture estim\u00e9e\" \/>\n\t<meta name=\"twitter:data1\" content=\"2 minutes\" \/>\n<script type=\"application\/ld+json\" class=\"yoast-schema-graph\">{\"@context\":\"https:\\\/\\\/schema.org\",\"@graph\":[{\"@type\":\"WebPage\",\"@id\":\"https:\\\/\\\/www.neural-artistry.com\\\/services\\\/\",\"url\":\"https:\\\/\\\/www.neural-artistry.com\\\/services\\\/\",\"name\":\"Services - Neural Artistry\",\"isPartOf\":{\"@id\":\"https:\\\/\\\/www.neural-artistry.com\\\/#website\"},\"primaryImageOfPage\":{\"@id\":\"https:\\\/\\\/www.neural-artistry.com\\\/services\\\/#primaryimage\"},\"image\":{\"@id\":\"https:\\\/\\\/www.neural-artistry.com\\\/services\\\/#primaryimage\"},\"thumbnailUrl\":\"https:\\\/\\\/www.neural-artistry.com\\\/wp-content\\\/uploads\\\/2024\\\/11\\\/fredmailhe_Astronaut_by_Anselm_Kiefer_Paolo_Roversi_Olafur_El_5f1785fe-db47-4ae6-9b41-8891de82700a_2.png\",\"datePublished\":\"2024-11-17T21:04:28+00:00\",\"dateModified\":\"2025-01-23T21:57:52+00:00\",\"breadcrumb\":{\"@id\":\"https:\\\/\\\/www.neural-artistry.com\\\/services\\\/#breadcrumb\"},\"inLanguage\":\"fr-FR\",\"potentialAction\":[{\"@type\":\"ReadAction\",\"target\":[\"https:\\\/\\\/www.neural-artistry.com\\\/services\\\/\"]}]},{\"@type\":\"ImageObject\",\"inLanguage\":\"fr-FR\",\"@id\":\"https:\\\/\\\/www.neural-artistry.com\\\/services\\\/#primaryimage\",\"url\":\"https:\\\/\\\/www.neural-artistry.com\\\/wp-content\\\/uploads\\\/2024\\\/11\\\/fredmailhe_Astronaut_by_Anselm_Kiefer_Paolo_Roversi_Olafur_El_5f1785fe-db47-4ae6-9b41-8891de82700a_2.png\",\"contentUrl\":\"https:\\\/\\\/www.neural-artistry.com\\\/wp-content\\\/uploads\\\/2024\\\/11\\\/fredmailhe_Astronaut_by_Anselm_Kiefer_Paolo_Roversi_Olafur_El_5f1785fe-db47-4ae6-9b41-8891de82700a_2.png\"},{\"@type\":\"BreadcrumbList\",\"@id\":\"https:\\\/\\\/www.neural-artistry.com\\\/services\\\/#breadcrumb\",\"itemListElement\":[{\"@type\":\"ListItem\",\"position\":1,\"name\":\"Home\",\"item\":\"https:\\\/\\\/www.neural-artistry.com\\\/\"},{\"@type\":\"ListItem\",\"position\":2,\"name\":\"Services\"}]},{\"@type\":\"WebSite\",\"@id\":\"https:\\\/\\\/www.neural-artistry.com\\\/#website\",\"url\":\"https:\\\/\\\/www.neural-artistry.com\\\/\",\"name\":\"Neural Artistry\",\"description\":\"AI Art Posters \u2013 Certified, Premium, Sold Only Once\",\"publisher\":{\"@id\":\"https:\\\/\\\/www.neural-artistry.com\\\/#organization\"},\"potentialAction\":[{\"@type\":\"SearchAction\",\"target\":{\"@type\":\"EntryPoint\",\"urlTemplate\":\"https:\\\/\\\/www.neural-artistry.com\\\/?s={search_term_string}\"},\"query-input\":{\"@type\":\"PropertyValueSpecification\",\"valueRequired\":true,\"valueName\":\"search_term_string\"}}],\"inLanguage\":\"fr-FR\"},{\"@type\":\"Organization\",\"@id\":\"https:\\\/\\\/www.neural-artistry.com\\\/#organization\",\"name\":\"Neural Artistry\",\"url\":\"https:\\\/\\\/www.neural-artistry.com\\\/\",\"logo\":{\"@type\":\"ImageObject\",\"inLanguage\":\"fr-FR\",\"@id\":\"https:\\\/\\\/www.neural-artistry.com\\\/#\\\/schema\\\/logo\\\/image\\\/\",\"url\":\"https:\\\/\\\/www.neural-artistry.com\\\/wp-content\\\/uploads\\\/2025\\\/08\\\/Web-Black-logo-no-background-scaled.webp\",\"contentUrl\":\"https:\\\/\\\/www.neural-artistry.com\\\/wp-content\\\/uploads\\\/2025\\\/08\\\/Web-Black-logo-no-background-scaled.webp\",\"width\":2560,\"height\":976,\"caption\":\"Neural Artistry\"},\"image\":{\"@id\":\"https:\\\/\\\/www.neural-artistry.com\\\/#\\\/schema\\\/logo\\\/image\\\/\"}}]}<\/script>\n<!-- \/ Yoast SEO plugin. -->","yoast_head_json":{"title":"Services - Neural Artistry","robots":{"index":"index","follow":"follow","max-snippet":"max-snippet:-1","max-image-preview":"max-image-preview:large","max-video-preview":"max-video-preview:-1"},"canonical":"https:\/\/www.neural-artistry.com\/fr\/services\/","og_locale":"fr_FR","og_type":"article","og_title":"Services - Neural Artistry","og_description":"Tailored Services for Exclusive Posters Whether you&#8217;re looking for ready-to-hang prints, premium posters, or fully custom designs, my services are crafted to bring your vision to life and elevate your spaces with elegance. Printed Posters Bring exclusive posters into your space, crafted to the highest standards. Each image is printed on premium Hahnem\u00fchle paper, available [&hellip;]","og_url":"https:\/\/www.neural-artistry.com\/fr\/services\/","og_site_name":"Neural Artistry","article_modified_time":"2025-01-23T21:57:52+00:00","og_image":[{"url":"https:\/\/www.neural-artistry.com\/wp-content\/uploads\/2024\/11\/fredmailhe_Astronaut_by_Anselm_Kiefer_Paolo_Roversi_Olafur_El_5f1785fe-db47-4ae6-9b41-8891de82700a_2.png","type":"","width":"","height":""}],"twitter_card":"summary_large_image","twitter_misc":{"Dur\u00e9e de lecture estim\u00e9e":"2 minutes"},"schema":{"@context":"https:\/\/schema.org","@graph":[{"@type":"WebPage","@id":"https:\/\/www.neural-artistry.com\/services\/","url":"https:\/\/www.neural-artistry.com\/services\/","name":"Services - Neural Artistry","isPartOf":{"@id":"https:\/\/www.neural-artistry.com\/#website"},"primaryImageOfPage":{"@id":"https:\/\/www.neural-artistry.com\/services\/#primaryimage"},"image":{"@id":"https:\/\/www.neural-artistry.com\/services\/#primaryimage"},"thumbnailUrl":"https:\/\/www.neural-artistry.com\/wp-content\/uploads\/2024\/11\/fredmailhe_Astronaut_by_Anselm_Kiefer_Paolo_Roversi_Olafur_El_5f1785fe-db47-4ae6-9b41-8891de82700a_2.png","datePublished":"2024-11-17T21:04:28+00:00","dateModified":"2025-01-23T21:57:52+00:00","breadcrumb":{"@id":"https:\/\/www.neural-artistry.com\/services\/#breadcrumb"},"inLanguage":"fr-FR","potentialAction":[{"@type":"ReadAction","target":["https:\/\/www.neural-artistry.com\/services\/"]}]},{"@type":"ImageObject","inLanguage":"fr-FR","@id":"https:\/\/www.neural-artistry.com\/services\/#primaryimage","url":"https:\/\/www.neural-artistry.com\/wp-content\/uploads\/2024\/11\/fredmailhe_Astronaut_by_Anselm_Kiefer_Paolo_Roversi_Olafur_El_5f1785fe-db47-4ae6-9b41-8891de82700a_2.png","contentUrl":"https:\/\/www.neural-artistry.com\/wp-content\/uploads\/2024\/11\/fredmailhe_Astronaut_by_Anselm_Kiefer_Paolo_Roversi_Olafur_El_5f1785fe-db47-4ae6-9b41-8891de82700a_2.png"},{"@type":"BreadcrumbList","@id":"https:\/\/www.neural-artistry.com\/services\/#breadcrumb","itemListElement":[{"@type":"ListItem","position":1,"name":"Home","item":"https:\/\/www.neural-artistry.com\/"},{"@type":"ListItem","position":2,"name":"Services"}]},{"@type":"WebSite","@id":"https:\/\/www.neural-artistry.com\/#website","url":"https:\/\/www.neural-artistry.com\/","name":"Neural Artistry","description":"Affiches d&#039;art IA \u2013 Certifi\u00e9es, premium, vendues une seule fois","publisher":{"@id":"https:\/\/www.neural-artistry.com\/#organization"},"potentialAction":[{"@type":"SearchAction","target":{"@type":"EntryPoint","urlTemplate":"https:\/\/www.neural-artistry.com\/?s={search_term_string}"},"query-input":{"@type":"PropertyValueSpecification","valueRequired":true,"valueName":"search_term_string"}}],"inLanguage":"fr-FR"},{"@type":"Organization","@id":"https:\/\/www.neural-artistry.com\/#organization","name":"Neural Artistry","url":"https:\/\/www.neural-artistry.com\/","logo":{"@type":"ImageObject","inLanguage":"fr-FR","@id":"https:\/\/www.neural-artistry.com\/#\/schema\/logo\/image\/","url":"https:\/\/www.neural-artistry.com\/wp-content\/uploads\/2025\/08\/Web-Black-logo-no-background-scaled.webp","contentUrl":"https:\/\/www.neural-artistry.com\/wp-content\/uploads\/2025\/08\/Web-Black-logo-no-background-scaled.webp","width":2560,"height":976,"caption":"Neural Artistry"},"image":{"@id":"https:\/\/www.neural-artistry.com\/#\/schema\/logo\/image\/"}}]}},"uagb_featured_image_src":{"full":false,"thumbnail":false,"medium":false,"medium_large":false,"large":false,"1536x1536":false,"2048x2048":false,"trp-custom-language-flag":false,"woocommerce_thumbnail":false,"woocommerce_single":false,"woocommerce_gallery_thumbnail":false},"uagb_author_info":{"display_name":"flake","author_link":"https:\/\/www.neural-artistry.com\/fr\/author\/flake\/"},"uagb_comment_info":0,"uagb_excerpt":"Tailored Services for Exclusive Posters Whether you&#8217;re looking for ready-to-hang prints, premium posters, or fully custom designs, my services are crafted to bring your vision to life and elevate your spaces with elegance. Printed Posters Bring exclusive posters into your space, crafted to the highest standards. Each image is printed on premium Hahnem\u00fchle paper, available\u2026","_links":{"self":[{"href":"https:\/\/www.neural-artistry.com\/fr\/wp-json\/wp\/v2\/pages\/356","targetHints":{"allow":["GET"]}}],"collection":[{"href":"https:\/\/www.neural-artistry.com\/fr\/wp-json\/wp\/v2\/pages"}],"about":[{"href":"https:\/\/www.neural-artistry.com\/fr\/wp-json\/wp\/v2\/types\/page"}],"author":[{"embeddable":true,"href":"https:\/\/www.neural-artistry.com\/fr\/wp-json\/wp\/v2\/users\/1"}],"replies":[{"embeddable":true,"href":"https:\/\/www.neural-artistry.com\/fr\/wp-json\/wp\/v2\/comments?post=356"}],"version-history":[{"count":0,"href":"https:\/\/www.neural-artistry.com\/fr\/wp-json\/wp\/v2\/pages\/356\/revisions"}],"wp:attachment":[{"href":"https:\/\/www.neural-artistry.com\/fr\/wp-json\/wp\/v2\/media?parent=356"}],"curies":[{"name":"wp","href":"https:\/\/api.w.org\/{rel}","templated":true}]}}