{"id":11283,"date":"2025-02-13T13:13:25","date_gmt":"2025-02-13T13:13:25","guid":{"rendered":"https:\/\/www.neural-artistry.com\/shop\/uncategorized\/electric-profile-art-print\/"},"modified":"2025-08-21T16:13:46","modified_gmt":"2025-08-21T16:13:46","slug":"electric-profile-art-print","status":"publish","type":"product","link":"https:\/\/www.neural-artistry.com\/fr\/shop\/home-garden\/decor\/artwork\/posters-prints-visual-artwork\/electric-profile-art-print\/","title":{"rendered":"Impression d&#039;art de profil \u00e9lectrique"},"content":{"rendered":"<h3 style=\"color: #FAF5E5;\">Affiche Pop Art audacieuse et chic \u2013 Une pi\u00e8ce ma\u00eetresse pour les espaces modernes<\/h3>\n<p style=\"color: #FAF5E5;\">\u00c9levez votre espace avec ceci <strong>affiche pop art vibrante et \u00e0 contraste \u00e9lev\u00e9<\/strong>, avec un fond rose fluo saisissant qui respire la confiance et la sophistication moderne. Con\u00e7ue avec une esth\u00e9tique minimaliste mais futuriste, cette pi\u00e8ce est parfaite pour ceux qui appr\u00e9cient la mode audacieuse, le design \u00e9l\u00e9gant et l&#039;art contemporain.<\/p>\n<h3 style=\"color: #FAF5E5;\">Tailles disponibles<\/h3>\n<ul style=\"color: #FAF5E5;\">\n<li>19,80 cm x 29,70 cm<\/li>\n<li>28,00 cm x 42,00 cm<\/li>\n<li>32,20 cm x 48,30 cm<\/li>\n<li>39,60 cm x 59,40 cm<\/li>\n<li>43,00 cm x 64,50 cm<\/li>\n<\/ul>\n<h3 style=\"color: #FAF5E5;\">Artisanat haut de gamme et impression de qualit\u00e9 mus\u00e9ale<\/h3>\n<p style=\"color: #FAF5E5;\">Chaque affiche est imprim\u00e9e sur <strong>Papier FineArt Hahnem\u00fchle<\/strong>, assurant une texture luxueuse et une vivacit\u00e9 de couleur sup\u00e9rieure. <strong>Encres UltraChrome Pro<\/strong>, cette \u0153uvre d&#039;art offre une qualit\u00e9 de qualit\u00e9 mus\u00e9ale avec une durabilit\u00e9 et une r\u00e9sistance \u00e0 la d\u00e9coloration exceptionnelles.<\/p>\n<h3 style=\"color: #FAF5E5;\">Options de finition<\/h3>\n<ul style=\"color: #FAF5E5;\">\n<li>Mat \u2013 Une finition douce et non r\u00e9fl\u00e9chissante pour un look classique.<\/li>\n<li>Brillant \u2013 Une finition vibrante et brillante pour un impact audacieux.<\/li>\n<\/ul>\n<h3 style=\"color: #FAF5E5;\">Authenticit\u00e9 certifi\u00e9e et propri\u00e9t\u00e9 exclusive<\/h3>\n<p style=\"color: #FAF5E5;\">C&#039;est un <strong>tirage unique, sign\u00e9 et authentifi\u00e9<\/strong>, ce qui en fait un ajout pr\u00e9cieux \u00e0 toute collection d&#039;art. Chaque pi\u00e8ce est accompagn\u00e9e d&#039;un certificat d&#039;authenticit\u00e9, garantissant son exclusivit\u00e9.<\/p>\n<h3 style=\"color: #FAF5E5;\">Parfait pour tout espace moderne<\/h3>\n<ul style=\"color: #FAF5E5;\">\n<li><strong>Salon<\/strong> \u2013 Ajoutez une touche d\u2019\u00e9l\u00e9gance moderne \u00e0 votre d\u00e9cor.<\/li>\n<li><strong>Bureau<\/strong> \u2013 Une pi\u00e8ce de style \u00e9l\u00e9gante pour un espace de travail cr\u00e9atif.<\/li>\n<li><strong>Configuration de jeu<\/strong> \u2013 Am\u00e9liorez votre espace avec une esth\u00e9tique futuriste au n\u00e9on.<\/li>\n<\/ul>\n<h3 style=\"color: #FAF5E5;\">Pourquoi choisir cette affiche ?<\/h3>\n<ul style=\"color: #FAF5E5;\">\n<li><strong>\u00c9dition exclusive et limit\u00e9e<\/strong> \u2013 Pas de production en s\u00e9rie, ce qui garantit l\u2019unicit\u00e9.<\/li>\n<li><strong>Impression d&#039;art haut de gamme<\/strong> \u2013 Mat\u00e9riaux de qualit\u00e9 mus\u00e9ale pour une qualit\u00e9 exceptionnelle.<\/li>\n<li><strong>R\u00e9sistant \u00e0 la d\u00e9coloration et qualit\u00e9 archivistique<\/strong> \u2013 Con\u00e7u pour durer des g\u00e9n\u00e9rations.<\/li>\n<li><strong>Id\u00e9e cadeau parfaite<\/strong> \u2013 Id\u00e9al pour les amateurs d\u2019art, les passionn\u00e9s de mode et les collectionneurs.<\/li>\n<\/ul>\n<h3 style=\"color: #FAF5E5;\">Commandez le v\u00f4tre aujourd&#039;hui<\/h3>\n<p style=\"color: #FAF5E5;\">Transformez votre espace avec ceci <strong>affiche pop art \u00e9l\u00e9gante et de haute qualit\u00e9.<\/strong> Que vous cherchiez \u00e0 am\u00e9liorer votre maison, votre bureau ou votre configuration de jeu, cette pi\u00e8ce est indispensable. <strong>Commandez maintenant<\/strong> et poss\u00e9dez une \u0153uvre d\u2019art unique qui fait une d\u00e9claration.<\/p>","protected":false},"excerpt":{"rendered":"<p>Fusion saisissante de minimalisme et d&#039;\u00e9nergie n\u00e9on, ce portrait audacieux respire le chic moderne. Imprim\u00e9e sur du papier luxueux Hahnem\u00fchle FineArt avec des encres UltraChrome Pro, chaque pi\u00e8ce est sign\u00e9e et authentifi\u00e9e pour une d\u00e9claration unique en son genre.<\/p>","protected":false},"featured_media":10137,"comment_status":"open","ping_status":"closed","template":"","meta":{"_uag_custom_page_level_css":""},"product_brand":[874],"product_cat":[744,725,1268],"product_tag":[891,965,915,901,931,897,964,959,904,887],"class_list":{"0":"post-11283","1":"product","2":"type-product","3":"status-publish","4":"has-post-thumbnail","6":"product_brand-neural-artistry","7":"product_cat-pop-culture","8":"product_cat-portraits","9":"product_cat-posters-prints-visual-artwork","10":"product_tag-bold","11":"product_tag-chic","12":"product_tag-contrast","13":"product_tag-fashion","14":"product_tag-minimalist","15":"product_tag-modern","16":"product_tag-neon-pink","17":"product_tag-profile","18":"product_tag-stylish","19":"product_tag-vibrant","20":"product_shipping_class-chronopost","21":"pa_finish-type-glossy-finish","22":"pa_finish-type-matte-finish","23":"pa_margins-with","24":"pa_margins-without","25":"pa_medium-technique-3d-modeling","26":"pa_medium-technique-digital-painting","27":"pa_medium-technique-rendering","28":"pa_mood-ambiance-bold","29":"pa_mood-ambiance-futuristic","30":"pa_mood-ambiance-vibrant","31":"pa_orientation-portrait","32":"pa_size-19-80cmx29-70cm","33":"pa_size-28-00cmx42-00cm","34":"pa_size-32-20cmx48-30cm","35":"pa_size-39-60cmx59-40cm","36":"pa_size-43-00cmx64-50cm","37":"pa_style-movement-minimalism","38":"pa_style-movement-pop-art","40":"first","41":"instock","42":"sold-individually","43":"taxable","44":"shipping-taxable","45":"purchasable","46":"product-type-variable","47":"has-default-attributes"},"yoast_head":"<!-- This site is optimized with the Yoast SEO plugin v27.5 - https:\/\/yoast.com\/product\/yoast-seo-wordpress\/ -->\n<title>Electric Profile Art Print - Neural Artistry<\/title>\n<meta name=\"robots\" content=\"index, follow, max-snippet:-1, max-image-preview:large, max-video-preview:-1\" \/>\n<link rel=\"canonical\" href=\"https:\/\/www.neural-artistry.com\/fr\/shop\/home-garden\/decor\/artwork\/posters-prints-visual-artwork\/electric-profile-art-print\/\" \/>\n<meta property=\"og:locale\" content=\"fr_FR\" \/>\n<meta property=\"og:type\" content=\"article\" \/>\n<meta property=\"og:title\" content=\"Electric Profile Art Print - Neural Artistry\" \/>\n<meta property=\"og:description\" content=\"A striking fusion of minimalism and neon energy, this bold portrait print radiates modern chic. Printed on luxurious Hahnem\u00fchle FineArt paper with UltraChrome Pro inks, each piece is signed and authenticated for a one-of-a-kind statement.\" \/>\n<meta property=\"og:url\" content=\"https:\/\/www.neural-artistry.com\/fr\/shop\/home-garden\/decor\/artwork\/posters-prints-visual-artwork\/electric-profile-art-print\/\" \/>\n<meta property=\"og:site_name\" content=\"Neural Artistry\" \/>\n<meta property=\"article:modified_time\" content=\"2025-08-21T16:13:46+00:00\" \/>\n<meta property=\"og:image\" content=\"https:\/\/www.neural-artistry.com\/wp-content\/uploads\/2025\/02\/neural-artistry-portfolio-147_mock_giant.jpg\" \/>\n\t<meta property=\"og:image:width\" content=\"2048\" \/>\n\t<meta property=\"og:image:height\" content=\"2048\" \/>\n\t<meta property=\"og:image:type\" content=\"image\/jpeg\" \/>\n<meta name=\"twitter:card\" content=\"summary_large_image\" \/>\n<meta name=\"twitter:label1\" content=\"Dur\u00e9e de lecture estim\u00e9e\" \/>\n\t<meta name=\"twitter:data1\" content=\"1 minute\" \/>\n<script type=\"application\/ld+json\" class=\"yoast-schema-graph\">{\"@context\":\"https:\\\/\\\/schema.org\",\"@graph\":[{\"@type\":\"WebPage\",\"@id\":\"https:\\\/\\\/www.neural-artistry.com\\\/shop\\\/home-garden\\\/decor\\\/artwork\\\/posters-prints-visual-artwork\\\/electric-profile-art-print\\\/\",\"url\":\"https:\\\/\\\/www.neural-artistry.com\\\/shop\\\/home-garden\\\/decor\\\/artwork\\\/posters-prints-visual-artwork\\\/electric-profile-art-print\\\/\",\"name\":\"Electric Profile Art Print - Neural Artistry\",\"isPartOf\":{\"@id\":\"https:\\\/\\\/www.neural-artistry.com\\\/#website\"},\"primaryImageOfPage\":{\"@id\":\"https:\\\/\\\/www.neural-artistry.com\\\/shop\\\/home-garden\\\/decor\\\/artwork\\\/posters-prints-visual-artwork\\\/electric-profile-art-print\\\/#primaryimage\"},\"image\":{\"@id\":\"https:\\\/\\\/www.neural-artistry.com\\\/shop\\\/home-garden\\\/decor\\\/artwork\\\/posters-prints-visual-artwork\\\/electric-profile-art-print\\\/#primaryimage\"},\"thumbnailUrl\":\"https:\\\/\\\/www.neural-artistry.com\\\/wp-content\\\/uploads\\\/2025\\\/02\\\/neural-artistry-portfolio-147_mock_giant.jpg\",\"datePublished\":\"2025-02-13T13:13:25+00:00\",\"dateModified\":\"2025-08-21T16:13:46+00:00\",\"breadcrumb\":{\"@id\":\"https:\\\/\\\/www.neural-artistry.com\\\/shop\\\/home-garden\\\/decor\\\/artwork\\\/posters-prints-visual-artwork\\\/electric-profile-art-print\\\/#breadcrumb\"},\"inLanguage\":\"fr-FR\",\"potentialAction\":[{\"@type\":\"ReadAction\",\"target\":[\"https:\\\/\\\/www.neural-artistry.com\\\/shop\\\/home-garden\\\/decor\\\/artwork\\\/posters-prints-visual-artwork\\\/electric-profile-art-print\\\/\"]}]},{\"@type\":\"ImageObject\",\"inLanguage\":\"fr-FR\",\"@id\":\"https:\\\/\\\/www.neural-artistry.com\\\/shop\\\/home-garden\\\/decor\\\/artwork\\\/posters-prints-visual-artwork\\\/electric-profile-art-print\\\/#primaryimage\",\"url\":\"https:\\\/\\\/www.neural-artistry.com\\\/wp-content\\\/uploads\\\/2025\\\/02\\\/neural-artistry-portfolio-147_mock_giant.jpg\",\"contentUrl\":\"https:\\\/\\\/www.neural-artistry.com\\\/wp-content\\\/uploads\\\/2025\\\/02\\\/neural-artistry-portfolio-147_mock_giant.jpg\",\"width\":2048,\"height\":2048},{\"@type\":\"BreadcrumbList\",\"@id\":\"https:\\\/\\\/www.neural-artistry.com\\\/shop\\\/home-garden\\\/decor\\\/artwork\\\/posters-prints-visual-artwork\\\/electric-profile-art-print\\\/#breadcrumb\",\"itemListElement\":[{\"@type\":\"ListItem\",\"position\":1,\"name\":\"Home\",\"item\":\"https:\\\/\\\/www.neural-artistry.com\\\/\"},{\"@type\":\"ListItem\",\"position\":2,\"name\":\"Wall Art Prints \u2013 Custom Canvas &amp; Unique Posters\",\"item\":\"https:\\\/\\\/www.neural-artistry.com\\\/\"},{\"@type\":\"ListItem\",\"position\":3,\"name\":\"Electric Profile Art Print\"}]},{\"@type\":\"WebSite\",\"@id\":\"https:\\\/\\\/www.neural-artistry.com\\\/#website\",\"url\":\"https:\\\/\\\/www.neural-artistry.com\\\/\",\"name\":\"Neural Artistry\",\"description\":\"AI Art Posters \u2013 Certified, Premium, Sold Only Once\",\"publisher\":{\"@id\":\"https:\\\/\\\/www.neural-artistry.com\\\/#organization\"},\"potentialAction\":[{\"@type\":\"SearchAction\",\"target\":{\"@type\":\"EntryPoint\",\"urlTemplate\":\"https:\\\/\\\/www.neural-artistry.com\\\/?s={search_term_string}\"},\"query-input\":{\"@type\":\"PropertyValueSpecification\",\"valueRequired\":true,\"valueName\":\"search_term_string\"}}],\"inLanguage\":\"fr-FR\"},{\"@type\":\"Organization\",\"@id\":\"https:\\\/\\\/www.neural-artistry.com\\\/#organization\",\"name\":\"Neural Artistry\",\"url\":\"https:\\\/\\\/www.neural-artistry.com\\\/\",\"logo\":{\"@type\":\"ImageObject\",\"inLanguage\":\"fr-FR\",\"@id\":\"https:\\\/\\\/www.neural-artistry.com\\\/#\\\/schema\\\/logo\\\/image\\\/\",\"url\":\"https:\\\/\\\/www.neural-artistry.com\\\/wp-content\\\/uploads\\\/2025\\\/08\\\/Web-Black-logo-no-background-scaled.webp\",\"contentUrl\":\"https:\\\/\\\/www.neural-artistry.com\\\/wp-content\\\/uploads\\\/2025\\\/08\\\/Web-Black-logo-no-background-scaled.webp\",\"width\":2560,\"height\":976,\"caption\":\"Neural Artistry\"},\"image\":{\"@id\":\"https:\\\/\\\/www.neural-artistry.com\\\/#\\\/schema\\\/logo\\\/image\\\/\"}}]}<\/script>\n<!-- \/ Yoast SEO plugin. -->","yoast_head_json":{"title":"Electric Profile Art Print - Neural Artistry","robots":{"index":"index","follow":"follow","max-snippet":"max-snippet:-1","max-image-preview":"max-image-preview:large","max-video-preview":"max-video-preview:-1"},"canonical":"https:\/\/www.neural-artistry.com\/fr\/shop\/home-garden\/decor\/artwork\/posters-prints-visual-artwork\/electric-profile-art-print\/","og_locale":"fr_FR","og_type":"article","og_title":"Electric Profile Art Print - Neural Artistry","og_description":"A striking fusion of minimalism and neon energy, this bold portrait print radiates modern chic. Printed on luxurious Hahnem\u00fchle FineArt paper with UltraChrome Pro inks, each piece is signed and authenticated for a one-of-a-kind statement.","og_url":"https:\/\/www.neural-artistry.com\/fr\/shop\/home-garden\/decor\/artwork\/posters-prints-visual-artwork\/electric-profile-art-print\/","og_site_name":"Neural Artistry","article_modified_time":"2025-08-21T16:13:46+00:00","og_image":[{"width":2048,"height":2048,"url":"https:\/\/www.neural-artistry.com\/wp-content\/uploads\/2025\/02\/neural-artistry-portfolio-147_mock_giant.jpg","type":"image\/jpeg"}],"twitter_card":"summary_large_image","twitter_misc":{"Dur\u00e9e de lecture estim\u00e9e":"1 minute"},"schema":{"@context":"https:\/\/schema.org","@graph":[{"@type":"WebPage","@id":"https:\/\/www.neural-artistry.com\/shop\/home-garden\/decor\/artwork\/posters-prints-visual-artwork\/electric-profile-art-print\/","url":"https:\/\/www.neural-artistry.com\/shop\/home-garden\/decor\/artwork\/posters-prints-visual-artwork\/electric-profile-art-print\/","name":"Electric Profile Art Print - Neural Artistry","isPartOf":{"@id":"https:\/\/www.neural-artistry.com\/#website"},"primaryImageOfPage":{"@id":"https:\/\/www.neural-artistry.com\/shop\/home-garden\/decor\/artwork\/posters-prints-visual-artwork\/electric-profile-art-print\/#primaryimage"},"image":{"@id":"https:\/\/www.neural-artistry.com\/shop\/home-garden\/decor\/artwork\/posters-prints-visual-artwork\/electric-profile-art-print\/#primaryimage"},"thumbnailUrl":"https:\/\/www.neural-artistry.com\/wp-content\/uploads\/2025\/02\/neural-artistry-portfolio-147_mock_giant.jpg","datePublished":"2025-02-13T13:13:25+00:00","dateModified":"2025-08-21T16:13:46+00:00","breadcrumb":{"@id":"https:\/\/www.neural-artistry.com\/shop\/home-garden\/decor\/artwork\/posters-prints-visual-artwork\/electric-profile-art-print\/#breadcrumb"},"inLanguage":"fr-FR","potentialAction":[{"@type":"ReadAction","target":["https:\/\/www.neural-artistry.com\/shop\/home-garden\/decor\/artwork\/posters-prints-visual-artwork\/electric-profile-art-print\/"]}]},{"@type":"ImageObject","inLanguage":"fr-FR","@id":"https:\/\/www.neural-artistry.com\/shop\/home-garden\/decor\/artwork\/posters-prints-visual-artwork\/electric-profile-art-print\/#primaryimage","url":"https:\/\/www.neural-artistry.com\/wp-content\/uploads\/2025\/02\/neural-artistry-portfolio-147_mock_giant.jpg","contentUrl":"https:\/\/www.neural-artistry.com\/wp-content\/uploads\/2025\/02\/neural-artistry-portfolio-147_mock_giant.jpg","width":2048,"height":2048},{"@type":"BreadcrumbList","@id":"https:\/\/www.neural-artistry.com\/shop\/home-garden\/decor\/artwork\/posters-prints-visual-artwork\/electric-profile-art-print\/#breadcrumb","itemListElement":[{"@type":"ListItem","position":1,"name":"Home","item":"https:\/\/www.neural-artistry.com\/"},{"@type":"ListItem","position":2,"name":"Wall Art Prints \u2013 Custom Canvas &amp; Unique Posters","item":"https:\/\/www.neural-artistry.com\/"},{"@type":"ListItem","position":3,"name":"Electric Profile Art Print"}]},{"@type":"WebSite","@id":"https:\/\/www.neural-artistry.com\/#website","url":"https:\/\/www.neural-artistry.com\/","name":"Neural Artistry","description":"Affiches d&#039;art IA \u2013 Certifi\u00e9es, premium, vendues une seule fois","publisher":{"@id":"https:\/\/www.neural-artistry.com\/#organization"},"potentialAction":[{"@type":"SearchAction","target":{"@type":"EntryPoint","urlTemplate":"https:\/\/www.neural-artistry.com\/?s={search_term_string}"},"query-input":{"@type":"PropertyValueSpecification","valueRequired":true,"valueName":"search_term_string"}}],"inLanguage":"fr-FR"},{"@type":"Organization","@id":"https:\/\/www.neural-artistry.com\/#organization","name":"Neural Artistry","url":"https:\/\/www.neural-artistry.com\/","logo":{"@type":"ImageObject","inLanguage":"fr-FR","@id":"https:\/\/www.neural-artistry.com\/#\/schema\/logo\/image\/","url":"https:\/\/www.neural-artistry.com\/wp-content\/uploads\/2025\/08\/Web-Black-logo-no-background-scaled.webp","contentUrl":"https:\/\/www.neural-artistry.com\/wp-content\/uploads\/2025\/08\/Web-Black-logo-no-background-scaled.webp","width":2560,"height":976,"caption":"Neural Artistry"},"image":{"@id":"https:\/\/www.neural-artistry.com\/#\/schema\/logo\/image\/"}}]}},"uagb_featured_image_src":{"full":["https:\/\/www.neural-artistry.com\/wp-content\/uploads\/2025\/02\/neural-artistry-portfolio-147_mock_giant.jpg",2048,2048,false],"thumbnail":["https:\/\/www.neural-artistry.com\/wp-content\/uploads\/2025\/02\/neural-artistry-portfolio-147_mock_giant-150x150.jpg",150,150,true],"medium":["https:\/\/www.neural-artistry.com\/wp-content\/uploads\/2025\/02\/neural-artistry-portfolio-147_mock_giant-300x300.jpg",300,300,true],"medium_large":["https:\/\/www.neural-artistry.com\/wp-content\/uploads\/2025\/02\/neural-artistry-portfolio-147_mock_giant-768x768.jpg",768,768,true],"large":["https:\/\/www.neural-artistry.com\/wp-content\/uploads\/2025\/02\/neural-artistry-portfolio-147_mock_giant-1024x1024.jpg",1024,1024,true],"1536x1536":["https:\/\/www.neural-artistry.com\/wp-content\/uploads\/2025\/02\/neural-artistry-portfolio-147_mock_giant-1536x1536.jpg",1536,1536,true],"2048x2048":["https:\/\/www.neural-artistry.com\/wp-content\/uploads\/2025\/02\/neural-artistry-portfolio-147_mock_giant.jpg",2048,2048,false],"trp-custom-language-flag":["https:\/\/www.neural-artistry.com\/wp-content\/uploads\/2025\/02\/neural-artistry-portfolio-147_mock_giant-12x12.jpg",12,12,true],"woocommerce_thumbnail":["https:\/\/www.neural-artistry.com\/wp-content\/uploads\/2025\/02\/neural-artistry-portfolio-147_mock_giant-450x450.jpg",450,450,true],"woocommerce_single":["https:\/\/www.neural-artistry.com\/wp-content\/uploads\/2025\/02\/neural-artistry-portfolio-147_mock_giant-600x600.jpg",600,600,true],"woocommerce_gallery_thumbnail":["https:\/\/www.neural-artistry.com\/wp-content\/uploads\/2025\/02\/neural-artistry-portfolio-147_mock_giant-100x100.jpg",100,100,true]},"uagb_author_info":{"display_name":"flake","author_link":"https:\/\/www.neural-artistry.com\/fr\/author\/"},"uagb_comment_info":0,"uagb_excerpt":"A striking fusion of minimalism and neon energy, this bold portrait print radiates modern chic. Printed on luxurious Hahnem\u00fchle FineArt paper with UltraChrome Pro inks, each piece is signed and authenticated for a one-of-a-kind statement.","_links":{"self":[{"href":"https:\/\/www.neural-artistry.com\/fr\/wp-json\/wp\/v2\/product\/11283","targetHints":{"allow":["GET"]}}],"collection":[{"href":"https:\/\/www.neural-artistry.com\/fr\/wp-json\/wp\/v2\/product"}],"about":[{"href":"https:\/\/www.neural-artistry.com\/fr\/wp-json\/wp\/v2\/types\/product"}],"replies":[{"embeddable":true,"href":"https:\/\/www.neural-artistry.com\/fr\/wp-json\/wp\/v2\/comments?post=11283"}],"wp:featuredmedia":[{"embeddable":true,"href":"https:\/\/www.neural-artistry.com\/fr\/wp-json\/wp\/v2\/media\/10137"}],"wp:attachment":[{"href":"https:\/\/www.neural-artistry.com\/fr\/wp-json\/wp\/v2\/media?parent=11283"}],"wp:term":[{"taxonomy":"product_brand","embeddable":true,"href":"https:\/\/www.neural-artistry.com\/fr\/wp-json\/wp\/v2\/product_brand?post=11283"},{"taxonomy":"product_cat","embeddable":true,"href":"https:\/\/www.neural-artistry.com\/fr\/wp-json\/wp\/v2\/product_cat?post=11283"},{"taxonomy":"product_tag","embeddable":true,"href":"https:\/\/www.neural-artistry.com\/fr\/wp-json\/wp\/v2\/product_tag?post=11283"}],"curies":[{"name":"wp","href":"https:\/\/api.w.org\/{rel}","templated":true}]}}