{"id":11290,"date":"2025-02-13T13:13:31","date_gmt":"2025-02-13T13:13:31","guid":{"rendered":"https:\/\/www.neural-artistry.com\/shop\/uncategorized\/chromatic-skulls-pop-art-print\/"},"modified":"2025-08-21T16:13:51","modified_gmt":"2025-08-21T16:13:51","slug":"chromatic-skulls-pop-art-print","status":"publish","type":"product","link":"https:\/\/www.neural-artistry.com\/fr\/shop\/home-garden\/decor\/artwork\/posters-prints-visual-artwork\/chromatic-skulls-pop-art-print\/","title":{"rendered":"Impression Pop Art Cr\u00e2nes Chromatiques"},"content":{"rendered":"<h3 style=\"color: #FAF5E5;\">Affiche de cr\u00e2ne pop art vibrante \u2013 Un chef-d&#039;\u0153uvre audacieux et symbolique<\/h3>\n<p style=\"color: #FAF5E5;\">Apportez une \u00e9nergie \u00e9lectrisante \u00e0 votre espace avec ceci <strong>affiche pop art cr\u00e2ne audacieuse et vibrante<\/strong>Dot\u00e9 d&#039;une grille fascinante de cr\u00e2nes color\u00e9s, ce <strong>oeuvre d&#039;art contemporaine<\/strong> m\u00e9lange le symbolisme et la r\u00e9p\u00e9tition pour cr\u00e9er une d\u00e9claration visuelle frappante. Parfait pour les amateurs d&#039;art qui appr\u00e9cient <strong>profondeur conceptuelle, texture et expressionnisme moderne<\/strong>, cette pi\u00e8ce est un incontournable pour les collectionneurs et les amateurs de d\u00e9coration int\u00e9rieure.<\/p>\n<h3 style=\"color: #FAF5E5;\">Tailles disponibles<\/h3>\n<ul style=\"color: #FAF5E5;\">\n<li>21,00 cm x 27,88 cm<\/li>\n<li>29,70 cm x 39,43 cm<\/li>\n<li>32,90 cm x 43,68 cm<\/li>\n<li>42,00 cm x 55,76 cm<\/li>\n<li>43,00 cm x 57,09 cm<\/li>\n<\/ul>\n<h3 style=\"color: #FAF5E5;\">Artisanat haut de gamme et impression de haute qualit\u00e9<\/h3>\n<p style=\"color: #FAF5E5;\">Chaque affiche est imprim\u00e9e sur <strong>papier Hahnem\u00fchle FineArt de qualit\u00e9 mus\u00e9e<\/strong> en utilisant <strong>Encres UltraChrome Pro<\/strong> pour des d\u00e9tails, une profondeur et une vivacit\u00e9 de couleurs exceptionnels. Cela garantit une <strong>Impression r\u00e9sistante \u00e0 la d\u00e9coloration et de qualit\u00e9 archivistique<\/strong> qui conserve son \u00e9clat pendant des ann\u00e9es.<\/p>\n<h3 style=\"color: #FAF5E5;\">Certificat d&#039;authenticit\u00e9<\/h3>\n<p style=\"color: #FAF5E5;\">Cette \u0153uvre d&#039;art exclusive vient <strong>sign\u00e9 et authentifi\u00e9<\/strong>, ce qui en fait un <strong>pi\u00e8ce de collection unique en son genre<\/strong>. Rehaussez votre collection d\u2019art avec une affiche qui poss\u00e8de \u00e0 la fois une valeur esth\u00e9tique et de collection.<\/p>\n<h3 style=\"color: #FAF5E5;\">Parfait pour n&#039;importe quel espace<\/h3>\n<p style=\"color: #FAF5E5;\">Que vous souhaitiez ajouter un <strong>pi\u00e8ce de d\u00e9claration audacieuse<\/strong> \u00e0 votre <strong>salon, bureau, configuration de jeu ou chambre \u00e0 coucher<\/strong>, cette \u0153uvre d&#039;art contemporaine repr\u00e9sentant un cr\u00e2ne est un ajout polyvalent \u00e0 tout int\u00e9rieur moderne. <strong>couleurs vives et superposition de textures<\/strong> cr\u00e9ez un point focal dynamique qui met en valeur n\u2019importe quel style de d\u00e9coration.<\/p>\n<h3 style=\"color: #FAF5E5;\">Choisissez votre finition<\/h3>\n<ul style=\"color: #FAF5E5;\">\n<li><strong>Finition mate<\/strong> \u2013 Une surface douce et non \u00e9blouissante pour un look raffin\u00e9 et artistique.<\/li>\n<li><strong>Finition brillante<\/strong> \u2013 Une finition vibrante et brillante qui am\u00e9liore la profondeur des couleurs.<\/li>\n<\/ul>\n<h3 style=\"color: #FAF5E5;\">Commandez votre affiche exclusive aujourd&#039;hui<\/h3>\n<p style=\"color: #FAF5E5;\">Ne manquez pas l&#039;opportunit\u00e9 de poss\u00e9der ceci <strong>affiche pop art cr\u00e2ne en \u00e9dition limit\u00e9e<\/strong>. Parfait pour les amateurs d&#039;art, les collectionneurs et ceux qui recherchent <strong>d\u00e9coration murale unique<\/strong>. <strong>Acheter maintenant<\/strong> et transformez votre espace avec cette superbe impression de haute qualit\u00e9 !<\/p>","protected":false},"excerpt":{"rendered":"<p>Fusion audacieuse du pop art et du symbolisme, cette impression de cr\u00e2ne vibrante attire l&#039;attention avec sa grille rythmique de couleurs et de textures. Imprim\u00e9e sur du papier Hahnem\u00fchle FineArt de qualit\u00e9 sup\u00e9rieure avec des encres UltraChrome Pro, chaque pi\u00e8ce est sign\u00e9e, authentifi\u00e9e et con\u00e7ue pour un impact durable.<\/p>","protected":false},"featured_media":10179,"comment_status":"open","ping_status":"closed","template":"","meta":{"_uag_custom_page_level_css":""},"product_brand":[874],"product_cat":[740,744,1268,758],"product_tag":[891,883,888,985,33,886,884,986,896,887],"class_list":{"0":"post-11290","1":"product","2":"type-product","3":"status-publish","4":"has-post-thumbnail","6":"product_brand-neural-artistry","7":"product_cat-conceptual-art","8":"product_cat-pop-culture","9":"product_cat-posters-prints-visual-artwork","10":"product_cat-symbolism","11":"product_tag-bold","12":"product_tag-colorful","13":"product_tag-contemporary","14":"product_tag-grid-layout","15":"product_tag-pop-art","16":"product_tag-repetition","17":"product_tag-skulls","18":"product_tag-symbolism","19":"product_tag-texture","20":"product_tag-vibrant","21":"product_shipping_class-chronopost","22":"pa_finish-type-glossy-finish","23":"pa_finish-type-matte-finish","24":"pa_margins-with","25":"pa_margins-without","26":"pa_medium-technique-digital-painting","27":"pa_medium-technique-layering","28":"pa_medium-technique-texturing","29":"pa_mood-ambiance-bold","30":"pa_mood-ambiance-dramatic","31":"pa_mood-ambiance-mysterious","32":"pa_mood-ambiance-surreal","33":"pa_mood-ambiance-vibrant","34":"pa_orientation-portrait","35":"pa_size-21-00cmx27-88cm","36":"pa_size-29-70cmx39-43cm","37":"pa_size-32-90cmx43-68cm","38":"pa_size-42-00cmx55-76cm","39":"pa_size-43-00cmx57-09cm","40":"pa_style-movement-expressionism","41":"pa_style-movement-pop-art","43":"first","44":"instock","45":"sold-individually","46":"taxable","47":"shipping-taxable","48":"purchasable","49":"product-type-variable","50":"has-default-attributes"},"yoast_head":"<!-- This site is optimized with the Yoast SEO plugin v27.5 - https:\/\/yoast.com\/product\/yoast-seo-wordpress\/ -->\n<title>Chromatic Skulls Pop Art Print - Neural Artistry<\/title>\n<meta name=\"robots\" content=\"index, follow, max-snippet:-1, max-image-preview:large, max-video-preview:-1\" \/>\n<link rel=\"canonical\" href=\"https:\/\/www.neural-artistry.com\/fr\/shop\/home-garden\/decor\/artwork\/posters-prints-visual-artwork\/chromatic-skulls-pop-art-print\/\" \/>\n<meta property=\"og:locale\" content=\"fr_FR\" \/>\n<meta property=\"og:type\" content=\"article\" \/>\n<meta property=\"og:title\" content=\"Chromatic Skulls Pop Art Print - Neural Artistry\" \/>\n<meta property=\"og:description\" content=\"A bold fusion of pop art and symbolism, this vibrant skull print commands attention with its rhythmic grid of color and texture. Printed on premium Hahnem\u00fchle FineArt paper with UltraChrome Pro inks, each piece is signed, authenticated, and crafted for lasting impact.\" \/>\n<meta property=\"og:url\" content=\"https:\/\/www.neural-artistry.com\/fr\/shop\/home-garden\/decor\/artwork\/posters-prints-visual-artwork\/chromatic-skulls-pop-art-print\/\" \/>\n<meta property=\"og:site_name\" content=\"Neural Artistry\" \/>\n<meta property=\"article:modified_time\" content=\"2025-08-21T16:13:51+00:00\" \/>\n<meta property=\"og:image\" content=\"https:\/\/www.neural-artistry.com\/wp-content\/uploads\/2025\/02\/neural-artistry-portfolio-154_mock_giant.jpg\" \/>\n\t<meta property=\"og:image:width\" content=\"2048\" \/>\n\t<meta property=\"og:image:height\" content=\"2048\" \/>\n\t<meta property=\"og:image:type\" content=\"image\/jpeg\" \/>\n<meta name=\"twitter:card\" content=\"summary_large_image\" \/>\n<meta name=\"twitter:label1\" content=\"Dur\u00e9e de lecture estim\u00e9e\" \/>\n\t<meta name=\"twitter:data1\" content=\"1 minute\" \/>\n<script type=\"application\/ld+json\" class=\"yoast-schema-graph\">{\"@context\":\"https:\\\/\\\/schema.org\",\"@graph\":[{\"@type\":\"WebPage\",\"@id\":\"https:\\\/\\\/www.neural-artistry.com\\\/shop\\\/home-garden\\\/decor\\\/artwork\\\/posters-prints-visual-artwork\\\/chromatic-skulls-pop-art-print\\\/\",\"url\":\"https:\\\/\\\/www.neural-artistry.com\\\/shop\\\/home-garden\\\/decor\\\/artwork\\\/posters-prints-visual-artwork\\\/chromatic-skulls-pop-art-print\\\/\",\"name\":\"Chromatic Skulls Pop Art Print - Neural Artistry\",\"isPartOf\":{\"@id\":\"https:\\\/\\\/www.neural-artistry.com\\\/#website\"},\"primaryImageOfPage\":{\"@id\":\"https:\\\/\\\/www.neural-artistry.com\\\/shop\\\/home-garden\\\/decor\\\/artwork\\\/posters-prints-visual-artwork\\\/chromatic-skulls-pop-art-print\\\/#primaryimage\"},\"image\":{\"@id\":\"https:\\\/\\\/www.neural-artistry.com\\\/shop\\\/home-garden\\\/decor\\\/artwork\\\/posters-prints-visual-artwork\\\/chromatic-skulls-pop-art-print\\\/#primaryimage\"},\"thumbnailUrl\":\"https:\\\/\\\/www.neural-artistry.com\\\/wp-content\\\/uploads\\\/2025\\\/02\\\/neural-artistry-portfolio-154_mock_giant.jpg\",\"datePublished\":\"2025-02-13T13:13:31+00:00\",\"dateModified\":\"2025-08-21T16:13:51+00:00\",\"breadcrumb\":{\"@id\":\"https:\\\/\\\/www.neural-artistry.com\\\/shop\\\/home-garden\\\/decor\\\/artwork\\\/posters-prints-visual-artwork\\\/chromatic-skulls-pop-art-print\\\/#breadcrumb\"},\"inLanguage\":\"fr-FR\",\"potentialAction\":[{\"@type\":\"ReadAction\",\"target\":[\"https:\\\/\\\/www.neural-artistry.com\\\/shop\\\/home-garden\\\/decor\\\/artwork\\\/posters-prints-visual-artwork\\\/chromatic-skulls-pop-art-print\\\/\"]}]},{\"@type\":\"ImageObject\",\"inLanguage\":\"fr-FR\",\"@id\":\"https:\\\/\\\/www.neural-artistry.com\\\/shop\\\/home-garden\\\/decor\\\/artwork\\\/posters-prints-visual-artwork\\\/chromatic-skulls-pop-art-print\\\/#primaryimage\",\"url\":\"https:\\\/\\\/www.neural-artistry.com\\\/wp-content\\\/uploads\\\/2025\\\/02\\\/neural-artistry-portfolio-154_mock_giant.jpg\",\"contentUrl\":\"https:\\\/\\\/www.neural-artistry.com\\\/wp-content\\\/uploads\\\/2025\\\/02\\\/neural-artistry-portfolio-154_mock_giant.jpg\",\"width\":2048,\"height\":2048},{\"@type\":\"BreadcrumbList\",\"@id\":\"https:\\\/\\\/www.neural-artistry.com\\\/shop\\\/home-garden\\\/decor\\\/artwork\\\/posters-prints-visual-artwork\\\/chromatic-skulls-pop-art-print\\\/#breadcrumb\",\"itemListElement\":[{\"@type\":\"ListItem\",\"position\":1,\"name\":\"Home\",\"item\":\"https:\\\/\\\/www.neural-artistry.com\\\/\"},{\"@type\":\"ListItem\",\"position\":2,\"name\":\"Wall Art Prints \u2013 Custom Canvas &amp; Unique Posters\",\"item\":\"https:\\\/\\\/www.neural-artistry.com\\\/\"},{\"@type\":\"ListItem\",\"position\":3,\"name\":\"Chromatic Skulls Pop Art Print\"}]},{\"@type\":\"WebSite\",\"@id\":\"https:\\\/\\\/www.neural-artistry.com\\\/#website\",\"url\":\"https:\\\/\\\/www.neural-artistry.com\\\/\",\"name\":\"Neural Artistry\",\"description\":\"AI Art Posters \u2013 Certified, Premium, Sold Only Once\",\"publisher\":{\"@id\":\"https:\\\/\\\/www.neural-artistry.com\\\/#organization\"},\"potentialAction\":[{\"@type\":\"SearchAction\",\"target\":{\"@type\":\"EntryPoint\",\"urlTemplate\":\"https:\\\/\\\/www.neural-artistry.com\\\/?s={search_term_string}\"},\"query-input\":{\"@type\":\"PropertyValueSpecification\",\"valueRequired\":true,\"valueName\":\"search_term_string\"}}],\"inLanguage\":\"fr-FR\"},{\"@type\":\"Organization\",\"@id\":\"https:\\\/\\\/www.neural-artistry.com\\\/#organization\",\"name\":\"Neural Artistry\",\"url\":\"https:\\\/\\\/www.neural-artistry.com\\\/\",\"logo\":{\"@type\":\"ImageObject\",\"inLanguage\":\"fr-FR\",\"@id\":\"https:\\\/\\\/www.neural-artistry.com\\\/#\\\/schema\\\/logo\\\/image\\\/\",\"url\":\"https:\\\/\\\/www.neural-artistry.com\\\/wp-content\\\/uploads\\\/2025\\\/08\\\/Web-Black-logo-no-background-scaled.webp\",\"contentUrl\":\"https:\\\/\\\/www.neural-artistry.com\\\/wp-content\\\/uploads\\\/2025\\\/08\\\/Web-Black-logo-no-background-scaled.webp\",\"width\":2560,\"height\":976,\"caption\":\"Neural Artistry\"},\"image\":{\"@id\":\"https:\\\/\\\/www.neural-artistry.com\\\/#\\\/schema\\\/logo\\\/image\\\/\"}}]}<\/script>\n<!-- \/ Yoast SEO plugin. -->","yoast_head_json":{"title":"Chromatic Skulls Pop Art Print - Neural Artistry","robots":{"index":"index","follow":"follow","max-snippet":"max-snippet:-1","max-image-preview":"max-image-preview:large","max-video-preview":"max-video-preview:-1"},"canonical":"https:\/\/www.neural-artistry.com\/fr\/shop\/home-garden\/decor\/artwork\/posters-prints-visual-artwork\/chromatic-skulls-pop-art-print\/","og_locale":"fr_FR","og_type":"article","og_title":"Chromatic Skulls Pop Art Print - Neural Artistry","og_description":"A bold fusion of pop art and symbolism, this vibrant skull print commands attention with its rhythmic grid of color and texture. Printed on premium Hahnem\u00fchle FineArt paper with UltraChrome Pro inks, each piece is signed, authenticated, and crafted for lasting impact.","og_url":"https:\/\/www.neural-artistry.com\/fr\/shop\/home-garden\/decor\/artwork\/posters-prints-visual-artwork\/chromatic-skulls-pop-art-print\/","og_site_name":"Neural Artistry","article_modified_time":"2025-08-21T16:13:51+00:00","og_image":[{"width":2048,"height":2048,"url":"https:\/\/www.neural-artistry.com\/wp-content\/uploads\/2025\/02\/neural-artistry-portfolio-154_mock_giant.jpg","type":"image\/jpeg"}],"twitter_card":"summary_large_image","twitter_misc":{"Dur\u00e9e de lecture estim\u00e9e":"1 minute"},"schema":{"@context":"https:\/\/schema.org","@graph":[{"@type":"WebPage","@id":"https:\/\/www.neural-artistry.com\/shop\/home-garden\/decor\/artwork\/posters-prints-visual-artwork\/chromatic-skulls-pop-art-print\/","url":"https:\/\/www.neural-artistry.com\/shop\/home-garden\/decor\/artwork\/posters-prints-visual-artwork\/chromatic-skulls-pop-art-print\/","name":"Chromatic Skulls Pop Art Print - Neural Artistry","isPartOf":{"@id":"https:\/\/www.neural-artistry.com\/#website"},"primaryImageOfPage":{"@id":"https:\/\/www.neural-artistry.com\/shop\/home-garden\/decor\/artwork\/posters-prints-visual-artwork\/chromatic-skulls-pop-art-print\/#primaryimage"},"image":{"@id":"https:\/\/www.neural-artistry.com\/shop\/home-garden\/decor\/artwork\/posters-prints-visual-artwork\/chromatic-skulls-pop-art-print\/#primaryimage"},"thumbnailUrl":"https:\/\/www.neural-artistry.com\/wp-content\/uploads\/2025\/02\/neural-artistry-portfolio-154_mock_giant.jpg","datePublished":"2025-02-13T13:13:31+00:00","dateModified":"2025-08-21T16:13:51+00:00","breadcrumb":{"@id":"https:\/\/www.neural-artistry.com\/shop\/home-garden\/decor\/artwork\/posters-prints-visual-artwork\/chromatic-skulls-pop-art-print\/#breadcrumb"},"inLanguage":"fr-FR","potentialAction":[{"@type":"ReadAction","target":["https:\/\/www.neural-artistry.com\/shop\/home-garden\/decor\/artwork\/posters-prints-visual-artwork\/chromatic-skulls-pop-art-print\/"]}]},{"@type":"ImageObject","inLanguage":"fr-FR","@id":"https:\/\/www.neural-artistry.com\/shop\/home-garden\/decor\/artwork\/posters-prints-visual-artwork\/chromatic-skulls-pop-art-print\/#primaryimage","url":"https:\/\/www.neural-artistry.com\/wp-content\/uploads\/2025\/02\/neural-artistry-portfolio-154_mock_giant.jpg","contentUrl":"https:\/\/www.neural-artistry.com\/wp-content\/uploads\/2025\/02\/neural-artistry-portfolio-154_mock_giant.jpg","width":2048,"height":2048},{"@type":"BreadcrumbList","@id":"https:\/\/www.neural-artistry.com\/shop\/home-garden\/decor\/artwork\/posters-prints-visual-artwork\/chromatic-skulls-pop-art-print\/#breadcrumb","itemListElement":[{"@type":"ListItem","position":1,"name":"Home","item":"https:\/\/www.neural-artistry.com\/"},{"@type":"ListItem","position":2,"name":"Wall Art Prints \u2013 Custom Canvas &amp; Unique Posters","item":"https:\/\/www.neural-artistry.com\/"},{"@type":"ListItem","position":3,"name":"Chromatic Skulls Pop Art Print"}]},{"@type":"WebSite","@id":"https:\/\/www.neural-artistry.com\/#website","url":"https:\/\/www.neural-artistry.com\/","name":"Neural Artistry","description":"Affiches d&#039;art IA \u2013 Certifi\u00e9es, premium, vendues une seule fois","publisher":{"@id":"https:\/\/www.neural-artistry.com\/#organization"},"potentialAction":[{"@type":"SearchAction","target":{"@type":"EntryPoint","urlTemplate":"https:\/\/www.neural-artistry.com\/?s={search_term_string}"},"query-input":{"@type":"PropertyValueSpecification","valueRequired":true,"valueName":"search_term_string"}}],"inLanguage":"fr-FR"},{"@type":"Organization","@id":"https:\/\/www.neural-artistry.com\/#organization","name":"Neural Artistry","url":"https:\/\/www.neural-artistry.com\/","logo":{"@type":"ImageObject","inLanguage":"fr-FR","@id":"https:\/\/www.neural-artistry.com\/#\/schema\/logo\/image\/","url":"https:\/\/www.neural-artistry.com\/wp-content\/uploads\/2025\/08\/Web-Black-logo-no-background-scaled.webp","contentUrl":"https:\/\/www.neural-artistry.com\/wp-content\/uploads\/2025\/08\/Web-Black-logo-no-background-scaled.webp","width":2560,"height":976,"caption":"Neural Artistry"},"image":{"@id":"https:\/\/www.neural-artistry.com\/#\/schema\/logo\/image\/"}}]}},"uagb_featured_image_src":{"full":["https:\/\/www.neural-artistry.com\/wp-content\/uploads\/2025\/02\/neural-artistry-portfolio-154_mock_giant.jpg",2048,2048,false],"thumbnail":["https:\/\/www.neural-artistry.com\/wp-content\/uploads\/2025\/02\/neural-artistry-portfolio-154_mock_giant-150x150.jpg",150,150,true],"medium":["https:\/\/www.neural-artistry.com\/wp-content\/uploads\/2025\/02\/neural-artistry-portfolio-154_mock_giant-300x300.jpg",300,300,true],"medium_large":["https:\/\/www.neural-artistry.com\/wp-content\/uploads\/2025\/02\/neural-artistry-portfolio-154_mock_giant-768x768.jpg",768,768,true],"large":["https:\/\/www.neural-artistry.com\/wp-content\/uploads\/2025\/02\/neural-artistry-portfolio-154_mock_giant-1024x1024.jpg",1024,1024,true],"1536x1536":["https:\/\/www.neural-artistry.com\/wp-content\/uploads\/2025\/02\/neural-artistry-portfolio-154_mock_giant-1536x1536.jpg",1536,1536,true],"2048x2048":["https:\/\/www.neural-artistry.com\/wp-content\/uploads\/2025\/02\/neural-artistry-portfolio-154_mock_giant.jpg",2048,2048,false],"trp-custom-language-flag":["https:\/\/www.neural-artistry.com\/wp-content\/uploads\/2025\/02\/neural-artistry-portfolio-154_mock_giant-12x12.jpg",12,12,true],"woocommerce_thumbnail":["https:\/\/www.neural-artistry.com\/wp-content\/uploads\/2025\/02\/neural-artistry-portfolio-154_mock_giant-450x450.jpg",450,450,true],"woocommerce_single":["https:\/\/www.neural-artistry.com\/wp-content\/uploads\/2025\/02\/neural-artistry-portfolio-154_mock_giant-600x600.jpg",600,600,true],"woocommerce_gallery_thumbnail":["https:\/\/www.neural-artistry.com\/wp-content\/uploads\/2025\/02\/neural-artistry-portfolio-154_mock_giant-100x100.jpg",100,100,true]},"uagb_author_info":{"display_name":"flake","author_link":"https:\/\/www.neural-artistry.com\/fr\/author\/"},"uagb_comment_info":0,"uagb_excerpt":"A bold fusion of pop art and symbolism, this vibrant skull print commands attention with its rhythmic grid of color and texture. Printed on premium Hahnem\u00fchle FineArt paper with UltraChrome Pro inks, each piece is signed, authenticated, and crafted for lasting impact.","_links":{"self":[{"href":"https:\/\/www.neural-artistry.com\/fr\/wp-json\/wp\/v2\/product\/11290","targetHints":{"allow":["GET"]}}],"collection":[{"href":"https:\/\/www.neural-artistry.com\/fr\/wp-json\/wp\/v2\/product"}],"about":[{"href":"https:\/\/www.neural-artistry.com\/fr\/wp-json\/wp\/v2\/types\/product"}],"replies":[{"embeddable":true,"href":"https:\/\/www.neural-artistry.com\/fr\/wp-json\/wp\/v2\/comments?post=11290"}],"wp:featuredmedia":[{"embeddable":true,"href":"https:\/\/www.neural-artistry.com\/fr\/wp-json\/wp\/v2\/media\/10179"}],"wp:attachment":[{"href":"https:\/\/www.neural-artistry.com\/fr\/wp-json\/wp\/v2\/media?parent=11290"}],"wp:term":[{"taxonomy":"product_brand","embeddable":true,"href":"https:\/\/www.neural-artistry.com\/fr\/wp-json\/wp\/v2\/product_brand?post=11290"},{"taxonomy":"product_cat","embeddable":true,"href":"https:\/\/www.neural-artistry.com\/fr\/wp-json\/wp\/v2\/product_cat?post=11290"},{"taxonomy":"product_tag","embeddable":true,"href":"https:\/\/www.neural-artistry.com\/fr\/wp-json\/wp\/v2\/product_tag?post=11290"}],"curies":[{"name":"wp","href":"https:\/\/api.w.org\/{rel}","templated":true}]}}