{"id":11297,"date":"2025-02-13T13:13:38","date_gmt":"2025-02-13T13:13:38","guid":{"rendered":"https:\/\/www.neural-artistry.com\/shop\/uncategorized\/monochrome-sentinel-print\/"},"modified":"2025-08-21T16:13:56","modified_gmt":"2025-08-21T16:13:56","slug":"monochrome-sentinel-print","status":"publish","type":"product","link":"https:\/\/www.neural-artistry.com\/fr\/shop\/home-garden\/decor\/artwork\/posters-prints-visual-artwork\/monochrome-sentinel-print\/","title":{"rendered":"Impression monochrome Sentinelle"},"content":{"rendered":"<h3 style=\"color: #FAF5E5;\">Portrait surr\u00e9aliste myst\u00e9rieux \u2013 Tirage d&#039;art en \u00e9dition limit\u00e9e<\/h3>\n<p style=\"color: #FAF5E5;\">Entrez dans un monde de <strong>contrastes audacieux et expressions \u00e9nigmatiques<\/strong> avec ce portrait surr\u00e9aliste saisissant. Con\u00e7u dans un style captivant <strong>palette monochrome<\/strong> avec une pr\u00e9cision g\u00e9om\u00e9trique, cette pi\u00e8ce \u00e9voque un sentiment de myst\u00e8re et de sto\u00efcisme. Cr\u00e9\u00e9 gr\u00e2ce \u00e0 des techniques avanc\u00e9es <strong>Mod\u00e9lisation, rendu et texturation 3D<\/strong>, chaque d\u00e9tail est m\u00e9ticuleusement con\u00e7u pour apporter de la profondeur et de l&#039;intrigue \u00e0 votre espace.<\/p>\n<h4 style=\"color: #FAF5E5;\">Tailles disponibles<\/h4>\n<ul style=\"color: #FAF5E5;\">\n<li>16,65 cm x 29,70 cm<\/li>\n<li>23,54 cm x 42,00 cm<\/li>\n<li>27,07 cm x 48,30 cm<\/li>\n<li>33,29 cm x 59,40 cm<\/li>\n<li>43,00 cm x 76,73 cm<\/li>\n<\/ul>\n<h4 style=\"color: #FAF5E5;\">Fabrication et qualit\u00e9 d&#039;impression haut de gamme<\/h4>\n<p style=\"color: #FAF5E5;\">Chaque impression est produite sur <strong>Papier FineArt Hahnem\u00fchle<\/strong>, assurant une <strong>finition de qualit\u00e9 mus\u00e9ale et archivistique<\/strong>.Utilisation <strong>Encres UltraChrome Pro<\/strong>, cette \u0153uvre d&#039;art pr\u00e9sente des noirs profonds, des d\u00e9tails nets et une r\u00e9sistance exceptionnelle \u00e0 la d\u00e9coloration, pr\u00e9servant sa beaut\u00e9 pour les ann\u00e9es \u00e0 venir.<\/p>\n<h4 style=\"color: #FAF5E5;\">Certificat d&#039;authenticit\u00e9<\/h4>\n<p style=\"color: #FAF5E5;\">C&#039;est un <strong>pi\u00e8ce unique en \u00e9dition limit\u00e9e<\/strong>, sign\u00e9e et authentifi\u00e9e pour garantir l&#039;exclusivit\u00e9. Poss\u00e9dez une \u0153uvre d&#039;art unique qui se d\u00e9marque des tirages produits en s\u00e9rie.<\/p>\n<h4 style=\"color: #FAF5E5;\">Parfait pour les int\u00e9rieurs modernes<\/h4>\n<p style=\"color: #FAF5E5;\">Id\u00e9al pour <strong>salons, bureaux, configurations de jeu et espaces contemporains<\/strong>, ce portrait surr\u00e9aliste \u00e0 contraste \u00e9lev\u00e9 met en valeur tout d\u00e9cor moderne. Que vous soyez un collectionneur d&#039;art ou que vous recherchiez une pi\u00e8ce ma\u00eetresse qui incite \u00e0 la r\u00e9flexion, cette impression fait une d\u00e9claration puissante.<\/p>\n<h4 style=\"color: #FAF5E5;\">Options de finition<\/h4>\n<ul style=\"color: #FAF5E5;\">\n<li>Mat \u2013 Une finition douce et non \u00e9blouissante pour un look raffin\u00e9.<\/li>\n<li>Brillant \u2013 Une finition vibrante et brillante pour un contraste am\u00e9lior\u00e9.<\/li>\n<\/ul>\n<h4 style=\"color: #FAF5E5;\">Pourquoi choisir cette affiche exclusive ?<\/h4>\n<ul style=\"color: #FAF5E5;\">\n<li><strong>\u00c9dition limit\u00e9e :<\/strong> Une pi\u00e8ce rare et de collection pour les amateurs d&#039;art.<\/li>\n<li><strong>Mat\u00e9riaux de qualit\u00e9 sup\u00e9rieure :<\/strong> Imprim\u00e9 sur papier Hahnem\u00fchle FineArt avec des encres UltraChrome Pro.<\/li>\n<li><strong>D\u00e9cor polyvalent :<\/strong> Parfait pour les espaces modernes, minimalistes et surr\u00e9alistes.<\/li>\n<li><strong>Authenticit\u00e9 certifi\u00e9e :<\/strong> Sign\u00e9 et authentifi\u00e9 pour plus d&#039;exclusivit\u00e9.<\/li>\n<li><strong>Id\u00e9e cadeau unique :<\/strong> Un cadeau exceptionnel pour les amateurs d&#039;art et les collectionneurs.<\/li>\n<\/ul>\n<h4 style=\"color: #FAF5E5;\">Commandez le v\u00f4tre aujourd&#039;hui<\/h4>\n<p style=\"color: #FAF5E5;\">\u00c9levez votre espace avec ceci <strong>portrait myst\u00e9rieux et contrast\u00e9<\/strong>. S\u00e9curisez votre <strong>tirage en \u00e9dition limit\u00e9e<\/strong> aujourd&#039;hui et poss\u00e9dez une \u0153uvre d&#039;art vraiment unique.<\/p>","protected":false},"excerpt":{"rendered":"<p>Fusion saisissante de surr\u00e9alisme et de minimalisme, ce portrait monochrome attire l&#039;attention par ses contrastes audacieux et son aura myst\u00e9rieuse. Imprim\u00e9 sur du papier Hahnem\u00fchle FineArt avec des encres UltraChrome Pro, chaque tirage d&#039;art est un chef-d&#039;\u0153uvre sign\u00e9 et authentifi\u00e9 d&#039;expression moderne.<\/p>","protected":false},"featured_media":10221,"comment_status":"open","ping_status":"closed","template":"","meta":{"_uag_custom_page_level_css":""},"product_brand":[874],"product_cat":[725,1268,731],"product_tag":[932,948,995,931,897,960,928,907,996,879],"class_list":{"0":"post-11297","1":"product","2":"type-product","3":"status-publish","4":"has-post-thumbnail","6":"product_brand-neural-artistry","7":"product_cat-portraits","8":"product_cat-posters-prints-visual-artwork","9":"product_cat-surrealism","10":"product_tag-abstract","11":"product_tag-geometric","12":"product_tag-high-contrast","13":"product_tag-minimalist","14":"product_tag-modern","15":"product_tag-monochrome","16":"product_tag-mysterious","17":"product_tag-portrait","18":"product_tag-stoic","19":"product_tag-surreal","20":"product_shipping_class-chronopost","21":"pa_finish-type-glossy-finish","22":"pa_finish-type-matte-finish","23":"pa_margins-with","24":"pa_margins-without","25":"pa_medium-technique-3d-modeling","26":"pa_medium-technique-rendering","27":"pa_medium-technique-texturing","28":"pa_mood-ambiance-bold","29":"pa_mood-ambiance-dramatic","30":"pa_mood-ambiance-mysterious","31":"pa_orientation-portrait","32":"pa_size-16-65cmx29-70cm","33":"pa_size-23-54cmx42-00cm","34":"pa_size-27-07cmx48-30cm","35":"pa_size-33-29cmx59-40cm","36":"pa_size-43-00cmx76-73cm","37":"pa_style-movement-expressionism","38":"pa_style-movement-surrealism","40":"first","41":"instock","42":"sold-individually","43":"taxable","44":"shipping-taxable","45":"purchasable","46":"product-type-variable","47":"has-default-attributes"},"yoast_head":"<!-- This site is optimized with the Yoast SEO plugin v27.5 - https:\/\/yoast.com\/product\/yoast-seo-wordpress\/ -->\n<title>Monochrome Sentinel Print - Neural Artistry<\/title>\n<meta name=\"robots\" content=\"index, follow, max-snippet:-1, max-image-preview:large, max-video-preview:-1\" \/>\n<link rel=\"canonical\" href=\"https:\/\/www.neural-artistry.com\/fr\/shop\/home-garden\/decor\/artwork\/posters-prints-visual-artwork\/monochrome-sentinel-print\/\" \/>\n<meta property=\"og:locale\" content=\"fr_FR\" \/>\n<meta property=\"og:type\" content=\"article\" \/>\n<meta property=\"og:title\" content=\"Monochrome Sentinel Print - Neural Artistry\" \/>\n<meta property=\"og:description\" content=\"A striking fusion of surrealism and minimalism, this monochrome portrait commands attention with its bold contrasts and mysterious aura. Printed on Hahnem\u00fchle FineArt paper with UltraChrome Pro inks, each art print is a signed, authenticated masterpiece of modern expression.\" \/>\n<meta property=\"og:url\" content=\"https:\/\/www.neural-artistry.com\/fr\/shop\/home-garden\/decor\/artwork\/posters-prints-visual-artwork\/monochrome-sentinel-print\/\" \/>\n<meta property=\"og:site_name\" content=\"Neural Artistry\" \/>\n<meta property=\"article:modified_time\" content=\"2025-08-21T16:13:56+00:00\" \/>\n<meta property=\"og:image\" content=\"https:\/\/www.neural-artistry.com\/wp-content\/uploads\/2025\/02\/neural-artistry-portfolio-161_mock_giant.jpg\" \/>\n\t<meta property=\"og:image:width\" content=\"2048\" \/>\n\t<meta property=\"og:image:height\" content=\"2048\" \/>\n\t<meta property=\"og:image:type\" content=\"image\/jpeg\" \/>\n<meta name=\"twitter:card\" content=\"summary_large_image\" \/>\n<meta name=\"twitter:label1\" content=\"Dur\u00e9e de lecture estim\u00e9e\" \/>\n\t<meta name=\"twitter:data1\" content=\"1 minute\" \/>\n<script type=\"application\/ld+json\" class=\"yoast-schema-graph\">{\"@context\":\"https:\\\/\\\/schema.org\",\"@graph\":[{\"@type\":\"WebPage\",\"@id\":\"https:\\\/\\\/www.neural-artistry.com\\\/shop\\\/home-garden\\\/decor\\\/artwork\\\/posters-prints-visual-artwork\\\/monochrome-sentinel-print\\\/\",\"url\":\"https:\\\/\\\/www.neural-artistry.com\\\/shop\\\/home-garden\\\/decor\\\/artwork\\\/posters-prints-visual-artwork\\\/monochrome-sentinel-print\\\/\",\"name\":\"Monochrome Sentinel Print - Neural Artistry\",\"isPartOf\":{\"@id\":\"https:\\\/\\\/www.neural-artistry.com\\\/#website\"},\"primaryImageOfPage\":{\"@id\":\"https:\\\/\\\/www.neural-artistry.com\\\/shop\\\/home-garden\\\/decor\\\/artwork\\\/posters-prints-visual-artwork\\\/monochrome-sentinel-print\\\/#primaryimage\"},\"image\":{\"@id\":\"https:\\\/\\\/www.neural-artistry.com\\\/shop\\\/home-garden\\\/decor\\\/artwork\\\/posters-prints-visual-artwork\\\/monochrome-sentinel-print\\\/#primaryimage\"},\"thumbnailUrl\":\"https:\\\/\\\/www.neural-artistry.com\\\/wp-content\\\/uploads\\\/2025\\\/02\\\/neural-artistry-portfolio-161_mock_giant.jpg\",\"datePublished\":\"2025-02-13T13:13:38+00:00\",\"dateModified\":\"2025-08-21T16:13:56+00:00\",\"breadcrumb\":{\"@id\":\"https:\\\/\\\/www.neural-artistry.com\\\/shop\\\/home-garden\\\/decor\\\/artwork\\\/posters-prints-visual-artwork\\\/monochrome-sentinel-print\\\/#breadcrumb\"},\"inLanguage\":\"fr-FR\",\"potentialAction\":[{\"@type\":\"ReadAction\",\"target\":[\"https:\\\/\\\/www.neural-artistry.com\\\/shop\\\/home-garden\\\/decor\\\/artwork\\\/posters-prints-visual-artwork\\\/monochrome-sentinel-print\\\/\"]}]},{\"@type\":\"ImageObject\",\"inLanguage\":\"fr-FR\",\"@id\":\"https:\\\/\\\/www.neural-artistry.com\\\/shop\\\/home-garden\\\/decor\\\/artwork\\\/posters-prints-visual-artwork\\\/monochrome-sentinel-print\\\/#primaryimage\",\"url\":\"https:\\\/\\\/www.neural-artistry.com\\\/wp-content\\\/uploads\\\/2025\\\/02\\\/neural-artistry-portfolio-161_mock_giant.jpg\",\"contentUrl\":\"https:\\\/\\\/www.neural-artistry.com\\\/wp-content\\\/uploads\\\/2025\\\/02\\\/neural-artistry-portfolio-161_mock_giant.jpg\",\"width\":2048,\"height\":2048},{\"@type\":\"BreadcrumbList\",\"@id\":\"https:\\\/\\\/www.neural-artistry.com\\\/shop\\\/home-garden\\\/decor\\\/artwork\\\/posters-prints-visual-artwork\\\/monochrome-sentinel-print\\\/#breadcrumb\",\"itemListElement\":[{\"@type\":\"ListItem\",\"position\":1,\"name\":\"Home\",\"item\":\"https:\\\/\\\/www.neural-artistry.com\\\/\"},{\"@type\":\"ListItem\",\"position\":2,\"name\":\"Wall Art Prints \u2013 Custom Canvas &amp; Unique Posters\",\"item\":\"https:\\\/\\\/www.neural-artistry.com\\\/\"},{\"@type\":\"ListItem\",\"position\":3,\"name\":\"Monochrome Sentinel Print\"}]},{\"@type\":\"WebSite\",\"@id\":\"https:\\\/\\\/www.neural-artistry.com\\\/#website\",\"url\":\"https:\\\/\\\/www.neural-artistry.com\\\/\",\"name\":\"Neural Artistry\",\"description\":\"AI Art Posters \u2013 Certified, Premium, Sold Only Once\",\"publisher\":{\"@id\":\"https:\\\/\\\/www.neural-artistry.com\\\/#organization\"},\"potentialAction\":[{\"@type\":\"SearchAction\",\"target\":{\"@type\":\"EntryPoint\",\"urlTemplate\":\"https:\\\/\\\/www.neural-artistry.com\\\/?s={search_term_string}\"},\"query-input\":{\"@type\":\"PropertyValueSpecification\",\"valueRequired\":true,\"valueName\":\"search_term_string\"}}],\"inLanguage\":\"fr-FR\"},{\"@type\":\"Organization\",\"@id\":\"https:\\\/\\\/www.neural-artistry.com\\\/#organization\",\"name\":\"Neural Artistry\",\"url\":\"https:\\\/\\\/www.neural-artistry.com\\\/\",\"logo\":{\"@type\":\"ImageObject\",\"inLanguage\":\"fr-FR\",\"@id\":\"https:\\\/\\\/www.neural-artistry.com\\\/#\\\/schema\\\/logo\\\/image\\\/\",\"url\":\"https:\\\/\\\/www.neural-artistry.com\\\/wp-content\\\/uploads\\\/2025\\\/08\\\/Web-Black-logo-no-background-scaled.webp\",\"contentUrl\":\"https:\\\/\\\/www.neural-artistry.com\\\/wp-content\\\/uploads\\\/2025\\\/08\\\/Web-Black-logo-no-background-scaled.webp\",\"width\":2560,\"height\":976,\"caption\":\"Neural Artistry\"},\"image\":{\"@id\":\"https:\\\/\\\/www.neural-artistry.com\\\/#\\\/schema\\\/logo\\\/image\\\/\"}}]}<\/script>\n<!-- \/ Yoast SEO plugin. -->","yoast_head_json":{"title":"Monochrome Sentinel Print - Neural Artistry","robots":{"index":"index","follow":"follow","max-snippet":"max-snippet:-1","max-image-preview":"max-image-preview:large","max-video-preview":"max-video-preview:-1"},"canonical":"https:\/\/www.neural-artistry.com\/fr\/shop\/home-garden\/decor\/artwork\/posters-prints-visual-artwork\/monochrome-sentinel-print\/","og_locale":"fr_FR","og_type":"article","og_title":"Monochrome Sentinel Print - Neural Artistry","og_description":"A striking fusion of surrealism and minimalism, this monochrome portrait commands attention with its bold contrasts and mysterious aura. Printed on Hahnem\u00fchle FineArt paper with UltraChrome Pro inks, each art print is a signed, authenticated masterpiece of modern expression.","og_url":"https:\/\/www.neural-artistry.com\/fr\/shop\/home-garden\/decor\/artwork\/posters-prints-visual-artwork\/monochrome-sentinel-print\/","og_site_name":"Neural Artistry","article_modified_time":"2025-08-21T16:13:56+00:00","og_image":[{"width":2048,"height":2048,"url":"https:\/\/www.neural-artistry.com\/wp-content\/uploads\/2025\/02\/neural-artistry-portfolio-161_mock_giant.jpg","type":"image\/jpeg"}],"twitter_card":"summary_large_image","twitter_misc":{"Dur\u00e9e de lecture estim\u00e9e":"1 minute"},"schema":{"@context":"https:\/\/schema.org","@graph":[{"@type":"WebPage","@id":"https:\/\/www.neural-artistry.com\/shop\/home-garden\/decor\/artwork\/posters-prints-visual-artwork\/monochrome-sentinel-print\/","url":"https:\/\/www.neural-artistry.com\/shop\/home-garden\/decor\/artwork\/posters-prints-visual-artwork\/monochrome-sentinel-print\/","name":"Monochrome Sentinel Print - Neural Artistry","isPartOf":{"@id":"https:\/\/www.neural-artistry.com\/#website"},"primaryImageOfPage":{"@id":"https:\/\/www.neural-artistry.com\/shop\/home-garden\/decor\/artwork\/posters-prints-visual-artwork\/monochrome-sentinel-print\/#primaryimage"},"image":{"@id":"https:\/\/www.neural-artistry.com\/shop\/home-garden\/decor\/artwork\/posters-prints-visual-artwork\/monochrome-sentinel-print\/#primaryimage"},"thumbnailUrl":"https:\/\/www.neural-artistry.com\/wp-content\/uploads\/2025\/02\/neural-artistry-portfolio-161_mock_giant.jpg","datePublished":"2025-02-13T13:13:38+00:00","dateModified":"2025-08-21T16:13:56+00:00","breadcrumb":{"@id":"https:\/\/www.neural-artistry.com\/shop\/home-garden\/decor\/artwork\/posters-prints-visual-artwork\/monochrome-sentinel-print\/#breadcrumb"},"inLanguage":"fr-FR","potentialAction":[{"@type":"ReadAction","target":["https:\/\/www.neural-artistry.com\/shop\/home-garden\/decor\/artwork\/posters-prints-visual-artwork\/monochrome-sentinel-print\/"]}]},{"@type":"ImageObject","inLanguage":"fr-FR","@id":"https:\/\/www.neural-artistry.com\/shop\/home-garden\/decor\/artwork\/posters-prints-visual-artwork\/monochrome-sentinel-print\/#primaryimage","url":"https:\/\/www.neural-artistry.com\/wp-content\/uploads\/2025\/02\/neural-artistry-portfolio-161_mock_giant.jpg","contentUrl":"https:\/\/www.neural-artistry.com\/wp-content\/uploads\/2025\/02\/neural-artistry-portfolio-161_mock_giant.jpg","width":2048,"height":2048},{"@type":"BreadcrumbList","@id":"https:\/\/www.neural-artistry.com\/shop\/home-garden\/decor\/artwork\/posters-prints-visual-artwork\/monochrome-sentinel-print\/#breadcrumb","itemListElement":[{"@type":"ListItem","position":1,"name":"Home","item":"https:\/\/www.neural-artistry.com\/"},{"@type":"ListItem","position":2,"name":"Wall Art Prints \u2013 Custom Canvas &amp; Unique Posters","item":"https:\/\/www.neural-artistry.com\/"},{"@type":"ListItem","position":3,"name":"Monochrome Sentinel Print"}]},{"@type":"WebSite","@id":"https:\/\/www.neural-artistry.com\/#website","url":"https:\/\/www.neural-artistry.com\/","name":"Neural Artistry","description":"Affiches d&#039;art IA \u2013 Certifi\u00e9es, premium, vendues une seule fois","publisher":{"@id":"https:\/\/www.neural-artistry.com\/#organization"},"potentialAction":[{"@type":"SearchAction","target":{"@type":"EntryPoint","urlTemplate":"https:\/\/www.neural-artistry.com\/?s={search_term_string}"},"query-input":{"@type":"PropertyValueSpecification","valueRequired":true,"valueName":"search_term_string"}}],"inLanguage":"fr-FR"},{"@type":"Organization","@id":"https:\/\/www.neural-artistry.com\/#organization","name":"Neural Artistry","url":"https:\/\/www.neural-artistry.com\/","logo":{"@type":"ImageObject","inLanguage":"fr-FR","@id":"https:\/\/www.neural-artistry.com\/#\/schema\/logo\/image\/","url":"https:\/\/www.neural-artistry.com\/wp-content\/uploads\/2025\/08\/Web-Black-logo-no-background-scaled.webp","contentUrl":"https:\/\/www.neural-artistry.com\/wp-content\/uploads\/2025\/08\/Web-Black-logo-no-background-scaled.webp","width":2560,"height":976,"caption":"Neural Artistry"},"image":{"@id":"https:\/\/www.neural-artistry.com\/#\/schema\/logo\/image\/"}}]}},"uagb_featured_image_src":{"full":["https:\/\/www.neural-artistry.com\/wp-content\/uploads\/2025\/02\/neural-artistry-portfolio-161_mock_giant.jpg",2048,2048,false],"thumbnail":["https:\/\/www.neural-artistry.com\/wp-content\/uploads\/2025\/02\/neural-artistry-portfolio-161_mock_giant-150x150.jpg",150,150,true],"medium":["https:\/\/www.neural-artistry.com\/wp-content\/uploads\/2025\/02\/neural-artistry-portfolio-161_mock_giant-300x300.jpg",300,300,true],"medium_large":["https:\/\/www.neural-artistry.com\/wp-content\/uploads\/2025\/02\/neural-artistry-portfolio-161_mock_giant-768x768.jpg",768,768,true],"large":["https:\/\/www.neural-artistry.com\/wp-content\/uploads\/2025\/02\/neural-artistry-portfolio-161_mock_giant-1024x1024.jpg",1024,1024,true],"1536x1536":["https:\/\/www.neural-artistry.com\/wp-content\/uploads\/2025\/02\/neural-artistry-portfolio-161_mock_giant-1536x1536.jpg",1536,1536,true],"2048x2048":["https:\/\/www.neural-artistry.com\/wp-content\/uploads\/2025\/02\/neural-artistry-portfolio-161_mock_giant.jpg",2048,2048,false],"trp-custom-language-flag":["https:\/\/www.neural-artistry.com\/wp-content\/uploads\/2025\/02\/neural-artistry-portfolio-161_mock_giant-12x12.jpg",12,12,true],"woocommerce_thumbnail":["https:\/\/www.neural-artistry.com\/wp-content\/uploads\/2025\/02\/neural-artistry-portfolio-161_mock_giant-450x450.jpg",450,450,true],"woocommerce_single":["https:\/\/www.neural-artistry.com\/wp-content\/uploads\/2025\/02\/neural-artistry-portfolio-161_mock_giant-600x600.jpg",600,600,true],"woocommerce_gallery_thumbnail":["https:\/\/www.neural-artistry.com\/wp-content\/uploads\/2025\/02\/neural-artistry-portfolio-161_mock_giant-100x100.jpg",100,100,true]},"uagb_author_info":{"display_name":"flake","author_link":"https:\/\/www.neural-artistry.com\/fr\/author\/"},"uagb_comment_info":0,"uagb_excerpt":"A striking fusion of surrealism and minimalism, this monochrome portrait commands attention with its bold contrasts and mysterious aura. Printed on Hahnem\u00fchle FineArt paper with UltraChrome Pro inks, each art print is a signed, authenticated masterpiece of modern expression.","_links":{"self":[{"href":"https:\/\/www.neural-artistry.com\/fr\/wp-json\/wp\/v2\/product\/11297","targetHints":{"allow":["GET"]}}],"collection":[{"href":"https:\/\/www.neural-artistry.com\/fr\/wp-json\/wp\/v2\/product"}],"about":[{"href":"https:\/\/www.neural-artistry.com\/fr\/wp-json\/wp\/v2\/types\/product"}],"replies":[{"embeddable":true,"href":"https:\/\/www.neural-artistry.com\/fr\/wp-json\/wp\/v2\/comments?post=11297"}],"wp:featuredmedia":[{"embeddable":true,"href":"https:\/\/www.neural-artistry.com\/fr\/wp-json\/wp\/v2\/media\/10221"}],"wp:attachment":[{"href":"https:\/\/www.neural-artistry.com\/fr\/wp-json\/wp\/v2\/media?parent=11297"}],"wp:term":[{"taxonomy":"product_brand","embeddable":true,"href":"https:\/\/www.neural-artistry.com\/fr\/wp-json\/wp\/v2\/product_brand?post=11297"},{"taxonomy":"product_cat","embeddable":true,"href":"https:\/\/www.neural-artistry.com\/fr\/wp-json\/wp\/v2\/product_cat?post=11297"},{"taxonomy":"product_tag","embeddable":true,"href":"https:\/\/www.neural-artistry.com\/fr\/wp-json\/wp\/v2\/product_tag?post=11297"}],"curies":[{"name":"wp","href":"https:\/\/api.w.org\/{rel}","templated":true}]}}