{"id":11299,"date":"2025-02-13T13:13:41","date_gmt":"2025-02-13T13:13:41","guid":{"rendered":"https:\/\/www.neural-artistry.com\/shop\/uncategorized\/gilded-gaze-art-print\/"},"modified":"2025-08-21T16:13:58","modified_gmt":"2025-08-21T16:13:58","slug":"gilded-gaze-art-print","status":"publish","type":"product","link":"https:\/\/www.neural-artistry.com\/fr\/shop\/home-garden\/decor\/artwork\/posters-prints-visual-artwork\/gilded-gaze-art-print\/","title":{"rendered":"Impression d&#039;art &quot;Gaze dor\u00e9&quot;"},"content":{"rendered":"<h3 style=\"color: #FAF5E5;\">\u00c9l\u00e9gance \u00e9th\u00e9r\u00e9e : un chef-d&#039;\u0153uvre surr\u00e9aliste de l&#039;Art d\u00e9co<\/h3>\n<p style=\"color: #FAF5E5;\">Entrez dans un monde o\u00f9 <strong>Le mysticisme rencontre la modernit\u00e9<\/strong> avec ce portrait \u00e9poustouflant d&#039;inspiration Art d\u00e9co. Dot\u00e9e d&#039;une palette monochrome saisissante avec des accents dor\u00e9s luxueux, cette pi\u00e8ce se marie <strong>surr\u00e9alisme, pr\u00e9cision g\u00e9om\u00e9trique et \u00e9l\u00e9gance futuriste<\/strong>Le regard \u00e9nigmatique du sujet, contrast\u00e9 par des motifs complexes, \u00e9voque un sentiment de sophistication d&#039;un autre monde, parfait pour ceux qui appr\u00e9cient <strong>art mural haut de gamme et marquant<\/strong>.<\/p>\n<h3 style=\"color: #FAF5E5;\">Tailles disponibles<\/h3>\n<ul style=\"color: #FAF5E5;\">\n<li>20,90 cm x 29,70 cm<\/li>\n<li>29,56 cm x 42,00 cm<\/li>\n<li>32,90 cm x 46,75 cm<\/li>\n<li>41,80 cm x 59,40 cm<\/li>\n<li>43,00 cm x 61,11 cm<\/li>\n<\/ul>\n<h3 style=\"color: #FAF5E5;\">Artisanat haut de gamme et impression de qualit\u00e9 mus\u00e9ale<\/h3>\n<p style=\"color: #FAF5E5;\">Chaque impression est r\u00e9alis\u00e9e \u00e0 l&#039;aide <strong>Papier FineArt Hahnem\u00fchle<\/strong>, r\u00e9put\u00e9 pour son <strong>qualit\u00e9 archivistique<\/strong> et une texture luxueuse. Nous utilisons <strong>Encres UltraChrome Pro<\/strong> pour garantir des noirs profonds, des dor\u00e9s vibrants et une brillance r\u00e9sistante \u00e0 la d\u00e9coloration. Que vous choisissiez un <strong>finition mate ou brillante<\/strong>, cette \u0153uvre d&#039;art conservera ses d\u00e9tails saisissants pendant des d\u00e9cennies.<\/p>\n<h3 style=\"color: #FAF5E5;\">\u0152uvres d&#039;art certifi\u00e9es et exclusives<\/h3>\n<p style=\"color: #FAF5E5;\">Cette \u00e9dition limit\u00e9e est accompagn\u00e9e d&#039;un <strong>Certificat d&#039;authenticit\u00e9<\/strong>, garantissant son exclusivit\u00e9. Chaque pi\u00e8ce est sign\u00e9e et authentifi\u00e9e, ce qui en fait un v\u00e9ritable objet de collection.<\/p>\n<h3 style=\"color: #FAF5E5;\">Parfait pour n&#039;importe quel espace<\/h3>\n<p style=\"color: #FAF5E5;\">Am\u00e9liorez votre espace avec ceci <strong>Impression d&#039;art \u00e9l\u00e9gante et futuriste<\/strong>Id\u00e9al pour :<\/p>\n<ul style=\"color: #FAF5E5;\">\n<li>Salons modernes<\/li>\n<li>Des espaces de bureaux chics<\/li>\n<li>Configurations de jeu de luxe<\/li>\n<li>D\u00e9coration de chambre minimaliste<\/li>\n<li>Galeries de collectionneurs d&#039;art<\/li>\n<\/ul>\n<h3 style=\"color: #FAF5E5;\">Devenez propri\u00e9taire d&#039;un chef-d&#039;\u0153uvre unique<\/h3>\n<p style=\"color: #FAF5E5;\">Transformez vos murs avec <strong>affiches imprim\u00e9es exclusives et de haute qualit\u00e9<\/strong> qui respirent la sophistication et le myst\u00e8re. <strong>Commandez maintenant<\/strong> pour s\u00e9curiser cette \u00e9dition limit\u00e9e avant qu&#039;elle ne soit \u00e9puis\u00e9e !<\/p>","protected":false},"excerpt":{"rendered":"<p>Fusion hypnotique du surr\u00e9alisme et de l&#039;\u00e9l\u00e9gance Art d\u00e9co, ce portrait captive par ses contrastes audacieux et ses accents g\u00e9om\u00e9triques dor\u00e9s. Imprim\u00e9e sur du papier Hahnem\u00fchle FineArt avec des encres UltraChrome Pro, chaque tirage d&#039;art est sign\u00e9, authentifi\u00e9 et con\u00e7u pour une allure intemporelle.<\/p>","protected":false},"featured_media":10233,"comment_status":"open","ping_status":"closed","template":"","meta":{"_uag_custom_page_level_css":""},"product_brand":[874],"product_cat":[724,725,1268,758],"product_tag":[1001,917,915,962,935,998,1000,931,907,32],"class_list":{"0":"post-11299","1":"product","2":"type-product","3":"status-publish","4":"has-post-thumbnail","6":"product_brand-neural-artistry","7":"product_cat-abstract-forms","8":"product_cat-portraits","9":"product_cat-posters-prints-visual-artwork","10":"product_cat-symbolism","11":"product_tag-artdeco","12":"product_tag-blackandwhite","13":"product_tag-contrast","14":"product_tag-elegant","15":"product_tag-futuristic","16":"product_tag-geometricpatterns","17":"product_tag-goldaccents","18":"product_tag-minimalist","19":"product_tag-portrait","20":"product_tag-surrealism","21":"product_shipping_class-chronopost","22":"pa_finish-type-glossy-finish","23":"pa_finish-type-matte-finish","24":"pa_margins-with","25":"pa_margins-without","26":"pa_medium-technique-digital-painting","27":"pa_medium-technique-layering","28":"pa_medium-technique-vector-art","29":"pa_mood-ambiance-dramatic","30":"pa_mood-ambiance-ethereal","31":"pa_mood-ambiance-futuristic","32":"pa_mood-ambiance-mystical","33":"pa_mood-ambiance-otherworldly","34":"pa_orientation-portrait","35":"pa_size-20-90cmx29-70cm","36":"pa_size-29-56cmx42-00cm","37":"pa_size-32-90cmx46-75cm","38":"pa_size-41-80cmx59-40cm","39":"pa_size-43-00cmx61-11cm","40":"pa_style-movement-anime-cartoon-style","41":"pa_style-movement-art-deco","42":"pa_style-movement-surrealism","44":"first","45":"instock","46":"sold-individually","47":"taxable","48":"shipping-taxable","49":"purchasable","50":"product-type-variable","51":"has-default-attributes"},"yoast_head":"<!-- This site is optimized with the Yoast SEO plugin v27.5 - https:\/\/yoast.com\/product\/yoast-seo-wordpress\/ -->\n<title>Gilded Gaze Art Print - Neural Artistry<\/title>\n<meta name=\"robots\" content=\"index, follow, max-snippet:-1, max-image-preview:large, max-video-preview:-1\" \/>\n<link rel=\"canonical\" href=\"https:\/\/www.neural-artistry.com\/fr\/shop\/home-garden\/decor\/artwork\/posters-prints-visual-artwork\/gilded-gaze-art-print\/\" \/>\n<meta property=\"og:locale\" content=\"fr_FR\" \/>\n<meta property=\"og:type\" content=\"article\" \/>\n<meta property=\"og:title\" content=\"Gilded Gaze Art Print - Neural Artistry\" \/>\n<meta property=\"og:description\" content=\"A hypnotic fusion of surrealism and Art Deco elegance, this portrait captivates with bold contrasts and gilded geometric accents. Printed on Hahnem\u00fchle FineArt paper with UltraChrome Pro inks, each art print is signed, authenticated, and crafted for timeless allure.\" \/>\n<meta property=\"og:url\" content=\"https:\/\/www.neural-artistry.com\/fr\/shop\/home-garden\/decor\/artwork\/posters-prints-visual-artwork\/gilded-gaze-art-print\/\" \/>\n<meta property=\"og:site_name\" content=\"Neural Artistry\" \/>\n<meta property=\"article:modified_time\" content=\"2025-08-21T16:13:58+00:00\" \/>\n<meta property=\"og:image\" content=\"https:\/\/www.neural-artistry.com\/wp-content\/uploads\/2025\/02\/neural-artistry-portfolio-163_mock_giant.jpg\" \/>\n\t<meta property=\"og:image:width\" content=\"2048\" \/>\n\t<meta property=\"og:image:height\" content=\"2048\" \/>\n\t<meta property=\"og:image:type\" content=\"image\/jpeg\" \/>\n<meta name=\"twitter:card\" content=\"summary_large_image\" \/>\n<meta name=\"twitter:label1\" content=\"Dur\u00e9e de lecture estim\u00e9e\" \/>\n\t<meta name=\"twitter:data1\" content=\"1 minute\" \/>\n<script type=\"application\/ld+json\" class=\"yoast-schema-graph\">{\"@context\":\"https:\\\/\\\/schema.org\",\"@graph\":[{\"@type\":\"WebPage\",\"@id\":\"https:\\\/\\\/www.neural-artistry.com\\\/shop\\\/home-garden\\\/decor\\\/artwork\\\/posters-prints-visual-artwork\\\/gilded-gaze-art-print\\\/\",\"url\":\"https:\\\/\\\/www.neural-artistry.com\\\/shop\\\/home-garden\\\/decor\\\/artwork\\\/posters-prints-visual-artwork\\\/gilded-gaze-art-print\\\/\",\"name\":\"Gilded Gaze Art Print - Neural Artistry\",\"isPartOf\":{\"@id\":\"https:\\\/\\\/www.neural-artistry.com\\\/#website\"},\"primaryImageOfPage\":{\"@id\":\"https:\\\/\\\/www.neural-artistry.com\\\/shop\\\/home-garden\\\/decor\\\/artwork\\\/posters-prints-visual-artwork\\\/gilded-gaze-art-print\\\/#primaryimage\"},\"image\":{\"@id\":\"https:\\\/\\\/www.neural-artistry.com\\\/shop\\\/home-garden\\\/decor\\\/artwork\\\/posters-prints-visual-artwork\\\/gilded-gaze-art-print\\\/#primaryimage\"},\"thumbnailUrl\":\"https:\\\/\\\/www.neural-artistry.com\\\/wp-content\\\/uploads\\\/2025\\\/02\\\/neural-artistry-portfolio-163_mock_giant.jpg\",\"datePublished\":\"2025-02-13T13:13:41+00:00\",\"dateModified\":\"2025-08-21T16:13:58+00:00\",\"breadcrumb\":{\"@id\":\"https:\\\/\\\/www.neural-artistry.com\\\/shop\\\/home-garden\\\/decor\\\/artwork\\\/posters-prints-visual-artwork\\\/gilded-gaze-art-print\\\/#breadcrumb\"},\"inLanguage\":\"fr-FR\",\"potentialAction\":[{\"@type\":\"ReadAction\",\"target\":[\"https:\\\/\\\/www.neural-artistry.com\\\/shop\\\/home-garden\\\/decor\\\/artwork\\\/posters-prints-visual-artwork\\\/gilded-gaze-art-print\\\/\"]}]},{\"@type\":\"ImageObject\",\"inLanguage\":\"fr-FR\",\"@id\":\"https:\\\/\\\/www.neural-artistry.com\\\/shop\\\/home-garden\\\/decor\\\/artwork\\\/posters-prints-visual-artwork\\\/gilded-gaze-art-print\\\/#primaryimage\",\"url\":\"https:\\\/\\\/www.neural-artistry.com\\\/wp-content\\\/uploads\\\/2025\\\/02\\\/neural-artistry-portfolio-163_mock_giant.jpg\",\"contentUrl\":\"https:\\\/\\\/www.neural-artistry.com\\\/wp-content\\\/uploads\\\/2025\\\/02\\\/neural-artistry-portfolio-163_mock_giant.jpg\",\"width\":2048,\"height\":2048},{\"@type\":\"BreadcrumbList\",\"@id\":\"https:\\\/\\\/www.neural-artistry.com\\\/shop\\\/home-garden\\\/decor\\\/artwork\\\/posters-prints-visual-artwork\\\/gilded-gaze-art-print\\\/#breadcrumb\",\"itemListElement\":[{\"@type\":\"ListItem\",\"position\":1,\"name\":\"Home\",\"item\":\"https:\\\/\\\/www.neural-artistry.com\\\/\"},{\"@type\":\"ListItem\",\"position\":2,\"name\":\"Wall Art Prints \u2013 Custom Canvas &amp; Unique Posters\",\"item\":\"https:\\\/\\\/www.neural-artistry.com\\\/\"},{\"@type\":\"ListItem\",\"position\":3,\"name\":\"Gilded Gaze Art Print\"}]},{\"@type\":\"WebSite\",\"@id\":\"https:\\\/\\\/www.neural-artistry.com\\\/#website\",\"url\":\"https:\\\/\\\/www.neural-artistry.com\\\/\",\"name\":\"Neural Artistry\",\"description\":\"AI Art Posters \u2013 Certified, Premium, Sold Only Once\",\"publisher\":{\"@id\":\"https:\\\/\\\/www.neural-artistry.com\\\/#organization\"},\"potentialAction\":[{\"@type\":\"SearchAction\",\"target\":{\"@type\":\"EntryPoint\",\"urlTemplate\":\"https:\\\/\\\/www.neural-artistry.com\\\/?s={search_term_string}\"},\"query-input\":{\"@type\":\"PropertyValueSpecification\",\"valueRequired\":true,\"valueName\":\"search_term_string\"}}],\"inLanguage\":\"fr-FR\"},{\"@type\":\"Organization\",\"@id\":\"https:\\\/\\\/www.neural-artistry.com\\\/#organization\",\"name\":\"Neural Artistry\",\"url\":\"https:\\\/\\\/www.neural-artistry.com\\\/\",\"logo\":{\"@type\":\"ImageObject\",\"inLanguage\":\"fr-FR\",\"@id\":\"https:\\\/\\\/www.neural-artistry.com\\\/#\\\/schema\\\/logo\\\/image\\\/\",\"url\":\"https:\\\/\\\/www.neural-artistry.com\\\/wp-content\\\/uploads\\\/2025\\\/08\\\/Web-Black-logo-no-background-scaled.webp\",\"contentUrl\":\"https:\\\/\\\/www.neural-artistry.com\\\/wp-content\\\/uploads\\\/2025\\\/08\\\/Web-Black-logo-no-background-scaled.webp\",\"width\":2560,\"height\":976,\"caption\":\"Neural Artistry\"},\"image\":{\"@id\":\"https:\\\/\\\/www.neural-artistry.com\\\/#\\\/schema\\\/logo\\\/image\\\/\"}}]}<\/script>\n<!-- \/ Yoast SEO plugin. -->","yoast_head_json":{"title":"Gilded Gaze Art Print - Neural Artistry","robots":{"index":"index","follow":"follow","max-snippet":"max-snippet:-1","max-image-preview":"max-image-preview:large","max-video-preview":"max-video-preview:-1"},"canonical":"https:\/\/www.neural-artistry.com\/fr\/shop\/home-garden\/decor\/artwork\/posters-prints-visual-artwork\/gilded-gaze-art-print\/","og_locale":"fr_FR","og_type":"article","og_title":"Gilded Gaze Art Print - Neural Artistry","og_description":"A hypnotic fusion of surrealism and Art Deco elegance, this portrait captivates with bold contrasts and gilded geometric accents. Printed on Hahnem\u00fchle FineArt paper with UltraChrome Pro inks, each art print is signed, authenticated, and crafted for timeless allure.","og_url":"https:\/\/www.neural-artistry.com\/fr\/shop\/home-garden\/decor\/artwork\/posters-prints-visual-artwork\/gilded-gaze-art-print\/","og_site_name":"Neural Artistry","article_modified_time":"2025-08-21T16:13:58+00:00","og_image":[{"width":2048,"height":2048,"url":"https:\/\/www.neural-artistry.com\/wp-content\/uploads\/2025\/02\/neural-artistry-portfolio-163_mock_giant.jpg","type":"image\/jpeg"}],"twitter_card":"summary_large_image","twitter_misc":{"Dur\u00e9e de lecture estim\u00e9e":"1 minute"},"schema":{"@context":"https:\/\/schema.org","@graph":[{"@type":"WebPage","@id":"https:\/\/www.neural-artistry.com\/shop\/home-garden\/decor\/artwork\/posters-prints-visual-artwork\/gilded-gaze-art-print\/","url":"https:\/\/www.neural-artistry.com\/shop\/home-garden\/decor\/artwork\/posters-prints-visual-artwork\/gilded-gaze-art-print\/","name":"Gilded Gaze Art Print - Neural Artistry","isPartOf":{"@id":"https:\/\/www.neural-artistry.com\/#website"},"primaryImageOfPage":{"@id":"https:\/\/www.neural-artistry.com\/shop\/home-garden\/decor\/artwork\/posters-prints-visual-artwork\/gilded-gaze-art-print\/#primaryimage"},"image":{"@id":"https:\/\/www.neural-artistry.com\/shop\/home-garden\/decor\/artwork\/posters-prints-visual-artwork\/gilded-gaze-art-print\/#primaryimage"},"thumbnailUrl":"https:\/\/www.neural-artistry.com\/wp-content\/uploads\/2025\/02\/neural-artistry-portfolio-163_mock_giant.jpg","datePublished":"2025-02-13T13:13:41+00:00","dateModified":"2025-08-21T16:13:58+00:00","breadcrumb":{"@id":"https:\/\/www.neural-artistry.com\/shop\/home-garden\/decor\/artwork\/posters-prints-visual-artwork\/gilded-gaze-art-print\/#breadcrumb"},"inLanguage":"fr-FR","potentialAction":[{"@type":"ReadAction","target":["https:\/\/www.neural-artistry.com\/shop\/home-garden\/decor\/artwork\/posters-prints-visual-artwork\/gilded-gaze-art-print\/"]}]},{"@type":"ImageObject","inLanguage":"fr-FR","@id":"https:\/\/www.neural-artistry.com\/shop\/home-garden\/decor\/artwork\/posters-prints-visual-artwork\/gilded-gaze-art-print\/#primaryimage","url":"https:\/\/www.neural-artistry.com\/wp-content\/uploads\/2025\/02\/neural-artistry-portfolio-163_mock_giant.jpg","contentUrl":"https:\/\/www.neural-artistry.com\/wp-content\/uploads\/2025\/02\/neural-artistry-portfolio-163_mock_giant.jpg","width":2048,"height":2048},{"@type":"BreadcrumbList","@id":"https:\/\/www.neural-artistry.com\/shop\/home-garden\/decor\/artwork\/posters-prints-visual-artwork\/gilded-gaze-art-print\/#breadcrumb","itemListElement":[{"@type":"ListItem","position":1,"name":"Home","item":"https:\/\/www.neural-artistry.com\/"},{"@type":"ListItem","position":2,"name":"Wall Art Prints \u2013 Custom Canvas &amp; Unique Posters","item":"https:\/\/www.neural-artistry.com\/"},{"@type":"ListItem","position":3,"name":"Gilded Gaze Art Print"}]},{"@type":"WebSite","@id":"https:\/\/www.neural-artistry.com\/#website","url":"https:\/\/www.neural-artistry.com\/","name":"Neural Artistry","description":"Affiches d&#039;art IA \u2013 Certifi\u00e9es, premium, vendues une seule fois","publisher":{"@id":"https:\/\/www.neural-artistry.com\/#organization"},"potentialAction":[{"@type":"SearchAction","target":{"@type":"EntryPoint","urlTemplate":"https:\/\/www.neural-artistry.com\/?s={search_term_string}"},"query-input":{"@type":"PropertyValueSpecification","valueRequired":true,"valueName":"search_term_string"}}],"inLanguage":"fr-FR"},{"@type":"Organization","@id":"https:\/\/www.neural-artistry.com\/#organization","name":"Neural Artistry","url":"https:\/\/www.neural-artistry.com\/","logo":{"@type":"ImageObject","inLanguage":"fr-FR","@id":"https:\/\/www.neural-artistry.com\/#\/schema\/logo\/image\/","url":"https:\/\/www.neural-artistry.com\/wp-content\/uploads\/2025\/08\/Web-Black-logo-no-background-scaled.webp","contentUrl":"https:\/\/www.neural-artistry.com\/wp-content\/uploads\/2025\/08\/Web-Black-logo-no-background-scaled.webp","width":2560,"height":976,"caption":"Neural Artistry"},"image":{"@id":"https:\/\/www.neural-artistry.com\/#\/schema\/logo\/image\/"}}]}},"uagb_featured_image_src":{"full":["https:\/\/www.neural-artistry.com\/wp-content\/uploads\/2025\/02\/neural-artistry-portfolio-163_mock_giant.jpg",2048,2048,false],"thumbnail":["https:\/\/www.neural-artistry.com\/wp-content\/uploads\/2025\/02\/neural-artistry-portfolio-163_mock_giant-150x150.jpg",150,150,true],"medium":["https:\/\/www.neural-artistry.com\/wp-content\/uploads\/2025\/02\/neural-artistry-portfolio-163_mock_giant-300x300.jpg",300,300,true],"medium_large":["https:\/\/www.neural-artistry.com\/wp-content\/uploads\/2025\/02\/neural-artistry-portfolio-163_mock_giant-768x768.jpg",768,768,true],"large":["https:\/\/www.neural-artistry.com\/wp-content\/uploads\/2025\/02\/neural-artistry-portfolio-163_mock_giant-1024x1024.jpg",1024,1024,true],"1536x1536":["https:\/\/www.neural-artistry.com\/wp-content\/uploads\/2025\/02\/neural-artistry-portfolio-163_mock_giant-1536x1536.jpg",1536,1536,true],"2048x2048":["https:\/\/www.neural-artistry.com\/wp-content\/uploads\/2025\/02\/neural-artistry-portfolio-163_mock_giant.jpg",2048,2048,false],"trp-custom-language-flag":["https:\/\/www.neural-artistry.com\/wp-content\/uploads\/2025\/02\/neural-artistry-portfolio-163_mock_giant-12x12.jpg",12,12,true],"woocommerce_thumbnail":["https:\/\/www.neural-artistry.com\/wp-content\/uploads\/2025\/02\/neural-artistry-portfolio-163_mock_giant-450x450.jpg",450,450,true],"woocommerce_single":["https:\/\/www.neural-artistry.com\/wp-content\/uploads\/2025\/02\/neural-artistry-portfolio-163_mock_giant-600x600.jpg",600,600,true],"woocommerce_gallery_thumbnail":["https:\/\/www.neural-artistry.com\/wp-content\/uploads\/2025\/02\/neural-artistry-portfolio-163_mock_giant-100x100.jpg",100,100,true]},"uagb_author_info":{"display_name":"flake","author_link":"https:\/\/www.neural-artistry.com\/fr\/author\/"},"uagb_comment_info":0,"uagb_excerpt":"A hypnotic fusion of surrealism and Art Deco elegance, this portrait captivates with bold contrasts and gilded geometric accents. Printed on Hahnem\u00fchle FineArt paper with UltraChrome Pro inks, each art print is signed, authenticated, and crafted for timeless allure.","_links":{"self":[{"href":"https:\/\/www.neural-artistry.com\/fr\/wp-json\/wp\/v2\/product\/11299","targetHints":{"allow":["GET"]}}],"collection":[{"href":"https:\/\/www.neural-artistry.com\/fr\/wp-json\/wp\/v2\/product"}],"about":[{"href":"https:\/\/www.neural-artistry.com\/fr\/wp-json\/wp\/v2\/types\/product"}],"replies":[{"embeddable":true,"href":"https:\/\/www.neural-artistry.com\/fr\/wp-json\/wp\/v2\/comments?post=11299"}],"wp:featuredmedia":[{"embeddable":true,"href":"https:\/\/www.neural-artistry.com\/fr\/wp-json\/wp\/v2\/media\/10233"}],"wp:attachment":[{"href":"https:\/\/www.neural-artistry.com\/fr\/wp-json\/wp\/v2\/media?parent=11299"}],"wp:term":[{"taxonomy":"product_brand","embeddable":true,"href":"https:\/\/www.neural-artistry.com\/fr\/wp-json\/wp\/v2\/product_brand?post=11299"},{"taxonomy":"product_cat","embeddable":true,"href":"https:\/\/www.neural-artistry.com\/fr\/wp-json\/wp\/v2\/product_cat?post=11299"},{"taxonomy":"product_tag","embeddable":true,"href":"https:\/\/www.neural-artistry.com\/fr\/wp-json\/wp\/v2\/product_tag?post=11299"}],"curies":[{"name":"wp","href":"https:\/\/api.w.org\/{rel}","templated":true}]}}