{"id":11304,"date":"2025-02-13T13:13:56","date_gmt":"2025-02-13T13:13:56","guid":{"rendered":"https:\/\/www.neural-artistry.com\/shop\/uncategorized\/moonlit-flight-art-print\/"},"modified":"2025-08-21T16:14:04","modified_gmt":"2025-08-21T16:14:04","slug":"moonlit-flight-art-print","status":"publish","type":"product","link":"https:\/\/www.neural-artistry.com\/fr\/shop\/home-garden\/decor\/artwork\/posters-prints-visual-artwork\/moonlit-flight-art-print\/","title":{"rendered":"Impression d&#039;art Vol au clair de lune"},"content":{"rendered":"<h3 style=\"color: #FAF5E5;\">\u00c9vadez-vous dans un monde de r\u00eave tropical<\/h3>\n<p style=\"color: #FAF5E5;\">Laissez votre imagination prendre son envol avec ceci <strong>affiche surr\u00e9aliste vibrante<\/strong>, o\u00f9 un oiseau majestueux plane au-dessus d&#039;une lune brillante, sur fond de d\u00e9cor tropical luxuriant. La fusion de <strong>fantaisie et nature<\/strong> cr\u00e9e une atmosph\u00e8re fantaisiste et onirique, faisant de cette \u0153uvre d&#039;art un ajout \u00e9tonnant \u00e0 tout espace. Que vous soyez un collectionneur de <strong>art conceptuel<\/strong> ou simplement \u00e0 la recherche d&#039;une pi\u00e8ce unique, cette affiche apporte un sentiment de s\u00e9r\u00e9nit\u00e9 et d&#039;\u00e9merveillement \u00e0 vos murs.<\/p>\n<h3 style=\"color: #FAF5E5;\">Tailles disponibles<\/h3>\n<ul style=\"color: #FAF5E5;\">\n<li>16,65 cm x 29,70 cm<\/li>\n<li>23,54 cm x 42,00 cm<\/li>\n<li>27,07 cm x 48,30 cm<\/li>\n<li>33,29 cm x 59,40 cm<\/li>\n<li>43,00 cm x 76,73 cm<\/li>\n<\/ul>\n<h3 style=\"color: #FAF5E5;\">Un savoir-faire exceptionnel et des mat\u00e9riaux de premi\u00e8re qualit\u00e9<\/h3>\n<p style=\"color: #FAF5E5;\">Chaque impression est produite sur <strong>papier Hahnem\u00fchle FineArt de qualit\u00e9 mus\u00e9e<\/strong>, assurant une texture riche et une vivacit\u00e9 de couleur exceptionnelle. <strong>Encres UltraChrome Pro<\/strong>, cette \u0153uvre d&#039;art se vante <strong>qualit\u00e9 archivistique<\/strong> avec des propri\u00e9t\u00e9s r\u00e9sistantes \u00e0 la d\u00e9coloration, pr\u00e9servant sa brillance pendant des ann\u00e9es. Choisissez entre un <strong>finition mate ou brillante<\/strong> pour correspondre \u00e0 vos pr\u00e9f\u00e9rences esth\u00e9tiques.<\/p>\n<h3 style=\"color: #FAF5E5;\">\u0152uvres d&#039;art certifi\u00e9es et exclusives<\/h3>\n<p style=\"color: #FAF5E5;\">Ce n&#039;est pas seulement une affiche, c&#039;est une <strong>pi\u00e8ce de collection unique en son genre<\/strong>. Chaque pi\u00e8ce est <strong>sign\u00e9 et authentifi\u00e9<\/strong>, garantissant son exclusivit\u00e9. Parfait pour les collectionneurs d&#039;art et les passionn\u00e9s \u00e0 la recherche <strong>tirages en \u00e9dition limit\u00e9e<\/strong>.<\/p>\n<h3 style=\"color: #FAF5E5;\">Parfait pour n&#039;importe quel espace<\/h3>\n<p style=\"color: #FAF5E5;\">Impr\u00e9gnez votre environnement avec le <strong>beaut\u00e9 fantaisiste de la nature surr\u00e9aliste<\/strong>Cette superbe \u0153uvre d&#039;art est id\u00e9ale pour :<\/p>\n<ul style=\"color: #FAF5E5;\">\n<li>Salon \u2013 Cr\u00e9ez un point focal audacieux avec ses couleurs vives.<\/li>\n<li>Bureau \u2013 Inspirez la cr\u00e9ativit\u00e9 et l\u2019imagination dans votre espace de travail.<\/li>\n<li>Configuration de jeu \u2013 Am\u00e9liorez votre configuration avec une esth\u00e9tique vibrante et onirique.<\/li>\n<li>Chambre \u2013 Apportez un sentiment de s\u00e9r\u00e9nit\u00e9 et \u00e9vadez-vous dans un monde surr\u00e9aliste.<\/li>\n<\/ul>\n<h3 style=\"color: #FAF5E5;\">Commandez votre affiche exclusive aujourd&#039;hui<\/h3>\n<p style=\"color: #FAF5E5;\">Ne manquez pas l&#039;opportunit\u00e9 de poss\u00e9der ceci <strong>tirage de haute qualit\u00e9 en \u00e9dition limit\u00e9e<\/strong>. Que vous d\u00e9coriez votre maison ou que vous recherchiez un <strong>cadeau unique<\/strong>, cette affiche est un choix \u00e9tonnant. <strong>Commandez maintenant<\/strong> et apportez ce chef-d&#039;\u0153uvre surr\u00e9aliste dans votre espace !<\/p>","protected":false},"excerpt":{"rendered":"<p>Un vol surr\u00e9aliste dans un ciel onirique, o\u00f9 les verts et les jaunes vibrants donnent vie \u00e0 la nature. Cette impression d&#039;art exclusive est r\u00e9alis\u00e9e sur du papier Hahnem\u00fchle FineArt avec des encres UltraChrome Pro, garantissant des d\u00e9tails \u00e0 couper le souffle et une brillance durable.<\/p>","protected":false},"featured_media":10263,"comment_status":"open","ping_status":"closed","template":"","meta":{"_uag_custom_page_level_css":""},"product_brand":[874],"product_cat":[726,721,1268,731],"product_tag":[1016,880,1019,925,1017,906,879,1018,887,902],"class_list":{"0":"post-11304","1":"product","2":"type-product","3":"status-publish","4":"has-post-thumbnail","6":"product_brand-neural-artistry","7":"product_cat-animals","8":"product_cat-nature","9":"product_cat-posters-prints-visual-artwork","10":"product_cat-surrealism","11":"product_tag-bird","12":"product_tag-dreamlike","13":"product_tag-flight","14":"product_tag-green","15":"product_tag-moon","16":"product_tag-nature","17":"product_tag-surreal","18":"product_tag-tropical","19":"product_tag-vibrant","20":"product_tag-yellow","21":"product_shipping_class-chronopost","22":"pa_finish-type-glossy-finish","23":"pa_finish-type-matte-finish","24":"pa_margins-with","25":"pa_margins-without","26":"pa_medium-technique-digital-painting","27":"pa_medium-technique-layering","28":"pa_mood-ambiance-dreamy","29":"pa_mood-ambiance-vibrant","30":"pa_mood-ambiance-whimsical","31":"pa_orientation-portrait","32":"pa_size-16-65cmx29-70cm","33":"pa_size-23-54cmx42-00cm","34":"pa_size-27-07cmx48-30cm","35":"pa_size-33-29cmx59-40cm","36":"pa_size-43-00cmx76-73cm","37":"pa_style-movement-concept-art","38":"pa_style-movement-fantasy","39":"pa_style-movement-surrealism","41":"first","42":"instock","43":"sold-individually","44":"taxable","45":"shipping-taxable","46":"purchasable","47":"product-type-variable","48":"has-default-attributes"},"yoast_head":"<!-- This site is optimized with the Yoast SEO plugin v27.5 - https:\/\/yoast.com\/product\/yoast-seo-wordpress\/ -->\n<title>Moonlit Flight Art Print - Neural Artistry<\/title>\n<meta name=\"robots\" content=\"index, follow, max-snippet:-1, max-image-preview:large, max-video-preview:-1\" \/>\n<link rel=\"canonical\" href=\"https:\/\/www.neural-artistry.com\/fr\/shop\/home-garden\/decor\/artwork\/posters-prints-visual-artwork\/moonlit-flight-art-print\/\" \/>\n<meta property=\"og:locale\" content=\"fr_FR\" \/>\n<meta property=\"og:type\" content=\"article\" \/>\n<meta property=\"og:title\" content=\"Moonlit Flight Art Print - Neural Artistry\" \/>\n<meta property=\"og:description\" content=\"A surreal flight through a dreamlike sky, where vibrant greens and yellows bring nature to life. This exclusive art print is crafted on Hahnem\u00fchle FineArt paper with UltraChrome Pro inks, ensuring breathtaking detail and lasting brilliance.\" \/>\n<meta property=\"og:url\" content=\"https:\/\/www.neural-artistry.com\/fr\/shop\/home-garden\/decor\/artwork\/posters-prints-visual-artwork\/moonlit-flight-art-print\/\" \/>\n<meta property=\"og:site_name\" content=\"Neural Artistry\" \/>\n<meta property=\"article:modified_time\" content=\"2025-08-21T16:14:04+00:00\" \/>\n<meta property=\"og:image\" content=\"https:\/\/www.neural-artistry.com\/wp-content\/uploads\/2025\/02\/neural-artistry-portfolio-168_mock_giant.jpg\" \/>\n\t<meta property=\"og:image:width\" content=\"2048\" \/>\n\t<meta property=\"og:image:height\" content=\"2048\" \/>\n\t<meta property=\"og:image:type\" content=\"image\/jpeg\" \/>\n<meta name=\"twitter:card\" content=\"summary_large_image\" \/>\n<meta name=\"twitter:label1\" content=\"Dur\u00e9e de lecture estim\u00e9e\" \/>\n\t<meta name=\"twitter:data1\" content=\"1 minute\" \/>\n<script type=\"application\/ld+json\" class=\"yoast-schema-graph\">{\"@context\":\"https:\\\/\\\/schema.org\",\"@graph\":[{\"@type\":\"WebPage\",\"@id\":\"https:\\\/\\\/www.neural-artistry.com\\\/shop\\\/home-garden\\\/decor\\\/artwork\\\/posters-prints-visual-artwork\\\/moonlit-flight-art-print\\\/\",\"url\":\"https:\\\/\\\/www.neural-artistry.com\\\/shop\\\/home-garden\\\/decor\\\/artwork\\\/posters-prints-visual-artwork\\\/moonlit-flight-art-print\\\/\",\"name\":\"Moonlit Flight Art Print - Neural Artistry\",\"isPartOf\":{\"@id\":\"https:\\\/\\\/www.neural-artistry.com\\\/#website\"},\"primaryImageOfPage\":{\"@id\":\"https:\\\/\\\/www.neural-artistry.com\\\/shop\\\/home-garden\\\/decor\\\/artwork\\\/posters-prints-visual-artwork\\\/moonlit-flight-art-print\\\/#primaryimage\"},\"image\":{\"@id\":\"https:\\\/\\\/www.neural-artistry.com\\\/shop\\\/home-garden\\\/decor\\\/artwork\\\/posters-prints-visual-artwork\\\/moonlit-flight-art-print\\\/#primaryimage\"},\"thumbnailUrl\":\"https:\\\/\\\/www.neural-artistry.com\\\/wp-content\\\/uploads\\\/2025\\\/02\\\/neural-artistry-portfolio-168_mock_giant.jpg\",\"datePublished\":\"2025-02-13T13:13:56+00:00\",\"dateModified\":\"2025-08-21T16:14:04+00:00\",\"breadcrumb\":{\"@id\":\"https:\\\/\\\/www.neural-artistry.com\\\/shop\\\/home-garden\\\/decor\\\/artwork\\\/posters-prints-visual-artwork\\\/moonlit-flight-art-print\\\/#breadcrumb\"},\"inLanguage\":\"fr-FR\",\"potentialAction\":[{\"@type\":\"ReadAction\",\"target\":[\"https:\\\/\\\/www.neural-artistry.com\\\/shop\\\/home-garden\\\/decor\\\/artwork\\\/posters-prints-visual-artwork\\\/moonlit-flight-art-print\\\/\"]}]},{\"@type\":\"ImageObject\",\"inLanguage\":\"fr-FR\",\"@id\":\"https:\\\/\\\/www.neural-artistry.com\\\/shop\\\/home-garden\\\/decor\\\/artwork\\\/posters-prints-visual-artwork\\\/moonlit-flight-art-print\\\/#primaryimage\",\"url\":\"https:\\\/\\\/www.neural-artistry.com\\\/wp-content\\\/uploads\\\/2025\\\/02\\\/neural-artistry-portfolio-168_mock_giant.jpg\",\"contentUrl\":\"https:\\\/\\\/www.neural-artistry.com\\\/wp-content\\\/uploads\\\/2025\\\/02\\\/neural-artistry-portfolio-168_mock_giant.jpg\",\"width\":2048,\"height\":2048},{\"@type\":\"BreadcrumbList\",\"@id\":\"https:\\\/\\\/www.neural-artistry.com\\\/shop\\\/home-garden\\\/decor\\\/artwork\\\/posters-prints-visual-artwork\\\/moonlit-flight-art-print\\\/#breadcrumb\",\"itemListElement\":[{\"@type\":\"ListItem\",\"position\":1,\"name\":\"Home\",\"item\":\"https:\\\/\\\/www.neural-artistry.com\\\/\"},{\"@type\":\"ListItem\",\"position\":2,\"name\":\"Wall Art Prints \u2013 Custom Canvas &amp; Unique Posters\",\"item\":\"https:\\\/\\\/www.neural-artistry.com\\\/\"},{\"@type\":\"ListItem\",\"position\":3,\"name\":\"Moonlit Flight Art Print\"}]},{\"@type\":\"WebSite\",\"@id\":\"https:\\\/\\\/www.neural-artistry.com\\\/#website\",\"url\":\"https:\\\/\\\/www.neural-artistry.com\\\/\",\"name\":\"Neural Artistry\",\"description\":\"AI Art Posters \u2013 Certified, Premium, Sold Only Once\",\"publisher\":{\"@id\":\"https:\\\/\\\/www.neural-artistry.com\\\/#organization\"},\"potentialAction\":[{\"@type\":\"SearchAction\",\"target\":{\"@type\":\"EntryPoint\",\"urlTemplate\":\"https:\\\/\\\/www.neural-artistry.com\\\/?s={search_term_string}\"},\"query-input\":{\"@type\":\"PropertyValueSpecification\",\"valueRequired\":true,\"valueName\":\"search_term_string\"}}],\"inLanguage\":\"fr-FR\"},{\"@type\":\"Organization\",\"@id\":\"https:\\\/\\\/www.neural-artistry.com\\\/#organization\",\"name\":\"Neural Artistry\",\"url\":\"https:\\\/\\\/www.neural-artistry.com\\\/\",\"logo\":{\"@type\":\"ImageObject\",\"inLanguage\":\"fr-FR\",\"@id\":\"https:\\\/\\\/www.neural-artistry.com\\\/#\\\/schema\\\/logo\\\/image\\\/\",\"url\":\"https:\\\/\\\/www.neural-artistry.com\\\/wp-content\\\/uploads\\\/2025\\\/08\\\/Web-Black-logo-no-background-scaled.webp\",\"contentUrl\":\"https:\\\/\\\/www.neural-artistry.com\\\/wp-content\\\/uploads\\\/2025\\\/08\\\/Web-Black-logo-no-background-scaled.webp\",\"width\":2560,\"height\":976,\"caption\":\"Neural Artistry\"},\"image\":{\"@id\":\"https:\\\/\\\/www.neural-artistry.com\\\/#\\\/schema\\\/logo\\\/image\\\/\"}}]}<\/script>\n<!-- \/ Yoast SEO plugin. -->","yoast_head_json":{"title":"Moonlit Flight Art Print - Neural Artistry","robots":{"index":"index","follow":"follow","max-snippet":"max-snippet:-1","max-image-preview":"max-image-preview:large","max-video-preview":"max-video-preview:-1"},"canonical":"https:\/\/www.neural-artistry.com\/fr\/shop\/home-garden\/decor\/artwork\/posters-prints-visual-artwork\/moonlit-flight-art-print\/","og_locale":"fr_FR","og_type":"article","og_title":"Moonlit Flight Art Print - Neural Artistry","og_description":"A surreal flight through a dreamlike sky, where vibrant greens and yellows bring nature to life. This exclusive art print is crafted on Hahnem\u00fchle FineArt paper with UltraChrome Pro inks, ensuring breathtaking detail and lasting brilliance.","og_url":"https:\/\/www.neural-artistry.com\/fr\/shop\/home-garden\/decor\/artwork\/posters-prints-visual-artwork\/moonlit-flight-art-print\/","og_site_name":"Neural Artistry","article_modified_time":"2025-08-21T16:14:04+00:00","og_image":[{"width":2048,"height":2048,"url":"https:\/\/www.neural-artistry.com\/wp-content\/uploads\/2025\/02\/neural-artistry-portfolio-168_mock_giant.jpg","type":"image\/jpeg"}],"twitter_card":"summary_large_image","twitter_misc":{"Dur\u00e9e de lecture estim\u00e9e":"1 minute"},"schema":{"@context":"https:\/\/schema.org","@graph":[{"@type":"WebPage","@id":"https:\/\/www.neural-artistry.com\/shop\/home-garden\/decor\/artwork\/posters-prints-visual-artwork\/moonlit-flight-art-print\/","url":"https:\/\/www.neural-artistry.com\/shop\/home-garden\/decor\/artwork\/posters-prints-visual-artwork\/moonlit-flight-art-print\/","name":"Moonlit Flight Art Print - Neural Artistry","isPartOf":{"@id":"https:\/\/www.neural-artistry.com\/#website"},"primaryImageOfPage":{"@id":"https:\/\/www.neural-artistry.com\/shop\/home-garden\/decor\/artwork\/posters-prints-visual-artwork\/moonlit-flight-art-print\/#primaryimage"},"image":{"@id":"https:\/\/www.neural-artistry.com\/shop\/home-garden\/decor\/artwork\/posters-prints-visual-artwork\/moonlit-flight-art-print\/#primaryimage"},"thumbnailUrl":"https:\/\/www.neural-artistry.com\/wp-content\/uploads\/2025\/02\/neural-artistry-portfolio-168_mock_giant.jpg","datePublished":"2025-02-13T13:13:56+00:00","dateModified":"2025-08-21T16:14:04+00:00","breadcrumb":{"@id":"https:\/\/www.neural-artistry.com\/shop\/home-garden\/decor\/artwork\/posters-prints-visual-artwork\/moonlit-flight-art-print\/#breadcrumb"},"inLanguage":"fr-FR","potentialAction":[{"@type":"ReadAction","target":["https:\/\/www.neural-artistry.com\/shop\/home-garden\/decor\/artwork\/posters-prints-visual-artwork\/moonlit-flight-art-print\/"]}]},{"@type":"ImageObject","inLanguage":"fr-FR","@id":"https:\/\/www.neural-artistry.com\/shop\/home-garden\/decor\/artwork\/posters-prints-visual-artwork\/moonlit-flight-art-print\/#primaryimage","url":"https:\/\/www.neural-artistry.com\/wp-content\/uploads\/2025\/02\/neural-artistry-portfolio-168_mock_giant.jpg","contentUrl":"https:\/\/www.neural-artistry.com\/wp-content\/uploads\/2025\/02\/neural-artistry-portfolio-168_mock_giant.jpg","width":2048,"height":2048},{"@type":"BreadcrumbList","@id":"https:\/\/www.neural-artistry.com\/shop\/home-garden\/decor\/artwork\/posters-prints-visual-artwork\/moonlit-flight-art-print\/#breadcrumb","itemListElement":[{"@type":"ListItem","position":1,"name":"Home","item":"https:\/\/www.neural-artistry.com\/"},{"@type":"ListItem","position":2,"name":"Wall Art Prints \u2013 Custom Canvas &amp; Unique Posters","item":"https:\/\/www.neural-artistry.com\/"},{"@type":"ListItem","position":3,"name":"Moonlit Flight Art Print"}]},{"@type":"WebSite","@id":"https:\/\/www.neural-artistry.com\/#website","url":"https:\/\/www.neural-artistry.com\/","name":"Neural Artistry","description":"Affiches d&#039;art IA \u2013 Certifi\u00e9es, premium, vendues une seule fois","publisher":{"@id":"https:\/\/www.neural-artistry.com\/#organization"},"potentialAction":[{"@type":"SearchAction","target":{"@type":"EntryPoint","urlTemplate":"https:\/\/www.neural-artistry.com\/?s={search_term_string}"},"query-input":{"@type":"PropertyValueSpecification","valueRequired":true,"valueName":"search_term_string"}}],"inLanguage":"fr-FR"},{"@type":"Organization","@id":"https:\/\/www.neural-artistry.com\/#organization","name":"Neural Artistry","url":"https:\/\/www.neural-artistry.com\/","logo":{"@type":"ImageObject","inLanguage":"fr-FR","@id":"https:\/\/www.neural-artistry.com\/#\/schema\/logo\/image\/","url":"https:\/\/www.neural-artistry.com\/wp-content\/uploads\/2025\/08\/Web-Black-logo-no-background-scaled.webp","contentUrl":"https:\/\/www.neural-artistry.com\/wp-content\/uploads\/2025\/08\/Web-Black-logo-no-background-scaled.webp","width":2560,"height":976,"caption":"Neural Artistry"},"image":{"@id":"https:\/\/www.neural-artistry.com\/#\/schema\/logo\/image\/"}}]}},"uagb_featured_image_src":{"full":["https:\/\/www.neural-artistry.com\/wp-content\/uploads\/2025\/02\/neural-artistry-portfolio-168_mock_giant.jpg",2048,2048,false],"thumbnail":["https:\/\/www.neural-artistry.com\/wp-content\/uploads\/2025\/02\/neural-artistry-portfolio-168_mock_giant-150x150.jpg",150,150,true],"medium":["https:\/\/www.neural-artistry.com\/wp-content\/uploads\/2025\/02\/neural-artistry-portfolio-168_mock_giant-300x300.jpg",300,300,true],"medium_large":["https:\/\/www.neural-artistry.com\/wp-content\/uploads\/2025\/02\/neural-artistry-portfolio-168_mock_giant-768x768.jpg",768,768,true],"large":["https:\/\/www.neural-artistry.com\/wp-content\/uploads\/2025\/02\/neural-artistry-portfolio-168_mock_giant-1024x1024.jpg",1024,1024,true],"1536x1536":["https:\/\/www.neural-artistry.com\/wp-content\/uploads\/2025\/02\/neural-artistry-portfolio-168_mock_giant-1536x1536.jpg",1536,1536,true],"2048x2048":["https:\/\/www.neural-artistry.com\/wp-content\/uploads\/2025\/02\/neural-artistry-portfolio-168_mock_giant.jpg",2048,2048,false],"trp-custom-language-flag":["https:\/\/www.neural-artistry.com\/wp-content\/uploads\/2025\/02\/neural-artistry-portfolio-168_mock_giant-12x12.jpg",12,12,true],"woocommerce_thumbnail":["https:\/\/www.neural-artistry.com\/wp-content\/uploads\/2025\/02\/neural-artistry-portfolio-168_mock_giant-450x450.jpg",450,450,true],"woocommerce_single":["https:\/\/www.neural-artistry.com\/wp-content\/uploads\/2025\/02\/neural-artistry-portfolio-168_mock_giant-600x600.jpg",600,600,true],"woocommerce_gallery_thumbnail":["https:\/\/www.neural-artistry.com\/wp-content\/uploads\/2025\/02\/neural-artistry-portfolio-168_mock_giant-100x100.jpg",100,100,true]},"uagb_author_info":{"display_name":"flake","author_link":"https:\/\/www.neural-artistry.com\/fr\/author\/"},"uagb_comment_info":0,"uagb_excerpt":"A surreal flight through a dreamlike sky, where vibrant greens and yellows bring nature to life. This exclusive art print is crafted on Hahnem\u00fchle FineArt paper with UltraChrome Pro inks, ensuring breathtaking detail and lasting brilliance.","_links":{"self":[{"href":"https:\/\/www.neural-artistry.com\/fr\/wp-json\/wp\/v2\/product\/11304","targetHints":{"allow":["GET"]}}],"collection":[{"href":"https:\/\/www.neural-artistry.com\/fr\/wp-json\/wp\/v2\/product"}],"about":[{"href":"https:\/\/www.neural-artistry.com\/fr\/wp-json\/wp\/v2\/types\/product"}],"replies":[{"embeddable":true,"href":"https:\/\/www.neural-artistry.com\/fr\/wp-json\/wp\/v2\/comments?post=11304"}],"wp:featuredmedia":[{"embeddable":true,"href":"https:\/\/www.neural-artistry.com\/fr\/wp-json\/wp\/v2\/media\/10263"}],"wp:attachment":[{"href":"https:\/\/www.neural-artistry.com\/fr\/wp-json\/wp\/v2\/media?parent=11304"}],"wp:term":[{"taxonomy":"product_brand","embeddable":true,"href":"https:\/\/www.neural-artistry.com\/fr\/wp-json\/wp\/v2\/product_brand?post=11304"},{"taxonomy":"product_cat","embeddable":true,"href":"https:\/\/www.neural-artistry.com\/fr\/wp-json\/wp\/v2\/product_cat?post=11304"},{"taxonomy":"product_tag","embeddable":true,"href":"https:\/\/www.neural-artistry.com\/fr\/wp-json\/wp\/v2\/product_tag?post=11304"}],"curies":[{"name":"wp","href":"https:\/\/api.w.org\/{rel}","templated":true}]}}