{"id":11308,"date":"2025-02-13T13:14:03","date_gmt":"2025-02-13T13:14:03","guid":{"rendered":"https:\/\/www.neural-artistry.com\/shop\/uncategorized\/smoke-and-stripes-art-print\/"},"modified":"2025-08-21T16:14:07","modified_gmt":"2025-08-21T16:14:07","slug":"smoke-and-stripes-art-print","status":"publish","type":"product","link":"https:\/\/www.neural-artistry.com\/fr\/shop\/home-garden\/decor\/artwork\/posters-prints-visual-artwork\/smoke-and-stripes-art-print\/","title":{"rendered":"Impression d&#039;art de fum\u00e9e et de rayures"},"content":{"rendered":"<h3 style=\"color: #FAF5E5;\">Lib\u00e9rez la puissance du surr\u00e9alisme \u2013 Un chef-d\u2019\u0153uvre audacieux et onirique<\/h3>\n<p style=\"color: #FAF5E5;\">Entrez dans un monde o\u00f9 myst\u00e8re et pouvoir se rencontrent. Cette affiche surr\u00e9aliste saisissante pr\u00e9sente une silhouette \u00e0 t\u00eate de tigre dans un \u00e9l\u00e9gant costume d&#039;affaires, envelopp\u00e9e de fum\u00e9e tourbillonnante et de couleurs vives. <strong>esth\u00e9tique n\u00e9o-noir<\/strong> et <strong>art conceptuel<\/strong> cr\u00e9e un visuel \u00e9lectrisant qui attire l&#039;attention. Que vous soyez attir\u00e9 par le <strong>humeur onirique et surnaturelle<\/strong> ou l&#039;intensit\u00e9 pure du contraste et des d\u00e9tails, cette pi\u00e8ce est une d\u00e9claration inoubliable pour n&#039;importe quel espace.<\/p>\n<h3 style=\"color: #FAF5E5;\">Tailles et formats disponibles<\/h3>\n<ul style=\"color: #FAF5E5;\">\n<li>21,00 cm x 27,65 cm<\/li>\n<li>29,70 cm x 39,11 cm<\/li>\n<li>32,90 cm x 43,32 cm<\/li>\n<li>42,00 cm x 55,30 cm<\/li>\n<li>43,00 cm x 56,62 cm<\/li>\n<\/ul>\n<h3 style=\"color: #FAF5E5;\">Un savoir-faire de qualit\u00e9 mus\u00e9ale<\/h3>\n<p style=\"color: #FAF5E5;\">Chaque impression est m\u00e9ticuleusement r\u00e9alis\u00e9e sur <strong>Papier FineArt Hahnem\u00fchle<\/strong> en utilisant <strong>Encres UltraChrome Pro<\/strong> pour une profondeur, une vivacit\u00e9 et une long\u00e9vit\u00e9 archivistique maximales. Le r\u00e9sultat ? Un <strong>Impression r\u00e9sistante \u00e0 la d\u00e9coloration, de qualit\u00e9 mus\u00e9ale<\/strong> qui conserve son \u00e9clat pendant des d\u00e9cennies.<\/p>\n<h3 style=\"color: #FAF5E5;\">Certifi\u00e9 et exclusif<\/h3>\n<p style=\"color: #FAF5E5;\">Ce n&#039;est pas seulement une affiche, c&#039;est une <strong>pi\u00e8ce de collection unique en son genre<\/strong>Chaque impression est livr\u00e9e <strong>sign\u00e9 et authentifi\u00e9<\/strong>, garantissant son exclusivit\u00e9. Parfait pour les collectionneurs et les amateurs d&#039;art.<\/p>\n<h3 style=\"color: #FAF5E5;\">Parfait pour n&#039;importe quel espace<\/h3>\n<p style=\"color: #FAF5E5;\">Am\u00e9liorez votre environnement avec ceci <strong>\u0153uvres d&#039;art surr\u00e9alistes, myst\u00e9rieuses et audacieuses<\/strong>Id\u00e9al pour :<\/p>\n<ul style=\"color: #FAF5E5;\">\n<li>Le salon \u2013 Une pi\u00e8ce ma\u00eetresse pour d\u00e9marrer une conversation<\/li>\n<li>Bureau \u2013 Un symbole de pouvoir et d\u2019ambition<\/li>\n<li>Configuration de jeu \u2013 Une atmosph\u00e8re n\u00e9o-noir saisissante<\/li>\n<li>Chambre \u2013 Une \u00e9vasion onirique dans un autre monde<\/li>\n<\/ul>\n<h3 style=\"color: #FAF5E5;\">Finition mate ou brillante \u2013 votre choix<\/h3>\n<p style=\"color: #FAF5E5;\">Choisissez entre un <strong>mat de qualit\u00e9 sup\u00e9rieure<\/strong> finition pour un look doux et \u00e9l\u00e9gant ou un <strong>finition brillante<\/strong> pour une vivacit\u00e9 et une profondeur accrues.<\/p>\n<h3 style=\"color: #FAF5E5;\">Commandez maintenant \u2013 \u00c9dition limit\u00e9e\u00a0!<\/h3>\n<p style=\"color: #FAF5E5;\">Ne manquez pas votre chance de poss\u00e9der ceci <strong>affiche exclusive de haute qualit\u00e9<\/strong>Que ce soit pour votre collection personnelle ou comme cadeau unique, cette pi\u00e8ce est un incontournable. <strong>Achetez maintenant et transformez votre espace avec un art surr\u00e9aliste.<\/strong><\/p>","protected":false},"excerpt":{"rendered":"<p>Fusion surr\u00e9aliste de puissance et de myst\u00e8re, cette audacieuse reproduction d&#039;art capture une silhouette \u00e0 t\u00eate de tigre perdue dans un paysage urbain de r\u00eave. Imprim\u00e9e sur du papier Hahnem\u00fchle FineArt avec des encres UltraChrome Pro, chaque pi\u00e8ce est sign\u00e9e et authentifi\u00e9e pour une d\u00e9claration v\u00e9ritablement unique en son genre.<\/p>","protected":false},"featured_media":10287,"comment_status":"open","ping_status":"closed","template":"","meta":{"_uag_custom_page_level_css":""},"product_brand":[874],"product_cat":[726,740,1268,731],"product_tag":[1033,1030,915,880,1003,1028,1031,32,1029,1032],"class_list":{"0":"post-11308","1":"product","2":"type-product","3":"status-publish","4":"has-post-thumbnail","6":"product_brand-neural-artistry","7":"product_cat-animals","8":"product_cat-conceptual-art","9":"product_cat-posters-prints-visual-artwork","10":"product_cat-surrealism","11":"product_tag-boldcolors","12":"product_tag-businesssuit","13":"product_tag-contrast","14":"product_tag-dreamlike","15":"product_tag-mystery","16":"product_tag-power","17":"product_tag-smoke","18":"product_tag-surrealism","19":"product_tag-tiger","20":"product_tag-urban","21":"product_shipping_class-chronopost","22":"pa_finish-type-glossy-finish","23":"pa_finish-type-matte-finish","24":"pa_margins-with","25":"pa_margins-without","26":"pa_medium-technique-compositing","27":"pa_medium-technique-digital-collage","28":"pa_medium-technique-photomanipulation","29":"pa_mood-ambiance-dreamy","30":"pa_mood-ambiance-mysterious","31":"pa_mood-ambiance-otherworldly","32":"pa_mood-ambiance-surreal","33":"pa_mood-ambiance-whimsical","34":"pa_orientation-portrait","35":"pa_size-21-00cmx27-65cm","36":"pa_size-29-70cmx39-11cm","37":"pa_size-32-90cmx43-32cm","38":"pa_size-42-00cmx55-30cm","39":"pa_size-43-00cmx56-62cm","40":"pa_style-movement-concept-art","41":"pa_style-movement-neo-noir","42":"pa_style-movement-surrealism","44":"first","45":"instock","46":"sold-individually","47":"taxable","48":"shipping-taxable","49":"purchasable","50":"product-type-variable","51":"has-default-attributes"},"yoast_head":"<!-- This site is optimized with the Yoast SEO plugin v27.5 - https:\/\/yoast.com\/product\/yoast-seo-wordpress\/ -->\n<title>Smoke and Stripes Art Print - Neural Artistry<\/title>\n<meta name=\"robots\" content=\"index, follow, max-snippet:-1, max-image-preview:large, max-video-preview:-1\" \/>\n<link rel=\"canonical\" href=\"https:\/\/www.neural-artistry.com\/fr\/shop\/home-garden\/decor\/artwork\/posters-prints-visual-artwork\/smoke-and-stripes-art-print\/\" \/>\n<meta property=\"og:locale\" content=\"fr_FR\" \/>\n<meta property=\"og:type\" content=\"article\" \/>\n<meta property=\"og:title\" content=\"Smoke and Stripes Art Print - Neural Artistry\" \/>\n<meta property=\"og:description\" content=\"A surreal fusion of power and mystery, this bold art print captures a tiger-headed figure lost in an urban dreamscape. Printed on Hahnem\u00fchle FineArt paper with UltraChrome Pro inks, each piece is signed and authenticated for a truly one-of-a-kind statement.\" \/>\n<meta property=\"og:url\" content=\"https:\/\/www.neural-artistry.com\/fr\/shop\/home-garden\/decor\/artwork\/posters-prints-visual-artwork\/smoke-and-stripes-art-print\/\" \/>\n<meta property=\"og:site_name\" content=\"Neural Artistry\" \/>\n<meta property=\"article:modified_time\" content=\"2025-08-21T16:14:07+00:00\" \/>\n<meta property=\"og:image\" content=\"https:\/\/www.neural-artistry.com\/wp-content\/uploads\/2025\/02\/neural-artistry-portfolio-172_mock_giant.jpg\" \/>\n\t<meta property=\"og:image:width\" content=\"2048\" \/>\n\t<meta property=\"og:image:height\" content=\"2048\" \/>\n\t<meta property=\"og:image:type\" content=\"image\/jpeg\" \/>\n<meta name=\"twitter:card\" content=\"summary_large_image\" \/>\n<meta name=\"twitter:label1\" content=\"Dur\u00e9e de lecture estim\u00e9e\" \/>\n\t<meta name=\"twitter:data1\" content=\"1 minute\" \/>\n<script type=\"application\/ld+json\" class=\"yoast-schema-graph\">{\"@context\":\"https:\\\/\\\/schema.org\",\"@graph\":[{\"@type\":\"WebPage\",\"@id\":\"https:\\\/\\\/www.neural-artistry.com\\\/shop\\\/home-garden\\\/decor\\\/artwork\\\/posters-prints-visual-artwork\\\/smoke-and-stripes-art-print\\\/\",\"url\":\"https:\\\/\\\/www.neural-artistry.com\\\/shop\\\/home-garden\\\/decor\\\/artwork\\\/posters-prints-visual-artwork\\\/smoke-and-stripes-art-print\\\/\",\"name\":\"Smoke and Stripes Art Print - Neural Artistry\",\"isPartOf\":{\"@id\":\"https:\\\/\\\/www.neural-artistry.com\\\/#website\"},\"primaryImageOfPage\":{\"@id\":\"https:\\\/\\\/www.neural-artistry.com\\\/shop\\\/home-garden\\\/decor\\\/artwork\\\/posters-prints-visual-artwork\\\/smoke-and-stripes-art-print\\\/#primaryimage\"},\"image\":{\"@id\":\"https:\\\/\\\/www.neural-artistry.com\\\/shop\\\/home-garden\\\/decor\\\/artwork\\\/posters-prints-visual-artwork\\\/smoke-and-stripes-art-print\\\/#primaryimage\"},\"thumbnailUrl\":\"https:\\\/\\\/www.neural-artistry.com\\\/wp-content\\\/uploads\\\/2025\\\/02\\\/neural-artistry-portfolio-172_mock_giant.jpg\",\"datePublished\":\"2025-02-13T13:14:03+00:00\",\"dateModified\":\"2025-08-21T16:14:07+00:00\",\"breadcrumb\":{\"@id\":\"https:\\\/\\\/www.neural-artistry.com\\\/shop\\\/home-garden\\\/decor\\\/artwork\\\/posters-prints-visual-artwork\\\/smoke-and-stripes-art-print\\\/#breadcrumb\"},\"inLanguage\":\"fr-FR\",\"potentialAction\":[{\"@type\":\"ReadAction\",\"target\":[\"https:\\\/\\\/www.neural-artistry.com\\\/shop\\\/home-garden\\\/decor\\\/artwork\\\/posters-prints-visual-artwork\\\/smoke-and-stripes-art-print\\\/\"]}]},{\"@type\":\"ImageObject\",\"inLanguage\":\"fr-FR\",\"@id\":\"https:\\\/\\\/www.neural-artistry.com\\\/shop\\\/home-garden\\\/decor\\\/artwork\\\/posters-prints-visual-artwork\\\/smoke-and-stripes-art-print\\\/#primaryimage\",\"url\":\"https:\\\/\\\/www.neural-artistry.com\\\/wp-content\\\/uploads\\\/2025\\\/02\\\/neural-artistry-portfolio-172_mock_giant.jpg\",\"contentUrl\":\"https:\\\/\\\/www.neural-artistry.com\\\/wp-content\\\/uploads\\\/2025\\\/02\\\/neural-artistry-portfolio-172_mock_giant.jpg\",\"width\":2048,\"height\":2048},{\"@type\":\"BreadcrumbList\",\"@id\":\"https:\\\/\\\/www.neural-artistry.com\\\/shop\\\/home-garden\\\/decor\\\/artwork\\\/posters-prints-visual-artwork\\\/smoke-and-stripes-art-print\\\/#breadcrumb\",\"itemListElement\":[{\"@type\":\"ListItem\",\"position\":1,\"name\":\"Home\",\"item\":\"https:\\\/\\\/www.neural-artistry.com\\\/\"},{\"@type\":\"ListItem\",\"position\":2,\"name\":\"Wall Art Prints \u2013 Custom Canvas &amp; Unique Posters\",\"item\":\"https:\\\/\\\/www.neural-artistry.com\\\/\"},{\"@type\":\"ListItem\",\"position\":3,\"name\":\"Smoke and Stripes Art Print\"}]},{\"@type\":\"WebSite\",\"@id\":\"https:\\\/\\\/www.neural-artistry.com\\\/#website\",\"url\":\"https:\\\/\\\/www.neural-artistry.com\\\/\",\"name\":\"Neural Artistry\",\"description\":\"AI Art Posters \u2013 Certified, Premium, Sold Only Once\",\"publisher\":{\"@id\":\"https:\\\/\\\/www.neural-artistry.com\\\/#organization\"},\"potentialAction\":[{\"@type\":\"SearchAction\",\"target\":{\"@type\":\"EntryPoint\",\"urlTemplate\":\"https:\\\/\\\/www.neural-artistry.com\\\/?s={search_term_string}\"},\"query-input\":{\"@type\":\"PropertyValueSpecification\",\"valueRequired\":true,\"valueName\":\"search_term_string\"}}],\"inLanguage\":\"fr-FR\"},{\"@type\":\"Organization\",\"@id\":\"https:\\\/\\\/www.neural-artistry.com\\\/#organization\",\"name\":\"Neural Artistry\",\"url\":\"https:\\\/\\\/www.neural-artistry.com\\\/\",\"logo\":{\"@type\":\"ImageObject\",\"inLanguage\":\"fr-FR\",\"@id\":\"https:\\\/\\\/www.neural-artistry.com\\\/#\\\/schema\\\/logo\\\/image\\\/\",\"url\":\"https:\\\/\\\/www.neural-artistry.com\\\/wp-content\\\/uploads\\\/2025\\\/08\\\/Web-Black-logo-no-background-scaled.webp\",\"contentUrl\":\"https:\\\/\\\/www.neural-artistry.com\\\/wp-content\\\/uploads\\\/2025\\\/08\\\/Web-Black-logo-no-background-scaled.webp\",\"width\":2560,\"height\":976,\"caption\":\"Neural Artistry\"},\"image\":{\"@id\":\"https:\\\/\\\/www.neural-artistry.com\\\/#\\\/schema\\\/logo\\\/image\\\/\"}}]}<\/script>\n<!-- \/ Yoast SEO plugin. -->","yoast_head_json":{"title":"Smoke and Stripes Art Print - Neural Artistry","robots":{"index":"index","follow":"follow","max-snippet":"max-snippet:-1","max-image-preview":"max-image-preview:large","max-video-preview":"max-video-preview:-1"},"canonical":"https:\/\/www.neural-artistry.com\/fr\/shop\/home-garden\/decor\/artwork\/posters-prints-visual-artwork\/smoke-and-stripes-art-print\/","og_locale":"fr_FR","og_type":"article","og_title":"Smoke and Stripes Art Print - Neural Artistry","og_description":"A surreal fusion of power and mystery, this bold art print captures a tiger-headed figure lost in an urban dreamscape. Printed on Hahnem\u00fchle FineArt paper with UltraChrome Pro inks, each piece is signed and authenticated for a truly one-of-a-kind statement.","og_url":"https:\/\/www.neural-artistry.com\/fr\/shop\/home-garden\/decor\/artwork\/posters-prints-visual-artwork\/smoke-and-stripes-art-print\/","og_site_name":"Neural Artistry","article_modified_time":"2025-08-21T16:14:07+00:00","og_image":[{"width":2048,"height":2048,"url":"https:\/\/www.neural-artistry.com\/wp-content\/uploads\/2025\/02\/neural-artistry-portfolio-172_mock_giant.jpg","type":"image\/jpeg"}],"twitter_card":"summary_large_image","twitter_misc":{"Dur\u00e9e de lecture estim\u00e9e":"1 minute"},"schema":{"@context":"https:\/\/schema.org","@graph":[{"@type":"WebPage","@id":"https:\/\/www.neural-artistry.com\/shop\/home-garden\/decor\/artwork\/posters-prints-visual-artwork\/smoke-and-stripes-art-print\/","url":"https:\/\/www.neural-artistry.com\/shop\/home-garden\/decor\/artwork\/posters-prints-visual-artwork\/smoke-and-stripes-art-print\/","name":"Smoke and Stripes Art Print - Neural Artistry","isPartOf":{"@id":"https:\/\/www.neural-artistry.com\/#website"},"primaryImageOfPage":{"@id":"https:\/\/www.neural-artistry.com\/shop\/home-garden\/decor\/artwork\/posters-prints-visual-artwork\/smoke-and-stripes-art-print\/#primaryimage"},"image":{"@id":"https:\/\/www.neural-artistry.com\/shop\/home-garden\/decor\/artwork\/posters-prints-visual-artwork\/smoke-and-stripes-art-print\/#primaryimage"},"thumbnailUrl":"https:\/\/www.neural-artistry.com\/wp-content\/uploads\/2025\/02\/neural-artistry-portfolio-172_mock_giant.jpg","datePublished":"2025-02-13T13:14:03+00:00","dateModified":"2025-08-21T16:14:07+00:00","breadcrumb":{"@id":"https:\/\/www.neural-artistry.com\/shop\/home-garden\/decor\/artwork\/posters-prints-visual-artwork\/smoke-and-stripes-art-print\/#breadcrumb"},"inLanguage":"fr-FR","potentialAction":[{"@type":"ReadAction","target":["https:\/\/www.neural-artistry.com\/shop\/home-garden\/decor\/artwork\/posters-prints-visual-artwork\/smoke-and-stripes-art-print\/"]}]},{"@type":"ImageObject","inLanguage":"fr-FR","@id":"https:\/\/www.neural-artistry.com\/shop\/home-garden\/decor\/artwork\/posters-prints-visual-artwork\/smoke-and-stripes-art-print\/#primaryimage","url":"https:\/\/www.neural-artistry.com\/wp-content\/uploads\/2025\/02\/neural-artistry-portfolio-172_mock_giant.jpg","contentUrl":"https:\/\/www.neural-artistry.com\/wp-content\/uploads\/2025\/02\/neural-artistry-portfolio-172_mock_giant.jpg","width":2048,"height":2048},{"@type":"BreadcrumbList","@id":"https:\/\/www.neural-artistry.com\/shop\/home-garden\/decor\/artwork\/posters-prints-visual-artwork\/smoke-and-stripes-art-print\/#breadcrumb","itemListElement":[{"@type":"ListItem","position":1,"name":"Home","item":"https:\/\/www.neural-artistry.com\/"},{"@type":"ListItem","position":2,"name":"Wall Art Prints \u2013 Custom Canvas &amp; Unique Posters","item":"https:\/\/www.neural-artistry.com\/"},{"@type":"ListItem","position":3,"name":"Smoke and Stripes Art Print"}]},{"@type":"WebSite","@id":"https:\/\/www.neural-artistry.com\/#website","url":"https:\/\/www.neural-artistry.com\/","name":"Neural Artistry","description":"Affiches d&#039;art IA \u2013 Certifi\u00e9es, premium, vendues une seule fois","publisher":{"@id":"https:\/\/www.neural-artistry.com\/#organization"},"potentialAction":[{"@type":"SearchAction","target":{"@type":"EntryPoint","urlTemplate":"https:\/\/www.neural-artistry.com\/?s={search_term_string}"},"query-input":{"@type":"PropertyValueSpecification","valueRequired":true,"valueName":"search_term_string"}}],"inLanguage":"fr-FR"},{"@type":"Organization","@id":"https:\/\/www.neural-artistry.com\/#organization","name":"Neural Artistry","url":"https:\/\/www.neural-artistry.com\/","logo":{"@type":"ImageObject","inLanguage":"fr-FR","@id":"https:\/\/www.neural-artistry.com\/#\/schema\/logo\/image\/","url":"https:\/\/www.neural-artistry.com\/wp-content\/uploads\/2025\/08\/Web-Black-logo-no-background-scaled.webp","contentUrl":"https:\/\/www.neural-artistry.com\/wp-content\/uploads\/2025\/08\/Web-Black-logo-no-background-scaled.webp","width":2560,"height":976,"caption":"Neural Artistry"},"image":{"@id":"https:\/\/www.neural-artistry.com\/#\/schema\/logo\/image\/"}}]}},"uagb_featured_image_src":{"full":["https:\/\/www.neural-artistry.com\/wp-content\/uploads\/2025\/02\/neural-artistry-portfolio-172_mock_giant.jpg",2048,2048,false],"thumbnail":["https:\/\/www.neural-artistry.com\/wp-content\/uploads\/2025\/02\/neural-artistry-portfolio-172_mock_giant-150x150.jpg",150,150,true],"medium":["https:\/\/www.neural-artistry.com\/wp-content\/uploads\/2025\/02\/neural-artistry-portfolio-172_mock_giant-300x300.jpg",300,300,true],"medium_large":["https:\/\/www.neural-artistry.com\/wp-content\/uploads\/2025\/02\/neural-artistry-portfolio-172_mock_giant-768x768.jpg",768,768,true],"large":["https:\/\/www.neural-artistry.com\/wp-content\/uploads\/2025\/02\/neural-artistry-portfolio-172_mock_giant-1024x1024.jpg",1024,1024,true],"1536x1536":["https:\/\/www.neural-artistry.com\/wp-content\/uploads\/2025\/02\/neural-artistry-portfolio-172_mock_giant-1536x1536.jpg",1536,1536,true],"2048x2048":["https:\/\/www.neural-artistry.com\/wp-content\/uploads\/2025\/02\/neural-artistry-portfolio-172_mock_giant.jpg",2048,2048,false],"trp-custom-language-flag":["https:\/\/www.neural-artistry.com\/wp-content\/uploads\/2025\/02\/neural-artistry-portfolio-172_mock_giant-12x12.jpg",12,12,true],"woocommerce_thumbnail":["https:\/\/www.neural-artistry.com\/wp-content\/uploads\/2025\/02\/neural-artistry-portfolio-172_mock_giant-450x450.jpg",450,450,true],"woocommerce_single":["https:\/\/www.neural-artistry.com\/wp-content\/uploads\/2025\/02\/neural-artistry-portfolio-172_mock_giant-600x600.jpg",600,600,true],"woocommerce_gallery_thumbnail":["https:\/\/www.neural-artistry.com\/wp-content\/uploads\/2025\/02\/neural-artistry-portfolio-172_mock_giant-100x100.jpg",100,100,true]},"uagb_author_info":{"display_name":"flake","author_link":"https:\/\/www.neural-artistry.com\/fr\/author\/"},"uagb_comment_info":0,"uagb_excerpt":"A surreal fusion of power and mystery, this bold art print captures a tiger-headed figure lost in an urban dreamscape. Printed on Hahnem\u00fchle FineArt paper with UltraChrome Pro inks, each piece is signed and authenticated for a truly one-of-a-kind statement.","_links":{"self":[{"href":"https:\/\/www.neural-artistry.com\/fr\/wp-json\/wp\/v2\/product\/11308","targetHints":{"allow":["GET"]}}],"collection":[{"href":"https:\/\/www.neural-artistry.com\/fr\/wp-json\/wp\/v2\/product"}],"about":[{"href":"https:\/\/www.neural-artistry.com\/fr\/wp-json\/wp\/v2\/types\/product"}],"replies":[{"embeddable":true,"href":"https:\/\/www.neural-artistry.com\/fr\/wp-json\/wp\/v2\/comments?post=11308"}],"wp:featuredmedia":[{"embeddable":true,"href":"https:\/\/www.neural-artistry.com\/fr\/wp-json\/wp\/v2\/media\/10287"}],"wp:attachment":[{"href":"https:\/\/www.neural-artistry.com\/fr\/wp-json\/wp\/v2\/media?parent=11308"}],"wp:term":[{"taxonomy":"product_brand","embeddable":true,"href":"https:\/\/www.neural-artistry.com\/fr\/wp-json\/wp\/v2\/product_brand?post=11308"},{"taxonomy":"product_cat","embeddable":true,"href":"https:\/\/www.neural-artistry.com\/fr\/wp-json\/wp\/v2\/product_cat?post=11308"},{"taxonomy":"product_tag","embeddable":true,"href":"https:\/\/www.neural-artistry.com\/fr\/wp-json\/wp\/v2\/product_tag?post=11308"}],"curies":[{"name":"wp","href":"https:\/\/api.w.org\/{rel}","templated":true}]}}