{"id":11315,"date":"2025-02-13T13:14:17","date_gmt":"2025-02-13T13:14:17","guid":{"rendered":"https:\/\/www.neural-artistry.com\/shop\/uncategorized\/electric-glamour-art-print\/"},"modified":"2025-08-21T16:14:11","modified_gmt":"2025-08-21T16:14:11","slug":"electric-glamour-art-print","status":"publish","type":"product","link":"https:\/\/www.neural-artistry.com\/fr\/shop\/home-garden\/decor\/artwork\/posters-prints-visual-artwork\/electric-glamour-art-print\/","title":{"rendered":"Impression d&#039;art glamour \u00e9lectrique"},"content":{"rendered":"<h3 style=\"color: #FAF5E5;\">Affiche Pop Art dynamique \u2013 Une fusion audacieuse de la mode et du surr\u00e9alisme<\/h3>\n<p style=\"color: #FAF5E5;\">Entrez dans un monde de <strong>contrastes audacieux, esth\u00e9tique n\u00e9on et surr\u00e9alisme de haute couture<\/strong> avec cette impression d&#039;art exclusive. Cette pi\u00e8ce saisissante m\u00e9lange <strong>Pop art, glamour futuriste et art num\u00e9rique expressif<\/strong> pour cr\u00e9er une d\u00e9claration visuellement captivante. Que vous soyez un fan d&#039;esth\u00e9tique avant-gardiste ou que vous cherchiez \u00e0 ajouter une <strong>affiche d&#039;art mural unique<\/strong> pour votre collection, cette impression est un incontournable.<\/p>\n<h4 style=\"color: #FAF5E5;\">Tailles et formats disponibles<\/h4>\n<ul style=\"color: #FAF5E5;\">\n<li>19,80 cm x 29,70 cm<\/li>\n<li>28,00 cm x 42,00 cm<\/li>\n<li>32,20 cm x 48,30 cm<\/li>\n<li>39,60 cm x 59,40 cm<\/li>\n<li>43,00 cm x 64,50 cm<\/li>\n<\/ul>\n<h4 style=\"color: #FAF5E5;\">Fabrication et qualit\u00e9 d&#039;impression haut de gamme<\/h4>\n<p style=\"color: #FAF5E5;\">Chaque affiche est imprim\u00e9e sur <strong>Papier FineArt Hahnem\u00fchle<\/strong> en utilisant <strong>Encres UltraChrome Pro<\/strong>, assurant <strong>tirages de qualit\u00e9 mus\u00e9ale et archivistique<\/strong> qui r\u00e9sistent \u00e0 la d\u00e9coloration et sont riches en d\u00e9tails. Choisissez entre un <strong>finition mate ou brillante<\/strong> pour rehausser le dynamisme de l\u2019\u0153uvre.<\/p>\n<h4 style=\"color: #FAF5E5;\">Authenticit\u00e9 exclusive et certifi\u00e9e<\/h4>\n<p style=\"color: #FAF5E5;\">C&#039;est un <strong>affiche unique en son genre, \u00e9dition limit\u00e9e<\/strong>, sign\u00e9 et authentifi\u00e9 pour plus d&#039;exclusivit\u00e9. Chaque tirage est accompagn\u00e9 d&#039;un <strong>certificat d&#039;authenticit\u00e9<\/strong>, ce qui en fait un ajout pr\u00e9cieux \u00e0 toute collection d&#039;art.<\/p>\n<h4 style=\"color: #FAF5E5;\">Parfait pour n&#039;importe quel espace<\/h4>\n<p style=\"color: #FAF5E5;\">Ce <strong>affiche pop art moderne et expressive<\/strong> est id\u00e9al pour :<\/p>\n<ul style=\"color: #FAF5E5;\">\n<li>Salon \u2013 Cr\u00e9ez un point focal audacieux et \u00e9l\u00e9gant.<\/li>\n<li>Bureau \u2013 Ajoutez une touche de cr\u00e9ativit\u00e9 et d\u2019inspiration.<\/li>\n<li>Configuration de jeu \u2013 Am\u00e9liorez votre espace avec une esth\u00e9tique futuriste.<\/li>\n<li>Chambre \u00e0 coucher \u2013 Rehaussez votre d\u00e9cor avec une \u00e9nergie vibrante et haute couture.<\/li>\n<\/ul>\n<h4 style=\"color: #FAF5E5;\">Un cadeau unique pour les amateurs d&#039;art<\/h4>\n<p style=\"color: #FAF5E5;\">\u00c0 la recherche d&#039;un <strong>cadeau unique en son genre<\/strong>? Ce <strong>affiche exclusive<\/strong> constitue le cadeau id\u00e9al pour les amateurs d&#039;art, les collectionneurs et ceux qui appr\u00e9cient <strong>art mural moderne, surr\u00e9aliste et \u00e9l\u00e9gant<\/strong>.<\/p>\n<h3 style=\"color: #FAF5E5;\">Commandez votre affiche exclusive aujourd&#039;hui<\/h3>\n<p style=\"color: #FAF5E5;\"><strong>Ne manquez pas l&#039;occasion<\/strong> poss\u00e9der ceci <strong>affiche imprim\u00e9e de qualit\u00e9 sup\u00e9rieure<\/strong>. \u00c9levez votre espace avec une pi\u00e8ce qui se marie <strong>mode, culture pop et surr\u00e9alisme<\/strong> d&#039;une mani\u00e8re vraiment inoubliable. <strong>Acheter maintenant<\/strong> et apportez cette superbe \u0153uvre d\u2019art dans votre monde !<\/p>","protected":false},"excerpt":{"rendered":"<p>Impr\u00e9gn\u00e9e d&#039;une brillance n\u00e9on, cette audacieuse impression pop art fusionne mode et surr\u00e9alisme dans une vision futuriste. Imprim\u00e9e sur du papier Hahnem\u00fchle FineArt de qualit\u00e9 sup\u00e9rieure avec des encres UltraChrome Pro, chaque pi\u00e8ce est sign\u00e9e, authentifi\u00e9e et con\u00e7ue pour \u00e9lectrifier tout espace moderne.<\/p>","protected":false},"featured_media":10329,"comment_status":"open","ping_status":"closed","template":"","meta":{"_uag_custom_page_level_css":""},"product_brand":[874],"product_cat":[744,725,1268,731],"product_tag":[900,1057,901,935,1046,897,894,885,879,898],"class_list":{"0":"post-11315","1":"product","2":"type-product","3":"status-publish","4":"has-post-thumbnail","6":"product_brand-neural-artistry","7":"product_cat-pop-culture","8":"product_cat-portraits","9":"product_cat-posters-prints-visual-artwork","10":"product_cat-surrealism","11":"product_tag-boldcontrast","12":"product_tag-expressive","13":"product_tag-fashion","14":"product_tag-futuristic","15":"product_tag-glamour","16":"product_tag-modern","17":"product_tag-neon","18":"product_tag-popart","19":"product_tag-surreal","20":"product_tag-vibrantcolors","21":"product_shipping_class-chronopost","22":"pa_finish-type-glossy-finish","23":"pa_finish-type-matte-finish","24":"pa_margins-with","25":"pa_margins-without","26":"pa_medium-technique-digital-painting","27":"pa_medium-technique-mixed-media-digital","28":"pa_medium-technique-photomanipulation","29":"pa_mood-ambiance-avant-garde","30":"pa_mood-ambiance-bold","31":"pa_mood-ambiance-futuristic","32":"pa_mood-ambiance-playful","33":"pa_mood-ambiance-vibrant","34":"pa_orientation-portrait","35":"pa_size-19-80cmx29-70cm","36":"pa_size-28-00cmx42-00cm","37":"pa_size-32-20cmx48-30cm","38":"pa_size-39-60cmx59-40cm","39":"pa_size-43-00cmx64-50cm","40":"pa_style-movement-pop-art","41":"pa_style-movement-surrealism","43":"first","44":"instock","45":"sold-individually","46":"taxable","47":"shipping-taxable","48":"purchasable","49":"product-type-variable","50":"has-default-attributes"},"yoast_head":"<!-- This site is optimized with the Yoast SEO plugin v27.5 - https:\/\/yoast.com\/product\/yoast-seo-wordpress\/ -->\n<title>Electric Glamour Art Print - Neural Artistry<\/title>\n<meta name=\"robots\" content=\"index, follow, max-snippet:-1, max-image-preview:large, max-video-preview:-1\" \/>\n<link rel=\"canonical\" href=\"https:\/\/www.neural-artistry.com\/fr\/shop\/home-garden\/decor\/artwork\/posters-prints-visual-artwork\/electric-glamour-art-print\/\" \/>\n<meta property=\"og:locale\" content=\"fr_FR\" \/>\n<meta property=\"og:type\" content=\"article\" \/>\n<meta property=\"og:title\" content=\"Electric Glamour Art Print - Neural Artistry\" \/>\n<meta property=\"og:description\" content=\"Drenched in neon brilliance, this bold pop art print merges fashion and surrealism in a futuristic vision. Printed on premium Hahnem\u00fchle FineArt paper with UltraChrome Pro inks, each piece is signed, authenticated, and crafted to electrify any modern space.\" \/>\n<meta property=\"og:url\" content=\"https:\/\/www.neural-artistry.com\/fr\/shop\/home-garden\/decor\/artwork\/posters-prints-visual-artwork\/electric-glamour-art-print\/\" \/>\n<meta property=\"og:site_name\" content=\"Neural Artistry\" \/>\n<meta property=\"article:modified_time\" content=\"2025-08-21T16:14:11+00:00\" \/>\n<meta property=\"og:image\" content=\"https:\/\/www.neural-artistry.com\/wp-content\/uploads\/2025\/02\/neural-artistry-portfolio-179_mock_giant.jpg\" \/>\n\t<meta property=\"og:image:width\" content=\"2048\" \/>\n\t<meta property=\"og:image:height\" content=\"2048\" \/>\n\t<meta property=\"og:image:type\" content=\"image\/jpeg\" \/>\n<meta name=\"twitter:card\" content=\"summary_large_image\" \/>\n<meta name=\"twitter:label1\" content=\"Dur\u00e9e de lecture estim\u00e9e\" \/>\n\t<meta name=\"twitter:data1\" content=\"1 minute\" \/>\n<script type=\"application\/ld+json\" class=\"yoast-schema-graph\">{\"@context\":\"https:\\\/\\\/schema.org\",\"@graph\":[{\"@type\":\"WebPage\",\"@id\":\"https:\\\/\\\/www.neural-artistry.com\\\/shop\\\/home-garden\\\/decor\\\/artwork\\\/posters-prints-visual-artwork\\\/electric-glamour-art-print\\\/\",\"url\":\"https:\\\/\\\/www.neural-artistry.com\\\/shop\\\/home-garden\\\/decor\\\/artwork\\\/posters-prints-visual-artwork\\\/electric-glamour-art-print\\\/\",\"name\":\"Electric Glamour Art Print - Neural Artistry\",\"isPartOf\":{\"@id\":\"https:\\\/\\\/www.neural-artistry.com\\\/#website\"},\"primaryImageOfPage\":{\"@id\":\"https:\\\/\\\/www.neural-artistry.com\\\/shop\\\/home-garden\\\/decor\\\/artwork\\\/posters-prints-visual-artwork\\\/electric-glamour-art-print\\\/#primaryimage\"},\"image\":{\"@id\":\"https:\\\/\\\/www.neural-artistry.com\\\/shop\\\/home-garden\\\/decor\\\/artwork\\\/posters-prints-visual-artwork\\\/electric-glamour-art-print\\\/#primaryimage\"},\"thumbnailUrl\":\"https:\\\/\\\/www.neural-artistry.com\\\/wp-content\\\/uploads\\\/2025\\\/02\\\/neural-artistry-portfolio-179_mock_giant.jpg\",\"datePublished\":\"2025-02-13T13:14:17+00:00\",\"dateModified\":\"2025-08-21T16:14:11+00:00\",\"breadcrumb\":{\"@id\":\"https:\\\/\\\/www.neural-artistry.com\\\/shop\\\/home-garden\\\/decor\\\/artwork\\\/posters-prints-visual-artwork\\\/electric-glamour-art-print\\\/#breadcrumb\"},\"inLanguage\":\"fr-FR\",\"potentialAction\":[{\"@type\":\"ReadAction\",\"target\":[\"https:\\\/\\\/www.neural-artistry.com\\\/shop\\\/home-garden\\\/decor\\\/artwork\\\/posters-prints-visual-artwork\\\/electric-glamour-art-print\\\/\"]}]},{\"@type\":\"ImageObject\",\"inLanguage\":\"fr-FR\",\"@id\":\"https:\\\/\\\/www.neural-artistry.com\\\/shop\\\/home-garden\\\/decor\\\/artwork\\\/posters-prints-visual-artwork\\\/electric-glamour-art-print\\\/#primaryimage\",\"url\":\"https:\\\/\\\/www.neural-artistry.com\\\/wp-content\\\/uploads\\\/2025\\\/02\\\/neural-artistry-portfolio-179_mock_giant.jpg\",\"contentUrl\":\"https:\\\/\\\/www.neural-artistry.com\\\/wp-content\\\/uploads\\\/2025\\\/02\\\/neural-artistry-portfolio-179_mock_giant.jpg\",\"width\":2048,\"height\":2048},{\"@type\":\"BreadcrumbList\",\"@id\":\"https:\\\/\\\/www.neural-artistry.com\\\/shop\\\/home-garden\\\/decor\\\/artwork\\\/posters-prints-visual-artwork\\\/electric-glamour-art-print\\\/#breadcrumb\",\"itemListElement\":[{\"@type\":\"ListItem\",\"position\":1,\"name\":\"Home\",\"item\":\"https:\\\/\\\/www.neural-artistry.com\\\/\"},{\"@type\":\"ListItem\",\"position\":2,\"name\":\"Wall Art Prints \u2013 Custom Canvas &amp; Unique Posters\",\"item\":\"https:\\\/\\\/www.neural-artistry.com\\\/\"},{\"@type\":\"ListItem\",\"position\":3,\"name\":\"Electric Glamour Art Print\"}]},{\"@type\":\"WebSite\",\"@id\":\"https:\\\/\\\/www.neural-artistry.com\\\/#website\",\"url\":\"https:\\\/\\\/www.neural-artistry.com\\\/\",\"name\":\"Neural Artistry\",\"description\":\"AI Art Posters \u2013 Certified, Premium, Sold Only Once\",\"publisher\":{\"@id\":\"https:\\\/\\\/www.neural-artistry.com\\\/#organization\"},\"potentialAction\":[{\"@type\":\"SearchAction\",\"target\":{\"@type\":\"EntryPoint\",\"urlTemplate\":\"https:\\\/\\\/www.neural-artistry.com\\\/?s={search_term_string}\"},\"query-input\":{\"@type\":\"PropertyValueSpecification\",\"valueRequired\":true,\"valueName\":\"search_term_string\"}}],\"inLanguage\":\"fr-FR\"},{\"@type\":\"Organization\",\"@id\":\"https:\\\/\\\/www.neural-artistry.com\\\/#organization\",\"name\":\"Neural Artistry\",\"url\":\"https:\\\/\\\/www.neural-artistry.com\\\/\",\"logo\":{\"@type\":\"ImageObject\",\"inLanguage\":\"fr-FR\",\"@id\":\"https:\\\/\\\/www.neural-artistry.com\\\/#\\\/schema\\\/logo\\\/image\\\/\",\"url\":\"https:\\\/\\\/www.neural-artistry.com\\\/wp-content\\\/uploads\\\/2025\\\/08\\\/Web-Black-logo-no-background-scaled.webp\",\"contentUrl\":\"https:\\\/\\\/www.neural-artistry.com\\\/wp-content\\\/uploads\\\/2025\\\/08\\\/Web-Black-logo-no-background-scaled.webp\",\"width\":2560,\"height\":976,\"caption\":\"Neural Artistry\"},\"image\":{\"@id\":\"https:\\\/\\\/www.neural-artistry.com\\\/#\\\/schema\\\/logo\\\/image\\\/\"}}]}<\/script>\n<!-- \/ Yoast SEO plugin. -->","yoast_head_json":{"title":"Electric Glamour Art Print - Neural Artistry","robots":{"index":"index","follow":"follow","max-snippet":"max-snippet:-1","max-image-preview":"max-image-preview:large","max-video-preview":"max-video-preview:-1"},"canonical":"https:\/\/www.neural-artistry.com\/fr\/shop\/home-garden\/decor\/artwork\/posters-prints-visual-artwork\/electric-glamour-art-print\/","og_locale":"fr_FR","og_type":"article","og_title":"Electric Glamour Art Print - Neural Artistry","og_description":"Drenched in neon brilliance, this bold pop art print merges fashion and surrealism in a futuristic vision. Printed on premium Hahnem\u00fchle FineArt paper with UltraChrome Pro inks, each piece is signed, authenticated, and crafted to electrify any modern space.","og_url":"https:\/\/www.neural-artistry.com\/fr\/shop\/home-garden\/decor\/artwork\/posters-prints-visual-artwork\/electric-glamour-art-print\/","og_site_name":"Neural Artistry","article_modified_time":"2025-08-21T16:14:11+00:00","og_image":[{"width":2048,"height":2048,"url":"https:\/\/www.neural-artistry.com\/wp-content\/uploads\/2025\/02\/neural-artistry-portfolio-179_mock_giant.jpg","type":"image\/jpeg"}],"twitter_card":"summary_large_image","twitter_misc":{"Dur\u00e9e de lecture estim\u00e9e":"1 minute"},"schema":{"@context":"https:\/\/schema.org","@graph":[{"@type":"WebPage","@id":"https:\/\/www.neural-artistry.com\/shop\/home-garden\/decor\/artwork\/posters-prints-visual-artwork\/electric-glamour-art-print\/","url":"https:\/\/www.neural-artistry.com\/shop\/home-garden\/decor\/artwork\/posters-prints-visual-artwork\/electric-glamour-art-print\/","name":"Electric Glamour Art Print - Neural Artistry","isPartOf":{"@id":"https:\/\/www.neural-artistry.com\/#website"},"primaryImageOfPage":{"@id":"https:\/\/www.neural-artistry.com\/shop\/home-garden\/decor\/artwork\/posters-prints-visual-artwork\/electric-glamour-art-print\/#primaryimage"},"image":{"@id":"https:\/\/www.neural-artistry.com\/shop\/home-garden\/decor\/artwork\/posters-prints-visual-artwork\/electric-glamour-art-print\/#primaryimage"},"thumbnailUrl":"https:\/\/www.neural-artistry.com\/wp-content\/uploads\/2025\/02\/neural-artistry-portfolio-179_mock_giant.jpg","datePublished":"2025-02-13T13:14:17+00:00","dateModified":"2025-08-21T16:14:11+00:00","breadcrumb":{"@id":"https:\/\/www.neural-artistry.com\/shop\/home-garden\/decor\/artwork\/posters-prints-visual-artwork\/electric-glamour-art-print\/#breadcrumb"},"inLanguage":"fr-FR","potentialAction":[{"@type":"ReadAction","target":["https:\/\/www.neural-artistry.com\/shop\/home-garden\/decor\/artwork\/posters-prints-visual-artwork\/electric-glamour-art-print\/"]}]},{"@type":"ImageObject","inLanguage":"fr-FR","@id":"https:\/\/www.neural-artistry.com\/shop\/home-garden\/decor\/artwork\/posters-prints-visual-artwork\/electric-glamour-art-print\/#primaryimage","url":"https:\/\/www.neural-artistry.com\/wp-content\/uploads\/2025\/02\/neural-artistry-portfolio-179_mock_giant.jpg","contentUrl":"https:\/\/www.neural-artistry.com\/wp-content\/uploads\/2025\/02\/neural-artistry-portfolio-179_mock_giant.jpg","width":2048,"height":2048},{"@type":"BreadcrumbList","@id":"https:\/\/www.neural-artistry.com\/shop\/home-garden\/decor\/artwork\/posters-prints-visual-artwork\/electric-glamour-art-print\/#breadcrumb","itemListElement":[{"@type":"ListItem","position":1,"name":"Home","item":"https:\/\/www.neural-artistry.com\/"},{"@type":"ListItem","position":2,"name":"Wall Art Prints \u2013 Custom Canvas &amp; Unique Posters","item":"https:\/\/www.neural-artistry.com\/"},{"@type":"ListItem","position":3,"name":"Electric Glamour Art Print"}]},{"@type":"WebSite","@id":"https:\/\/www.neural-artistry.com\/#website","url":"https:\/\/www.neural-artistry.com\/","name":"Neural Artistry","description":"Affiches d&#039;art IA \u2013 Certifi\u00e9es, premium, vendues une seule fois","publisher":{"@id":"https:\/\/www.neural-artistry.com\/#organization"},"potentialAction":[{"@type":"SearchAction","target":{"@type":"EntryPoint","urlTemplate":"https:\/\/www.neural-artistry.com\/?s={search_term_string}"},"query-input":{"@type":"PropertyValueSpecification","valueRequired":true,"valueName":"search_term_string"}}],"inLanguage":"fr-FR"},{"@type":"Organization","@id":"https:\/\/www.neural-artistry.com\/#organization","name":"Neural Artistry","url":"https:\/\/www.neural-artistry.com\/","logo":{"@type":"ImageObject","inLanguage":"fr-FR","@id":"https:\/\/www.neural-artistry.com\/#\/schema\/logo\/image\/","url":"https:\/\/www.neural-artistry.com\/wp-content\/uploads\/2025\/08\/Web-Black-logo-no-background-scaled.webp","contentUrl":"https:\/\/www.neural-artistry.com\/wp-content\/uploads\/2025\/08\/Web-Black-logo-no-background-scaled.webp","width":2560,"height":976,"caption":"Neural Artistry"},"image":{"@id":"https:\/\/www.neural-artistry.com\/#\/schema\/logo\/image\/"}}]}},"uagb_featured_image_src":{"full":["https:\/\/www.neural-artistry.com\/wp-content\/uploads\/2025\/02\/neural-artistry-portfolio-179_mock_giant.jpg",2048,2048,false],"thumbnail":["https:\/\/www.neural-artistry.com\/wp-content\/uploads\/2025\/02\/neural-artistry-portfolio-179_mock_giant-150x150.jpg",150,150,true],"medium":["https:\/\/www.neural-artistry.com\/wp-content\/uploads\/2025\/02\/neural-artistry-portfolio-179_mock_giant-300x300.jpg",300,300,true],"medium_large":["https:\/\/www.neural-artistry.com\/wp-content\/uploads\/2025\/02\/neural-artistry-portfolio-179_mock_giant-768x768.jpg",768,768,true],"large":["https:\/\/www.neural-artistry.com\/wp-content\/uploads\/2025\/02\/neural-artistry-portfolio-179_mock_giant-1024x1024.jpg",1024,1024,true],"1536x1536":["https:\/\/www.neural-artistry.com\/wp-content\/uploads\/2025\/02\/neural-artistry-portfolio-179_mock_giant-1536x1536.jpg",1536,1536,true],"2048x2048":["https:\/\/www.neural-artistry.com\/wp-content\/uploads\/2025\/02\/neural-artistry-portfolio-179_mock_giant.jpg",2048,2048,false],"trp-custom-language-flag":["https:\/\/www.neural-artistry.com\/wp-content\/uploads\/2025\/02\/neural-artistry-portfolio-179_mock_giant-12x12.jpg",12,12,true],"woocommerce_thumbnail":["https:\/\/www.neural-artistry.com\/wp-content\/uploads\/2025\/02\/neural-artistry-portfolio-179_mock_giant-450x450.jpg",450,450,true],"woocommerce_single":["https:\/\/www.neural-artistry.com\/wp-content\/uploads\/2025\/02\/neural-artistry-portfolio-179_mock_giant-600x600.jpg",600,600,true],"woocommerce_gallery_thumbnail":["https:\/\/www.neural-artistry.com\/wp-content\/uploads\/2025\/02\/neural-artistry-portfolio-179_mock_giant-100x100.jpg",100,100,true]},"uagb_author_info":{"display_name":"flake","author_link":"https:\/\/www.neural-artistry.com\/fr\/author\/"},"uagb_comment_info":0,"uagb_excerpt":"Drenched in neon brilliance, this bold pop art print merges fashion and surrealism in a futuristic vision. Printed on premium Hahnem\u00fchle FineArt paper with UltraChrome Pro inks, each piece is signed, authenticated, and crafted to electrify any modern space.","_links":{"self":[{"href":"https:\/\/www.neural-artistry.com\/fr\/wp-json\/wp\/v2\/product\/11315","targetHints":{"allow":["GET"]}}],"collection":[{"href":"https:\/\/www.neural-artistry.com\/fr\/wp-json\/wp\/v2\/product"}],"about":[{"href":"https:\/\/www.neural-artistry.com\/fr\/wp-json\/wp\/v2\/types\/product"}],"replies":[{"embeddable":true,"href":"https:\/\/www.neural-artistry.com\/fr\/wp-json\/wp\/v2\/comments?post=11315"}],"wp:featuredmedia":[{"embeddable":true,"href":"https:\/\/www.neural-artistry.com\/fr\/wp-json\/wp\/v2\/media\/10329"}],"wp:attachment":[{"href":"https:\/\/www.neural-artistry.com\/fr\/wp-json\/wp\/v2\/media?parent=11315"}],"wp:term":[{"taxonomy":"product_brand","embeddable":true,"href":"https:\/\/www.neural-artistry.com\/fr\/wp-json\/wp\/v2\/product_brand?post=11315"},{"taxonomy":"product_cat","embeddable":true,"href":"https:\/\/www.neural-artistry.com\/fr\/wp-json\/wp\/v2\/product_cat?post=11315"},{"taxonomy":"product_tag","embeddable":true,"href":"https:\/\/www.neural-artistry.com\/fr\/wp-json\/wp\/v2\/product_tag?post=11315"}],"curies":[{"name":"wp","href":"https:\/\/api.w.org\/{rel}","templated":true}]}}