{"id":11323,"date":"2025-02-13T13:14:53","date_gmt":"2025-02-13T13:14:53","guid":{"rendered":"https:\/\/www.neural-artistry.com\/shop\/uncategorized\/solar-flair-art-print\/"},"modified":"2025-08-21T16:14:15","modified_gmt":"2025-08-21T16:14:15","slug":"solar-flair-art-print","status":"publish","type":"product","link":"https:\/\/www.neural-artistry.com\/fr\/shop\/home-garden\/decor\/artwork\/posters-prints-visual-artwork\/solar-flair-art-print\/","title":{"rendered":"Impression d&#039;art Flair solaire"},"content":{"rendered":"<h3 style=\"color: #FAF5E5;\">Pop Art audacieux et futuriste \u2013 Une expression vivante du style moderne<\/h3>\n<p style=\"color: #FAF5E5;\">Entrez dans un monde de <strong>\u00e9nergie vibrante, esth\u00e9tique surr\u00e9aliste et mode audacieuse<\/strong> avec cette impression d&#039;art exclusive. Fusion <strong>influences de la culture pop, art conceptuel et \u00e9l\u00e9ments futuristes<\/strong>, cette pi\u00e8ce capture l&#039;essence de la confiance en soi ludique. Le contraste saisissant des couleurs vives et de la composition abstraite en fait un ajout remarquable \u00e0 tout espace moderne.<\/p>\n<h3 style=\"color: #FAF5E5;\">Tailles et formats disponibles<\/h3>\n<ul style=\"color: #FAF5E5;\">\n<li>19,80 cm x 29,70 cm<\/li>\n<li>28,00 cm x 42,00 cm<\/li>\n<li>32,20 cm x 48,30 cm<\/li>\n<li>39,60 cm x 59,40 cm<\/li>\n<li>43,00 cm x 64,50 cm<\/li>\n<\/ul>\n<h3 style=\"color: #FAF5E5;\">Fabrication et qualit\u00e9 d&#039;impression haut de gamme<\/h3>\n<p style=\"color: #FAF5E5;\">Ce <strong>affiche en \u00e9dition limit\u00e9e<\/strong> est imprim\u00e9 sur <strong>Papier FineArt Hahnem\u00fchle<\/strong>, garantissant une finition de qualit\u00e9 mus\u00e9ale avec une profondeur de couleur et une durabilit\u00e9 exceptionnelles. <strong>Encres UltraChrome Pro<\/strong>, cette impression offre <strong>dynamisme de qualit\u00e9 archivistique<\/strong> qui reste r\u00e9sistant \u00e0 la d\u00e9coloration pendant des ann\u00e9es.<\/p>\n<h3 style=\"color: #FAF5E5;\">Certificat d&#039;authenticit\u00e9<\/h3>\n<p style=\"color: #FAF5E5;\">Chaque impression est <strong>unique en son genre<\/strong>, sign\u00e9 et accompagn\u00e9 d&#039;un document officiel <strong>Certificat d&#039;authenticit\u00e9<\/strong>, garantissant son exclusivit\u00e9 et sa valeur de collection.<\/p>\n<h3 style=\"color: #FAF5E5;\">Parfait pour tout espace moderne<\/h3>\n<p style=\"color: #FAF5E5;\">Que vous cherchiez \u00e0 am\u00e9liorer votre <strong>salon, bureau, configuration de jeu ou espace de travail cr\u00e9atif<\/strong>, cette pi\u00e8ce frappante ajoute une touche d&#039;audace et de sophistication \u00e0 n&#039;importe quel environnement. <strong>esth\u00e9tique ludique mais futuriste<\/strong> ce qui en fait un choix id\u00e9al pour les collectionneurs d\u2019art et les passionn\u00e9s de culture pop.<\/p>\n<h3 style=\"color: #FAF5E5;\">Choisissez votre finition<\/h3>\n<ul style=\"color: #FAF5E5;\">\n<li><strong>Finition mate :<\/strong> Une surface douce et non r\u00e9fl\u00e9chissante pour un look raffin\u00e9 et artistique.<\/li>\n<li><strong>Finition brillante :<\/strong> Une option vibrante et tr\u00e8s brillante qui am\u00e9liore la profondeur des couleurs et le contraste.<\/li>\n<\/ul>\n<h3 style=\"color: #FAF5E5;\">Pourquoi choisir cette affiche exclusive ?<\/h3>\n<ul style=\"color: #FAF5E5;\">\n<li>Imprim\u00e9 sur <strong>Papier FineArt Hahnem\u00fchle<\/strong> pour des r\u00e9sultats de qualit\u00e9 mus\u00e9ale.<\/li>\n<li>Utilisations <strong>Encres UltraChrome Pro<\/strong> pour une vitalit\u00e9 durable.<\/li>\n<li><strong>\u00c9dition limit\u00e9e<\/strong> avec un certificat d&#039;authenticit\u00e9 sign\u00e9.<\/li>\n<li>Disponible en plusieurs tailles pour s&#039;adapter \u00e0 votre espace.<\/li>\n<li>Id\u00e9al pour <strong>d\u00e9coration int\u00e9rieure, espaces de bureau et cadeaux uniques<\/strong>.<\/li>\n<\/ul>\n<h3 style=\"color: #FAF5E5;\">Commandez le v\u00f4tre aujourd&#039;hui<\/h3>\n<p style=\"color: #FAF5E5;\">\u00c9levez votre espace avec un <strong>affiche imprim\u00e9e unique en son genre et de haute qualit\u00e9<\/strong>Que vous soyez un collectionneur, un passionn\u00e9 de d\u00e9coration int\u00e9rieure ou \u00e0 la recherche d&#039;un cadeau unique, ce <strong>impression pop art exclusive<\/strong> est un incontournable. <strong>Commandez maintenant<\/strong> et apportez une \u00e9nergie vibrante \u00e0 vos murs !<\/p>","protected":false},"excerpt":{"rendered":"<p>Fusion audacieuse d&#039;une mode surr\u00e9aliste et d&#039;une \u00e9nergie vibrante, cette impression d&#039;art enflamme les sens avec un charme futuriste. Imprim\u00e9e sur du papier Hahnem\u00fchle FineArt de qualit\u00e9 sup\u00e9rieure avec des encres UltraChrome Pro, chaque pi\u00e8ce est sign\u00e9e et authentifi\u00e9e pour une d\u00e9claration vraiment exclusive.<\/p>","protected":false},"featured_media":10377,"comment_status":"open","ping_status":"closed","template":"","meta":{"_uag_custom_page_level_css":""},"product_brand":[874],"product_cat":[740,743,744,1268],"product_tag":[932,55,901,935,897,889,907,1062,879,887],"class_list":{"0":"post-11323","1":"product","2":"type-product","3":"status-publish","4":"has-post-thumbnail","6":"product_brand-neural-artistry","7":"product_cat-conceptual-art","8":"product_cat-human-emotions","9":"product_cat-pop-culture","10":"product_cat-posters-prints-visual-artwork","11":"product_tag-abstract","12":"product_tag-bold-colors","13":"product_tag-fashion","14":"product_tag-futuristic","15":"product_tag-modern","16":"product_tag-playful","17":"product_tag-portrait","18":"product_tag-summer","19":"product_tag-surreal","20":"product_tag-vibrant","21":"product_shipping_class-chronopost","22":"pa_finish-type-glossy-finish","23":"pa_finish-type-matte-finish","24":"pa_margins-with","25":"pa_margins-without","26":"pa_medium-technique-digital-painting","27":"pa_medium-technique-mixed-media-digital","28":"pa_medium-technique-photomanipulation","29":"pa_mood-ambiance-bold","30":"pa_mood-ambiance-energetic","31":"pa_mood-ambiance-futuristic","32":"pa_mood-ambiance-playful","33":"pa_mood-ambiance-vibrant","34":"pa_orientation-portrait","35":"pa_size-19-80cmx29-70cm","36":"pa_size-28-00cmx42-00cm","37":"pa_size-32-20cmx48-30cm","38":"pa_size-39-60cmx59-40cm","39":"pa_size-43-00cmx64-50cm","40":"pa_style-movement-concept-art","41":"pa_style-movement-pop-art","42":"pa_style-movement-surrealism","44":"first","45":"instock","46":"sold-individually","47":"taxable","48":"shipping-taxable","49":"purchasable","50":"product-type-variable","51":"has-default-attributes"},"yoast_head":"<!-- This site is optimized with the Yoast SEO plugin v27.5 - https:\/\/yoast.com\/product\/yoast-seo-wordpress\/ -->\n<title>Solar Flair Art Print - Neural Artistry<\/title>\n<meta name=\"robots\" content=\"index, follow, max-snippet:-1, max-image-preview:large, max-video-preview:-1\" \/>\n<link rel=\"canonical\" href=\"https:\/\/www.neural-artistry.com\/fr\/shop\/home-garden\/decor\/artwork\/posters-prints-visual-artwork\/solar-flair-art-print\/\" \/>\n<meta property=\"og:locale\" content=\"fr_FR\" \/>\n<meta property=\"og:type\" content=\"article\" \/>\n<meta property=\"og:title\" content=\"Solar Flair Art Print - Neural Artistry\" \/>\n<meta property=\"og:description\" content=\"A bold fusion of surreal fashion and vibrant energy, this art print ignites the senses with futuristic charm. Printed on premium Hahnem\u00fchle FineArt paper with UltraChrome Pro inks, each piece is signed and authenticated for a truly exclusive statement.\" \/>\n<meta property=\"og:url\" content=\"https:\/\/www.neural-artistry.com\/fr\/shop\/home-garden\/decor\/artwork\/posters-prints-visual-artwork\/solar-flair-art-print\/\" \/>\n<meta property=\"og:site_name\" content=\"Neural Artistry\" \/>\n<meta property=\"article:modified_time\" content=\"2025-08-21T16:14:15+00:00\" \/>\n<meta property=\"og:image\" content=\"https:\/\/www.neural-artistry.com\/wp-content\/uploads\/2025\/02\/neural-artistry-portfolio-187_mock_giant.jpg\" \/>\n\t<meta property=\"og:image:width\" content=\"2048\" \/>\n\t<meta property=\"og:image:height\" content=\"2048\" \/>\n\t<meta property=\"og:image:type\" content=\"image\/jpeg\" \/>\n<meta name=\"twitter:card\" content=\"summary_large_image\" \/>\n<meta name=\"twitter:label1\" content=\"Dur\u00e9e de lecture estim\u00e9e\" \/>\n\t<meta name=\"twitter:data1\" content=\"2 minutes\" \/>\n<script type=\"application\/ld+json\" class=\"yoast-schema-graph\">{\"@context\":\"https:\\\/\\\/schema.org\",\"@graph\":[{\"@type\":\"WebPage\",\"@id\":\"https:\\\/\\\/www.neural-artistry.com\\\/shop\\\/home-garden\\\/decor\\\/artwork\\\/posters-prints-visual-artwork\\\/solar-flair-art-print\\\/\",\"url\":\"https:\\\/\\\/www.neural-artistry.com\\\/shop\\\/home-garden\\\/decor\\\/artwork\\\/posters-prints-visual-artwork\\\/solar-flair-art-print\\\/\",\"name\":\"Solar Flair Art Print - Neural Artistry\",\"isPartOf\":{\"@id\":\"https:\\\/\\\/www.neural-artistry.com\\\/#website\"},\"primaryImageOfPage\":{\"@id\":\"https:\\\/\\\/www.neural-artistry.com\\\/shop\\\/home-garden\\\/decor\\\/artwork\\\/posters-prints-visual-artwork\\\/solar-flair-art-print\\\/#primaryimage\"},\"image\":{\"@id\":\"https:\\\/\\\/www.neural-artistry.com\\\/shop\\\/home-garden\\\/decor\\\/artwork\\\/posters-prints-visual-artwork\\\/solar-flair-art-print\\\/#primaryimage\"},\"thumbnailUrl\":\"https:\\\/\\\/www.neural-artistry.com\\\/wp-content\\\/uploads\\\/2025\\\/02\\\/neural-artistry-portfolio-187_mock_giant.jpg\",\"datePublished\":\"2025-02-13T13:14:53+00:00\",\"dateModified\":\"2025-08-21T16:14:15+00:00\",\"breadcrumb\":{\"@id\":\"https:\\\/\\\/www.neural-artistry.com\\\/shop\\\/home-garden\\\/decor\\\/artwork\\\/posters-prints-visual-artwork\\\/solar-flair-art-print\\\/#breadcrumb\"},\"inLanguage\":\"fr-FR\",\"potentialAction\":[{\"@type\":\"ReadAction\",\"target\":[\"https:\\\/\\\/www.neural-artistry.com\\\/shop\\\/home-garden\\\/decor\\\/artwork\\\/posters-prints-visual-artwork\\\/solar-flair-art-print\\\/\"]}]},{\"@type\":\"ImageObject\",\"inLanguage\":\"fr-FR\",\"@id\":\"https:\\\/\\\/www.neural-artistry.com\\\/shop\\\/home-garden\\\/decor\\\/artwork\\\/posters-prints-visual-artwork\\\/solar-flair-art-print\\\/#primaryimage\",\"url\":\"https:\\\/\\\/www.neural-artistry.com\\\/wp-content\\\/uploads\\\/2025\\\/02\\\/neural-artistry-portfolio-187_mock_giant.jpg\",\"contentUrl\":\"https:\\\/\\\/www.neural-artistry.com\\\/wp-content\\\/uploads\\\/2025\\\/02\\\/neural-artistry-portfolio-187_mock_giant.jpg\",\"width\":2048,\"height\":2048},{\"@type\":\"BreadcrumbList\",\"@id\":\"https:\\\/\\\/www.neural-artistry.com\\\/shop\\\/home-garden\\\/decor\\\/artwork\\\/posters-prints-visual-artwork\\\/solar-flair-art-print\\\/#breadcrumb\",\"itemListElement\":[{\"@type\":\"ListItem\",\"position\":1,\"name\":\"Home\",\"item\":\"https:\\\/\\\/www.neural-artistry.com\\\/\"},{\"@type\":\"ListItem\",\"position\":2,\"name\":\"Wall Art Prints \u2013 Custom Canvas &amp; Unique Posters\",\"item\":\"https:\\\/\\\/www.neural-artistry.com\\\/\"},{\"@type\":\"ListItem\",\"position\":3,\"name\":\"Solar Flair Art Print\"}]},{\"@type\":\"WebSite\",\"@id\":\"https:\\\/\\\/www.neural-artistry.com\\\/#website\",\"url\":\"https:\\\/\\\/www.neural-artistry.com\\\/\",\"name\":\"Neural Artistry\",\"description\":\"AI Art Posters \u2013 Certified, Premium, Sold Only Once\",\"publisher\":{\"@id\":\"https:\\\/\\\/www.neural-artistry.com\\\/#organization\"},\"potentialAction\":[{\"@type\":\"SearchAction\",\"target\":{\"@type\":\"EntryPoint\",\"urlTemplate\":\"https:\\\/\\\/www.neural-artistry.com\\\/?s={search_term_string}\"},\"query-input\":{\"@type\":\"PropertyValueSpecification\",\"valueRequired\":true,\"valueName\":\"search_term_string\"}}],\"inLanguage\":\"fr-FR\"},{\"@type\":\"Organization\",\"@id\":\"https:\\\/\\\/www.neural-artistry.com\\\/#organization\",\"name\":\"Neural Artistry\",\"url\":\"https:\\\/\\\/www.neural-artistry.com\\\/\",\"logo\":{\"@type\":\"ImageObject\",\"inLanguage\":\"fr-FR\",\"@id\":\"https:\\\/\\\/www.neural-artistry.com\\\/#\\\/schema\\\/logo\\\/image\\\/\",\"url\":\"https:\\\/\\\/www.neural-artistry.com\\\/wp-content\\\/uploads\\\/2025\\\/08\\\/Web-Black-logo-no-background-scaled.webp\",\"contentUrl\":\"https:\\\/\\\/www.neural-artistry.com\\\/wp-content\\\/uploads\\\/2025\\\/08\\\/Web-Black-logo-no-background-scaled.webp\",\"width\":2560,\"height\":976,\"caption\":\"Neural Artistry\"},\"image\":{\"@id\":\"https:\\\/\\\/www.neural-artistry.com\\\/#\\\/schema\\\/logo\\\/image\\\/\"}}]}<\/script>\n<!-- \/ Yoast SEO plugin. -->","yoast_head_json":{"title":"Solar Flair Art Print - Neural Artistry","robots":{"index":"index","follow":"follow","max-snippet":"max-snippet:-1","max-image-preview":"max-image-preview:large","max-video-preview":"max-video-preview:-1"},"canonical":"https:\/\/www.neural-artistry.com\/fr\/shop\/home-garden\/decor\/artwork\/posters-prints-visual-artwork\/solar-flair-art-print\/","og_locale":"fr_FR","og_type":"article","og_title":"Solar Flair Art Print - Neural Artistry","og_description":"A bold fusion of surreal fashion and vibrant energy, this art print ignites the senses with futuristic charm. Printed on premium Hahnem\u00fchle FineArt paper with UltraChrome Pro inks, each piece is signed and authenticated for a truly exclusive statement.","og_url":"https:\/\/www.neural-artistry.com\/fr\/shop\/home-garden\/decor\/artwork\/posters-prints-visual-artwork\/solar-flair-art-print\/","og_site_name":"Neural Artistry","article_modified_time":"2025-08-21T16:14:15+00:00","og_image":[{"width":2048,"height":2048,"url":"https:\/\/www.neural-artistry.com\/wp-content\/uploads\/2025\/02\/neural-artistry-portfolio-187_mock_giant.jpg","type":"image\/jpeg"}],"twitter_card":"summary_large_image","twitter_misc":{"Dur\u00e9e de lecture estim\u00e9e":"2 minutes"},"schema":{"@context":"https:\/\/schema.org","@graph":[{"@type":"WebPage","@id":"https:\/\/www.neural-artistry.com\/shop\/home-garden\/decor\/artwork\/posters-prints-visual-artwork\/solar-flair-art-print\/","url":"https:\/\/www.neural-artistry.com\/shop\/home-garden\/decor\/artwork\/posters-prints-visual-artwork\/solar-flair-art-print\/","name":"Solar Flair Art Print - Neural Artistry","isPartOf":{"@id":"https:\/\/www.neural-artistry.com\/#website"},"primaryImageOfPage":{"@id":"https:\/\/www.neural-artistry.com\/shop\/home-garden\/decor\/artwork\/posters-prints-visual-artwork\/solar-flair-art-print\/#primaryimage"},"image":{"@id":"https:\/\/www.neural-artistry.com\/shop\/home-garden\/decor\/artwork\/posters-prints-visual-artwork\/solar-flair-art-print\/#primaryimage"},"thumbnailUrl":"https:\/\/www.neural-artistry.com\/wp-content\/uploads\/2025\/02\/neural-artistry-portfolio-187_mock_giant.jpg","datePublished":"2025-02-13T13:14:53+00:00","dateModified":"2025-08-21T16:14:15+00:00","breadcrumb":{"@id":"https:\/\/www.neural-artistry.com\/shop\/home-garden\/decor\/artwork\/posters-prints-visual-artwork\/solar-flair-art-print\/#breadcrumb"},"inLanguage":"fr-FR","potentialAction":[{"@type":"ReadAction","target":["https:\/\/www.neural-artistry.com\/shop\/home-garden\/decor\/artwork\/posters-prints-visual-artwork\/solar-flair-art-print\/"]}]},{"@type":"ImageObject","inLanguage":"fr-FR","@id":"https:\/\/www.neural-artistry.com\/shop\/home-garden\/decor\/artwork\/posters-prints-visual-artwork\/solar-flair-art-print\/#primaryimage","url":"https:\/\/www.neural-artistry.com\/wp-content\/uploads\/2025\/02\/neural-artistry-portfolio-187_mock_giant.jpg","contentUrl":"https:\/\/www.neural-artistry.com\/wp-content\/uploads\/2025\/02\/neural-artistry-portfolio-187_mock_giant.jpg","width":2048,"height":2048},{"@type":"BreadcrumbList","@id":"https:\/\/www.neural-artistry.com\/shop\/home-garden\/decor\/artwork\/posters-prints-visual-artwork\/solar-flair-art-print\/#breadcrumb","itemListElement":[{"@type":"ListItem","position":1,"name":"Home","item":"https:\/\/www.neural-artistry.com\/"},{"@type":"ListItem","position":2,"name":"Wall Art Prints \u2013 Custom Canvas &amp; Unique Posters","item":"https:\/\/www.neural-artistry.com\/"},{"@type":"ListItem","position":3,"name":"Solar Flair Art Print"}]},{"@type":"WebSite","@id":"https:\/\/www.neural-artistry.com\/#website","url":"https:\/\/www.neural-artistry.com\/","name":"Neural Artistry","description":"Affiches d&#039;art IA \u2013 Certifi\u00e9es, premium, vendues une seule fois","publisher":{"@id":"https:\/\/www.neural-artistry.com\/#organization"},"potentialAction":[{"@type":"SearchAction","target":{"@type":"EntryPoint","urlTemplate":"https:\/\/www.neural-artistry.com\/?s={search_term_string}"},"query-input":{"@type":"PropertyValueSpecification","valueRequired":true,"valueName":"search_term_string"}}],"inLanguage":"fr-FR"},{"@type":"Organization","@id":"https:\/\/www.neural-artistry.com\/#organization","name":"Neural Artistry","url":"https:\/\/www.neural-artistry.com\/","logo":{"@type":"ImageObject","inLanguage":"fr-FR","@id":"https:\/\/www.neural-artistry.com\/#\/schema\/logo\/image\/","url":"https:\/\/www.neural-artistry.com\/wp-content\/uploads\/2025\/08\/Web-Black-logo-no-background-scaled.webp","contentUrl":"https:\/\/www.neural-artistry.com\/wp-content\/uploads\/2025\/08\/Web-Black-logo-no-background-scaled.webp","width":2560,"height":976,"caption":"Neural Artistry"},"image":{"@id":"https:\/\/www.neural-artistry.com\/#\/schema\/logo\/image\/"}}]}},"uagb_featured_image_src":{"full":["https:\/\/www.neural-artistry.com\/wp-content\/uploads\/2025\/02\/neural-artistry-portfolio-187_mock_giant.jpg",2048,2048,false],"thumbnail":["https:\/\/www.neural-artistry.com\/wp-content\/uploads\/2025\/02\/neural-artistry-portfolio-187_mock_giant-150x150.jpg",150,150,true],"medium":["https:\/\/www.neural-artistry.com\/wp-content\/uploads\/2025\/02\/neural-artistry-portfolio-187_mock_giant-300x300.jpg",300,300,true],"medium_large":["https:\/\/www.neural-artistry.com\/wp-content\/uploads\/2025\/02\/neural-artistry-portfolio-187_mock_giant-768x768.jpg",768,768,true],"large":["https:\/\/www.neural-artistry.com\/wp-content\/uploads\/2025\/02\/neural-artistry-portfolio-187_mock_giant-1024x1024.jpg",1024,1024,true],"1536x1536":["https:\/\/www.neural-artistry.com\/wp-content\/uploads\/2025\/02\/neural-artistry-portfolio-187_mock_giant-1536x1536.jpg",1536,1536,true],"2048x2048":["https:\/\/www.neural-artistry.com\/wp-content\/uploads\/2025\/02\/neural-artistry-portfolio-187_mock_giant.jpg",2048,2048,false],"trp-custom-language-flag":["https:\/\/www.neural-artistry.com\/wp-content\/uploads\/2025\/02\/neural-artistry-portfolio-187_mock_giant-12x12.jpg",12,12,true],"woocommerce_thumbnail":["https:\/\/www.neural-artistry.com\/wp-content\/uploads\/2025\/02\/neural-artistry-portfolio-187_mock_giant-450x450.jpg",450,450,true],"woocommerce_single":["https:\/\/www.neural-artistry.com\/wp-content\/uploads\/2025\/02\/neural-artistry-portfolio-187_mock_giant-600x600.jpg",600,600,true],"woocommerce_gallery_thumbnail":["https:\/\/www.neural-artistry.com\/wp-content\/uploads\/2025\/02\/neural-artistry-portfolio-187_mock_giant-100x100.jpg",100,100,true]},"uagb_author_info":{"display_name":"flake","author_link":"https:\/\/www.neural-artistry.com\/fr\/author\/"},"uagb_comment_info":0,"uagb_excerpt":"A bold fusion of surreal fashion and vibrant energy, this art print ignites the senses with futuristic charm. Printed on premium Hahnem\u00fchle FineArt paper with UltraChrome Pro inks, each piece is signed and authenticated for a truly exclusive statement.","_links":{"self":[{"href":"https:\/\/www.neural-artistry.com\/fr\/wp-json\/wp\/v2\/product\/11323","targetHints":{"allow":["GET"]}}],"collection":[{"href":"https:\/\/www.neural-artistry.com\/fr\/wp-json\/wp\/v2\/product"}],"about":[{"href":"https:\/\/www.neural-artistry.com\/fr\/wp-json\/wp\/v2\/types\/product"}],"replies":[{"embeddable":true,"href":"https:\/\/www.neural-artistry.com\/fr\/wp-json\/wp\/v2\/comments?post=11323"}],"wp:featuredmedia":[{"embeddable":true,"href":"https:\/\/www.neural-artistry.com\/fr\/wp-json\/wp\/v2\/media\/10377"}],"wp:attachment":[{"href":"https:\/\/www.neural-artistry.com\/fr\/wp-json\/wp\/v2\/media?parent=11323"}],"wp:term":[{"taxonomy":"product_brand","embeddable":true,"href":"https:\/\/www.neural-artistry.com\/fr\/wp-json\/wp\/v2\/product_brand?post=11323"},{"taxonomy":"product_cat","embeddable":true,"href":"https:\/\/www.neural-artistry.com\/fr\/wp-json\/wp\/v2\/product_cat?post=11323"},{"taxonomy":"product_tag","embeddable":true,"href":"https:\/\/www.neural-artistry.com\/fr\/wp-json\/wp\/v2\/product_tag?post=11323"}],"curies":[{"name":"wp","href":"https:\/\/api.w.org\/{rel}","templated":true}]}}