{"id":11336,"date":"2025-02-13T13:15:17","date_gmt":"2025-02-13T13:15:17","guid":{"rendered":"https:\/\/www.neural-artistry.com\/shop\/uncategorized\/mirage-pathway-art-print\/"},"modified":"2025-08-21T16:14:22","modified_gmt":"2025-08-21T16:14:22","slug":"mirage-pathway-art-print","status":"publish","type":"product","link":"https:\/\/www.neural-artistry.com\/fr\/shop\/home-garden\/decor\/artwork\/posters-prints-visual-artwork\/mirage-pathway-art-print\/","title":{"rendered":"Impression d&#039;art du sentier Mirage"},"content":{"rendered":"<h3 style=\"color: #FAF5E5;\">Entrez dans un voyage onirique \u2013 Affiche de paysage d\u00e9sertique surr\u00e9aliste<\/h3>\n<p style=\"color: #FAF5E5;\">Plongez dans un monde o\u00f9 la r\u00e9alit\u00e9 se plie et o\u00f9 l&#039;imagination prend son envol. <strong>affiche de paysage d\u00e9sertique surr\u00e9aliste<\/strong> capture un voyage surnaturel \u00e0 travers des dunes vibrantes, une rivi\u00e8re aux motifs abstraits et un voyageur solitaire s&#039;aventurant dans l&#039;inconnu. <strong>contraste bleu et orange<\/strong> cr\u00e9e une exp\u00e9rience visuelle fascinante, faisant de cette pi\u00e8ce un incontournable pour les collectionneurs de <strong>d\u00e9coration murale inspir\u00e9e du concept art, du r\u00eave et du futur<\/strong>.<\/p>\n<h3 style=\"color: #FAF5E5;\">Tailles et formats disponibles<\/h3>\n<ul style=\"color: #FAF5E5;\">\n<li>21,00 cm x 27,88 cm<\/li>\n<li>29,70 cm x 39,43 cm<\/li>\n<li>32,90 cm x 43,68 cm<\/li>\n<li>42,00 cm x 55,76 cm<\/li>\n<li>43,00 cm x 57,09 cm<\/li>\n<\/ul>\n<h3 style=\"color: #FAF5E5;\">Fabrication de qualit\u00e9 sup\u00e9rieure et impression de qualit\u00e9 mus\u00e9ale<\/h3>\n<p style=\"color: #FAF5E5;\">Chaque impression est m\u00e9ticuleusement r\u00e9alis\u00e9e \u00e0 l&#039;aide <strong>Papier FineArt Hahnem\u00fchle<\/strong> et <strong>Encres UltraChrome Pro<\/strong>, assurant <strong>Couleurs de qualit\u00e9 archivistique et r\u00e9sistantes \u00e0 la d\u00e9coloration<\/strong> qui conservent leur \u00e9clat pendant des d\u00e9cennies. Choisissez entre un <strong>finition mate ou brillante<\/strong> pour s&#039;adapter au mieux \u00e0 votre esth\u00e9tique int\u00e9rieure.<\/p>\n<h3 style=\"color: #FAF5E5;\">Exclusif et certifi\u00e9 \u2013 Devenez propri\u00e9taire d\u2019une \u0153uvre d\u2019art unique<\/h3>\n<p style=\"color: #FAF5E5;\">Cette \u00e9dition limit\u00e9e est accompagn\u00e9e d&#039;un <strong>certificat d&#039;authenticit\u00e9<\/strong>, garantissant son exclusivit\u00e9. Parfait pour <strong>collectionneurs et passionn\u00e9s d&#039;art<\/strong> cherchant \u00e0 ajouter une pi\u00e8ce unique et sign\u00e9e \u00e0 leur collection.<\/p>\n<h3 style=\"color: #FAF5E5;\">Parfait pour n&#039;importe quel espace<\/h3>\n<p style=\"color: #FAF5E5;\">Embellissez votre int\u00e9rieur avec ceci <strong>affiche \u00e9l\u00e9gante et moderne<\/strong>, id\u00e9al pour :<\/p>\n<ul style=\"color: #FAF5E5;\">\n<li>Salons \u2013 Cr\u00e9ez une d\u00e9claration audacieuse avec un d\u00e9cor surr\u00e9aliste et vibrant.<\/li>\n<li>Bureaux et espaces de travail \u2013 Inspirez la cr\u00e9ativit\u00e9 et l\u2019imagination dans votre environnement quotidien.<\/li>\n<li>Configurations de jeu \u2013 Ajoutez une touche futuriste et onirique \u00e0 votre espace de jeu.<\/li>\n<li>D\u00e9coration murale pour chambre \u00e0 coucher \u2013 Transportez-vous dans un monde fantaisiste avant de vous endormir.<\/li>\n<\/ul>\n<h3 style=\"color: #FAF5E5;\">Un cadeau unique pour les amateurs d&#039;art<\/h3>\n<p style=\"color: #FAF5E5;\">\u00c0 la recherche d&#039;un <strong>cadeau attentionn\u00e9 et exclusif<\/strong>? Ce <strong>affiche imprim\u00e9e de haute qualit\u00e9<\/strong> constitue un excellent cadeau pour les fans de <strong>surr\u00e9alisme, art abstrait et paysages futuristes<\/strong>Surprenez un \u00eatre cher avec une pi\u00e8ce qui suscite l\u2019imagination et la conversation.<\/p>\n<h3 style=\"color: #FAF5E5;\">Commandez votre affiche exclusive aujourd&#039;hui<\/h3>\n<p style=\"color: #FAF5E5;\"><strong>Ne manquez pas cette \u0153uvre unique en \u00e9dition limit\u00e9e.<\/strong> \u00c9levez votre espace avec un m\u00e9lange fascinant de surr\u00e9alisme, de couleurs vibrantes et de narration conceptuelle. <strong>Achetez maintenant et donnez vie \u00e0 ce paysage de r\u00eave sur vos murs\u00a0!<\/strong><\/p>","protected":false},"excerpt":{"rendered":"<p>Un voyageur solitaire erre dans un d\u00e9sert surr\u00e9aliste o\u00f9 les bleus vifs et les oranges ardents se rencontrent dans un voyage onirique. Cette impression d&#039;art haut de gamme, r\u00e9alis\u00e9e sur du papier Hahnem\u00fchle FineArt avec des encres UltraChrome Pro, apporte une \u00e9vasion d&#039;un autre monde \u00e0 votre espace.<\/p>","protected":false},"featured_media":10455,"comment_status":"open","ping_status":"closed","template":"","meta":{"_uag_custom_page_level_css":""},"product_brand":[874],"product_cat":[724,734,722,1268,731],"product_tag":[1085,1086,1084,880,935,911,933,1009,32,1083],"class_list":{"0":"post-11336","1":"product","2":"type-product","3":"status-publish","4":"has-post-thumbnail","6":"product_brand-neural-artistry","7":"product_cat-abstract-forms","8":"product_cat-dreamscapes","9":"product_cat-landscape","10":"product_cat-posters-prints-visual-artwork","11":"product_cat-surrealism","12":"product_tag-abstractpatterns","13":"product_tag-blueorangecontrast","14":"product_tag-desertlandscape","15":"product_tag-dreamlike","16":"product_tag-futuristic","17":"product_tag-imagination","18":"product_tag-journey","19":"product_tag-solitude","20":"product_tag-surrealism","21":"product_tag-vividcolors","22":"product_shipping_class-chronopost","23":"pa_finish-type-glossy-finish","24":"pa_finish-type-matte-finish","25":"pa_margins-with","26":"pa_margins-without","27":"pa_medium-technique-digital-painting","28":"pa_medium-technique-photomanipulation","29":"pa_medium-technique-texturing","30":"pa_mood-ambiance-dreamy","31":"pa_mood-ambiance-otherworldly","32":"pa_mood-ambiance-surreal","33":"pa_mood-ambiance-vibrant","34":"pa_mood-ambiance-whimsical","35":"pa_orientation-portrait","36":"pa_size-21-00cmx27-88cm","37":"pa_size-29-70cmx39-43cm","38":"pa_size-32-90cmx43-68cm","39":"pa_size-42-00cmx55-76cm","40":"pa_size-43-00cmx57-09cm","41":"pa_style-movement-concept-art","42":"pa_style-movement-fantasy","43":"pa_style-movement-surrealism","45":"first","46":"instock","47":"sold-individually","48":"taxable","49":"shipping-taxable","50":"purchasable","51":"product-type-variable","52":"has-default-attributes"},"yoast_head":"<!-- This site is optimized with the Yoast SEO plugin v27.5 - https:\/\/yoast.com\/product\/yoast-seo-wordpress\/ -->\n<title>Mirage Pathway Art Print - Neural Artistry<\/title>\n<meta name=\"robots\" content=\"index, follow, max-snippet:-1, max-image-preview:large, max-video-preview:-1\" \/>\n<link rel=\"canonical\" href=\"https:\/\/www.neural-artistry.com\/fr\/shop\/home-garden\/decor\/artwork\/posters-prints-visual-artwork\/mirage-pathway-art-print\/\" \/>\n<meta property=\"og:locale\" content=\"fr_FR\" \/>\n<meta property=\"og:type\" content=\"article\" \/>\n<meta property=\"og:title\" content=\"Mirage Pathway Art Print - Neural Artistry\" \/>\n<meta property=\"og:description\" content=\"A lone traveler wanders through a surreal desert where vivid blues and fiery oranges collide in a dreamlike journey. This premium art print, crafted on Hahnem\u00fchle FineArt paper with UltraChrome Pro inks, brings an otherworldly escape to your space.\" \/>\n<meta property=\"og:url\" content=\"https:\/\/www.neural-artistry.com\/fr\/shop\/home-garden\/decor\/artwork\/posters-prints-visual-artwork\/mirage-pathway-art-print\/\" \/>\n<meta property=\"og:site_name\" content=\"Neural Artistry\" \/>\n<meta property=\"article:modified_time\" content=\"2025-08-21T16:14:22+00:00\" \/>\n<meta property=\"og:image\" content=\"https:\/\/www.neural-artistry.com\/wp-content\/uploads\/2025\/02\/neural-artistry-portfolio-200_mock_giant.jpg\" \/>\n\t<meta property=\"og:image:width\" content=\"2048\" \/>\n\t<meta property=\"og:image:height\" content=\"2048\" \/>\n\t<meta property=\"og:image:type\" content=\"image\/jpeg\" \/>\n<meta name=\"twitter:card\" content=\"summary_large_image\" \/>\n<meta name=\"twitter:label1\" content=\"Dur\u00e9e de lecture estim\u00e9e\" \/>\n\t<meta name=\"twitter:data1\" content=\"2 minutes\" \/>\n<script type=\"application\/ld+json\" class=\"yoast-schema-graph\">{\"@context\":\"https:\\\/\\\/schema.org\",\"@graph\":[{\"@type\":\"WebPage\",\"@id\":\"https:\\\/\\\/www.neural-artistry.com\\\/shop\\\/home-garden\\\/decor\\\/artwork\\\/posters-prints-visual-artwork\\\/mirage-pathway-art-print\\\/\",\"url\":\"https:\\\/\\\/www.neural-artistry.com\\\/shop\\\/home-garden\\\/decor\\\/artwork\\\/posters-prints-visual-artwork\\\/mirage-pathway-art-print\\\/\",\"name\":\"Mirage Pathway Art Print - Neural Artistry\",\"isPartOf\":{\"@id\":\"https:\\\/\\\/www.neural-artistry.com\\\/#website\"},\"primaryImageOfPage\":{\"@id\":\"https:\\\/\\\/www.neural-artistry.com\\\/shop\\\/home-garden\\\/decor\\\/artwork\\\/posters-prints-visual-artwork\\\/mirage-pathway-art-print\\\/#primaryimage\"},\"image\":{\"@id\":\"https:\\\/\\\/www.neural-artistry.com\\\/shop\\\/home-garden\\\/decor\\\/artwork\\\/posters-prints-visual-artwork\\\/mirage-pathway-art-print\\\/#primaryimage\"},\"thumbnailUrl\":\"https:\\\/\\\/www.neural-artistry.com\\\/wp-content\\\/uploads\\\/2025\\\/02\\\/neural-artistry-portfolio-200_mock_giant.jpg\",\"datePublished\":\"2025-02-13T13:15:17+00:00\",\"dateModified\":\"2025-08-21T16:14:22+00:00\",\"breadcrumb\":{\"@id\":\"https:\\\/\\\/www.neural-artistry.com\\\/shop\\\/home-garden\\\/decor\\\/artwork\\\/posters-prints-visual-artwork\\\/mirage-pathway-art-print\\\/#breadcrumb\"},\"inLanguage\":\"fr-FR\",\"potentialAction\":[{\"@type\":\"ReadAction\",\"target\":[\"https:\\\/\\\/www.neural-artistry.com\\\/shop\\\/home-garden\\\/decor\\\/artwork\\\/posters-prints-visual-artwork\\\/mirage-pathway-art-print\\\/\"]}]},{\"@type\":\"ImageObject\",\"inLanguage\":\"fr-FR\",\"@id\":\"https:\\\/\\\/www.neural-artistry.com\\\/shop\\\/home-garden\\\/decor\\\/artwork\\\/posters-prints-visual-artwork\\\/mirage-pathway-art-print\\\/#primaryimage\",\"url\":\"https:\\\/\\\/www.neural-artistry.com\\\/wp-content\\\/uploads\\\/2025\\\/02\\\/neural-artistry-portfolio-200_mock_giant.jpg\",\"contentUrl\":\"https:\\\/\\\/www.neural-artistry.com\\\/wp-content\\\/uploads\\\/2025\\\/02\\\/neural-artistry-portfolio-200_mock_giant.jpg\",\"width\":2048,\"height\":2048},{\"@type\":\"BreadcrumbList\",\"@id\":\"https:\\\/\\\/www.neural-artistry.com\\\/shop\\\/home-garden\\\/decor\\\/artwork\\\/posters-prints-visual-artwork\\\/mirage-pathway-art-print\\\/#breadcrumb\",\"itemListElement\":[{\"@type\":\"ListItem\",\"position\":1,\"name\":\"Home\",\"item\":\"https:\\\/\\\/www.neural-artistry.com\\\/\"},{\"@type\":\"ListItem\",\"position\":2,\"name\":\"Wall Art Prints \u2013 Custom Canvas &amp; Unique Posters\",\"item\":\"https:\\\/\\\/www.neural-artistry.com\\\/\"},{\"@type\":\"ListItem\",\"position\":3,\"name\":\"Mirage Pathway Art Print\"}]},{\"@type\":\"WebSite\",\"@id\":\"https:\\\/\\\/www.neural-artistry.com\\\/#website\",\"url\":\"https:\\\/\\\/www.neural-artistry.com\\\/\",\"name\":\"Neural Artistry\",\"description\":\"AI Art Posters \u2013 Certified, Premium, Sold Only Once\",\"publisher\":{\"@id\":\"https:\\\/\\\/www.neural-artistry.com\\\/#organization\"},\"potentialAction\":[{\"@type\":\"SearchAction\",\"target\":{\"@type\":\"EntryPoint\",\"urlTemplate\":\"https:\\\/\\\/www.neural-artistry.com\\\/?s={search_term_string}\"},\"query-input\":{\"@type\":\"PropertyValueSpecification\",\"valueRequired\":true,\"valueName\":\"search_term_string\"}}],\"inLanguage\":\"fr-FR\"},{\"@type\":\"Organization\",\"@id\":\"https:\\\/\\\/www.neural-artistry.com\\\/#organization\",\"name\":\"Neural Artistry\",\"url\":\"https:\\\/\\\/www.neural-artistry.com\\\/\",\"logo\":{\"@type\":\"ImageObject\",\"inLanguage\":\"fr-FR\",\"@id\":\"https:\\\/\\\/www.neural-artistry.com\\\/#\\\/schema\\\/logo\\\/image\\\/\",\"url\":\"https:\\\/\\\/www.neural-artistry.com\\\/wp-content\\\/uploads\\\/2025\\\/08\\\/Web-Black-logo-no-background-scaled.webp\",\"contentUrl\":\"https:\\\/\\\/www.neural-artistry.com\\\/wp-content\\\/uploads\\\/2025\\\/08\\\/Web-Black-logo-no-background-scaled.webp\",\"width\":2560,\"height\":976,\"caption\":\"Neural Artistry\"},\"image\":{\"@id\":\"https:\\\/\\\/www.neural-artistry.com\\\/#\\\/schema\\\/logo\\\/image\\\/\"}}]}<\/script>\n<!-- \/ Yoast SEO plugin. -->","yoast_head_json":{"title":"Mirage Pathway Art Print - Neural Artistry","robots":{"index":"index","follow":"follow","max-snippet":"max-snippet:-1","max-image-preview":"max-image-preview:large","max-video-preview":"max-video-preview:-1"},"canonical":"https:\/\/www.neural-artistry.com\/fr\/shop\/home-garden\/decor\/artwork\/posters-prints-visual-artwork\/mirage-pathway-art-print\/","og_locale":"fr_FR","og_type":"article","og_title":"Mirage Pathway Art Print - Neural Artistry","og_description":"A lone traveler wanders through a surreal desert where vivid blues and fiery oranges collide in a dreamlike journey. This premium art print, crafted on Hahnem\u00fchle FineArt paper with UltraChrome Pro inks, brings an otherworldly escape to your space.","og_url":"https:\/\/www.neural-artistry.com\/fr\/shop\/home-garden\/decor\/artwork\/posters-prints-visual-artwork\/mirage-pathway-art-print\/","og_site_name":"Neural Artistry","article_modified_time":"2025-08-21T16:14:22+00:00","og_image":[{"width":2048,"height":2048,"url":"https:\/\/www.neural-artistry.com\/wp-content\/uploads\/2025\/02\/neural-artistry-portfolio-200_mock_giant.jpg","type":"image\/jpeg"}],"twitter_card":"summary_large_image","twitter_misc":{"Dur\u00e9e de lecture estim\u00e9e":"2 minutes"},"schema":{"@context":"https:\/\/schema.org","@graph":[{"@type":"WebPage","@id":"https:\/\/www.neural-artistry.com\/shop\/home-garden\/decor\/artwork\/posters-prints-visual-artwork\/mirage-pathway-art-print\/","url":"https:\/\/www.neural-artistry.com\/shop\/home-garden\/decor\/artwork\/posters-prints-visual-artwork\/mirage-pathway-art-print\/","name":"Mirage Pathway Art Print - Neural Artistry","isPartOf":{"@id":"https:\/\/www.neural-artistry.com\/#website"},"primaryImageOfPage":{"@id":"https:\/\/www.neural-artistry.com\/shop\/home-garden\/decor\/artwork\/posters-prints-visual-artwork\/mirage-pathway-art-print\/#primaryimage"},"image":{"@id":"https:\/\/www.neural-artistry.com\/shop\/home-garden\/decor\/artwork\/posters-prints-visual-artwork\/mirage-pathway-art-print\/#primaryimage"},"thumbnailUrl":"https:\/\/www.neural-artistry.com\/wp-content\/uploads\/2025\/02\/neural-artistry-portfolio-200_mock_giant.jpg","datePublished":"2025-02-13T13:15:17+00:00","dateModified":"2025-08-21T16:14:22+00:00","breadcrumb":{"@id":"https:\/\/www.neural-artistry.com\/shop\/home-garden\/decor\/artwork\/posters-prints-visual-artwork\/mirage-pathway-art-print\/#breadcrumb"},"inLanguage":"fr-FR","potentialAction":[{"@type":"ReadAction","target":["https:\/\/www.neural-artistry.com\/shop\/home-garden\/decor\/artwork\/posters-prints-visual-artwork\/mirage-pathway-art-print\/"]}]},{"@type":"ImageObject","inLanguage":"fr-FR","@id":"https:\/\/www.neural-artistry.com\/shop\/home-garden\/decor\/artwork\/posters-prints-visual-artwork\/mirage-pathway-art-print\/#primaryimage","url":"https:\/\/www.neural-artistry.com\/wp-content\/uploads\/2025\/02\/neural-artistry-portfolio-200_mock_giant.jpg","contentUrl":"https:\/\/www.neural-artistry.com\/wp-content\/uploads\/2025\/02\/neural-artistry-portfolio-200_mock_giant.jpg","width":2048,"height":2048},{"@type":"BreadcrumbList","@id":"https:\/\/www.neural-artistry.com\/shop\/home-garden\/decor\/artwork\/posters-prints-visual-artwork\/mirage-pathway-art-print\/#breadcrumb","itemListElement":[{"@type":"ListItem","position":1,"name":"Home","item":"https:\/\/www.neural-artistry.com\/"},{"@type":"ListItem","position":2,"name":"Wall Art Prints \u2013 Custom Canvas &amp; Unique Posters","item":"https:\/\/www.neural-artistry.com\/"},{"@type":"ListItem","position":3,"name":"Mirage Pathway Art Print"}]},{"@type":"WebSite","@id":"https:\/\/www.neural-artistry.com\/#website","url":"https:\/\/www.neural-artistry.com\/","name":"Neural Artistry","description":"Affiches d&#039;art IA \u2013 Certifi\u00e9es, premium, vendues une seule fois","publisher":{"@id":"https:\/\/www.neural-artistry.com\/#organization"},"potentialAction":[{"@type":"SearchAction","target":{"@type":"EntryPoint","urlTemplate":"https:\/\/www.neural-artistry.com\/?s={search_term_string}"},"query-input":{"@type":"PropertyValueSpecification","valueRequired":true,"valueName":"search_term_string"}}],"inLanguage":"fr-FR"},{"@type":"Organization","@id":"https:\/\/www.neural-artistry.com\/#organization","name":"Neural Artistry","url":"https:\/\/www.neural-artistry.com\/","logo":{"@type":"ImageObject","inLanguage":"fr-FR","@id":"https:\/\/www.neural-artistry.com\/#\/schema\/logo\/image\/","url":"https:\/\/www.neural-artistry.com\/wp-content\/uploads\/2025\/08\/Web-Black-logo-no-background-scaled.webp","contentUrl":"https:\/\/www.neural-artistry.com\/wp-content\/uploads\/2025\/08\/Web-Black-logo-no-background-scaled.webp","width":2560,"height":976,"caption":"Neural Artistry"},"image":{"@id":"https:\/\/www.neural-artistry.com\/#\/schema\/logo\/image\/"}}]}},"uagb_featured_image_src":{"full":["https:\/\/www.neural-artistry.com\/wp-content\/uploads\/2025\/02\/neural-artistry-portfolio-200_mock_giant.jpg",2048,2048,false],"thumbnail":["https:\/\/www.neural-artistry.com\/wp-content\/uploads\/2025\/02\/neural-artistry-portfolio-200_mock_giant-150x150.jpg",150,150,true],"medium":["https:\/\/www.neural-artistry.com\/wp-content\/uploads\/2025\/02\/neural-artistry-portfolio-200_mock_giant-300x300.jpg",300,300,true],"medium_large":["https:\/\/www.neural-artistry.com\/wp-content\/uploads\/2025\/02\/neural-artistry-portfolio-200_mock_giant-768x768.jpg",768,768,true],"large":["https:\/\/www.neural-artistry.com\/wp-content\/uploads\/2025\/02\/neural-artistry-portfolio-200_mock_giant-1024x1024.jpg",1024,1024,true],"1536x1536":["https:\/\/www.neural-artistry.com\/wp-content\/uploads\/2025\/02\/neural-artistry-portfolio-200_mock_giant-1536x1536.jpg",1536,1536,true],"2048x2048":["https:\/\/www.neural-artistry.com\/wp-content\/uploads\/2025\/02\/neural-artistry-portfolio-200_mock_giant.jpg",2048,2048,false],"trp-custom-language-flag":["https:\/\/www.neural-artistry.com\/wp-content\/uploads\/2025\/02\/neural-artistry-portfolio-200_mock_giant-12x12.jpg",12,12,true],"woocommerce_thumbnail":["https:\/\/www.neural-artistry.com\/wp-content\/uploads\/2025\/02\/neural-artistry-portfolio-200_mock_giant-450x450.jpg",450,450,true],"woocommerce_single":["https:\/\/www.neural-artistry.com\/wp-content\/uploads\/2025\/02\/neural-artistry-portfolio-200_mock_giant-600x600.jpg",600,600,true],"woocommerce_gallery_thumbnail":["https:\/\/www.neural-artistry.com\/wp-content\/uploads\/2025\/02\/neural-artistry-portfolio-200_mock_giant-100x100.jpg",100,100,true]},"uagb_author_info":{"display_name":"flake","author_link":"https:\/\/www.neural-artistry.com\/fr\/author\/"},"uagb_comment_info":0,"uagb_excerpt":"A lone traveler wanders through a surreal desert where vivid blues and fiery oranges collide in a dreamlike journey. This premium art print, crafted on Hahnem\u00fchle FineArt paper with UltraChrome Pro inks, brings an otherworldly escape to your space.","_links":{"self":[{"href":"https:\/\/www.neural-artistry.com\/fr\/wp-json\/wp\/v2\/product\/11336","targetHints":{"allow":["GET"]}}],"collection":[{"href":"https:\/\/www.neural-artistry.com\/fr\/wp-json\/wp\/v2\/product"}],"about":[{"href":"https:\/\/www.neural-artistry.com\/fr\/wp-json\/wp\/v2\/types\/product"}],"replies":[{"embeddable":true,"href":"https:\/\/www.neural-artistry.com\/fr\/wp-json\/wp\/v2\/comments?post=11336"}],"wp:featuredmedia":[{"embeddable":true,"href":"https:\/\/www.neural-artistry.com\/fr\/wp-json\/wp\/v2\/media\/10455"}],"wp:attachment":[{"href":"https:\/\/www.neural-artistry.com\/fr\/wp-json\/wp\/v2\/media?parent=11336"}],"wp:term":[{"taxonomy":"product_brand","embeddable":true,"href":"https:\/\/www.neural-artistry.com\/fr\/wp-json\/wp\/v2\/product_brand?post=11336"},{"taxonomy":"product_cat","embeddable":true,"href":"https:\/\/www.neural-artistry.com\/fr\/wp-json\/wp\/v2\/product_cat?post=11336"},{"taxonomy":"product_tag","embeddable":true,"href":"https:\/\/www.neural-artistry.com\/fr\/wp-json\/wp\/v2\/product_tag?post=11336"}],"curies":[{"name":"wp","href":"https:\/\/api.w.org\/{rel}","templated":true}]}}