{"id":11337,"date":"2025-02-13T13:15:18","date_gmt":"2025-02-13T13:15:18","guid":{"rendered":"https:\/\/www.neural-artistry.com\/shop\/uncategorized\/cosmic-currents-art-print\/"},"modified":"2025-08-21T16:14:27","modified_gmt":"2025-08-21T16:14:27","slug":"cosmic-currents-art-print","status":"publish","type":"product","link":"https:\/\/www.neural-artistry.com\/fr\/shop\/home-garden\/decor\/artwork\/posters-prints-visual-artwork\/cosmic-currents-art-print\/","title":{"rendered":"Impression d&#039;art sur les courants cosmiques"},"content":{"rendered":"<h3 style=\"color: #FAF5E5;\">Tourbillons cosmiques abstraits \u2013 Une fusion fascinante de formes g\u00e9om\u00e9triques et organiques<\/h3>\n<p style=\"color: #FAF5E5;\">Plongez dans la beaut\u00e9 surnaturelle de ce <strong>affiche abstraite de tourbillon cosmique<\/strong>, o\u00f9 les formes fluides rencontrent la pr\u00e9cision g\u00e9om\u00e9trique dans une interaction \u00e9tonnante de <strong>tons terreux orange, noir et blanc<\/strong>Inspir\u00e9e des myst\u00e8res de l&#039;univers, cette \u0153uvre d&#039;art capture un sentiment de mouvement et de profondeur, ce qui en fait une pi\u00e8ce de d\u00e9claration parfaite pour tout espace moderne.<\/p>\n<h4 style=\"color: #FAF5E5;\">Tailles disponibles :<\/h4>\n<ul style=\"color: #FAF5E5;\">\n<li>21,00 cm x 27,88 cm<\/li>\n<li>29,70 cm x 39,43 cm<\/li>\n<li>32,90 cm x 43,68 cm<\/li>\n<li>42,00 cm x 55,76 cm<\/li>\n<li>43,00 cm x 57,09 cm<\/li>\n<\/ul>\n<h4 style=\"color: #FAF5E5;\">Fabrication et qualit\u00e9 d&#039;impression haut de gamme<\/h4>\n<p style=\"color: #FAF5E5;\">Chaque impression est m\u00e9ticuleusement produite sur <strong>Papier FineArt Hahnem\u00fchle<\/strong>, assurant une <strong>finition de qualit\u00e9 mus\u00e9ale et archivistique<\/strong>. Imprim\u00e9 avec <strong>Encres UltraChrome Pro<\/strong>, cette \u0153uvre d&#039;art se vante <strong>couleurs vibrantes et r\u00e9sistantes \u00e0 la d\u00e9coloration<\/strong> qui restera frappant pendant des ann\u00e9es.<\/p>\n<h4 style=\"color: #FAF5E5;\">Authenticit\u00e9 exclusive et certifi\u00e9e<\/h4>\n<p style=\"color: #FAF5E5;\">C&#039;est un <strong>tirage unique en \u00e9dition limit\u00e9e<\/strong>, authentifi\u00e9e par un certificat sign\u00e9 pour garantir son exclusivit\u00e9. Que vous soyez un collectionneur d&#039;art ou un passionn\u00e9 de design, cette pi\u00e8ce est un ajout pr\u00e9cieux \u00e0 votre collection.<\/p>\n<h4 style=\"color: #FAF5E5;\">Parfait pour n&#039;importe quel espace<\/h4>\n<ul style=\"color: #FAF5E5;\">\n<li>Am\u00e9liorez votre <strong>salon<\/strong> avec une esth\u00e9tique dynamique et moderne.<\/li>\n<li>Ajoutez une touche de <strong>inspiration cosmique<\/strong> \u00e0 votre <strong>bureau ou espace de travail cr\u00e9atif<\/strong>.<\/li>\n<li>\u00c9levez votre <strong>configuration de jeu<\/strong> avec une atmosph\u00e8re surr\u00e9aliste et kal\u00e9idoscopique.<\/li>\n<li>Id\u00e9al pour <strong>int\u00e9rieurs contemporains, g\u00e9om\u00e9triques et abstraits<\/strong>.<\/li>\n<\/ul>\n<h4 style=\"color: #FAF5E5;\">Options de finition mate ou brillante<\/h4>\n<p style=\"color: #FAF5E5;\">Choisissez entre un design sophistiqu\u00e9 <strong>finition mate<\/strong> pour un look doux et \u00e9l\u00e9gant ou un <strong>finition brillante<\/strong> pour une vivacit\u00e9 et une profondeur accrues.<\/p>\n<h4 style=\"color: #FAF5E5;\">Un cadeau unique pour les amateurs d&#039;art<\/h4>\n<p style=\"color: #FAF5E5;\">\u00c0 la recherche d&#039;un <strong>cadeau attentionn\u00e9 et exclusif<\/strong>? Cette affiche abstraite de tourbillon cosmique est parfaite pour <strong>collectionneurs d&#039;art, passionn\u00e9s d&#039;espace et amateurs de d\u00e9coration int\u00e9rieure<\/strong>Un ajout \u00e9tonnant \u00e0 n&#039;importe quelle maison ou bureau, c&#039;est un cadeau inoubliable pour toute occasion.<\/p>\n<h3 style=\"color: #FAF5E5;\">Commandez votre tirage en \u00e9dition limit\u00e9e d\u00e8s aujourd&#039;hui<\/h3>\n<p style=\"color: #FAF5E5;\"><strong>Transformez votre espace<\/strong> avec cette \u0153uvre d&#039;art envo\u00fbtante. <strong>Acheter maintenant<\/strong> et poss\u00e9dez une \u0153uvre d\u2019art murale exclusive et de haute qualit\u00e9 qui refl\u00e8te votre style unique.<\/p>","protected":false},"excerpt":{"rendered":"<p>Laissez-vous emporter par une danse cosmique de tons terreux tourbillonnants et d&#039;\u00e9l\u00e9gance g\u00e9om\u00e9trique dans cette impression d&#039;art fascinante. Imprim\u00e9e sur du papier Hahnem\u00fchle FineArt avec des encres UltraChrome Pro, chaque pi\u00e8ce est sign\u00e9e, authentifi\u00e9e et con\u00e7ue pour une d\u00e9claration vraiment unique en son genre.<\/p>","protected":false},"featured_media":10461,"comment_status":"open","ping_status":"closed","template":"","meta":{"_uag_custom_page_level_css":""},"product_brand":[874],"product_cat":[724,741,737,1268],"product_tag":[932,976,1090,1089,1077,949,897,1064,1087,1088],"class_list":{"0":"post-11337","1":"product","2":"type-product","3":"status-publish","4":"has-post-thumbnail","6":"product_brand-neural-artistry","7":"product_cat-abstract-forms","8":"product_cat-cosmic-exploration","9":"product_cat-geometric-patterns","10":"product_cat-posters-prints-visual-artwork","11":"product_tag-abstract","12":"product_tag-black","13":"product_tag-cosmic","14":"product_tag-dots","15":"product_tag-dynamic","16":"product_tag-earthy-tones","17":"product_tag-modern","18":"product_tag-orange","19":"product_tag-swirls","20":"product_tag-white","21":"product_shipping_class-chronopost","22":"pa_finish-type-glossy-finish","23":"pa_finish-type-matte-finish","24":"pa_margins-with","25":"pa_margins-without","26":"pa_medium-technique-digital-painting","27":"pa_medium-technique-generative-art","28":"pa_medium-technique-texturing","29":"pa_mood-ambiance-organic","30":"pa_mood-ambiance-otherworldly","31":"pa_mood-ambiance-surreal","32":"pa_mood-ambiance-vibrant","33":"pa_mood-ambiance-whimsical","34":"pa_orientation-portrait","35":"pa_size-21-00cmx27-88cm","36":"pa_size-29-70cmx39-43cm","37":"pa_size-32-90cmx43-68cm","38":"pa_size-42-00cmx55-76cm","39":"pa_size-43-00cmx57-09cm","40":"pa_style-movement-abstract","41":"pa_style-movement-geometric-art","42":"pa_style-movement-kaleidoscopic-art","44":"first","45":"instock","46":"sold-individually","47":"taxable","48":"shipping-taxable","49":"purchasable","50":"product-type-variable","51":"has-default-attributes"},"yoast_head":"<!-- This site is optimized with the Yoast SEO plugin v27.5 - https:\/\/yoast.com\/product\/yoast-seo-wordpress\/ -->\n<title>Cosmic Currents Art Print - Neural Artistry<\/title>\n<meta name=\"robots\" content=\"index, follow, max-snippet:-1, max-image-preview:large, max-video-preview:-1\" \/>\n<link rel=\"canonical\" href=\"https:\/\/www.neural-artistry.com\/fr\/shop\/home-garden\/decor\/artwork\/posters-prints-visual-artwork\/cosmic-currents-art-print\/\" \/>\n<meta property=\"og:locale\" content=\"fr_FR\" \/>\n<meta property=\"og:type\" content=\"article\" \/>\n<meta property=\"og:title\" content=\"Cosmic Currents Art Print - Neural Artistry\" \/>\n<meta property=\"og:description\" content=\"Drift into a cosmic dance of swirling earthy tones and geometric elegance in this mesmerizing art print. Printed on Hahnem\u00fchle FineArt paper with UltraChrome Pro inks, each piece is signed, authenticated, and crafted for a truly one-of-a-kind statement.\" \/>\n<meta property=\"og:url\" content=\"https:\/\/www.neural-artistry.com\/fr\/shop\/home-garden\/decor\/artwork\/posters-prints-visual-artwork\/cosmic-currents-art-print\/\" \/>\n<meta property=\"og:site_name\" content=\"Neural Artistry\" \/>\n<meta property=\"article:modified_time\" content=\"2025-08-21T16:14:27+00:00\" \/>\n<meta property=\"og:image\" content=\"https:\/\/www.neural-artistry.com\/wp-content\/uploads\/2025\/02\/neural-artistry-portfolio-201_mock_giant.jpg\" \/>\n\t<meta property=\"og:image:width\" content=\"2048\" \/>\n\t<meta property=\"og:image:height\" content=\"2048\" \/>\n\t<meta property=\"og:image:type\" content=\"image\/jpeg\" \/>\n<meta name=\"twitter:card\" content=\"summary_large_image\" \/>\n<meta name=\"twitter:label1\" content=\"Dur\u00e9e de lecture estim\u00e9e\" \/>\n\t<meta name=\"twitter:data1\" content=\"1 minute\" \/>\n<script type=\"application\/ld+json\" class=\"yoast-schema-graph\">{\"@context\":\"https:\\\/\\\/schema.org\",\"@graph\":[{\"@type\":\"WebPage\",\"@id\":\"https:\\\/\\\/www.neural-artistry.com\\\/shop\\\/home-garden\\\/decor\\\/artwork\\\/posters-prints-visual-artwork\\\/cosmic-currents-art-print\\\/\",\"url\":\"https:\\\/\\\/www.neural-artistry.com\\\/shop\\\/home-garden\\\/decor\\\/artwork\\\/posters-prints-visual-artwork\\\/cosmic-currents-art-print\\\/\",\"name\":\"Cosmic Currents Art Print - Neural Artistry\",\"isPartOf\":{\"@id\":\"https:\\\/\\\/www.neural-artistry.com\\\/#website\"},\"primaryImageOfPage\":{\"@id\":\"https:\\\/\\\/www.neural-artistry.com\\\/shop\\\/home-garden\\\/decor\\\/artwork\\\/posters-prints-visual-artwork\\\/cosmic-currents-art-print\\\/#primaryimage\"},\"image\":{\"@id\":\"https:\\\/\\\/www.neural-artistry.com\\\/shop\\\/home-garden\\\/decor\\\/artwork\\\/posters-prints-visual-artwork\\\/cosmic-currents-art-print\\\/#primaryimage\"},\"thumbnailUrl\":\"https:\\\/\\\/www.neural-artistry.com\\\/wp-content\\\/uploads\\\/2025\\\/02\\\/neural-artistry-portfolio-201_mock_giant.jpg\",\"datePublished\":\"2025-02-13T13:15:18+00:00\",\"dateModified\":\"2025-08-21T16:14:27+00:00\",\"breadcrumb\":{\"@id\":\"https:\\\/\\\/www.neural-artistry.com\\\/shop\\\/home-garden\\\/decor\\\/artwork\\\/posters-prints-visual-artwork\\\/cosmic-currents-art-print\\\/#breadcrumb\"},\"inLanguage\":\"fr-FR\",\"potentialAction\":[{\"@type\":\"ReadAction\",\"target\":[\"https:\\\/\\\/www.neural-artistry.com\\\/shop\\\/home-garden\\\/decor\\\/artwork\\\/posters-prints-visual-artwork\\\/cosmic-currents-art-print\\\/\"]}]},{\"@type\":\"ImageObject\",\"inLanguage\":\"fr-FR\",\"@id\":\"https:\\\/\\\/www.neural-artistry.com\\\/shop\\\/home-garden\\\/decor\\\/artwork\\\/posters-prints-visual-artwork\\\/cosmic-currents-art-print\\\/#primaryimage\",\"url\":\"https:\\\/\\\/www.neural-artistry.com\\\/wp-content\\\/uploads\\\/2025\\\/02\\\/neural-artistry-portfolio-201_mock_giant.jpg\",\"contentUrl\":\"https:\\\/\\\/www.neural-artistry.com\\\/wp-content\\\/uploads\\\/2025\\\/02\\\/neural-artistry-portfolio-201_mock_giant.jpg\",\"width\":2048,\"height\":2048},{\"@type\":\"BreadcrumbList\",\"@id\":\"https:\\\/\\\/www.neural-artistry.com\\\/shop\\\/home-garden\\\/decor\\\/artwork\\\/posters-prints-visual-artwork\\\/cosmic-currents-art-print\\\/#breadcrumb\",\"itemListElement\":[{\"@type\":\"ListItem\",\"position\":1,\"name\":\"Home\",\"item\":\"https:\\\/\\\/www.neural-artistry.com\\\/\"},{\"@type\":\"ListItem\",\"position\":2,\"name\":\"Wall Art Prints \u2013 Custom Canvas &amp; Unique Posters\",\"item\":\"https:\\\/\\\/www.neural-artistry.com\\\/\"},{\"@type\":\"ListItem\",\"position\":3,\"name\":\"Cosmic Currents Art Print\"}]},{\"@type\":\"WebSite\",\"@id\":\"https:\\\/\\\/www.neural-artistry.com\\\/#website\",\"url\":\"https:\\\/\\\/www.neural-artistry.com\\\/\",\"name\":\"Neural Artistry\",\"description\":\"AI Art Posters \u2013 Certified, Premium, Sold Only Once\",\"publisher\":{\"@id\":\"https:\\\/\\\/www.neural-artistry.com\\\/#organization\"},\"potentialAction\":[{\"@type\":\"SearchAction\",\"target\":{\"@type\":\"EntryPoint\",\"urlTemplate\":\"https:\\\/\\\/www.neural-artistry.com\\\/?s={search_term_string}\"},\"query-input\":{\"@type\":\"PropertyValueSpecification\",\"valueRequired\":true,\"valueName\":\"search_term_string\"}}],\"inLanguage\":\"fr-FR\"},{\"@type\":\"Organization\",\"@id\":\"https:\\\/\\\/www.neural-artistry.com\\\/#organization\",\"name\":\"Neural Artistry\",\"url\":\"https:\\\/\\\/www.neural-artistry.com\\\/\",\"logo\":{\"@type\":\"ImageObject\",\"inLanguage\":\"fr-FR\",\"@id\":\"https:\\\/\\\/www.neural-artistry.com\\\/#\\\/schema\\\/logo\\\/image\\\/\",\"url\":\"https:\\\/\\\/www.neural-artistry.com\\\/wp-content\\\/uploads\\\/2025\\\/08\\\/Web-Black-logo-no-background-scaled.webp\",\"contentUrl\":\"https:\\\/\\\/www.neural-artistry.com\\\/wp-content\\\/uploads\\\/2025\\\/08\\\/Web-Black-logo-no-background-scaled.webp\",\"width\":2560,\"height\":976,\"caption\":\"Neural Artistry\"},\"image\":{\"@id\":\"https:\\\/\\\/www.neural-artistry.com\\\/#\\\/schema\\\/logo\\\/image\\\/\"}}]}<\/script>\n<!-- \/ Yoast SEO plugin. -->","yoast_head_json":{"title":"Cosmic Currents Art Print - Neural Artistry","robots":{"index":"index","follow":"follow","max-snippet":"max-snippet:-1","max-image-preview":"max-image-preview:large","max-video-preview":"max-video-preview:-1"},"canonical":"https:\/\/www.neural-artistry.com\/fr\/shop\/home-garden\/decor\/artwork\/posters-prints-visual-artwork\/cosmic-currents-art-print\/","og_locale":"fr_FR","og_type":"article","og_title":"Cosmic Currents Art Print - Neural Artistry","og_description":"Drift into a cosmic dance of swirling earthy tones and geometric elegance in this mesmerizing art print. Printed on Hahnem\u00fchle FineArt paper with UltraChrome Pro inks, each piece is signed, authenticated, and crafted for a truly one-of-a-kind statement.","og_url":"https:\/\/www.neural-artistry.com\/fr\/shop\/home-garden\/decor\/artwork\/posters-prints-visual-artwork\/cosmic-currents-art-print\/","og_site_name":"Neural Artistry","article_modified_time":"2025-08-21T16:14:27+00:00","og_image":[{"width":2048,"height":2048,"url":"https:\/\/www.neural-artistry.com\/wp-content\/uploads\/2025\/02\/neural-artistry-portfolio-201_mock_giant.jpg","type":"image\/jpeg"}],"twitter_card":"summary_large_image","twitter_misc":{"Dur\u00e9e de lecture estim\u00e9e":"1 minute"},"schema":{"@context":"https:\/\/schema.org","@graph":[{"@type":"WebPage","@id":"https:\/\/www.neural-artistry.com\/shop\/home-garden\/decor\/artwork\/posters-prints-visual-artwork\/cosmic-currents-art-print\/","url":"https:\/\/www.neural-artistry.com\/shop\/home-garden\/decor\/artwork\/posters-prints-visual-artwork\/cosmic-currents-art-print\/","name":"Cosmic Currents Art Print - Neural Artistry","isPartOf":{"@id":"https:\/\/www.neural-artistry.com\/#website"},"primaryImageOfPage":{"@id":"https:\/\/www.neural-artistry.com\/shop\/home-garden\/decor\/artwork\/posters-prints-visual-artwork\/cosmic-currents-art-print\/#primaryimage"},"image":{"@id":"https:\/\/www.neural-artistry.com\/shop\/home-garden\/decor\/artwork\/posters-prints-visual-artwork\/cosmic-currents-art-print\/#primaryimage"},"thumbnailUrl":"https:\/\/www.neural-artistry.com\/wp-content\/uploads\/2025\/02\/neural-artistry-portfolio-201_mock_giant.jpg","datePublished":"2025-02-13T13:15:18+00:00","dateModified":"2025-08-21T16:14:27+00:00","breadcrumb":{"@id":"https:\/\/www.neural-artistry.com\/shop\/home-garden\/decor\/artwork\/posters-prints-visual-artwork\/cosmic-currents-art-print\/#breadcrumb"},"inLanguage":"fr-FR","potentialAction":[{"@type":"ReadAction","target":["https:\/\/www.neural-artistry.com\/shop\/home-garden\/decor\/artwork\/posters-prints-visual-artwork\/cosmic-currents-art-print\/"]}]},{"@type":"ImageObject","inLanguage":"fr-FR","@id":"https:\/\/www.neural-artistry.com\/shop\/home-garden\/decor\/artwork\/posters-prints-visual-artwork\/cosmic-currents-art-print\/#primaryimage","url":"https:\/\/www.neural-artistry.com\/wp-content\/uploads\/2025\/02\/neural-artistry-portfolio-201_mock_giant.jpg","contentUrl":"https:\/\/www.neural-artistry.com\/wp-content\/uploads\/2025\/02\/neural-artistry-portfolio-201_mock_giant.jpg","width":2048,"height":2048},{"@type":"BreadcrumbList","@id":"https:\/\/www.neural-artistry.com\/shop\/home-garden\/decor\/artwork\/posters-prints-visual-artwork\/cosmic-currents-art-print\/#breadcrumb","itemListElement":[{"@type":"ListItem","position":1,"name":"Home","item":"https:\/\/www.neural-artistry.com\/"},{"@type":"ListItem","position":2,"name":"Wall Art Prints \u2013 Custom Canvas &amp; Unique Posters","item":"https:\/\/www.neural-artistry.com\/"},{"@type":"ListItem","position":3,"name":"Cosmic Currents Art Print"}]},{"@type":"WebSite","@id":"https:\/\/www.neural-artistry.com\/#website","url":"https:\/\/www.neural-artistry.com\/","name":"Neural Artistry","description":"Affiches d&#039;art IA \u2013 Certifi\u00e9es, premium, vendues une seule fois","publisher":{"@id":"https:\/\/www.neural-artistry.com\/#organization"},"potentialAction":[{"@type":"SearchAction","target":{"@type":"EntryPoint","urlTemplate":"https:\/\/www.neural-artistry.com\/?s={search_term_string}"},"query-input":{"@type":"PropertyValueSpecification","valueRequired":true,"valueName":"search_term_string"}}],"inLanguage":"fr-FR"},{"@type":"Organization","@id":"https:\/\/www.neural-artistry.com\/#organization","name":"Neural Artistry","url":"https:\/\/www.neural-artistry.com\/","logo":{"@type":"ImageObject","inLanguage":"fr-FR","@id":"https:\/\/www.neural-artistry.com\/#\/schema\/logo\/image\/","url":"https:\/\/www.neural-artistry.com\/wp-content\/uploads\/2025\/08\/Web-Black-logo-no-background-scaled.webp","contentUrl":"https:\/\/www.neural-artistry.com\/wp-content\/uploads\/2025\/08\/Web-Black-logo-no-background-scaled.webp","width":2560,"height":976,"caption":"Neural Artistry"},"image":{"@id":"https:\/\/www.neural-artistry.com\/#\/schema\/logo\/image\/"}}]}},"uagb_featured_image_src":{"full":["https:\/\/www.neural-artistry.com\/wp-content\/uploads\/2025\/02\/neural-artistry-portfolio-201_mock_giant.jpg",2048,2048,false],"thumbnail":["https:\/\/www.neural-artistry.com\/wp-content\/uploads\/2025\/02\/neural-artistry-portfolio-201_mock_giant-150x150.jpg",150,150,true],"medium":["https:\/\/www.neural-artistry.com\/wp-content\/uploads\/2025\/02\/neural-artistry-portfolio-201_mock_giant-300x300.jpg",300,300,true],"medium_large":["https:\/\/www.neural-artistry.com\/wp-content\/uploads\/2025\/02\/neural-artistry-portfolio-201_mock_giant-768x768.jpg",768,768,true],"large":["https:\/\/www.neural-artistry.com\/wp-content\/uploads\/2025\/02\/neural-artistry-portfolio-201_mock_giant-1024x1024.jpg",1024,1024,true],"1536x1536":["https:\/\/www.neural-artistry.com\/wp-content\/uploads\/2025\/02\/neural-artistry-portfolio-201_mock_giant-1536x1536.jpg",1536,1536,true],"2048x2048":["https:\/\/www.neural-artistry.com\/wp-content\/uploads\/2025\/02\/neural-artistry-portfolio-201_mock_giant.jpg",2048,2048,false],"trp-custom-language-flag":["https:\/\/www.neural-artistry.com\/wp-content\/uploads\/2025\/02\/neural-artistry-portfolio-201_mock_giant-12x12.jpg",12,12,true],"woocommerce_thumbnail":["https:\/\/www.neural-artistry.com\/wp-content\/uploads\/2025\/02\/neural-artistry-portfolio-201_mock_giant-450x450.jpg",450,450,true],"woocommerce_single":["https:\/\/www.neural-artistry.com\/wp-content\/uploads\/2025\/02\/neural-artistry-portfolio-201_mock_giant-600x600.jpg",600,600,true],"woocommerce_gallery_thumbnail":["https:\/\/www.neural-artistry.com\/wp-content\/uploads\/2025\/02\/neural-artistry-portfolio-201_mock_giant-100x100.jpg",100,100,true]},"uagb_author_info":{"display_name":"flake","author_link":"https:\/\/www.neural-artistry.com\/fr\/author\/"},"uagb_comment_info":0,"uagb_excerpt":"Drift into a cosmic dance of swirling earthy tones and geometric elegance in this mesmerizing art print. Printed on Hahnem\u00fchle FineArt paper with UltraChrome Pro inks, each piece is signed, authenticated, and crafted for a truly one-of-a-kind statement.","_links":{"self":[{"href":"https:\/\/www.neural-artistry.com\/fr\/wp-json\/wp\/v2\/product\/11337","targetHints":{"allow":["GET"]}}],"collection":[{"href":"https:\/\/www.neural-artistry.com\/fr\/wp-json\/wp\/v2\/product"}],"about":[{"href":"https:\/\/www.neural-artistry.com\/fr\/wp-json\/wp\/v2\/types\/product"}],"replies":[{"embeddable":true,"href":"https:\/\/www.neural-artistry.com\/fr\/wp-json\/wp\/v2\/comments?post=11337"}],"wp:featuredmedia":[{"embeddable":true,"href":"https:\/\/www.neural-artistry.com\/fr\/wp-json\/wp\/v2\/media\/10461"}],"wp:attachment":[{"href":"https:\/\/www.neural-artistry.com\/fr\/wp-json\/wp\/v2\/media?parent=11337"}],"wp:term":[{"taxonomy":"product_brand","embeddable":true,"href":"https:\/\/www.neural-artistry.com\/fr\/wp-json\/wp\/v2\/product_brand?post=11337"},{"taxonomy":"product_cat","embeddable":true,"href":"https:\/\/www.neural-artistry.com\/fr\/wp-json\/wp\/v2\/product_cat?post=11337"},{"taxonomy":"product_tag","embeddable":true,"href":"https:\/\/www.neural-artistry.com\/fr\/wp-json\/wp\/v2\/product_tag?post=11337"}],"curies":[{"name":"wp","href":"https:\/\/api.w.org\/{rel}","templated":true}]}}