{"id":11342,"date":"2025-02-13T13:15:24","date_gmt":"2025-02-13T13:15:24","guid":{"rendered":"https:\/\/www.neural-artistry.com\/shop\/uncategorized\/solar-vision-pop-art-poster\/"},"modified":"2025-08-21T16:14:30","modified_gmt":"2025-08-21T16:14:30","slug":"solar-vision-pop-art-poster","status":"publish","type":"product","link":"https:\/\/www.neural-artistry.com\/fr\/shop\/home-garden\/decor\/artwork\/posters-prints-visual-artwork\/solar-vision-pop-art-poster\/","title":{"rendered":"Affiche Pop Art Vision Solaire"},"content":{"rendered":"<h3 style=\"color: #FAF5E5;\">Portrait Pop Art futuriste \u2013 Une \u0153uvre d\u2019art audacieuse<\/h3>\n<p style=\"color: #FAF5E5;\">Entrez dans le futur avec ceci <strong>portrait pop art \u00e9lectrisant<\/strong>, une fusion de <strong>couleurs vives, tons contrast\u00e9s et mode avant-gardiste<\/strong>Cette peinture num\u00e9rique saisissante allie le surr\u00e9alisme \u00e0 l&#039;esth\u00e9tique moderne, ce qui en fait un incontournable pour les collectionneurs et les amateurs d&#039;art. Que vous soyez fan de <strong>concepts futuristes, mode audacieuse ou art mural affirm\u00e9<\/strong>, cette pi\u00e8ce est con\u00e7ue pour captiver et inspirer.<\/p>\n<h3 style=\"color: #FAF5E5;\">Tailles disponibles<\/h3>\n<ul style=\"color: #FAF5E5;\">\n<li>20,90 cm x 29,70 cm<\/li>\n<li>29,56 cm x 42,00 cm<\/li>\n<li>32,90 cm x 46,75 cm<\/li>\n<li>41,80 cm x 59,40 cm<\/li>\n<li>43,00 cm x 61,11 cm<\/li>\n<\/ul>\n<h3 style=\"color: #FAF5E5;\">Qualit\u00e9 et savoir-faire haut de gamme<\/h3>\n<p style=\"color: #FAF5E5;\">Chaque impression est m\u00e9ticuleusement r\u00e9alis\u00e9e \u00e0 l&#039;aide <strong>Papier FineArt Hahnem\u00fchle<\/strong>, assurant une <strong>finition de qualit\u00e9 mus\u00e9ale<\/strong> qui renforce la profondeur et le dynamisme de l&#039;\u0153uvre. Imprim\u00e9 avec <strong>Encres UltraChrome Pro<\/strong>, cette pi\u00e8ce est con\u00e7ue pour \u00eatre <strong>r\u00e9sistant \u00e0 la d\u00e9coloration, durable et riche en d\u00e9tails<\/strong>.<\/p>\n<h3 style=\"color: #FAF5E5;\">Finition mate ou brillante<\/h3>\n<p style=\"color: #FAF5E5;\">Choisissez entre un <strong>finition mate \u00e9l\u00e9gante<\/strong> pour un look sophistiqu\u00e9 ou un <strong>finition brillante<\/strong> pour amplifier les couleurs et le contraste de ce chef-d&#039;\u0153uvre futuriste.<\/p>\n<h3 style=\"color: #FAF5E5;\">Authenticit\u00e9 certifi\u00e9e<\/h3>\n<p style=\"color: #FAF5E5;\">C&#039;est un <strong>tirage unique, sign\u00e9 et authentifi\u00e9<\/strong>, vous assurant de poss\u00e9der une \u0153uvre d&#039;art exclusive. Parfait pour les collectionneurs et ceux qui appr\u00e9cient <strong>affiches imprim\u00e9es uniques et de haute qualit\u00e9<\/strong>.<\/p>\n<h3 style=\"color: #FAF5E5;\">Parfait pour n&#039;importe quel espace<\/h3>\n<p style=\"color: #FAF5E5;\">Id\u00e9al pour une vari\u00e9t\u00e9 de d\u00e9cors, cette impression pop art futuriste fait une d\u00e9claration audacieuse dans\u00a0:<\/p>\n<ul style=\"color: #FAF5E5;\">\n<li>Salons modernes<\/li>\n<li>Espaces de bureaux<\/li>\n<li>Configurations de jeu<\/li>\n<li>Studios de cr\u00e9ation<\/li>\n<li>Int\u00e9rieurs inspir\u00e9s de la mode<\/li>\n<\/ul>\n<h3 style=\"color: #FAF5E5;\">Un cadeau unique pour les amateurs d&#039;art<\/h3>\n<p style=\"color: #FAF5E5;\">\u00c0 la recherche d&#039;un <strong>cadeau affiche unique<\/strong>? Cette impression d&#039;art exclusive est parfaite pour <strong>passionn\u00e9s de mode, amateurs de culture pop et collectionneurs<\/strong> qui appr\u00e9cient l\u2019esth\u00e9tique audacieuse et moderne.<\/p>\n<h3 style=\"color: #FAF5E5;\">Commandez le v\u00f4tre aujourd&#039;hui<\/h3>\n<p style=\"color: #FAF5E5;\">\u00c9levez votre espace avec ceci <strong>superbe impression d&#039;art de haute qualit\u00e9<\/strong>. <strong>Achetez des affiches en ligne maintenant<\/strong> et poss\u00e9dez une \u0153uvre d\u2019art pop futuriste qui laissera une impression durable.<\/p>","protected":false},"excerpt":{"rendered":"<p>Fusion audacieuse du pop art et de l&#039;\u00e9l\u00e9gance futuriste, ce portrait vibrant attire l&#039;attention avec des teintes \u00e0 contraste \u00e9lev\u00e9 et une touche avant-gardiste. Imprim\u00e9 sur du papier Hahnem\u00fchle FineArt de qualit\u00e9 sup\u00e9rieure avec des encres UltraChrome Pro, chaque tirage d&#039;art est une pi\u00e8ce de d\u00e9claration sign\u00e9e et authentifi\u00e9e.<\/p>","protected":false},"featured_media":10491,"comment_status":"open","ping_status":"closed","template":"","meta":{"_uag_custom_page_level_css":""},"product_brand":[874],"product_cat":[733,744,725,1268],"product_tag":[1033,901,935,918,897,885,907,1105,899,887],"class_list":{"0":"post-11342","1":"product","2":"type-product","3":"status-publish","4":"has-post-thumbnail","6":"product_brand-neural-artistry","7":"product_cat-futuristic-concepts","8":"product_cat-pop-culture","9":"product_cat-portraits","10":"product_cat-posters-prints-visual-artwork","11":"product_tag-boldcolors","12":"product_tag-fashion","13":"product_tag-futuristic","14":"product_tag-highcontrast","15":"product_tag-modern","16":"product_tag-popart","17":"product_tag-portrait","18":"product_tag-statementpiece","19":"product_tag-sunglasses","20":"product_tag-vibrant","21":"product_shipping_class-chronopost","22":"pa_finish-type-glossy-finish","23":"pa_finish-type-matte-finish","24":"pa_margins-with","25":"pa_margins-without","26":"pa_medium-technique-digital-painting","27":"pa_medium-technique-mixed-media-digital","28":"pa_medium-technique-photomanipulation","29":"pa_mood-ambiance-avant-garde","30":"pa_mood-ambiance-bold","31":"pa_mood-ambiance-dramatic","32":"pa_mood-ambiance-futuristic","33":"pa_mood-ambiance-vibrant","34":"pa_orientation-portrait","35":"pa_size-20-90cmx29-70cm","36":"pa_size-29-56cmx42-00cm","37":"pa_size-32-90cmx46-75cm","38":"pa_size-41-80cmx59-40cm","39":"pa_size-43-00cmx61-11cm","40":"pa_style-movement-concept-art","41":"pa_style-movement-pop-art","42":"pa_style-movement-surrealism","44":"first","45":"instock","46":"sold-individually","47":"taxable","48":"shipping-taxable","49":"purchasable","50":"product-type-variable","51":"has-default-attributes"},"yoast_head":"<!-- This site is optimized with the Yoast SEO plugin v27.5 - https:\/\/yoast.com\/product\/yoast-seo-wordpress\/ -->\n<title>Solar Vision Pop Art Poster - Neural Artistry<\/title>\n<meta name=\"robots\" content=\"index, follow, max-snippet:-1, max-image-preview:large, max-video-preview:-1\" \/>\n<link rel=\"canonical\" href=\"https:\/\/www.neural-artistry.com\/fr\/shop\/home-garden\/decor\/artwork\/posters-prints-visual-artwork\/solar-vision-pop-art-poster\/\" \/>\n<meta property=\"og:locale\" content=\"fr_FR\" \/>\n<meta property=\"og:type\" content=\"article\" \/>\n<meta property=\"og:title\" content=\"Solar Vision Pop Art Poster - Neural Artistry\" \/>\n<meta property=\"og:description\" content=\"A bold fusion of pop art and futuristic elegance, this vibrant portrait commands attention with high-contrast hues and avant-garde flair. Printed on premium Hahnem\u00fchle FineArt paper with UltraChrome Pro inks, each art print is a signed, authenticated statement piece.\" \/>\n<meta property=\"og:url\" content=\"https:\/\/www.neural-artistry.com\/fr\/shop\/home-garden\/decor\/artwork\/posters-prints-visual-artwork\/solar-vision-pop-art-poster\/\" \/>\n<meta property=\"og:site_name\" content=\"Neural Artistry\" \/>\n<meta property=\"article:modified_time\" content=\"2025-08-21T16:14:30+00:00\" \/>\n<meta property=\"og:image\" content=\"https:\/\/www.neural-artistry.com\/wp-content\/uploads\/2025\/02\/neural-artistry-portfolio-206_mock_giant.jpg\" \/>\n\t<meta property=\"og:image:width\" content=\"2048\" \/>\n\t<meta property=\"og:image:height\" content=\"2048\" \/>\n\t<meta property=\"og:image:type\" content=\"image\/jpeg\" \/>\n<meta name=\"twitter:card\" content=\"summary_large_image\" \/>\n<meta name=\"twitter:label1\" content=\"Dur\u00e9e de lecture estim\u00e9e\" \/>\n\t<meta name=\"twitter:data1\" content=\"1 minute\" \/>\n<script type=\"application\/ld+json\" class=\"yoast-schema-graph\">{\"@context\":\"https:\\\/\\\/schema.org\",\"@graph\":[{\"@type\":\"WebPage\",\"@id\":\"https:\\\/\\\/www.neural-artistry.com\\\/shop\\\/home-garden\\\/decor\\\/artwork\\\/posters-prints-visual-artwork\\\/solar-vision-pop-art-poster\\\/\",\"url\":\"https:\\\/\\\/www.neural-artistry.com\\\/shop\\\/home-garden\\\/decor\\\/artwork\\\/posters-prints-visual-artwork\\\/solar-vision-pop-art-poster\\\/\",\"name\":\"Solar Vision Pop Art Poster - Neural Artistry\",\"isPartOf\":{\"@id\":\"https:\\\/\\\/www.neural-artistry.com\\\/#website\"},\"primaryImageOfPage\":{\"@id\":\"https:\\\/\\\/www.neural-artistry.com\\\/shop\\\/home-garden\\\/decor\\\/artwork\\\/posters-prints-visual-artwork\\\/solar-vision-pop-art-poster\\\/#primaryimage\"},\"image\":{\"@id\":\"https:\\\/\\\/www.neural-artistry.com\\\/shop\\\/home-garden\\\/decor\\\/artwork\\\/posters-prints-visual-artwork\\\/solar-vision-pop-art-poster\\\/#primaryimage\"},\"thumbnailUrl\":\"https:\\\/\\\/www.neural-artistry.com\\\/wp-content\\\/uploads\\\/2025\\\/02\\\/neural-artistry-portfolio-206_mock_giant.jpg\",\"datePublished\":\"2025-02-13T13:15:24+00:00\",\"dateModified\":\"2025-08-21T16:14:30+00:00\",\"breadcrumb\":{\"@id\":\"https:\\\/\\\/www.neural-artistry.com\\\/shop\\\/home-garden\\\/decor\\\/artwork\\\/posters-prints-visual-artwork\\\/solar-vision-pop-art-poster\\\/#breadcrumb\"},\"inLanguage\":\"fr-FR\",\"potentialAction\":[{\"@type\":\"ReadAction\",\"target\":[\"https:\\\/\\\/www.neural-artistry.com\\\/shop\\\/home-garden\\\/decor\\\/artwork\\\/posters-prints-visual-artwork\\\/solar-vision-pop-art-poster\\\/\"]}]},{\"@type\":\"ImageObject\",\"inLanguage\":\"fr-FR\",\"@id\":\"https:\\\/\\\/www.neural-artistry.com\\\/shop\\\/home-garden\\\/decor\\\/artwork\\\/posters-prints-visual-artwork\\\/solar-vision-pop-art-poster\\\/#primaryimage\",\"url\":\"https:\\\/\\\/www.neural-artistry.com\\\/wp-content\\\/uploads\\\/2025\\\/02\\\/neural-artistry-portfolio-206_mock_giant.jpg\",\"contentUrl\":\"https:\\\/\\\/www.neural-artistry.com\\\/wp-content\\\/uploads\\\/2025\\\/02\\\/neural-artistry-portfolio-206_mock_giant.jpg\",\"width\":2048,\"height\":2048},{\"@type\":\"BreadcrumbList\",\"@id\":\"https:\\\/\\\/www.neural-artistry.com\\\/shop\\\/home-garden\\\/decor\\\/artwork\\\/posters-prints-visual-artwork\\\/solar-vision-pop-art-poster\\\/#breadcrumb\",\"itemListElement\":[{\"@type\":\"ListItem\",\"position\":1,\"name\":\"Home\",\"item\":\"https:\\\/\\\/www.neural-artistry.com\\\/\"},{\"@type\":\"ListItem\",\"position\":2,\"name\":\"Wall Art Prints \u2013 Custom Canvas &amp; Unique Posters\",\"item\":\"https:\\\/\\\/www.neural-artistry.com\\\/\"},{\"@type\":\"ListItem\",\"position\":3,\"name\":\"Solar Vision Pop Art Poster\"}]},{\"@type\":\"WebSite\",\"@id\":\"https:\\\/\\\/www.neural-artistry.com\\\/#website\",\"url\":\"https:\\\/\\\/www.neural-artistry.com\\\/\",\"name\":\"Neural Artistry\",\"description\":\"AI Art Posters \u2013 Certified, Premium, Sold Only Once\",\"publisher\":{\"@id\":\"https:\\\/\\\/www.neural-artistry.com\\\/#organization\"},\"potentialAction\":[{\"@type\":\"SearchAction\",\"target\":{\"@type\":\"EntryPoint\",\"urlTemplate\":\"https:\\\/\\\/www.neural-artistry.com\\\/?s={search_term_string}\"},\"query-input\":{\"@type\":\"PropertyValueSpecification\",\"valueRequired\":true,\"valueName\":\"search_term_string\"}}],\"inLanguage\":\"fr-FR\"},{\"@type\":\"Organization\",\"@id\":\"https:\\\/\\\/www.neural-artistry.com\\\/#organization\",\"name\":\"Neural Artistry\",\"url\":\"https:\\\/\\\/www.neural-artistry.com\\\/\",\"logo\":{\"@type\":\"ImageObject\",\"inLanguage\":\"fr-FR\",\"@id\":\"https:\\\/\\\/www.neural-artistry.com\\\/#\\\/schema\\\/logo\\\/image\\\/\",\"url\":\"https:\\\/\\\/www.neural-artistry.com\\\/wp-content\\\/uploads\\\/2025\\\/08\\\/Web-Black-logo-no-background-scaled.webp\",\"contentUrl\":\"https:\\\/\\\/www.neural-artistry.com\\\/wp-content\\\/uploads\\\/2025\\\/08\\\/Web-Black-logo-no-background-scaled.webp\",\"width\":2560,\"height\":976,\"caption\":\"Neural Artistry\"},\"image\":{\"@id\":\"https:\\\/\\\/www.neural-artistry.com\\\/#\\\/schema\\\/logo\\\/image\\\/\"}}]}<\/script>\n<!-- \/ Yoast SEO plugin. -->","yoast_head_json":{"title":"Solar Vision Pop Art Poster - Neural Artistry","robots":{"index":"index","follow":"follow","max-snippet":"max-snippet:-1","max-image-preview":"max-image-preview:large","max-video-preview":"max-video-preview:-1"},"canonical":"https:\/\/www.neural-artistry.com\/fr\/shop\/home-garden\/decor\/artwork\/posters-prints-visual-artwork\/solar-vision-pop-art-poster\/","og_locale":"fr_FR","og_type":"article","og_title":"Solar Vision Pop Art Poster - Neural Artistry","og_description":"A bold fusion of pop art and futuristic elegance, this vibrant portrait commands attention with high-contrast hues and avant-garde flair. Printed on premium Hahnem\u00fchle FineArt paper with UltraChrome Pro inks, each art print is a signed, authenticated statement piece.","og_url":"https:\/\/www.neural-artistry.com\/fr\/shop\/home-garden\/decor\/artwork\/posters-prints-visual-artwork\/solar-vision-pop-art-poster\/","og_site_name":"Neural Artistry","article_modified_time":"2025-08-21T16:14:30+00:00","og_image":[{"width":2048,"height":2048,"url":"https:\/\/www.neural-artistry.com\/wp-content\/uploads\/2025\/02\/neural-artistry-portfolio-206_mock_giant.jpg","type":"image\/jpeg"}],"twitter_card":"summary_large_image","twitter_misc":{"Dur\u00e9e de lecture estim\u00e9e":"1 minute"},"schema":{"@context":"https:\/\/schema.org","@graph":[{"@type":"WebPage","@id":"https:\/\/www.neural-artistry.com\/shop\/home-garden\/decor\/artwork\/posters-prints-visual-artwork\/solar-vision-pop-art-poster\/","url":"https:\/\/www.neural-artistry.com\/shop\/home-garden\/decor\/artwork\/posters-prints-visual-artwork\/solar-vision-pop-art-poster\/","name":"Solar Vision Pop Art Poster - Neural Artistry","isPartOf":{"@id":"https:\/\/www.neural-artistry.com\/#website"},"primaryImageOfPage":{"@id":"https:\/\/www.neural-artistry.com\/shop\/home-garden\/decor\/artwork\/posters-prints-visual-artwork\/solar-vision-pop-art-poster\/#primaryimage"},"image":{"@id":"https:\/\/www.neural-artistry.com\/shop\/home-garden\/decor\/artwork\/posters-prints-visual-artwork\/solar-vision-pop-art-poster\/#primaryimage"},"thumbnailUrl":"https:\/\/www.neural-artistry.com\/wp-content\/uploads\/2025\/02\/neural-artistry-portfolio-206_mock_giant.jpg","datePublished":"2025-02-13T13:15:24+00:00","dateModified":"2025-08-21T16:14:30+00:00","breadcrumb":{"@id":"https:\/\/www.neural-artistry.com\/shop\/home-garden\/decor\/artwork\/posters-prints-visual-artwork\/solar-vision-pop-art-poster\/#breadcrumb"},"inLanguage":"fr-FR","potentialAction":[{"@type":"ReadAction","target":["https:\/\/www.neural-artistry.com\/shop\/home-garden\/decor\/artwork\/posters-prints-visual-artwork\/solar-vision-pop-art-poster\/"]}]},{"@type":"ImageObject","inLanguage":"fr-FR","@id":"https:\/\/www.neural-artistry.com\/shop\/home-garden\/decor\/artwork\/posters-prints-visual-artwork\/solar-vision-pop-art-poster\/#primaryimage","url":"https:\/\/www.neural-artistry.com\/wp-content\/uploads\/2025\/02\/neural-artistry-portfolio-206_mock_giant.jpg","contentUrl":"https:\/\/www.neural-artistry.com\/wp-content\/uploads\/2025\/02\/neural-artistry-portfolio-206_mock_giant.jpg","width":2048,"height":2048},{"@type":"BreadcrumbList","@id":"https:\/\/www.neural-artistry.com\/shop\/home-garden\/decor\/artwork\/posters-prints-visual-artwork\/solar-vision-pop-art-poster\/#breadcrumb","itemListElement":[{"@type":"ListItem","position":1,"name":"Home","item":"https:\/\/www.neural-artistry.com\/"},{"@type":"ListItem","position":2,"name":"Wall Art Prints \u2013 Custom Canvas &amp; Unique Posters","item":"https:\/\/www.neural-artistry.com\/"},{"@type":"ListItem","position":3,"name":"Solar Vision Pop Art Poster"}]},{"@type":"WebSite","@id":"https:\/\/www.neural-artistry.com\/#website","url":"https:\/\/www.neural-artistry.com\/","name":"Neural Artistry","description":"Affiches d&#039;art IA \u2013 Certifi\u00e9es, premium, vendues une seule fois","publisher":{"@id":"https:\/\/www.neural-artistry.com\/#organization"},"potentialAction":[{"@type":"SearchAction","target":{"@type":"EntryPoint","urlTemplate":"https:\/\/www.neural-artistry.com\/?s={search_term_string}"},"query-input":{"@type":"PropertyValueSpecification","valueRequired":true,"valueName":"search_term_string"}}],"inLanguage":"fr-FR"},{"@type":"Organization","@id":"https:\/\/www.neural-artistry.com\/#organization","name":"Neural Artistry","url":"https:\/\/www.neural-artistry.com\/","logo":{"@type":"ImageObject","inLanguage":"fr-FR","@id":"https:\/\/www.neural-artistry.com\/#\/schema\/logo\/image\/","url":"https:\/\/www.neural-artistry.com\/wp-content\/uploads\/2025\/08\/Web-Black-logo-no-background-scaled.webp","contentUrl":"https:\/\/www.neural-artistry.com\/wp-content\/uploads\/2025\/08\/Web-Black-logo-no-background-scaled.webp","width":2560,"height":976,"caption":"Neural Artistry"},"image":{"@id":"https:\/\/www.neural-artistry.com\/#\/schema\/logo\/image\/"}}]}},"uagb_featured_image_src":{"full":["https:\/\/www.neural-artistry.com\/wp-content\/uploads\/2025\/02\/neural-artistry-portfolio-206_mock_giant.jpg",2048,2048,false],"thumbnail":["https:\/\/www.neural-artistry.com\/wp-content\/uploads\/2025\/02\/neural-artistry-portfolio-206_mock_giant-150x150.jpg",150,150,true],"medium":["https:\/\/www.neural-artistry.com\/wp-content\/uploads\/2025\/02\/neural-artistry-portfolio-206_mock_giant-300x300.jpg",300,300,true],"medium_large":["https:\/\/www.neural-artistry.com\/wp-content\/uploads\/2025\/02\/neural-artistry-portfolio-206_mock_giant-768x768.jpg",768,768,true],"large":["https:\/\/www.neural-artistry.com\/wp-content\/uploads\/2025\/02\/neural-artistry-portfolio-206_mock_giant-1024x1024.jpg",1024,1024,true],"1536x1536":["https:\/\/www.neural-artistry.com\/wp-content\/uploads\/2025\/02\/neural-artistry-portfolio-206_mock_giant-1536x1536.jpg",1536,1536,true],"2048x2048":["https:\/\/www.neural-artistry.com\/wp-content\/uploads\/2025\/02\/neural-artistry-portfolio-206_mock_giant.jpg",2048,2048,false],"trp-custom-language-flag":["https:\/\/www.neural-artistry.com\/wp-content\/uploads\/2025\/02\/neural-artistry-portfolio-206_mock_giant-12x12.jpg",12,12,true],"woocommerce_thumbnail":["https:\/\/www.neural-artistry.com\/wp-content\/uploads\/2025\/02\/neural-artistry-portfolio-206_mock_giant-450x450.jpg",450,450,true],"woocommerce_single":["https:\/\/www.neural-artistry.com\/wp-content\/uploads\/2025\/02\/neural-artistry-portfolio-206_mock_giant-600x600.jpg",600,600,true],"woocommerce_gallery_thumbnail":["https:\/\/www.neural-artistry.com\/wp-content\/uploads\/2025\/02\/neural-artistry-portfolio-206_mock_giant-100x100.jpg",100,100,true]},"uagb_author_info":{"display_name":"flake","author_link":"https:\/\/www.neural-artistry.com\/fr\/author\/"},"uagb_comment_info":0,"uagb_excerpt":"A bold fusion of pop art and futuristic elegance, this vibrant portrait commands attention with high-contrast hues and avant-garde flair. Printed on premium Hahnem\u00fchle FineArt paper with UltraChrome Pro inks, each art print is a signed, authenticated statement piece.","_links":{"self":[{"href":"https:\/\/www.neural-artistry.com\/fr\/wp-json\/wp\/v2\/product\/11342","targetHints":{"allow":["GET"]}}],"collection":[{"href":"https:\/\/www.neural-artistry.com\/fr\/wp-json\/wp\/v2\/product"}],"about":[{"href":"https:\/\/www.neural-artistry.com\/fr\/wp-json\/wp\/v2\/types\/product"}],"replies":[{"embeddable":true,"href":"https:\/\/www.neural-artistry.com\/fr\/wp-json\/wp\/v2\/comments?post=11342"}],"wp:featuredmedia":[{"embeddable":true,"href":"https:\/\/www.neural-artistry.com\/fr\/wp-json\/wp\/v2\/media\/10491"}],"wp:attachment":[{"href":"https:\/\/www.neural-artistry.com\/fr\/wp-json\/wp\/v2\/media?parent=11342"}],"wp:term":[{"taxonomy":"product_brand","embeddable":true,"href":"https:\/\/www.neural-artistry.com\/fr\/wp-json\/wp\/v2\/product_brand?post=11342"},{"taxonomy":"product_cat","embeddable":true,"href":"https:\/\/www.neural-artistry.com\/fr\/wp-json\/wp\/v2\/product_cat?post=11342"},{"taxonomy":"product_tag","embeddable":true,"href":"https:\/\/www.neural-artistry.com\/fr\/wp-json\/wp\/v2\/product_tag?post=11342"}],"curies":[{"name":"wp","href":"https:\/\/api.w.org\/{rel}","templated":true}]}}