{"id":11343,"date":"2025-02-13T13:15:25","date_gmt":"2025-02-13T13:15:25","guid":{"rendered":"https:\/\/www.neural-artistry.com\/shop\/uncategorized\/radiant-vision-art-poster\/"},"modified":"2025-08-21T16:14:30","modified_gmt":"2025-08-21T16:14:30","slug":"radiant-vision-art-poster","status":"publish","type":"product","link":"https:\/\/www.neural-artistry.com\/fr\/shop\/home-garden\/decor\/artwork\/posters-prints-visual-artwork\/radiant-vision-art-poster\/","title":{"rendered":"Affiche d&#039;art Vision radieuse"},"content":{"rendered":"<h3 style=\"color: #FAF5E5;\">Portrait abstrait futuriste \u2013 Une vision d\u2019expression audacieuse<\/h3>\n<p style=\"color: #FAF5E5;\">Entrez dans un monde de <strong>futurisme surr\u00e9aliste<\/strong> avec ce portrait abstrait captivant. Avec <strong>couleurs vives, contraste \u00e9lev\u00e9 et composition dynamique<\/strong>, cette impression d&#039;art exclusive m\u00e9lange <strong>peinture num\u00e9rique, photomanipulation et texturation complexe<\/strong> pour cr\u00e9er une pi\u00e8ce visuellement frappante. Un incontournable pour les collectionneurs et les passionn\u00e9s de <strong>esth\u00e9tique moderne et avant-gardiste<\/strong>.<\/p>\n<h3 style=\"color: #FAF5E5;\">Tailles disponibles<\/h3>\n<ul style=\"color: #FAF5E5;\">\n<li>20,90 cm x 29,70 cm<\/li>\n<li>29,56 cm x 42,00 cm<\/li>\n<li>32,90 cm x 46,75 cm<\/li>\n<li>41,80 cm x 59,40 cm<\/li>\n<li>43,00 cm x 61,11 cm<\/li>\n<\/ul>\n<h3 style=\"color: #FAF5E5;\">Un savoir-faire et une qualit\u00e9 d&#039;impression in\u00e9gal\u00e9s<\/h3>\n<p style=\"color: #FAF5E5;\">Cette affiche premium est imprim\u00e9e sur <strong>Papier FineArt Hahnem\u00fchle<\/strong> en utilisant <strong>Encres UltraChrome Pro<\/strong>, assurant <strong>tirages de qualit\u00e9 mus\u00e9ale et archivistique<\/strong> qui r\u00e9sistent \u00e0 la d\u00e9coloration et sont riches en d\u00e9tails. Choisissez entre un <strong>finition mate ou brillante<\/strong> pour s&#039;adapter au mieux \u00e0 votre espace.<\/p>\n<h3 style=\"color: #FAF5E5;\">\u0152uvres d&#039;art certifi\u00e9es et exclusives<\/h3>\n<p style=\"color: #FAF5E5;\">Chaque impression est une <strong>pi\u00e8ce unique, sign\u00e9e et authentifi\u00e9e<\/strong>, ce qui en fait un ajout exclusif \u00e0 votre collection. Poss\u00e9dez une \u0153uvre d&#039;art vraiment unique qui se d\u00e9marque dans n&#039;importe quel environnement.<\/p>\n<h3 style=\"color: #FAF5E5;\">Parfait pour les int\u00e9rieurs modernes<\/h3>\n<p style=\"color: #FAF5E5;\">Con\u00e7u pour compl\u00e9ter <strong>int\u00e9rieurs contemporains, futuristes et \u00e0 contraste \u00e9lev\u00e9<\/strong>, cette \u0153uvre est id\u00e9ale pour :<\/p>\n<ul style=\"color: #FAF5E5;\">\n<li>Salons<\/li>\n<li>Bureaux et espaces de travail<\/li>\n<li>Configurations de jeu<\/li>\n<li>Studios cr\u00e9atifs<\/li>\n<li>Chambres modernes<\/li>\n<\/ul>\n<h3 style=\"color: #FAF5E5;\">Un cadeau unique pour les amateurs d&#039;art<\/h3>\n<p style=\"color: #FAF5E5;\">\u00c0 la recherche d&#039;un <strong>cadeau attentionn\u00e9 et exclusif<\/strong>? Ce portrait futuriste constitue un excellent choix pour les collectionneurs d&#039;art, les designers et tous ceux qui appr\u00e9cient <strong>\u0153uvre d&#039;art audacieuse et conceptuelle<\/strong>.<\/p>\n<h3 style=\"color: #FAF5E5;\">Commandez votre tirage en \u00e9dition limit\u00e9e aujourd&#039;hui<\/h3>\n<p style=\"color: #FAF5E5;\">Transformez votre espace avec ceci <strong>superbe affiche de haute qualit\u00e9<\/strong>. Rehaussez votre d\u00e9cor avec une pi\u00e8ce qui parle \u00e0 <strong>modernit\u00e9, vision et innovation artistique<\/strong>. R\u00e9servez votre impression exclusive d\u00e8s aujourd&#039;hui !<\/p>","protected":false},"excerpt":{"rendered":"<p>Fusion audacieuse du futurisme et du surr\u00e9alisme, cette \u0153uvre d&#039;art vibrante attire l&#039;attention par son contraste saisissant et son \u00e9nergie dynamique. Imprim\u00e9e sur du papier Hahnem\u00fchle FineArt de qualit\u00e9 sup\u00e9rieure avec des encres UltraChrome Pro, chaque \u0153uvre est un chef-d&#039;\u0153uvre sign\u00e9 et authentifi\u00e9.<\/p>","protected":false},"featured_media":10497,"comment_status":"open","ping_status":"closed","template":"","meta":{"_uag_custom_page_level_css":""},"product_brand":[874],"product_cat":[724,733,725,1268],"product_tag":[932,55,1026,1077,935,995,897,907,879,887],"class_list":{"0":"post-11343","1":"product","2":"type-product","3":"status-publish","4":"has-post-thumbnail","6":"product_brand-neural-artistry","7":"product_cat-abstract-forms","8":"product_cat-futuristic-concepts","9":"product_cat-portraits","10":"product_cat-posters-prints-visual-artwork","11":"product_tag-abstract","12":"product_tag-bold-colors","13":"product_tag-conceptual","14":"product_tag-dynamic","15":"product_tag-futuristic","16":"product_tag-high-contrast","17":"product_tag-modern","18":"product_tag-portrait","19":"product_tag-surreal","20":"product_tag-vibrant","21":"product_shipping_class-chronopost","22":"pa_finish-type-glossy-finish","23":"pa_finish-type-matte-finish","24":"pa_margins-with","25":"pa_margins-without","26":"pa_medium-technique-digital-painting","27":"pa_medium-technique-photomanipulation","28":"pa_medium-technique-texturing","29":"pa_mood-ambiance-avant-garde","30":"pa_mood-ambiance-bold","31":"pa_mood-ambiance-futuristic","32":"pa_mood-ambiance-otherworldly","33":"pa_mood-ambiance-vibrant","34":"pa_orientation-portrait","35":"pa_size-20-90cmx29-70cm","36":"pa_size-29-56cmx42-00cm","37":"pa_size-32-90cmx46-75cm","38":"pa_size-41-80cmx59-40cm","39":"pa_size-43-00cmx61-11cm","40":"pa_style-movement-concept-art","41":"pa_style-movement-futurism","42":"pa_style-movement-surrealism","44":"first","45":"instock","46":"sold-individually","47":"taxable","48":"shipping-taxable","49":"purchasable","50":"product-type-variable","51":"has-default-attributes"},"yoast_head":"<!-- This site is optimized with the Yoast SEO plugin v27.5 - https:\/\/yoast.com\/product\/yoast-seo-wordpress\/ -->\n<title>Radiant Vision Art Poster - Neural Artistry<\/title>\n<meta name=\"robots\" content=\"index, follow, max-snippet:-1, max-image-preview:large, max-video-preview:-1\" \/>\n<link rel=\"canonical\" href=\"https:\/\/www.neural-artistry.com\/fr\/shop\/home-garden\/decor\/artwork\/posters-prints-visual-artwork\/radiant-vision-art-poster\/\" \/>\n<meta property=\"og:locale\" content=\"fr_FR\" \/>\n<meta property=\"og:type\" content=\"article\" \/>\n<meta property=\"og:title\" content=\"Radiant Vision Art Poster - Neural Artistry\" \/>\n<meta property=\"og:description\" content=\"A bold fusion of futurism and surrealism, this vibrant art print commands attention with its striking contrast and dynamic energy. Printed on premium Hahnem\u00fchle FineArt paper with UltraChrome Pro inks, each piece is a signed and authenticated masterpiece.\" \/>\n<meta property=\"og:url\" content=\"https:\/\/www.neural-artistry.com\/fr\/shop\/home-garden\/decor\/artwork\/posters-prints-visual-artwork\/radiant-vision-art-poster\/\" \/>\n<meta property=\"og:site_name\" content=\"Neural Artistry\" \/>\n<meta property=\"article:modified_time\" content=\"2025-08-21T16:14:30+00:00\" \/>\n<meta property=\"og:image\" content=\"https:\/\/www.neural-artistry.com\/wp-content\/uploads\/2025\/02\/neural-artistry-portfolio-207_mock_giant.jpg\" \/>\n\t<meta property=\"og:image:width\" content=\"2048\" \/>\n\t<meta property=\"og:image:height\" content=\"2048\" \/>\n\t<meta property=\"og:image:type\" content=\"image\/jpeg\" \/>\n<meta name=\"twitter:card\" content=\"summary_large_image\" \/>\n<meta name=\"twitter:label1\" content=\"Dur\u00e9e de lecture estim\u00e9e\" \/>\n\t<meta name=\"twitter:data1\" content=\"1 minute\" \/>\n<script type=\"application\/ld+json\" class=\"yoast-schema-graph\">{\"@context\":\"https:\\\/\\\/schema.org\",\"@graph\":[{\"@type\":\"WebPage\",\"@id\":\"https:\\\/\\\/www.neural-artistry.com\\\/shop\\\/home-garden\\\/decor\\\/artwork\\\/posters-prints-visual-artwork\\\/radiant-vision-art-poster\\\/\",\"url\":\"https:\\\/\\\/www.neural-artistry.com\\\/shop\\\/home-garden\\\/decor\\\/artwork\\\/posters-prints-visual-artwork\\\/radiant-vision-art-poster\\\/\",\"name\":\"Radiant Vision Art Poster - Neural Artistry\",\"isPartOf\":{\"@id\":\"https:\\\/\\\/www.neural-artistry.com\\\/#website\"},\"primaryImageOfPage\":{\"@id\":\"https:\\\/\\\/www.neural-artistry.com\\\/shop\\\/home-garden\\\/decor\\\/artwork\\\/posters-prints-visual-artwork\\\/radiant-vision-art-poster\\\/#primaryimage\"},\"image\":{\"@id\":\"https:\\\/\\\/www.neural-artistry.com\\\/shop\\\/home-garden\\\/decor\\\/artwork\\\/posters-prints-visual-artwork\\\/radiant-vision-art-poster\\\/#primaryimage\"},\"thumbnailUrl\":\"https:\\\/\\\/www.neural-artistry.com\\\/wp-content\\\/uploads\\\/2025\\\/02\\\/neural-artistry-portfolio-207_mock_giant.jpg\",\"datePublished\":\"2025-02-13T13:15:25+00:00\",\"dateModified\":\"2025-08-21T16:14:30+00:00\",\"breadcrumb\":{\"@id\":\"https:\\\/\\\/www.neural-artistry.com\\\/shop\\\/home-garden\\\/decor\\\/artwork\\\/posters-prints-visual-artwork\\\/radiant-vision-art-poster\\\/#breadcrumb\"},\"inLanguage\":\"fr-FR\",\"potentialAction\":[{\"@type\":\"ReadAction\",\"target\":[\"https:\\\/\\\/www.neural-artistry.com\\\/shop\\\/home-garden\\\/decor\\\/artwork\\\/posters-prints-visual-artwork\\\/radiant-vision-art-poster\\\/\"]}]},{\"@type\":\"ImageObject\",\"inLanguage\":\"fr-FR\",\"@id\":\"https:\\\/\\\/www.neural-artistry.com\\\/shop\\\/home-garden\\\/decor\\\/artwork\\\/posters-prints-visual-artwork\\\/radiant-vision-art-poster\\\/#primaryimage\",\"url\":\"https:\\\/\\\/www.neural-artistry.com\\\/wp-content\\\/uploads\\\/2025\\\/02\\\/neural-artistry-portfolio-207_mock_giant.jpg\",\"contentUrl\":\"https:\\\/\\\/www.neural-artistry.com\\\/wp-content\\\/uploads\\\/2025\\\/02\\\/neural-artistry-portfolio-207_mock_giant.jpg\",\"width\":2048,\"height\":2048},{\"@type\":\"BreadcrumbList\",\"@id\":\"https:\\\/\\\/www.neural-artistry.com\\\/shop\\\/home-garden\\\/decor\\\/artwork\\\/posters-prints-visual-artwork\\\/radiant-vision-art-poster\\\/#breadcrumb\",\"itemListElement\":[{\"@type\":\"ListItem\",\"position\":1,\"name\":\"Home\",\"item\":\"https:\\\/\\\/www.neural-artistry.com\\\/\"},{\"@type\":\"ListItem\",\"position\":2,\"name\":\"Wall Art Prints \u2013 Custom Canvas &amp; Unique Posters\",\"item\":\"https:\\\/\\\/www.neural-artistry.com\\\/\"},{\"@type\":\"ListItem\",\"position\":3,\"name\":\"Radiant Vision Art Poster\"}]},{\"@type\":\"WebSite\",\"@id\":\"https:\\\/\\\/www.neural-artistry.com\\\/#website\",\"url\":\"https:\\\/\\\/www.neural-artistry.com\\\/\",\"name\":\"Neural Artistry\",\"description\":\"AI Art Posters \u2013 Certified, Premium, Sold Only Once\",\"publisher\":{\"@id\":\"https:\\\/\\\/www.neural-artistry.com\\\/#organization\"},\"potentialAction\":[{\"@type\":\"SearchAction\",\"target\":{\"@type\":\"EntryPoint\",\"urlTemplate\":\"https:\\\/\\\/www.neural-artistry.com\\\/?s={search_term_string}\"},\"query-input\":{\"@type\":\"PropertyValueSpecification\",\"valueRequired\":true,\"valueName\":\"search_term_string\"}}],\"inLanguage\":\"fr-FR\"},{\"@type\":\"Organization\",\"@id\":\"https:\\\/\\\/www.neural-artistry.com\\\/#organization\",\"name\":\"Neural Artistry\",\"url\":\"https:\\\/\\\/www.neural-artistry.com\\\/\",\"logo\":{\"@type\":\"ImageObject\",\"inLanguage\":\"fr-FR\",\"@id\":\"https:\\\/\\\/www.neural-artistry.com\\\/#\\\/schema\\\/logo\\\/image\\\/\",\"url\":\"https:\\\/\\\/www.neural-artistry.com\\\/wp-content\\\/uploads\\\/2025\\\/08\\\/Web-Black-logo-no-background-scaled.webp\",\"contentUrl\":\"https:\\\/\\\/www.neural-artistry.com\\\/wp-content\\\/uploads\\\/2025\\\/08\\\/Web-Black-logo-no-background-scaled.webp\",\"width\":2560,\"height\":976,\"caption\":\"Neural Artistry\"},\"image\":{\"@id\":\"https:\\\/\\\/www.neural-artistry.com\\\/#\\\/schema\\\/logo\\\/image\\\/\"}}]}<\/script>\n<!-- \/ Yoast SEO plugin. -->","yoast_head_json":{"title":"Radiant Vision Art Poster - Neural Artistry","robots":{"index":"index","follow":"follow","max-snippet":"max-snippet:-1","max-image-preview":"max-image-preview:large","max-video-preview":"max-video-preview:-1"},"canonical":"https:\/\/www.neural-artistry.com\/fr\/shop\/home-garden\/decor\/artwork\/posters-prints-visual-artwork\/radiant-vision-art-poster\/","og_locale":"fr_FR","og_type":"article","og_title":"Radiant Vision Art Poster - Neural Artistry","og_description":"A bold fusion of futurism and surrealism, this vibrant art print commands attention with its striking contrast and dynamic energy. Printed on premium Hahnem\u00fchle FineArt paper with UltraChrome Pro inks, each piece is a signed and authenticated masterpiece.","og_url":"https:\/\/www.neural-artistry.com\/fr\/shop\/home-garden\/decor\/artwork\/posters-prints-visual-artwork\/radiant-vision-art-poster\/","og_site_name":"Neural Artistry","article_modified_time":"2025-08-21T16:14:30+00:00","og_image":[{"width":2048,"height":2048,"url":"https:\/\/www.neural-artistry.com\/wp-content\/uploads\/2025\/02\/neural-artistry-portfolio-207_mock_giant.jpg","type":"image\/jpeg"}],"twitter_card":"summary_large_image","twitter_misc":{"Dur\u00e9e de lecture estim\u00e9e":"1 minute"},"schema":{"@context":"https:\/\/schema.org","@graph":[{"@type":"WebPage","@id":"https:\/\/www.neural-artistry.com\/shop\/home-garden\/decor\/artwork\/posters-prints-visual-artwork\/radiant-vision-art-poster\/","url":"https:\/\/www.neural-artistry.com\/shop\/home-garden\/decor\/artwork\/posters-prints-visual-artwork\/radiant-vision-art-poster\/","name":"Radiant Vision Art Poster - Neural Artistry","isPartOf":{"@id":"https:\/\/www.neural-artistry.com\/#website"},"primaryImageOfPage":{"@id":"https:\/\/www.neural-artistry.com\/shop\/home-garden\/decor\/artwork\/posters-prints-visual-artwork\/radiant-vision-art-poster\/#primaryimage"},"image":{"@id":"https:\/\/www.neural-artistry.com\/shop\/home-garden\/decor\/artwork\/posters-prints-visual-artwork\/radiant-vision-art-poster\/#primaryimage"},"thumbnailUrl":"https:\/\/www.neural-artistry.com\/wp-content\/uploads\/2025\/02\/neural-artistry-portfolio-207_mock_giant.jpg","datePublished":"2025-02-13T13:15:25+00:00","dateModified":"2025-08-21T16:14:30+00:00","breadcrumb":{"@id":"https:\/\/www.neural-artistry.com\/shop\/home-garden\/decor\/artwork\/posters-prints-visual-artwork\/radiant-vision-art-poster\/#breadcrumb"},"inLanguage":"fr-FR","potentialAction":[{"@type":"ReadAction","target":["https:\/\/www.neural-artistry.com\/shop\/home-garden\/decor\/artwork\/posters-prints-visual-artwork\/radiant-vision-art-poster\/"]}]},{"@type":"ImageObject","inLanguage":"fr-FR","@id":"https:\/\/www.neural-artistry.com\/shop\/home-garden\/decor\/artwork\/posters-prints-visual-artwork\/radiant-vision-art-poster\/#primaryimage","url":"https:\/\/www.neural-artistry.com\/wp-content\/uploads\/2025\/02\/neural-artistry-portfolio-207_mock_giant.jpg","contentUrl":"https:\/\/www.neural-artistry.com\/wp-content\/uploads\/2025\/02\/neural-artistry-portfolio-207_mock_giant.jpg","width":2048,"height":2048},{"@type":"BreadcrumbList","@id":"https:\/\/www.neural-artistry.com\/shop\/home-garden\/decor\/artwork\/posters-prints-visual-artwork\/radiant-vision-art-poster\/#breadcrumb","itemListElement":[{"@type":"ListItem","position":1,"name":"Home","item":"https:\/\/www.neural-artistry.com\/"},{"@type":"ListItem","position":2,"name":"Wall Art Prints \u2013 Custom Canvas &amp; Unique Posters","item":"https:\/\/www.neural-artistry.com\/"},{"@type":"ListItem","position":3,"name":"Radiant Vision Art Poster"}]},{"@type":"WebSite","@id":"https:\/\/www.neural-artistry.com\/#website","url":"https:\/\/www.neural-artistry.com\/","name":"Neural Artistry","description":"Affiches d&#039;art IA \u2013 Certifi\u00e9es, premium, vendues une seule fois","publisher":{"@id":"https:\/\/www.neural-artistry.com\/#organization"},"potentialAction":[{"@type":"SearchAction","target":{"@type":"EntryPoint","urlTemplate":"https:\/\/www.neural-artistry.com\/?s={search_term_string}"},"query-input":{"@type":"PropertyValueSpecification","valueRequired":true,"valueName":"search_term_string"}}],"inLanguage":"fr-FR"},{"@type":"Organization","@id":"https:\/\/www.neural-artistry.com\/#organization","name":"Neural Artistry","url":"https:\/\/www.neural-artistry.com\/","logo":{"@type":"ImageObject","inLanguage":"fr-FR","@id":"https:\/\/www.neural-artistry.com\/#\/schema\/logo\/image\/","url":"https:\/\/www.neural-artistry.com\/wp-content\/uploads\/2025\/08\/Web-Black-logo-no-background-scaled.webp","contentUrl":"https:\/\/www.neural-artistry.com\/wp-content\/uploads\/2025\/08\/Web-Black-logo-no-background-scaled.webp","width":2560,"height":976,"caption":"Neural Artistry"},"image":{"@id":"https:\/\/www.neural-artistry.com\/#\/schema\/logo\/image\/"}}]}},"uagb_featured_image_src":{"full":["https:\/\/www.neural-artistry.com\/wp-content\/uploads\/2025\/02\/neural-artistry-portfolio-207_mock_giant.jpg",2048,2048,false],"thumbnail":["https:\/\/www.neural-artistry.com\/wp-content\/uploads\/2025\/02\/neural-artistry-portfolio-207_mock_giant-150x150.jpg",150,150,true],"medium":["https:\/\/www.neural-artistry.com\/wp-content\/uploads\/2025\/02\/neural-artistry-portfolio-207_mock_giant-300x300.jpg",300,300,true],"medium_large":["https:\/\/www.neural-artistry.com\/wp-content\/uploads\/2025\/02\/neural-artistry-portfolio-207_mock_giant-768x768.jpg",768,768,true],"large":["https:\/\/www.neural-artistry.com\/wp-content\/uploads\/2025\/02\/neural-artistry-portfolio-207_mock_giant-1024x1024.jpg",1024,1024,true],"1536x1536":["https:\/\/www.neural-artistry.com\/wp-content\/uploads\/2025\/02\/neural-artistry-portfolio-207_mock_giant-1536x1536.jpg",1536,1536,true],"2048x2048":["https:\/\/www.neural-artistry.com\/wp-content\/uploads\/2025\/02\/neural-artistry-portfolio-207_mock_giant.jpg",2048,2048,false],"trp-custom-language-flag":["https:\/\/www.neural-artistry.com\/wp-content\/uploads\/2025\/02\/neural-artistry-portfolio-207_mock_giant-12x12.jpg",12,12,true],"woocommerce_thumbnail":["https:\/\/www.neural-artistry.com\/wp-content\/uploads\/2025\/02\/neural-artistry-portfolio-207_mock_giant-450x450.jpg",450,450,true],"woocommerce_single":["https:\/\/www.neural-artistry.com\/wp-content\/uploads\/2025\/02\/neural-artistry-portfolio-207_mock_giant-600x600.jpg",600,600,true],"woocommerce_gallery_thumbnail":["https:\/\/www.neural-artistry.com\/wp-content\/uploads\/2025\/02\/neural-artistry-portfolio-207_mock_giant-100x100.jpg",100,100,true]},"uagb_author_info":{"display_name":"flake","author_link":"https:\/\/www.neural-artistry.com\/fr\/author\/"},"uagb_comment_info":0,"uagb_excerpt":"A bold fusion of futurism and surrealism, this vibrant art print commands attention with its striking contrast and dynamic energy. Printed on premium Hahnem\u00fchle FineArt paper with UltraChrome Pro inks, each piece is a signed and authenticated masterpiece.","_links":{"self":[{"href":"https:\/\/www.neural-artistry.com\/fr\/wp-json\/wp\/v2\/product\/11343","targetHints":{"allow":["GET"]}}],"collection":[{"href":"https:\/\/www.neural-artistry.com\/fr\/wp-json\/wp\/v2\/product"}],"about":[{"href":"https:\/\/www.neural-artistry.com\/fr\/wp-json\/wp\/v2\/types\/product"}],"replies":[{"embeddable":true,"href":"https:\/\/www.neural-artistry.com\/fr\/wp-json\/wp\/v2\/comments?post=11343"}],"wp:featuredmedia":[{"embeddable":true,"href":"https:\/\/www.neural-artistry.com\/fr\/wp-json\/wp\/v2\/media\/10497"}],"wp:attachment":[{"href":"https:\/\/www.neural-artistry.com\/fr\/wp-json\/wp\/v2\/media?parent=11343"}],"wp:term":[{"taxonomy":"product_brand","embeddable":true,"href":"https:\/\/www.neural-artistry.com\/fr\/wp-json\/wp\/v2\/product_brand?post=11343"},{"taxonomy":"product_cat","embeddable":true,"href":"https:\/\/www.neural-artistry.com\/fr\/wp-json\/wp\/v2\/product_cat?post=11343"},{"taxonomy":"product_tag","embeddable":true,"href":"https:\/\/www.neural-artistry.com\/fr\/wp-json\/wp\/v2\/product_tag?post=11343"}],"curies":[{"name":"wp","href":"https:\/\/api.w.org\/{rel}","templated":true}]}}