{"id":11372,"date":"2025-02-13T13:16:09","date_gmt":"2025-02-13T13:16:09","guid":{"rendered":"https:\/\/www.neural-artistry.com\/shop\/uncategorized\/desert-mirage-art-poster\/"},"modified":"2025-08-21T16:14:55","modified_gmt":"2025-08-21T16:14:55","slug":"desert-mirage-art-poster","status":"publish","type":"product","link":"https:\/\/www.neural-artistry.com\/fr\/shop\/home-garden\/decor\/artwork\/posters-prints-visual-artwork\/desert-mirage-art-poster\/","title":{"rendered":"Affiche d&#039;art du Mirage du D\u00e9sert"},"content":{"rendered":"<h3 style=\"color: #FAF5E5;\">Paysage de r\u00eave surr\u00e9aliste \u2013 Fusion vibrante de cactus et de lampes<\/h3>\n<p style=\"color: #FAF5E5;\">Entrez dans un paysage de r\u00eave fantaisiste o\u00f9 la nature rencontre l&#039;imagination. <strong>affiche surr\u00e9aliste vibrante<\/strong> transforme un d\u00e9sert ordinaire en une fusion ludique de <strong>cactus et lampes oranges lumineuses<\/strong>, cr\u00e9ant un contraste visuellement saisissant d&#039;\u00e9l\u00e9ments organiques et artificiels. Avec des <strong>couleurs pop art<\/strong> et une atmosph\u00e8re de r\u00eave, cette pi\u00e8ce est parfaite pour tous ceux qui aiment <strong>art moderne, conceptuel et surr\u00e9aliste<\/strong>.<\/p>\n<h3 style=\"color: #FAF5E5;\">Tailles disponibles<\/h3>\n<ul style=\"color: #FAF5E5;\">\n<li>19,80 cm x 29,70 cm<\/li>\n<li>28,00 cm x 42,00 cm<\/li>\n<li>32,20 cm x 48,30 cm<\/li>\n<li>39,60 cm x 59,40 cm<\/li>\n<li>43,00 cm x 64,50 cm<\/li>\n<\/ul>\n<h3 style=\"color: #FAF5E5;\">Fabrication et qualit\u00e9 d&#039;impression haut de gamme<\/h3>\n<p style=\"color: #FAF5E5;\">Chaque impression est produite en utilisant <strong>papier Hahnem\u00fchle FineArt de qualit\u00e9 mus\u00e9e<\/strong>, assurant une <strong>finition de qualit\u00e9 archivistique r\u00e9sistante \u00e0 la d\u00e9coloration<\/strong>. L&#039;utilisation de <strong>Encres UltraChrome Pro<\/strong> garantit des couleurs profondes et riches qui donnent vie \u00e0 ce paysage surr\u00e9aliste avec une vivacit\u00e9 et des d\u00e9tails exceptionnels.<\/p>\n<h3 style=\"color: #FAF5E5;\">Certificat d&#039;authenticit\u00e9<\/h3>\n<p style=\"color: #FAF5E5;\">Ce n&#039;est pas seulement une affiche, c&#039;est une <strong>tirage d&#039;art unique et exclusif<\/strong>. Chaque pi\u00e8ce est sign\u00e9e et est accompagn\u00e9e d&#039;un <strong>certificat d&#039;authenticit\u00e9<\/strong>, ce qui en fait un objet de collection unique pour les amateurs d&#039;art et les collectionneurs.<\/p>\n<h3 style=\"color: #FAF5E5;\">Parfait pour n&#039;importe quel espace<\/h3>\n<p style=\"color: #FAF5E5;\">Embellissez votre int\u00e9rieur avec ceci <strong>art mural moderne et surr\u00e9aliste<\/strong>Id\u00e9al pour :<\/p>\n<ul style=\"color: #FAF5E5;\">\n<li>Salon \u2013 Ajoutez une touche artistique et audacieuse \u00e0 votre espace.<\/li>\n<li>Bureau \u2013 Inspirez la cr\u00e9ativit\u00e9 avec un paysage de r\u00eave qui incite \u00e0 la r\u00e9flexion.<\/li>\n<li>Configuration de jeu \u2013 Rehaussez votre esth\u00e9tique avec une ambiance futuriste et ludique.<\/li>\n<li>Chambre \u2013 Cr\u00e9ez une ambiance surr\u00e9aliste et apaisante avec ses teintes oniriques.<\/li>\n<\/ul>\n<h3 style=\"color: #FAF5E5;\">Finition mate ou brillante<\/h3>\n<p style=\"color: #FAF5E5;\">Choisissez entre un <strong>mat de qualit\u00e9 sup\u00e9rieure<\/strong> finition pour un look doux et \u00e9l\u00e9gant ou un <strong>finition brillante<\/strong> pour une vivacit\u00e9 des couleurs am\u00e9lior\u00e9e et un attrait \u00e9l\u00e9gant et moderne.<\/p>\n<h3 style=\"color: #FAF5E5;\">\u00c9dition limit\u00e9e \u2013 Devenez propri\u00e9taire d\u2019une \u0153uvre d\u2019art exclusive<\/h3>\n<p style=\"color: #FAF5E5;\">Ce <strong>affiche en \u00e9dition limit\u00e9e<\/strong> est parfait pour les collectionneurs et les amateurs d&#039;art \u00e0 la recherche de <strong>art mural unique<\/strong>. Que vous recherchiez <strong>affiches imprim\u00e9es de haute qualit\u00e9 pour la d\u00e9coration int\u00e9rieure<\/strong> ou un <strong>cadeau sp\u00e9cial pour un amateur d&#039;art<\/strong>, cette pi\u00e8ce est un ajout \u00e9tonnant \u00e0 toute collection.<\/p>\n<h3 style=\"color: #FAF5E5;\">Commandez le v\u00f4tre aujourd&#039;hui<\/h3>\n<p style=\"color: #FAF5E5;\"><strong>Acheter des affiches en ligne<\/strong> avec confiance et apportez une touche de surr\u00e9alisme \u00e0 votre espace. S\u00e9curisez votre <strong>Impression d&#039;art exclusive et de haute qualit\u00e9<\/strong> aujourd&#039;hui avant que cette \u00e9dition limit\u00e9e ne soit \u00e9puis\u00e9e !<\/p>","protected":false},"excerpt":{"rendered":"<p>Fusion fantaisiste de la nature et de l&#039;imagination, cette impression d&#039;art surr\u00e9aliste transforme le d\u00e9sert en un paysage de r\u00eave aux couleurs vives et aux contrastes ludiques. Imprim\u00e9e sur du papier Hahnem\u00fchle FineArt avec des encres UltraChrome Pro, elle offre une brillance de qualit\u00e9 mus\u00e9ale et une profondeur durable.<\/p>","protected":false},"featured_media":10671,"comment_status":"open","ping_status":"closed","template":"","meta":{"_uag_custom_page_level_css":""},"product_brand":[874],"product_cat":[740,734,721,1268,731],"product_tag":[1128,930,880,925,897,1064,889,32,51,979],"class_list":{"0":"post-11372","1":"product","2":"type-product","3":"status-publish","4":"has-post-thumbnail","6":"product_brand-neural-artistry","7":"product_cat-conceptual-art","8":"product_cat-dreamscapes","9":"product_cat-nature","10":"product_cat-posters-prints-visual-artwork","11":"product_cat-surrealism","12":"product_tag-cactus","13":"product_tag-desert","14":"product_tag-dreamlike","15":"product_tag-green","16":"product_tag-modern","17":"product_tag-orange","18":"product_tag-playful","19":"product_tag-surrealism","20":"product_tag-vibrant-colors","21":"product_tag-whimsical","22":"product_shipping_class-chronopost","23":"pa_finish-type-glossy-finish","24":"pa_finish-type-matte-finish","25":"pa_margins-with","26":"pa_margins-without","27":"pa_medium-technique-digital-painting","28":"pa_medium-technique-photomanipulation","29":"pa_medium-technique-texturing","30":"pa_mood-ambiance-surreal","31":"pa_mood-ambiance-vibrant","32":"pa_mood-ambiance-whimsical","33":"pa_orientation-portrait","34":"pa_size-19-80cmx29-70cm","35":"pa_size-28-00cmx42-00cm","36":"pa_size-32-20cmx48-30cm","37":"pa_size-39-60cmx59-40cm","38":"pa_size-43-00cmx64-50cm","39":"pa_style-movement-concept-art","40":"pa_style-movement-pop-art","41":"pa_style-movement-surrealism","43":"first","44":"instock","45":"sold-individually","46":"taxable","47":"shipping-taxable","48":"purchasable","49":"product-type-variable","50":"has-default-attributes"},"yoast_head":"<!-- This site is optimized with the Yoast SEO plugin v27.5 - https:\/\/yoast.com\/product\/yoast-seo-wordpress\/ -->\n<title>Desert Mirage Art Poster - Neural Artistry<\/title>\n<meta name=\"robots\" content=\"index, follow, max-snippet:-1, max-image-preview:large, max-video-preview:-1\" \/>\n<link rel=\"canonical\" href=\"https:\/\/www.neural-artistry.com\/fr\/shop\/home-garden\/decor\/artwork\/posters-prints-visual-artwork\/desert-mirage-art-poster\/\" \/>\n<meta property=\"og:locale\" content=\"fr_FR\" \/>\n<meta property=\"og:type\" content=\"article\" \/>\n<meta property=\"og:title\" content=\"Desert Mirage Art Poster - Neural Artistry\" \/>\n<meta property=\"og:description\" content=\"A whimsical fusion of nature and imagination, this surreal art print transforms the desert into a dreamscape of vibrant color and playful contrasts. Printed on Hahnem\u00fchle FineArt paper with UltraChrome Pro inks, it offers museum-quality brilliance and lasting depth.\" \/>\n<meta property=\"og:url\" content=\"https:\/\/www.neural-artistry.com\/fr\/shop\/home-garden\/decor\/artwork\/posters-prints-visual-artwork\/desert-mirage-art-poster\/\" \/>\n<meta property=\"og:site_name\" content=\"Neural Artistry\" \/>\n<meta property=\"article:modified_time\" content=\"2025-08-21T16:14:55+00:00\" \/>\n<meta property=\"og:image\" content=\"https:\/\/www.neural-artistry.com\/wp-content\/uploads\/2025\/02\/neural-artistry-portfolio-236_mock_giant.jpg\" \/>\n\t<meta property=\"og:image:width\" content=\"2048\" \/>\n\t<meta property=\"og:image:height\" content=\"2048\" \/>\n\t<meta property=\"og:image:type\" content=\"image\/jpeg\" \/>\n<meta name=\"twitter:card\" content=\"summary_large_image\" \/>\n<meta name=\"twitter:label1\" content=\"Dur\u00e9e de lecture estim\u00e9e\" \/>\n\t<meta name=\"twitter:data1\" content=\"2 minutes\" \/>\n<script type=\"application\/ld+json\" class=\"yoast-schema-graph\">{\"@context\":\"https:\\\/\\\/schema.org\",\"@graph\":[{\"@type\":\"WebPage\",\"@id\":\"https:\\\/\\\/www.neural-artistry.com\\\/shop\\\/home-garden\\\/decor\\\/artwork\\\/posters-prints-visual-artwork\\\/desert-mirage-art-poster\\\/\",\"url\":\"https:\\\/\\\/www.neural-artistry.com\\\/shop\\\/home-garden\\\/decor\\\/artwork\\\/posters-prints-visual-artwork\\\/desert-mirage-art-poster\\\/\",\"name\":\"Desert Mirage Art Poster - Neural Artistry\",\"isPartOf\":{\"@id\":\"https:\\\/\\\/www.neural-artistry.com\\\/#website\"},\"primaryImageOfPage\":{\"@id\":\"https:\\\/\\\/www.neural-artistry.com\\\/shop\\\/home-garden\\\/decor\\\/artwork\\\/posters-prints-visual-artwork\\\/desert-mirage-art-poster\\\/#primaryimage\"},\"image\":{\"@id\":\"https:\\\/\\\/www.neural-artistry.com\\\/shop\\\/home-garden\\\/decor\\\/artwork\\\/posters-prints-visual-artwork\\\/desert-mirage-art-poster\\\/#primaryimage\"},\"thumbnailUrl\":\"https:\\\/\\\/www.neural-artistry.com\\\/wp-content\\\/uploads\\\/2025\\\/02\\\/neural-artistry-portfolio-236_mock_giant.jpg\",\"datePublished\":\"2025-02-13T13:16:09+00:00\",\"dateModified\":\"2025-08-21T16:14:55+00:00\",\"breadcrumb\":{\"@id\":\"https:\\\/\\\/www.neural-artistry.com\\\/shop\\\/home-garden\\\/decor\\\/artwork\\\/posters-prints-visual-artwork\\\/desert-mirage-art-poster\\\/#breadcrumb\"},\"inLanguage\":\"fr-FR\",\"potentialAction\":[{\"@type\":\"ReadAction\",\"target\":[\"https:\\\/\\\/www.neural-artistry.com\\\/shop\\\/home-garden\\\/decor\\\/artwork\\\/posters-prints-visual-artwork\\\/desert-mirage-art-poster\\\/\"]}]},{\"@type\":\"ImageObject\",\"inLanguage\":\"fr-FR\",\"@id\":\"https:\\\/\\\/www.neural-artistry.com\\\/shop\\\/home-garden\\\/decor\\\/artwork\\\/posters-prints-visual-artwork\\\/desert-mirage-art-poster\\\/#primaryimage\",\"url\":\"https:\\\/\\\/www.neural-artistry.com\\\/wp-content\\\/uploads\\\/2025\\\/02\\\/neural-artistry-portfolio-236_mock_giant.jpg\",\"contentUrl\":\"https:\\\/\\\/www.neural-artistry.com\\\/wp-content\\\/uploads\\\/2025\\\/02\\\/neural-artistry-portfolio-236_mock_giant.jpg\",\"width\":2048,\"height\":2048},{\"@type\":\"BreadcrumbList\",\"@id\":\"https:\\\/\\\/www.neural-artistry.com\\\/shop\\\/home-garden\\\/decor\\\/artwork\\\/posters-prints-visual-artwork\\\/desert-mirage-art-poster\\\/#breadcrumb\",\"itemListElement\":[{\"@type\":\"ListItem\",\"position\":1,\"name\":\"Home\",\"item\":\"https:\\\/\\\/www.neural-artistry.com\\\/\"},{\"@type\":\"ListItem\",\"position\":2,\"name\":\"Wall Art Prints \u2013 Custom Canvas &amp; Unique Posters\",\"item\":\"https:\\\/\\\/www.neural-artistry.com\\\/\"},{\"@type\":\"ListItem\",\"position\":3,\"name\":\"Desert Mirage Art Poster\"}]},{\"@type\":\"WebSite\",\"@id\":\"https:\\\/\\\/www.neural-artistry.com\\\/#website\",\"url\":\"https:\\\/\\\/www.neural-artistry.com\\\/\",\"name\":\"Neural Artistry\",\"description\":\"AI Art Posters \u2013 Certified, Premium, Sold Only Once\",\"publisher\":{\"@id\":\"https:\\\/\\\/www.neural-artistry.com\\\/#organization\"},\"potentialAction\":[{\"@type\":\"SearchAction\",\"target\":{\"@type\":\"EntryPoint\",\"urlTemplate\":\"https:\\\/\\\/www.neural-artistry.com\\\/?s={search_term_string}\"},\"query-input\":{\"@type\":\"PropertyValueSpecification\",\"valueRequired\":true,\"valueName\":\"search_term_string\"}}],\"inLanguage\":\"fr-FR\"},{\"@type\":\"Organization\",\"@id\":\"https:\\\/\\\/www.neural-artistry.com\\\/#organization\",\"name\":\"Neural Artistry\",\"url\":\"https:\\\/\\\/www.neural-artistry.com\\\/\",\"logo\":{\"@type\":\"ImageObject\",\"inLanguage\":\"fr-FR\",\"@id\":\"https:\\\/\\\/www.neural-artistry.com\\\/#\\\/schema\\\/logo\\\/image\\\/\",\"url\":\"https:\\\/\\\/www.neural-artistry.com\\\/wp-content\\\/uploads\\\/2025\\\/08\\\/Web-Black-logo-no-background-scaled.webp\",\"contentUrl\":\"https:\\\/\\\/www.neural-artistry.com\\\/wp-content\\\/uploads\\\/2025\\\/08\\\/Web-Black-logo-no-background-scaled.webp\",\"width\":2560,\"height\":976,\"caption\":\"Neural Artistry\"},\"image\":{\"@id\":\"https:\\\/\\\/www.neural-artistry.com\\\/#\\\/schema\\\/logo\\\/image\\\/\"}}]}<\/script>\n<!-- \/ Yoast SEO plugin. -->","yoast_head_json":{"title":"Desert Mirage Art Poster - Neural Artistry","robots":{"index":"index","follow":"follow","max-snippet":"max-snippet:-1","max-image-preview":"max-image-preview:large","max-video-preview":"max-video-preview:-1"},"canonical":"https:\/\/www.neural-artistry.com\/fr\/shop\/home-garden\/decor\/artwork\/posters-prints-visual-artwork\/desert-mirage-art-poster\/","og_locale":"fr_FR","og_type":"article","og_title":"Desert Mirage Art Poster - Neural Artistry","og_description":"A whimsical fusion of nature and imagination, this surreal art print transforms the desert into a dreamscape of vibrant color and playful contrasts. Printed on Hahnem\u00fchle FineArt paper with UltraChrome Pro inks, it offers museum-quality brilliance and lasting depth.","og_url":"https:\/\/www.neural-artistry.com\/fr\/shop\/home-garden\/decor\/artwork\/posters-prints-visual-artwork\/desert-mirage-art-poster\/","og_site_name":"Neural Artistry","article_modified_time":"2025-08-21T16:14:55+00:00","og_image":[{"width":2048,"height":2048,"url":"https:\/\/www.neural-artistry.com\/wp-content\/uploads\/2025\/02\/neural-artistry-portfolio-236_mock_giant.jpg","type":"image\/jpeg"}],"twitter_card":"summary_large_image","twitter_misc":{"Dur\u00e9e de lecture estim\u00e9e":"2 minutes"},"schema":{"@context":"https:\/\/schema.org","@graph":[{"@type":"WebPage","@id":"https:\/\/www.neural-artistry.com\/shop\/home-garden\/decor\/artwork\/posters-prints-visual-artwork\/desert-mirage-art-poster\/","url":"https:\/\/www.neural-artistry.com\/shop\/home-garden\/decor\/artwork\/posters-prints-visual-artwork\/desert-mirage-art-poster\/","name":"Desert Mirage Art Poster - Neural Artistry","isPartOf":{"@id":"https:\/\/www.neural-artistry.com\/#website"},"primaryImageOfPage":{"@id":"https:\/\/www.neural-artistry.com\/shop\/home-garden\/decor\/artwork\/posters-prints-visual-artwork\/desert-mirage-art-poster\/#primaryimage"},"image":{"@id":"https:\/\/www.neural-artistry.com\/shop\/home-garden\/decor\/artwork\/posters-prints-visual-artwork\/desert-mirage-art-poster\/#primaryimage"},"thumbnailUrl":"https:\/\/www.neural-artistry.com\/wp-content\/uploads\/2025\/02\/neural-artistry-portfolio-236_mock_giant.jpg","datePublished":"2025-02-13T13:16:09+00:00","dateModified":"2025-08-21T16:14:55+00:00","breadcrumb":{"@id":"https:\/\/www.neural-artistry.com\/shop\/home-garden\/decor\/artwork\/posters-prints-visual-artwork\/desert-mirage-art-poster\/#breadcrumb"},"inLanguage":"fr-FR","potentialAction":[{"@type":"ReadAction","target":["https:\/\/www.neural-artistry.com\/shop\/home-garden\/decor\/artwork\/posters-prints-visual-artwork\/desert-mirage-art-poster\/"]}]},{"@type":"ImageObject","inLanguage":"fr-FR","@id":"https:\/\/www.neural-artistry.com\/shop\/home-garden\/decor\/artwork\/posters-prints-visual-artwork\/desert-mirage-art-poster\/#primaryimage","url":"https:\/\/www.neural-artistry.com\/wp-content\/uploads\/2025\/02\/neural-artistry-portfolio-236_mock_giant.jpg","contentUrl":"https:\/\/www.neural-artistry.com\/wp-content\/uploads\/2025\/02\/neural-artistry-portfolio-236_mock_giant.jpg","width":2048,"height":2048},{"@type":"BreadcrumbList","@id":"https:\/\/www.neural-artistry.com\/shop\/home-garden\/decor\/artwork\/posters-prints-visual-artwork\/desert-mirage-art-poster\/#breadcrumb","itemListElement":[{"@type":"ListItem","position":1,"name":"Home","item":"https:\/\/www.neural-artistry.com\/"},{"@type":"ListItem","position":2,"name":"Wall Art Prints \u2013 Custom Canvas &amp; Unique Posters","item":"https:\/\/www.neural-artistry.com\/"},{"@type":"ListItem","position":3,"name":"Desert Mirage Art Poster"}]},{"@type":"WebSite","@id":"https:\/\/www.neural-artistry.com\/#website","url":"https:\/\/www.neural-artistry.com\/","name":"Neural Artistry","description":"Affiches d&#039;art IA \u2013 Certifi\u00e9es, premium, vendues une seule fois","publisher":{"@id":"https:\/\/www.neural-artistry.com\/#organization"},"potentialAction":[{"@type":"SearchAction","target":{"@type":"EntryPoint","urlTemplate":"https:\/\/www.neural-artistry.com\/?s={search_term_string}"},"query-input":{"@type":"PropertyValueSpecification","valueRequired":true,"valueName":"search_term_string"}}],"inLanguage":"fr-FR"},{"@type":"Organization","@id":"https:\/\/www.neural-artistry.com\/#organization","name":"Neural Artistry","url":"https:\/\/www.neural-artistry.com\/","logo":{"@type":"ImageObject","inLanguage":"fr-FR","@id":"https:\/\/www.neural-artistry.com\/#\/schema\/logo\/image\/","url":"https:\/\/www.neural-artistry.com\/wp-content\/uploads\/2025\/08\/Web-Black-logo-no-background-scaled.webp","contentUrl":"https:\/\/www.neural-artistry.com\/wp-content\/uploads\/2025\/08\/Web-Black-logo-no-background-scaled.webp","width":2560,"height":976,"caption":"Neural Artistry"},"image":{"@id":"https:\/\/www.neural-artistry.com\/#\/schema\/logo\/image\/"}}]}},"uagb_featured_image_src":{"full":["https:\/\/www.neural-artistry.com\/wp-content\/uploads\/2025\/02\/neural-artistry-portfolio-236_mock_giant.jpg",2048,2048,false],"thumbnail":["https:\/\/www.neural-artistry.com\/wp-content\/uploads\/2025\/02\/neural-artistry-portfolio-236_mock_giant-150x150.jpg",150,150,true],"medium":["https:\/\/www.neural-artistry.com\/wp-content\/uploads\/2025\/02\/neural-artistry-portfolio-236_mock_giant-300x300.jpg",300,300,true],"medium_large":["https:\/\/www.neural-artistry.com\/wp-content\/uploads\/2025\/02\/neural-artistry-portfolio-236_mock_giant-768x768.jpg",768,768,true],"large":["https:\/\/www.neural-artistry.com\/wp-content\/uploads\/2025\/02\/neural-artistry-portfolio-236_mock_giant-1024x1024.jpg",1024,1024,true],"1536x1536":["https:\/\/www.neural-artistry.com\/wp-content\/uploads\/2025\/02\/neural-artistry-portfolio-236_mock_giant-1536x1536.jpg",1536,1536,true],"2048x2048":["https:\/\/www.neural-artistry.com\/wp-content\/uploads\/2025\/02\/neural-artistry-portfolio-236_mock_giant.jpg",2048,2048,false],"trp-custom-language-flag":["https:\/\/www.neural-artistry.com\/wp-content\/uploads\/2025\/02\/neural-artistry-portfolio-236_mock_giant-12x12.jpg",12,12,true],"woocommerce_thumbnail":["https:\/\/www.neural-artistry.com\/wp-content\/uploads\/2025\/02\/neural-artistry-portfolio-236_mock_giant-450x450.jpg",450,450,true],"woocommerce_single":["https:\/\/www.neural-artistry.com\/wp-content\/uploads\/2025\/02\/neural-artistry-portfolio-236_mock_giant-600x600.jpg",600,600,true],"woocommerce_gallery_thumbnail":["https:\/\/www.neural-artistry.com\/wp-content\/uploads\/2025\/02\/neural-artistry-portfolio-236_mock_giant-100x100.jpg",100,100,true]},"uagb_author_info":{"display_name":"flake","author_link":"https:\/\/www.neural-artistry.com\/fr\/author\/"},"uagb_comment_info":0,"uagb_excerpt":"A whimsical fusion of nature and imagination, this surreal art print transforms the desert into a dreamscape of vibrant color and playful contrasts. Printed on Hahnem\u00fchle FineArt paper with UltraChrome Pro inks, it offers museum-quality brilliance and lasting depth.","_links":{"self":[{"href":"https:\/\/www.neural-artistry.com\/fr\/wp-json\/wp\/v2\/product\/11372","targetHints":{"allow":["GET"]}}],"collection":[{"href":"https:\/\/www.neural-artistry.com\/fr\/wp-json\/wp\/v2\/product"}],"about":[{"href":"https:\/\/www.neural-artistry.com\/fr\/wp-json\/wp\/v2\/types\/product"}],"replies":[{"embeddable":true,"href":"https:\/\/www.neural-artistry.com\/fr\/wp-json\/wp\/v2\/comments?post=11372"}],"wp:featuredmedia":[{"embeddable":true,"href":"https:\/\/www.neural-artistry.com\/fr\/wp-json\/wp\/v2\/media\/10671"}],"wp:attachment":[{"href":"https:\/\/www.neural-artistry.com\/fr\/wp-json\/wp\/v2\/media?parent=11372"}],"wp:term":[{"taxonomy":"product_brand","embeddable":true,"href":"https:\/\/www.neural-artistry.com\/fr\/wp-json\/wp\/v2\/product_brand?post=11372"},{"taxonomy":"product_cat","embeddable":true,"href":"https:\/\/www.neural-artistry.com\/fr\/wp-json\/wp\/v2\/product_cat?post=11372"},{"taxonomy":"product_tag","embeddable":true,"href":"https:\/\/www.neural-artistry.com\/fr\/wp-json\/wp\/v2\/product_tag?post=11372"}],"curies":[{"name":"wp","href":"https:\/\/api.w.org\/{rel}","templated":true}]}}