{"id":11383,"date":"2025-02-13T13:16:24","date_gmt":"2025-02-13T13:16:24","guid":{"rendered":"https:\/\/www.neural-artistry.com\/shop\/uncategorized\/chromatic-vanguard-poster-2\/"},"modified":"2025-08-21T16:15:03","modified_gmt":"2025-08-21T16:15:03","slug":"chromatic-vanguard-poster-2","status":"publish","type":"product","link":"https:\/\/www.neural-artistry.com\/fr\/shop\/home-garden\/decor\/artwork\/posters-prints-visual-artwork\/chromatic-vanguard-poster-2\/","title":{"rendered":"Affiche Chromatic Vanguard"},"content":{"rendered":"<h3 style=\"color: #FAF5E5;\">Audacieux, futuriste et surr\u00e9aliste \u2013 une pi\u00e8ce ma\u00eetresse pour votre espace<\/h3>\n<p style=\"color: #FAF5E5;\">Entrez dans un monde de <strong>surr\u00e9alisme vibrant<\/strong> avec ce collage num\u00e9rique saisissant. Une fusion de <strong>mode, sym\u00e9trie et contraste<\/strong>, cette \u0153uvre capture une essence futuriste \u00e0 la fois dramatique et surnaturelle. La palette de couleurs audacieuses et la composition complexe cr\u00e9ent une exp\u00e9rience visuelle fascinante, ce qui en fait un ajout parfait \u00e0 tout int\u00e9rieur moderne.<\/p>\n<h3 style=\"color: #FAF5E5;\">Tailles disponibles<\/h3>\n<ul style=\"color: #FAF5E5;\">\n<li>19,80 cm x 29,70 cm<\/li>\n<li>28,00 cm x 42,00 cm<\/li>\n<li>32,20 cm x 48,30 cm<\/li>\n<li>39,60 cm x 59,40 cm<\/li>\n<li>43,00 cm x 64,50 cm<\/li>\n<\/ul>\n<h3 style=\"color: #FAF5E5;\">Savoir-faire haut de gamme et qualit\u00e9 d&#039;archivage<\/h3>\n<p style=\"color: #FAF5E5;\">Chaque impression est produite sur <strong>papier Hahnem\u00fchle FineArt de qualit\u00e9 mus\u00e9e<\/strong> en utilisant <strong>Encres UltraChrome Pro<\/strong>, garantissant une profondeur de couleur, une nettet\u00e9 et une long\u00e9vit\u00e9 exceptionnelles. Cette combinaison garantit une <strong>r\u00e9sistant \u00e0 la d\u00e9coloration, finition de haute qualit\u00e9<\/strong> qui conservera son dynamisme pendant des d\u00e9cennies.<\/p>\n<h3 style=\"color: #FAF5E5;\">Finition mate ou brillante \u2013 votre choix<\/h3>\n<p style=\"color: #FAF5E5;\">Choisissez entre un <strong>mat luxueux<\/strong> finition pour un look doux et sophistiqu\u00e9 ou un <strong>finition brillante<\/strong> pour un contraste et une vivacit\u00e9 am\u00e9lior\u00e9s.<\/p>\n<h3 style=\"color: #FAF5E5;\">\u0152uvres d&#039;art exclusives et certifi\u00e9es<\/h3>\n<p style=\"color: #FAF5E5;\">C&#039;est un <strong>tirage unique et authentifi\u00e9<\/strong>, sign\u00e9 et accompagn\u00e9 d&#039;un <strong>certificat d&#039;authenticit\u00e9<\/strong>Poss\u00e9dez une \u0153uvre d\u2019art exclusive qui se d\u00e9marque dans n\u2019importe quelle collection.<\/p>\n<h3 style=\"color: #FAF5E5;\">Parfait pour n&#039;importe quel espace<\/h3>\n<p style=\"color: #FAF5E5;\">Cette \u0153uvre est id\u00e9ale pour :<\/p>\n<ul style=\"color: #FAF5E5;\">\n<li>Des salons modernes \u00e0 la recherche d&#039;une d\u00e9claration audacieuse<\/li>\n<li>Des espaces de bureaux avant-gardistes<\/li>\n<li>Des configurations de jeu \u00e0 l&#039;esth\u00e9tique futuriste<\/li>\n<li>Collectionneurs d&#039;art \u00e0 la recherche de <strong>affiches uniques et de haute qualit\u00e9<\/strong><\/li>\n<\/ul>\n<h3 style=\"color: #FAF5E5;\">Commandez votre affiche exclusive aujourd&#039;hui<\/h3>\n<p style=\"color: #FAF5E5;\">Transformez vos murs avec ceci <strong>impression haut de gamme et de haute qualit\u00e9<\/strong>. Que ce soit pour le plaisir personnel ou en tant que <strong>cadeau unique<\/strong>, cette \u0153uvre d&#039;art est un incontournable pour ceux qui appr\u00e9cient l&#039;esth\u00e9tique audacieuse et futuriste. <strong>Acheter maintenant<\/strong> et \u00e9levez votre espace avec un style incomparable.<\/p>","protected":false},"excerpt":{"rendered":"<p>Fusion audacieuse de mode surr\u00e9aliste et de sym\u00e9trie futuriste, cette reproduction d&#039;art attire l&#039;attention avec ses contrastes vibrants et sa composition saisissante. Imprim\u00e9e sur du papier Hahnem\u00fchle FineArt avec des encres UltraChrome Pro, chaque pi\u00e8ce est sign\u00e9e, authentifi\u00e9e et con\u00e7ue pour les collectionneurs.<\/p>","protected":false},"featured_media":10737,"comment_status":"open","ping_status":"closed","template":"","meta":{"_uag_custom_page_level_css":""},"product_brand":[874],"product_cat":[724,845,1268,731],"product_tag":[891,883,915,1114,901,935,897,879,893,887],"class_list":{"0":"post-11383","1":"product","2":"type-product","3":"status-publish","4":"has-post-thumbnail","6":"product_brand-neural-artistry","7":"product_cat-abstract-forms","8":"product_cat-fashion","9":"product_cat-posters-prints-visual-artwork","10":"product_cat-surrealism","11":"product_tag-bold","12":"product_tag-colorful","13":"product_tag-contrast","14":"product_tag-dramatic","15":"product_tag-fashion","16":"product_tag-futuristic","17":"product_tag-modern","18":"product_tag-surreal","19":"product_tag-symmetry","20":"product_tag-vibrant","21":"product_shipping_class-chronopost","22":"pa_finish-type-glossy-finish","23":"pa_finish-type-matte-finish","24":"pa_margins-with","25":"pa_margins-without","26":"pa_medium-technique-compositing","27":"pa_medium-technique-digital-collage","28":"pa_medium-technique-photomanipulation","29":"pa_mood-ambiance-bold","30":"pa_mood-ambiance-dramatic","31":"pa_mood-ambiance-futuristic","32":"pa_mood-ambiance-otherworldly","33":"pa_mood-ambiance-vibrant","34":"pa_orientation-portrait","35":"pa_size-19-80cmx29-70cm","36":"pa_size-28-00cmx42-00cm","37":"pa_size-32-20cmx48-30cm","38":"pa_size-39-60cmx59-40cm","39":"pa_size-43-00cmx64-50cm","40":"pa_style-movement-concept-art","41":"pa_style-movement-futurism","42":"pa_style-movement-surrealism","44":"first","45":"instock","46":"sold-individually","47":"taxable","48":"shipping-taxable","49":"purchasable","50":"product-type-variable","51":"has-default-attributes"},"yoast_head":"<!-- This site is optimized with the Yoast SEO plugin v27.5 - https:\/\/yoast.com\/product\/yoast-seo-wordpress\/ -->\n<title>Chromatic Vanguard Poster - Neural Artistry<\/title>\n<meta name=\"robots\" content=\"index, follow, max-snippet:-1, max-image-preview:large, max-video-preview:-1\" \/>\n<link rel=\"canonical\" href=\"https:\/\/www.neural-artistry.com\/fr\/shop\/home-garden\/decor\/artwork\/posters-prints-visual-artwork\/chromatic-vanguard-poster-2\/\" \/>\n<meta property=\"og:locale\" content=\"fr_FR\" \/>\n<meta property=\"og:type\" content=\"article\" \/>\n<meta property=\"og:title\" content=\"Chromatic Vanguard Poster - Neural Artistry\" \/>\n<meta property=\"og:description\" content=\"A bold fusion of surreal fashion and futuristic symmetry, this art print commands attention with its vibrant contrasts and striking composition. Printed on Hahnem\u00fchle FineArt paper with UltraChrome Pro inks, each piece is signed, authenticated, and crafted for collectors.\" \/>\n<meta property=\"og:url\" content=\"https:\/\/www.neural-artistry.com\/fr\/shop\/home-garden\/decor\/artwork\/posters-prints-visual-artwork\/chromatic-vanguard-poster-2\/\" \/>\n<meta property=\"og:site_name\" content=\"Neural Artistry\" \/>\n<meta property=\"article:modified_time\" content=\"2025-08-21T16:15:03+00:00\" \/>\n<meta property=\"og:image\" content=\"https:\/\/www.neural-artistry.com\/wp-content\/uploads\/2025\/02\/neural-artistry-portfolio-247_mock_giant.jpg\" \/>\n\t<meta property=\"og:image:width\" content=\"2048\" \/>\n\t<meta property=\"og:image:height\" content=\"2048\" \/>\n\t<meta property=\"og:image:type\" content=\"image\/jpeg\" \/>\n<meta name=\"twitter:card\" content=\"summary_large_image\" \/>\n<meta name=\"twitter:label1\" content=\"Dur\u00e9e de lecture estim\u00e9e\" \/>\n\t<meta name=\"twitter:data1\" content=\"1 minute\" \/>\n<script type=\"application\/ld+json\" class=\"yoast-schema-graph\">{\"@context\":\"https:\\\/\\\/schema.org\",\"@graph\":[{\"@type\":\"WebPage\",\"@id\":\"https:\\\/\\\/www.neural-artistry.com\\\/shop\\\/home-garden\\\/decor\\\/artwork\\\/posters-prints-visual-artwork\\\/chromatic-vanguard-poster-2\\\/\",\"url\":\"https:\\\/\\\/www.neural-artistry.com\\\/shop\\\/home-garden\\\/decor\\\/artwork\\\/posters-prints-visual-artwork\\\/chromatic-vanguard-poster-2\\\/\",\"name\":\"Chromatic Vanguard Poster - Neural Artistry\",\"isPartOf\":{\"@id\":\"https:\\\/\\\/www.neural-artistry.com\\\/#website\"},\"primaryImageOfPage\":{\"@id\":\"https:\\\/\\\/www.neural-artistry.com\\\/shop\\\/home-garden\\\/decor\\\/artwork\\\/posters-prints-visual-artwork\\\/chromatic-vanguard-poster-2\\\/#primaryimage\"},\"image\":{\"@id\":\"https:\\\/\\\/www.neural-artistry.com\\\/shop\\\/home-garden\\\/decor\\\/artwork\\\/posters-prints-visual-artwork\\\/chromatic-vanguard-poster-2\\\/#primaryimage\"},\"thumbnailUrl\":\"https:\\\/\\\/www.neural-artistry.com\\\/wp-content\\\/uploads\\\/2025\\\/02\\\/neural-artistry-portfolio-247_mock_giant.jpg\",\"datePublished\":\"2025-02-13T13:16:24+00:00\",\"dateModified\":\"2025-08-21T16:15:03+00:00\",\"breadcrumb\":{\"@id\":\"https:\\\/\\\/www.neural-artistry.com\\\/shop\\\/home-garden\\\/decor\\\/artwork\\\/posters-prints-visual-artwork\\\/chromatic-vanguard-poster-2\\\/#breadcrumb\"},\"inLanguage\":\"fr-FR\",\"potentialAction\":[{\"@type\":\"ReadAction\",\"target\":[\"https:\\\/\\\/www.neural-artistry.com\\\/shop\\\/home-garden\\\/decor\\\/artwork\\\/posters-prints-visual-artwork\\\/chromatic-vanguard-poster-2\\\/\"]}]},{\"@type\":\"ImageObject\",\"inLanguage\":\"fr-FR\",\"@id\":\"https:\\\/\\\/www.neural-artistry.com\\\/shop\\\/home-garden\\\/decor\\\/artwork\\\/posters-prints-visual-artwork\\\/chromatic-vanguard-poster-2\\\/#primaryimage\",\"url\":\"https:\\\/\\\/www.neural-artistry.com\\\/wp-content\\\/uploads\\\/2025\\\/02\\\/neural-artistry-portfolio-247_mock_giant.jpg\",\"contentUrl\":\"https:\\\/\\\/www.neural-artistry.com\\\/wp-content\\\/uploads\\\/2025\\\/02\\\/neural-artistry-portfolio-247_mock_giant.jpg\",\"width\":2048,\"height\":2048},{\"@type\":\"BreadcrumbList\",\"@id\":\"https:\\\/\\\/www.neural-artistry.com\\\/shop\\\/home-garden\\\/decor\\\/artwork\\\/posters-prints-visual-artwork\\\/chromatic-vanguard-poster-2\\\/#breadcrumb\",\"itemListElement\":[{\"@type\":\"ListItem\",\"position\":1,\"name\":\"Home\",\"item\":\"https:\\\/\\\/www.neural-artistry.com\\\/\"},{\"@type\":\"ListItem\",\"position\":2,\"name\":\"Wall Art Prints \u2013 Custom Canvas &amp; Unique Posters\",\"item\":\"https:\\\/\\\/www.neural-artistry.com\\\/\"},{\"@type\":\"ListItem\",\"position\":3,\"name\":\"Chromatic Vanguard Poster\"}]},{\"@type\":\"WebSite\",\"@id\":\"https:\\\/\\\/www.neural-artistry.com\\\/#website\",\"url\":\"https:\\\/\\\/www.neural-artistry.com\\\/\",\"name\":\"Neural Artistry\",\"description\":\"AI Art Posters \u2013 Certified, Premium, Sold Only Once\",\"publisher\":{\"@id\":\"https:\\\/\\\/www.neural-artistry.com\\\/#organization\"},\"potentialAction\":[{\"@type\":\"SearchAction\",\"target\":{\"@type\":\"EntryPoint\",\"urlTemplate\":\"https:\\\/\\\/www.neural-artistry.com\\\/?s={search_term_string}\"},\"query-input\":{\"@type\":\"PropertyValueSpecification\",\"valueRequired\":true,\"valueName\":\"search_term_string\"}}],\"inLanguage\":\"fr-FR\"},{\"@type\":\"Organization\",\"@id\":\"https:\\\/\\\/www.neural-artistry.com\\\/#organization\",\"name\":\"Neural Artistry\",\"url\":\"https:\\\/\\\/www.neural-artistry.com\\\/\",\"logo\":{\"@type\":\"ImageObject\",\"inLanguage\":\"fr-FR\",\"@id\":\"https:\\\/\\\/www.neural-artistry.com\\\/#\\\/schema\\\/logo\\\/image\\\/\",\"url\":\"https:\\\/\\\/www.neural-artistry.com\\\/wp-content\\\/uploads\\\/2025\\\/08\\\/Web-Black-logo-no-background-scaled.webp\",\"contentUrl\":\"https:\\\/\\\/www.neural-artistry.com\\\/wp-content\\\/uploads\\\/2025\\\/08\\\/Web-Black-logo-no-background-scaled.webp\",\"width\":2560,\"height\":976,\"caption\":\"Neural Artistry\"},\"image\":{\"@id\":\"https:\\\/\\\/www.neural-artistry.com\\\/#\\\/schema\\\/logo\\\/image\\\/\"}}]}<\/script>\n<!-- \/ Yoast SEO plugin. -->","yoast_head_json":{"title":"Chromatic Vanguard Poster - Neural Artistry","robots":{"index":"index","follow":"follow","max-snippet":"max-snippet:-1","max-image-preview":"max-image-preview:large","max-video-preview":"max-video-preview:-1"},"canonical":"https:\/\/www.neural-artistry.com\/fr\/shop\/home-garden\/decor\/artwork\/posters-prints-visual-artwork\/chromatic-vanguard-poster-2\/","og_locale":"fr_FR","og_type":"article","og_title":"Chromatic Vanguard Poster - Neural Artistry","og_description":"A bold fusion of surreal fashion and futuristic symmetry, this art print commands attention with its vibrant contrasts and striking composition. Printed on Hahnem\u00fchle FineArt paper with UltraChrome Pro inks, each piece is signed, authenticated, and crafted for collectors.","og_url":"https:\/\/www.neural-artistry.com\/fr\/shop\/home-garden\/decor\/artwork\/posters-prints-visual-artwork\/chromatic-vanguard-poster-2\/","og_site_name":"Neural Artistry","article_modified_time":"2025-08-21T16:15:03+00:00","og_image":[{"width":2048,"height":2048,"url":"https:\/\/www.neural-artistry.com\/wp-content\/uploads\/2025\/02\/neural-artistry-portfolio-247_mock_giant.jpg","type":"image\/jpeg"}],"twitter_card":"summary_large_image","twitter_misc":{"Dur\u00e9e de lecture estim\u00e9e":"1 minute"},"schema":{"@context":"https:\/\/schema.org","@graph":[{"@type":"WebPage","@id":"https:\/\/www.neural-artistry.com\/shop\/home-garden\/decor\/artwork\/posters-prints-visual-artwork\/chromatic-vanguard-poster-2\/","url":"https:\/\/www.neural-artistry.com\/shop\/home-garden\/decor\/artwork\/posters-prints-visual-artwork\/chromatic-vanguard-poster-2\/","name":"Chromatic Vanguard Poster - Neural Artistry","isPartOf":{"@id":"https:\/\/www.neural-artistry.com\/#website"},"primaryImageOfPage":{"@id":"https:\/\/www.neural-artistry.com\/shop\/home-garden\/decor\/artwork\/posters-prints-visual-artwork\/chromatic-vanguard-poster-2\/#primaryimage"},"image":{"@id":"https:\/\/www.neural-artistry.com\/shop\/home-garden\/decor\/artwork\/posters-prints-visual-artwork\/chromatic-vanguard-poster-2\/#primaryimage"},"thumbnailUrl":"https:\/\/www.neural-artistry.com\/wp-content\/uploads\/2025\/02\/neural-artistry-portfolio-247_mock_giant.jpg","datePublished":"2025-02-13T13:16:24+00:00","dateModified":"2025-08-21T16:15:03+00:00","breadcrumb":{"@id":"https:\/\/www.neural-artistry.com\/shop\/home-garden\/decor\/artwork\/posters-prints-visual-artwork\/chromatic-vanguard-poster-2\/#breadcrumb"},"inLanguage":"fr-FR","potentialAction":[{"@type":"ReadAction","target":["https:\/\/www.neural-artistry.com\/shop\/home-garden\/decor\/artwork\/posters-prints-visual-artwork\/chromatic-vanguard-poster-2\/"]}]},{"@type":"ImageObject","inLanguage":"fr-FR","@id":"https:\/\/www.neural-artistry.com\/shop\/home-garden\/decor\/artwork\/posters-prints-visual-artwork\/chromatic-vanguard-poster-2\/#primaryimage","url":"https:\/\/www.neural-artistry.com\/wp-content\/uploads\/2025\/02\/neural-artistry-portfolio-247_mock_giant.jpg","contentUrl":"https:\/\/www.neural-artistry.com\/wp-content\/uploads\/2025\/02\/neural-artistry-portfolio-247_mock_giant.jpg","width":2048,"height":2048},{"@type":"BreadcrumbList","@id":"https:\/\/www.neural-artistry.com\/shop\/home-garden\/decor\/artwork\/posters-prints-visual-artwork\/chromatic-vanguard-poster-2\/#breadcrumb","itemListElement":[{"@type":"ListItem","position":1,"name":"Home","item":"https:\/\/www.neural-artistry.com\/"},{"@type":"ListItem","position":2,"name":"Wall Art Prints \u2013 Custom Canvas &amp; Unique Posters","item":"https:\/\/www.neural-artistry.com\/"},{"@type":"ListItem","position":3,"name":"Chromatic Vanguard Poster"}]},{"@type":"WebSite","@id":"https:\/\/www.neural-artistry.com\/#website","url":"https:\/\/www.neural-artistry.com\/","name":"Neural Artistry","description":"Affiches d&#039;art IA \u2013 Certifi\u00e9es, premium, vendues une seule fois","publisher":{"@id":"https:\/\/www.neural-artistry.com\/#organization"},"potentialAction":[{"@type":"SearchAction","target":{"@type":"EntryPoint","urlTemplate":"https:\/\/www.neural-artistry.com\/?s={search_term_string}"},"query-input":{"@type":"PropertyValueSpecification","valueRequired":true,"valueName":"search_term_string"}}],"inLanguage":"fr-FR"},{"@type":"Organization","@id":"https:\/\/www.neural-artistry.com\/#organization","name":"Neural Artistry","url":"https:\/\/www.neural-artistry.com\/","logo":{"@type":"ImageObject","inLanguage":"fr-FR","@id":"https:\/\/www.neural-artistry.com\/#\/schema\/logo\/image\/","url":"https:\/\/www.neural-artistry.com\/wp-content\/uploads\/2025\/08\/Web-Black-logo-no-background-scaled.webp","contentUrl":"https:\/\/www.neural-artistry.com\/wp-content\/uploads\/2025\/08\/Web-Black-logo-no-background-scaled.webp","width":2560,"height":976,"caption":"Neural Artistry"},"image":{"@id":"https:\/\/www.neural-artistry.com\/#\/schema\/logo\/image\/"}}]}},"uagb_featured_image_src":{"full":["https:\/\/www.neural-artistry.com\/wp-content\/uploads\/2025\/02\/neural-artistry-portfolio-247_mock_giant.jpg",2048,2048,false],"thumbnail":["https:\/\/www.neural-artistry.com\/wp-content\/uploads\/2025\/02\/neural-artistry-portfolio-247_mock_giant-150x150.jpg",150,150,true],"medium":["https:\/\/www.neural-artistry.com\/wp-content\/uploads\/2025\/02\/neural-artistry-portfolio-247_mock_giant-300x300.jpg",300,300,true],"medium_large":["https:\/\/www.neural-artistry.com\/wp-content\/uploads\/2025\/02\/neural-artistry-portfolio-247_mock_giant-768x768.jpg",768,768,true],"large":["https:\/\/www.neural-artistry.com\/wp-content\/uploads\/2025\/02\/neural-artistry-portfolio-247_mock_giant-1024x1024.jpg",1024,1024,true],"1536x1536":["https:\/\/www.neural-artistry.com\/wp-content\/uploads\/2025\/02\/neural-artistry-portfolio-247_mock_giant-1536x1536.jpg",1536,1536,true],"2048x2048":["https:\/\/www.neural-artistry.com\/wp-content\/uploads\/2025\/02\/neural-artistry-portfolio-247_mock_giant.jpg",2048,2048,false],"trp-custom-language-flag":["https:\/\/www.neural-artistry.com\/wp-content\/uploads\/2025\/02\/neural-artistry-portfolio-247_mock_giant-12x12.jpg",12,12,true],"woocommerce_thumbnail":["https:\/\/www.neural-artistry.com\/wp-content\/uploads\/2025\/02\/neural-artistry-portfolio-247_mock_giant-450x450.jpg",450,450,true],"woocommerce_single":["https:\/\/www.neural-artistry.com\/wp-content\/uploads\/2025\/02\/neural-artistry-portfolio-247_mock_giant-600x600.jpg",600,600,true],"woocommerce_gallery_thumbnail":["https:\/\/www.neural-artistry.com\/wp-content\/uploads\/2025\/02\/neural-artistry-portfolio-247_mock_giant-100x100.jpg",100,100,true]},"uagb_author_info":{"display_name":"flake","author_link":"https:\/\/www.neural-artistry.com\/fr\/author\/"},"uagb_comment_info":0,"uagb_excerpt":"A bold fusion of surreal fashion and futuristic symmetry, this art print commands attention with its vibrant contrasts and striking composition. Printed on Hahnem\u00fchle FineArt paper with UltraChrome Pro inks, each piece is signed, authenticated, and crafted for collectors.","_links":{"self":[{"href":"https:\/\/www.neural-artistry.com\/fr\/wp-json\/wp\/v2\/product\/11383","targetHints":{"allow":["GET"]}}],"collection":[{"href":"https:\/\/www.neural-artistry.com\/fr\/wp-json\/wp\/v2\/product"}],"about":[{"href":"https:\/\/www.neural-artistry.com\/fr\/wp-json\/wp\/v2\/types\/product"}],"replies":[{"embeddable":true,"href":"https:\/\/www.neural-artistry.com\/fr\/wp-json\/wp\/v2\/comments?post=11383"}],"wp:featuredmedia":[{"embeddable":true,"href":"https:\/\/www.neural-artistry.com\/fr\/wp-json\/wp\/v2\/media\/10737"}],"wp:attachment":[{"href":"https:\/\/www.neural-artistry.com\/fr\/wp-json\/wp\/v2\/media?parent=11383"}],"wp:term":[{"taxonomy":"product_brand","embeddable":true,"href":"https:\/\/www.neural-artistry.com\/fr\/wp-json\/wp\/v2\/product_brand?post=11383"},{"taxonomy":"product_cat","embeddable":true,"href":"https:\/\/www.neural-artistry.com\/fr\/wp-json\/wp\/v2\/product_cat?post=11383"},{"taxonomy":"product_tag","embeddable":true,"href":"https:\/\/www.neural-artistry.com\/fr\/wp-json\/wp\/v2\/product_tag?post=11383"}],"curies":[{"name":"wp","href":"https:\/\/api.w.org\/{rel}","templated":true}]}}