{"id":11388,"date":"2025-02-13T13:16:35","date_gmt":"2025-02-13T13:16:35","guid":{"rendered":"https:\/\/www.neural-artistry.com\/shop\/uncategorized\/synthetic-muse-art-poster\/"},"modified":"2025-05-06T13:48:58","modified_gmt":"2025-05-06T13:48:58","slug":"synthetic-muse-art-poster","status":"publish","type":"product","link":"https:\/\/www.neural-artistry.com\/fr\/shop\/home-garden\/decor\/artwork\/posters-prints-visual-artwork\/synthetic-muse-art-poster\/","title":{"rendered":"Affiche d&#039;art de la Muse synth\u00e9tique"},"content":{"rendered":"<h3 style=\"color: #FAF5E5;\">Portrait cybern\u00e9tique futuriste \u2013 Affiche premium en \u00e9dition limit\u00e9e<\/h3>\n<p style=\"color: #FAF5E5;\">Entrez dans le futur avec ceci <strong>superbe portrait inspir\u00e9 du cyberpunk<\/strong>, m\u00e9lange <strong>futurisme, surr\u00e9alisme et design 3D de pointe<\/strong>Cette \u0153uvre d&#039;art exclusive capture l&#039;essence d&#039;un <strong>Un monde high-tech impr\u00e9gn\u00e9 de n\u00e9on<\/strong>, ce qui en fait un incontournable pour les amateurs de <strong>art conceptuel, esth\u00e9tique cybern\u00e9tique et minimalisme moderne<\/strong>. \u00c9levez votre espace avec une pi\u00e8ce qui incarne <strong>art num\u00e9rique d&#039;avant-garde<\/strong>.<\/p>\n<h3 style=\"color: #FAF5E5;\">Tailles et formats disponibles<\/h3>\n<ul style=\"color: #FAF5E5;\">\n<li>21,00 cm x 21,00 cm<\/li>\n<li>29,70 cm x 29,70 cm<\/li>\n<li>32,90 cm x 32,90 cm<\/li>\n<li>42,00 cm x 42,00 cm<\/li>\n<li>43,00 cm x 43,00 cm<\/li>\n<\/ul>\n<h3 style=\"color: #FAF5E5;\">Fabrication de qualit\u00e9 sup\u00e9rieure et impression de qualit\u00e9 mus\u00e9ale<\/h3>\n<p style=\"color: #FAF5E5;\">Chaque impression est produite sur <strong>Papier FineArt Hahnem\u00fchle<\/strong>, un mat\u00e9riau de qualit\u00e9 mus\u00e9ale connu pour ses <strong>qualit\u00e9 d&#039;archivage et r\u00e9sistance \u00e0 la d\u00e9coloration<\/strong>. Nous utilisons <strong>Encres UltraChrome Pro<\/strong> pour assurer <strong>couleurs vibrantes, noirs profonds et d\u00e9tails exceptionnels<\/strong>Choisissez entre un <strong>finition mate ou brillante<\/strong> pour correspondre \u00e0 vos pr\u00e9f\u00e9rences esth\u00e9tiques.<\/p>\n<h3 style=\"color: #FAF5E5;\">Certifi\u00e9 et exclusif \u2013 \u0152uvre d\u2019art unique en son genre<\/h3>\n<p style=\"color: #FAF5E5;\">Cette affiche futuriste fait partie d&#039;un <strong>\u00e9dition limit\u00e9e<\/strong> collection, ce qui en fait un v\u00e9ritable <strong>objet de collection unique<\/strong>Chaque impression est livr\u00e9e <strong>sign\u00e9 et authentifi\u00e9<\/strong>, garantissant son exclusivit\u00e9. Poss\u00e9dez un morceau de l&#039;histoire de l&#039;art num\u00e9rique avec ce chef-d&#039;\u0153uvre unique en son genre.<\/p>\n<h3 style=\"color: #FAF5E5;\">Id\u00e9al pour les int\u00e9rieurs modernes et les configurations de jeu<\/h3>\n<p style=\"color: #FAF5E5;\">Am\u00e9liorez votre espace avec ceci <strong>portrait cybern\u00e9tique saisissant<\/strong>Id\u00e9al pour :<\/p>\n<ul style=\"color: #FAF5E5;\">\n<li>D\u00e9coration d&#039;int\u00e9rieur futuriste et moderne<\/li>\n<li>Configurations de jeu et espaces de travail inspir\u00e9s de la technologie<\/li>\n<li>Studios cr\u00e9atifs et environnements de bureau<\/li>\n<li>Collectionneurs de cyberpunk et d&#039;art num\u00e9rique<\/li>\n<\/ul>\n<h3 style=\"color: #FAF5E5;\">Commandez votre affiche exclusive aujourd&#039;hui<\/h3>\n<p style=\"color: #FAF5E5;\">\u00c0 la recherche de <strong>affiches imprim\u00e9es de haute qualit\u00e9<\/strong> qui se d\u00e9marque ? Ceci <strong>illustration cyberpunk de qualit\u00e9 sup\u00e9rieure<\/strong> est un incontournable pour les passionn\u00e9s de <strong>futurisme, esth\u00e9tique n\u00e9on et peinture num\u00e9rique conceptuelle<\/strong>. <strong>Acheter maintenant<\/strong> et transformez votre espace avec un chef-d&#039;\u0153uvre qui fusionne <strong>technologie et art<\/strong>.<\/p>","protected":false},"excerpt":{"rendered":"<p>Fusion fascinante de la beaut\u00e9 cybern\u00e9tique et de la vision futuriste, cette impression d&#039;art vibrante captive par ses teintes n\u00e9on surr\u00e9alistes et son minimalisme \u00e9pur\u00e9. Imprim\u00e9e sur du papier Hahnem\u00fchle FineArt avec des encres UltraChrome Pro, chaque pi\u00e8ce est sign\u00e9e, authentifi\u00e9e et con\u00e7ue pour l&#039;espace moderne.<\/p>","protected":false},"featured_media":10767,"comment_status":"open","ping_status":"closed","template":"","meta":{"_uag_custom_page_level_css":""},"product_brand":[874],"product_cat":[733,725,1268,732],"product_tag":[1026,1156,935,931,897,894,907,1155,879,887],"class_list":{"0":"post-11388","1":"product","2":"type-product","3":"status-publish","4":"has-post-thumbnail","6":"product_brand-neural-artistry","7":"product_cat-futuristic-concepts","8":"product_cat-portraits","9":"product_cat-posters-prints-visual-artwork","10":"product_cat-technology","11":"product_tag-conceptual","12":"product_tag-cybernetic","13":"product_tag-futuristic","14":"product_tag-minimalist","15":"product_tag-modern","16":"product_tag-neon","17":"product_tag-portrait","18":"product_tag-robotic","19":"product_tag-surreal","20":"product_tag-vibrant","21":"product_shipping_class-chronopost","22":"pa_finish-type-glossy-finish","23":"pa_finish-type-matte-finish","24":"pa_margins-with","25":"pa_margins-without","26":"pa_medium-technique-3d-modeling","27":"pa_medium-technique-digital-painting","28":"pa_medium-technique-texturing","29":"pa_mood-ambiance-avant-garde","30":"pa_mood-ambiance-futuristic","31":"pa_mood-ambiance-otherworldly","32":"pa_mood-ambiance-surreal","33":"pa_mood-ambiance-vibrant","34":"pa_orientation-square","35":"pa_size-21-00cmx21-00cm","36":"pa_size-29-70cmx29-70cm","37":"pa_size-32-90cmx32-90cm","38":"pa_size-42-00cmx42-00cm","39":"pa_size-43-00cmx43-00cm","40":"pa_style-movement-concept-art","41":"pa_style-movement-cyberpunk","42":"pa_style-movement-futurism","44":"first","45":"instock","46":"sold-individually","47":"taxable","48":"shipping-taxable","49":"purchasable","50":"product-type-variable","51":"has-default-attributes"},"yoast_head":"<!-- This site is optimized with the Yoast SEO plugin v27.5 - https:\/\/yoast.com\/product\/yoast-seo-wordpress\/ -->\n<title>Synthetic Muse Art Poster - Neural Artistry<\/title>\n<meta name=\"robots\" content=\"index, follow, max-snippet:-1, max-image-preview:large, max-video-preview:-1\" \/>\n<link rel=\"canonical\" href=\"https:\/\/www.neural-artistry.com\/fr\/shop\/home-garden\/decor\/artwork\/posters-prints-visual-artwork\/synthetic-muse-art-poster\/\" \/>\n<meta property=\"og:locale\" content=\"fr_FR\" \/>\n<meta property=\"og:type\" content=\"article\" \/>\n<meta property=\"og:title\" content=\"Synthetic Muse Art Poster - Neural Artistry\" \/>\n<meta property=\"og:description\" content=\"A mesmerizing fusion of cybernetic beauty and futuristic vision, this vibrant art print captivates with surreal neon hues and sleek minimalism. Printed on Hahnem\u00fchle FineArt paper with UltraChrome Pro inks, each piece is signed, authenticated, and crafted for the modern space.\" \/>\n<meta property=\"og:url\" content=\"https:\/\/www.neural-artistry.com\/fr\/shop\/home-garden\/decor\/artwork\/posters-prints-visual-artwork\/synthetic-muse-art-poster\/\" \/>\n<meta property=\"og:site_name\" content=\"Neural Artistry\" \/>\n<meta property=\"article:modified_time\" content=\"2025-05-06T13:48:58+00:00\" \/>\n<meta property=\"og:image\" content=\"https:\/\/www.neural-artistry.com\/wp-content\/uploads\/2025\/02\/neural-artistry-portfolio-252_mock_giant.jpg\" \/>\n\t<meta property=\"og:image:width\" content=\"2048\" \/>\n\t<meta property=\"og:image:height\" content=\"2048\" \/>\n\t<meta property=\"og:image:type\" content=\"image\/jpeg\" \/>\n<meta name=\"twitter:card\" content=\"summary_large_image\" \/>\n<meta name=\"twitter:label1\" content=\"Dur\u00e9e de lecture estim\u00e9e\" \/>\n\t<meta name=\"twitter:data1\" content=\"1 minute\" \/>\n<script type=\"application\/ld+json\" class=\"yoast-schema-graph\">{\"@context\":\"https:\\\/\\\/schema.org\",\"@graph\":[{\"@type\":\"WebPage\",\"@id\":\"https:\\\/\\\/www.neural-artistry.com\\\/shop\\\/home-garden\\\/decor\\\/artwork\\\/posters-prints-visual-artwork\\\/synthetic-muse-art-poster\\\/\",\"url\":\"https:\\\/\\\/www.neural-artistry.com\\\/shop\\\/home-garden\\\/decor\\\/artwork\\\/posters-prints-visual-artwork\\\/synthetic-muse-art-poster\\\/\",\"name\":\"Synthetic Muse Art Poster - Neural Artistry\",\"isPartOf\":{\"@id\":\"https:\\\/\\\/www.neural-artistry.com\\\/#website\"},\"primaryImageOfPage\":{\"@id\":\"https:\\\/\\\/www.neural-artistry.com\\\/shop\\\/home-garden\\\/decor\\\/artwork\\\/posters-prints-visual-artwork\\\/synthetic-muse-art-poster\\\/#primaryimage\"},\"image\":{\"@id\":\"https:\\\/\\\/www.neural-artistry.com\\\/shop\\\/home-garden\\\/decor\\\/artwork\\\/posters-prints-visual-artwork\\\/synthetic-muse-art-poster\\\/#primaryimage\"},\"thumbnailUrl\":\"https:\\\/\\\/www.neural-artistry.com\\\/wp-content\\\/uploads\\\/2025\\\/02\\\/neural-artistry-portfolio-252_mock_giant.jpg\",\"datePublished\":\"2025-02-13T13:16:35+00:00\",\"dateModified\":\"2025-05-06T13:48:58+00:00\",\"breadcrumb\":{\"@id\":\"https:\\\/\\\/www.neural-artistry.com\\\/shop\\\/home-garden\\\/decor\\\/artwork\\\/posters-prints-visual-artwork\\\/synthetic-muse-art-poster\\\/#breadcrumb\"},\"inLanguage\":\"fr-FR\",\"potentialAction\":[{\"@type\":\"ReadAction\",\"target\":[\"https:\\\/\\\/www.neural-artistry.com\\\/shop\\\/home-garden\\\/decor\\\/artwork\\\/posters-prints-visual-artwork\\\/synthetic-muse-art-poster\\\/\"]}]},{\"@type\":\"ImageObject\",\"inLanguage\":\"fr-FR\",\"@id\":\"https:\\\/\\\/www.neural-artistry.com\\\/shop\\\/home-garden\\\/decor\\\/artwork\\\/posters-prints-visual-artwork\\\/synthetic-muse-art-poster\\\/#primaryimage\",\"url\":\"https:\\\/\\\/www.neural-artistry.com\\\/wp-content\\\/uploads\\\/2025\\\/02\\\/neural-artistry-portfolio-252_mock_giant.jpg\",\"contentUrl\":\"https:\\\/\\\/www.neural-artistry.com\\\/wp-content\\\/uploads\\\/2025\\\/02\\\/neural-artistry-portfolio-252_mock_giant.jpg\",\"width\":2048,\"height\":2048},{\"@type\":\"BreadcrumbList\",\"@id\":\"https:\\\/\\\/www.neural-artistry.com\\\/shop\\\/home-garden\\\/decor\\\/artwork\\\/posters-prints-visual-artwork\\\/synthetic-muse-art-poster\\\/#breadcrumb\",\"itemListElement\":[{\"@type\":\"ListItem\",\"position\":1,\"name\":\"Home\",\"item\":\"https:\\\/\\\/www.neural-artistry.com\\\/\"},{\"@type\":\"ListItem\",\"position\":2,\"name\":\"Wall Art Prints \u2013 Custom Canvas &amp; Unique Posters\",\"item\":\"https:\\\/\\\/www.neural-artistry.com\\\/\"},{\"@type\":\"ListItem\",\"position\":3,\"name\":\"Synthetic Muse Art Poster\"}]},{\"@type\":\"WebSite\",\"@id\":\"https:\\\/\\\/www.neural-artistry.com\\\/#website\",\"url\":\"https:\\\/\\\/www.neural-artistry.com\\\/\",\"name\":\"Neural Artistry\",\"description\":\"AI Art Posters \u2013 Certified, Premium, Sold Only Once\",\"publisher\":{\"@id\":\"https:\\\/\\\/www.neural-artistry.com\\\/#organization\"},\"potentialAction\":[{\"@type\":\"SearchAction\",\"target\":{\"@type\":\"EntryPoint\",\"urlTemplate\":\"https:\\\/\\\/www.neural-artistry.com\\\/?s={search_term_string}\"},\"query-input\":{\"@type\":\"PropertyValueSpecification\",\"valueRequired\":true,\"valueName\":\"search_term_string\"}}],\"inLanguage\":\"fr-FR\"},{\"@type\":\"Organization\",\"@id\":\"https:\\\/\\\/www.neural-artistry.com\\\/#organization\",\"name\":\"Neural Artistry\",\"url\":\"https:\\\/\\\/www.neural-artistry.com\\\/\",\"logo\":{\"@type\":\"ImageObject\",\"inLanguage\":\"fr-FR\",\"@id\":\"https:\\\/\\\/www.neural-artistry.com\\\/#\\\/schema\\\/logo\\\/image\\\/\",\"url\":\"https:\\\/\\\/www.neural-artistry.com\\\/wp-content\\\/uploads\\\/2025\\\/08\\\/Web-Black-logo-no-background-scaled.webp\",\"contentUrl\":\"https:\\\/\\\/www.neural-artistry.com\\\/wp-content\\\/uploads\\\/2025\\\/08\\\/Web-Black-logo-no-background-scaled.webp\",\"width\":2560,\"height\":976,\"caption\":\"Neural Artistry\"},\"image\":{\"@id\":\"https:\\\/\\\/www.neural-artistry.com\\\/#\\\/schema\\\/logo\\\/image\\\/\"}}]}<\/script>\n<!-- \/ Yoast SEO plugin. -->","yoast_head_json":{"title":"Synthetic Muse Art Poster - Neural Artistry","robots":{"index":"index","follow":"follow","max-snippet":"max-snippet:-1","max-image-preview":"max-image-preview:large","max-video-preview":"max-video-preview:-1"},"canonical":"https:\/\/www.neural-artistry.com\/fr\/shop\/home-garden\/decor\/artwork\/posters-prints-visual-artwork\/synthetic-muse-art-poster\/","og_locale":"fr_FR","og_type":"article","og_title":"Synthetic Muse Art Poster - Neural Artistry","og_description":"A mesmerizing fusion of cybernetic beauty and futuristic vision, this vibrant art print captivates with surreal neon hues and sleek minimalism. Printed on Hahnem\u00fchle FineArt paper with UltraChrome Pro inks, each piece is signed, authenticated, and crafted for the modern space.","og_url":"https:\/\/www.neural-artistry.com\/fr\/shop\/home-garden\/decor\/artwork\/posters-prints-visual-artwork\/synthetic-muse-art-poster\/","og_site_name":"Neural Artistry","article_modified_time":"2025-05-06T13:48:58+00:00","og_image":[{"width":2048,"height":2048,"url":"https:\/\/www.neural-artistry.com\/wp-content\/uploads\/2025\/02\/neural-artistry-portfolio-252_mock_giant.jpg","type":"image\/jpeg"}],"twitter_card":"summary_large_image","twitter_misc":{"Dur\u00e9e de lecture estim\u00e9e":"1 minute"},"schema":{"@context":"https:\/\/schema.org","@graph":[{"@type":"WebPage","@id":"https:\/\/www.neural-artistry.com\/shop\/home-garden\/decor\/artwork\/posters-prints-visual-artwork\/synthetic-muse-art-poster\/","url":"https:\/\/www.neural-artistry.com\/shop\/home-garden\/decor\/artwork\/posters-prints-visual-artwork\/synthetic-muse-art-poster\/","name":"Synthetic Muse Art Poster - Neural Artistry","isPartOf":{"@id":"https:\/\/www.neural-artistry.com\/#website"},"primaryImageOfPage":{"@id":"https:\/\/www.neural-artistry.com\/shop\/home-garden\/decor\/artwork\/posters-prints-visual-artwork\/synthetic-muse-art-poster\/#primaryimage"},"image":{"@id":"https:\/\/www.neural-artistry.com\/shop\/home-garden\/decor\/artwork\/posters-prints-visual-artwork\/synthetic-muse-art-poster\/#primaryimage"},"thumbnailUrl":"https:\/\/www.neural-artistry.com\/wp-content\/uploads\/2025\/02\/neural-artistry-portfolio-252_mock_giant.jpg","datePublished":"2025-02-13T13:16:35+00:00","dateModified":"2025-05-06T13:48:58+00:00","breadcrumb":{"@id":"https:\/\/www.neural-artistry.com\/shop\/home-garden\/decor\/artwork\/posters-prints-visual-artwork\/synthetic-muse-art-poster\/#breadcrumb"},"inLanguage":"fr-FR","potentialAction":[{"@type":"ReadAction","target":["https:\/\/www.neural-artistry.com\/shop\/home-garden\/decor\/artwork\/posters-prints-visual-artwork\/synthetic-muse-art-poster\/"]}]},{"@type":"ImageObject","inLanguage":"fr-FR","@id":"https:\/\/www.neural-artistry.com\/shop\/home-garden\/decor\/artwork\/posters-prints-visual-artwork\/synthetic-muse-art-poster\/#primaryimage","url":"https:\/\/www.neural-artistry.com\/wp-content\/uploads\/2025\/02\/neural-artistry-portfolio-252_mock_giant.jpg","contentUrl":"https:\/\/www.neural-artistry.com\/wp-content\/uploads\/2025\/02\/neural-artistry-portfolio-252_mock_giant.jpg","width":2048,"height":2048},{"@type":"BreadcrumbList","@id":"https:\/\/www.neural-artistry.com\/shop\/home-garden\/decor\/artwork\/posters-prints-visual-artwork\/synthetic-muse-art-poster\/#breadcrumb","itemListElement":[{"@type":"ListItem","position":1,"name":"Home","item":"https:\/\/www.neural-artistry.com\/"},{"@type":"ListItem","position":2,"name":"Wall Art Prints \u2013 Custom Canvas &amp; Unique Posters","item":"https:\/\/www.neural-artistry.com\/"},{"@type":"ListItem","position":3,"name":"Synthetic Muse Art Poster"}]},{"@type":"WebSite","@id":"https:\/\/www.neural-artistry.com\/#website","url":"https:\/\/www.neural-artistry.com\/","name":"Neural Artistry","description":"Affiches d&#039;art IA \u2013 Certifi\u00e9es, premium, vendues une seule fois","publisher":{"@id":"https:\/\/www.neural-artistry.com\/#organization"},"potentialAction":[{"@type":"SearchAction","target":{"@type":"EntryPoint","urlTemplate":"https:\/\/www.neural-artistry.com\/?s={search_term_string}"},"query-input":{"@type":"PropertyValueSpecification","valueRequired":true,"valueName":"search_term_string"}}],"inLanguage":"fr-FR"},{"@type":"Organization","@id":"https:\/\/www.neural-artistry.com\/#organization","name":"Neural Artistry","url":"https:\/\/www.neural-artistry.com\/","logo":{"@type":"ImageObject","inLanguage":"fr-FR","@id":"https:\/\/www.neural-artistry.com\/#\/schema\/logo\/image\/","url":"https:\/\/www.neural-artistry.com\/wp-content\/uploads\/2025\/08\/Web-Black-logo-no-background-scaled.webp","contentUrl":"https:\/\/www.neural-artistry.com\/wp-content\/uploads\/2025\/08\/Web-Black-logo-no-background-scaled.webp","width":2560,"height":976,"caption":"Neural Artistry"},"image":{"@id":"https:\/\/www.neural-artistry.com\/#\/schema\/logo\/image\/"}}]}},"uagb_featured_image_src":{"full":["https:\/\/www.neural-artistry.com\/wp-content\/uploads\/2025\/02\/neural-artistry-portfolio-252_mock_giant.jpg",2048,2048,false],"thumbnail":["https:\/\/www.neural-artistry.com\/wp-content\/uploads\/2025\/02\/neural-artistry-portfolio-252_mock_giant-150x150.jpg",150,150,true],"medium":["https:\/\/www.neural-artistry.com\/wp-content\/uploads\/2025\/02\/neural-artistry-portfolio-252_mock_giant-300x300.jpg",300,300,true],"medium_large":["https:\/\/www.neural-artistry.com\/wp-content\/uploads\/2025\/02\/neural-artistry-portfolio-252_mock_giant-768x768.jpg",768,768,true],"large":["https:\/\/www.neural-artistry.com\/wp-content\/uploads\/2025\/02\/neural-artistry-portfolio-252_mock_giant-1024x1024.jpg",1024,1024,true],"1536x1536":["https:\/\/www.neural-artistry.com\/wp-content\/uploads\/2025\/02\/neural-artistry-portfolio-252_mock_giant-1536x1536.jpg",1536,1536,true],"2048x2048":["https:\/\/www.neural-artistry.com\/wp-content\/uploads\/2025\/02\/neural-artistry-portfolio-252_mock_giant.jpg",2048,2048,false],"trp-custom-language-flag":["https:\/\/www.neural-artistry.com\/wp-content\/uploads\/2025\/02\/neural-artistry-portfolio-252_mock_giant-12x12.jpg",12,12,true],"woocommerce_thumbnail":["https:\/\/www.neural-artistry.com\/wp-content\/uploads\/2025\/02\/neural-artistry-portfolio-252_mock_giant-450x450.jpg",450,450,true],"woocommerce_single":["https:\/\/www.neural-artistry.com\/wp-content\/uploads\/2025\/02\/neural-artistry-portfolio-252_mock_giant-600x600.jpg",600,600,true],"woocommerce_gallery_thumbnail":["https:\/\/www.neural-artistry.com\/wp-content\/uploads\/2025\/02\/neural-artistry-portfolio-252_mock_giant-100x100.jpg",100,100,true]},"uagb_author_info":{"display_name":"flake","author_link":"https:\/\/www.neural-artistry.com\/fr\/author\/"},"uagb_comment_info":0,"uagb_excerpt":"A mesmerizing fusion of cybernetic beauty and futuristic vision, this vibrant art print captivates with surreal neon hues and sleek minimalism. Printed on Hahnem\u00fchle FineArt paper with UltraChrome Pro inks, each piece is signed, authenticated, and crafted for the modern space.","_links":{"self":[{"href":"https:\/\/www.neural-artistry.com\/fr\/wp-json\/wp\/v2\/product\/11388","targetHints":{"allow":["GET"]}}],"collection":[{"href":"https:\/\/www.neural-artistry.com\/fr\/wp-json\/wp\/v2\/product"}],"about":[{"href":"https:\/\/www.neural-artistry.com\/fr\/wp-json\/wp\/v2\/types\/product"}],"replies":[{"embeddable":true,"href":"https:\/\/www.neural-artistry.com\/fr\/wp-json\/wp\/v2\/comments?post=11388"}],"wp:featuredmedia":[{"embeddable":true,"href":"https:\/\/www.neural-artistry.com\/fr\/wp-json\/wp\/v2\/media\/10767"}],"wp:attachment":[{"href":"https:\/\/www.neural-artistry.com\/fr\/wp-json\/wp\/v2\/media?parent=11388"}],"wp:term":[{"taxonomy":"product_brand","embeddable":true,"href":"https:\/\/www.neural-artistry.com\/fr\/wp-json\/wp\/v2\/product_brand?post=11388"},{"taxonomy":"product_cat","embeddable":true,"href":"https:\/\/www.neural-artistry.com\/fr\/wp-json\/wp\/v2\/product_cat?post=11388"},{"taxonomy":"product_tag","embeddable":true,"href":"https:\/\/www.neural-artistry.com\/fr\/wp-json\/wp\/v2\/product_tag?post=11388"}],"curies":[{"name":"wp","href":"https:\/\/api.w.org\/{rel}","templated":true}]}}