{"id":11395,"date":"2025-02-13T13:16:42","date_gmt":"2025-02-13T13:16:42","guid":{"rendered":"https:\/\/www.neural-artistry.com\/shop\/uncategorized\/skybound-serenity-art-poster\/"},"modified":"2025-08-21T16:15:07","modified_gmt":"2025-08-21T16:15:07","slug":"skybound-serenity-art-poster","status":"publish","type":"product","link":"https:\/\/www.neural-artistry.com\/fr\/shop\/home-garden\/decor\/artwork\/posters-prints-visual-artwork\/skybound-serenity-art-poster\/","title":{"rendered":"Affiche d&#039;art Skybound Serenity"},"content":{"rendered":"<h3 style=\"color: #FAF5E5;\">Surr\u00e9alisme \u00e9th\u00e9r\u00e9 \u2013 Un portrait onirique pour les espaces modernes<\/h3>\n<p style=\"color: #FAF5E5;\">Entrez dans un monde de <strong>s\u00e9r\u00e9nit\u00e9 et surr\u00e9alisme<\/strong> avec ce portrait \u00e0 couper le souffle. Pr\u00e9sentant une <strong>silhouette jeune et emport\u00e9e par le vent<\/strong> sur fond de ciel aux teintes pastel, cette \u0153uvre d&#039;art m\u00e9lange <strong>\u00e9l\u00e9gance minimaliste<\/strong> avec une essence onirique. Les tons doux et futuristes et la composition fluide cr\u00e9ent une atmosph\u00e8re de <strong>tranquillit\u00e9 et introspection<\/strong>, ce qui en fait une pi\u00e8ce ma\u00eetresse parfaite pour tout int\u00e9rieur moderne.<\/p>\n<h3 style=\"color: #FAF5E5;\">Tailles disponibles<\/h3>\n<ul style=\"color: #FAF5E5;\">\n<li>16,65 cm x 29,70 cm<\/li>\n<li>23,54 cm x 42,00 cm<\/li>\n<li>27,07 cm x 48,30 cm<\/li>\n<li>33,29 cm x 59,40 cm<\/li>\n<li>43,00 cm x 76,73 cm<\/li>\n<\/ul>\n<h3 style=\"color: #FAF5E5;\">Savoir-faire et qualit\u00e9 d&#039;impression sup\u00e9rieurs<\/h3>\n<p style=\"color: #FAF5E5;\">Imprim\u00e9 sur <strong>papier Hahnem\u00fchle FineArt de qualit\u00e9 mus\u00e9e<\/strong> en utilisant <strong>Encres UltraChrome Pro<\/strong>, cette \u0153uvre assure <strong>d\u00e9tails exceptionnels, pr\u00e9cision des couleurs \u00e9clatantes et durabilit\u00e9 \u00e0 long terme<\/strong>. Que vous choisissiez un <strong>finition mate ou brillante<\/strong>, l&#039;imprim\u00e9 conserve son charme \u00e9th\u00e9r\u00e9 tout en \u00e9tant <strong>r\u00e9sistant \u00e0 la d\u00e9coloration et de qualit\u00e9 archivistique<\/strong>.<\/p>\n<h3 style=\"color: #FAF5E5;\">\u0152uvres d&#039;art exclusives et certifi\u00e9es<\/h3>\n<p style=\"color: #FAF5E5;\">Chaque impression est une <strong>pi\u00e8ce unique, sign\u00e9e et authentifi\u00e9e<\/strong>, vous assurant de poss\u00e9der une \u0153uvre d&#039;art exclusive. <strong>certificat d&#039;authenticit\u00e9<\/strong> accompagne votre achat, ce qui en fait un ajout pr\u00e9cieux \u00e0 toute collection d&#039;art.<\/p>\n<h3 style=\"color: #FAF5E5;\">Parfait pour n&#039;importe quel espace<\/h3>\n<ul style=\"color: #FAF5E5;\">\n<li><strong>Salon<\/strong> \u2013 \u00c9levez votre espace avec une esth\u00e9tique moderne et onirique.<\/li>\n<li><strong>Bureau<\/strong> \u2013 Inspirez la cr\u00e9ativit\u00e9 et le calme avec ce portrait surr\u00e9aliste.<\/li>\n<li><strong>Configuration de jeu<\/strong> \u2013 Ajoutez une touche futuriste et artistique \u00e0 votre environnement.<\/li>\n<li><strong>Chambre \u00e0 coucher<\/strong> \u2013 Cr\u00e9er une atmosph\u00e8re sereine et introspective.<\/li>\n<\/ul>\n<h3 style=\"color: #FAF5E5;\">Un cadeau unique pour les amateurs d&#039;art<\/h3>\n<p style=\"color: #FAF5E5;\">\u00c0 la recherche d&#039;un <strong>cadeau attentionn\u00e9 et exclusif<\/strong>? Cette \u0153uvre d&#039;art est un choix parfait pour <strong>collectionneurs, amateurs d&#039;art et ceux qui appr\u00e9cient la beaut\u00e9 surr\u00e9aliste<\/strong>Que ce soit pour un anniversaire, une pendaison de cr\u00e9maill\u00e8re ou une occasion sp\u00e9ciale, cette impression est un tr\u00e9sor intemporel.<\/p>\n<h3 style=\"color: #FAF5E5;\">Commandez votre affiche en \u00e9dition limit\u00e9e d\u00e8s aujourd&#039;hui<\/h3>\n<p style=\"color: #FAF5E5;\">Ne manquez pas l&#039;opportunit\u00e9 de poss\u00e9der un <strong>affiche de qualit\u00e9 sup\u00e9rieure en \u00e9dition limit\u00e9e<\/strong>Transformez votre espace avec ceci <strong>chef-d&#039;\u0153uvre surr\u00e9aliste \u00e9th\u00e9r\u00e9<\/strong>Commandez maintenant et ramenez chez vous une \u0153uvre d&#039;art de r\u00eave !<\/p>","protected":false},"excerpt":{"rendered":"<p>Fusion onirique de surr\u00e9alisme et de s\u00e9r\u00e9nit\u00e9, ce portrait \u00e9th\u00e9r\u00e9 capture un moment balay\u00e9 par le vent, suspendu dans le temps. Imprim\u00e9e sur du papier Hahnem\u00fchle FineArt avec des encres UltraChrome Pro, chaque tirage d&#039;art est sign\u00e9, authentifi\u00e9 et con\u00e7u pour les collectionneurs en qu\u00eate d&#039;\u00e9l\u00e9gance moderne.<\/p>","protected":false},"featured_media":10809,"comment_status":"open","ping_status":"closed","template":"","meta":{"_uag_custom_page_level_css":""},"product_brand":[874],"product_cat":[725,1268],"product_tag":[880,980,931,897,978,907,1149,32,1162,1102],"class_list":{"0":"post-11395","1":"product","2":"type-product","3":"status-publish","4":"has-post-thumbnail","6":"product_brand-neural-artistry","7":"product_cat-portraits","8":"product_cat-posters-prints-visual-artwork","9":"product_tag-dreamlike","10":"product_tag-ethereal","11":"product_tag-minimalist","12":"product_tag-modern","13":"product_tag-pastelcolors","14":"product_tag-portrait","15":"product_tag-serenity","16":"product_tag-surrealism","17":"product_tag-windblown","18":"product_tag-youthful","19":"product_shipping_class-chronopost","20":"pa_finish-type-glossy-finish","21":"pa_finish-type-matte-finish","22":"pa_margins-with","23":"pa_margins-without","24":"pa_medium-technique-digital-painting","25":"pa_medium-technique-photomanipulation","26":"pa_mood-ambiance-dreamy","27":"pa_mood-ambiance-ethereal","28":"pa_mood-ambiance-futuristic","29":"pa_orientation-portrait","30":"pa_size-16-65cmx29-70cm","31":"pa_size-23-54cmx42-00cm","32":"pa_size-27-07cmx48-30cm","33":"pa_size-33-29cmx59-40cm","34":"pa_size-43-00cmx76-73cm","35":"pa_style-movement-concept-art","36":"pa_style-movement-fantasy","37":"pa_style-movement-surrealism","39":"first","40":"instock","41":"sold-individually","42":"taxable","43":"shipping-taxable","44":"purchasable","45":"product-type-variable","46":"has-default-attributes"},"yoast_head":"<!-- This site is optimized with the Yoast SEO plugin v27.5 - https:\/\/yoast.com\/product\/yoast-seo-wordpress\/ -->\n<title>Skybound Serenity Art Poster - Neural Artistry<\/title>\n<meta name=\"robots\" content=\"index, follow, max-snippet:-1, max-image-preview:large, max-video-preview:-1\" \/>\n<link rel=\"canonical\" href=\"https:\/\/www.neural-artistry.com\/fr\/shop\/home-garden\/decor\/artwork\/posters-prints-visual-artwork\/skybound-serenity-art-poster\/\" \/>\n<meta property=\"og:locale\" content=\"fr_FR\" \/>\n<meta property=\"og:type\" content=\"article\" \/>\n<meta property=\"og:title\" content=\"Skybound Serenity Art Poster - Neural Artistry\" \/>\n<meta property=\"og:description\" content=\"A dreamlike fusion of surrealism and serenity, this ethereal portrait captures a windswept moment suspended in time. Printed on Hahnem\u00fchle FineArt paper with UltraChrome Pro inks, each art print is signed, authenticated, and crafted for collectors who seek modern elegance.\" \/>\n<meta property=\"og:url\" content=\"https:\/\/www.neural-artistry.com\/fr\/shop\/home-garden\/decor\/artwork\/posters-prints-visual-artwork\/skybound-serenity-art-poster\/\" \/>\n<meta property=\"og:site_name\" content=\"Neural Artistry\" \/>\n<meta property=\"article:modified_time\" content=\"2025-08-21T16:15:07+00:00\" \/>\n<meta property=\"og:image\" content=\"https:\/\/www.neural-artistry.com\/wp-content\/uploads\/2025\/02\/neural-artistry-portfolio-259_mock_giant.jpg\" \/>\n\t<meta property=\"og:image:width\" content=\"2048\" \/>\n\t<meta property=\"og:image:height\" content=\"2048\" \/>\n\t<meta property=\"og:image:type\" content=\"image\/jpeg\" \/>\n<meta name=\"twitter:card\" content=\"summary_large_image\" \/>\n<meta name=\"twitter:label1\" content=\"Dur\u00e9e de lecture estim\u00e9e\" \/>\n\t<meta name=\"twitter:data1\" content=\"1 minute\" \/>\n<script type=\"application\/ld+json\" class=\"yoast-schema-graph\">{\"@context\":\"https:\\\/\\\/schema.org\",\"@graph\":[{\"@type\":\"WebPage\",\"@id\":\"https:\\\/\\\/www.neural-artistry.com\\\/shop\\\/home-garden\\\/decor\\\/artwork\\\/posters-prints-visual-artwork\\\/skybound-serenity-art-poster\\\/\",\"url\":\"https:\\\/\\\/www.neural-artistry.com\\\/shop\\\/home-garden\\\/decor\\\/artwork\\\/posters-prints-visual-artwork\\\/skybound-serenity-art-poster\\\/\",\"name\":\"Skybound Serenity Art Poster - Neural Artistry\",\"isPartOf\":{\"@id\":\"https:\\\/\\\/www.neural-artistry.com\\\/#website\"},\"primaryImageOfPage\":{\"@id\":\"https:\\\/\\\/www.neural-artistry.com\\\/shop\\\/home-garden\\\/decor\\\/artwork\\\/posters-prints-visual-artwork\\\/skybound-serenity-art-poster\\\/#primaryimage\"},\"image\":{\"@id\":\"https:\\\/\\\/www.neural-artistry.com\\\/shop\\\/home-garden\\\/decor\\\/artwork\\\/posters-prints-visual-artwork\\\/skybound-serenity-art-poster\\\/#primaryimage\"},\"thumbnailUrl\":\"https:\\\/\\\/www.neural-artistry.com\\\/wp-content\\\/uploads\\\/2025\\\/02\\\/neural-artistry-portfolio-259_mock_giant.jpg\",\"datePublished\":\"2025-02-13T13:16:42+00:00\",\"dateModified\":\"2025-08-21T16:15:07+00:00\",\"breadcrumb\":{\"@id\":\"https:\\\/\\\/www.neural-artistry.com\\\/shop\\\/home-garden\\\/decor\\\/artwork\\\/posters-prints-visual-artwork\\\/skybound-serenity-art-poster\\\/#breadcrumb\"},\"inLanguage\":\"fr-FR\",\"potentialAction\":[{\"@type\":\"ReadAction\",\"target\":[\"https:\\\/\\\/www.neural-artistry.com\\\/shop\\\/home-garden\\\/decor\\\/artwork\\\/posters-prints-visual-artwork\\\/skybound-serenity-art-poster\\\/\"]}]},{\"@type\":\"ImageObject\",\"inLanguage\":\"fr-FR\",\"@id\":\"https:\\\/\\\/www.neural-artistry.com\\\/shop\\\/home-garden\\\/decor\\\/artwork\\\/posters-prints-visual-artwork\\\/skybound-serenity-art-poster\\\/#primaryimage\",\"url\":\"https:\\\/\\\/www.neural-artistry.com\\\/wp-content\\\/uploads\\\/2025\\\/02\\\/neural-artistry-portfolio-259_mock_giant.jpg\",\"contentUrl\":\"https:\\\/\\\/www.neural-artistry.com\\\/wp-content\\\/uploads\\\/2025\\\/02\\\/neural-artistry-portfolio-259_mock_giant.jpg\",\"width\":2048,\"height\":2048},{\"@type\":\"BreadcrumbList\",\"@id\":\"https:\\\/\\\/www.neural-artistry.com\\\/shop\\\/home-garden\\\/decor\\\/artwork\\\/posters-prints-visual-artwork\\\/skybound-serenity-art-poster\\\/#breadcrumb\",\"itemListElement\":[{\"@type\":\"ListItem\",\"position\":1,\"name\":\"Home\",\"item\":\"https:\\\/\\\/www.neural-artistry.com\\\/\"},{\"@type\":\"ListItem\",\"position\":2,\"name\":\"Wall Art Prints \u2013 Custom Canvas &amp; Unique Posters\",\"item\":\"https:\\\/\\\/www.neural-artistry.com\\\/\"},{\"@type\":\"ListItem\",\"position\":3,\"name\":\"Skybound Serenity Art Poster\"}]},{\"@type\":\"WebSite\",\"@id\":\"https:\\\/\\\/www.neural-artistry.com\\\/#website\",\"url\":\"https:\\\/\\\/www.neural-artistry.com\\\/\",\"name\":\"Neural Artistry\",\"description\":\"AI Art Posters \u2013 Certified, Premium, Sold Only Once\",\"publisher\":{\"@id\":\"https:\\\/\\\/www.neural-artistry.com\\\/#organization\"},\"potentialAction\":[{\"@type\":\"SearchAction\",\"target\":{\"@type\":\"EntryPoint\",\"urlTemplate\":\"https:\\\/\\\/www.neural-artistry.com\\\/?s={search_term_string}\"},\"query-input\":{\"@type\":\"PropertyValueSpecification\",\"valueRequired\":true,\"valueName\":\"search_term_string\"}}],\"inLanguage\":\"fr-FR\"},{\"@type\":\"Organization\",\"@id\":\"https:\\\/\\\/www.neural-artistry.com\\\/#organization\",\"name\":\"Neural Artistry\",\"url\":\"https:\\\/\\\/www.neural-artistry.com\\\/\",\"logo\":{\"@type\":\"ImageObject\",\"inLanguage\":\"fr-FR\",\"@id\":\"https:\\\/\\\/www.neural-artistry.com\\\/#\\\/schema\\\/logo\\\/image\\\/\",\"url\":\"https:\\\/\\\/www.neural-artistry.com\\\/wp-content\\\/uploads\\\/2025\\\/08\\\/Web-Black-logo-no-background-scaled.webp\",\"contentUrl\":\"https:\\\/\\\/www.neural-artistry.com\\\/wp-content\\\/uploads\\\/2025\\\/08\\\/Web-Black-logo-no-background-scaled.webp\",\"width\":2560,\"height\":976,\"caption\":\"Neural Artistry\"},\"image\":{\"@id\":\"https:\\\/\\\/www.neural-artistry.com\\\/#\\\/schema\\\/logo\\\/image\\\/\"}}]}<\/script>\n<!-- \/ Yoast SEO plugin. -->","yoast_head_json":{"title":"Skybound Serenity Art Poster - Neural Artistry","robots":{"index":"index","follow":"follow","max-snippet":"max-snippet:-1","max-image-preview":"max-image-preview:large","max-video-preview":"max-video-preview:-1"},"canonical":"https:\/\/www.neural-artistry.com\/fr\/shop\/home-garden\/decor\/artwork\/posters-prints-visual-artwork\/skybound-serenity-art-poster\/","og_locale":"fr_FR","og_type":"article","og_title":"Skybound Serenity Art Poster - Neural Artistry","og_description":"A dreamlike fusion of surrealism and serenity, this ethereal portrait captures a windswept moment suspended in time. Printed on Hahnem\u00fchle FineArt paper with UltraChrome Pro inks, each art print is signed, authenticated, and crafted for collectors who seek modern elegance.","og_url":"https:\/\/www.neural-artistry.com\/fr\/shop\/home-garden\/decor\/artwork\/posters-prints-visual-artwork\/skybound-serenity-art-poster\/","og_site_name":"Neural Artistry","article_modified_time":"2025-08-21T16:15:07+00:00","og_image":[{"width":2048,"height":2048,"url":"https:\/\/www.neural-artistry.com\/wp-content\/uploads\/2025\/02\/neural-artistry-portfolio-259_mock_giant.jpg","type":"image\/jpeg"}],"twitter_card":"summary_large_image","twitter_misc":{"Dur\u00e9e de lecture estim\u00e9e":"1 minute"},"schema":{"@context":"https:\/\/schema.org","@graph":[{"@type":"WebPage","@id":"https:\/\/www.neural-artistry.com\/shop\/home-garden\/decor\/artwork\/posters-prints-visual-artwork\/skybound-serenity-art-poster\/","url":"https:\/\/www.neural-artistry.com\/shop\/home-garden\/decor\/artwork\/posters-prints-visual-artwork\/skybound-serenity-art-poster\/","name":"Skybound Serenity Art Poster - Neural Artistry","isPartOf":{"@id":"https:\/\/www.neural-artistry.com\/#website"},"primaryImageOfPage":{"@id":"https:\/\/www.neural-artistry.com\/shop\/home-garden\/decor\/artwork\/posters-prints-visual-artwork\/skybound-serenity-art-poster\/#primaryimage"},"image":{"@id":"https:\/\/www.neural-artistry.com\/shop\/home-garden\/decor\/artwork\/posters-prints-visual-artwork\/skybound-serenity-art-poster\/#primaryimage"},"thumbnailUrl":"https:\/\/www.neural-artistry.com\/wp-content\/uploads\/2025\/02\/neural-artistry-portfolio-259_mock_giant.jpg","datePublished":"2025-02-13T13:16:42+00:00","dateModified":"2025-08-21T16:15:07+00:00","breadcrumb":{"@id":"https:\/\/www.neural-artistry.com\/shop\/home-garden\/decor\/artwork\/posters-prints-visual-artwork\/skybound-serenity-art-poster\/#breadcrumb"},"inLanguage":"fr-FR","potentialAction":[{"@type":"ReadAction","target":["https:\/\/www.neural-artistry.com\/shop\/home-garden\/decor\/artwork\/posters-prints-visual-artwork\/skybound-serenity-art-poster\/"]}]},{"@type":"ImageObject","inLanguage":"fr-FR","@id":"https:\/\/www.neural-artistry.com\/shop\/home-garden\/decor\/artwork\/posters-prints-visual-artwork\/skybound-serenity-art-poster\/#primaryimage","url":"https:\/\/www.neural-artistry.com\/wp-content\/uploads\/2025\/02\/neural-artistry-portfolio-259_mock_giant.jpg","contentUrl":"https:\/\/www.neural-artistry.com\/wp-content\/uploads\/2025\/02\/neural-artistry-portfolio-259_mock_giant.jpg","width":2048,"height":2048},{"@type":"BreadcrumbList","@id":"https:\/\/www.neural-artistry.com\/shop\/home-garden\/decor\/artwork\/posters-prints-visual-artwork\/skybound-serenity-art-poster\/#breadcrumb","itemListElement":[{"@type":"ListItem","position":1,"name":"Home","item":"https:\/\/www.neural-artistry.com\/"},{"@type":"ListItem","position":2,"name":"Wall Art Prints \u2013 Custom Canvas &amp; Unique Posters","item":"https:\/\/www.neural-artistry.com\/"},{"@type":"ListItem","position":3,"name":"Skybound Serenity Art Poster"}]},{"@type":"WebSite","@id":"https:\/\/www.neural-artistry.com\/#website","url":"https:\/\/www.neural-artistry.com\/","name":"Neural Artistry","description":"Affiches d&#039;art IA \u2013 Certifi\u00e9es, premium, vendues une seule fois","publisher":{"@id":"https:\/\/www.neural-artistry.com\/#organization"},"potentialAction":[{"@type":"SearchAction","target":{"@type":"EntryPoint","urlTemplate":"https:\/\/www.neural-artistry.com\/?s={search_term_string}"},"query-input":{"@type":"PropertyValueSpecification","valueRequired":true,"valueName":"search_term_string"}}],"inLanguage":"fr-FR"},{"@type":"Organization","@id":"https:\/\/www.neural-artistry.com\/#organization","name":"Neural Artistry","url":"https:\/\/www.neural-artistry.com\/","logo":{"@type":"ImageObject","inLanguage":"fr-FR","@id":"https:\/\/www.neural-artistry.com\/#\/schema\/logo\/image\/","url":"https:\/\/www.neural-artistry.com\/wp-content\/uploads\/2025\/08\/Web-Black-logo-no-background-scaled.webp","contentUrl":"https:\/\/www.neural-artistry.com\/wp-content\/uploads\/2025\/08\/Web-Black-logo-no-background-scaled.webp","width":2560,"height":976,"caption":"Neural Artistry"},"image":{"@id":"https:\/\/www.neural-artistry.com\/#\/schema\/logo\/image\/"}}]}},"uagb_featured_image_src":{"full":["https:\/\/www.neural-artistry.com\/wp-content\/uploads\/2025\/02\/neural-artistry-portfolio-259_mock_giant.jpg",2048,2048,false],"thumbnail":["https:\/\/www.neural-artistry.com\/wp-content\/uploads\/2025\/02\/neural-artistry-portfolio-259_mock_giant-150x150.jpg",150,150,true],"medium":["https:\/\/www.neural-artistry.com\/wp-content\/uploads\/2025\/02\/neural-artistry-portfolio-259_mock_giant-300x300.jpg",300,300,true],"medium_large":["https:\/\/www.neural-artistry.com\/wp-content\/uploads\/2025\/02\/neural-artistry-portfolio-259_mock_giant-768x768.jpg",768,768,true],"large":["https:\/\/www.neural-artistry.com\/wp-content\/uploads\/2025\/02\/neural-artistry-portfolio-259_mock_giant-1024x1024.jpg",1024,1024,true],"1536x1536":["https:\/\/www.neural-artistry.com\/wp-content\/uploads\/2025\/02\/neural-artistry-portfolio-259_mock_giant-1536x1536.jpg",1536,1536,true],"2048x2048":["https:\/\/www.neural-artistry.com\/wp-content\/uploads\/2025\/02\/neural-artistry-portfolio-259_mock_giant.jpg",2048,2048,false],"trp-custom-language-flag":["https:\/\/www.neural-artistry.com\/wp-content\/uploads\/2025\/02\/neural-artistry-portfolio-259_mock_giant-12x12.jpg",12,12,true],"woocommerce_thumbnail":["https:\/\/www.neural-artistry.com\/wp-content\/uploads\/2025\/02\/neural-artistry-portfolio-259_mock_giant-450x450.jpg",450,450,true],"woocommerce_single":["https:\/\/www.neural-artistry.com\/wp-content\/uploads\/2025\/02\/neural-artistry-portfolio-259_mock_giant-600x600.jpg",600,600,true],"woocommerce_gallery_thumbnail":["https:\/\/www.neural-artistry.com\/wp-content\/uploads\/2025\/02\/neural-artistry-portfolio-259_mock_giant-100x100.jpg",100,100,true]},"uagb_author_info":{"display_name":"flake","author_link":"https:\/\/www.neural-artistry.com\/fr\/author\/"},"uagb_comment_info":0,"uagb_excerpt":"A dreamlike fusion of surrealism and serenity, this ethereal portrait captures a windswept moment suspended in time. Printed on Hahnem\u00fchle FineArt paper with UltraChrome Pro inks, each art print is signed, authenticated, and crafted for collectors who seek modern elegance.","_links":{"self":[{"href":"https:\/\/www.neural-artistry.com\/fr\/wp-json\/wp\/v2\/product\/11395","targetHints":{"allow":["GET"]}}],"collection":[{"href":"https:\/\/www.neural-artistry.com\/fr\/wp-json\/wp\/v2\/product"}],"about":[{"href":"https:\/\/www.neural-artistry.com\/fr\/wp-json\/wp\/v2\/types\/product"}],"replies":[{"embeddable":true,"href":"https:\/\/www.neural-artistry.com\/fr\/wp-json\/wp\/v2\/comments?post=11395"}],"wp:featuredmedia":[{"embeddable":true,"href":"https:\/\/www.neural-artistry.com\/fr\/wp-json\/wp\/v2\/media\/10809"}],"wp:attachment":[{"href":"https:\/\/www.neural-artistry.com\/fr\/wp-json\/wp\/v2\/media?parent=11395"}],"wp:term":[{"taxonomy":"product_brand","embeddable":true,"href":"https:\/\/www.neural-artistry.com\/fr\/wp-json\/wp\/v2\/product_brand?post=11395"},{"taxonomy":"product_cat","embeddable":true,"href":"https:\/\/www.neural-artistry.com\/fr\/wp-json\/wp\/v2\/product_cat?post=11395"},{"taxonomy":"product_tag","embeddable":true,"href":"https:\/\/www.neural-artistry.com\/fr\/wp-json\/wp\/v2\/product_tag?post=11395"}],"curies":[{"name":"wp","href":"https:\/\/api.w.org\/{rel}","templated":true}]}}