{"id":11398,"date":"2025-02-13T13:16:45","date_gmt":"2025-02-13T13:16:45","guid":{"rendered":"https:\/\/www.neural-artistry.com\/shop\/uncategorized\/fractured-vision-art-poster\/"},"modified":"2025-05-06T13:48:08","modified_gmt":"2025-05-06T13:48:08","slug":"fractured-vision-art-poster","status":"publish","type":"product","link":"https:\/\/www.neural-artistry.com\/fr\/shop\/home-garden\/decor\/artwork\/posters-prints-visual-artwork\/fractured-vision-art-poster\/","title":{"rendered":"Affiche d&#039;art sur la vision fractur\u00e9e"},"content":{"rendered":"<h3 style=\"color: #FAF5E5;\">Portrait surr\u00e9aliste futuriste \u2013 Une vision de mouvement et de myst\u00e8re<\/h3>\n<p style=\"color: #FAF5E5;\">Entrez dans un monde o\u00f9 la r\u00e9alit\u00e9 fusionne avec l&#039;inconnu num\u00e9rique. <strong>portrait surr\u00e9aliste inspir\u00e9 du glitch<\/strong> capture l&#039;essence de l&#039;esth\u00e9tique futuriste, m\u00e9langeant des couleurs vives, un flou de mouvement et des formes abstraites pour cr\u00e9er une composition vraiment fascinante. Une pi\u00e8ce de d\u00e9claration parfaite pour ceux qui appr\u00e9cient <strong>\u00e9l\u00e9gance n\u00e9o-noir et beaut\u00e9 \u00e9th\u00e9r\u00e9e<\/strong>.<\/p>\n<h3 style=\"color: #FAF5E5;\">Tailles disponibles<\/h3>\n<ul style=\"color: #FAF5E5;\">\n<li>21,00 cm x 27,88 cm<\/li>\n<li>29,70 cm x 39,43 cm<\/li>\n<li>32,90 cm x 43,68 cm<\/li>\n<li>42,00 cm x 55,76 cm<\/li>\n<li>43,00 cm x 57,09 cm<\/li>\n<\/ul>\n<h3 style=\"color: #FAF5E5;\">Un savoir-faire exceptionnel et une qualit\u00e9 sup\u00e9rieure<\/h3>\n<p style=\"color: #FAF5E5;\">Ce <strong>affiche imprim\u00e9e de haute qualit\u00e9<\/strong> est m\u00e9ticuleusement produit en utilisant <strong>Papier FineArt Hahnem\u00fchle<\/strong> et <strong>Encres UltraChrome Pro<\/strong>, assurant <strong>durabilit\u00e9 de qualit\u00e9 mus\u00e9ale<\/strong> et <strong>dynamisme de qualit\u00e9 archivistique<\/strong>Chaque d\u00e9tail prend vie avec une profondeur et un contraste \u00e9poustouflants, ce qui en fait une v\u00e9ritable pi\u00e8ce de collection.<\/p>\n<h3 style=\"color: #FAF5E5;\">Certificat d&#039;authenticit\u00e9<\/h3>\n<p style=\"color: #FAF5E5;\">Chaque impression est <strong>pi\u00e8ce unique, sign\u00e9e et authentifi\u00e9e<\/strong>, garantissant son exclusivit\u00e9. Poss\u00e9dez une \u0153uvre d&#039;art unique qui se d\u00e9marque des tirages produits en s\u00e9rie.<\/p>\n<h3 style=\"color: #FAF5E5;\">Parfait pour n&#039;importe quel espace<\/h3>\n<p style=\"color: #FAF5E5;\">Id\u00e9al pour <strong>int\u00e9rieurs modernes, configurations de jeu, espaces de travail cr\u00e9atifs et salons \u00e9l\u00e9gants<\/strong>Que vous soyez un collectionneur d&#039;art, un fan d&#039;esth\u00e9tique futuriste ou que vous cherchiez simplement \u00e0 am\u00e9liorer votre d\u00e9cor, cette pi\u00e8ce ajoutera une pr\u00e9sence audacieuse et myst\u00e9rieuse \u00e0 votre espace.<\/p>\n<h3 style=\"color: #FAF5E5;\">Choisissez votre finition pr\u00e9f\u00e9r\u00e9e<\/h3>\n<ul style=\"color: #FAF5E5;\">\n<li><strong>Mat:<\/strong> Une finition douce et sans \u00e9blouissement qui am\u00e9liore la profondeur et la texture.<\/li>\n<li><strong>Brillant:<\/strong> Une finition vibrante et brillante qui amplifie l\u2019intensit\u00e9 de la couleur.<\/li>\n<\/ul>\n<h3 style=\"color: #FAF5E5;\">Commandez votre affiche exclusive aujourd&#039;hui<\/h3>\n<p style=\"color: #FAF5E5;\">Ne manquez pas l&#039;opportunit\u00e9 de poss\u00e9der ceci <strong>portrait d&#039;art glitch surr\u00e9aliste en \u00e9dition limit\u00e9e<\/strong>. \u00c9levez votre espace avec une pi\u00e8ce qui se marie <strong>mouvement abstrait, distorsion num\u00e9rique et \u00e9l\u00e9gance futuriste<\/strong>Achetez maintenant et rapportez chez vous un chef-d\u2019\u0153uvre qui refl\u00e8te votre vision artistique unique.<\/p>","protected":false},"excerpt":{"rendered":"<p>Fusion saisissante de surr\u00e9alisme et d&#039;art glitch, ce portrait vibre de mouvement et de myst\u00e8re. Imprim\u00e9 sur du papier Hahnem\u00fchle FineArt avec des encres UltraChrome Pro, ce tirage d&#039;art exclusif offre une profondeur et des d\u00e9tails in\u00e9gal\u00e9s pour une ambiance futuriste et surnaturelle.<\/p>","protected":false},"featured_media":10827,"comment_status":"open","ping_status":"closed","template":"","meta":{"_uag_custom_page_level_css":""},"product_brand":[874],"product_cat":[724,733,743,725,1268,731],"product_tag":[932,915,43,980,935,1163,928,907,879,51],"class_list":{"0":"post-11398","1":"product","2":"type-product","3":"status-publish","4":"has-post-thumbnail","6":"product_brand-neural-artistry","7":"product_cat-abstract-forms","8":"product_cat-futuristic-concepts","9":"product_cat-human-emotions","10":"product_cat-portraits","11":"product_cat-posters-prints-visual-artwork","12":"product_cat-surrealism","13":"product_tag-abstract","14":"product_tag-contrast","15":"product_tag-digital-art","16":"product_tag-ethereal","17":"product_tag-futuristic","18":"product_tag-motion-blur","19":"product_tag-mysterious","20":"product_tag-portrait","21":"product_tag-surreal","22":"product_tag-vibrant-colors","23":"product_shipping_class-chronopost","24":"pa_finish-type-glossy-finish","25":"pa_finish-type-matte-finish","26":"pa_margins-with","27":"pa_margins-without","28":"pa_medium-technique-digital-painting","29":"pa_medium-technique-glitch-art","30":"pa_medium-technique-photomanipulation","31":"pa_mood-ambiance-dramatic","32":"pa_mood-ambiance-futuristic","33":"pa_mood-ambiance-mysterious","34":"pa_mood-ambiance-otherworldly","35":"pa_mood-ambiance-surreal","36":"pa_orientation-portrait","37":"pa_size-21-00cmx27-88cm","38":"pa_size-29-70cmx39-43cm","39":"pa_size-32-90cmx43-68cm","40":"pa_size-42-00cmx55-76cm","41":"pa_size-43-00cmx57-09cm","42":"pa_style-movement-glitch-art","43":"pa_style-movement-neo-noir","44":"pa_style-movement-surrealism","46":"first","47":"instock","48":"sold-individually","49":"taxable","50":"shipping-taxable","51":"purchasable","52":"product-type-variable","53":"has-default-attributes"},"yoast_head":"<!-- This site is optimized with the Yoast SEO plugin v27.5 - https:\/\/yoast.com\/product\/yoast-seo-wordpress\/ -->\n<title>Fractured Vision Art Poster - Neural Artistry<\/title>\n<meta name=\"robots\" content=\"index, follow, max-snippet:-1, max-image-preview:large, max-video-preview:-1\" \/>\n<link rel=\"canonical\" href=\"https:\/\/www.neural-artistry.com\/fr\/shop\/home-garden\/decor\/artwork\/posters-prints-visual-artwork\/fractured-vision-art-poster\/\" \/>\n<meta property=\"og:locale\" content=\"fr_FR\" \/>\n<meta property=\"og:type\" content=\"article\" \/>\n<meta property=\"og:title\" content=\"Fractured Vision Art Poster - Neural Artistry\" \/>\n<meta property=\"og:description\" content=\"A striking fusion of surrealism and glitch art, this portrait pulses with vibrant motion and mystery. Printed on Hahnem\u00fchle FineArt paper with UltraChrome Pro inks, this exclusive art print offers unmatched depth and detail for a futuristic, otherworldly ambiance.\" \/>\n<meta property=\"og:url\" content=\"https:\/\/www.neural-artistry.com\/fr\/shop\/home-garden\/decor\/artwork\/posters-prints-visual-artwork\/fractured-vision-art-poster\/\" \/>\n<meta property=\"og:site_name\" content=\"Neural Artistry\" \/>\n<meta property=\"article:modified_time\" content=\"2025-05-06T13:48:08+00:00\" \/>\n<meta property=\"og:image\" content=\"https:\/\/www.neural-artistry.com\/wp-content\/uploads\/2025\/02\/neural-artistry-portfolio-262_mock_giant.jpg\" \/>\n\t<meta property=\"og:image:width\" content=\"2048\" \/>\n\t<meta property=\"og:image:height\" content=\"2048\" \/>\n\t<meta property=\"og:image:type\" content=\"image\/jpeg\" \/>\n<meta name=\"twitter:card\" content=\"summary_large_image\" \/>\n<meta name=\"twitter:label1\" content=\"Dur\u00e9e de lecture estim\u00e9e\" \/>\n\t<meta name=\"twitter:data1\" content=\"1 minute\" \/>\n<script type=\"application\/ld+json\" class=\"yoast-schema-graph\">{\"@context\":\"https:\\\/\\\/schema.org\",\"@graph\":[{\"@type\":\"WebPage\",\"@id\":\"https:\\\/\\\/www.neural-artistry.com\\\/shop\\\/home-garden\\\/decor\\\/artwork\\\/posters-prints-visual-artwork\\\/fractured-vision-art-poster\\\/\",\"url\":\"https:\\\/\\\/www.neural-artistry.com\\\/shop\\\/home-garden\\\/decor\\\/artwork\\\/posters-prints-visual-artwork\\\/fractured-vision-art-poster\\\/\",\"name\":\"Fractured Vision Art Poster - Neural Artistry\",\"isPartOf\":{\"@id\":\"https:\\\/\\\/www.neural-artistry.com\\\/#website\"},\"primaryImageOfPage\":{\"@id\":\"https:\\\/\\\/www.neural-artistry.com\\\/shop\\\/home-garden\\\/decor\\\/artwork\\\/posters-prints-visual-artwork\\\/fractured-vision-art-poster\\\/#primaryimage\"},\"image\":{\"@id\":\"https:\\\/\\\/www.neural-artistry.com\\\/shop\\\/home-garden\\\/decor\\\/artwork\\\/posters-prints-visual-artwork\\\/fractured-vision-art-poster\\\/#primaryimage\"},\"thumbnailUrl\":\"https:\\\/\\\/www.neural-artistry.com\\\/wp-content\\\/uploads\\\/2025\\\/02\\\/neural-artistry-portfolio-262_mock_giant.jpg\",\"datePublished\":\"2025-02-13T13:16:45+00:00\",\"dateModified\":\"2025-05-06T13:48:08+00:00\",\"breadcrumb\":{\"@id\":\"https:\\\/\\\/www.neural-artistry.com\\\/shop\\\/home-garden\\\/decor\\\/artwork\\\/posters-prints-visual-artwork\\\/fractured-vision-art-poster\\\/#breadcrumb\"},\"inLanguage\":\"fr-FR\",\"potentialAction\":[{\"@type\":\"ReadAction\",\"target\":[\"https:\\\/\\\/www.neural-artistry.com\\\/shop\\\/home-garden\\\/decor\\\/artwork\\\/posters-prints-visual-artwork\\\/fractured-vision-art-poster\\\/\"]}]},{\"@type\":\"ImageObject\",\"inLanguage\":\"fr-FR\",\"@id\":\"https:\\\/\\\/www.neural-artistry.com\\\/shop\\\/home-garden\\\/decor\\\/artwork\\\/posters-prints-visual-artwork\\\/fractured-vision-art-poster\\\/#primaryimage\",\"url\":\"https:\\\/\\\/www.neural-artistry.com\\\/wp-content\\\/uploads\\\/2025\\\/02\\\/neural-artistry-portfolio-262_mock_giant.jpg\",\"contentUrl\":\"https:\\\/\\\/www.neural-artistry.com\\\/wp-content\\\/uploads\\\/2025\\\/02\\\/neural-artistry-portfolio-262_mock_giant.jpg\",\"width\":2048,\"height\":2048},{\"@type\":\"BreadcrumbList\",\"@id\":\"https:\\\/\\\/www.neural-artistry.com\\\/shop\\\/home-garden\\\/decor\\\/artwork\\\/posters-prints-visual-artwork\\\/fractured-vision-art-poster\\\/#breadcrumb\",\"itemListElement\":[{\"@type\":\"ListItem\",\"position\":1,\"name\":\"Home\",\"item\":\"https:\\\/\\\/www.neural-artistry.com\\\/\"},{\"@type\":\"ListItem\",\"position\":2,\"name\":\"Wall Art Prints \u2013 Custom Canvas &amp; Unique Posters\",\"item\":\"https:\\\/\\\/www.neural-artistry.com\\\/\"},{\"@type\":\"ListItem\",\"position\":3,\"name\":\"Fractured Vision Art Poster\"}]},{\"@type\":\"WebSite\",\"@id\":\"https:\\\/\\\/www.neural-artistry.com\\\/#website\",\"url\":\"https:\\\/\\\/www.neural-artistry.com\\\/\",\"name\":\"Neural Artistry\",\"description\":\"AI Art Posters \u2013 Certified, Premium, Sold Only Once\",\"publisher\":{\"@id\":\"https:\\\/\\\/www.neural-artistry.com\\\/#organization\"},\"potentialAction\":[{\"@type\":\"SearchAction\",\"target\":{\"@type\":\"EntryPoint\",\"urlTemplate\":\"https:\\\/\\\/www.neural-artistry.com\\\/?s={search_term_string}\"},\"query-input\":{\"@type\":\"PropertyValueSpecification\",\"valueRequired\":true,\"valueName\":\"search_term_string\"}}],\"inLanguage\":\"fr-FR\"},{\"@type\":\"Organization\",\"@id\":\"https:\\\/\\\/www.neural-artistry.com\\\/#organization\",\"name\":\"Neural Artistry\",\"url\":\"https:\\\/\\\/www.neural-artistry.com\\\/\",\"logo\":{\"@type\":\"ImageObject\",\"inLanguage\":\"fr-FR\",\"@id\":\"https:\\\/\\\/www.neural-artistry.com\\\/#\\\/schema\\\/logo\\\/image\\\/\",\"url\":\"https:\\\/\\\/www.neural-artistry.com\\\/wp-content\\\/uploads\\\/2025\\\/08\\\/Web-Black-logo-no-background-scaled.webp\",\"contentUrl\":\"https:\\\/\\\/www.neural-artistry.com\\\/wp-content\\\/uploads\\\/2025\\\/08\\\/Web-Black-logo-no-background-scaled.webp\",\"width\":2560,\"height\":976,\"caption\":\"Neural Artistry\"},\"image\":{\"@id\":\"https:\\\/\\\/www.neural-artistry.com\\\/#\\\/schema\\\/logo\\\/image\\\/\"}}]}<\/script>\n<!-- \/ Yoast SEO plugin. -->","yoast_head_json":{"title":"Fractured Vision Art Poster - Neural Artistry","robots":{"index":"index","follow":"follow","max-snippet":"max-snippet:-1","max-image-preview":"max-image-preview:large","max-video-preview":"max-video-preview:-1"},"canonical":"https:\/\/www.neural-artistry.com\/fr\/shop\/home-garden\/decor\/artwork\/posters-prints-visual-artwork\/fractured-vision-art-poster\/","og_locale":"fr_FR","og_type":"article","og_title":"Fractured Vision Art Poster - Neural Artistry","og_description":"A striking fusion of surrealism and glitch art, this portrait pulses with vibrant motion and mystery. Printed on Hahnem\u00fchle FineArt paper with UltraChrome Pro inks, this exclusive art print offers unmatched depth and detail for a futuristic, otherworldly ambiance.","og_url":"https:\/\/www.neural-artistry.com\/fr\/shop\/home-garden\/decor\/artwork\/posters-prints-visual-artwork\/fractured-vision-art-poster\/","og_site_name":"Neural Artistry","article_modified_time":"2025-05-06T13:48:08+00:00","og_image":[{"width":2048,"height":2048,"url":"https:\/\/www.neural-artistry.com\/wp-content\/uploads\/2025\/02\/neural-artistry-portfolio-262_mock_giant.jpg","type":"image\/jpeg"}],"twitter_card":"summary_large_image","twitter_misc":{"Dur\u00e9e de lecture estim\u00e9e":"1 minute"},"schema":{"@context":"https:\/\/schema.org","@graph":[{"@type":"WebPage","@id":"https:\/\/www.neural-artistry.com\/shop\/home-garden\/decor\/artwork\/posters-prints-visual-artwork\/fractured-vision-art-poster\/","url":"https:\/\/www.neural-artistry.com\/shop\/home-garden\/decor\/artwork\/posters-prints-visual-artwork\/fractured-vision-art-poster\/","name":"Fractured Vision Art Poster - Neural Artistry","isPartOf":{"@id":"https:\/\/www.neural-artistry.com\/#website"},"primaryImageOfPage":{"@id":"https:\/\/www.neural-artistry.com\/shop\/home-garden\/decor\/artwork\/posters-prints-visual-artwork\/fractured-vision-art-poster\/#primaryimage"},"image":{"@id":"https:\/\/www.neural-artistry.com\/shop\/home-garden\/decor\/artwork\/posters-prints-visual-artwork\/fractured-vision-art-poster\/#primaryimage"},"thumbnailUrl":"https:\/\/www.neural-artistry.com\/wp-content\/uploads\/2025\/02\/neural-artistry-portfolio-262_mock_giant.jpg","datePublished":"2025-02-13T13:16:45+00:00","dateModified":"2025-05-06T13:48:08+00:00","breadcrumb":{"@id":"https:\/\/www.neural-artistry.com\/shop\/home-garden\/decor\/artwork\/posters-prints-visual-artwork\/fractured-vision-art-poster\/#breadcrumb"},"inLanguage":"fr-FR","potentialAction":[{"@type":"ReadAction","target":["https:\/\/www.neural-artistry.com\/shop\/home-garden\/decor\/artwork\/posters-prints-visual-artwork\/fractured-vision-art-poster\/"]}]},{"@type":"ImageObject","inLanguage":"fr-FR","@id":"https:\/\/www.neural-artistry.com\/shop\/home-garden\/decor\/artwork\/posters-prints-visual-artwork\/fractured-vision-art-poster\/#primaryimage","url":"https:\/\/www.neural-artistry.com\/wp-content\/uploads\/2025\/02\/neural-artistry-portfolio-262_mock_giant.jpg","contentUrl":"https:\/\/www.neural-artistry.com\/wp-content\/uploads\/2025\/02\/neural-artistry-portfolio-262_mock_giant.jpg","width":2048,"height":2048},{"@type":"BreadcrumbList","@id":"https:\/\/www.neural-artistry.com\/shop\/home-garden\/decor\/artwork\/posters-prints-visual-artwork\/fractured-vision-art-poster\/#breadcrumb","itemListElement":[{"@type":"ListItem","position":1,"name":"Home","item":"https:\/\/www.neural-artistry.com\/"},{"@type":"ListItem","position":2,"name":"Wall Art Prints \u2013 Custom Canvas &amp; Unique Posters","item":"https:\/\/www.neural-artistry.com\/"},{"@type":"ListItem","position":3,"name":"Fractured Vision Art Poster"}]},{"@type":"WebSite","@id":"https:\/\/www.neural-artistry.com\/#website","url":"https:\/\/www.neural-artistry.com\/","name":"Neural Artistry","description":"Affiches d&#039;art IA \u2013 Certifi\u00e9es, premium, vendues une seule fois","publisher":{"@id":"https:\/\/www.neural-artistry.com\/#organization"},"potentialAction":[{"@type":"SearchAction","target":{"@type":"EntryPoint","urlTemplate":"https:\/\/www.neural-artistry.com\/?s={search_term_string}"},"query-input":{"@type":"PropertyValueSpecification","valueRequired":true,"valueName":"search_term_string"}}],"inLanguage":"fr-FR"},{"@type":"Organization","@id":"https:\/\/www.neural-artistry.com\/#organization","name":"Neural Artistry","url":"https:\/\/www.neural-artistry.com\/","logo":{"@type":"ImageObject","inLanguage":"fr-FR","@id":"https:\/\/www.neural-artistry.com\/#\/schema\/logo\/image\/","url":"https:\/\/www.neural-artistry.com\/wp-content\/uploads\/2025\/08\/Web-Black-logo-no-background-scaled.webp","contentUrl":"https:\/\/www.neural-artistry.com\/wp-content\/uploads\/2025\/08\/Web-Black-logo-no-background-scaled.webp","width":2560,"height":976,"caption":"Neural Artistry"},"image":{"@id":"https:\/\/www.neural-artistry.com\/#\/schema\/logo\/image\/"}}]}},"uagb_featured_image_src":{"full":["https:\/\/www.neural-artistry.com\/wp-content\/uploads\/2025\/02\/neural-artistry-portfolio-262_mock_giant.jpg",2048,2048,false],"thumbnail":["https:\/\/www.neural-artistry.com\/wp-content\/uploads\/2025\/02\/neural-artistry-portfolio-262_mock_giant-150x150.jpg",150,150,true],"medium":["https:\/\/www.neural-artistry.com\/wp-content\/uploads\/2025\/02\/neural-artistry-portfolio-262_mock_giant-300x300.jpg",300,300,true],"medium_large":["https:\/\/www.neural-artistry.com\/wp-content\/uploads\/2025\/02\/neural-artistry-portfolio-262_mock_giant-768x768.jpg",768,768,true],"large":["https:\/\/www.neural-artistry.com\/wp-content\/uploads\/2025\/02\/neural-artistry-portfolio-262_mock_giant-1024x1024.jpg",1024,1024,true],"1536x1536":["https:\/\/www.neural-artistry.com\/wp-content\/uploads\/2025\/02\/neural-artistry-portfolio-262_mock_giant-1536x1536.jpg",1536,1536,true],"2048x2048":["https:\/\/www.neural-artistry.com\/wp-content\/uploads\/2025\/02\/neural-artistry-portfolio-262_mock_giant.jpg",2048,2048,false],"trp-custom-language-flag":["https:\/\/www.neural-artistry.com\/wp-content\/uploads\/2025\/02\/neural-artistry-portfolio-262_mock_giant-12x12.jpg",12,12,true],"woocommerce_thumbnail":["https:\/\/www.neural-artistry.com\/wp-content\/uploads\/2025\/02\/neural-artistry-portfolio-262_mock_giant-450x450.jpg",450,450,true],"woocommerce_single":["https:\/\/www.neural-artistry.com\/wp-content\/uploads\/2025\/02\/neural-artistry-portfolio-262_mock_giant-600x600.jpg",600,600,true],"woocommerce_gallery_thumbnail":["https:\/\/www.neural-artistry.com\/wp-content\/uploads\/2025\/02\/neural-artistry-portfolio-262_mock_giant-100x100.jpg",100,100,true]},"uagb_author_info":{"display_name":"flake","author_link":"https:\/\/www.neural-artistry.com\/fr\/author\/"},"uagb_comment_info":0,"uagb_excerpt":"A striking fusion of surrealism and glitch art, this portrait pulses with vibrant motion and mystery. Printed on Hahnem\u00fchle FineArt paper with UltraChrome Pro inks, this exclusive art print offers unmatched depth and detail for a futuristic, otherworldly ambiance.","_links":{"self":[{"href":"https:\/\/www.neural-artistry.com\/fr\/wp-json\/wp\/v2\/product\/11398","targetHints":{"allow":["GET"]}}],"collection":[{"href":"https:\/\/www.neural-artistry.com\/fr\/wp-json\/wp\/v2\/product"}],"about":[{"href":"https:\/\/www.neural-artistry.com\/fr\/wp-json\/wp\/v2\/types\/product"}],"replies":[{"embeddable":true,"href":"https:\/\/www.neural-artistry.com\/fr\/wp-json\/wp\/v2\/comments?post=11398"}],"wp:featuredmedia":[{"embeddable":true,"href":"https:\/\/www.neural-artistry.com\/fr\/wp-json\/wp\/v2\/media\/10827"}],"wp:attachment":[{"href":"https:\/\/www.neural-artistry.com\/fr\/wp-json\/wp\/v2\/media?parent=11398"}],"wp:term":[{"taxonomy":"product_brand","embeddable":true,"href":"https:\/\/www.neural-artistry.com\/fr\/wp-json\/wp\/v2\/product_brand?post=11398"},{"taxonomy":"product_cat","embeddable":true,"href":"https:\/\/www.neural-artistry.com\/fr\/wp-json\/wp\/v2\/product_cat?post=11398"},{"taxonomy":"product_tag","embeddable":true,"href":"https:\/\/www.neural-artistry.com\/fr\/wp-json\/wp\/v2\/product_tag?post=11398"}],"curies":[{"name":"wp","href":"https:\/\/api.w.org\/{rel}","templated":true}]}}