{"id":11403,"date":"2025-02-13T13:16:51","date_gmt":"2025-02-13T13:16:51","guid":{"rendered":"https:\/\/www.neural-artistry.com\/shop\/uncategorized\/scarlet-reverie-art-poster\/"},"modified":"2025-05-06T13:38:16","modified_gmt":"2025-05-06T13:38:16","slug":"scarlet-reverie-art-poster","status":"publish","type":"product","link":"https:\/\/www.neural-artistry.com\/fr\/shop\/home-garden\/decor\/artwork\/posters-prints-visual-artwork\/scarlet-reverie-art-poster\/","title":{"rendered":"Affiche d&#039;art de Scarlet Reverie"},"content":{"rendered":"<h3 style=\"color: #FAF5E5;\">Surr\u00e9alisme \u00e9th\u00e9r\u00e9 \u2013 Une fusion onirique de la mode et de la nature<\/h3>\n<p style=\"color: #FAF5E5;\">Plongez dans le monde de la beaut\u00e9 surr\u00e9aliste avec ce film \u00e0 couper le souffle <strong>tirage d&#039;art en \u00e9dition limit\u00e9e<\/strong>. Un m\u00e9lange saisissant de <strong>portrait, symbolisme floral et surr\u00e9alisme onirique<\/strong>, cette \u0153uvre captive par son contraste audacieux et son charme \u00e9th\u00e9r\u00e9. Les tons rouges vifs de la tenue du sujet juxtapos\u00e9s \u00e0 des papillons d\u00e9licats et \u00e0 des textures brumeuses cr\u00e9ent une exp\u00e9rience d&#039;un autre monde, parfaite pour les amateurs d&#039;art qui appr\u00e9cient l&#039;expression conceptuelle moderne.<\/p>\n<h3 style=\"color: #FAF5E5;\">Tailles et formats disponibles<\/h3>\n<ul style=\"color: #FAF5E5;\">\n<li>21,00 cm x 27,88 cm<\/li>\n<li>29,70 cm x 39,43 cm<\/li>\n<li>32,90 cm x 43,68 cm<\/li>\n<li>42,00 cm x 55,76 cm<\/li>\n<li>43,00 cm x 57,09 cm<\/li>\n<\/ul>\n<h3 style=\"color: #FAF5E5;\">Un savoir-faire exceptionnel et des mat\u00e9riaux de premi\u00e8re qualit\u00e9<\/h3>\n<p style=\"color: #FAF5E5;\">Chaque impression est m\u00e9ticuleusement r\u00e9alis\u00e9e \u00e0 l&#039;aide <strong>papier Hahnem\u00fchle FineArt de qualit\u00e9 mus\u00e9e<\/strong> combin\u00e9 avec <strong>Encres UltraChrome Pro<\/strong>, garantissant des couleurs vives, des contrastes profonds et une long\u00e9vit\u00e9 archivistique. Que vous choisissiez un <strong>finition mate ou brillante<\/strong>, l&#039;\u0153uvre d&#039;art conserve son \u00e9clat et ses d\u00e9tails, ce qui en fait un ajout intemporel \u00e0 votre espace.<\/p>\n<h3 style=\"color: #FAF5E5;\">Authenticit\u00e9 certifi\u00e9e \u2013 Un objet de collection unique en son genre<\/h3>\n<p style=\"color: #FAF5E5;\">Cette \u0153uvre exclusive fait partie d&#039;une <strong>s\u00e9rie en \u00e9dition limit\u00e9e<\/strong> et est livr\u00e9 avec une signature <strong>Certificat d&#039;authenticit\u00e9<\/strong>Poss\u00e9dez une pi\u00e8ce v\u00e9ritablement unique qui se distingue comme un tr\u00e9sor de collection.<\/p>\n<h3 style=\"color: #FAF5E5;\">Parfait pour n&#039;importe quel espace<\/h3>\n<p style=\"color: #FAF5E5;\">Rehaussez votre d\u00e9cor avec cette \u0153uvre d&#039;art fascinante, id\u00e9ale pour :<\/p>\n<ul style=\"color: #FAF5E5;\">\n<li><strong>Salon:<\/strong> Une pi\u00e8ce audacieuse qui captive l\u2019attention.<\/li>\n<li><strong>Bureau:<\/strong> \u00c9levez votre espace de travail avec une sophistication artistique.<\/li>\n<li><strong>Chambre \u00e0 coucher:<\/strong> Cr\u00e9ez une atmosph\u00e8re r\u00eaveuse et surr\u00e9aliste.<\/li>\n<li><strong>Configuration de jeu\u00a0:<\/strong> Un ajout visuellement frappant aux environnements immersifs.<\/li>\n<\/ul>\n<h3 style=\"color: #FAF5E5;\">Commandez votre affiche exclusive aujourd&#039;hui<\/h3>\n<p style=\"color: #FAF5E5;\">Ne manquez pas l&#039;opportunit\u00e9 de poss\u00e9der ceci <strong>affiche unique de haute qualit\u00e9<\/strong>Que vous soyez un collectionneur d&#039;art, un passionn\u00e9 de surr\u00e9alisme ou \u00e0 la recherche de <strong>cadeau parfait<\/strong>, cette pi\u00e8ce est un incontournable. <strong>Achetez maintenant et transformez votre espace avec une brillance artistique !<\/strong><\/p>","protected":false},"excerpt":{"rendered":"<p>Fusion onirique de la mode et du symbolisme, cette impression d&#039;art surr\u00e9aliste captive par son contraste audacieux et sa beaut\u00e9 \u00e9th\u00e9r\u00e9e. Imprim\u00e9e sur du papier Hahnem\u00fchle FineArt avec des encres UltraChrome Pro, chaque pi\u00e8ce est sign\u00e9e et authentifi\u00e9e pour un chef-d&#039;\u0153uvre v\u00e9ritablement unique en son genre.<\/p>","protected":false},"featured_media":10857,"comment_status":"open","ping_status":"closed","template":"","meta":{"_uag_custom_page_level_css":""},"product_brand":[874],"product_cat":[736,725,1268,731],"product_tag":[1169,915,880,980,901,897,907,908,32,986],"class_list":{"0":"post-11403","1":"product","2":"type-product","3":"status-publish","4":"has-post-thumbnail","6":"product_brand-neural-artistry","7":"product_cat-floral-art","8":"product_cat-portraits","9":"product_cat-posters-prints-visual-artwork","10":"product_cat-surrealism","11":"product_tag-butterflies","12":"product_tag-contrast","13":"product_tag-dreamlike","14":"product_tag-ethereal","15":"product_tag-fashion","16":"product_tag-modern","17":"product_tag-portrait","18":"product_tag-red","19":"product_tag-surrealism","20":"product_tag-symbolism","21":"product_shipping_class-chronopost","22":"pa_finish-type-glossy-finish","23":"pa_finish-type-matte-finish","24":"pa_margins-with","25":"pa_margins-without","26":"pa_medium-technique-digital-collage","27":"pa_medium-technique-layering","28":"pa_medium-technique-photomanipulation","29":"pa_mood-ambiance-dreamy","30":"pa_mood-ambiance-ethereal","31":"pa_mood-ambiance-mystical","32":"pa_mood-ambiance-surreal","33":"pa_mood-ambiance-whimsical","34":"pa_orientation-portrait","35":"pa_size-21-00cmx27-88cm","36":"pa_size-29-70cmx39-43cm","37":"pa_size-32-90cmx43-68cm","38":"pa_size-42-00cmx55-76cm","39":"pa_size-43-00cmx57-09cm","40":"pa_style-movement-concept-art","41":"pa_style-movement-expressionism","42":"pa_style-movement-surrealism","44":"first","45":"instock","46":"sold-individually","47":"taxable","48":"shipping-taxable","49":"purchasable","50":"product-type-variable","51":"has-default-attributes"},"yoast_head":"<!-- This site is optimized with the Yoast SEO plugin v27.5 - https:\/\/yoast.com\/product\/yoast-seo-wordpress\/ -->\n<title>Scarlet Reverie Art Poster - Neural Artistry<\/title>\n<meta name=\"robots\" content=\"index, follow, max-snippet:-1, max-image-preview:large, max-video-preview:-1\" \/>\n<link rel=\"canonical\" href=\"https:\/\/www.neural-artistry.com\/fr\/shop\/home-garden\/decor\/artwork\/posters-prints-visual-artwork\/scarlet-reverie-art-poster\/\" \/>\n<meta property=\"og:locale\" content=\"fr_FR\" \/>\n<meta property=\"og:type\" content=\"article\" \/>\n<meta property=\"og:title\" content=\"Scarlet Reverie Art Poster - Neural Artistry\" \/>\n<meta property=\"og:description\" content=\"A dreamlike fusion of fashion and symbolism, this surreal art print captivates with bold contrast and ethereal beauty. Printed on Hahnem\u00fchle FineArt paper with UltraChrome Pro inks, each piece is signed and authenticated for a truly one-of-a-kind masterpiece.\" \/>\n<meta property=\"og:url\" content=\"https:\/\/www.neural-artistry.com\/fr\/shop\/home-garden\/decor\/artwork\/posters-prints-visual-artwork\/scarlet-reverie-art-poster\/\" \/>\n<meta property=\"og:site_name\" content=\"Neural Artistry\" \/>\n<meta property=\"article:modified_time\" content=\"2025-05-06T13:38:16+00:00\" \/>\n<meta property=\"og:image\" content=\"https:\/\/www.neural-artistry.com\/wp-content\/uploads\/2025\/02\/neural-artistry-portfolio-267_mock_giant.jpg\" \/>\n\t<meta property=\"og:image:width\" content=\"2048\" \/>\n\t<meta property=\"og:image:height\" content=\"2048\" \/>\n\t<meta property=\"og:image:type\" content=\"image\/jpeg\" \/>\n<meta name=\"twitter:card\" content=\"summary_large_image\" \/>\n<meta name=\"twitter:label1\" content=\"Dur\u00e9e de lecture estim\u00e9e\" \/>\n\t<meta name=\"twitter:data1\" content=\"1 minute\" \/>\n<script type=\"application\/ld+json\" class=\"yoast-schema-graph\">{\"@context\":\"https:\\\/\\\/schema.org\",\"@graph\":[{\"@type\":\"WebPage\",\"@id\":\"https:\\\/\\\/www.neural-artistry.com\\\/shop\\\/home-garden\\\/decor\\\/artwork\\\/posters-prints-visual-artwork\\\/scarlet-reverie-art-poster\\\/\",\"url\":\"https:\\\/\\\/www.neural-artistry.com\\\/shop\\\/home-garden\\\/decor\\\/artwork\\\/posters-prints-visual-artwork\\\/scarlet-reverie-art-poster\\\/\",\"name\":\"Scarlet Reverie Art Poster - Neural Artistry\",\"isPartOf\":{\"@id\":\"https:\\\/\\\/www.neural-artistry.com\\\/#website\"},\"primaryImageOfPage\":{\"@id\":\"https:\\\/\\\/www.neural-artistry.com\\\/shop\\\/home-garden\\\/decor\\\/artwork\\\/posters-prints-visual-artwork\\\/scarlet-reverie-art-poster\\\/#primaryimage\"},\"image\":{\"@id\":\"https:\\\/\\\/www.neural-artistry.com\\\/shop\\\/home-garden\\\/decor\\\/artwork\\\/posters-prints-visual-artwork\\\/scarlet-reverie-art-poster\\\/#primaryimage\"},\"thumbnailUrl\":\"https:\\\/\\\/www.neural-artistry.com\\\/wp-content\\\/uploads\\\/2025\\\/02\\\/neural-artistry-portfolio-267_mock_giant.jpg\",\"datePublished\":\"2025-02-13T13:16:51+00:00\",\"dateModified\":\"2025-05-06T13:38:16+00:00\",\"breadcrumb\":{\"@id\":\"https:\\\/\\\/www.neural-artistry.com\\\/shop\\\/home-garden\\\/decor\\\/artwork\\\/posters-prints-visual-artwork\\\/scarlet-reverie-art-poster\\\/#breadcrumb\"},\"inLanguage\":\"fr-FR\",\"potentialAction\":[{\"@type\":\"ReadAction\",\"target\":[\"https:\\\/\\\/www.neural-artistry.com\\\/shop\\\/home-garden\\\/decor\\\/artwork\\\/posters-prints-visual-artwork\\\/scarlet-reverie-art-poster\\\/\"]}]},{\"@type\":\"ImageObject\",\"inLanguage\":\"fr-FR\",\"@id\":\"https:\\\/\\\/www.neural-artistry.com\\\/shop\\\/home-garden\\\/decor\\\/artwork\\\/posters-prints-visual-artwork\\\/scarlet-reverie-art-poster\\\/#primaryimage\",\"url\":\"https:\\\/\\\/www.neural-artistry.com\\\/wp-content\\\/uploads\\\/2025\\\/02\\\/neural-artistry-portfolio-267_mock_giant.jpg\",\"contentUrl\":\"https:\\\/\\\/www.neural-artistry.com\\\/wp-content\\\/uploads\\\/2025\\\/02\\\/neural-artistry-portfolio-267_mock_giant.jpg\",\"width\":2048,\"height\":2048},{\"@type\":\"BreadcrumbList\",\"@id\":\"https:\\\/\\\/www.neural-artistry.com\\\/shop\\\/home-garden\\\/decor\\\/artwork\\\/posters-prints-visual-artwork\\\/scarlet-reverie-art-poster\\\/#breadcrumb\",\"itemListElement\":[{\"@type\":\"ListItem\",\"position\":1,\"name\":\"Home\",\"item\":\"https:\\\/\\\/www.neural-artistry.com\\\/\"},{\"@type\":\"ListItem\",\"position\":2,\"name\":\"Wall Art Prints \u2013 Custom Canvas &amp; Unique Posters\",\"item\":\"https:\\\/\\\/www.neural-artistry.com\\\/\"},{\"@type\":\"ListItem\",\"position\":3,\"name\":\"Scarlet Reverie Art Poster\"}]},{\"@type\":\"WebSite\",\"@id\":\"https:\\\/\\\/www.neural-artistry.com\\\/#website\",\"url\":\"https:\\\/\\\/www.neural-artistry.com\\\/\",\"name\":\"Neural Artistry\",\"description\":\"AI Art Posters \u2013 Certified, Premium, Sold Only Once\",\"publisher\":{\"@id\":\"https:\\\/\\\/www.neural-artistry.com\\\/#organization\"},\"potentialAction\":[{\"@type\":\"SearchAction\",\"target\":{\"@type\":\"EntryPoint\",\"urlTemplate\":\"https:\\\/\\\/www.neural-artistry.com\\\/?s={search_term_string}\"},\"query-input\":{\"@type\":\"PropertyValueSpecification\",\"valueRequired\":true,\"valueName\":\"search_term_string\"}}],\"inLanguage\":\"fr-FR\"},{\"@type\":\"Organization\",\"@id\":\"https:\\\/\\\/www.neural-artistry.com\\\/#organization\",\"name\":\"Neural Artistry\",\"url\":\"https:\\\/\\\/www.neural-artistry.com\\\/\",\"logo\":{\"@type\":\"ImageObject\",\"inLanguage\":\"fr-FR\",\"@id\":\"https:\\\/\\\/www.neural-artistry.com\\\/#\\\/schema\\\/logo\\\/image\\\/\",\"url\":\"https:\\\/\\\/www.neural-artistry.com\\\/wp-content\\\/uploads\\\/2025\\\/08\\\/Web-Black-logo-no-background-scaled.webp\",\"contentUrl\":\"https:\\\/\\\/www.neural-artistry.com\\\/wp-content\\\/uploads\\\/2025\\\/08\\\/Web-Black-logo-no-background-scaled.webp\",\"width\":2560,\"height\":976,\"caption\":\"Neural Artistry\"},\"image\":{\"@id\":\"https:\\\/\\\/www.neural-artistry.com\\\/#\\\/schema\\\/logo\\\/image\\\/\"}}]}<\/script>\n<!-- \/ Yoast SEO plugin. -->","yoast_head_json":{"title":"Scarlet Reverie Art Poster - Neural Artistry","robots":{"index":"index","follow":"follow","max-snippet":"max-snippet:-1","max-image-preview":"max-image-preview:large","max-video-preview":"max-video-preview:-1"},"canonical":"https:\/\/www.neural-artistry.com\/fr\/shop\/home-garden\/decor\/artwork\/posters-prints-visual-artwork\/scarlet-reverie-art-poster\/","og_locale":"fr_FR","og_type":"article","og_title":"Scarlet Reverie Art Poster - Neural Artistry","og_description":"A dreamlike fusion of fashion and symbolism, this surreal art print captivates with bold contrast and ethereal beauty. Printed on Hahnem\u00fchle FineArt paper with UltraChrome Pro inks, each piece is signed and authenticated for a truly one-of-a-kind masterpiece.","og_url":"https:\/\/www.neural-artistry.com\/fr\/shop\/home-garden\/decor\/artwork\/posters-prints-visual-artwork\/scarlet-reverie-art-poster\/","og_site_name":"Neural Artistry","article_modified_time":"2025-05-06T13:38:16+00:00","og_image":[{"width":2048,"height":2048,"url":"https:\/\/www.neural-artistry.com\/wp-content\/uploads\/2025\/02\/neural-artistry-portfolio-267_mock_giant.jpg","type":"image\/jpeg"}],"twitter_card":"summary_large_image","twitter_misc":{"Dur\u00e9e de lecture estim\u00e9e":"1 minute"},"schema":{"@context":"https:\/\/schema.org","@graph":[{"@type":"WebPage","@id":"https:\/\/www.neural-artistry.com\/shop\/home-garden\/decor\/artwork\/posters-prints-visual-artwork\/scarlet-reverie-art-poster\/","url":"https:\/\/www.neural-artistry.com\/shop\/home-garden\/decor\/artwork\/posters-prints-visual-artwork\/scarlet-reverie-art-poster\/","name":"Scarlet Reverie Art Poster - Neural Artistry","isPartOf":{"@id":"https:\/\/www.neural-artistry.com\/#website"},"primaryImageOfPage":{"@id":"https:\/\/www.neural-artistry.com\/shop\/home-garden\/decor\/artwork\/posters-prints-visual-artwork\/scarlet-reverie-art-poster\/#primaryimage"},"image":{"@id":"https:\/\/www.neural-artistry.com\/shop\/home-garden\/decor\/artwork\/posters-prints-visual-artwork\/scarlet-reverie-art-poster\/#primaryimage"},"thumbnailUrl":"https:\/\/www.neural-artistry.com\/wp-content\/uploads\/2025\/02\/neural-artistry-portfolio-267_mock_giant.jpg","datePublished":"2025-02-13T13:16:51+00:00","dateModified":"2025-05-06T13:38:16+00:00","breadcrumb":{"@id":"https:\/\/www.neural-artistry.com\/shop\/home-garden\/decor\/artwork\/posters-prints-visual-artwork\/scarlet-reverie-art-poster\/#breadcrumb"},"inLanguage":"fr-FR","potentialAction":[{"@type":"ReadAction","target":["https:\/\/www.neural-artistry.com\/shop\/home-garden\/decor\/artwork\/posters-prints-visual-artwork\/scarlet-reverie-art-poster\/"]}]},{"@type":"ImageObject","inLanguage":"fr-FR","@id":"https:\/\/www.neural-artistry.com\/shop\/home-garden\/decor\/artwork\/posters-prints-visual-artwork\/scarlet-reverie-art-poster\/#primaryimage","url":"https:\/\/www.neural-artistry.com\/wp-content\/uploads\/2025\/02\/neural-artistry-portfolio-267_mock_giant.jpg","contentUrl":"https:\/\/www.neural-artistry.com\/wp-content\/uploads\/2025\/02\/neural-artistry-portfolio-267_mock_giant.jpg","width":2048,"height":2048},{"@type":"BreadcrumbList","@id":"https:\/\/www.neural-artistry.com\/shop\/home-garden\/decor\/artwork\/posters-prints-visual-artwork\/scarlet-reverie-art-poster\/#breadcrumb","itemListElement":[{"@type":"ListItem","position":1,"name":"Home","item":"https:\/\/www.neural-artistry.com\/"},{"@type":"ListItem","position":2,"name":"Wall Art Prints \u2013 Custom Canvas &amp; Unique Posters","item":"https:\/\/www.neural-artistry.com\/"},{"@type":"ListItem","position":3,"name":"Scarlet Reverie Art Poster"}]},{"@type":"WebSite","@id":"https:\/\/www.neural-artistry.com\/#website","url":"https:\/\/www.neural-artistry.com\/","name":"Neural Artistry","description":"Affiches d&#039;art IA \u2013 Certifi\u00e9es, premium, vendues une seule fois","publisher":{"@id":"https:\/\/www.neural-artistry.com\/#organization"},"potentialAction":[{"@type":"SearchAction","target":{"@type":"EntryPoint","urlTemplate":"https:\/\/www.neural-artistry.com\/?s={search_term_string}"},"query-input":{"@type":"PropertyValueSpecification","valueRequired":true,"valueName":"search_term_string"}}],"inLanguage":"fr-FR"},{"@type":"Organization","@id":"https:\/\/www.neural-artistry.com\/#organization","name":"Neural Artistry","url":"https:\/\/www.neural-artistry.com\/","logo":{"@type":"ImageObject","inLanguage":"fr-FR","@id":"https:\/\/www.neural-artistry.com\/#\/schema\/logo\/image\/","url":"https:\/\/www.neural-artistry.com\/wp-content\/uploads\/2025\/08\/Web-Black-logo-no-background-scaled.webp","contentUrl":"https:\/\/www.neural-artistry.com\/wp-content\/uploads\/2025\/08\/Web-Black-logo-no-background-scaled.webp","width":2560,"height":976,"caption":"Neural Artistry"},"image":{"@id":"https:\/\/www.neural-artistry.com\/#\/schema\/logo\/image\/"}}]}},"uagb_featured_image_src":{"full":["https:\/\/www.neural-artistry.com\/wp-content\/uploads\/2025\/02\/neural-artistry-portfolio-267_mock_giant.jpg",2048,2048,false],"thumbnail":["https:\/\/www.neural-artistry.com\/wp-content\/uploads\/2025\/02\/neural-artistry-portfolio-267_mock_giant-150x150.jpg",150,150,true],"medium":["https:\/\/www.neural-artistry.com\/wp-content\/uploads\/2025\/02\/neural-artistry-portfolio-267_mock_giant-300x300.jpg",300,300,true],"medium_large":["https:\/\/www.neural-artistry.com\/wp-content\/uploads\/2025\/02\/neural-artistry-portfolio-267_mock_giant-768x768.jpg",768,768,true],"large":["https:\/\/www.neural-artistry.com\/wp-content\/uploads\/2025\/02\/neural-artistry-portfolio-267_mock_giant-1024x1024.jpg",1024,1024,true],"1536x1536":["https:\/\/www.neural-artistry.com\/wp-content\/uploads\/2025\/02\/neural-artistry-portfolio-267_mock_giant-1536x1536.jpg",1536,1536,true],"2048x2048":["https:\/\/www.neural-artistry.com\/wp-content\/uploads\/2025\/02\/neural-artistry-portfolio-267_mock_giant.jpg",2048,2048,false],"trp-custom-language-flag":["https:\/\/www.neural-artistry.com\/wp-content\/uploads\/2025\/02\/neural-artistry-portfolio-267_mock_giant-12x12.jpg",12,12,true],"woocommerce_thumbnail":["https:\/\/www.neural-artistry.com\/wp-content\/uploads\/2025\/02\/neural-artistry-portfolio-267_mock_giant-450x450.jpg",450,450,true],"woocommerce_single":["https:\/\/www.neural-artistry.com\/wp-content\/uploads\/2025\/02\/neural-artistry-portfolio-267_mock_giant-600x600.jpg",600,600,true],"woocommerce_gallery_thumbnail":["https:\/\/www.neural-artistry.com\/wp-content\/uploads\/2025\/02\/neural-artistry-portfolio-267_mock_giant-100x100.jpg",100,100,true]},"uagb_author_info":{"display_name":"flake","author_link":"https:\/\/www.neural-artistry.com\/fr\/author\/"},"uagb_comment_info":0,"uagb_excerpt":"A dreamlike fusion of fashion and symbolism, this surreal art print captivates with bold contrast and ethereal beauty. Printed on Hahnem\u00fchle FineArt paper with UltraChrome Pro inks, each piece is signed and authenticated for a truly one-of-a-kind masterpiece.","_links":{"self":[{"href":"https:\/\/www.neural-artistry.com\/fr\/wp-json\/wp\/v2\/product\/11403","targetHints":{"allow":["GET"]}}],"collection":[{"href":"https:\/\/www.neural-artistry.com\/fr\/wp-json\/wp\/v2\/product"}],"about":[{"href":"https:\/\/www.neural-artistry.com\/fr\/wp-json\/wp\/v2\/types\/product"}],"replies":[{"embeddable":true,"href":"https:\/\/www.neural-artistry.com\/fr\/wp-json\/wp\/v2\/comments?post=11403"}],"wp:featuredmedia":[{"embeddable":true,"href":"https:\/\/www.neural-artistry.com\/fr\/wp-json\/wp\/v2\/media\/10857"}],"wp:attachment":[{"href":"https:\/\/www.neural-artistry.com\/fr\/wp-json\/wp\/v2\/media?parent=11403"}],"wp:term":[{"taxonomy":"product_brand","embeddable":true,"href":"https:\/\/www.neural-artistry.com\/fr\/wp-json\/wp\/v2\/product_brand?post=11403"},{"taxonomy":"product_cat","embeddable":true,"href":"https:\/\/www.neural-artistry.com\/fr\/wp-json\/wp\/v2\/product_cat?post=11403"},{"taxonomy":"product_tag","embeddable":true,"href":"https:\/\/www.neural-artistry.com\/fr\/wp-json\/wp\/v2\/product_tag?post=11403"}],"curies":[{"name":"wp","href":"https:\/\/api.w.org\/{rel}","templated":true}]}}