{"id":11408,"date":"2025-02-13T13:17:02","date_gmt":"2025-02-13T13:17:02","guid":{"rendered":"https:\/\/www.neural-artistry.com\/shop\/uncategorized\/fading-through-time-art-print\/"},"modified":"2025-05-06T13:37:46","modified_gmt":"2025-05-06T13:37:46","slug":"fading-through-time-art-print","status":"publish","type":"product","link":"https:\/\/www.neural-artistry.com\/fr\/shop\/home-garden\/decor\/artwork\/posters-prints-visual-artwork\/fading-through-time-art-print\/","title":{"rendered":"Impression d&#039;art Fading Through Time"},"content":{"rendered":"<h3 style=\"color: #FAF5E5;\">Ethereal Motion \u2013 Une exploration surr\u00e9aliste des \u00e9motions<\/h3>\n<p style=\"color: #FAF5E5;\">Entrez dans un monde onirique o\u00f9 mouvement et introspection se m\u00e9langent harmonieusement. <strong>\u00ab Mouvement \u00e9th\u00e9r\u00e9 \u00bb<\/strong> est une affiche surr\u00e9aliste fascinante qui capture l&#039;essence fugace de la solitude et de l&#039;introspection. Avec ses teintes dor\u00e9es chaudes et ses textures superpos\u00e9es, cette \u0153uvre d&#039;art \u00e9voque un sentiment de myst\u00e8re et de profondeur, ce qui en fait un ajout parfait \u00e0 tout espace moderne.<\/p>\n<h3 style=\"color: #FAF5E5;\">Tailles disponibles<\/h3>\n<ul style=\"color: #FAF5E5;\">\n<li>21,00 cm x 27,88 cm<\/li>\n<li>29,70 cm x 39,43 cm<\/li>\n<li>32,90 cm x 43,68 cm<\/li>\n<li>42,00 cm x 55,76 cm<\/li>\n<li>43,00 cm x 57,09 cm<\/li>\n<\/ul>\n<h3 style=\"color: #FAF5E5;\">Fabrication et qualit\u00e9 d&#039;impression haut de gamme<\/h3>\n<p style=\"color: #FAF5E5;\">Chaque impression est r\u00e9alis\u00e9e avec <strong>Papier FineArt Hahnem\u00fchle<\/strong>, garantissant une texture et une long\u00e9vit\u00e9 de qualit\u00e9 mus\u00e9ale. <strong>Encres UltraChrome Pro<\/strong>, cette affiche se vante <strong>Couleurs de qualit\u00e9 archivistique et r\u00e9sistantes \u00e0 la d\u00e9coloration<\/strong> qui conservent leur dynamisme pendant des ann\u00e9es.<\/p>\n<h3 style=\"color: #FAF5E5;\">Certificat d&#039;authenticit\u00e9<\/h3>\n<p style=\"color: #FAF5E5;\">Ce n&#039;est pas seulement une affiche, c&#039;est une <strong>pi\u00e8ce de collection unique en son genre<\/strong>Chaque impression est accompagn\u00e9e d&#039;un <strong>certificat sign\u00e9 et authentifi\u00e9<\/strong>, garantissant son exclusivit\u00e9 et sa valeur pour les collectionneurs et les amateurs d&#039;art.<\/p>\n<h3 style=\"color: #FAF5E5;\">Parfait pour n&#039;importe quel espace<\/h3>\n<p style=\"color: #FAF5E5;\">Que vous cherchiez \u00e0 am\u00e9liorer votre <strong>salon, bureau ou configuration de jeu<\/strong>, ce chef-d&#039;\u0153uvre surr\u00e9aliste ajoute une touche de sophistication et d&#039;intrigue. <strong>humeur r\u00eaveuse et \u00e9th\u00e9r\u00e9e<\/strong> en fait un point focal captivant dans n&#039;importe quelle d\u00e9coration int\u00e9rieure.<\/p>\n<h3 style=\"color: #FAF5E5;\">Options de finition mate ou brillante<\/h3>\n<p style=\"color: #FAF5E5;\">Choisissez entre un <strong>finition mate de qualit\u00e9 sup\u00e9rieure<\/strong> pour un look doux et raffin\u00e9 ou un <strong>finition brillante<\/strong> pour une vivacit\u00e9 et une profondeur accrues.<\/p>\n<h3 style=\"color: #FAF5E5;\">Pourquoi choisir cette affiche exclusive ?<\/h3>\n<ul style=\"color: #FAF5E5;\">\n<li><strong>\u00c9dition limit\u00e9e :<\/strong> Pi\u00e8ce unique, sign\u00e9e et authentifi\u00e9e.<\/li>\n<li><strong>Mat\u00e9riaux de qualit\u00e9 sup\u00e9rieure :<\/strong> Papier Hahnem\u00fchle FineArt + encres UltraChrome Pro.<\/li>\n<li><strong>Emplacement polyvalent :<\/strong> Id\u00e9al pour la maison, le bureau ou les espaces cr\u00e9atifs.<\/li>\n<li><strong>Cadeau parfait :<\/strong> Un cadeau unique et artistique pour les collectionneurs et les amateurs d&#039;art.<\/li>\n<\/ul>\n<h3 style=\"color: #FAF5E5;\">Commandez le v\u00f4tre aujourd&#039;hui<\/h3>\n<p style=\"color: #FAF5E5;\">Transformez votre espace avec ceci <strong>affiche imprim\u00e9e exclusive et de haute qualit\u00e9<\/strong>Rehaussez votre d\u00e9cor avec une pi\u00e8ce qui parle d\u2019\u00e9motion, de mouvement et d\u2019introspection. <strong>Acheter maintenant<\/strong> et poss\u00e9dez une \u0153uvre d\u2019art v\u00e9ritablement unique.<\/p>","protected":false},"excerpt":{"rendered":"<p>Laissez-vous emporter par un \u00e9tat onirique avec cette impression d&#039;art surr\u00e9aliste, o\u00f9 les teintes dor\u00e9es et le mouvement fluide \u00e9voquent une profonde introspection. Imprim\u00e9e sur du papier Hahnem\u00fchle FineArt avec des encres UltraChrome Pro, cette \u0153uvre sign\u00e9e et authentifi\u00e9e transforme n&#039;importe quel espace par sa pr\u00e9sence \u00e9th\u00e9r\u00e9e.<\/p>","protected":false},"featured_media":10887,"comment_status":"open","ping_status":"closed","template":"","meta":{"_uag_custom_page_level_css":""},"product_brand":[874],"product_cat":[724,743,1268,731],"product_tag":[932,880,980,1172,1126,981,1092,1009,32,1067],"class_list":{"0":"post-11408","1":"product","2":"type-product","3":"status-publish","4":"has-post-thumbnail","6":"product_brand-neural-artistry","7":"product_cat-abstract-forms","8":"product_cat-human-emotions","9":"product_cat-posters-prints-visual-artwork","10":"product_cat-surrealism","11":"product_tag-abstract","12":"product_tag-dreamlike","13":"product_tag-ethereal","14":"product_tag-goldenhue","15":"product_tag-introspection","16":"product_tag-modernart","17":"product_tag-motionblur","18":"product_tag-solitude","19":"product_tag-surrealism","20":"product_tag-warmtones","21":"product_shipping_class-chronopost","22":"pa_finish-type-glossy-finish","23":"pa_finish-type-matte-finish","24":"pa_margins-with","25":"pa_margins-without","26":"pa_medium-technique-layering","27":"pa_medium-technique-photomanipulation","28":"pa_medium-technique-texturing","29":"pa_mood-ambiance-dreamy","30":"pa_mood-ambiance-ethereal","31":"pa_mood-ambiance-mysterious","32":"pa_orientation-portrait","33":"pa_size-21-00cmx27-88cm","34":"pa_size-29-70cmx39-43cm","35":"pa_size-32-90cmx43-68cm","36":"pa_size-42-00cmx55-76cm","37":"pa_size-43-00cmx57-09cm","38":"pa_style-movement-expressionism","39":"pa_style-movement-surrealism","41":"first","42":"instock","43":"sold-individually","44":"taxable","45":"shipping-taxable","46":"purchasable","47":"product-type-variable","48":"has-default-attributes"},"yoast_head":"<!-- This site is optimized with the Yoast SEO plugin v27.5 - https:\/\/yoast.com\/product\/yoast-seo-wordpress\/ -->\n<title>Fading Through Time Art Print - Neural Artistry<\/title>\n<meta name=\"robots\" content=\"index, follow, max-snippet:-1, max-image-preview:large, max-video-preview:-1\" \/>\n<link rel=\"canonical\" href=\"https:\/\/www.neural-artistry.com\/fr\/shop\/home-garden\/decor\/artwork\/posters-prints-visual-artwork\/fading-through-time-art-print\/\" \/>\n<meta property=\"og:locale\" content=\"fr_FR\" \/>\n<meta property=\"og:type\" content=\"article\" \/>\n<meta property=\"og:title\" content=\"Fading Through Time Art Print - Neural Artistry\" \/>\n<meta property=\"og:description\" content=\"Drift into a dreamlike state with this surreal art print, where golden hues and fluid motion evoke deep introspection. Printed on Hahnem\u00fchle FineArt paper with UltraChrome Pro inks, this signed and authenticated piece transforms any space with its ethereal presence.\" \/>\n<meta property=\"og:url\" content=\"https:\/\/www.neural-artistry.com\/fr\/shop\/home-garden\/decor\/artwork\/posters-prints-visual-artwork\/fading-through-time-art-print\/\" \/>\n<meta property=\"og:site_name\" content=\"Neural Artistry\" \/>\n<meta property=\"article:modified_time\" content=\"2025-05-06T13:37:46+00:00\" \/>\n<meta property=\"og:image\" content=\"https:\/\/www.neural-artistry.com\/wp-content\/uploads\/2025\/02\/neural-artistry-portfolio-272_mock_giant.jpg\" \/>\n\t<meta property=\"og:image:width\" content=\"2048\" \/>\n\t<meta property=\"og:image:height\" content=\"2048\" \/>\n\t<meta property=\"og:image:type\" content=\"image\/jpeg\" \/>\n<meta name=\"twitter:card\" content=\"summary_large_image\" \/>\n<meta name=\"twitter:label1\" content=\"Dur\u00e9e de lecture estim\u00e9e\" \/>\n\t<meta name=\"twitter:data1\" content=\"1 minute\" \/>\n<script type=\"application\/ld+json\" class=\"yoast-schema-graph\">{\"@context\":\"https:\\\/\\\/schema.org\",\"@graph\":[{\"@type\":\"WebPage\",\"@id\":\"https:\\\/\\\/www.neural-artistry.com\\\/shop\\\/home-garden\\\/decor\\\/artwork\\\/posters-prints-visual-artwork\\\/fading-through-time-art-print\\\/\",\"url\":\"https:\\\/\\\/www.neural-artistry.com\\\/shop\\\/home-garden\\\/decor\\\/artwork\\\/posters-prints-visual-artwork\\\/fading-through-time-art-print\\\/\",\"name\":\"Fading Through Time Art Print - Neural Artistry\",\"isPartOf\":{\"@id\":\"https:\\\/\\\/www.neural-artistry.com\\\/#website\"},\"primaryImageOfPage\":{\"@id\":\"https:\\\/\\\/www.neural-artistry.com\\\/shop\\\/home-garden\\\/decor\\\/artwork\\\/posters-prints-visual-artwork\\\/fading-through-time-art-print\\\/#primaryimage\"},\"image\":{\"@id\":\"https:\\\/\\\/www.neural-artistry.com\\\/shop\\\/home-garden\\\/decor\\\/artwork\\\/posters-prints-visual-artwork\\\/fading-through-time-art-print\\\/#primaryimage\"},\"thumbnailUrl\":\"https:\\\/\\\/www.neural-artistry.com\\\/wp-content\\\/uploads\\\/2025\\\/02\\\/neural-artistry-portfolio-272_mock_giant.jpg\",\"datePublished\":\"2025-02-13T13:17:02+00:00\",\"dateModified\":\"2025-05-06T13:37:46+00:00\",\"breadcrumb\":{\"@id\":\"https:\\\/\\\/www.neural-artistry.com\\\/shop\\\/home-garden\\\/decor\\\/artwork\\\/posters-prints-visual-artwork\\\/fading-through-time-art-print\\\/#breadcrumb\"},\"inLanguage\":\"fr-FR\",\"potentialAction\":[{\"@type\":\"ReadAction\",\"target\":[\"https:\\\/\\\/www.neural-artistry.com\\\/shop\\\/home-garden\\\/decor\\\/artwork\\\/posters-prints-visual-artwork\\\/fading-through-time-art-print\\\/\"]}]},{\"@type\":\"ImageObject\",\"inLanguage\":\"fr-FR\",\"@id\":\"https:\\\/\\\/www.neural-artistry.com\\\/shop\\\/home-garden\\\/decor\\\/artwork\\\/posters-prints-visual-artwork\\\/fading-through-time-art-print\\\/#primaryimage\",\"url\":\"https:\\\/\\\/www.neural-artistry.com\\\/wp-content\\\/uploads\\\/2025\\\/02\\\/neural-artistry-portfolio-272_mock_giant.jpg\",\"contentUrl\":\"https:\\\/\\\/www.neural-artistry.com\\\/wp-content\\\/uploads\\\/2025\\\/02\\\/neural-artistry-portfolio-272_mock_giant.jpg\",\"width\":2048,\"height\":2048},{\"@type\":\"BreadcrumbList\",\"@id\":\"https:\\\/\\\/www.neural-artistry.com\\\/shop\\\/home-garden\\\/decor\\\/artwork\\\/posters-prints-visual-artwork\\\/fading-through-time-art-print\\\/#breadcrumb\",\"itemListElement\":[{\"@type\":\"ListItem\",\"position\":1,\"name\":\"Home\",\"item\":\"https:\\\/\\\/www.neural-artistry.com\\\/\"},{\"@type\":\"ListItem\",\"position\":2,\"name\":\"Wall Art Prints \u2013 Custom Canvas &amp; Unique Posters\",\"item\":\"https:\\\/\\\/www.neural-artistry.com\\\/\"},{\"@type\":\"ListItem\",\"position\":3,\"name\":\"Fading Through Time Art Print\"}]},{\"@type\":\"WebSite\",\"@id\":\"https:\\\/\\\/www.neural-artistry.com\\\/#website\",\"url\":\"https:\\\/\\\/www.neural-artistry.com\\\/\",\"name\":\"Neural Artistry\",\"description\":\"AI Art Posters \u2013 Certified, Premium, Sold Only Once\",\"publisher\":{\"@id\":\"https:\\\/\\\/www.neural-artistry.com\\\/#organization\"},\"potentialAction\":[{\"@type\":\"SearchAction\",\"target\":{\"@type\":\"EntryPoint\",\"urlTemplate\":\"https:\\\/\\\/www.neural-artistry.com\\\/?s={search_term_string}\"},\"query-input\":{\"@type\":\"PropertyValueSpecification\",\"valueRequired\":true,\"valueName\":\"search_term_string\"}}],\"inLanguage\":\"fr-FR\"},{\"@type\":\"Organization\",\"@id\":\"https:\\\/\\\/www.neural-artistry.com\\\/#organization\",\"name\":\"Neural Artistry\",\"url\":\"https:\\\/\\\/www.neural-artistry.com\\\/\",\"logo\":{\"@type\":\"ImageObject\",\"inLanguage\":\"fr-FR\",\"@id\":\"https:\\\/\\\/www.neural-artistry.com\\\/#\\\/schema\\\/logo\\\/image\\\/\",\"url\":\"https:\\\/\\\/www.neural-artistry.com\\\/wp-content\\\/uploads\\\/2025\\\/08\\\/Web-Black-logo-no-background-scaled.webp\",\"contentUrl\":\"https:\\\/\\\/www.neural-artistry.com\\\/wp-content\\\/uploads\\\/2025\\\/08\\\/Web-Black-logo-no-background-scaled.webp\",\"width\":2560,\"height\":976,\"caption\":\"Neural Artistry\"},\"image\":{\"@id\":\"https:\\\/\\\/www.neural-artistry.com\\\/#\\\/schema\\\/logo\\\/image\\\/\"}}]}<\/script>\n<!-- \/ Yoast SEO plugin. -->","yoast_head_json":{"title":"Fading Through Time Art Print - Neural Artistry","robots":{"index":"index","follow":"follow","max-snippet":"max-snippet:-1","max-image-preview":"max-image-preview:large","max-video-preview":"max-video-preview:-1"},"canonical":"https:\/\/www.neural-artistry.com\/fr\/shop\/home-garden\/decor\/artwork\/posters-prints-visual-artwork\/fading-through-time-art-print\/","og_locale":"fr_FR","og_type":"article","og_title":"Fading Through Time Art Print - Neural Artistry","og_description":"Drift into a dreamlike state with this surreal art print, where golden hues and fluid motion evoke deep introspection. Printed on Hahnem\u00fchle FineArt paper with UltraChrome Pro inks, this signed and authenticated piece transforms any space with its ethereal presence.","og_url":"https:\/\/www.neural-artistry.com\/fr\/shop\/home-garden\/decor\/artwork\/posters-prints-visual-artwork\/fading-through-time-art-print\/","og_site_name":"Neural Artistry","article_modified_time":"2025-05-06T13:37:46+00:00","og_image":[{"width":2048,"height":2048,"url":"https:\/\/www.neural-artistry.com\/wp-content\/uploads\/2025\/02\/neural-artistry-portfolio-272_mock_giant.jpg","type":"image\/jpeg"}],"twitter_card":"summary_large_image","twitter_misc":{"Dur\u00e9e de lecture estim\u00e9e":"1 minute"},"schema":{"@context":"https:\/\/schema.org","@graph":[{"@type":"WebPage","@id":"https:\/\/www.neural-artistry.com\/shop\/home-garden\/decor\/artwork\/posters-prints-visual-artwork\/fading-through-time-art-print\/","url":"https:\/\/www.neural-artistry.com\/shop\/home-garden\/decor\/artwork\/posters-prints-visual-artwork\/fading-through-time-art-print\/","name":"Fading Through Time Art Print - Neural Artistry","isPartOf":{"@id":"https:\/\/www.neural-artistry.com\/#website"},"primaryImageOfPage":{"@id":"https:\/\/www.neural-artistry.com\/shop\/home-garden\/decor\/artwork\/posters-prints-visual-artwork\/fading-through-time-art-print\/#primaryimage"},"image":{"@id":"https:\/\/www.neural-artistry.com\/shop\/home-garden\/decor\/artwork\/posters-prints-visual-artwork\/fading-through-time-art-print\/#primaryimage"},"thumbnailUrl":"https:\/\/www.neural-artistry.com\/wp-content\/uploads\/2025\/02\/neural-artistry-portfolio-272_mock_giant.jpg","datePublished":"2025-02-13T13:17:02+00:00","dateModified":"2025-05-06T13:37:46+00:00","breadcrumb":{"@id":"https:\/\/www.neural-artistry.com\/shop\/home-garden\/decor\/artwork\/posters-prints-visual-artwork\/fading-through-time-art-print\/#breadcrumb"},"inLanguage":"fr-FR","potentialAction":[{"@type":"ReadAction","target":["https:\/\/www.neural-artistry.com\/shop\/home-garden\/decor\/artwork\/posters-prints-visual-artwork\/fading-through-time-art-print\/"]}]},{"@type":"ImageObject","inLanguage":"fr-FR","@id":"https:\/\/www.neural-artistry.com\/shop\/home-garden\/decor\/artwork\/posters-prints-visual-artwork\/fading-through-time-art-print\/#primaryimage","url":"https:\/\/www.neural-artistry.com\/wp-content\/uploads\/2025\/02\/neural-artistry-portfolio-272_mock_giant.jpg","contentUrl":"https:\/\/www.neural-artistry.com\/wp-content\/uploads\/2025\/02\/neural-artistry-portfolio-272_mock_giant.jpg","width":2048,"height":2048},{"@type":"BreadcrumbList","@id":"https:\/\/www.neural-artistry.com\/shop\/home-garden\/decor\/artwork\/posters-prints-visual-artwork\/fading-through-time-art-print\/#breadcrumb","itemListElement":[{"@type":"ListItem","position":1,"name":"Home","item":"https:\/\/www.neural-artistry.com\/"},{"@type":"ListItem","position":2,"name":"Wall Art Prints \u2013 Custom Canvas &amp; Unique Posters","item":"https:\/\/www.neural-artistry.com\/"},{"@type":"ListItem","position":3,"name":"Fading Through Time Art Print"}]},{"@type":"WebSite","@id":"https:\/\/www.neural-artistry.com\/#website","url":"https:\/\/www.neural-artistry.com\/","name":"Neural Artistry","description":"Affiches d&#039;art IA \u2013 Certifi\u00e9es, premium, vendues une seule fois","publisher":{"@id":"https:\/\/www.neural-artistry.com\/#organization"},"potentialAction":[{"@type":"SearchAction","target":{"@type":"EntryPoint","urlTemplate":"https:\/\/www.neural-artistry.com\/?s={search_term_string}"},"query-input":{"@type":"PropertyValueSpecification","valueRequired":true,"valueName":"search_term_string"}}],"inLanguage":"fr-FR"},{"@type":"Organization","@id":"https:\/\/www.neural-artistry.com\/#organization","name":"Neural Artistry","url":"https:\/\/www.neural-artistry.com\/","logo":{"@type":"ImageObject","inLanguage":"fr-FR","@id":"https:\/\/www.neural-artistry.com\/#\/schema\/logo\/image\/","url":"https:\/\/www.neural-artistry.com\/wp-content\/uploads\/2025\/08\/Web-Black-logo-no-background-scaled.webp","contentUrl":"https:\/\/www.neural-artistry.com\/wp-content\/uploads\/2025\/08\/Web-Black-logo-no-background-scaled.webp","width":2560,"height":976,"caption":"Neural Artistry"},"image":{"@id":"https:\/\/www.neural-artistry.com\/#\/schema\/logo\/image\/"}}]}},"uagb_featured_image_src":{"full":["https:\/\/www.neural-artistry.com\/wp-content\/uploads\/2025\/02\/neural-artistry-portfolio-272_mock_giant.jpg",2048,2048,false],"thumbnail":["https:\/\/www.neural-artistry.com\/wp-content\/uploads\/2025\/02\/neural-artistry-portfolio-272_mock_giant-150x150.jpg",150,150,true],"medium":["https:\/\/www.neural-artistry.com\/wp-content\/uploads\/2025\/02\/neural-artistry-portfolio-272_mock_giant-300x300.jpg",300,300,true],"medium_large":["https:\/\/www.neural-artistry.com\/wp-content\/uploads\/2025\/02\/neural-artistry-portfolio-272_mock_giant-768x768.jpg",768,768,true],"large":["https:\/\/www.neural-artistry.com\/wp-content\/uploads\/2025\/02\/neural-artistry-portfolio-272_mock_giant-1024x1024.jpg",1024,1024,true],"1536x1536":["https:\/\/www.neural-artistry.com\/wp-content\/uploads\/2025\/02\/neural-artistry-portfolio-272_mock_giant-1536x1536.jpg",1536,1536,true],"2048x2048":["https:\/\/www.neural-artistry.com\/wp-content\/uploads\/2025\/02\/neural-artistry-portfolio-272_mock_giant.jpg",2048,2048,false],"trp-custom-language-flag":["https:\/\/www.neural-artistry.com\/wp-content\/uploads\/2025\/02\/neural-artistry-portfolio-272_mock_giant-12x12.jpg",12,12,true],"woocommerce_thumbnail":["https:\/\/www.neural-artistry.com\/wp-content\/uploads\/2025\/02\/neural-artistry-portfolio-272_mock_giant-450x450.jpg",450,450,true],"woocommerce_single":["https:\/\/www.neural-artistry.com\/wp-content\/uploads\/2025\/02\/neural-artistry-portfolio-272_mock_giant-600x600.jpg",600,600,true],"woocommerce_gallery_thumbnail":["https:\/\/www.neural-artistry.com\/wp-content\/uploads\/2025\/02\/neural-artistry-portfolio-272_mock_giant-100x100.jpg",100,100,true]},"uagb_author_info":{"display_name":"flake","author_link":"https:\/\/www.neural-artistry.com\/fr\/author\/"},"uagb_comment_info":0,"uagb_excerpt":"Drift into a dreamlike state with this surreal art print, where golden hues and fluid motion evoke deep introspection. Printed on Hahnem\u00fchle FineArt paper with UltraChrome Pro inks, this signed and authenticated piece transforms any space with its ethereal presence.","_links":{"self":[{"href":"https:\/\/www.neural-artistry.com\/fr\/wp-json\/wp\/v2\/product\/11408","targetHints":{"allow":["GET"]}}],"collection":[{"href":"https:\/\/www.neural-artistry.com\/fr\/wp-json\/wp\/v2\/product"}],"about":[{"href":"https:\/\/www.neural-artistry.com\/fr\/wp-json\/wp\/v2\/types\/product"}],"replies":[{"embeddable":true,"href":"https:\/\/www.neural-artistry.com\/fr\/wp-json\/wp\/v2\/comments?post=11408"}],"wp:featuredmedia":[{"embeddable":true,"href":"https:\/\/www.neural-artistry.com\/fr\/wp-json\/wp\/v2\/media\/10887"}],"wp:attachment":[{"href":"https:\/\/www.neural-artistry.com\/fr\/wp-json\/wp\/v2\/media?parent=11408"}],"wp:term":[{"taxonomy":"product_brand","embeddable":true,"href":"https:\/\/www.neural-artistry.com\/fr\/wp-json\/wp\/v2\/product_brand?post=11408"},{"taxonomy":"product_cat","embeddable":true,"href":"https:\/\/www.neural-artistry.com\/fr\/wp-json\/wp\/v2\/product_cat?post=11408"},{"taxonomy":"product_tag","embeddable":true,"href":"https:\/\/www.neural-artistry.com\/fr\/wp-json\/wp\/v2\/product_tag?post=11408"}],"curies":[{"name":"wp","href":"https:\/\/api.w.org\/{rel}","templated":true}]}}