{"id":11410,"date":"2025-02-13T13:17:05","date_gmt":"2025-02-13T13:17:05","guid":{"rendered":"https:\/\/www.neural-artistry.com\/shop\/uncategorized\/tropical-vogue-art-print-2\/"},"modified":"2025-05-06T13:37:45","modified_gmt":"2025-05-06T13:37:45","slug":"tropical-vogue-art-print-2","status":"publish","type":"product","link":"https:\/\/www.neural-artistry.com\/fr\/shop\/home-garden\/decor\/artwork\/posters-prints-visual-artwork\/tropical-vogue-art-print-2\/","title":{"rendered":"Impression d&#039;art Vogue tropicale"},"content":{"rendered":"<h3 style=\"color: #FAF5E5;\">Affiche de mode surr\u00e9aliste et vibrante \u2013 Un r\u00eave tropical<\/h3>\n<p style=\"color: #FAF5E5;\">Entrez dans un monde de <strong>mode fantaisiste et beaut\u00e9 surr\u00e9aliste<\/strong> avec cette affiche imprim\u00e9e exclusive. Pr\u00e9sentant un duo saisissant habill\u00e9 <strong>dentelle rose vif<\/strong>, accessoiris\u00e9e de lunettes de soleil audacieuses et accompagn\u00e9e d&#039;un perroquet vert luxuriant, cette \u0153uvre d&#039;art est une c\u00e9l\u00e9bration de <strong>glamour et espi\u00e8glerie tropicale<\/strong>. Le d\u00e9cor de plage de r\u00eave, combin\u00e9 \u00e0 un expert <strong>collage num\u00e9rique et m\u00e9lange de photos<\/strong>, cr\u00e9e une pi\u00e8ce visuellement \u00e9poustouflante qui fusionne <strong>haute couture avec surr\u00e9alisme<\/strong>. Parfait pour ceux qui aiment <strong>une esth\u00e9tique audacieuse et contemporaine<\/strong>.<\/p>\n<h4 style=\"color: #FAF5E5;\">Tailles et formats disponibles<\/h4>\n<ul style=\"color: #FAF5E5;\">\n<li>19,80 cm x 29,70 cm<\/li>\n<li>28,00 cm x 42,00 cm<\/li>\n<li>32,20 cm x 48,30 cm<\/li>\n<li>39,60 cm x 59,40 cm<\/li>\n<li>43,00 cm x 64,50 cm<\/li>\n<\/ul>\n<h4 style=\"color: #FAF5E5;\">Fabrication et qualit\u00e9 d&#039;impression haut de gamme<\/h4>\n<p style=\"color: #FAF5E5;\">Chaque impression est m\u00e9ticuleusement produite sur <strong>Papier FineArt Hahnem\u00fchle<\/strong>, assurant une <strong>finition de qualit\u00e9 mus\u00e9ale et archivistique<\/strong>. En utilisant <strong>Encres UltraChrome Pro<\/strong>, cette \u0153uvre d&#039;art se vante <strong>couleurs riches, d\u00e9tails fins et durabilit\u00e9 r\u00e9sistante \u00e0 la d\u00e9coloration<\/strong>. Disponible en <strong>finitions mates ou brillantes<\/strong>, cette affiche offre un look luxueux adapt\u00e9 \u00e0 votre style personnel.<\/p>\n<h4 style=\"color: #FAF5E5;\">\u0152uvres d&#039;art exclusives et certifi\u00e9es<\/h4>\n<p style=\"color: #FAF5E5;\">Ce n&#039;est pas seulement une affiche, c&#039;est une <strong>pi\u00e8ce de collection unique en son genre<\/strong>. Chaque impression est <strong>sign\u00e9 et authentifi\u00e9<\/strong>, garantissant son exclusivit\u00e9 et sa valeur. Parfait pour les collectionneurs d&#039;art et les passionn\u00e9s de mode.<\/p>\n<h4 style=\"color: #FAF5E5;\">Parfait pour n&#039;importe quel espace<\/h4>\n<p style=\"color: #FAF5E5;\">Cette pi\u00e8ce vibrante et surr\u00e9aliste est id\u00e9ale pour :<\/p>\n<ul style=\"color: #FAF5E5;\">\n<li><strong>Salon:<\/strong> Une pi\u00e8ce phare qui ajoute une touche de couleur et de sophistication.<\/li>\n<li><strong>Bureau:<\/strong> Inspirez la cr\u00e9ativit\u00e9 avec une esth\u00e9tique audacieuse et haute couture.<\/li>\n<li><strong>Configuration de jeu\u00a0:<\/strong> \u00c9levez votre espace avec une ambiance unique et contemporaine.<\/li>\n<\/ul>\n<h4 style=\"color: #FAF5E5;\">Un cadeau unique pour les amateurs d&#039;art et de mode<\/h4>\n<p style=\"color: #FAF5E5;\">\u00c0 la recherche d&#039;un <strong>cadeau attentionn\u00e9 et \u00e9l\u00e9gant<\/strong>? Cette affiche est parfaite pour ceux qui appr\u00e9cient <strong>mode, surr\u00e9alisme et art contemporain<\/strong>Que ce soit pour un anniversaire, une pendaison de cr\u00e9maill\u00e8re ou une occasion sp\u00e9ciale, cette pi\u00e8ce impressionnera \u00e0 coup s\u00fbr.<\/p>\n<h3 style=\"color: #FAF5E5;\">Commandez votre affiche exclusive aujourd&#039;hui<\/h3>\n<p style=\"color: #FAF5E5;\">Ne manquez pas l&#039;opportunit\u00e9 de poss\u00e9der ceci <strong>Impression mode de haute qualit\u00e9 en \u00e9dition limit\u00e9e<\/strong>. \u00c9levez votre espace avec une pi\u00e8ce qui incarne <strong>glamour, espi\u00e8glerie et expression artistique<\/strong>. <strong>Commandez maintenant<\/strong> et apportez ce r\u00eave tropical surr\u00e9aliste sur vos murs !<\/p>","protected":false},"excerpt":{"rendered":"<p>Fusion audacieuse de la mode et de la fantaisie, cette impression d&#039;art surr\u00e9aliste d\u00e9borde de vitalit\u00e9 tropicale et d&#039;\u00e9l\u00e9gance ludique. Imprim\u00e9e sur du papier Hahnem\u00fchle FineArt avec des encres UltraChrome Pro, chaque pi\u00e8ce est sign\u00e9e et authentifi\u00e9e pour une d\u00e9claration vraiment unique en son genre.<\/p>","protected":false},"featured_media":10899,"comment_status":"open","ping_status":"closed","template":"","meta":{"_uag_custom_page_level_css":""},"product_brand":[874],"product_cat":[726,845,725,1268],"product_tag":[1173,888,901,1056,1042,903,889,879,1018,887],"class_list":{"0":"post-11410","1":"product","2":"type-product","3":"status-publish","4":"has-post-thumbnail","6":"product_brand-neural-artistry","7":"product_cat-animals","8":"product_cat-fashion","9":"product_cat-portraits","10":"product_cat-posters-prints-visual-artwork","11":"product_tag-beach","12":"product_tag-contemporary","13":"product_tag-fashion","14":"product_tag-glamorous","15":"product_tag-parrot","16":"product_tag-pink","17":"product_tag-playful","18":"product_tag-surreal","19":"product_tag-tropical","20":"product_tag-vibrant","21":"product_shipping_class-chronopost","22":"pa_finish-type-glossy-finish","23":"pa_finish-type-matte-finish","24":"pa_margins-with","25":"pa_margins-without","26":"pa_medium-technique-digital-collage","27":"pa_medium-technique-photo-blending","28":"pa_medium-technique-photomanipulation","29":"pa_mood-ambiance-surreal","30":"pa_mood-ambiance-vibrant","31":"pa_mood-ambiance-whimsical","32":"pa_orientation-portrait","33":"pa_size-19-80cmx29-70cm","34":"pa_size-28-00cmx42-00cm","35":"pa_size-32-20cmx48-30cm","36":"pa_size-39-60cmx59-40cm","37":"pa_size-43-00cmx64-50cm","38":"pa_style-movement-concept-art","39":"pa_style-movement-fashion-photography","40":"pa_style-movement-surrealism","42":"first","43":"instock","44":"sold-individually","45":"taxable","46":"shipping-taxable","47":"purchasable","48":"product-type-variable","49":"has-default-attributes"},"yoast_head":"<!-- This site is optimized with the Yoast SEO plugin v27.5 - https:\/\/yoast.com\/product\/yoast-seo-wordpress\/ -->\n<title>Tropical Vogue Art Print - Neural Artistry<\/title>\n<meta name=\"robots\" content=\"index, follow, max-snippet:-1, max-image-preview:large, max-video-preview:-1\" \/>\n<link rel=\"canonical\" href=\"https:\/\/www.neural-artistry.com\/fr\/shop\/home-garden\/decor\/artwork\/posters-prints-visual-artwork\/tropical-vogue-art-print-2\/\" \/>\n<meta property=\"og:locale\" content=\"fr_FR\" \/>\n<meta property=\"og:type\" content=\"article\" \/>\n<meta property=\"og:title\" content=\"Tropical Vogue Art Print - Neural Artistry\" \/>\n<meta property=\"og:description\" content=\"A bold fusion of fashion and fantasy, this surreal art print bursts with tropical vibrance and playful elegance. Printed on Hahnem\u00fchle FineArt paper with UltraChrome Pro inks, each piece is signed and authenticated for a truly one-of-a-kind statement.\" \/>\n<meta property=\"og:url\" content=\"https:\/\/www.neural-artistry.com\/fr\/shop\/home-garden\/decor\/artwork\/posters-prints-visual-artwork\/tropical-vogue-art-print-2\/\" \/>\n<meta property=\"og:site_name\" content=\"Neural Artistry\" \/>\n<meta property=\"article:modified_time\" content=\"2025-05-06T13:37:45+00:00\" \/>\n<meta property=\"og:image\" content=\"https:\/\/www.neural-artistry.com\/wp-content\/uploads\/2025\/02\/neural-artistry-portfolio-274_mock_giant.jpg\" \/>\n\t<meta property=\"og:image:width\" content=\"2048\" \/>\n\t<meta property=\"og:image:height\" content=\"2048\" \/>\n\t<meta property=\"og:image:type\" content=\"image\/jpeg\" \/>\n<meta name=\"twitter:card\" content=\"summary_large_image\" \/>\n<meta name=\"twitter:label1\" content=\"Dur\u00e9e de lecture estim\u00e9e\" \/>\n\t<meta name=\"twitter:data1\" content=\"2 minutes\" \/>\n<script type=\"application\/ld+json\" class=\"yoast-schema-graph\">{\"@context\":\"https:\\\/\\\/schema.org\",\"@graph\":[{\"@type\":\"WebPage\",\"@id\":\"https:\\\/\\\/www.neural-artistry.com\\\/shop\\\/home-garden\\\/decor\\\/artwork\\\/posters-prints-visual-artwork\\\/tropical-vogue-art-print-2\\\/\",\"url\":\"https:\\\/\\\/www.neural-artistry.com\\\/shop\\\/home-garden\\\/decor\\\/artwork\\\/posters-prints-visual-artwork\\\/tropical-vogue-art-print-2\\\/\",\"name\":\"Tropical Vogue Art Print - Neural Artistry\",\"isPartOf\":{\"@id\":\"https:\\\/\\\/www.neural-artistry.com\\\/#website\"},\"primaryImageOfPage\":{\"@id\":\"https:\\\/\\\/www.neural-artistry.com\\\/shop\\\/home-garden\\\/decor\\\/artwork\\\/posters-prints-visual-artwork\\\/tropical-vogue-art-print-2\\\/#primaryimage\"},\"image\":{\"@id\":\"https:\\\/\\\/www.neural-artistry.com\\\/shop\\\/home-garden\\\/decor\\\/artwork\\\/posters-prints-visual-artwork\\\/tropical-vogue-art-print-2\\\/#primaryimage\"},\"thumbnailUrl\":\"https:\\\/\\\/www.neural-artistry.com\\\/wp-content\\\/uploads\\\/2025\\\/02\\\/neural-artistry-portfolio-274_mock_giant.jpg\",\"datePublished\":\"2025-02-13T13:17:05+00:00\",\"dateModified\":\"2025-05-06T13:37:45+00:00\",\"breadcrumb\":{\"@id\":\"https:\\\/\\\/www.neural-artistry.com\\\/shop\\\/home-garden\\\/decor\\\/artwork\\\/posters-prints-visual-artwork\\\/tropical-vogue-art-print-2\\\/#breadcrumb\"},\"inLanguage\":\"fr-FR\",\"potentialAction\":[{\"@type\":\"ReadAction\",\"target\":[\"https:\\\/\\\/www.neural-artistry.com\\\/shop\\\/home-garden\\\/decor\\\/artwork\\\/posters-prints-visual-artwork\\\/tropical-vogue-art-print-2\\\/\"]}]},{\"@type\":\"ImageObject\",\"inLanguage\":\"fr-FR\",\"@id\":\"https:\\\/\\\/www.neural-artistry.com\\\/shop\\\/home-garden\\\/decor\\\/artwork\\\/posters-prints-visual-artwork\\\/tropical-vogue-art-print-2\\\/#primaryimage\",\"url\":\"https:\\\/\\\/www.neural-artistry.com\\\/wp-content\\\/uploads\\\/2025\\\/02\\\/neural-artistry-portfolio-274_mock_giant.jpg\",\"contentUrl\":\"https:\\\/\\\/www.neural-artistry.com\\\/wp-content\\\/uploads\\\/2025\\\/02\\\/neural-artistry-portfolio-274_mock_giant.jpg\",\"width\":2048,\"height\":2048},{\"@type\":\"BreadcrumbList\",\"@id\":\"https:\\\/\\\/www.neural-artistry.com\\\/shop\\\/home-garden\\\/decor\\\/artwork\\\/posters-prints-visual-artwork\\\/tropical-vogue-art-print-2\\\/#breadcrumb\",\"itemListElement\":[{\"@type\":\"ListItem\",\"position\":1,\"name\":\"Home\",\"item\":\"https:\\\/\\\/www.neural-artistry.com\\\/\"},{\"@type\":\"ListItem\",\"position\":2,\"name\":\"Wall Art Prints \u2013 Custom Canvas &amp; Unique Posters\",\"item\":\"https:\\\/\\\/www.neural-artistry.com\\\/\"},{\"@type\":\"ListItem\",\"position\":3,\"name\":\"Tropical Vogue Art Print\"}]},{\"@type\":\"WebSite\",\"@id\":\"https:\\\/\\\/www.neural-artistry.com\\\/#website\",\"url\":\"https:\\\/\\\/www.neural-artistry.com\\\/\",\"name\":\"Neural Artistry\",\"description\":\"AI Art Posters \u2013 Certified, Premium, Sold Only Once\",\"publisher\":{\"@id\":\"https:\\\/\\\/www.neural-artistry.com\\\/#organization\"},\"potentialAction\":[{\"@type\":\"SearchAction\",\"target\":{\"@type\":\"EntryPoint\",\"urlTemplate\":\"https:\\\/\\\/www.neural-artistry.com\\\/?s={search_term_string}\"},\"query-input\":{\"@type\":\"PropertyValueSpecification\",\"valueRequired\":true,\"valueName\":\"search_term_string\"}}],\"inLanguage\":\"fr-FR\"},{\"@type\":\"Organization\",\"@id\":\"https:\\\/\\\/www.neural-artistry.com\\\/#organization\",\"name\":\"Neural Artistry\",\"url\":\"https:\\\/\\\/www.neural-artistry.com\\\/\",\"logo\":{\"@type\":\"ImageObject\",\"inLanguage\":\"fr-FR\",\"@id\":\"https:\\\/\\\/www.neural-artistry.com\\\/#\\\/schema\\\/logo\\\/image\\\/\",\"url\":\"https:\\\/\\\/www.neural-artistry.com\\\/wp-content\\\/uploads\\\/2025\\\/08\\\/Web-Black-logo-no-background-scaled.webp\",\"contentUrl\":\"https:\\\/\\\/www.neural-artistry.com\\\/wp-content\\\/uploads\\\/2025\\\/08\\\/Web-Black-logo-no-background-scaled.webp\",\"width\":2560,\"height\":976,\"caption\":\"Neural Artistry\"},\"image\":{\"@id\":\"https:\\\/\\\/www.neural-artistry.com\\\/#\\\/schema\\\/logo\\\/image\\\/\"}}]}<\/script>\n<!-- \/ Yoast SEO plugin. -->","yoast_head_json":{"title":"Tropical Vogue Art Print - Neural Artistry","robots":{"index":"index","follow":"follow","max-snippet":"max-snippet:-1","max-image-preview":"max-image-preview:large","max-video-preview":"max-video-preview:-1"},"canonical":"https:\/\/www.neural-artistry.com\/fr\/shop\/home-garden\/decor\/artwork\/posters-prints-visual-artwork\/tropical-vogue-art-print-2\/","og_locale":"fr_FR","og_type":"article","og_title":"Tropical Vogue Art Print - Neural Artistry","og_description":"A bold fusion of fashion and fantasy, this surreal art print bursts with tropical vibrance and playful elegance. Printed on Hahnem\u00fchle FineArt paper with UltraChrome Pro inks, each piece is signed and authenticated for a truly one-of-a-kind statement.","og_url":"https:\/\/www.neural-artistry.com\/fr\/shop\/home-garden\/decor\/artwork\/posters-prints-visual-artwork\/tropical-vogue-art-print-2\/","og_site_name":"Neural Artistry","article_modified_time":"2025-05-06T13:37:45+00:00","og_image":[{"width":2048,"height":2048,"url":"https:\/\/www.neural-artistry.com\/wp-content\/uploads\/2025\/02\/neural-artistry-portfolio-274_mock_giant.jpg","type":"image\/jpeg"}],"twitter_card":"summary_large_image","twitter_misc":{"Dur\u00e9e de lecture estim\u00e9e":"2 minutes"},"schema":{"@context":"https:\/\/schema.org","@graph":[{"@type":"WebPage","@id":"https:\/\/www.neural-artistry.com\/shop\/home-garden\/decor\/artwork\/posters-prints-visual-artwork\/tropical-vogue-art-print-2\/","url":"https:\/\/www.neural-artistry.com\/shop\/home-garden\/decor\/artwork\/posters-prints-visual-artwork\/tropical-vogue-art-print-2\/","name":"Tropical Vogue Art Print - Neural Artistry","isPartOf":{"@id":"https:\/\/www.neural-artistry.com\/#website"},"primaryImageOfPage":{"@id":"https:\/\/www.neural-artistry.com\/shop\/home-garden\/decor\/artwork\/posters-prints-visual-artwork\/tropical-vogue-art-print-2\/#primaryimage"},"image":{"@id":"https:\/\/www.neural-artistry.com\/shop\/home-garden\/decor\/artwork\/posters-prints-visual-artwork\/tropical-vogue-art-print-2\/#primaryimage"},"thumbnailUrl":"https:\/\/www.neural-artistry.com\/wp-content\/uploads\/2025\/02\/neural-artistry-portfolio-274_mock_giant.jpg","datePublished":"2025-02-13T13:17:05+00:00","dateModified":"2025-05-06T13:37:45+00:00","breadcrumb":{"@id":"https:\/\/www.neural-artistry.com\/shop\/home-garden\/decor\/artwork\/posters-prints-visual-artwork\/tropical-vogue-art-print-2\/#breadcrumb"},"inLanguage":"fr-FR","potentialAction":[{"@type":"ReadAction","target":["https:\/\/www.neural-artistry.com\/shop\/home-garden\/decor\/artwork\/posters-prints-visual-artwork\/tropical-vogue-art-print-2\/"]}]},{"@type":"ImageObject","inLanguage":"fr-FR","@id":"https:\/\/www.neural-artistry.com\/shop\/home-garden\/decor\/artwork\/posters-prints-visual-artwork\/tropical-vogue-art-print-2\/#primaryimage","url":"https:\/\/www.neural-artistry.com\/wp-content\/uploads\/2025\/02\/neural-artistry-portfolio-274_mock_giant.jpg","contentUrl":"https:\/\/www.neural-artistry.com\/wp-content\/uploads\/2025\/02\/neural-artistry-portfolio-274_mock_giant.jpg","width":2048,"height":2048},{"@type":"BreadcrumbList","@id":"https:\/\/www.neural-artistry.com\/shop\/home-garden\/decor\/artwork\/posters-prints-visual-artwork\/tropical-vogue-art-print-2\/#breadcrumb","itemListElement":[{"@type":"ListItem","position":1,"name":"Home","item":"https:\/\/www.neural-artistry.com\/"},{"@type":"ListItem","position":2,"name":"Wall Art Prints \u2013 Custom Canvas &amp; Unique Posters","item":"https:\/\/www.neural-artistry.com\/"},{"@type":"ListItem","position":3,"name":"Tropical Vogue Art Print"}]},{"@type":"WebSite","@id":"https:\/\/www.neural-artistry.com\/#website","url":"https:\/\/www.neural-artistry.com\/","name":"Neural Artistry","description":"Affiches d&#039;art IA \u2013 Certifi\u00e9es, premium, vendues une seule fois","publisher":{"@id":"https:\/\/www.neural-artistry.com\/#organization"},"potentialAction":[{"@type":"SearchAction","target":{"@type":"EntryPoint","urlTemplate":"https:\/\/www.neural-artistry.com\/?s={search_term_string}"},"query-input":{"@type":"PropertyValueSpecification","valueRequired":true,"valueName":"search_term_string"}}],"inLanguage":"fr-FR"},{"@type":"Organization","@id":"https:\/\/www.neural-artistry.com\/#organization","name":"Neural Artistry","url":"https:\/\/www.neural-artistry.com\/","logo":{"@type":"ImageObject","inLanguage":"fr-FR","@id":"https:\/\/www.neural-artistry.com\/#\/schema\/logo\/image\/","url":"https:\/\/www.neural-artistry.com\/wp-content\/uploads\/2025\/08\/Web-Black-logo-no-background-scaled.webp","contentUrl":"https:\/\/www.neural-artistry.com\/wp-content\/uploads\/2025\/08\/Web-Black-logo-no-background-scaled.webp","width":2560,"height":976,"caption":"Neural Artistry"},"image":{"@id":"https:\/\/www.neural-artistry.com\/#\/schema\/logo\/image\/"}}]}},"uagb_featured_image_src":{"full":["https:\/\/www.neural-artistry.com\/wp-content\/uploads\/2025\/02\/neural-artistry-portfolio-274_mock_giant.jpg",2048,2048,false],"thumbnail":["https:\/\/www.neural-artistry.com\/wp-content\/uploads\/2025\/02\/neural-artistry-portfolio-274_mock_giant-150x150.jpg",150,150,true],"medium":["https:\/\/www.neural-artistry.com\/wp-content\/uploads\/2025\/02\/neural-artistry-portfolio-274_mock_giant-300x300.jpg",300,300,true],"medium_large":["https:\/\/www.neural-artistry.com\/wp-content\/uploads\/2025\/02\/neural-artistry-portfolio-274_mock_giant-768x768.jpg",768,768,true],"large":["https:\/\/www.neural-artistry.com\/wp-content\/uploads\/2025\/02\/neural-artistry-portfolio-274_mock_giant-1024x1024.jpg",1024,1024,true],"1536x1536":["https:\/\/www.neural-artistry.com\/wp-content\/uploads\/2025\/02\/neural-artistry-portfolio-274_mock_giant-1536x1536.jpg",1536,1536,true],"2048x2048":["https:\/\/www.neural-artistry.com\/wp-content\/uploads\/2025\/02\/neural-artistry-portfolio-274_mock_giant.jpg",2048,2048,false],"trp-custom-language-flag":["https:\/\/www.neural-artistry.com\/wp-content\/uploads\/2025\/02\/neural-artistry-portfolio-274_mock_giant-12x12.jpg",12,12,true],"woocommerce_thumbnail":["https:\/\/www.neural-artistry.com\/wp-content\/uploads\/2025\/02\/neural-artistry-portfolio-274_mock_giant-450x450.jpg",450,450,true],"woocommerce_single":["https:\/\/www.neural-artistry.com\/wp-content\/uploads\/2025\/02\/neural-artistry-portfolio-274_mock_giant-600x600.jpg",600,600,true],"woocommerce_gallery_thumbnail":["https:\/\/www.neural-artistry.com\/wp-content\/uploads\/2025\/02\/neural-artistry-portfolio-274_mock_giant-100x100.jpg",100,100,true]},"uagb_author_info":{"display_name":"flake","author_link":"https:\/\/www.neural-artistry.com\/fr\/author\/"},"uagb_comment_info":0,"uagb_excerpt":"A bold fusion of fashion and fantasy, this surreal art print bursts with tropical vibrance and playful elegance. Printed on Hahnem\u00fchle FineArt paper with UltraChrome Pro inks, each piece is signed and authenticated for a truly one-of-a-kind statement.","_links":{"self":[{"href":"https:\/\/www.neural-artistry.com\/fr\/wp-json\/wp\/v2\/product\/11410","targetHints":{"allow":["GET"]}}],"collection":[{"href":"https:\/\/www.neural-artistry.com\/fr\/wp-json\/wp\/v2\/product"}],"about":[{"href":"https:\/\/www.neural-artistry.com\/fr\/wp-json\/wp\/v2\/types\/product"}],"replies":[{"embeddable":true,"href":"https:\/\/www.neural-artistry.com\/fr\/wp-json\/wp\/v2\/comments?post=11410"}],"wp:featuredmedia":[{"embeddable":true,"href":"https:\/\/www.neural-artistry.com\/fr\/wp-json\/wp\/v2\/media\/10899"}],"wp:attachment":[{"href":"https:\/\/www.neural-artistry.com\/fr\/wp-json\/wp\/v2\/media?parent=11410"}],"wp:term":[{"taxonomy":"product_brand","embeddable":true,"href":"https:\/\/www.neural-artistry.com\/fr\/wp-json\/wp\/v2\/product_brand?post=11410"},{"taxonomy":"product_cat","embeddable":true,"href":"https:\/\/www.neural-artistry.com\/fr\/wp-json\/wp\/v2\/product_cat?post=11410"},{"taxonomy":"product_tag","embeddable":true,"href":"https:\/\/www.neural-artistry.com\/fr\/wp-json\/wp\/v2\/product_tag?post=11410"}],"curies":[{"name":"wp","href":"https:\/\/api.w.org\/{rel}","templated":true}]}}