{"id":11413,"date":"2025-02-13T13:17:17","date_gmt":"2025-02-13T13:17:17","guid":{"rendered":"https:\/\/www.neural-artistry.com\/shop\/uncategorized\/painted-sky-safari-art-print\/"},"modified":"2025-05-06T13:37:32","modified_gmt":"2025-05-06T13:37:32","slug":"painted-sky-safari-art-print","status":"publish","type":"product","link":"https:\/\/www.neural-artistry.com\/fr\/shop\/home-garden\/decor\/artwork\/posters-prints-visual-artwork\/painted-sky-safari-art-print\/","title":{"rendered":"Impression d&#039;art Safari dans le ciel peint"},"content":{"rendered":"<h3 style=\"color: #FAF5E5;\">Le surr\u00e9alisme fantasque de la girafe \u2013 Un fantasme animalier onirique<\/h3>\n<p style=\"color: #FAF5E5;\">Entrez dans un monde o\u00f9 la nature rencontre la fantaisie avec ce <strong>affiche de girafe vibrante et surr\u00e9aliste<\/strong>. Sur fond de paysage africain incroyablement audacieux, cette \u0153uvre d&#039;art m\u00e9lange <strong>peinture num\u00e9rique, photomanipulation et texturation complexe<\/strong> pour cr\u00e9er un paysage de r\u00eave fantaisiste. L&#039;expression ludique de la girafe, combin\u00e9e \u00e0 <strong>contrastes audacieux et couleurs riches<\/strong>, en fait une pi\u00e8ce accrocheuse qui donne vie \u00e0 n&#039;importe quel espace.<\/p>\n<h3 style=\"color: #FAF5E5;\">Tailles et formats disponibles<\/h3>\n<ul style=\"color: #FAF5E5;\">\n<li>19,80 cm x 29,70 cm<\/li>\n<li>28,00 cm x 42,00 cm<\/li>\n<li>32,20 cm x 48,30 cm<\/li>\n<li>39,60 cm x 59,40 cm<\/li>\n<li>43,00 cm x 64,50 cm<\/li>\n<\/ul>\n<h3 style=\"color: #FAF5E5;\">Fabrication et qualit\u00e9 d&#039;impression haut de gamme<\/h3>\n<p style=\"color: #FAF5E5;\">Chaque impression est produite sur <strong>Papier FineArt Hahnem\u00fchle<\/strong>, garantissant une qualit\u00e9 de qualit\u00e9 mus\u00e9ale avec une profondeur de couleur et des d\u00e9tails exceptionnels. <strong>Encres UltraChrome Pro<\/strong>, cette affiche se vante <strong>Couleurs de qualit\u00e9 archivistique et r\u00e9sistantes \u00e0 la d\u00e9coloration<\/strong> qui restent dynamiques pendant des ann\u00e9es.<\/p>\n<h3 style=\"color: #FAF5E5;\">Certificat d&#039;authenticit\u00e9<\/h3>\n<p style=\"color: #FAF5E5;\">C&#039;est un <strong>tirage unique, sign\u00e9 et authentifi\u00e9<\/strong>, ce qui en fait un ajout unique \u00e0 toute collection d&#039;art. Poss\u00e9dez une pi\u00e8ce exclusive qui se distingue \u00e0 la fois par sa qualit\u00e9 et son originalit\u00e9.<\/p>\n<h3 style=\"color: #FAF5E5;\">Parfait pour n&#039;importe quel espace<\/h3>\n<p style=\"color: #FAF5E5;\">Que vous recherchiez <strong>une \u0153uvre d&#039;art murale \u00e9l\u00e9gante pour votre salon, une pi\u00e8ce ma\u00eetresse pour votre bureau ou une touche artistique pour votre configuration de jeu<\/strong>, cette affiche de girafe surr\u00e9aliste est un choix parfait. Son esth\u00e9tique onirique compl\u00e8te les int\u00e9rieurs modernes, contemporains et \u00e9clectiques.<\/p>\n<h3 style=\"color: #FAF5E5;\">Finition mate ou brillante \u2013 votre choix<\/h3>\n<p style=\"color: #FAF5E5;\">S\u00e9lectionnez parmi un <strong>finition mate ou brillante de qualit\u00e9 sup\u00e9rieure<\/strong> pour s&#039;adapter \u00e0 votre style personnel et \u00e0 vos besoins de d\u00e9coration.<\/p>\n<h3 style=\"color: #FAF5E5;\">Pourquoi choisir cette affiche en \u00e9dition limit\u00e9e ?<\/h3>\n<ul style=\"color: #FAF5E5;\">\n<li><strong>Exclusif et unique :<\/strong> Une \u0153uvre d&#039;art rare et de collection avec un certificat d&#039;authenticit\u00e9.<\/li>\n<li><strong>Mat\u00e9riaux de qualit\u00e9 sup\u00e9rieure :<\/strong> Imprim\u00e9 sur <strong>Papier FineArt Hahnem\u00fchle<\/strong> avec <strong>Encres UltraChrome Pro<\/strong>.<\/li>\n<li><strong>R\u00e9sistant \u00e0 la d\u00e9coloration et qualit\u00e9 archivistique :<\/strong> Assure une vitalit\u00e9 durable.<\/li>\n<li><strong>Cadeau parfait :<\/strong> Id\u00e9al pour les amoureux de la faune, les amateurs d&#039;art et les collectionneurs.<\/li>\n<li><strong>D\u00e9cor polyvalent :<\/strong> Am\u00e9liore n&#039;importe quel espace, des int\u00e9rieurs modernes aux configurations \u00e9clectiques.<\/li>\n<\/ul>\n<h3 style=\"color: #FAF5E5;\">Commandez votre affiche exclusive aujourd&#039;hui<\/h3>\n<p style=\"color: #FAF5E5;\">Ne manquez pas l&#039;opportunit\u00e9 de poss\u00e9der ceci <strong>superbe affiche surr\u00e9aliste de girafe<\/strong>Que ce soit pour vous-m\u00eame ou comme cadeau unique, cette \u0153uvre d&#039;art est un d\u00e9clencheur de conversation qui apporte une touche de fantaisie et d&#039;\u00e9merveillement \u00e0 n&#039;importe quelle pi\u00e8ce. <strong>Commandez maintenant et rehaussez votre espace avec ce chef-d&#039;\u0153uvre \u00e0 couper le souffle !<\/strong><\/p>","protected":false},"excerpt":{"rendered":"<p>Plongez dans un paysage africain onirique o\u00f9 les girafes vibrantes \u00e9mergent dans un contraste audacieux et une beaut\u00e9 surr\u00e9aliste. Cette impression d&#039;art exclusive, r\u00e9alis\u00e9e sur du papier Hahnem\u00fchle FineArt avec des encres UltraChrome Pro, offre une profondeur et des couleurs in\u00e9gal\u00e9es pour une \u0153uvre d&#039;art fascinante.<\/p>","protected":false},"featured_media":10917,"comment_status":"open","ping_status":"closed","template":"","meta":{"_uag_custom_page_level_css":""},"product_brand":[874],"product_cat":[726,721,1268],"product_tag":[1178,1118,880,982,1174,906,889,32,51,1175],"class_list":{"0":"post-11413","1":"product","2":"type-product","3":"status-publish","4":"has-post-thumbnail","6":"product_brand-neural-artistry","7":"product_cat-animals","8":"product_cat-nature","9":"product_cat-posters-prints-visual-artwork","10":"product_tag-african-landscape","11":"product_tag-bold-contrast","12":"product_tag-dreamlike","13":"product_tag-fantasy","14":"product_tag-giraffe","15":"product_tag-nature","16":"product_tag-playful","17":"product_tag-surrealism","18":"product_tag-vibrant-colors","19":"product_tag-wildlife","20":"product_shipping_class-chronopost","21":"pa_finish-type-glossy-finish","22":"pa_finish-type-matte-finish","23":"pa_margins-with","24":"pa_margins-without","25":"pa_medium-technique-digital-painting","26":"pa_medium-technique-photomanipulation","27":"pa_medium-technique-texturing","28":"pa_mood-ambiance-surreal","29":"pa_mood-ambiance-vibrant","30":"pa_mood-ambiance-whimsical","31":"pa_orientation-portrait","32":"pa_size-19-80cmx29-70cm","33":"pa_size-28-00cmx42-00cm","34":"pa_size-32-20cmx48-30cm","35":"pa_size-39-60cmx59-40cm","36":"pa_size-43-00cmx64-50cm","37":"pa_style-movement-concept-art","38":"pa_style-movement-fantasy","39":"pa_style-movement-surrealism","41":"first","42":"instock","43":"sold-individually","44":"taxable","45":"shipping-taxable","46":"purchasable","47":"product-type-variable","48":"has-default-attributes"},"yoast_head":"<!-- This site is optimized with the Yoast SEO plugin v27.5 - https:\/\/yoast.com\/product\/yoast-seo-wordpress\/ -->\n<title>Painted Sky Safari Art Print - Neural Artistry<\/title>\n<meta name=\"robots\" content=\"index, follow, max-snippet:-1, max-image-preview:large, max-video-preview:-1\" \/>\n<link rel=\"canonical\" href=\"https:\/\/www.neural-artistry.com\/fr\/shop\/home-garden\/decor\/artwork\/posters-prints-visual-artwork\/painted-sky-safari-art-print\/\" \/>\n<meta property=\"og:locale\" content=\"fr_FR\" \/>\n<meta property=\"og:type\" content=\"article\" \/>\n<meta property=\"og:title\" content=\"Painted Sky Safari Art Print - Neural Artistry\" \/>\n<meta property=\"og:description\" content=\"Step into a dreamlike African landscape where vibrant giraffes emerge in bold contrast and surreal beauty. This exclusive art print, crafted on Hahnem\u00fchle FineArt paper with UltraChrome Pro inks, delivers unmatched depth and color for a mesmerizing statement piece.\" \/>\n<meta property=\"og:url\" content=\"https:\/\/www.neural-artistry.com\/fr\/shop\/home-garden\/decor\/artwork\/posters-prints-visual-artwork\/painted-sky-safari-art-print\/\" \/>\n<meta property=\"og:site_name\" content=\"Neural Artistry\" \/>\n<meta property=\"article:modified_time\" content=\"2025-05-06T13:37:32+00:00\" \/>\n<meta property=\"og:image\" content=\"https:\/\/www.neural-artistry.com\/wp-content\/uploads\/2025\/02\/neural-artistry-portfolio-279_mock_giant.jpg\" \/>\n\t<meta property=\"og:image:width\" content=\"2048\" \/>\n\t<meta property=\"og:image:height\" content=\"2048\" \/>\n\t<meta property=\"og:image:type\" content=\"image\/jpeg\" \/>\n<meta name=\"twitter:card\" content=\"summary_large_image\" \/>\n<meta name=\"twitter:label1\" content=\"Dur\u00e9e de lecture estim\u00e9e\" \/>\n\t<meta name=\"twitter:data1\" content=\"2 minutes\" \/>\n<script type=\"application\/ld+json\" class=\"yoast-schema-graph\">{\"@context\":\"https:\\\/\\\/schema.org\",\"@graph\":[{\"@type\":\"WebPage\",\"@id\":\"https:\\\/\\\/www.neural-artistry.com\\\/shop\\\/home-garden\\\/decor\\\/artwork\\\/posters-prints-visual-artwork\\\/painted-sky-safari-art-print\\\/\",\"url\":\"https:\\\/\\\/www.neural-artistry.com\\\/shop\\\/home-garden\\\/decor\\\/artwork\\\/posters-prints-visual-artwork\\\/painted-sky-safari-art-print\\\/\",\"name\":\"Painted Sky Safari Art Print - Neural Artistry\",\"isPartOf\":{\"@id\":\"https:\\\/\\\/www.neural-artistry.com\\\/#website\"},\"primaryImageOfPage\":{\"@id\":\"https:\\\/\\\/www.neural-artistry.com\\\/shop\\\/home-garden\\\/decor\\\/artwork\\\/posters-prints-visual-artwork\\\/painted-sky-safari-art-print\\\/#primaryimage\"},\"image\":{\"@id\":\"https:\\\/\\\/www.neural-artistry.com\\\/shop\\\/home-garden\\\/decor\\\/artwork\\\/posters-prints-visual-artwork\\\/painted-sky-safari-art-print\\\/#primaryimage\"},\"thumbnailUrl\":\"https:\\\/\\\/www.neural-artistry.com\\\/wp-content\\\/uploads\\\/2025\\\/02\\\/neural-artistry-portfolio-279_mock_giant.jpg\",\"datePublished\":\"2025-02-13T13:17:17+00:00\",\"dateModified\":\"2025-05-06T13:37:32+00:00\",\"breadcrumb\":{\"@id\":\"https:\\\/\\\/www.neural-artistry.com\\\/shop\\\/home-garden\\\/decor\\\/artwork\\\/posters-prints-visual-artwork\\\/painted-sky-safari-art-print\\\/#breadcrumb\"},\"inLanguage\":\"fr-FR\",\"potentialAction\":[{\"@type\":\"ReadAction\",\"target\":[\"https:\\\/\\\/www.neural-artistry.com\\\/shop\\\/home-garden\\\/decor\\\/artwork\\\/posters-prints-visual-artwork\\\/painted-sky-safari-art-print\\\/\"]}]},{\"@type\":\"ImageObject\",\"inLanguage\":\"fr-FR\",\"@id\":\"https:\\\/\\\/www.neural-artistry.com\\\/shop\\\/home-garden\\\/decor\\\/artwork\\\/posters-prints-visual-artwork\\\/painted-sky-safari-art-print\\\/#primaryimage\",\"url\":\"https:\\\/\\\/www.neural-artistry.com\\\/wp-content\\\/uploads\\\/2025\\\/02\\\/neural-artistry-portfolio-279_mock_giant.jpg\",\"contentUrl\":\"https:\\\/\\\/www.neural-artistry.com\\\/wp-content\\\/uploads\\\/2025\\\/02\\\/neural-artistry-portfolio-279_mock_giant.jpg\",\"width\":2048,\"height\":2048},{\"@type\":\"BreadcrumbList\",\"@id\":\"https:\\\/\\\/www.neural-artistry.com\\\/shop\\\/home-garden\\\/decor\\\/artwork\\\/posters-prints-visual-artwork\\\/painted-sky-safari-art-print\\\/#breadcrumb\",\"itemListElement\":[{\"@type\":\"ListItem\",\"position\":1,\"name\":\"Home\",\"item\":\"https:\\\/\\\/www.neural-artistry.com\\\/\"},{\"@type\":\"ListItem\",\"position\":2,\"name\":\"Wall Art Prints \u2013 Custom Canvas &amp; Unique Posters\",\"item\":\"https:\\\/\\\/www.neural-artistry.com\\\/\"},{\"@type\":\"ListItem\",\"position\":3,\"name\":\"Painted Sky Safari Art Print\"}]},{\"@type\":\"WebSite\",\"@id\":\"https:\\\/\\\/www.neural-artistry.com\\\/#website\",\"url\":\"https:\\\/\\\/www.neural-artistry.com\\\/\",\"name\":\"Neural Artistry\",\"description\":\"AI Art Posters \u2013 Certified, Premium, Sold Only Once\",\"publisher\":{\"@id\":\"https:\\\/\\\/www.neural-artistry.com\\\/#organization\"},\"potentialAction\":[{\"@type\":\"SearchAction\",\"target\":{\"@type\":\"EntryPoint\",\"urlTemplate\":\"https:\\\/\\\/www.neural-artistry.com\\\/?s={search_term_string}\"},\"query-input\":{\"@type\":\"PropertyValueSpecification\",\"valueRequired\":true,\"valueName\":\"search_term_string\"}}],\"inLanguage\":\"fr-FR\"},{\"@type\":\"Organization\",\"@id\":\"https:\\\/\\\/www.neural-artistry.com\\\/#organization\",\"name\":\"Neural Artistry\",\"url\":\"https:\\\/\\\/www.neural-artistry.com\\\/\",\"logo\":{\"@type\":\"ImageObject\",\"inLanguage\":\"fr-FR\",\"@id\":\"https:\\\/\\\/www.neural-artistry.com\\\/#\\\/schema\\\/logo\\\/image\\\/\",\"url\":\"https:\\\/\\\/www.neural-artistry.com\\\/wp-content\\\/uploads\\\/2025\\\/08\\\/Web-Black-logo-no-background-scaled.webp\",\"contentUrl\":\"https:\\\/\\\/www.neural-artistry.com\\\/wp-content\\\/uploads\\\/2025\\\/08\\\/Web-Black-logo-no-background-scaled.webp\",\"width\":2560,\"height\":976,\"caption\":\"Neural Artistry\"},\"image\":{\"@id\":\"https:\\\/\\\/www.neural-artistry.com\\\/#\\\/schema\\\/logo\\\/image\\\/\"}}]}<\/script>\n<!-- \/ Yoast SEO plugin. -->","yoast_head_json":{"title":"Painted Sky Safari Art Print - Neural Artistry","robots":{"index":"index","follow":"follow","max-snippet":"max-snippet:-1","max-image-preview":"max-image-preview:large","max-video-preview":"max-video-preview:-1"},"canonical":"https:\/\/www.neural-artistry.com\/fr\/shop\/home-garden\/decor\/artwork\/posters-prints-visual-artwork\/painted-sky-safari-art-print\/","og_locale":"fr_FR","og_type":"article","og_title":"Painted Sky Safari Art Print - Neural Artistry","og_description":"Step into a dreamlike African landscape where vibrant giraffes emerge in bold contrast and surreal beauty. This exclusive art print, crafted on Hahnem\u00fchle FineArt paper with UltraChrome Pro inks, delivers unmatched depth and color for a mesmerizing statement piece.","og_url":"https:\/\/www.neural-artistry.com\/fr\/shop\/home-garden\/decor\/artwork\/posters-prints-visual-artwork\/painted-sky-safari-art-print\/","og_site_name":"Neural Artistry","article_modified_time":"2025-05-06T13:37:32+00:00","og_image":[{"width":2048,"height":2048,"url":"https:\/\/www.neural-artistry.com\/wp-content\/uploads\/2025\/02\/neural-artistry-portfolio-279_mock_giant.jpg","type":"image\/jpeg"}],"twitter_card":"summary_large_image","twitter_misc":{"Dur\u00e9e de lecture estim\u00e9e":"2 minutes"},"schema":{"@context":"https:\/\/schema.org","@graph":[{"@type":"WebPage","@id":"https:\/\/www.neural-artistry.com\/shop\/home-garden\/decor\/artwork\/posters-prints-visual-artwork\/painted-sky-safari-art-print\/","url":"https:\/\/www.neural-artistry.com\/shop\/home-garden\/decor\/artwork\/posters-prints-visual-artwork\/painted-sky-safari-art-print\/","name":"Painted Sky Safari Art Print - Neural Artistry","isPartOf":{"@id":"https:\/\/www.neural-artistry.com\/#website"},"primaryImageOfPage":{"@id":"https:\/\/www.neural-artistry.com\/shop\/home-garden\/decor\/artwork\/posters-prints-visual-artwork\/painted-sky-safari-art-print\/#primaryimage"},"image":{"@id":"https:\/\/www.neural-artistry.com\/shop\/home-garden\/decor\/artwork\/posters-prints-visual-artwork\/painted-sky-safari-art-print\/#primaryimage"},"thumbnailUrl":"https:\/\/www.neural-artistry.com\/wp-content\/uploads\/2025\/02\/neural-artistry-portfolio-279_mock_giant.jpg","datePublished":"2025-02-13T13:17:17+00:00","dateModified":"2025-05-06T13:37:32+00:00","breadcrumb":{"@id":"https:\/\/www.neural-artistry.com\/shop\/home-garden\/decor\/artwork\/posters-prints-visual-artwork\/painted-sky-safari-art-print\/#breadcrumb"},"inLanguage":"fr-FR","potentialAction":[{"@type":"ReadAction","target":["https:\/\/www.neural-artistry.com\/shop\/home-garden\/decor\/artwork\/posters-prints-visual-artwork\/painted-sky-safari-art-print\/"]}]},{"@type":"ImageObject","inLanguage":"fr-FR","@id":"https:\/\/www.neural-artistry.com\/shop\/home-garden\/decor\/artwork\/posters-prints-visual-artwork\/painted-sky-safari-art-print\/#primaryimage","url":"https:\/\/www.neural-artistry.com\/wp-content\/uploads\/2025\/02\/neural-artistry-portfolio-279_mock_giant.jpg","contentUrl":"https:\/\/www.neural-artistry.com\/wp-content\/uploads\/2025\/02\/neural-artistry-portfolio-279_mock_giant.jpg","width":2048,"height":2048},{"@type":"BreadcrumbList","@id":"https:\/\/www.neural-artistry.com\/shop\/home-garden\/decor\/artwork\/posters-prints-visual-artwork\/painted-sky-safari-art-print\/#breadcrumb","itemListElement":[{"@type":"ListItem","position":1,"name":"Home","item":"https:\/\/www.neural-artistry.com\/"},{"@type":"ListItem","position":2,"name":"Wall Art Prints \u2013 Custom Canvas &amp; Unique Posters","item":"https:\/\/www.neural-artistry.com\/"},{"@type":"ListItem","position":3,"name":"Painted Sky Safari Art Print"}]},{"@type":"WebSite","@id":"https:\/\/www.neural-artistry.com\/#website","url":"https:\/\/www.neural-artistry.com\/","name":"Neural Artistry","description":"Affiches d&#039;art IA \u2013 Certifi\u00e9es, premium, vendues une seule fois","publisher":{"@id":"https:\/\/www.neural-artistry.com\/#organization"},"potentialAction":[{"@type":"SearchAction","target":{"@type":"EntryPoint","urlTemplate":"https:\/\/www.neural-artistry.com\/?s={search_term_string}"},"query-input":{"@type":"PropertyValueSpecification","valueRequired":true,"valueName":"search_term_string"}}],"inLanguage":"fr-FR"},{"@type":"Organization","@id":"https:\/\/www.neural-artistry.com\/#organization","name":"Neural Artistry","url":"https:\/\/www.neural-artistry.com\/","logo":{"@type":"ImageObject","inLanguage":"fr-FR","@id":"https:\/\/www.neural-artistry.com\/#\/schema\/logo\/image\/","url":"https:\/\/www.neural-artistry.com\/wp-content\/uploads\/2025\/08\/Web-Black-logo-no-background-scaled.webp","contentUrl":"https:\/\/www.neural-artistry.com\/wp-content\/uploads\/2025\/08\/Web-Black-logo-no-background-scaled.webp","width":2560,"height":976,"caption":"Neural Artistry"},"image":{"@id":"https:\/\/www.neural-artistry.com\/#\/schema\/logo\/image\/"}}]}},"uagb_featured_image_src":{"full":["https:\/\/www.neural-artistry.com\/wp-content\/uploads\/2025\/02\/neural-artistry-portfolio-279_mock_giant.jpg",2048,2048,false],"thumbnail":["https:\/\/www.neural-artistry.com\/wp-content\/uploads\/2025\/02\/neural-artistry-portfolio-279_mock_giant-150x150.jpg",150,150,true],"medium":["https:\/\/www.neural-artistry.com\/wp-content\/uploads\/2025\/02\/neural-artistry-portfolio-279_mock_giant-300x300.jpg",300,300,true],"medium_large":["https:\/\/www.neural-artistry.com\/wp-content\/uploads\/2025\/02\/neural-artistry-portfolio-279_mock_giant-768x768.jpg",768,768,true],"large":["https:\/\/www.neural-artistry.com\/wp-content\/uploads\/2025\/02\/neural-artistry-portfolio-279_mock_giant-1024x1024.jpg",1024,1024,true],"1536x1536":["https:\/\/www.neural-artistry.com\/wp-content\/uploads\/2025\/02\/neural-artistry-portfolio-279_mock_giant-1536x1536.jpg",1536,1536,true],"2048x2048":["https:\/\/www.neural-artistry.com\/wp-content\/uploads\/2025\/02\/neural-artistry-portfolio-279_mock_giant.jpg",2048,2048,false],"trp-custom-language-flag":["https:\/\/www.neural-artistry.com\/wp-content\/uploads\/2025\/02\/neural-artistry-portfolio-279_mock_giant-12x12.jpg",12,12,true],"woocommerce_thumbnail":["https:\/\/www.neural-artistry.com\/wp-content\/uploads\/2025\/02\/neural-artistry-portfolio-279_mock_giant-450x450.jpg",450,450,true],"woocommerce_single":["https:\/\/www.neural-artistry.com\/wp-content\/uploads\/2025\/02\/neural-artistry-portfolio-279_mock_giant-600x600.jpg",600,600,true],"woocommerce_gallery_thumbnail":["https:\/\/www.neural-artistry.com\/wp-content\/uploads\/2025\/02\/neural-artistry-portfolio-279_mock_giant-100x100.jpg",100,100,true]},"uagb_author_info":{"display_name":"flake","author_link":"https:\/\/www.neural-artistry.com\/fr\/author\/"},"uagb_comment_info":0,"uagb_excerpt":"Step into a dreamlike African landscape where vibrant giraffes emerge in bold contrast and surreal beauty. This exclusive art print, crafted on Hahnem\u00fchle FineArt paper with UltraChrome Pro inks, delivers unmatched depth and color for a mesmerizing statement piece.","_links":{"self":[{"href":"https:\/\/www.neural-artistry.com\/fr\/wp-json\/wp\/v2\/product\/11413","targetHints":{"allow":["GET"]}}],"collection":[{"href":"https:\/\/www.neural-artistry.com\/fr\/wp-json\/wp\/v2\/product"}],"about":[{"href":"https:\/\/www.neural-artistry.com\/fr\/wp-json\/wp\/v2\/types\/product"}],"replies":[{"embeddable":true,"href":"https:\/\/www.neural-artistry.com\/fr\/wp-json\/wp\/v2\/comments?post=11413"}],"wp:featuredmedia":[{"embeddable":true,"href":"https:\/\/www.neural-artistry.com\/fr\/wp-json\/wp\/v2\/media\/10917"}],"wp:attachment":[{"href":"https:\/\/www.neural-artistry.com\/fr\/wp-json\/wp\/v2\/media?parent=11413"}],"wp:term":[{"taxonomy":"product_brand","embeddable":true,"href":"https:\/\/www.neural-artistry.com\/fr\/wp-json\/wp\/v2\/product_brand?post=11413"},{"taxonomy":"product_cat","embeddable":true,"href":"https:\/\/www.neural-artistry.com\/fr\/wp-json\/wp\/v2\/product_cat?post=11413"},{"taxonomy":"product_tag","embeddable":true,"href":"https:\/\/www.neural-artistry.com\/fr\/wp-json\/wp\/v2\/product_tag?post=11413"}],"curies":[{"name":"wp","href":"https:\/\/api.w.org\/{rel}","templated":true}]}}