{"id":11431,"date":"2025-02-13T13:18:08","date_gmt":"2025-02-13T13:18:08","guid":{"rendered":"https:\/\/www.neural-artistry.com\/shop\/uncategorized\/solar-mirage-art-print\/"},"modified":"2025-05-06T13:36:08","modified_gmt":"2025-05-06T13:36:08","slug":"solar-mirage-art-print","status":"publish","type":"product","link":"https:\/\/www.neural-artistry.com\/fr\/shop\/home-garden\/decor\/artwork\/posters-prints-visual-artwork\/solar-mirage-art-print\/","title":{"rendered":"Impression d&#039;art Mirage solaire"},"content":{"rendered":"<h3 style=\"color: #FAF5E5;\">\u00c9l\u00e9gance surr\u00e9aliste : un m\u00e9lange visionnaire de mode et de fantaisie<\/h3>\n<p style=\"color: #FAF5E5;\">Entrez dans un monde onirique o\u00f9 la mode futuriste rencontre des paysages surr\u00e9alistes. Cette impression d&#039;art exclusive capture une fusion fascinante de <strong>couleurs vibrantes, atmosph\u00e8re \u00e9th\u00e9r\u00e9e et photographie conceptuelle<\/strong>. Une silhouette saisissante orn\u00e9e d&#039;un fluide <strong>robe orange<\/strong> se dresse contre une sans fin <strong>paysage d\u00e9sertique<\/strong> sous un radieux <strong>ciel bleu<\/strong>, \u00e9voquant un sentiment de beaut\u00e9 surnaturelle. Que vous soyez un collectionneur d&#039;art ou un amateur de visuels \u00e0 haut concept, cette pi\u00e8ce est un incontournable pour votre espace.<\/p>\n<h3 style=\"color: #FAF5E5;\">Tailles disponibles<\/h3>\n<ul style=\"color: #FAF5E5;\">\n<li>16,65 cm x 29,70 cm<\/li>\n<li>23,54 cm x 42,00 cm<\/li>\n<li>27,07 cm x 48,30 cm<\/li>\n<li>33,29 cm x 59,40 cm<\/li>\n<li>43,00 cm x 76,73 cm<\/li>\n<\/ul>\n<h3 style=\"color: #FAF5E5;\">Un savoir-faire haut de gamme et une qualit\u00e9 in\u00e9gal\u00e9e<\/h3>\n<p style=\"color: #FAF5E5;\">Chaque d\u00e9tail de cette \u0153uvre est m\u00e9ticuleusement reproduit \u00e0 l&#039;aide <strong>papier Hahnem\u00fchle FineArt de qualit\u00e9 mus\u00e9e<\/strong> et <strong>Encres UltraChrome Pro<\/strong>, garantissant une profondeur de couleur et une long\u00e9vit\u00e9 sup\u00e9rieures. Choisissez entre un <strong>finition mate ou brillante<\/strong> pour compl\u00e9ter parfaitement votre espace.<\/p>\n<h3 style=\"color: #FAF5E5;\">Certificat d&#039;authenticit\u00e9<\/h3>\n<p style=\"color: #FAF5E5;\">C&#039;est plus qu&#039;une simple impression, c&#039;est une <strong>\u0153uvre d&#039;art unique, sign\u00e9e et authentifi\u00e9e<\/strong>Chaque pi\u00e8ce est accompagn\u00e9e d&#039;un certificat attestant de son exclusivit\u00e9, ce qui en fait un ajout pr\u00e9cieux \u00e0 toute collection d&#039;art.<\/p>\n<h3 style=\"color: #FAF5E5;\">Parfait pour n&#039;importe quel espace<\/h3>\n<p style=\"color: #FAF5E5;\">Sublimez votre int\u00e9rieur avec cette \u0153uvre d&#039;art \u00e9poustouflante, id\u00e9ale pour :<\/p>\n<ul style=\"color: #FAF5E5;\">\n<li><strong>Salons<\/strong> \u2013 Une pi\u00e8ce ma\u00eetresse qui suscite la conversation.<\/li>\n<li><strong>Bureaux<\/strong> \u2013 Inspirer la cr\u00e9ativit\u00e9 et l\u2019imagination.<\/li>\n<li><strong>Configurations de jeu<\/strong> \u2013 Une esth\u00e9tique futuriste pour des espaces immersifs.<\/li>\n<li><strong>Chambres modernes<\/strong> \u2013 Une touche de r\u00eave \u00e0 votre sanctuaire personnel.<\/li>\n<\/ul>\n<h3 style=\"color: #FAF5E5;\">Commandez votre affiche exclusive aujourd&#039;hui<\/h3>\n<p style=\"color: #FAF5E5;\">Ne manquez pas l&#039;opportunit\u00e9 de poss\u00e9der ceci <strong>affiche imprim\u00e9e en \u00e9dition limit\u00e9e et de haute qualit\u00e9<\/strong>. Que vous recherchiez <strong>une \u0153uvre d&#039;art unique, une impression d&#039;art haut de gamme ou un cadeau exclusif<\/strong>, ce chef-d&#039;\u0153uvre surr\u00e9aliste est le choix parfait. <strong>Commandez maintenant et apportez une touche d&#039;\u00e9l\u00e9gance futuriste \u00e0 votre espace !<\/strong><\/p>","protected":false},"excerpt":{"rendered":"<p>Vision d&#039;\u00e9l\u00e9gance surr\u00e9aliste, cette reproduction d&#039;art associe la mode futuriste \u00e0 un paysage d\u00e9sertique onirique aux teintes vibrantes. Imprim\u00e9e sur du papier Hahnem\u00fchle FineArt de qualit\u00e9 sup\u00e9rieure avec des encres UltraChrome Pro, chaque pi\u00e8ce est sign\u00e9e et authentifi\u00e9e pour une d\u00e9claration vraiment unique en son genre.<\/p>","protected":false},"featured_media":11025,"comment_status":"open","ping_status":"closed","template":"","meta":{"_uag_custom_page_level_css":""},"product_brand":[874],"product_cat":[845,725,1268,731],"product_tag":[1208,1209,1204,880,1206,1205,1015,1207,32,51],"class_list":{"0":"post-11431","1":"product","2":"type-product","3":"status-publish","4":"has-post-thumbnail","6":"product_brand-neural-artistry","7":"product_cat-fashion","8":"product_cat-portraits","9":"product_cat-posters-prints-visual-artwork","10":"product_cat-surrealism","11":"product_tag-blue-sky","12":"product_tag-conceptual-photography","13":"product_tag-desert-landscape","14":"product_tag-dreamlike","15":"product_tag-ethereal-atmosphere","16":"product_tag-futuristic-fashion","17":"product_tag-modern-art","18":"product_tag-orange-dress","19":"product_tag-surrealism","20":"product_tag-vibrant-colors","21":"product_shipping_class-chronopost","22":"pa_finish-type-glossy-finish","23":"pa_finish-type-matte-finish","24":"pa_margins-with","25":"pa_margins-without","26":"pa_medium-technique-digital-painting","27":"pa_medium-technique-mixed-media-digital","28":"pa_medium-technique-photomanipulation","29":"pa_mood-ambiance-dreamy","30":"pa_mood-ambiance-futuristic","31":"pa_mood-ambiance-otherworldly","32":"pa_mood-ambiance-surreal","33":"pa_mood-ambiance-vibrant","34":"pa_orientation-portrait","35":"pa_size-16-65cmx29-70cm","36":"pa_size-23-54cmx42-00cm","37":"pa_size-27-07cmx48-30cm","38":"pa_size-33-29cmx59-40cm","39":"pa_size-43-00cmx76-73cm","40":"pa_style-movement-concept-art","41":"pa_style-movement-fantasy","42":"pa_style-movement-surrealism","44":"first","45":"instock","46":"sold-individually","47":"taxable","48":"shipping-taxable","49":"purchasable","50":"product-type-variable","51":"has-default-attributes"},"yoast_head":"<!-- This site is optimized with the Yoast SEO plugin v27.5 - https:\/\/yoast.com\/product\/yoast-seo-wordpress\/ -->\n<title>Solar Mirage Art Print - Neural Artistry<\/title>\n<meta name=\"robots\" content=\"index, follow, max-snippet:-1, max-image-preview:large, max-video-preview:-1\" \/>\n<link rel=\"canonical\" href=\"https:\/\/www.neural-artistry.com\/fr\/shop\/home-garden\/decor\/artwork\/posters-prints-visual-artwork\/solar-mirage-art-print\/\" \/>\n<meta property=\"og:locale\" content=\"fr_FR\" \/>\n<meta property=\"og:type\" content=\"article\" \/>\n<meta property=\"og:title\" content=\"Solar Mirage Art Print - Neural Artistry\" \/>\n<meta property=\"og:description\" content=\"A vision of surreal elegance, this art print blends futuristic fashion with a dreamlike desertscape in vibrant hues. Printed on premium Hahnem\u00fchle FineArt paper with UltraChrome Pro inks, each piece is signed and authenticated for a truly one-of-a-kind statement.\" \/>\n<meta property=\"og:url\" content=\"https:\/\/www.neural-artistry.com\/fr\/shop\/home-garden\/decor\/artwork\/posters-prints-visual-artwork\/solar-mirage-art-print\/\" \/>\n<meta property=\"og:site_name\" content=\"Neural Artistry\" \/>\n<meta property=\"article:modified_time\" content=\"2025-05-06T13:36:08+00:00\" \/>\n<meta property=\"og:image\" content=\"https:\/\/www.neural-artistry.com\/wp-content\/uploads\/2025\/02\/neural-artistry-portfolio-298_mock_giant.jpg\" \/>\n\t<meta property=\"og:image:width\" content=\"2048\" \/>\n\t<meta property=\"og:image:height\" content=\"2048\" \/>\n\t<meta property=\"og:image:type\" content=\"image\/jpeg\" \/>\n<meta name=\"twitter:card\" content=\"summary_large_image\" \/>\n<meta name=\"twitter:label1\" content=\"Dur\u00e9e de lecture estim\u00e9e\" \/>\n\t<meta name=\"twitter:data1\" content=\"1 minute\" \/>\n<script type=\"application\/ld+json\" class=\"yoast-schema-graph\">{\"@context\":\"https:\\\/\\\/schema.org\",\"@graph\":[{\"@type\":\"WebPage\",\"@id\":\"https:\\\/\\\/www.neural-artistry.com\\\/shop\\\/home-garden\\\/decor\\\/artwork\\\/posters-prints-visual-artwork\\\/solar-mirage-art-print\\\/\",\"url\":\"https:\\\/\\\/www.neural-artistry.com\\\/shop\\\/home-garden\\\/decor\\\/artwork\\\/posters-prints-visual-artwork\\\/solar-mirage-art-print\\\/\",\"name\":\"Solar Mirage Art Print - Neural Artistry\",\"isPartOf\":{\"@id\":\"https:\\\/\\\/www.neural-artistry.com\\\/#website\"},\"primaryImageOfPage\":{\"@id\":\"https:\\\/\\\/www.neural-artistry.com\\\/shop\\\/home-garden\\\/decor\\\/artwork\\\/posters-prints-visual-artwork\\\/solar-mirage-art-print\\\/#primaryimage\"},\"image\":{\"@id\":\"https:\\\/\\\/www.neural-artistry.com\\\/shop\\\/home-garden\\\/decor\\\/artwork\\\/posters-prints-visual-artwork\\\/solar-mirage-art-print\\\/#primaryimage\"},\"thumbnailUrl\":\"https:\\\/\\\/www.neural-artistry.com\\\/wp-content\\\/uploads\\\/2025\\\/02\\\/neural-artistry-portfolio-298_mock_giant.jpg\",\"datePublished\":\"2025-02-13T13:18:08+00:00\",\"dateModified\":\"2025-05-06T13:36:08+00:00\",\"breadcrumb\":{\"@id\":\"https:\\\/\\\/www.neural-artistry.com\\\/shop\\\/home-garden\\\/decor\\\/artwork\\\/posters-prints-visual-artwork\\\/solar-mirage-art-print\\\/#breadcrumb\"},\"inLanguage\":\"fr-FR\",\"potentialAction\":[{\"@type\":\"ReadAction\",\"target\":[\"https:\\\/\\\/www.neural-artistry.com\\\/shop\\\/home-garden\\\/decor\\\/artwork\\\/posters-prints-visual-artwork\\\/solar-mirage-art-print\\\/\"]}]},{\"@type\":\"ImageObject\",\"inLanguage\":\"fr-FR\",\"@id\":\"https:\\\/\\\/www.neural-artistry.com\\\/shop\\\/home-garden\\\/decor\\\/artwork\\\/posters-prints-visual-artwork\\\/solar-mirage-art-print\\\/#primaryimage\",\"url\":\"https:\\\/\\\/www.neural-artistry.com\\\/wp-content\\\/uploads\\\/2025\\\/02\\\/neural-artistry-portfolio-298_mock_giant.jpg\",\"contentUrl\":\"https:\\\/\\\/www.neural-artistry.com\\\/wp-content\\\/uploads\\\/2025\\\/02\\\/neural-artistry-portfolio-298_mock_giant.jpg\",\"width\":2048,\"height\":2048},{\"@type\":\"BreadcrumbList\",\"@id\":\"https:\\\/\\\/www.neural-artistry.com\\\/shop\\\/home-garden\\\/decor\\\/artwork\\\/posters-prints-visual-artwork\\\/solar-mirage-art-print\\\/#breadcrumb\",\"itemListElement\":[{\"@type\":\"ListItem\",\"position\":1,\"name\":\"Home\",\"item\":\"https:\\\/\\\/www.neural-artistry.com\\\/\"},{\"@type\":\"ListItem\",\"position\":2,\"name\":\"Wall Art Prints \u2013 Custom Canvas &amp; Unique Posters\",\"item\":\"https:\\\/\\\/www.neural-artistry.com\\\/\"},{\"@type\":\"ListItem\",\"position\":3,\"name\":\"Solar Mirage Art Print\"}]},{\"@type\":\"WebSite\",\"@id\":\"https:\\\/\\\/www.neural-artistry.com\\\/#website\",\"url\":\"https:\\\/\\\/www.neural-artistry.com\\\/\",\"name\":\"Neural Artistry\",\"description\":\"AI Art Posters \u2013 Certified, Premium, Sold Only Once\",\"publisher\":{\"@id\":\"https:\\\/\\\/www.neural-artistry.com\\\/#organization\"},\"potentialAction\":[{\"@type\":\"SearchAction\",\"target\":{\"@type\":\"EntryPoint\",\"urlTemplate\":\"https:\\\/\\\/www.neural-artistry.com\\\/?s={search_term_string}\"},\"query-input\":{\"@type\":\"PropertyValueSpecification\",\"valueRequired\":true,\"valueName\":\"search_term_string\"}}],\"inLanguage\":\"fr-FR\"},{\"@type\":\"Organization\",\"@id\":\"https:\\\/\\\/www.neural-artistry.com\\\/#organization\",\"name\":\"Neural Artistry\",\"url\":\"https:\\\/\\\/www.neural-artistry.com\\\/\",\"logo\":{\"@type\":\"ImageObject\",\"inLanguage\":\"fr-FR\",\"@id\":\"https:\\\/\\\/www.neural-artistry.com\\\/#\\\/schema\\\/logo\\\/image\\\/\",\"url\":\"https:\\\/\\\/www.neural-artistry.com\\\/wp-content\\\/uploads\\\/2025\\\/08\\\/Web-Black-logo-no-background-scaled.webp\",\"contentUrl\":\"https:\\\/\\\/www.neural-artistry.com\\\/wp-content\\\/uploads\\\/2025\\\/08\\\/Web-Black-logo-no-background-scaled.webp\",\"width\":2560,\"height\":976,\"caption\":\"Neural Artistry\"},\"image\":{\"@id\":\"https:\\\/\\\/www.neural-artistry.com\\\/#\\\/schema\\\/logo\\\/image\\\/\"}}]}<\/script>\n<!-- \/ Yoast SEO plugin. -->","yoast_head_json":{"title":"Solar Mirage Art Print - Neural Artistry","robots":{"index":"index","follow":"follow","max-snippet":"max-snippet:-1","max-image-preview":"max-image-preview:large","max-video-preview":"max-video-preview:-1"},"canonical":"https:\/\/www.neural-artistry.com\/fr\/shop\/home-garden\/decor\/artwork\/posters-prints-visual-artwork\/solar-mirage-art-print\/","og_locale":"fr_FR","og_type":"article","og_title":"Solar Mirage Art Print - Neural Artistry","og_description":"A vision of surreal elegance, this art print blends futuristic fashion with a dreamlike desertscape in vibrant hues. Printed on premium Hahnem\u00fchle FineArt paper with UltraChrome Pro inks, each piece is signed and authenticated for a truly one-of-a-kind statement.","og_url":"https:\/\/www.neural-artistry.com\/fr\/shop\/home-garden\/decor\/artwork\/posters-prints-visual-artwork\/solar-mirage-art-print\/","og_site_name":"Neural Artistry","article_modified_time":"2025-05-06T13:36:08+00:00","og_image":[{"width":2048,"height":2048,"url":"https:\/\/www.neural-artistry.com\/wp-content\/uploads\/2025\/02\/neural-artistry-portfolio-298_mock_giant.jpg","type":"image\/jpeg"}],"twitter_card":"summary_large_image","twitter_misc":{"Dur\u00e9e de lecture estim\u00e9e":"1 minute"},"schema":{"@context":"https:\/\/schema.org","@graph":[{"@type":"WebPage","@id":"https:\/\/www.neural-artistry.com\/shop\/home-garden\/decor\/artwork\/posters-prints-visual-artwork\/solar-mirage-art-print\/","url":"https:\/\/www.neural-artistry.com\/shop\/home-garden\/decor\/artwork\/posters-prints-visual-artwork\/solar-mirage-art-print\/","name":"Solar Mirage Art Print - Neural Artistry","isPartOf":{"@id":"https:\/\/www.neural-artistry.com\/#website"},"primaryImageOfPage":{"@id":"https:\/\/www.neural-artistry.com\/shop\/home-garden\/decor\/artwork\/posters-prints-visual-artwork\/solar-mirage-art-print\/#primaryimage"},"image":{"@id":"https:\/\/www.neural-artistry.com\/shop\/home-garden\/decor\/artwork\/posters-prints-visual-artwork\/solar-mirage-art-print\/#primaryimage"},"thumbnailUrl":"https:\/\/www.neural-artistry.com\/wp-content\/uploads\/2025\/02\/neural-artistry-portfolio-298_mock_giant.jpg","datePublished":"2025-02-13T13:18:08+00:00","dateModified":"2025-05-06T13:36:08+00:00","breadcrumb":{"@id":"https:\/\/www.neural-artistry.com\/shop\/home-garden\/decor\/artwork\/posters-prints-visual-artwork\/solar-mirage-art-print\/#breadcrumb"},"inLanguage":"fr-FR","potentialAction":[{"@type":"ReadAction","target":["https:\/\/www.neural-artistry.com\/shop\/home-garden\/decor\/artwork\/posters-prints-visual-artwork\/solar-mirage-art-print\/"]}]},{"@type":"ImageObject","inLanguage":"fr-FR","@id":"https:\/\/www.neural-artistry.com\/shop\/home-garden\/decor\/artwork\/posters-prints-visual-artwork\/solar-mirage-art-print\/#primaryimage","url":"https:\/\/www.neural-artistry.com\/wp-content\/uploads\/2025\/02\/neural-artistry-portfolio-298_mock_giant.jpg","contentUrl":"https:\/\/www.neural-artistry.com\/wp-content\/uploads\/2025\/02\/neural-artistry-portfolio-298_mock_giant.jpg","width":2048,"height":2048},{"@type":"BreadcrumbList","@id":"https:\/\/www.neural-artistry.com\/shop\/home-garden\/decor\/artwork\/posters-prints-visual-artwork\/solar-mirage-art-print\/#breadcrumb","itemListElement":[{"@type":"ListItem","position":1,"name":"Home","item":"https:\/\/www.neural-artistry.com\/"},{"@type":"ListItem","position":2,"name":"Wall Art Prints \u2013 Custom Canvas &amp; Unique Posters","item":"https:\/\/www.neural-artistry.com\/"},{"@type":"ListItem","position":3,"name":"Solar Mirage Art Print"}]},{"@type":"WebSite","@id":"https:\/\/www.neural-artistry.com\/#website","url":"https:\/\/www.neural-artistry.com\/","name":"Neural Artistry","description":"Affiches d&#039;art IA \u2013 Certifi\u00e9es, premium, vendues une seule fois","publisher":{"@id":"https:\/\/www.neural-artistry.com\/#organization"},"potentialAction":[{"@type":"SearchAction","target":{"@type":"EntryPoint","urlTemplate":"https:\/\/www.neural-artistry.com\/?s={search_term_string}"},"query-input":{"@type":"PropertyValueSpecification","valueRequired":true,"valueName":"search_term_string"}}],"inLanguage":"fr-FR"},{"@type":"Organization","@id":"https:\/\/www.neural-artistry.com\/#organization","name":"Neural Artistry","url":"https:\/\/www.neural-artistry.com\/","logo":{"@type":"ImageObject","inLanguage":"fr-FR","@id":"https:\/\/www.neural-artistry.com\/#\/schema\/logo\/image\/","url":"https:\/\/www.neural-artistry.com\/wp-content\/uploads\/2025\/08\/Web-Black-logo-no-background-scaled.webp","contentUrl":"https:\/\/www.neural-artistry.com\/wp-content\/uploads\/2025\/08\/Web-Black-logo-no-background-scaled.webp","width":2560,"height":976,"caption":"Neural Artistry"},"image":{"@id":"https:\/\/www.neural-artistry.com\/#\/schema\/logo\/image\/"}}]}},"uagb_featured_image_src":{"full":["https:\/\/www.neural-artistry.com\/wp-content\/uploads\/2025\/02\/neural-artistry-portfolio-298_mock_giant.jpg",2048,2048,false],"thumbnail":["https:\/\/www.neural-artistry.com\/wp-content\/uploads\/2025\/02\/neural-artistry-portfolio-298_mock_giant-150x150.jpg",150,150,true],"medium":["https:\/\/www.neural-artistry.com\/wp-content\/uploads\/2025\/02\/neural-artistry-portfolio-298_mock_giant-300x300.jpg",300,300,true],"medium_large":["https:\/\/www.neural-artistry.com\/wp-content\/uploads\/2025\/02\/neural-artistry-portfolio-298_mock_giant-768x768.jpg",768,768,true],"large":["https:\/\/www.neural-artistry.com\/wp-content\/uploads\/2025\/02\/neural-artistry-portfolio-298_mock_giant-1024x1024.jpg",1024,1024,true],"1536x1536":["https:\/\/www.neural-artistry.com\/wp-content\/uploads\/2025\/02\/neural-artistry-portfolio-298_mock_giant-1536x1536.jpg",1536,1536,true],"2048x2048":["https:\/\/www.neural-artistry.com\/wp-content\/uploads\/2025\/02\/neural-artistry-portfolio-298_mock_giant.jpg",2048,2048,false],"trp-custom-language-flag":["https:\/\/www.neural-artistry.com\/wp-content\/uploads\/2025\/02\/neural-artistry-portfolio-298_mock_giant-12x12.jpg",12,12,true],"woocommerce_thumbnail":["https:\/\/www.neural-artistry.com\/wp-content\/uploads\/2025\/02\/neural-artistry-portfolio-298_mock_giant-450x450.jpg",450,450,true],"woocommerce_single":["https:\/\/www.neural-artistry.com\/wp-content\/uploads\/2025\/02\/neural-artistry-portfolio-298_mock_giant-600x600.jpg",600,600,true],"woocommerce_gallery_thumbnail":["https:\/\/www.neural-artistry.com\/wp-content\/uploads\/2025\/02\/neural-artistry-portfolio-298_mock_giant-100x100.jpg",100,100,true]},"uagb_author_info":{"display_name":"flake","author_link":"https:\/\/www.neural-artistry.com\/fr\/author\/"},"uagb_comment_info":0,"uagb_excerpt":"A vision of surreal elegance, this art print blends futuristic fashion with a dreamlike desertscape in vibrant hues. Printed on premium Hahnem\u00fchle FineArt paper with UltraChrome Pro inks, each piece is signed and authenticated for a truly one-of-a-kind statement.","_links":{"self":[{"href":"https:\/\/www.neural-artistry.com\/fr\/wp-json\/wp\/v2\/product\/11431","targetHints":{"allow":["GET"]}}],"collection":[{"href":"https:\/\/www.neural-artistry.com\/fr\/wp-json\/wp\/v2\/product"}],"about":[{"href":"https:\/\/www.neural-artistry.com\/fr\/wp-json\/wp\/v2\/types\/product"}],"replies":[{"embeddable":true,"href":"https:\/\/www.neural-artistry.com\/fr\/wp-json\/wp\/v2\/comments?post=11431"}],"wp:featuredmedia":[{"embeddable":true,"href":"https:\/\/www.neural-artistry.com\/fr\/wp-json\/wp\/v2\/media\/11025"}],"wp:attachment":[{"href":"https:\/\/www.neural-artistry.com\/fr\/wp-json\/wp\/v2\/media?parent=11431"}],"wp:term":[{"taxonomy":"product_brand","embeddable":true,"href":"https:\/\/www.neural-artistry.com\/fr\/wp-json\/wp\/v2\/product_brand?post=11431"},{"taxonomy":"product_cat","embeddable":true,"href":"https:\/\/www.neural-artistry.com\/fr\/wp-json\/wp\/v2\/product_cat?post=11431"},{"taxonomy":"product_tag","embeddable":true,"href":"https:\/\/www.neural-artistry.com\/fr\/wp-json\/wp\/v2\/product_tag?post=11431"}],"curies":[{"name":"wp","href":"https:\/\/api.w.org\/{rel}","templated":true}]}}