{"id":11434,"date":"2025-02-13T13:18:11","date_gmt":"2025-02-13T13:18:11","guid":{"rendered":"https:\/\/www.neural-artistry.com\/shop\/uncategorized\/glitched-citrus-balance-print\/"},"modified":"2025-05-06T13:35:52","modified_gmt":"2025-05-06T13:35:52","slug":"glitched-citrus-balance-print","status":"publish","type":"product","link":"https:\/\/www.neural-artistry.com\/fr\/shop\/home-garden\/decor\/artwork\/posters-prints-visual-artwork\/glitched-citrus-balance-print\/","title":{"rendered":"Impression d&#039;\u00e9quilibre des agrumes glitched"},"content":{"rendered":"<h3 style=\"color: #FAF5E5;\">Le surr\u00e9alisme vibrant rencontre le glitch r\u00e9tro \u2013 une d\u00e9claration audacieuse pour votre espace<\/h3>\n<p style=\"color: #FAF5E5;\">Plongez dans un monde o\u00f9 <strong>formes abstraites, esth\u00e9tique glitch et culture pop<\/strong> entrer en collision. Cette \u00e9lectrisation <strong>collage num\u00e9rique<\/strong> m\u00e9lange des oranges audacieuses avec des distorsions futuristes, cr\u00e9ant une composition surr\u00e9aliste mais ludique qui attire l&#039;attention. Que vous soyez attir\u00e9 par <strong>abstraction g\u00e9om\u00e9trique<\/strong> ou le charme nostalgique de <strong>art r\u00e9tro-futuriste<\/strong>, cette pi\u00e8ce offre une exp\u00e9rience visuelle saisissante.<\/p>\n<h3 style=\"color: #FAF5E5;\">Tailles et formats disponibles<\/h3>\n<ul style=\"color: #FAF5E5;\">\n<li>21,00 cm x 27,88 cm<\/li>\n<li>29,70 cm x 39,43 cm<\/li>\n<li>32,90 cm x 43,68 cm<\/li>\n<li>42,00 cm x 55,76 cm<\/li>\n<li>43,00 cm x 57,09 cm<\/li>\n<\/ul>\n<h3 style=\"color: #FAF5E5;\">Fabrication et qualit\u00e9 d&#039;impression haut de gamme<\/h3>\n<p style=\"color: #FAF5E5;\">Ce <strong>affiche de qualit\u00e9 mus\u00e9e<\/strong> est imprim\u00e9 sur <strong>Papier FineArt Hahnem\u00fchle<\/strong>, garantissant une profondeur de couleur riche et vibrante avec une long\u00e9vit\u00e9 archivistique. <strong>Encres UltraChrome Pro<\/strong>, chaque d\u00e9tail est m\u00e9ticuleusement rendu pour une finition de haute qualit\u00e9 et r\u00e9sistante \u00e0 la d\u00e9coloration.<\/p>\n<h3 style=\"color: #FAF5E5;\">Authenticit\u00e9 exclusive et certifi\u00e9e<\/h3>\n<p style=\"color: #FAF5E5;\">Chaque impression est une <strong>pi\u00e8ce unique, sign\u00e9e et authentifi\u00e9e<\/strong> pi\u00e8ce, ce qui en fait un ajout pr\u00e9cieux \u00e0 toute collection d&#039;art. Poss\u00e9dez une \u0153uvre d&#039;art exclusive qui se d\u00e9marque.<\/p>\n<h3 style=\"color: #FAF5E5;\">Parfait pour les espaces modernes et \u00e9clectiques<\/h3>\n<p style=\"color: #FAF5E5;\">Cette composition dynamique rehausse n&#039;importe quel espace avec son \u00e9nergie audacieuse et son attrait futuriste. Id\u00e9al pour :<\/p>\n<ul style=\"color: #FAF5E5;\">\n<li><strong>Salons<\/strong> \u2013 Ajoutez une touche de couleur et d\u2019intrigue \u00e0 votre d\u00e9cor.<\/li>\n<li><strong>Bureaux et studios cr\u00e9atifs<\/strong> \u2013 Inspirez la cr\u00e9ativit\u00e9 avec une esth\u00e9tique avant-gardiste.<\/li>\n<li><strong>Configurations de jeu<\/strong> \u2013 \u00c9levez votre espace avec une ambiance inspir\u00e9e du cyberpunk.<\/li>\n<\/ul>\n<h3 style=\"color: #FAF5E5;\">Commandez votre tirage en \u00e9dition limit\u00e9e aujourd&#039;hui<\/h3>\n<p style=\"color: #FAF5E5;\">Ramenez \u00e0 la maison un <strong>affiche imprim\u00e9e de haute qualit\u00e9<\/strong> qui se m\u00e9lange <strong>surr\u00e9alisme, glitch art et culture pop<\/strong> en un chef-d\u2019\u0153uvre visuellement \u00e9poustouflant. <strong>Achetez maintenant<\/strong> et poss\u00e9dez une \u0153uvre d\u2019art unique qui suscite la conversation et la cr\u00e9ativit\u00e9.<\/p>","protected":false},"excerpt":{"rendered":"<p>Fusion audacieuse du surr\u00e9alisme et de l&#039;art glitch, cette impression vibrante r\u00e9invente l&#039;esth\u00e9tique r\u00e9tro avec une touche de modernit\u00e9. Imprim\u00e9e sur du papier Hahnem\u00fchle FineArt haut de gamme avec des encres UltraChrome Pro, chaque pi\u00e8ce est sign\u00e9e et authentifi\u00e9e pour une d\u00e9claration vraiment unique en son genre.<\/p>","protected":false},"featured_media":11043,"comment_status":"open","ping_status":"closed","template":"","meta":{"_uag_custom_page_level_css":""},"product_brand":[874],"product_cat":[724,740,744,1268],"product_tag":[932,55,948,1213,897,1064,889,895,32,887],"class_list":{"0":"post-11434","1":"product","2":"type-product","3":"status-publish","4":"has-post-thumbnail","6":"product_brand-neural-artistry","7":"product_cat-abstract-forms","8":"product_cat-conceptual-art","9":"product_cat-pop-culture","10":"product_cat-posters-prints-visual-artwork","11":"product_tag-abstract","12":"product_tag-bold-colors","13":"product_tag-geometric","14":"product_tag-juxtaposition","15":"product_tag-modern","16":"product_tag-orange","17":"product_tag-playful","18":"product_tag-retro","19":"product_tag-surrealism","20":"product_tag-vibrant","21":"product_shipping_class-chronopost","22":"pa_finish-type-glossy-finish","23":"pa_finish-type-matte-finish","24":"pa_margins-with","25":"pa_margins-without","26":"pa_medium-technique-digital-collage","27":"pa_medium-technique-glitch-art","28":"pa_medium-technique-photomanipulation","29":"pa_mood-ambiance-futuristic","30":"pa_mood-ambiance-surreal","31":"pa_mood-ambiance-vibrant","32":"pa_orientation-portrait","33":"pa_size-21-00cmx27-88cm","34":"pa_size-29-70cmx39-43cm","35":"pa_size-32-90cmx43-68cm","36":"pa_size-42-00cmx55-76cm","37":"pa_size-43-00cmx57-09cm","38":"pa_style-movement-glitch-art","39":"pa_style-movement-pop-art","40":"pa_style-movement-surrealism","42":"first","43":"instock","44":"sold-individually","45":"taxable","46":"shipping-taxable","47":"purchasable","48":"product-type-variable","49":"has-default-attributes"},"yoast_head":"<!-- This site is optimized with the Yoast SEO plugin v27.5 - https:\/\/yoast.com\/product\/yoast-seo-wordpress\/ -->\n<title>Glitched Citrus Balance Print - Neural Artistry<\/title>\n<meta name=\"robots\" content=\"index, follow, max-snippet:-1, max-image-preview:large, max-video-preview:-1\" \/>\n<link rel=\"canonical\" href=\"https:\/\/www.neural-artistry.com\/fr\/shop\/home-garden\/decor\/artwork\/posters-prints-visual-artwork\/glitched-citrus-balance-print\/\" \/>\n<meta property=\"og:locale\" content=\"fr_FR\" \/>\n<meta property=\"og:type\" content=\"article\" \/>\n<meta property=\"og:title\" content=\"Glitched Citrus Balance Print - Neural Artistry\" \/>\n<meta property=\"og:description\" content=\"A bold fusion of surrealism and glitch art, this vibrant print reimagines retro aesthetics with a modern twist. Printed on premium Hahnem\u00fchle FineArt paper with UltraChrome Pro inks, each piece is signed and authenticated for a truly one-of-a-kind statement.\" \/>\n<meta property=\"og:url\" content=\"https:\/\/www.neural-artistry.com\/fr\/shop\/home-garden\/decor\/artwork\/posters-prints-visual-artwork\/glitched-citrus-balance-print\/\" \/>\n<meta property=\"og:site_name\" content=\"Neural Artistry\" \/>\n<meta property=\"article:modified_time\" content=\"2025-05-06T13:35:52+00:00\" \/>\n<meta property=\"og:image\" content=\"https:\/\/www.neural-artistry.com\/wp-content\/uploads\/2025\/02\/neural-artistry-portfolio-301_mock_giant.jpg\" \/>\n\t<meta property=\"og:image:width\" content=\"2048\" \/>\n\t<meta property=\"og:image:height\" content=\"2048\" \/>\n\t<meta property=\"og:image:type\" content=\"image\/jpeg\" \/>\n<meta name=\"twitter:card\" content=\"summary_large_image\" \/>\n<meta name=\"twitter:label1\" content=\"Dur\u00e9e de lecture estim\u00e9e\" \/>\n\t<meta name=\"twitter:data1\" content=\"1 minute\" \/>\n<script type=\"application\/ld+json\" class=\"yoast-schema-graph\">{\"@context\":\"https:\\\/\\\/schema.org\",\"@graph\":[{\"@type\":\"WebPage\",\"@id\":\"https:\\\/\\\/www.neural-artistry.com\\\/shop\\\/home-garden\\\/decor\\\/artwork\\\/posters-prints-visual-artwork\\\/glitched-citrus-balance-print\\\/\",\"url\":\"https:\\\/\\\/www.neural-artistry.com\\\/shop\\\/home-garden\\\/decor\\\/artwork\\\/posters-prints-visual-artwork\\\/glitched-citrus-balance-print\\\/\",\"name\":\"Glitched Citrus Balance Print - Neural Artistry\",\"isPartOf\":{\"@id\":\"https:\\\/\\\/www.neural-artistry.com\\\/#website\"},\"primaryImageOfPage\":{\"@id\":\"https:\\\/\\\/www.neural-artistry.com\\\/shop\\\/home-garden\\\/decor\\\/artwork\\\/posters-prints-visual-artwork\\\/glitched-citrus-balance-print\\\/#primaryimage\"},\"image\":{\"@id\":\"https:\\\/\\\/www.neural-artistry.com\\\/shop\\\/home-garden\\\/decor\\\/artwork\\\/posters-prints-visual-artwork\\\/glitched-citrus-balance-print\\\/#primaryimage\"},\"thumbnailUrl\":\"https:\\\/\\\/www.neural-artistry.com\\\/wp-content\\\/uploads\\\/2025\\\/02\\\/neural-artistry-portfolio-301_mock_giant.jpg\",\"datePublished\":\"2025-02-13T13:18:11+00:00\",\"dateModified\":\"2025-05-06T13:35:52+00:00\",\"breadcrumb\":{\"@id\":\"https:\\\/\\\/www.neural-artistry.com\\\/shop\\\/home-garden\\\/decor\\\/artwork\\\/posters-prints-visual-artwork\\\/glitched-citrus-balance-print\\\/#breadcrumb\"},\"inLanguage\":\"fr-FR\",\"potentialAction\":[{\"@type\":\"ReadAction\",\"target\":[\"https:\\\/\\\/www.neural-artistry.com\\\/shop\\\/home-garden\\\/decor\\\/artwork\\\/posters-prints-visual-artwork\\\/glitched-citrus-balance-print\\\/\"]}]},{\"@type\":\"ImageObject\",\"inLanguage\":\"fr-FR\",\"@id\":\"https:\\\/\\\/www.neural-artistry.com\\\/shop\\\/home-garden\\\/decor\\\/artwork\\\/posters-prints-visual-artwork\\\/glitched-citrus-balance-print\\\/#primaryimage\",\"url\":\"https:\\\/\\\/www.neural-artistry.com\\\/wp-content\\\/uploads\\\/2025\\\/02\\\/neural-artistry-portfolio-301_mock_giant.jpg\",\"contentUrl\":\"https:\\\/\\\/www.neural-artistry.com\\\/wp-content\\\/uploads\\\/2025\\\/02\\\/neural-artistry-portfolio-301_mock_giant.jpg\",\"width\":2048,\"height\":2048},{\"@type\":\"BreadcrumbList\",\"@id\":\"https:\\\/\\\/www.neural-artistry.com\\\/shop\\\/home-garden\\\/decor\\\/artwork\\\/posters-prints-visual-artwork\\\/glitched-citrus-balance-print\\\/#breadcrumb\",\"itemListElement\":[{\"@type\":\"ListItem\",\"position\":1,\"name\":\"Home\",\"item\":\"https:\\\/\\\/www.neural-artistry.com\\\/\"},{\"@type\":\"ListItem\",\"position\":2,\"name\":\"Wall Art Prints \u2013 Custom Canvas &amp; Unique Posters\",\"item\":\"https:\\\/\\\/www.neural-artistry.com\\\/\"},{\"@type\":\"ListItem\",\"position\":3,\"name\":\"Glitched Citrus Balance Print\"}]},{\"@type\":\"WebSite\",\"@id\":\"https:\\\/\\\/www.neural-artistry.com\\\/#website\",\"url\":\"https:\\\/\\\/www.neural-artistry.com\\\/\",\"name\":\"Neural Artistry\",\"description\":\"AI Art Posters \u2013 Certified, Premium, Sold Only Once\",\"publisher\":{\"@id\":\"https:\\\/\\\/www.neural-artistry.com\\\/#organization\"},\"potentialAction\":[{\"@type\":\"SearchAction\",\"target\":{\"@type\":\"EntryPoint\",\"urlTemplate\":\"https:\\\/\\\/www.neural-artistry.com\\\/?s={search_term_string}\"},\"query-input\":{\"@type\":\"PropertyValueSpecification\",\"valueRequired\":true,\"valueName\":\"search_term_string\"}}],\"inLanguage\":\"fr-FR\"},{\"@type\":\"Organization\",\"@id\":\"https:\\\/\\\/www.neural-artistry.com\\\/#organization\",\"name\":\"Neural Artistry\",\"url\":\"https:\\\/\\\/www.neural-artistry.com\\\/\",\"logo\":{\"@type\":\"ImageObject\",\"inLanguage\":\"fr-FR\",\"@id\":\"https:\\\/\\\/www.neural-artistry.com\\\/#\\\/schema\\\/logo\\\/image\\\/\",\"url\":\"https:\\\/\\\/www.neural-artistry.com\\\/wp-content\\\/uploads\\\/2025\\\/08\\\/Web-Black-logo-no-background-scaled.webp\",\"contentUrl\":\"https:\\\/\\\/www.neural-artistry.com\\\/wp-content\\\/uploads\\\/2025\\\/08\\\/Web-Black-logo-no-background-scaled.webp\",\"width\":2560,\"height\":976,\"caption\":\"Neural Artistry\"},\"image\":{\"@id\":\"https:\\\/\\\/www.neural-artistry.com\\\/#\\\/schema\\\/logo\\\/image\\\/\"}}]}<\/script>\n<!-- \/ Yoast SEO plugin. -->","yoast_head_json":{"title":"Glitched Citrus Balance Print - Neural Artistry","robots":{"index":"index","follow":"follow","max-snippet":"max-snippet:-1","max-image-preview":"max-image-preview:large","max-video-preview":"max-video-preview:-1"},"canonical":"https:\/\/www.neural-artistry.com\/fr\/shop\/home-garden\/decor\/artwork\/posters-prints-visual-artwork\/glitched-citrus-balance-print\/","og_locale":"fr_FR","og_type":"article","og_title":"Glitched Citrus Balance Print - Neural Artistry","og_description":"A bold fusion of surrealism and glitch art, this vibrant print reimagines retro aesthetics with a modern twist. Printed on premium Hahnem\u00fchle FineArt paper with UltraChrome Pro inks, each piece is signed and authenticated for a truly one-of-a-kind statement.","og_url":"https:\/\/www.neural-artistry.com\/fr\/shop\/home-garden\/decor\/artwork\/posters-prints-visual-artwork\/glitched-citrus-balance-print\/","og_site_name":"Neural Artistry","article_modified_time":"2025-05-06T13:35:52+00:00","og_image":[{"width":2048,"height":2048,"url":"https:\/\/www.neural-artistry.com\/wp-content\/uploads\/2025\/02\/neural-artistry-portfolio-301_mock_giant.jpg","type":"image\/jpeg"}],"twitter_card":"summary_large_image","twitter_misc":{"Dur\u00e9e de lecture estim\u00e9e":"1 minute"},"schema":{"@context":"https:\/\/schema.org","@graph":[{"@type":"WebPage","@id":"https:\/\/www.neural-artistry.com\/shop\/home-garden\/decor\/artwork\/posters-prints-visual-artwork\/glitched-citrus-balance-print\/","url":"https:\/\/www.neural-artistry.com\/shop\/home-garden\/decor\/artwork\/posters-prints-visual-artwork\/glitched-citrus-balance-print\/","name":"Glitched Citrus Balance Print - Neural Artistry","isPartOf":{"@id":"https:\/\/www.neural-artistry.com\/#website"},"primaryImageOfPage":{"@id":"https:\/\/www.neural-artistry.com\/shop\/home-garden\/decor\/artwork\/posters-prints-visual-artwork\/glitched-citrus-balance-print\/#primaryimage"},"image":{"@id":"https:\/\/www.neural-artistry.com\/shop\/home-garden\/decor\/artwork\/posters-prints-visual-artwork\/glitched-citrus-balance-print\/#primaryimage"},"thumbnailUrl":"https:\/\/www.neural-artistry.com\/wp-content\/uploads\/2025\/02\/neural-artistry-portfolio-301_mock_giant.jpg","datePublished":"2025-02-13T13:18:11+00:00","dateModified":"2025-05-06T13:35:52+00:00","breadcrumb":{"@id":"https:\/\/www.neural-artistry.com\/shop\/home-garden\/decor\/artwork\/posters-prints-visual-artwork\/glitched-citrus-balance-print\/#breadcrumb"},"inLanguage":"fr-FR","potentialAction":[{"@type":"ReadAction","target":["https:\/\/www.neural-artistry.com\/shop\/home-garden\/decor\/artwork\/posters-prints-visual-artwork\/glitched-citrus-balance-print\/"]}]},{"@type":"ImageObject","inLanguage":"fr-FR","@id":"https:\/\/www.neural-artistry.com\/shop\/home-garden\/decor\/artwork\/posters-prints-visual-artwork\/glitched-citrus-balance-print\/#primaryimage","url":"https:\/\/www.neural-artistry.com\/wp-content\/uploads\/2025\/02\/neural-artistry-portfolio-301_mock_giant.jpg","contentUrl":"https:\/\/www.neural-artistry.com\/wp-content\/uploads\/2025\/02\/neural-artistry-portfolio-301_mock_giant.jpg","width":2048,"height":2048},{"@type":"BreadcrumbList","@id":"https:\/\/www.neural-artistry.com\/shop\/home-garden\/decor\/artwork\/posters-prints-visual-artwork\/glitched-citrus-balance-print\/#breadcrumb","itemListElement":[{"@type":"ListItem","position":1,"name":"Home","item":"https:\/\/www.neural-artistry.com\/"},{"@type":"ListItem","position":2,"name":"Wall Art Prints \u2013 Custom Canvas &amp; Unique Posters","item":"https:\/\/www.neural-artistry.com\/"},{"@type":"ListItem","position":3,"name":"Glitched Citrus Balance Print"}]},{"@type":"WebSite","@id":"https:\/\/www.neural-artistry.com\/#website","url":"https:\/\/www.neural-artistry.com\/","name":"Neural Artistry","description":"Affiches d&#039;art IA \u2013 Certifi\u00e9es, premium, vendues une seule fois","publisher":{"@id":"https:\/\/www.neural-artistry.com\/#organization"},"potentialAction":[{"@type":"SearchAction","target":{"@type":"EntryPoint","urlTemplate":"https:\/\/www.neural-artistry.com\/?s={search_term_string}"},"query-input":{"@type":"PropertyValueSpecification","valueRequired":true,"valueName":"search_term_string"}}],"inLanguage":"fr-FR"},{"@type":"Organization","@id":"https:\/\/www.neural-artistry.com\/#organization","name":"Neural Artistry","url":"https:\/\/www.neural-artistry.com\/","logo":{"@type":"ImageObject","inLanguage":"fr-FR","@id":"https:\/\/www.neural-artistry.com\/#\/schema\/logo\/image\/","url":"https:\/\/www.neural-artistry.com\/wp-content\/uploads\/2025\/08\/Web-Black-logo-no-background-scaled.webp","contentUrl":"https:\/\/www.neural-artistry.com\/wp-content\/uploads\/2025\/08\/Web-Black-logo-no-background-scaled.webp","width":2560,"height":976,"caption":"Neural Artistry"},"image":{"@id":"https:\/\/www.neural-artistry.com\/#\/schema\/logo\/image\/"}}]}},"uagb_featured_image_src":{"full":["https:\/\/www.neural-artistry.com\/wp-content\/uploads\/2025\/02\/neural-artistry-portfolio-301_mock_giant.jpg",2048,2048,false],"thumbnail":["https:\/\/www.neural-artistry.com\/wp-content\/uploads\/2025\/02\/neural-artistry-portfolio-301_mock_giant-150x150.jpg",150,150,true],"medium":["https:\/\/www.neural-artistry.com\/wp-content\/uploads\/2025\/02\/neural-artistry-portfolio-301_mock_giant-300x300.jpg",300,300,true],"medium_large":["https:\/\/www.neural-artistry.com\/wp-content\/uploads\/2025\/02\/neural-artistry-portfolio-301_mock_giant-768x768.jpg",768,768,true],"large":["https:\/\/www.neural-artistry.com\/wp-content\/uploads\/2025\/02\/neural-artistry-portfolio-301_mock_giant-1024x1024.jpg",1024,1024,true],"1536x1536":["https:\/\/www.neural-artistry.com\/wp-content\/uploads\/2025\/02\/neural-artistry-portfolio-301_mock_giant-1536x1536.jpg",1536,1536,true],"2048x2048":["https:\/\/www.neural-artistry.com\/wp-content\/uploads\/2025\/02\/neural-artistry-portfolio-301_mock_giant.jpg",2048,2048,false],"trp-custom-language-flag":["https:\/\/www.neural-artistry.com\/wp-content\/uploads\/2025\/02\/neural-artistry-portfolio-301_mock_giant-12x12.jpg",12,12,true],"woocommerce_thumbnail":["https:\/\/www.neural-artistry.com\/wp-content\/uploads\/2025\/02\/neural-artistry-portfolio-301_mock_giant-450x450.jpg",450,450,true],"woocommerce_single":["https:\/\/www.neural-artistry.com\/wp-content\/uploads\/2025\/02\/neural-artistry-portfolio-301_mock_giant-600x600.jpg",600,600,true],"woocommerce_gallery_thumbnail":["https:\/\/www.neural-artistry.com\/wp-content\/uploads\/2025\/02\/neural-artistry-portfolio-301_mock_giant-100x100.jpg",100,100,true]},"uagb_author_info":{"display_name":"flake","author_link":"https:\/\/www.neural-artistry.com\/fr\/author\/"},"uagb_comment_info":0,"uagb_excerpt":"A bold fusion of surrealism and glitch art, this vibrant print reimagines retro aesthetics with a modern twist. Printed on premium Hahnem\u00fchle FineArt paper with UltraChrome Pro inks, each piece is signed and authenticated for a truly one-of-a-kind statement.","_links":{"self":[{"href":"https:\/\/www.neural-artistry.com\/fr\/wp-json\/wp\/v2\/product\/11434","targetHints":{"allow":["GET"]}}],"collection":[{"href":"https:\/\/www.neural-artistry.com\/fr\/wp-json\/wp\/v2\/product"}],"about":[{"href":"https:\/\/www.neural-artistry.com\/fr\/wp-json\/wp\/v2\/types\/product"}],"replies":[{"embeddable":true,"href":"https:\/\/www.neural-artistry.com\/fr\/wp-json\/wp\/v2\/comments?post=11434"}],"wp:featuredmedia":[{"embeddable":true,"href":"https:\/\/www.neural-artistry.com\/fr\/wp-json\/wp\/v2\/media\/11043"}],"wp:attachment":[{"href":"https:\/\/www.neural-artistry.com\/fr\/wp-json\/wp\/v2\/media?parent=11434"}],"wp:term":[{"taxonomy":"product_brand","embeddable":true,"href":"https:\/\/www.neural-artistry.com\/fr\/wp-json\/wp\/v2\/product_brand?post=11434"},{"taxonomy":"product_cat","embeddable":true,"href":"https:\/\/www.neural-artistry.com\/fr\/wp-json\/wp\/v2\/product_cat?post=11434"},{"taxonomy":"product_tag","embeddable":true,"href":"https:\/\/www.neural-artistry.com\/fr\/wp-json\/wp\/v2\/product_tag?post=11434"}],"curies":[{"name":"wp","href":"https:\/\/api.w.org\/{rel}","templated":true}]}}