{"id":11454,"date":"2025-02-13T13:18:38","date_gmt":"2025-02-13T13:18:38","guid":{"rendered":"https:\/\/www.neural-artistry.com\/shop\/uncategorized\/shadow-and-scarlet-art-print-2\/"},"modified":"2025-05-06T13:34:19","modified_gmt":"2025-05-06T13:34:19","slug":"shadow-and-scarlet-art-print-2","status":"publish","type":"product","link":"https:\/\/www.neural-artistry.com\/fr\/shop\/home-garden\/decor\/artwork\/posters-prints-visual-artwork\/shadow-and-scarlet-art-print-2\/","title":{"rendered":"Impression d&#039;art Ombre et \u00e9carlate"},"content":{"rendered":"<h3 style=\"color: #FAF5E5;\">Une d\u00e9claration audacieuse de myst\u00e8re et de glamour<\/h3>\n<p style=\"color: #FAF5E5;\">Entrez dans un monde d&#039;\u00e9l\u00e9gance et d&#039;intrigue avec ce <strong>affiche imprim\u00e9e exclusive et de haute qualit\u00e9<\/strong>. Pr\u00e9sentant un m\u00e9lange saisissant de <strong>Pop Art, Surr\u00e9alisme et Art Conceptuel<\/strong>, cette pi\u00e8ce capture l&#039;essence du myst\u00e8re et du glamour. Le contraste audacieux de <strong>rouge, noir et blanc<\/strong> cr\u00e9e une composition visuellement saisissante, ce qui en fait un ajout parfait \u00e0 tout espace moderne.<\/p>\n<h3 style=\"color: #FAF5E5;\">Tailles et formats disponibles<\/h3>\n<ul style=\"color: #FAF5E5;\">\n<li>21,00 cm x 27,88 cm<\/li>\n<li>29,70 cm x 39,43 cm<\/li>\n<li>32,90 cm x 43,68 cm<\/li>\n<li>42,00 cm x 55,76 cm<\/li>\n<li>43,00 cm x 57,09 cm<\/li>\n<\/ul>\n<h3 style=\"color: #FAF5E5;\">Savoir-faire haut de gamme et impression de qualit\u00e9 archivistique<\/h3>\n<p style=\"color: #FAF5E5;\">Chaque affiche est m\u00e9ticuleusement con\u00e7ue \u00e0 l&#039;aide <strong>Papier FineArt Hahnem\u00fchle<\/strong>, garantissant une texture luxueuse et une qualit\u00e9 digne d&#039;un mus\u00e9e. Imprim\u00e9 avec <strong>Encres UltraChrome Pro<\/strong>, cette \u0153uvre d&#039;art pr\u00e9sente une profondeur de couleur exceptionnelle, des d\u00e9tails nets et <strong>durabilit\u00e9 r\u00e9sistante \u00e0 la d\u00e9coloration<\/strong> pour une vitalit\u00e9 durable.<\/p>\n<h3 style=\"color: #FAF5E5;\">Certificat d&#039;authenticit\u00e9<\/h3>\n<p style=\"color: #FAF5E5;\">C&#039;est un <strong>pi\u00e8ce unique, sign\u00e9e et authentifi\u00e9e<\/strong> Impression d&#039;art, ce qui en fait un objet de collection exclusif. Chaque pi\u00e8ce est accompagn\u00e9e d&#039;un certificat d&#039;authenticit\u00e9, garantissant son originalit\u00e9 et sa valeur.<\/p>\n<h3 style=\"color: #FAF5E5;\">Parfait pour n&#039;importe quel espace<\/h3>\n<p style=\"color: #FAF5E5;\">Cette \u0153uvre d&#039;art audacieuse et dramatique est id\u00e9ale pour :<\/p>\n<ul style=\"color: #FAF5E5;\">\n<li><strong>Pi\u00e8ces \u00e0 vivre :<\/strong> Rehaussez votre d\u00e9cor avec une touche de myst\u00e8re et de sophistication.<\/li>\n<li><strong>Espaces de bureaux :<\/strong> Faites une d\u00e9claration audacieuse dans votre espace de travail avec ce visuel saisissant.<\/li>\n<li><strong>Configurations de jeu\u00a0:<\/strong> Ajoutez une ambiance \u00e9l\u00e9gante et avant-gardiste \u00e0 votre environnement de jeu ou de streaming.<\/li>\n<li><strong>Ateliers de mode :<\/strong> Une coupe parfaite pour ceux qui appr\u00e9cient la haute couture et l\u2019expression artistique.<\/li>\n<\/ul>\n<h3 style=\"color: #FAF5E5;\">Finition mate ou brillante \u2013 votre choix<\/h3>\n<p style=\"color: #FAF5E5;\">Personnalisez votre impression avec un <strong>finition mate \u00e9l\u00e9gante<\/strong> pour un look raffin\u00e9 et non r\u00e9fl\u00e9chissant ou un <strong>finition brillante<\/strong> pour une vivacit\u00e9 et une profondeur accrues.<\/p>\n<h3 style=\"color: #FAF5E5;\">Achetez cette \u0153uvre d&#039;art exclusive d\u00e8s aujourd&#039;hui<\/h3>\n<p style=\"color: #FAF5E5;\">Ram\u00e8ne \u00e7a \u00e0 la maison <strong>affiche imprim\u00e9e en \u00e9dition limit\u00e9e et de haute qualit\u00e9<\/strong> et transformez votre espace avec son esth\u00e9tique audacieuse. Que vous soyez un collectionneur, un passionn\u00e9 d&#039;art ou que vous recherchiez la <strong>cadeau unique parfait<\/strong>, cette pi\u00e8ce est un incontournable. <strong>Commandez maintenant et d\u00e9couvrez le charme des impressions d&#039;art haut de gamme !<\/strong><\/p>","protected":false},"excerpt":{"rendered":"<p>Fusion saisissante de myst\u00e8re et de glamour, cette impression d&#039;art audacieuse captive par son \u00e9l\u00e9gance \u00e0 contraste \u00e9lev\u00e9. Imprim\u00e9e sur du papier Hahnem\u00fchle FineArt avec des encres UltraChrome Pro, chaque pi\u00e8ce est sign\u00e9e et authentifi\u00e9e pour un ajout v\u00e9ritablement exclusif \u00e0 votre espace.<\/p>","protected":false},"featured_media":11163,"comment_status":"open","ping_status":"closed","template":"","meta":{"_uag_custom_page_level_css":""},"product_brand":[874],"product_cat":[740,744,725,1268],"product_tag":[976,891,965,915,901,1046,931,1003,908,1088],"class_list":{"0":"post-11454","1":"product","2":"type-product","3":"status-publish","4":"has-post-thumbnail","6":"product_brand-neural-artistry","7":"product_cat-conceptual-art","8":"product_cat-pop-culture","9":"product_cat-portraits","10":"product_cat-posters-prints-visual-artwork","11":"product_tag-black","12":"product_tag-bold","13":"product_tag-chic","14":"product_tag-contrast","15":"product_tag-fashion","16":"product_tag-glamour","17":"product_tag-minimalist","18":"product_tag-mystery","19":"product_tag-red","20":"product_tag-white","21":"product_shipping_class-chronopost","22":"pa_finish-type-glossy-finish","23":"pa_finish-type-matte-finish","24":"pa_margins-with","25":"pa_margins-without","26":"pa_medium-technique-digital-painting","27":"pa_medium-technique-mixed-media-digital","28":"pa_medium-technique-photomanipulation","29":"pa_mood-ambiance-bold","30":"pa_mood-ambiance-dramatic","31":"pa_mood-ambiance-mysterious","32":"pa_orientation-portrait","33":"pa_size-21-00cmx27-88cm","34":"pa_size-29-70cmx39-43cm","35":"pa_size-32-90cmx43-68cm","36":"pa_size-42-00cmx55-76cm","37":"pa_size-43-00cmx57-09cm","38":"pa_style-movement-concept-art","39":"pa_style-movement-pop-art","40":"pa_style-movement-surrealism","42":"first","43":"instock","44":"sold-individually","45":"taxable","46":"shipping-taxable","47":"purchasable","48":"product-type-variable","49":"has-default-attributes"},"yoast_head":"<!-- This site is optimized with the Yoast SEO plugin v27.5 - https:\/\/yoast.com\/product\/yoast-seo-wordpress\/ -->\n<title>Shadow and Scarlet Art Print - Neural Artistry<\/title>\n<meta name=\"robots\" content=\"index, follow, max-snippet:-1, max-image-preview:large, max-video-preview:-1\" \/>\n<link rel=\"canonical\" href=\"https:\/\/www.neural-artistry.com\/fr\/shop\/home-garden\/decor\/artwork\/posters-prints-visual-artwork\/shadow-and-scarlet-art-print-2\/\" \/>\n<meta property=\"og:locale\" content=\"fr_FR\" \/>\n<meta property=\"og:type\" content=\"article\" \/>\n<meta property=\"og:title\" content=\"Shadow and Scarlet Art Print - Neural Artistry\" \/>\n<meta property=\"og:description\" content=\"A striking fusion of mystery and glamour, this bold art print captivates with high-contrast elegance. Printed on Hahnem\u00fchle FineArt paper with UltraChrome Pro inks, each piece is signed and authenticated for a truly exclusive addition to your space.\" \/>\n<meta property=\"og:url\" content=\"https:\/\/www.neural-artistry.com\/fr\/shop\/home-garden\/decor\/artwork\/posters-prints-visual-artwork\/shadow-and-scarlet-art-print-2\/\" \/>\n<meta property=\"og:site_name\" content=\"Neural Artistry\" \/>\n<meta property=\"article:modified_time\" content=\"2025-05-06T13:34:19+00:00\" \/>\n<meta property=\"og:image\" content=\"https:\/\/www.neural-artistry.com\/wp-content\/uploads\/2025\/02\/neural-artistry-portfolio-321_mock_giant.jpg\" \/>\n\t<meta property=\"og:image:width\" content=\"2048\" \/>\n\t<meta property=\"og:image:height\" content=\"2048\" \/>\n\t<meta property=\"og:image:type\" content=\"image\/jpeg\" \/>\n<meta name=\"twitter:card\" content=\"summary_large_image\" \/>\n<meta name=\"twitter:label1\" content=\"Dur\u00e9e de lecture estim\u00e9e\" \/>\n\t<meta name=\"twitter:data1\" content=\"1 minute\" \/>\n<script type=\"application\/ld+json\" class=\"yoast-schema-graph\">{\"@context\":\"https:\\\/\\\/schema.org\",\"@graph\":[{\"@type\":\"WebPage\",\"@id\":\"https:\\\/\\\/www.neural-artistry.com\\\/shop\\\/home-garden\\\/decor\\\/artwork\\\/posters-prints-visual-artwork\\\/shadow-and-scarlet-art-print-2\\\/\",\"url\":\"https:\\\/\\\/www.neural-artistry.com\\\/shop\\\/home-garden\\\/decor\\\/artwork\\\/posters-prints-visual-artwork\\\/shadow-and-scarlet-art-print-2\\\/\",\"name\":\"Shadow and Scarlet Art Print - Neural Artistry\",\"isPartOf\":{\"@id\":\"https:\\\/\\\/www.neural-artistry.com\\\/#website\"},\"primaryImageOfPage\":{\"@id\":\"https:\\\/\\\/www.neural-artistry.com\\\/shop\\\/home-garden\\\/decor\\\/artwork\\\/posters-prints-visual-artwork\\\/shadow-and-scarlet-art-print-2\\\/#primaryimage\"},\"image\":{\"@id\":\"https:\\\/\\\/www.neural-artistry.com\\\/shop\\\/home-garden\\\/decor\\\/artwork\\\/posters-prints-visual-artwork\\\/shadow-and-scarlet-art-print-2\\\/#primaryimage\"},\"thumbnailUrl\":\"https:\\\/\\\/www.neural-artistry.com\\\/wp-content\\\/uploads\\\/2025\\\/02\\\/neural-artistry-portfolio-321_mock_giant.jpg\",\"datePublished\":\"2025-02-13T13:18:38+00:00\",\"dateModified\":\"2025-05-06T13:34:19+00:00\",\"breadcrumb\":{\"@id\":\"https:\\\/\\\/www.neural-artistry.com\\\/shop\\\/home-garden\\\/decor\\\/artwork\\\/posters-prints-visual-artwork\\\/shadow-and-scarlet-art-print-2\\\/#breadcrumb\"},\"inLanguage\":\"fr-FR\",\"potentialAction\":[{\"@type\":\"ReadAction\",\"target\":[\"https:\\\/\\\/www.neural-artistry.com\\\/shop\\\/home-garden\\\/decor\\\/artwork\\\/posters-prints-visual-artwork\\\/shadow-and-scarlet-art-print-2\\\/\"]}]},{\"@type\":\"ImageObject\",\"inLanguage\":\"fr-FR\",\"@id\":\"https:\\\/\\\/www.neural-artistry.com\\\/shop\\\/home-garden\\\/decor\\\/artwork\\\/posters-prints-visual-artwork\\\/shadow-and-scarlet-art-print-2\\\/#primaryimage\",\"url\":\"https:\\\/\\\/www.neural-artistry.com\\\/wp-content\\\/uploads\\\/2025\\\/02\\\/neural-artistry-portfolio-321_mock_giant.jpg\",\"contentUrl\":\"https:\\\/\\\/www.neural-artistry.com\\\/wp-content\\\/uploads\\\/2025\\\/02\\\/neural-artistry-portfolio-321_mock_giant.jpg\",\"width\":2048,\"height\":2048},{\"@type\":\"BreadcrumbList\",\"@id\":\"https:\\\/\\\/www.neural-artistry.com\\\/shop\\\/home-garden\\\/decor\\\/artwork\\\/posters-prints-visual-artwork\\\/shadow-and-scarlet-art-print-2\\\/#breadcrumb\",\"itemListElement\":[{\"@type\":\"ListItem\",\"position\":1,\"name\":\"Home\",\"item\":\"https:\\\/\\\/www.neural-artistry.com\\\/\"},{\"@type\":\"ListItem\",\"position\":2,\"name\":\"Wall Art Prints \u2013 Custom Canvas &amp; Unique Posters\",\"item\":\"https:\\\/\\\/www.neural-artistry.com\\\/\"},{\"@type\":\"ListItem\",\"position\":3,\"name\":\"Shadow and Scarlet Art Print\"}]},{\"@type\":\"WebSite\",\"@id\":\"https:\\\/\\\/www.neural-artistry.com\\\/#website\",\"url\":\"https:\\\/\\\/www.neural-artistry.com\\\/\",\"name\":\"Neural Artistry\",\"description\":\"AI Art Posters \u2013 Certified, Premium, Sold Only Once\",\"publisher\":{\"@id\":\"https:\\\/\\\/www.neural-artistry.com\\\/#organization\"},\"potentialAction\":[{\"@type\":\"SearchAction\",\"target\":{\"@type\":\"EntryPoint\",\"urlTemplate\":\"https:\\\/\\\/www.neural-artistry.com\\\/?s={search_term_string}\"},\"query-input\":{\"@type\":\"PropertyValueSpecification\",\"valueRequired\":true,\"valueName\":\"search_term_string\"}}],\"inLanguage\":\"fr-FR\"},{\"@type\":\"Organization\",\"@id\":\"https:\\\/\\\/www.neural-artistry.com\\\/#organization\",\"name\":\"Neural Artistry\",\"url\":\"https:\\\/\\\/www.neural-artistry.com\\\/\",\"logo\":{\"@type\":\"ImageObject\",\"inLanguage\":\"fr-FR\",\"@id\":\"https:\\\/\\\/www.neural-artistry.com\\\/#\\\/schema\\\/logo\\\/image\\\/\",\"url\":\"https:\\\/\\\/www.neural-artistry.com\\\/wp-content\\\/uploads\\\/2025\\\/08\\\/Web-Black-logo-no-background-scaled.webp\",\"contentUrl\":\"https:\\\/\\\/www.neural-artistry.com\\\/wp-content\\\/uploads\\\/2025\\\/08\\\/Web-Black-logo-no-background-scaled.webp\",\"width\":2560,\"height\":976,\"caption\":\"Neural Artistry\"},\"image\":{\"@id\":\"https:\\\/\\\/www.neural-artistry.com\\\/#\\\/schema\\\/logo\\\/image\\\/\"}}]}<\/script>\n<!-- \/ Yoast SEO plugin. -->","yoast_head_json":{"title":"Shadow and Scarlet Art Print - Neural Artistry","robots":{"index":"index","follow":"follow","max-snippet":"max-snippet:-1","max-image-preview":"max-image-preview:large","max-video-preview":"max-video-preview:-1"},"canonical":"https:\/\/www.neural-artistry.com\/fr\/shop\/home-garden\/decor\/artwork\/posters-prints-visual-artwork\/shadow-and-scarlet-art-print-2\/","og_locale":"fr_FR","og_type":"article","og_title":"Shadow and Scarlet Art Print - Neural Artistry","og_description":"A striking fusion of mystery and glamour, this bold art print captivates with high-contrast elegance. Printed on Hahnem\u00fchle FineArt paper with UltraChrome Pro inks, each piece is signed and authenticated for a truly exclusive addition to your space.","og_url":"https:\/\/www.neural-artistry.com\/fr\/shop\/home-garden\/decor\/artwork\/posters-prints-visual-artwork\/shadow-and-scarlet-art-print-2\/","og_site_name":"Neural Artistry","article_modified_time":"2025-05-06T13:34:19+00:00","og_image":[{"width":2048,"height":2048,"url":"https:\/\/www.neural-artistry.com\/wp-content\/uploads\/2025\/02\/neural-artistry-portfolio-321_mock_giant.jpg","type":"image\/jpeg"}],"twitter_card":"summary_large_image","twitter_misc":{"Dur\u00e9e de lecture estim\u00e9e":"1 minute"},"schema":{"@context":"https:\/\/schema.org","@graph":[{"@type":"WebPage","@id":"https:\/\/www.neural-artistry.com\/shop\/home-garden\/decor\/artwork\/posters-prints-visual-artwork\/shadow-and-scarlet-art-print-2\/","url":"https:\/\/www.neural-artistry.com\/shop\/home-garden\/decor\/artwork\/posters-prints-visual-artwork\/shadow-and-scarlet-art-print-2\/","name":"Shadow and Scarlet Art Print - Neural Artistry","isPartOf":{"@id":"https:\/\/www.neural-artistry.com\/#website"},"primaryImageOfPage":{"@id":"https:\/\/www.neural-artistry.com\/shop\/home-garden\/decor\/artwork\/posters-prints-visual-artwork\/shadow-and-scarlet-art-print-2\/#primaryimage"},"image":{"@id":"https:\/\/www.neural-artistry.com\/shop\/home-garden\/decor\/artwork\/posters-prints-visual-artwork\/shadow-and-scarlet-art-print-2\/#primaryimage"},"thumbnailUrl":"https:\/\/www.neural-artistry.com\/wp-content\/uploads\/2025\/02\/neural-artistry-portfolio-321_mock_giant.jpg","datePublished":"2025-02-13T13:18:38+00:00","dateModified":"2025-05-06T13:34:19+00:00","breadcrumb":{"@id":"https:\/\/www.neural-artistry.com\/shop\/home-garden\/decor\/artwork\/posters-prints-visual-artwork\/shadow-and-scarlet-art-print-2\/#breadcrumb"},"inLanguage":"fr-FR","potentialAction":[{"@type":"ReadAction","target":["https:\/\/www.neural-artistry.com\/shop\/home-garden\/decor\/artwork\/posters-prints-visual-artwork\/shadow-and-scarlet-art-print-2\/"]}]},{"@type":"ImageObject","inLanguage":"fr-FR","@id":"https:\/\/www.neural-artistry.com\/shop\/home-garden\/decor\/artwork\/posters-prints-visual-artwork\/shadow-and-scarlet-art-print-2\/#primaryimage","url":"https:\/\/www.neural-artistry.com\/wp-content\/uploads\/2025\/02\/neural-artistry-portfolio-321_mock_giant.jpg","contentUrl":"https:\/\/www.neural-artistry.com\/wp-content\/uploads\/2025\/02\/neural-artistry-portfolio-321_mock_giant.jpg","width":2048,"height":2048},{"@type":"BreadcrumbList","@id":"https:\/\/www.neural-artistry.com\/shop\/home-garden\/decor\/artwork\/posters-prints-visual-artwork\/shadow-and-scarlet-art-print-2\/#breadcrumb","itemListElement":[{"@type":"ListItem","position":1,"name":"Home","item":"https:\/\/www.neural-artistry.com\/"},{"@type":"ListItem","position":2,"name":"Wall Art Prints \u2013 Custom Canvas &amp; Unique Posters","item":"https:\/\/www.neural-artistry.com\/"},{"@type":"ListItem","position":3,"name":"Shadow and Scarlet Art Print"}]},{"@type":"WebSite","@id":"https:\/\/www.neural-artistry.com\/#website","url":"https:\/\/www.neural-artistry.com\/","name":"Neural Artistry","description":"Affiches d&#039;art IA \u2013 Certifi\u00e9es, premium, vendues une seule fois","publisher":{"@id":"https:\/\/www.neural-artistry.com\/#organization"},"potentialAction":[{"@type":"SearchAction","target":{"@type":"EntryPoint","urlTemplate":"https:\/\/www.neural-artistry.com\/?s={search_term_string}"},"query-input":{"@type":"PropertyValueSpecification","valueRequired":true,"valueName":"search_term_string"}}],"inLanguage":"fr-FR"},{"@type":"Organization","@id":"https:\/\/www.neural-artistry.com\/#organization","name":"Neural Artistry","url":"https:\/\/www.neural-artistry.com\/","logo":{"@type":"ImageObject","inLanguage":"fr-FR","@id":"https:\/\/www.neural-artistry.com\/#\/schema\/logo\/image\/","url":"https:\/\/www.neural-artistry.com\/wp-content\/uploads\/2025\/08\/Web-Black-logo-no-background-scaled.webp","contentUrl":"https:\/\/www.neural-artistry.com\/wp-content\/uploads\/2025\/08\/Web-Black-logo-no-background-scaled.webp","width":2560,"height":976,"caption":"Neural Artistry"},"image":{"@id":"https:\/\/www.neural-artistry.com\/#\/schema\/logo\/image\/"}}]}},"uagb_featured_image_src":{"full":["https:\/\/www.neural-artistry.com\/wp-content\/uploads\/2025\/02\/neural-artistry-portfolio-321_mock_giant.jpg",2048,2048,false],"thumbnail":["https:\/\/www.neural-artistry.com\/wp-content\/uploads\/2025\/02\/neural-artistry-portfolio-321_mock_giant-150x150.jpg",150,150,true],"medium":["https:\/\/www.neural-artistry.com\/wp-content\/uploads\/2025\/02\/neural-artistry-portfolio-321_mock_giant-300x300.jpg",300,300,true],"medium_large":["https:\/\/www.neural-artistry.com\/wp-content\/uploads\/2025\/02\/neural-artistry-portfolio-321_mock_giant-768x768.jpg",768,768,true],"large":["https:\/\/www.neural-artistry.com\/wp-content\/uploads\/2025\/02\/neural-artistry-portfolio-321_mock_giant-1024x1024.jpg",1024,1024,true],"1536x1536":["https:\/\/www.neural-artistry.com\/wp-content\/uploads\/2025\/02\/neural-artistry-portfolio-321_mock_giant-1536x1536.jpg",1536,1536,true],"2048x2048":["https:\/\/www.neural-artistry.com\/wp-content\/uploads\/2025\/02\/neural-artistry-portfolio-321_mock_giant.jpg",2048,2048,false],"trp-custom-language-flag":["https:\/\/www.neural-artistry.com\/wp-content\/uploads\/2025\/02\/neural-artistry-portfolio-321_mock_giant-12x12.jpg",12,12,true],"woocommerce_thumbnail":["https:\/\/www.neural-artistry.com\/wp-content\/uploads\/2025\/02\/neural-artistry-portfolio-321_mock_giant-450x450.jpg",450,450,true],"woocommerce_single":["https:\/\/www.neural-artistry.com\/wp-content\/uploads\/2025\/02\/neural-artistry-portfolio-321_mock_giant-600x600.jpg",600,600,true],"woocommerce_gallery_thumbnail":["https:\/\/www.neural-artistry.com\/wp-content\/uploads\/2025\/02\/neural-artistry-portfolio-321_mock_giant-100x100.jpg",100,100,true]},"uagb_author_info":{"display_name":"flake","author_link":"https:\/\/www.neural-artistry.com\/fr\/author\/"},"uagb_comment_info":0,"uagb_excerpt":"A striking fusion of mystery and glamour, this bold art print captivates with high-contrast elegance. Printed on Hahnem\u00fchle FineArt paper with UltraChrome Pro inks, each piece is signed and authenticated for a truly exclusive addition to your space.","_links":{"self":[{"href":"https:\/\/www.neural-artistry.com\/fr\/wp-json\/wp\/v2\/product\/11454","targetHints":{"allow":["GET"]}}],"collection":[{"href":"https:\/\/www.neural-artistry.com\/fr\/wp-json\/wp\/v2\/product"}],"about":[{"href":"https:\/\/www.neural-artistry.com\/fr\/wp-json\/wp\/v2\/types\/product"}],"replies":[{"embeddable":true,"href":"https:\/\/www.neural-artistry.com\/fr\/wp-json\/wp\/v2\/comments?post=11454"}],"wp:featuredmedia":[{"embeddable":true,"href":"https:\/\/www.neural-artistry.com\/fr\/wp-json\/wp\/v2\/media\/11163"}],"wp:attachment":[{"href":"https:\/\/www.neural-artistry.com\/fr\/wp-json\/wp\/v2\/media?parent=11454"}],"wp:term":[{"taxonomy":"product_brand","embeddable":true,"href":"https:\/\/www.neural-artistry.com\/fr\/wp-json\/wp\/v2\/product_brand?post=11454"},{"taxonomy":"product_cat","embeddable":true,"href":"https:\/\/www.neural-artistry.com\/fr\/wp-json\/wp\/v2\/product_cat?post=11454"},{"taxonomy":"product_tag","embeddable":true,"href":"https:\/\/www.neural-artistry.com\/fr\/wp-json\/wp\/v2\/product_tag?post=11454"}],"curies":[{"name":"wp","href":"https:\/\/api.w.org\/{rel}","templated":true}]}}