{"id":11456,"date":"2025-02-13T13:18:40","date_gmt":"2025-02-13T13:18:40","guid":{"rendered":"https:\/\/www.neural-artistry.com\/shop\/uncategorized\/garden-of-vivid-reverie-print\/"},"modified":"2025-05-06T13:34:12","modified_gmt":"2025-05-06T13:34:12","slug":"garden-of-vivid-reverie-print","status":"publish","type":"product","link":"https:\/\/www.neural-artistry.com\/fr\/shop\/home-garden\/decor\/artwork\/posters-prints-visual-artwork\/garden-of-vivid-reverie-print\/","title":{"rendered":"Jardin de la r\u00eaverie vive"},"content":{"rendered":"<h3 style=\"color: #FAF5E5;\">Un paysage de r\u00eave surr\u00e9aliste de nature et d&#039;imagination<\/h3>\n<p style=\"color: #FAF5E5;\">Entrez dans un monde fantaisiste o\u00f9 la nature et la fantaisie se rencontrent. <strong>affiche surr\u00e9aliste vibrante<\/strong> donne vie \u00e0 une vision onirique, en m\u00e9langeant des \u00e9l\u00e9ments floraux luxuriants, des animaux sauvages et un portrait saisissant dans un collage num\u00e9rique fascinant. Que vous soyez un admirateur de <strong>art conceptuel<\/strong> ou \u00e0 la recherche d&#039;une pi\u00e8ce ma\u00eetresse pour votre espace, cette \u0153uvre d&#039;art vous invite \u00e0 explorer les limites de l&#039;imagination.<\/p>\n<h3 style=\"color: #FAF5E5;\">Tailles et formats disponibles<\/h3>\n<ul style=\"color: #FAF5E5;\">\n<li>21,00 cm x 27,88 cm<\/li>\n<li>29,70 cm x 39,43 cm<\/li>\n<li>32,90 cm x 43,68 cm<\/li>\n<li>42,00 cm x 55,76 cm<\/li>\n<li>43,00 cm x 57,09 cm<\/li>\n<\/ul>\n<h3 style=\"color: #FAF5E5;\">Savoir-faire et qualit\u00e9 haut de gamme<\/h3>\n<p style=\"color: #FAF5E5;\">Chaque impression est produite sur <strong>Papier FineArt Hahnem\u00fchle<\/strong>, un mat\u00e9riau de qualit\u00e9 mus\u00e9ale connu pour sa texture riche et sa long\u00e9vit\u00e9. Imprim\u00e9 avec <strong>Encres UltraChrome Pro<\/strong>, cette \u0153uvre offre <strong>Couleurs de qualit\u00e9 archivistique et r\u00e9sistantes \u00e0 la d\u00e9coloration<\/strong> qui conservent leur \u00e9clat pendant des ann\u00e9es.<\/p>\n<h3 style=\"color: #FAF5E5;\">Certificat d&#039;authenticit\u00e9<\/h3>\n<p style=\"color: #FAF5E5;\">Ce n&#039;est pas seulement une affiche, c&#039;est une <strong>tirage d&#039;art exclusif et unique en son genre<\/strong>. Chaque pi\u00e8ce est sign\u00e9e et accompagn\u00e9e d&#039;un <strong>Certificat d&#039;authenticit\u00e9<\/strong>, garantissant ainsi son caract\u00e8re unique et sa valeur en tant qu&#039;objet de collection.<\/p>\n<h3 style=\"color: #FAF5E5;\">Parfait pour n&#039;importe quel espace<\/h3>\n<p style=\"color: #FAF5E5;\">Embellissez votre maison ou votre espace de travail avec une pi\u00e8ce qui suscite la curiosit\u00e9 et la conversation. Id\u00e9al pour :<\/p>\n<ul style=\"color: #FAF5E5;\">\n<li>Salons<\/li>\n<li>Bureaux et studios<\/li>\n<li>Configurations de jeu<\/li>\n<li>Espaces de travail cr\u00e9atifs<\/li>\n<li>Chambres modernes<\/li>\n<\/ul>\n<h3 style=\"color: #FAF5E5;\">Finition mate ou brillante<\/h3>\n<p style=\"color: #FAF5E5;\">Choisissez entre un <strong>finition mate luxueuse<\/strong> pour un look doux et sophistiqu\u00e9 ou un <strong>finition brillante<\/strong> pour une vivacit\u00e9 et une profondeur accrues.<\/p>\n<h3 style=\"color: #FAF5E5;\">Commandez votre tirage exclusif aujourd&#039;hui<\/h3>\n<p style=\"color: #FAF5E5;\">Transformez vos murs avec ceci <strong>affiche surr\u00e9aliste en \u00e9dition limit\u00e9e<\/strong>. Que ce soit pour vous-m\u00eame ou comme cadeau unique, ce <strong>affiche imprim\u00e9e de haute qualit\u00e9<\/strong> est un incontournable pour les amateurs d&#039;art et les collectionneurs. <strong>Commandez maintenant<\/strong> et apportez une touche de fantaisie \u00e0 votre espace !<\/p>","protected":false},"excerpt":{"rendered":"<p>Plongez dans un paysage de r\u00eave o\u00f9 nature et fantaisie se m\u00ealent dans une harmonie vibrante. Cette impression d&#039;art surr\u00e9aliste est r\u00e9alis\u00e9e sur du papier Hahnem\u00fchle FineArt avec des encres UltraChrome Pro, garantissant des couleurs riches et des d\u00e9tails exquis dans chaque pi\u00e8ce sign\u00e9e et authentifi\u00e9e.<\/p>","protected":false},"featured_media":11175,"comment_status":"open","ping_status":"closed","template":"","meta":{"_uag_custom_page_level_css":""},"product_brand":[874],"product_cat":[726,736,721,725,1268,731],"product_tag":[915,880,982,1078,911,906,32,898,979,1175],"class_list":{"0":"post-11456","1":"product","2":"type-product","3":"status-publish","4":"has-post-thumbnail","6":"product_brand-neural-artistry","7":"product_cat-animals","8":"product_cat-floral-art","9":"product_cat-nature","10":"product_cat-portraits","11":"product_cat-posters-prints-visual-artwork","12":"product_cat-surrealism","13":"product_tag-contrast","14":"product_tag-dreamlike","15":"product_tag-fantasy","16":"product_tag-floral","17":"product_tag-imagination","18":"product_tag-nature","19":"product_tag-surrealism","20":"product_tag-vibrantcolors","21":"product_tag-whimsical","22":"product_tag-wildlife","23":"product_shipping_class-chronopost","24":"pa_finish-type-glossy-finish","25":"pa_finish-type-matte-finish","26":"pa_margins-with","27":"pa_margins-without","28":"pa_medium-technique-digital-collage","29":"pa_medium-technique-mixed-media-digital","30":"pa_medium-technique-photomanipulation","31":"pa_mood-ambiance-dreamy","32":"pa_mood-ambiance-playful","33":"pa_mood-ambiance-surreal","34":"pa_mood-ambiance-vibrant","35":"pa_mood-ambiance-whimsical","36":"pa_orientation-portrait","37":"pa_size-21-00cmx27-88cm","38":"pa_size-29-70cmx39-43cm","39":"pa_size-32-90cmx43-68cm","40":"pa_size-42-00cmx55-76cm","41":"pa_size-43-00cmx57-09cm","42":"pa_style-movement-concept-art","43":"pa_style-movement-fantasy","44":"pa_style-movement-surrealism","46":"first","47":"instock","48":"sold-individually","49":"taxable","50":"shipping-taxable","51":"purchasable","52":"product-type-variable","53":"has-default-attributes"},"yoast_head":"<!-- This site is optimized with the Yoast SEO plugin v27.5 - https:\/\/yoast.com\/product\/yoast-seo-wordpress\/ -->\n<title>Garden of Vivid Reverie Print - Neural Artistry<\/title>\n<meta name=\"robots\" content=\"index, follow, max-snippet:-1, max-image-preview:large, max-video-preview:-1\" \/>\n<link rel=\"canonical\" href=\"https:\/\/www.neural-artistry.com\/fr\/shop\/home-garden\/decor\/artwork\/posters-prints-visual-artwork\/garden-of-vivid-reverie-print\/\" \/>\n<meta property=\"og:locale\" content=\"fr_FR\" \/>\n<meta property=\"og:type\" content=\"article\" \/>\n<meta property=\"og:title\" content=\"Garden of Vivid Reverie Print - Neural Artistry\" \/>\n<meta property=\"og:description\" content=\"Step into a dreamscape where nature and fantasy blend in vibrant harmony. This surreal art print is crafted on Hahnem\u00fchle FineArt paper with UltraChrome Pro inks, ensuring rich colors and exquisite detail in every signed and authenticated piece.\" \/>\n<meta property=\"og:url\" content=\"https:\/\/www.neural-artistry.com\/fr\/shop\/home-garden\/decor\/artwork\/posters-prints-visual-artwork\/garden-of-vivid-reverie-print\/\" \/>\n<meta property=\"og:site_name\" content=\"Neural Artistry\" \/>\n<meta property=\"article:modified_time\" content=\"2025-05-06T13:34:12+00:00\" \/>\n<meta property=\"og:image\" content=\"https:\/\/www.neural-artistry.com\/wp-content\/uploads\/2025\/02\/neural-artistry-portfolio-323_mock_giant.jpg\" \/>\n\t<meta property=\"og:image:width\" content=\"2048\" \/>\n\t<meta property=\"og:image:height\" content=\"2048\" \/>\n\t<meta property=\"og:image:type\" content=\"image\/jpeg\" \/>\n<meta name=\"twitter:card\" content=\"summary_large_image\" \/>\n<meta name=\"twitter:label1\" content=\"Dur\u00e9e de lecture estim\u00e9e\" \/>\n\t<meta name=\"twitter:data1\" content=\"1 minute\" \/>\n<script type=\"application\/ld+json\" class=\"yoast-schema-graph\">{\"@context\":\"https:\\\/\\\/schema.org\",\"@graph\":[{\"@type\":\"WebPage\",\"@id\":\"https:\\\/\\\/www.neural-artistry.com\\\/shop\\\/home-garden\\\/decor\\\/artwork\\\/posters-prints-visual-artwork\\\/garden-of-vivid-reverie-print\\\/\",\"url\":\"https:\\\/\\\/www.neural-artistry.com\\\/shop\\\/home-garden\\\/decor\\\/artwork\\\/posters-prints-visual-artwork\\\/garden-of-vivid-reverie-print\\\/\",\"name\":\"Garden of Vivid Reverie Print - Neural Artistry\",\"isPartOf\":{\"@id\":\"https:\\\/\\\/www.neural-artistry.com\\\/#website\"},\"primaryImageOfPage\":{\"@id\":\"https:\\\/\\\/www.neural-artistry.com\\\/shop\\\/home-garden\\\/decor\\\/artwork\\\/posters-prints-visual-artwork\\\/garden-of-vivid-reverie-print\\\/#primaryimage\"},\"image\":{\"@id\":\"https:\\\/\\\/www.neural-artistry.com\\\/shop\\\/home-garden\\\/decor\\\/artwork\\\/posters-prints-visual-artwork\\\/garden-of-vivid-reverie-print\\\/#primaryimage\"},\"thumbnailUrl\":\"https:\\\/\\\/www.neural-artistry.com\\\/wp-content\\\/uploads\\\/2025\\\/02\\\/neural-artistry-portfolio-323_mock_giant.jpg\",\"datePublished\":\"2025-02-13T13:18:40+00:00\",\"dateModified\":\"2025-05-06T13:34:12+00:00\",\"breadcrumb\":{\"@id\":\"https:\\\/\\\/www.neural-artistry.com\\\/shop\\\/home-garden\\\/decor\\\/artwork\\\/posters-prints-visual-artwork\\\/garden-of-vivid-reverie-print\\\/#breadcrumb\"},\"inLanguage\":\"fr-FR\",\"potentialAction\":[{\"@type\":\"ReadAction\",\"target\":[\"https:\\\/\\\/www.neural-artistry.com\\\/shop\\\/home-garden\\\/decor\\\/artwork\\\/posters-prints-visual-artwork\\\/garden-of-vivid-reverie-print\\\/\"]}]},{\"@type\":\"ImageObject\",\"inLanguage\":\"fr-FR\",\"@id\":\"https:\\\/\\\/www.neural-artistry.com\\\/shop\\\/home-garden\\\/decor\\\/artwork\\\/posters-prints-visual-artwork\\\/garden-of-vivid-reverie-print\\\/#primaryimage\",\"url\":\"https:\\\/\\\/www.neural-artistry.com\\\/wp-content\\\/uploads\\\/2025\\\/02\\\/neural-artistry-portfolio-323_mock_giant.jpg\",\"contentUrl\":\"https:\\\/\\\/www.neural-artistry.com\\\/wp-content\\\/uploads\\\/2025\\\/02\\\/neural-artistry-portfolio-323_mock_giant.jpg\",\"width\":2048,\"height\":2048},{\"@type\":\"BreadcrumbList\",\"@id\":\"https:\\\/\\\/www.neural-artistry.com\\\/shop\\\/home-garden\\\/decor\\\/artwork\\\/posters-prints-visual-artwork\\\/garden-of-vivid-reverie-print\\\/#breadcrumb\",\"itemListElement\":[{\"@type\":\"ListItem\",\"position\":1,\"name\":\"Home\",\"item\":\"https:\\\/\\\/www.neural-artistry.com\\\/\"},{\"@type\":\"ListItem\",\"position\":2,\"name\":\"Wall Art Prints \u2013 Custom Canvas &amp; Unique Posters\",\"item\":\"https:\\\/\\\/www.neural-artistry.com\\\/\"},{\"@type\":\"ListItem\",\"position\":3,\"name\":\"Garden of Vivid Reverie Print\"}]},{\"@type\":\"WebSite\",\"@id\":\"https:\\\/\\\/www.neural-artistry.com\\\/#website\",\"url\":\"https:\\\/\\\/www.neural-artistry.com\\\/\",\"name\":\"Neural Artistry\",\"description\":\"AI Art Posters \u2013 Certified, Premium, Sold Only Once\",\"publisher\":{\"@id\":\"https:\\\/\\\/www.neural-artistry.com\\\/#organization\"},\"potentialAction\":[{\"@type\":\"SearchAction\",\"target\":{\"@type\":\"EntryPoint\",\"urlTemplate\":\"https:\\\/\\\/www.neural-artistry.com\\\/?s={search_term_string}\"},\"query-input\":{\"@type\":\"PropertyValueSpecification\",\"valueRequired\":true,\"valueName\":\"search_term_string\"}}],\"inLanguage\":\"fr-FR\"},{\"@type\":\"Organization\",\"@id\":\"https:\\\/\\\/www.neural-artistry.com\\\/#organization\",\"name\":\"Neural Artistry\",\"url\":\"https:\\\/\\\/www.neural-artistry.com\\\/\",\"logo\":{\"@type\":\"ImageObject\",\"inLanguage\":\"fr-FR\",\"@id\":\"https:\\\/\\\/www.neural-artistry.com\\\/#\\\/schema\\\/logo\\\/image\\\/\",\"url\":\"https:\\\/\\\/www.neural-artistry.com\\\/wp-content\\\/uploads\\\/2025\\\/08\\\/Web-Black-logo-no-background-scaled.webp\",\"contentUrl\":\"https:\\\/\\\/www.neural-artistry.com\\\/wp-content\\\/uploads\\\/2025\\\/08\\\/Web-Black-logo-no-background-scaled.webp\",\"width\":2560,\"height\":976,\"caption\":\"Neural Artistry\"},\"image\":{\"@id\":\"https:\\\/\\\/www.neural-artistry.com\\\/#\\\/schema\\\/logo\\\/image\\\/\"}}]}<\/script>\n<!-- \/ Yoast SEO plugin. -->","yoast_head_json":{"title":"Garden of Vivid Reverie Print - Neural Artistry","robots":{"index":"index","follow":"follow","max-snippet":"max-snippet:-1","max-image-preview":"max-image-preview:large","max-video-preview":"max-video-preview:-1"},"canonical":"https:\/\/www.neural-artistry.com\/fr\/shop\/home-garden\/decor\/artwork\/posters-prints-visual-artwork\/garden-of-vivid-reverie-print\/","og_locale":"fr_FR","og_type":"article","og_title":"Garden of Vivid Reverie Print - Neural Artistry","og_description":"Step into a dreamscape where nature and fantasy blend in vibrant harmony. This surreal art print is crafted on Hahnem\u00fchle FineArt paper with UltraChrome Pro inks, ensuring rich colors and exquisite detail in every signed and authenticated piece.","og_url":"https:\/\/www.neural-artistry.com\/fr\/shop\/home-garden\/decor\/artwork\/posters-prints-visual-artwork\/garden-of-vivid-reverie-print\/","og_site_name":"Neural Artistry","article_modified_time":"2025-05-06T13:34:12+00:00","og_image":[{"width":2048,"height":2048,"url":"https:\/\/www.neural-artistry.com\/wp-content\/uploads\/2025\/02\/neural-artistry-portfolio-323_mock_giant.jpg","type":"image\/jpeg"}],"twitter_card":"summary_large_image","twitter_misc":{"Dur\u00e9e de lecture estim\u00e9e":"1 minute"},"schema":{"@context":"https:\/\/schema.org","@graph":[{"@type":"WebPage","@id":"https:\/\/www.neural-artistry.com\/shop\/home-garden\/decor\/artwork\/posters-prints-visual-artwork\/garden-of-vivid-reverie-print\/","url":"https:\/\/www.neural-artistry.com\/shop\/home-garden\/decor\/artwork\/posters-prints-visual-artwork\/garden-of-vivid-reverie-print\/","name":"Garden of Vivid Reverie Print - Neural Artistry","isPartOf":{"@id":"https:\/\/www.neural-artistry.com\/#website"},"primaryImageOfPage":{"@id":"https:\/\/www.neural-artistry.com\/shop\/home-garden\/decor\/artwork\/posters-prints-visual-artwork\/garden-of-vivid-reverie-print\/#primaryimage"},"image":{"@id":"https:\/\/www.neural-artistry.com\/shop\/home-garden\/decor\/artwork\/posters-prints-visual-artwork\/garden-of-vivid-reverie-print\/#primaryimage"},"thumbnailUrl":"https:\/\/www.neural-artistry.com\/wp-content\/uploads\/2025\/02\/neural-artistry-portfolio-323_mock_giant.jpg","datePublished":"2025-02-13T13:18:40+00:00","dateModified":"2025-05-06T13:34:12+00:00","breadcrumb":{"@id":"https:\/\/www.neural-artistry.com\/shop\/home-garden\/decor\/artwork\/posters-prints-visual-artwork\/garden-of-vivid-reverie-print\/#breadcrumb"},"inLanguage":"fr-FR","potentialAction":[{"@type":"ReadAction","target":["https:\/\/www.neural-artistry.com\/shop\/home-garden\/decor\/artwork\/posters-prints-visual-artwork\/garden-of-vivid-reverie-print\/"]}]},{"@type":"ImageObject","inLanguage":"fr-FR","@id":"https:\/\/www.neural-artistry.com\/shop\/home-garden\/decor\/artwork\/posters-prints-visual-artwork\/garden-of-vivid-reverie-print\/#primaryimage","url":"https:\/\/www.neural-artistry.com\/wp-content\/uploads\/2025\/02\/neural-artistry-portfolio-323_mock_giant.jpg","contentUrl":"https:\/\/www.neural-artistry.com\/wp-content\/uploads\/2025\/02\/neural-artistry-portfolio-323_mock_giant.jpg","width":2048,"height":2048},{"@type":"BreadcrumbList","@id":"https:\/\/www.neural-artistry.com\/shop\/home-garden\/decor\/artwork\/posters-prints-visual-artwork\/garden-of-vivid-reverie-print\/#breadcrumb","itemListElement":[{"@type":"ListItem","position":1,"name":"Home","item":"https:\/\/www.neural-artistry.com\/"},{"@type":"ListItem","position":2,"name":"Wall Art Prints \u2013 Custom Canvas &amp; Unique Posters","item":"https:\/\/www.neural-artistry.com\/"},{"@type":"ListItem","position":3,"name":"Garden of Vivid Reverie Print"}]},{"@type":"WebSite","@id":"https:\/\/www.neural-artistry.com\/#website","url":"https:\/\/www.neural-artistry.com\/","name":"Neural Artistry","description":"Affiches d&#039;art IA \u2013 Certifi\u00e9es, premium, vendues une seule fois","publisher":{"@id":"https:\/\/www.neural-artistry.com\/#organization"},"potentialAction":[{"@type":"SearchAction","target":{"@type":"EntryPoint","urlTemplate":"https:\/\/www.neural-artistry.com\/?s={search_term_string}"},"query-input":{"@type":"PropertyValueSpecification","valueRequired":true,"valueName":"search_term_string"}}],"inLanguage":"fr-FR"},{"@type":"Organization","@id":"https:\/\/www.neural-artistry.com\/#organization","name":"Neural Artistry","url":"https:\/\/www.neural-artistry.com\/","logo":{"@type":"ImageObject","inLanguage":"fr-FR","@id":"https:\/\/www.neural-artistry.com\/#\/schema\/logo\/image\/","url":"https:\/\/www.neural-artistry.com\/wp-content\/uploads\/2025\/08\/Web-Black-logo-no-background-scaled.webp","contentUrl":"https:\/\/www.neural-artistry.com\/wp-content\/uploads\/2025\/08\/Web-Black-logo-no-background-scaled.webp","width":2560,"height":976,"caption":"Neural Artistry"},"image":{"@id":"https:\/\/www.neural-artistry.com\/#\/schema\/logo\/image\/"}}]}},"uagb_featured_image_src":{"full":["https:\/\/www.neural-artistry.com\/wp-content\/uploads\/2025\/02\/neural-artistry-portfolio-323_mock_giant.jpg",2048,2048,false],"thumbnail":["https:\/\/www.neural-artistry.com\/wp-content\/uploads\/2025\/02\/neural-artistry-portfolio-323_mock_giant-150x150.jpg",150,150,true],"medium":["https:\/\/www.neural-artistry.com\/wp-content\/uploads\/2025\/02\/neural-artistry-portfolio-323_mock_giant-300x300.jpg",300,300,true],"medium_large":["https:\/\/www.neural-artistry.com\/wp-content\/uploads\/2025\/02\/neural-artistry-portfolio-323_mock_giant-768x768.jpg",768,768,true],"large":["https:\/\/www.neural-artistry.com\/wp-content\/uploads\/2025\/02\/neural-artistry-portfolio-323_mock_giant-1024x1024.jpg",1024,1024,true],"1536x1536":["https:\/\/www.neural-artistry.com\/wp-content\/uploads\/2025\/02\/neural-artistry-portfolio-323_mock_giant-1536x1536.jpg",1536,1536,true],"2048x2048":["https:\/\/www.neural-artistry.com\/wp-content\/uploads\/2025\/02\/neural-artistry-portfolio-323_mock_giant.jpg",2048,2048,false],"trp-custom-language-flag":["https:\/\/www.neural-artistry.com\/wp-content\/uploads\/2025\/02\/neural-artistry-portfolio-323_mock_giant-12x12.jpg",12,12,true],"woocommerce_thumbnail":["https:\/\/www.neural-artistry.com\/wp-content\/uploads\/2025\/02\/neural-artistry-portfolio-323_mock_giant-450x450.jpg",450,450,true],"woocommerce_single":["https:\/\/www.neural-artistry.com\/wp-content\/uploads\/2025\/02\/neural-artistry-portfolio-323_mock_giant-600x600.jpg",600,600,true],"woocommerce_gallery_thumbnail":["https:\/\/www.neural-artistry.com\/wp-content\/uploads\/2025\/02\/neural-artistry-portfolio-323_mock_giant-100x100.jpg",100,100,true]},"uagb_author_info":{"display_name":"flake","author_link":"https:\/\/www.neural-artistry.com\/fr\/author\/"},"uagb_comment_info":0,"uagb_excerpt":"Step into a dreamscape where nature and fantasy blend in vibrant harmony. This surreal art print is crafted on Hahnem\u00fchle FineArt paper with UltraChrome Pro inks, ensuring rich colors and exquisite detail in every signed and authenticated piece.","_links":{"self":[{"href":"https:\/\/www.neural-artistry.com\/fr\/wp-json\/wp\/v2\/product\/11456","targetHints":{"allow":["GET"]}}],"collection":[{"href":"https:\/\/www.neural-artistry.com\/fr\/wp-json\/wp\/v2\/product"}],"about":[{"href":"https:\/\/www.neural-artistry.com\/fr\/wp-json\/wp\/v2\/types\/product"}],"replies":[{"embeddable":true,"href":"https:\/\/www.neural-artistry.com\/fr\/wp-json\/wp\/v2\/comments?post=11456"}],"wp:featuredmedia":[{"embeddable":true,"href":"https:\/\/www.neural-artistry.com\/fr\/wp-json\/wp\/v2\/media\/11175"}],"wp:attachment":[{"href":"https:\/\/www.neural-artistry.com\/fr\/wp-json\/wp\/v2\/media?parent=11456"}],"wp:term":[{"taxonomy":"product_brand","embeddable":true,"href":"https:\/\/www.neural-artistry.com\/fr\/wp-json\/wp\/v2\/product_brand?post=11456"},{"taxonomy":"product_cat","embeddable":true,"href":"https:\/\/www.neural-artistry.com\/fr\/wp-json\/wp\/v2\/product_cat?post=11456"},{"taxonomy":"product_tag","embeddable":true,"href":"https:\/\/www.neural-artistry.com\/fr\/wp-json\/wp\/v2\/product_tag?post=11456"}],"curies":[{"name":"wp","href":"https:\/\/api.w.org\/{rel}","templated":true}]}}