{"id":11459,"date":"2025-02-13T13:18:44","date_gmt":"2025-02-13T13:18:44","guid":{"rendered":"https:\/\/www.neural-artistry.com\/shop\/uncategorized\/crimson-sun-bloom-poster\/"},"modified":"2025-05-06T13:33:58","modified_gmt":"2025-05-06T13:33:58","slug":"crimson-sun-bloom-poster","status":"publish","type":"product","link":"https:\/\/www.neural-artistry.com\/fr\/shop\/home-garden\/decor\/artwork\/posters-prints-visual-artwork\/crimson-sun-bloom-poster\/","title":{"rendered":"Affiche de Crimson Sun Bloom"},"content":{"rendered":"<h3 style=\"color: #FAF5E5;\">\u00c9l\u00e9gance surr\u00e9aliste : une fusion audacieuse du symbolisme et de la mode<\/h3>\n<p style=\"color: #FAF5E5;\">Entrez dans un monde onirique o\u00f9 les contrastes audacieux et le symbolisme surr\u00e9aliste cr\u00e9ent une exp\u00e9rience visuelle saisissante. Cette impression d&#039;art exclusive m\u00e9lange <strong>surr\u00e9alisme, pop art et concept art<\/strong>, mettant en sc\u00e8ne une myst\u00e9rieuse silhouette aux teintes bleues se tenant devant un soleil rouge radieux, entour\u00e9e de coquelicots d\u00e9licats. L&#039;interaction des couleurs et des textures \u00e9voque un sentiment dramatique, faisant de cette pi\u00e8ce une v\u00e9ritable d\u00e9claration pour tout int\u00e9rieur moderne.<\/p>\n<h3 style=\"color: #FAF5E5;\">Tailles disponibles<\/h3>\n<ul style=\"color: #FAF5E5;\">\n<li>17,69 cm x 29,70 cm<\/li>\n<li>25,01 cm x 42,00 cm<\/li>\n<li>28,76 cm x 48,30 cm<\/li>\n<li>35,37 cm x 59,40 cm<\/li>\n<li>43,00 cm x 72,21 cm<\/li>\n<\/ul>\n<h3 style=\"color: #FAF5E5;\">Artisanat haut de gamme et qualit\u00e9 digne d&#039;un mus\u00e9e<\/h3>\n<p style=\"color: #FAF5E5;\">Chaque impression est m\u00e9ticuleusement r\u00e9alis\u00e9e \u00e0 l&#039;aide <strong>Papier FineArt Hahnem\u00fchle<\/strong>, connu pour sa texture riche et sa qualit\u00e9 d&#039;archivage. L&#039;\u0153uvre d&#039;art prend vie avec <strong>Encres UltraChrome Pro<\/strong>, garantissant des noirs profonds, des teintes vibrantes et une r\u00e9sistance exceptionnelle \u00e0 la d\u00e9coloration. Choisissez entre un <strong>finition mate ou brillante<\/strong> pour compl\u00e9ter au mieux votre espace.<\/p>\n<h3 style=\"color: #FAF5E5;\">\u0152uvres d&#039;art certifi\u00e9es et exclusives<\/h3>\n<p style=\"color: #FAF5E5;\">Poss\u00e9der un v\u00e9ritable <strong>pi\u00e8ce unique<\/strong>. Chaque tirage est sign\u00e9 et est accompagn\u00e9 d&#039;un <strong>Certificat d&#039;authenticit\u00e9<\/strong>, garantissant son exclusivit\u00e9. Parfait pour les collectionneurs et les amateurs d&#039;art \u00e0 la recherche d&#039;un ajout original et de haute qualit\u00e9 \u00e0 leur collection.<\/p>\n<h3 style=\"color: #FAF5E5;\">Parfait pour tout espace moderne<\/h3>\n<p style=\"color: #FAF5E5;\">Cette \u0153uvre d&#039;art vibrante et surr\u00e9aliste est un ajout \u00e9tonnant \u00e0\u00a0:<\/p>\n<ul style=\"color: #FAF5E5;\">\n<li>Des salons \u00e0 la recherche d&#039;une pi\u00e8ce ma\u00eetresse audacieuse et artistique<\/li>\n<li>Bureaux et espaces de travail cr\u00e9atifs en manque d&#039;inspiration<\/li>\n<li>Des configurations de jeu avec une esth\u00e9tique moderne et avant-gardiste<\/li>\n<li>Des chambres pour une atmosph\u00e8re unique et onirique<\/li>\n<\/ul>\n<h3 style=\"color: #FAF5E5;\">Am\u00e9liorez votre espace \u2013 Commandez maintenant<\/h3>\n<p style=\"color: #FAF5E5;\"><strong>Transformez vos murs avec cette fusion fascinante de surr\u00e9alisme et de mode.<\/strong> Que vous soyez un collectionneur, un amateur d&#039;art ou \u00e0 la recherche du cadeau unique parfait, cette affiche de qualit\u00e9 sup\u00e9rieure est un incontournable. <strong>Commandez le v\u00f4tre d\u00e8s aujourd&#039;hui et ramenez chez vous un morceau de g\u00e9nie artistique moderne !<\/strong><\/p>","protected":false},"excerpt":{"rendered":"<p>Fusion saisissante de surr\u00e9alisme et de symbolisme, cette reproduction d&#039;art d\u00e9gage des contrastes audacieux et une \u00e9nergie onirique. Imprim\u00e9e sur du papier Hahnem\u00fchle FineArt de qualit\u00e9 sup\u00e9rieure avec des encres UltraChrome Pro, c&#039;est un chef-d&#039;\u0153uvre sign\u00e9 et authentifi\u00e9 con\u00e7u pour captiver tout espace moderne.<\/p>","protected":false},"featured_media":11193,"comment_status":"open","ping_status":"closed","template":"","meta":{"_uag_custom_page_level_css":""},"product_brand":[874],"product_cat":[736,725,1268,731,758],"product_tag":[1239,1033,915,880,901,981,1240,1238,32,986],"class_list":{"0":"post-11459","1":"product","2":"type-product","3":"status-publish","4":"has-post-thumbnail","6":"product_brand-neural-artistry","7":"product_cat-floral-art","8":"product_cat-portraits","9":"product_cat-posters-prints-visual-artwork","10":"product_cat-surrealism","11":"product_cat-symbolism","12":"product_tag-bluefigure","13":"product_tag-boldcolors","14":"product_tag-contrast","15":"product_tag-dreamlike","16":"product_tag-fashion","17":"product_tag-modernart","18":"product_tag-poppies","19":"product_tag-redsun","20":"product_tag-surrealism","21":"product_tag-symbolism","22":"product_shipping_class-chronopost","23":"pa_finish-type-glossy-finish","24":"pa_finish-type-matte-finish","25":"pa_margins-with","26":"pa_margins-without","27":"pa_medium-technique-digital-painting","28":"pa_medium-technique-mixed-media-digital","29":"pa_medium-technique-photomanipulation","30":"pa_mood-ambiance-bold","31":"pa_mood-ambiance-dramatic","32":"pa_mood-ambiance-otherworldly","33":"pa_mood-ambiance-surreal","34":"pa_mood-ambiance-vibrant","35":"pa_orientation-portrait","36":"pa_size-17-69cmx29-70cm","37":"pa_size-25-01cmx42-00cm","38":"pa_size-28-76cmx48-30cm","39":"pa_size-35-37cmx59-40cm","40":"pa_size-43-00cmx72-21cm","41":"pa_style-movement-concept-art","42":"pa_style-movement-pop-art","43":"pa_style-movement-surrealism","45":"first","46":"instock","47":"sold-individually","48":"taxable","49":"shipping-taxable","50":"purchasable","51":"product-type-variable","52":"has-default-attributes"},"yoast_head":"<!-- This site is optimized with the Yoast SEO plugin v27.5 - https:\/\/yoast.com\/product\/yoast-seo-wordpress\/ -->\n<title>Crimson Sun Bloom Poster - Neural Artistry<\/title>\n<meta name=\"robots\" content=\"index, follow, max-snippet:-1, max-image-preview:large, max-video-preview:-1\" \/>\n<link rel=\"canonical\" href=\"https:\/\/www.neural-artistry.com\/fr\/shop\/home-garden\/decor\/artwork\/posters-prints-visual-artwork\/crimson-sun-bloom-poster\/\" \/>\n<meta property=\"og:locale\" content=\"fr_FR\" \/>\n<meta property=\"og:type\" content=\"article\" \/>\n<meta property=\"og:title\" content=\"Crimson Sun Bloom Poster - Neural Artistry\" \/>\n<meta property=\"og:description\" content=\"A striking fusion of surrealism and symbolism, this art print radiates bold contrasts and dreamlike energy. Printed on premium Hahnem\u00fchle FineArt paper with UltraChrome Pro inks, it is a signed and authenticated masterpiece designed to captivate any modern space.\" \/>\n<meta property=\"og:url\" content=\"https:\/\/www.neural-artistry.com\/fr\/shop\/home-garden\/decor\/artwork\/posters-prints-visual-artwork\/crimson-sun-bloom-poster\/\" \/>\n<meta property=\"og:site_name\" content=\"Neural Artistry\" \/>\n<meta property=\"article:modified_time\" content=\"2025-05-06T13:33:58+00:00\" \/>\n<meta property=\"og:image\" content=\"https:\/\/www.neural-artistry.com\/wp-content\/uploads\/2025\/02\/neural-artistry-portfolio-326_mock_giant.jpg\" \/>\n\t<meta property=\"og:image:width\" content=\"2048\" \/>\n\t<meta property=\"og:image:height\" content=\"2048\" \/>\n\t<meta property=\"og:image:type\" content=\"image\/jpeg\" \/>\n<meta name=\"twitter:card\" content=\"summary_large_image\" \/>\n<meta name=\"twitter:label1\" content=\"Dur\u00e9e de lecture estim\u00e9e\" \/>\n\t<meta name=\"twitter:data1\" content=\"1 minute\" \/>\n<script type=\"application\/ld+json\" class=\"yoast-schema-graph\">{\"@context\":\"https:\\\/\\\/schema.org\",\"@graph\":[{\"@type\":\"WebPage\",\"@id\":\"https:\\\/\\\/www.neural-artistry.com\\\/shop\\\/home-garden\\\/decor\\\/artwork\\\/posters-prints-visual-artwork\\\/crimson-sun-bloom-poster\\\/\",\"url\":\"https:\\\/\\\/www.neural-artistry.com\\\/shop\\\/home-garden\\\/decor\\\/artwork\\\/posters-prints-visual-artwork\\\/crimson-sun-bloom-poster\\\/\",\"name\":\"Crimson Sun Bloom Poster - Neural Artistry\",\"isPartOf\":{\"@id\":\"https:\\\/\\\/www.neural-artistry.com\\\/#website\"},\"primaryImageOfPage\":{\"@id\":\"https:\\\/\\\/www.neural-artistry.com\\\/shop\\\/home-garden\\\/decor\\\/artwork\\\/posters-prints-visual-artwork\\\/crimson-sun-bloom-poster\\\/#primaryimage\"},\"image\":{\"@id\":\"https:\\\/\\\/www.neural-artistry.com\\\/shop\\\/home-garden\\\/decor\\\/artwork\\\/posters-prints-visual-artwork\\\/crimson-sun-bloom-poster\\\/#primaryimage\"},\"thumbnailUrl\":\"https:\\\/\\\/www.neural-artistry.com\\\/wp-content\\\/uploads\\\/2025\\\/02\\\/neural-artistry-portfolio-326_mock_giant.jpg\",\"datePublished\":\"2025-02-13T13:18:44+00:00\",\"dateModified\":\"2025-05-06T13:33:58+00:00\",\"breadcrumb\":{\"@id\":\"https:\\\/\\\/www.neural-artistry.com\\\/shop\\\/home-garden\\\/decor\\\/artwork\\\/posters-prints-visual-artwork\\\/crimson-sun-bloom-poster\\\/#breadcrumb\"},\"inLanguage\":\"fr-FR\",\"potentialAction\":[{\"@type\":\"ReadAction\",\"target\":[\"https:\\\/\\\/www.neural-artistry.com\\\/shop\\\/home-garden\\\/decor\\\/artwork\\\/posters-prints-visual-artwork\\\/crimson-sun-bloom-poster\\\/\"]}]},{\"@type\":\"ImageObject\",\"inLanguage\":\"fr-FR\",\"@id\":\"https:\\\/\\\/www.neural-artistry.com\\\/shop\\\/home-garden\\\/decor\\\/artwork\\\/posters-prints-visual-artwork\\\/crimson-sun-bloom-poster\\\/#primaryimage\",\"url\":\"https:\\\/\\\/www.neural-artistry.com\\\/wp-content\\\/uploads\\\/2025\\\/02\\\/neural-artistry-portfolio-326_mock_giant.jpg\",\"contentUrl\":\"https:\\\/\\\/www.neural-artistry.com\\\/wp-content\\\/uploads\\\/2025\\\/02\\\/neural-artistry-portfolio-326_mock_giant.jpg\",\"width\":2048,\"height\":2048},{\"@type\":\"BreadcrumbList\",\"@id\":\"https:\\\/\\\/www.neural-artistry.com\\\/shop\\\/home-garden\\\/decor\\\/artwork\\\/posters-prints-visual-artwork\\\/crimson-sun-bloom-poster\\\/#breadcrumb\",\"itemListElement\":[{\"@type\":\"ListItem\",\"position\":1,\"name\":\"Home\",\"item\":\"https:\\\/\\\/www.neural-artistry.com\\\/\"},{\"@type\":\"ListItem\",\"position\":2,\"name\":\"Wall Art Prints \u2013 Custom Canvas &amp; Unique Posters\",\"item\":\"https:\\\/\\\/www.neural-artistry.com\\\/\"},{\"@type\":\"ListItem\",\"position\":3,\"name\":\"Crimson Sun Bloom Poster\"}]},{\"@type\":\"WebSite\",\"@id\":\"https:\\\/\\\/www.neural-artistry.com\\\/#website\",\"url\":\"https:\\\/\\\/www.neural-artistry.com\\\/\",\"name\":\"Neural Artistry\",\"description\":\"AI Art Posters \u2013 Certified, Premium, Sold Only Once\",\"publisher\":{\"@id\":\"https:\\\/\\\/www.neural-artistry.com\\\/#organization\"},\"potentialAction\":[{\"@type\":\"SearchAction\",\"target\":{\"@type\":\"EntryPoint\",\"urlTemplate\":\"https:\\\/\\\/www.neural-artistry.com\\\/?s={search_term_string}\"},\"query-input\":{\"@type\":\"PropertyValueSpecification\",\"valueRequired\":true,\"valueName\":\"search_term_string\"}}],\"inLanguage\":\"fr-FR\"},{\"@type\":\"Organization\",\"@id\":\"https:\\\/\\\/www.neural-artistry.com\\\/#organization\",\"name\":\"Neural Artistry\",\"url\":\"https:\\\/\\\/www.neural-artistry.com\\\/\",\"logo\":{\"@type\":\"ImageObject\",\"inLanguage\":\"fr-FR\",\"@id\":\"https:\\\/\\\/www.neural-artistry.com\\\/#\\\/schema\\\/logo\\\/image\\\/\",\"url\":\"https:\\\/\\\/www.neural-artistry.com\\\/wp-content\\\/uploads\\\/2025\\\/08\\\/Web-Black-logo-no-background-scaled.webp\",\"contentUrl\":\"https:\\\/\\\/www.neural-artistry.com\\\/wp-content\\\/uploads\\\/2025\\\/08\\\/Web-Black-logo-no-background-scaled.webp\",\"width\":2560,\"height\":976,\"caption\":\"Neural Artistry\"},\"image\":{\"@id\":\"https:\\\/\\\/www.neural-artistry.com\\\/#\\\/schema\\\/logo\\\/image\\\/\"}}]}<\/script>\n<!-- \/ Yoast SEO plugin. -->","yoast_head_json":{"title":"Crimson Sun Bloom Poster - Neural Artistry","robots":{"index":"index","follow":"follow","max-snippet":"max-snippet:-1","max-image-preview":"max-image-preview:large","max-video-preview":"max-video-preview:-1"},"canonical":"https:\/\/www.neural-artistry.com\/fr\/shop\/home-garden\/decor\/artwork\/posters-prints-visual-artwork\/crimson-sun-bloom-poster\/","og_locale":"fr_FR","og_type":"article","og_title":"Crimson Sun Bloom Poster - Neural Artistry","og_description":"A striking fusion of surrealism and symbolism, this art print radiates bold contrasts and dreamlike energy. Printed on premium Hahnem\u00fchle FineArt paper with UltraChrome Pro inks, it is a signed and authenticated masterpiece designed to captivate any modern space.","og_url":"https:\/\/www.neural-artistry.com\/fr\/shop\/home-garden\/decor\/artwork\/posters-prints-visual-artwork\/crimson-sun-bloom-poster\/","og_site_name":"Neural Artistry","article_modified_time":"2025-05-06T13:33:58+00:00","og_image":[{"width":2048,"height":2048,"url":"https:\/\/www.neural-artistry.com\/wp-content\/uploads\/2025\/02\/neural-artistry-portfolio-326_mock_giant.jpg","type":"image\/jpeg"}],"twitter_card":"summary_large_image","twitter_misc":{"Dur\u00e9e de lecture estim\u00e9e":"1 minute"},"schema":{"@context":"https:\/\/schema.org","@graph":[{"@type":"WebPage","@id":"https:\/\/www.neural-artistry.com\/shop\/home-garden\/decor\/artwork\/posters-prints-visual-artwork\/crimson-sun-bloom-poster\/","url":"https:\/\/www.neural-artistry.com\/shop\/home-garden\/decor\/artwork\/posters-prints-visual-artwork\/crimson-sun-bloom-poster\/","name":"Crimson Sun Bloom Poster - Neural Artistry","isPartOf":{"@id":"https:\/\/www.neural-artistry.com\/#website"},"primaryImageOfPage":{"@id":"https:\/\/www.neural-artistry.com\/shop\/home-garden\/decor\/artwork\/posters-prints-visual-artwork\/crimson-sun-bloom-poster\/#primaryimage"},"image":{"@id":"https:\/\/www.neural-artistry.com\/shop\/home-garden\/decor\/artwork\/posters-prints-visual-artwork\/crimson-sun-bloom-poster\/#primaryimage"},"thumbnailUrl":"https:\/\/www.neural-artistry.com\/wp-content\/uploads\/2025\/02\/neural-artistry-portfolio-326_mock_giant.jpg","datePublished":"2025-02-13T13:18:44+00:00","dateModified":"2025-05-06T13:33:58+00:00","breadcrumb":{"@id":"https:\/\/www.neural-artistry.com\/shop\/home-garden\/decor\/artwork\/posters-prints-visual-artwork\/crimson-sun-bloom-poster\/#breadcrumb"},"inLanguage":"fr-FR","potentialAction":[{"@type":"ReadAction","target":["https:\/\/www.neural-artistry.com\/shop\/home-garden\/decor\/artwork\/posters-prints-visual-artwork\/crimson-sun-bloom-poster\/"]}]},{"@type":"ImageObject","inLanguage":"fr-FR","@id":"https:\/\/www.neural-artistry.com\/shop\/home-garden\/decor\/artwork\/posters-prints-visual-artwork\/crimson-sun-bloom-poster\/#primaryimage","url":"https:\/\/www.neural-artistry.com\/wp-content\/uploads\/2025\/02\/neural-artistry-portfolio-326_mock_giant.jpg","contentUrl":"https:\/\/www.neural-artistry.com\/wp-content\/uploads\/2025\/02\/neural-artistry-portfolio-326_mock_giant.jpg","width":2048,"height":2048},{"@type":"BreadcrumbList","@id":"https:\/\/www.neural-artistry.com\/shop\/home-garden\/decor\/artwork\/posters-prints-visual-artwork\/crimson-sun-bloom-poster\/#breadcrumb","itemListElement":[{"@type":"ListItem","position":1,"name":"Home","item":"https:\/\/www.neural-artistry.com\/"},{"@type":"ListItem","position":2,"name":"Wall Art Prints \u2013 Custom Canvas &amp; Unique Posters","item":"https:\/\/www.neural-artistry.com\/"},{"@type":"ListItem","position":3,"name":"Crimson Sun Bloom Poster"}]},{"@type":"WebSite","@id":"https:\/\/www.neural-artistry.com\/#website","url":"https:\/\/www.neural-artistry.com\/","name":"Neural Artistry","description":"Affiches d&#039;art IA \u2013 Certifi\u00e9es, premium, vendues une seule fois","publisher":{"@id":"https:\/\/www.neural-artistry.com\/#organization"},"potentialAction":[{"@type":"SearchAction","target":{"@type":"EntryPoint","urlTemplate":"https:\/\/www.neural-artistry.com\/?s={search_term_string}"},"query-input":{"@type":"PropertyValueSpecification","valueRequired":true,"valueName":"search_term_string"}}],"inLanguage":"fr-FR"},{"@type":"Organization","@id":"https:\/\/www.neural-artistry.com\/#organization","name":"Neural Artistry","url":"https:\/\/www.neural-artistry.com\/","logo":{"@type":"ImageObject","inLanguage":"fr-FR","@id":"https:\/\/www.neural-artistry.com\/#\/schema\/logo\/image\/","url":"https:\/\/www.neural-artistry.com\/wp-content\/uploads\/2025\/08\/Web-Black-logo-no-background-scaled.webp","contentUrl":"https:\/\/www.neural-artistry.com\/wp-content\/uploads\/2025\/08\/Web-Black-logo-no-background-scaled.webp","width":2560,"height":976,"caption":"Neural Artistry"},"image":{"@id":"https:\/\/www.neural-artistry.com\/#\/schema\/logo\/image\/"}}]}},"uagb_featured_image_src":{"full":["https:\/\/www.neural-artistry.com\/wp-content\/uploads\/2025\/02\/neural-artistry-portfolio-326_mock_giant.jpg",2048,2048,false],"thumbnail":["https:\/\/www.neural-artistry.com\/wp-content\/uploads\/2025\/02\/neural-artistry-portfolio-326_mock_giant-150x150.jpg",150,150,true],"medium":["https:\/\/www.neural-artistry.com\/wp-content\/uploads\/2025\/02\/neural-artistry-portfolio-326_mock_giant-300x300.jpg",300,300,true],"medium_large":["https:\/\/www.neural-artistry.com\/wp-content\/uploads\/2025\/02\/neural-artistry-portfolio-326_mock_giant-768x768.jpg",768,768,true],"large":["https:\/\/www.neural-artistry.com\/wp-content\/uploads\/2025\/02\/neural-artistry-portfolio-326_mock_giant-1024x1024.jpg",1024,1024,true],"1536x1536":["https:\/\/www.neural-artistry.com\/wp-content\/uploads\/2025\/02\/neural-artistry-portfolio-326_mock_giant-1536x1536.jpg",1536,1536,true],"2048x2048":["https:\/\/www.neural-artistry.com\/wp-content\/uploads\/2025\/02\/neural-artistry-portfolio-326_mock_giant.jpg",2048,2048,false],"trp-custom-language-flag":["https:\/\/www.neural-artistry.com\/wp-content\/uploads\/2025\/02\/neural-artistry-portfolio-326_mock_giant-12x12.jpg",12,12,true],"woocommerce_thumbnail":["https:\/\/www.neural-artistry.com\/wp-content\/uploads\/2025\/02\/neural-artistry-portfolio-326_mock_giant-450x450.jpg",450,450,true],"woocommerce_single":["https:\/\/www.neural-artistry.com\/wp-content\/uploads\/2025\/02\/neural-artistry-portfolio-326_mock_giant-600x600.jpg",600,600,true],"woocommerce_gallery_thumbnail":["https:\/\/www.neural-artistry.com\/wp-content\/uploads\/2025\/02\/neural-artistry-portfolio-326_mock_giant-100x100.jpg",100,100,true]},"uagb_author_info":{"display_name":"flake","author_link":"https:\/\/www.neural-artistry.com\/fr\/author\/"},"uagb_comment_info":0,"uagb_excerpt":"A striking fusion of surrealism and symbolism, this art print radiates bold contrasts and dreamlike energy. Printed on premium Hahnem\u00fchle FineArt paper with UltraChrome Pro inks, it is a signed and authenticated masterpiece designed to captivate any modern space.","_links":{"self":[{"href":"https:\/\/www.neural-artistry.com\/fr\/wp-json\/wp\/v2\/product\/11459","targetHints":{"allow":["GET"]}}],"collection":[{"href":"https:\/\/www.neural-artistry.com\/fr\/wp-json\/wp\/v2\/product"}],"about":[{"href":"https:\/\/www.neural-artistry.com\/fr\/wp-json\/wp\/v2\/types\/product"}],"replies":[{"embeddable":true,"href":"https:\/\/www.neural-artistry.com\/fr\/wp-json\/wp\/v2\/comments?post=11459"}],"wp:featuredmedia":[{"embeddable":true,"href":"https:\/\/www.neural-artistry.com\/fr\/wp-json\/wp\/v2\/media\/11193"}],"wp:attachment":[{"href":"https:\/\/www.neural-artistry.com\/fr\/wp-json\/wp\/v2\/media?parent=11459"}],"wp:term":[{"taxonomy":"product_brand","embeddable":true,"href":"https:\/\/www.neural-artistry.com\/fr\/wp-json\/wp\/v2\/product_brand?post=11459"},{"taxonomy":"product_cat","embeddable":true,"href":"https:\/\/www.neural-artistry.com\/fr\/wp-json\/wp\/v2\/product_cat?post=11459"},{"taxonomy":"product_tag","embeddable":true,"href":"https:\/\/www.neural-artistry.com\/fr\/wp-json\/wp\/v2\/product_tag?post=11459"}],"curies":[{"name":"wp","href":"https:\/\/api.w.org\/{rel}","templated":true}]}}