{"id":11461,"date":"2025-02-13T13:18:46","date_gmt":"2025-02-13T13:18:46","guid":{"rendered":"https:\/\/www.neural-artistry.com\/shop\/uncategorized\/golden-hour-elegance-art-print\/"},"modified":"2025-05-06T13:33:46","modified_gmt":"2025-05-06T13:33:46","slug":"golden-hour-elegance-art-print","status":"publish","type":"product","link":"https:\/\/www.neural-artistry.com\/fr\/shop\/home-garden\/decor\/artwork\/posters-prints-visual-artwork\/golden-hour-elegance-art-print\/","title":{"rendered":"Impression d&#039;art Golden Hour Elegance"},"content":{"rendered":"<h3 style=\"color: #FAF5E5;\">\u00c9l\u00e9gance \u00e9th\u00e9r\u00e9e \u2013 Un portrait urbain onirique<\/h3>\n<p style=\"color: #FAF5E5;\">Entrez dans un monde de romance et de mystique avec ce film \u00e0 couper le souffle <strong>affiche inspir\u00e9e du paysage onirique<\/strong>. La silhouette d&#039;une femme gracieuse dans une robe fluide est magnifiquement <strong>r\u00e9tro\u00e9clair\u00e9 par les teintes dor\u00e9es d&#039;un coucher de soleil<\/strong>, projetant une lueur \u00e9th\u00e9r\u00e9e sur le d\u00e9cor urbain. Flanqu\u00e9e de lampadaires vintage, cette \u0153uvre d&#039;art \u00e9voque un sentiment de s\u00e9r\u00e9nit\u00e9, de myst\u00e8re et d&#039;\u00e9l\u00e9gance intemporelle. Parfait pour ceux qui appr\u00e9cient <strong>surr\u00e9alisme, fantasy et art conceptuel<\/strong>.<\/p>\n<h4 style=\"color: #FAF5E5;\">Tailles et formats disponibles<\/h4>\n<ul style=\"color: #FAF5E5;\">\n<li>19,80 cm x 29,70 cm<\/li>\n<li>28,00 cm x 42,00 cm<\/li>\n<li>32,20 cm x 48,30 cm<\/li>\n<li>39,60 cm x 59,40 cm<\/li>\n<li>43,00 cm x 64,50 cm<\/li>\n<\/ul>\n<h4 style=\"color: #FAF5E5;\">Fabrication et qualit\u00e9 d&#039;impression haut de gamme<\/h4>\n<p style=\"color: #FAF5E5;\">Chaque d\u00e9tail de ceci <strong>affiche imprim\u00e9e de haute qualit\u00e9<\/strong> est m\u00e9ticuleusement con\u00e7u en utilisant <strong>Papier FineArt Hahnem\u00fchle<\/strong> et <strong>Encres UltraChrome Pro<\/strong>. Cela garantit <strong>tirages de qualit\u00e9 mus\u00e9ale et archivistique<\/strong> qui sont r\u00e9sistants \u00e0 la d\u00e9coloration et riches en couleurs.<\/p>\n<h4 style=\"color: #FAF5E5;\">Certificat d&#039;authenticit\u00e9<\/h4>\n<p style=\"color: #FAF5E5;\">Chaque impression est une <strong>pi\u00e8ce unique, sign\u00e9e et authentifi\u00e9e<\/strong>, ce qui en fait un ajout pr\u00e9cieux \u00e0 toute collection d&#039;art.<\/p>\n<h4 style=\"color: #FAF5E5;\">Parfait pour n&#039;importe quel espace<\/h4>\n<p style=\"color: #FAF5E5;\">Am\u00e9liorez la d\u00e9coration de votre maison ou de votre bureau avec ceci <strong>affiche d&#039;art mural exclusive<\/strong>Id\u00e9al pour :<\/p>\n<ul style=\"color: #FAF5E5;\">\n<li>Salon \u2013 Cr\u00e9ez une ambiance chaleureuse et accueillante.<\/li>\n<li>Chambre \u2013 Ajoutez une touche de romantisme et de s\u00e9r\u00e9nit\u00e9.<\/li>\n<li>Bureau \u2013 Inspirez la cr\u00e9ativit\u00e9 et la sophistication.<\/li>\n<li>Configuration de jeu \u2013 \u00c9levez votre espace avec une esth\u00e9tique surr\u00e9aliste.<\/li>\n<\/ul>\n<h4 style=\"color: #FAF5E5;\">Finition mate ou brillante<\/h4>\n<p style=\"color: #FAF5E5;\">Choisissez entre un <strong>finition mate luxueuse<\/strong> pour un look doux et \u00e9l\u00e9gant ou un <strong>finition brillante et vibrante<\/strong> pour am\u00e9liorer la profondeur et la couleur.<\/p>\n<h4 style=\"color: #FAF5E5;\">Un cadeau unique pour les amateurs d&#039;art<\/h4>\n<p style=\"color: #FAF5E5;\">\u00c0 la recherche d&#039;un <strong>cadeau attentionn\u00e9 et unique<\/strong>? Cette affiche en \u00e9dition limit\u00e9e est parfaite pour <strong>collectionneurs d&#039;art, romantiques et r\u00eaveurs<\/strong>Surprenez quelqu&#039;un de sp\u00e9cial avec un <strong>impression d&#039;art personnalis\u00e9e<\/strong> qui parle \u00e0 leur \u00e2me.<\/p>\n<h3 style=\"color: #FAF5E5;\">Commandez votre affiche exclusive aujourd&#039;hui<\/h3>\n<p style=\"color: #FAF5E5;\">Ne manquez pas l&#039;opportunit\u00e9 de poss\u00e9der ceci <strong>Impression d&#039;art haut de gamme et de haute qualit\u00e9<\/strong>. <strong>Achetez en ligne maintenant<\/strong> et apportez la magie de ce paysage de r\u00eave surr\u00e9aliste dans votre espace.<\/p>","protected":false},"excerpt":{"rendered":"<p>Baign\u00e9e dans la lueur dor\u00e9e du cr\u00e9puscule, cette reproduction d&#039;art onirique capture une silhouette en mouvement, envelopp\u00e9e d&#039;\u00e9l\u00e9gance et de myst\u00e8re. Imprim\u00e9e sur du papier Hahnem\u00fchle FineArt avec des encres UltraChrome Pro, elle offre une profondeur et une chaleur in\u00e9gal\u00e9es, ce qui en fait une pi\u00e8ce de d\u00e9claration fascinante.<\/p>","protected":false},"featured_media":11205,"comment_status":"open","ping_status":"closed","template":"","meta":{"_uag_custom_page_level_css":""},"product_brand":[874],"product_cat":[734,725,1268,735],"product_tag":[1248,1059,927,1249,1246,1041,912,1247,1245,1093],"class_list":{"0":"post-11461","1":"product","2":"type-product","3":"status-publish","4":"has-post-thumbnail","6":"product_brand-neural-artistry","7":"product_cat-dreamscapes","8":"product_cat-portraits","9":"product_cat-posters-prints-visual-artwork","10":"product_cat-urban-life","11":"product_tag-backlit","12":"product_tag-dreamy","13":"product_tag-elegance","14":"product_tag-eveningatmosphere","15":"product_tag-flowingdress","16":"product_tag-romantic","17":"product_tag-silhouette","18":"product_tag-streetlamps","19":"product_tag-sunset","20":"product_tag-warmcolors","21":"product_shipping_class-chronopost","22":"pa_finish-type-glossy-finish","23":"pa_finish-type-matte-finish","24":"pa_margins-with","25":"pa_margins-without","26":"pa_medium-technique-digital-painting","27":"pa_medium-technique-layering","28":"pa_medium-technique-photomanipulation","29":"pa_mood-ambiance-dreamy","30":"pa_mood-ambiance-ethereal","31":"pa_mood-ambiance-mystical","32":"pa_mood-ambiance-romantic","33":"pa_mood-ambiance-serene","34":"pa_orientation-portrait","35":"pa_size-19-80cmx29-70cm","36":"pa_size-28-00cmx42-00cm","37":"pa_size-32-20cmx48-30cm","38":"pa_size-39-60cmx59-40cm","39":"pa_size-43-00cmx64-50cm","40":"pa_style-movement-concept-art","41":"pa_style-movement-fantasy","42":"pa_style-movement-surrealism","44":"first","45":"instock","46":"sold-individually","47":"taxable","48":"shipping-taxable","49":"purchasable","50":"product-type-variable","51":"has-default-attributes"},"yoast_head":"<!-- This site is optimized with the Yoast SEO plugin v27.5 - https:\/\/yoast.com\/product\/yoast-seo-wordpress\/ -->\n<title>Golden Hour Elegance Art Print - Neural Artistry<\/title>\n<meta name=\"robots\" content=\"index, follow, max-snippet:-1, max-image-preview:large, max-video-preview:-1\" \/>\n<link rel=\"canonical\" href=\"https:\/\/www.neural-artistry.com\/fr\/shop\/home-garden\/decor\/artwork\/posters-prints-visual-artwork\/golden-hour-elegance-art-print\/\" \/>\n<meta property=\"og:locale\" content=\"fr_FR\" \/>\n<meta property=\"og:type\" content=\"article\" \/>\n<meta property=\"og:title\" content=\"Golden Hour Elegance Art Print - Neural Artistry\" \/>\n<meta property=\"og:description\" content=\"Bathed in the golden glow of twilight, this dreamy art print captures a silhouette in motion, wrapped in elegance and mystery. Printed on Hahnem\u00fchle FineArt paper with UltraChrome Pro inks, it offers unmatched depth and warmth, making it a mesmerizing statement piece.\" \/>\n<meta property=\"og:url\" content=\"https:\/\/www.neural-artistry.com\/fr\/shop\/home-garden\/decor\/artwork\/posters-prints-visual-artwork\/golden-hour-elegance-art-print\/\" \/>\n<meta property=\"og:site_name\" content=\"Neural Artistry\" \/>\n<meta property=\"article:modified_time\" content=\"2025-05-06T13:33:46+00:00\" \/>\n<meta property=\"og:image\" content=\"https:\/\/www.neural-artistry.com\/wp-content\/uploads\/2025\/02\/neural-artistry-portfolio-328_mock_giant.jpg\" \/>\n\t<meta property=\"og:image:width\" content=\"2048\" \/>\n\t<meta property=\"og:image:height\" content=\"2048\" \/>\n\t<meta property=\"og:image:type\" content=\"image\/jpeg\" \/>\n<meta name=\"twitter:card\" content=\"summary_large_image\" \/>\n<meta name=\"twitter:label1\" content=\"Dur\u00e9e de lecture estim\u00e9e\" \/>\n\t<meta name=\"twitter:data1\" content=\"1 minute\" \/>\n<script type=\"application\/ld+json\" class=\"yoast-schema-graph\">{\"@context\":\"https:\\\/\\\/schema.org\",\"@graph\":[{\"@type\":\"WebPage\",\"@id\":\"https:\\\/\\\/www.neural-artistry.com\\\/shop\\\/home-garden\\\/decor\\\/artwork\\\/posters-prints-visual-artwork\\\/golden-hour-elegance-art-print\\\/\",\"url\":\"https:\\\/\\\/www.neural-artistry.com\\\/shop\\\/home-garden\\\/decor\\\/artwork\\\/posters-prints-visual-artwork\\\/golden-hour-elegance-art-print\\\/\",\"name\":\"Golden Hour Elegance Art Print - Neural Artistry\",\"isPartOf\":{\"@id\":\"https:\\\/\\\/www.neural-artistry.com\\\/#website\"},\"primaryImageOfPage\":{\"@id\":\"https:\\\/\\\/www.neural-artistry.com\\\/shop\\\/home-garden\\\/decor\\\/artwork\\\/posters-prints-visual-artwork\\\/golden-hour-elegance-art-print\\\/#primaryimage\"},\"image\":{\"@id\":\"https:\\\/\\\/www.neural-artistry.com\\\/shop\\\/home-garden\\\/decor\\\/artwork\\\/posters-prints-visual-artwork\\\/golden-hour-elegance-art-print\\\/#primaryimage\"},\"thumbnailUrl\":\"https:\\\/\\\/www.neural-artistry.com\\\/wp-content\\\/uploads\\\/2025\\\/02\\\/neural-artistry-portfolio-328_mock_giant.jpg\",\"datePublished\":\"2025-02-13T13:18:46+00:00\",\"dateModified\":\"2025-05-06T13:33:46+00:00\",\"breadcrumb\":{\"@id\":\"https:\\\/\\\/www.neural-artistry.com\\\/shop\\\/home-garden\\\/decor\\\/artwork\\\/posters-prints-visual-artwork\\\/golden-hour-elegance-art-print\\\/#breadcrumb\"},\"inLanguage\":\"fr-FR\",\"potentialAction\":[{\"@type\":\"ReadAction\",\"target\":[\"https:\\\/\\\/www.neural-artistry.com\\\/shop\\\/home-garden\\\/decor\\\/artwork\\\/posters-prints-visual-artwork\\\/golden-hour-elegance-art-print\\\/\"]}]},{\"@type\":\"ImageObject\",\"inLanguage\":\"fr-FR\",\"@id\":\"https:\\\/\\\/www.neural-artistry.com\\\/shop\\\/home-garden\\\/decor\\\/artwork\\\/posters-prints-visual-artwork\\\/golden-hour-elegance-art-print\\\/#primaryimage\",\"url\":\"https:\\\/\\\/www.neural-artistry.com\\\/wp-content\\\/uploads\\\/2025\\\/02\\\/neural-artistry-portfolio-328_mock_giant.jpg\",\"contentUrl\":\"https:\\\/\\\/www.neural-artistry.com\\\/wp-content\\\/uploads\\\/2025\\\/02\\\/neural-artistry-portfolio-328_mock_giant.jpg\",\"width\":2048,\"height\":2048},{\"@type\":\"BreadcrumbList\",\"@id\":\"https:\\\/\\\/www.neural-artistry.com\\\/shop\\\/home-garden\\\/decor\\\/artwork\\\/posters-prints-visual-artwork\\\/golden-hour-elegance-art-print\\\/#breadcrumb\",\"itemListElement\":[{\"@type\":\"ListItem\",\"position\":1,\"name\":\"Home\",\"item\":\"https:\\\/\\\/www.neural-artistry.com\\\/\"},{\"@type\":\"ListItem\",\"position\":2,\"name\":\"Wall Art Prints \u2013 Custom Canvas &amp; Unique Posters\",\"item\":\"https:\\\/\\\/www.neural-artistry.com\\\/\"},{\"@type\":\"ListItem\",\"position\":3,\"name\":\"Golden Hour Elegance Art Print\"}]},{\"@type\":\"WebSite\",\"@id\":\"https:\\\/\\\/www.neural-artistry.com\\\/#website\",\"url\":\"https:\\\/\\\/www.neural-artistry.com\\\/\",\"name\":\"Neural Artistry\",\"description\":\"AI Art Posters \u2013 Certified, Premium, Sold Only Once\",\"publisher\":{\"@id\":\"https:\\\/\\\/www.neural-artistry.com\\\/#organization\"},\"potentialAction\":[{\"@type\":\"SearchAction\",\"target\":{\"@type\":\"EntryPoint\",\"urlTemplate\":\"https:\\\/\\\/www.neural-artistry.com\\\/?s={search_term_string}\"},\"query-input\":{\"@type\":\"PropertyValueSpecification\",\"valueRequired\":true,\"valueName\":\"search_term_string\"}}],\"inLanguage\":\"fr-FR\"},{\"@type\":\"Organization\",\"@id\":\"https:\\\/\\\/www.neural-artistry.com\\\/#organization\",\"name\":\"Neural Artistry\",\"url\":\"https:\\\/\\\/www.neural-artistry.com\\\/\",\"logo\":{\"@type\":\"ImageObject\",\"inLanguage\":\"fr-FR\",\"@id\":\"https:\\\/\\\/www.neural-artistry.com\\\/#\\\/schema\\\/logo\\\/image\\\/\",\"url\":\"https:\\\/\\\/www.neural-artistry.com\\\/wp-content\\\/uploads\\\/2025\\\/08\\\/Web-Black-logo-no-background-scaled.webp\",\"contentUrl\":\"https:\\\/\\\/www.neural-artistry.com\\\/wp-content\\\/uploads\\\/2025\\\/08\\\/Web-Black-logo-no-background-scaled.webp\",\"width\":2560,\"height\":976,\"caption\":\"Neural Artistry\"},\"image\":{\"@id\":\"https:\\\/\\\/www.neural-artistry.com\\\/#\\\/schema\\\/logo\\\/image\\\/\"}}]}<\/script>\n<!-- \/ Yoast SEO plugin. -->","yoast_head_json":{"title":"Golden Hour Elegance Art Print - Neural Artistry","robots":{"index":"index","follow":"follow","max-snippet":"max-snippet:-1","max-image-preview":"max-image-preview:large","max-video-preview":"max-video-preview:-1"},"canonical":"https:\/\/www.neural-artistry.com\/fr\/shop\/home-garden\/decor\/artwork\/posters-prints-visual-artwork\/golden-hour-elegance-art-print\/","og_locale":"fr_FR","og_type":"article","og_title":"Golden Hour Elegance Art Print - Neural Artistry","og_description":"Bathed in the golden glow of twilight, this dreamy art print captures a silhouette in motion, wrapped in elegance and mystery. Printed on Hahnem\u00fchle FineArt paper with UltraChrome Pro inks, it offers unmatched depth and warmth, making it a mesmerizing statement piece.","og_url":"https:\/\/www.neural-artistry.com\/fr\/shop\/home-garden\/decor\/artwork\/posters-prints-visual-artwork\/golden-hour-elegance-art-print\/","og_site_name":"Neural Artistry","article_modified_time":"2025-05-06T13:33:46+00:00","og_image":[{"width":2048,"height":2048,"url":"https:\/\/www.neural-artistry.com\/wp-content\/uploads\/2025\/02\/neural-artistry-portfolio-328_mock_giant.jpg","type":"image\/jpeg"}],"twitter_card":"summary_large_image","twitter_misc":{"Dur\u00e9e de lecture estim\u00e9e":"1 minute"},"schema":{"@context":"https:\/\/schema.org","@graph":[{"@type":"WebPage","@id":"https:\/\/www.neural-artistry.com\/shop\/home-garden\/decor\/artwork\/posters-prints-visual-artwork\/golden-hour-elegance-art-print\/","url":"https:\/\/www.neural-artistry.com\/shop\/home-garden\/decor\/artwork\/posters-prints-visual-artwork\/golden-hour-elegance-art-print\/","name":"Golden Hour Elegance Art Print - Neural Artistry","isPartOf":{"@id":"https:\/\/www.neural-artistry.com\/#website"},"primaryImageOfPage":{"@id":"https:\/\/www.neural-artistry.com\/shop\/home-garden\/decor\/artwork\/posters-prints-visual-artwork\/golden-hour-elegance-art-print\/#primaryimage"},"image":{"@id":"https:\/\/www.neural-artistry.com\/shop\/home-garden\/decor\/artwork\/posters-prints-visual-artwork\/golden-hour-elegance-art-print\/#primaryimage"},"thumbnailUrl":"https:\/\/www.neural-artistry.com\/wp-content\/uploads\/2025\/02\/neural-artistry-portfolio-328_mock_giant.jpg","datePublished":"2025-02-13T13:18:46+00:00","dateModified":"2025-05-06T13:33:46+00:00","breadcrumb":{"@id":"https:\/\/www.neural-artistry.com\/shop\/home-garden\/decor\/artwork\/posters-prints-visual-artwork\/golden-hour-elegance-art-print\/#breadcrumb"},"inLanguage":"fr-FR","potentialAction":[{"@type":"ReadAction","target":["https:\/\/www.neural-artistry.com\/shop\/home-garden\/decor\/artwork\/posters-prints-visual-artwork\/golden-hour-elegance-art-print\/"]}]},{"@type":"ImageObject","inLanguage":"fr-FR","@id":"https:\/\/www.neural-artistry.com\/shop\/home-garden\/decor\/artwork\/posters-prints-visual-artwork\/golden-hour-elegance-art-print\/#primaryimage","url":"https:\/\/www.neural-artistry.com\/wp-content\/uploads\/2025\/02\/neural-artistry-portfolio-328_mock_giant.jpg","contentUrl":"https:\/\/www.neural-artistry.com\/wp-content\/uploads\/2025\/02\/neural-artistry-portfolio-328_mock_giant.jpg","width":2048,"height":2048},{"@type":"BreadcrumbList","@id":"https:\/\/www.neural-artistry.com\/shop\/home-garden\/decor\/artwork\/posters-prints-visual-artwork\/golden-hour-elegance-art-print\/#breadcrumb","itemListElement":[{"@type":"ListItem","position":1,"name":"Home","item":"https:\/\/www.neural-artistry.com\/"},{"@type":"ListItem","position":2,"name":"Wall Art Prints \u2013 Custom Canvas &amp; Unique Posters","item":"https:\/\/www.neural-artistry.com\/"},{"@type":"ListItem","position":3,"name":"Golden Hour Elegance Art Print"}]},{"@type":"WebSite","@id":"https:\/\/www.neural-artistry.com\/#website","url":"https:\/\/www.neural-artistry.com\/","name":"Neural Artistry","description":"Affiches d&#039;art IA \u2013 Certifi\u00e9es, premium, vendues une seule fois","publisher":{"@id":"https:\/\/www.neural-artistry.com\/#organization"},"potentialAction":[{"@type":"SearchAction","target":{"@type":"EntryPoint","urlTemplate":"https:\/\/www.neural-artistry.com\/?s={search_term_string}"},"query-input":{"@type":"PropertyValueSpecification","valueRequired":true,"valueName":"search_term_string"}}],"inLanguage":"fr-FR"},{"@type":"Organization","@id":"https:\/\/www.neural-artistry.com\/#organization","name":"Neural Artistry","url":"https:\/\/www.neural-artistry.com\/","logo":{"@type":"ImageObject","inLanguage":"fr-FR","@id":"https:\/\/www.neural-artistry.com\/#\/schema\/logo\/image\/","url":"https:\/\/www.neural-artistry.com\/wp-content\/uploads\/2025\/08\/Web-Black-logo-no-background-scaled.webp","contentUrl":"https:\/\/www.neural-artistry.com\/wp-content\/uploads\/2025\/08\/Web-Black-logo-no-background-scaled.webp","width":2560,"height":976,"caption":"Neural Artistry"},"image":{"@id":"https:\/\/www.neural-artistry.com\/#\/schema\/logo\/image\/"}}]}},"uagb_featured_image_src":{"full":["https:\/\/www.neural-artistry.com\/wp-content\/uploads\/2025\/02\/neural-artistry-portfolio-328_mock_giant.jpg",2048,2048,false],"thumbnail":["https:\/\/www.neural-artistry.com\/wp-content\/uploads\/2025\/02\/neural-artistry-portfolio-328_mock_giant-150x150.jpg",150,150,true],"medium":["https:\/\/www.neural-artistry.com\/wp-content\/uploads\/2025\/02\/neural-artistry-portfolio-328_mock_giant-300x300.jpg",300,300,true],"medium_large":["https:\/\/www.neural-artistry.com\/wp-content\/uploads\/2025\/02\/neural-artistry-portfolio-328_mock_giant-768x768.jpg",768,768,true],"large":["https:\/\/www.neural-artistry.com\/wp-content\/uploads\/2025\/02\/neural-artistry-portfolio-328_mock_giant-1024x1024.jpg",1024,1024,true],"1536x1536":["https:\/\/www.neural-artistry.com\/wp-content\/uploads\/2025\/02\/neural-artistry-portfolio-328_mock_giant-1536x1536.jpg",1536,1536,true],"2048x2048":["https:\/\/www.neural-artistry.com\/wp-content\/uploads\/2025\/02\/neural-artistry-portfolio-328_mock_giant.jpg",2048,2048,false],"trp-custom-language-flag":["https:\/\/www.neural-artistry.com\/wp-content\/uploads\/2025\/02\/neural-artistry-portfolio-328_mock_giant-12x12.jpg",12,12,true],"woocommerce_thumbnail":["https:\/\/www.neural-artistry.com\/wp-content\/uploads\/2025\/02\/neural-artistry-portfolio-328_mock_giant-450x450.jpg",450,450,true],"woocommerce_single":["https:\/\/www.neural-artistry.com\/wp-content\/uploads\/2025\/02\/neural-artistry-portfolio-328_mock_giant-600x600.jpg",600,600,true],"woocommerce_gallery_thumbnail":["https:\/\/www.neural-artistry.com\/wp-content\/uploads\/2025\/02\/neural-artistry-portfolio-328_mock_giant-100x100.jpg",100,100,true]},"uagb_author_info":{"display_name":"flake","author_link":"https:\/\/www.neural-artistry.com\/fr\/author\/"},"uagb_comment_info":0,"uagb_excerpt":"Bathed in the golden glow of twilight, this dreamy art print captures a silhouette in motion, wrapped in elegance and mystery. Printed on Hahnem\u00fchle FineArt paper with UltraChrome Pro inks, it offers unmatched depth and warmth, making it a mesmerizing statement piece.","_links":{"self":[{"href":"https:\/\/www.neural-artistry.com\/fr\/wp-json\/wp\/v2\/product\/11461","targetHints":{"allow":["GET"]}}],"collection":[{"href":"https:\/\/www.neural-artistry.com\/fr\/wp-json\/wp\/v2\/product"}],"about":[{"href":"https:\/\/www.neural-artistry.com\/fr\/wp-json\/wp\/v2\/types\/product"}],"replies":[{"embeddable":true,"href":"https:\/\/www.neural-artistry.com\/fr\/wp-json\/wp\/v2\/comments?post=11461"}],"wp:featuredmedia":[{"embeddable":true,"href":"https:\/\/www.neural-artistry.com\/fr\/wp-json\/wp\/v2\/media\/11205"}],"wp:attachment":[{"href":"https:\/\/www.neural-artistry.com\/fr\/wp-json\/wp\/v2\/media?parent=11461"}],"wp:term":[{"taxonomy":"product_brand","embeddable":true,"href":"https:\/\/www.neural-artistry.com\/fr\/wp-json\/wp\/v2\/product_brand?post=11461"},{"taxonomy":"product_cat","embeddable":true,"href":"https:\/\/www.neural-artistry.com\/fr\/wp-json\/wp\/v2\/product_cat?post=11461"},{"taxonomy":"product_tag","embeddable":true,"href":"https:\/\/www.neural-artistry.com\/fr\/wp-json\/wp\/v2\/product_tag?post=11461"}],"curies":[{"name":"wp","href":"https:\/\/api.w.org\/{rel}","templated":true}]}}