{"id":1889,"date":"2024-12-26T21:45:56","date_gmt":"2024-12-26T21:45:56","guid":{"rendered":"https:\/\/www.neural-artistry.com\/?post_type=product&#038;p=1889"},"modified":"2025-08-21T16:12:57","modified_gmt":"2025-08-21T16:12:57","slug":"kaleidoscopic-wanderer-psychedelic-surrealism-by-neural-artistry","status":"publish","type":"product","link":"https:\/\/www.neural-artistry.com\/fr\/shop\/home-garden\/decor\/artwork\/posters-prints-visual-artwork\/kaleidoscopic-wanderer-psychedelic-surrealism-by-neural-artistry\/","title":{"rendered":"Kaleidoscopic Wanderer \u2013 Surr\u00e9alisme psych\u00e9d\u00e9lique par Neural Artistry"},"content":{"rendered":"<h3 style=\"color: #DCA54A;text-transform: uppercase;font-weight: bold\">vagabond kal\u00e9idoscopique \u2013 surr\u00e9alisme psych\u00e9d\u00e9lique par neural artistry<\/h3>\n<h4 style=\"color: #D09A40;text-transform: uppercase\">introduction<\/h4>\n<p style=\"color: #FAF5E5\">Alors que je regardais <strong>\u00ab Vagabond kal\u00e9idoscopique \u00bb<\/strong> Pour la premi\u00e8re fois, j&#039;ai eu l&#039;impression de p\u00e9n\u00e9trer dans un r\u00eave cosmique, un kal\u00e9idoscope vibrant de beaut\u00e9 surr\u00e9aliste qui semblait vibrer de vie. Cette \u0153uvre d&#039;art num\u00e9rique unique en son genre, con\u00e7ue de main de ma\u00eetre par <strong>Neural Artistry<\/strong>, vous invite dans un royaume fantastique o\u00f9 des champignons bioluminescents s&#039;\u00e9l\u00e8vent comme des gratte-ciels extraterrestres et o\u00f9 une figure humano\u00efde kal\u00e9idoscopique rayonne d&#039;une \u00e9nergie surnaturelle. Avec des bleus riches et \u00e9lectriques, des oranges ardents et des teintes dor\u00e9es chatoyantes, chaque centim\u00e8tre carr\u00e9 de ce paysage de r\u00eave est une c\u00e9l\u00e9bration de l&#039;imagination et de l&#039;exploration. <\/p>\n<p>R\u00e9alis\u00e9 exclusivement sous forme d&#039;affiche imprim\u00e9e par des professionnels, ce chef-d&#039;\u0153uvre est plus qu&#039;un \u00e9l\u00e9ment de d\u00e9coration : c&#039;est une invitation \u00e0 s&#039;\u00e9vader dans l&#039;extraordinaire. Son charme surr\u00e9aliste et fantaisiste en fait l&#039;\u0153uvre d&#039;art parfaite pour les collectionneurs, les r\u00eaveurs et les passionn\u00e9s de d\u00e9coration int\u00e9rieure.<\/p>\n<h4 style=\"color: #D09A40;text-transform: uppercase\">tailles et formats<\/h4>\n<p style=\"color: #FAF5E5\">\u00ab Kaleidoscopic Wanderer \u00bb est disponible dans des tailles soigneusement s\u00e9lectionn\u00e9es pour s&#039;adapter \u00e0 une vari\u00e9t\u00e9 d&#039;espaces. Que vous souhaitiez une pi\u00e8ce ma\u00eetresse audacieuse ou un accent intime, cette affiche horizontale est con\u00e7ue pour rehausser votre d\u00e9cor. Choisissez parmi les options de taille suivantes\u00a0:<\/p>\n<ul style=\"color: #FAF5E5;padding-left: 0\">\n<li style=\"margin-bottom: 8px\"> 21,00 cm \u00d7 11,77 cm<\/li>\n<li style=\"margin-bottom: 8px\"> 29,70 cm \u00d7 16,65 cm<\/li>\n<li style=\"margin-bottom: 8px\"> 32,90 cm \u00d7 18,44 cm<\/li>\n<li style=\"margin-bottom: 8px\"> 42,00 cm \u00d7 23,54 cm<\/li>\n<\/ul>\n<p style=\"color: #FAF5E5\">Chaque impression est disponible dans votre choix de <strong>mat<\/strong> ou <strong>brillant<\/strong> finitions, offrant soit une texture discr\u00e8te sophistiqu\u00e9e, soit une brillance \u00e9clatante pour correspondre \u00e0 vos pr\u00e9f\u00e9rences esth\u00e9tiques. Con\u00e7ue sans bordure pour un look \u00e9l\u00e9gant et moderne, cette affiche est pr\u00eate \u00e0 captiver d\u00e8s qu&#039;elle est affich\u00e9e.<\/p>\n<h4 style=\"color: #D09A40;text-transform: uppercase\">artisanat et qualit\u00e9<\/h4>\n<p style=\"color: #FAF5E5\">Imprim\u00e9 sur du papier luxueux <strong>Papier FineArt Hahnem\u00fchle<\/strong> en utilisant avanc\u00e9 <strong>Encres UltraChrome Pro<\/strong>\u00ab Kaleidoscopic Wanderer \u00bb garantit une pr\u00e9cision des couleurs \u00e9poustouflante, des d\u00e9tails exceptionnels et une qualit\u00e9 digne d&#039;un mus\u00e9e. Le mat\u00e9riau d&#039;archive garantit que cette \u0153uvre d&#039;art reste r\u00e9sistante \u00e0 la d\u00e9coloration pendant des d\u00e9cennies, offrant une beaut\u00e9 intemporelle \u00e0 votre collection. Des motifs complexes de la figure humano\u00efde \u00e0 la flore \u00e9clatante, chaque \u00e9l\u00e9ment est rendu avec une clart\u00e9 et un dynamisme \u00e9tonnants.<\/p>\n<h4 style=\"color: #D09A40;text-transform: uppercase\">certificat d&#039;authenticit\u00e9 et d&#039;exclusivit\u00e9<\/h4>\n<p style=\"color: #FAF5E5\">Cette affiche est un v\u00e9ritable tr\u00e9sor de collection. <strong>\u00ab Vagabond kal\u00e9idoscopique \u00bb<\/strong> est un <strong>\u0153uvre d&#039;art unique en son genre<\/strong> qui ne sera jamais reproduit, garantissant ainsi son exclusivit\u00e9. Chaque tirage comprend une <strong>Certificat d&#039;authenticit\u00e9 sign\u00e9<\/strong>, en v\u00e9rifiant son originalit\u00e9 et en en faisant un ajout rare \u00e0 toute collection d&#039;art. Poss\u00e9dez une pi\u00e8ce d&#039;ing\u00e9niosit\u00e9 artistique aussi unique que votre go\u00fbt.<\/p>\n<h4 style=\"color: #D09A40;text-transform: uppercase\">utilisation id\u00e9ale et suggestions de d\u00e9coration<\/h4>\n<p style=\"color: #FAF5E5\">Transformez votre espace avec l\u2019attrait hypnotique de \u00ab Kaleidoscopic Wanderer \u00bb. Voici quelques emplacements id\u00e9aux :<\/p>\n<ul style=\"color: #FAF5E5;padding-left: 0\">\n<li style=\"margin-bottom: 8px\"> Parfait pour les salons modernes comme pi\u00e8ce ma\u00eetresse audacieuse<\/li>\n<li style=\"margin-bottom: 8px\"> Am\u00e9liore les bureaux cr\u00e9atifs ou les studios de design avec dynamisme<\/li>\n<li style=\"margin-bottom: 8px\"> Un ajout frappant aux configurations de jeu ou aux salles multim\u00e9dias<\/li>\n<li style=\"margin-bottom: 8px\"> Un cadeau attentionn\u00e9 et unique pour les amateurs d&#039;art<\/li>\n<\/ul>\n<p style=\"color: #FAF5E5\">Son charme surr\u00e9aliste et son dynamisme psych\u00e9d\u00e9lique en font un choix polyvalent pour les int\u00e9rieurs modernes et \u00e9clectiques.<\/p>\n<h4 style=\"color: #D09A40;text-transform: uppercase\">R\u00e9clamez votre chef-d&#039;\u0153uvre exclusif aujourd&#039;hui<\/h4>\n<p style=\"color: #FAF5E5\">Ne manquez pas votre opportunit\u00e9 de poss\u00e9der \u00ab Kaleidoscopic Wanderer \u00bb \u2014 un <strong>affiche unique en son genre<\/strong> qui allie l&#039;art num\u00e9rique de pointe \u00e0 un savoir-faire intemporel. Que vous soyez un collectionneur, un passionn\u00e9 de design ou quelqu&#039;un cherchant \u00e0 sublimer son espace, cette \u0153uvre d&#039;art exclusive est une passerelle vers un monde d&#039;\u00e9merveillement surr\u00e9aliste. <\/p>\n<p><strong>R\u00e9servez d\u00e8s maintenant votre tirage en \u00e9dition limit\u00e9e<\/strong> et donnez vie \u00e0 ce paysage de r\u00eave kal\u00e9idoscopique dans votre maison ou votre bureau. Laissez vos murs raconter une histoire d&#039;imagination, d&#039;exploration et d&#039;art sans pr\u00e9c\u00e9dent.<\/p>\n<div style=\"background: linear-gradient(to right, #DCA54A, #D09A40);padding: 12px 24px;text-align: center;border-radius: 4px;margin-top: 16px\">\n  <a style=\"color: #FFFFFF;text-decoration: none;font-weight: bold\" href=\"#\">Commandez votre affiche exclusive maintenant<\/a>\n<\/div>","protected":false},"excerpt":{"rendered":"<p style=\"color: #FAF5E5;font-weight: bold\">Entrez dans un paysage de r\u00eave kal\u00e9idoscopique avec <strong>\u00ab Vagabond kal\u00e9idoscopique \u00bb<\/strong>, un <strong>unique en son genre<\/strong> chef-d&#039;\u0153uvre psych\u00e9d\u00e9lique. Imprim\u00e9 sur <strong>Papier FineArt Hahnem\u00fchle<\/strong> avec <strong>Encres UltraChrome Pro<\/strong>, chaque impression certifi\u00e9e promet un dynamisme et une exclusivit\u00e9 in\u00e9gal\u00e9s.<\/p>","protected":false},"featured_media":1888,"comment_status":"open","ping_status":"closed","template":"","meta":{"_uag_custom_page_level_css":""},"product_brand":[874],"product_cat":[748,728,756,752,1268,731],"product_tag":[],"class_list":{"0":"post-1889","1":"product","2":"type-product","3":"status-publish","4":"has-post-thumbnail","6":"product_brand-neural-artistry","7":"product_cat-fantasy-creatures","8":"product_cat-fantasy-worlds","9":"product_cat-magical-realism","10":"product_cat-mystical-themes","11":"product_cat-posters-prints-visual-artwork","12":"product_cat-surrealism","13":"product_shipping_class-chronopost","14":"pa_finish-type-glossy-finish","15":"pa_finish-type-matte-finish","16":"pa_margins-with","17":"pa_margins-without","18":"pa_medium-technique-compositing","19":"pa_medium-technique-digital-painting","20":"pa_medium-technique-rendering","21":"pa_medium-technique-texturing","22":"pa_mood-ambiance-dreamy","23":"pa_mood-ambiance-otherworldly","24":"pa_mood-ambiance-surreal","25":"pa_mood-ambiance-vibrant","26":"pa_mood-ambiance-whimsical","27":"pa_orientation-horizontal","28":"pa_size-21-00cmx11-77cm","29":"pa_size-29-70cmx16-65cm","30":"pa_size-32-90cmx18-44cm","31":"pa_size-42-00cmx23-54cm","32":"pa_style-movement-fantasy","33":"pa_style-movement-psychedelic-art","34":"pa_style-movement-surrealism","36":"first","37":"instock","38":"sold-individually","39":"taxable","40":"shipping-taxable","41":"purchasable","42":"product-type-variable","43":"has-default-attributes"},"yoast_head":"<!-- This site is optimized with the Yoast SEO plugin v27.5 - https:\/\/yoast.com\/product\/yoast-seo-wordpress\/ -->\n<title>Kaleidoscopic Wanderer - Psychedelic Surrealism by Neural Artistry - Neural Artistry<\/title>\n<meta name=\"robots\" content=\"index, follow, max-snippet:-1, max-image-preview:large, max-video-preview:-1\" \/>\n<link rel=\"canonical\" href=\"https:\/\/www.neural-artistry.com\/fr\/shop\/home-garden\/decor\/artwork\/posters-prints-visual-artwork\/kaleidoscopic-wanderer-psychedelic-surrealism-by-neural-artistry\/\" \/>\n<meta property=\"og:locale\" content=\"fr_FR\" \/>\n<meta property=\"og:type\" content=\"article\" \/>\n<meta property=\"og:title\" content=\"Kaleidoscopic Wanderer - Psychedelic Surrealism by Neural Artistry - Neural Artistry\" \/>\n<meta property=\"og:description\" content=\"Step into a kaleidoscopic dreamscape with &quot;Kaleidoscopic Wanderer&quot;, a one-of-a-kind psychedelic masterpiece. Printed on Hahnem\u00fchle FineArt paper with UltraChrome Pro inks, each certified print promises unmatched vibrancy and exclusivity.\" \/>\n<meta property=\"og:url\" content=\"https:\/\/www.neural-artistry.com\/fr\/shop\/home-garden\/decor\/artwork\/posters-prints-visual-artwork\/kaleidoscopic-wanderer-psychedelic-surrealism-by-neural-artistry\/\" \/>\n<meta property=\"og:site_name\" content=\"Neural Artistry\" \/>\n<meta property=\"article:modified_time\" content=\"2025-08-21T16:12:57+00:00\" \/>\n<meta property=\"og:image\" content=\"https:\/\/www.neural-artistry.com\/wp-content\/uploads\/2024\/12\/neural-artistry-portfolio-111-scaled-1.jpg\" \/>\n\t<meta property=\"og:image:width\" content=\"2560\" \/>\n\t<meta property=\"og:image:height\" content=\"1435\" \/>\n\t<meta property=\"og:image:type\" content=\"image\/jpeg\" \/>\n<meta name=\"twitter:card\" content=\"summary_large_image\" \/>\n<meta name=\"twitter:label1\" content=\"Dur\u00e9e de lecture estim\u00e9e\" \/>\n\t<meta name=\"twitter:data1\" content=\"3 minutes\" \/>\n<script type=\"application\/ld+json\" class=\"yoast-schema-graph\">{\"@context\":\"https:\\\/\\\/schema.org\",\"@graph\":[{\"@type\":\"WebPage\",\"@id\":\"https:\\\/\\\/www.neural-artistry.com\\\/shop\\\/home-garden\\\/decor\\\/artwork\\\/posters-prints-visual-artwork\\\/kaleidoscopic-wanderer-psychedelic-surrealism-by-neural-artistry\\\/\",\"url\":\"https:\\\/\\\/www.neural-artistry.com\\\/shop\\\/home-garden\\\/decor\\\/artwork\\\/posters-prints-visual-artwork\\\/kaleidoscopic-wanderer-psychedelic-surrealism-by-neural-artistry\\\/\",\"name\":\"Kaleidoscopic Wanderer - Psychedelic Surrealism by Neural Artistry - Neural Artistry\",\"isPartOf\":{\"@id\":\"https:\\\/\\\/www.neural-artistry.com\\\/#website\"},\"primaryImageOfPage\":{\"@id\":\"https:\\\/\\\/www.neural-artistry.com\\\/shop\\\/home-garden\\\/decor\\\/artwork\\\/posters-prints-visual-artwork\\\/kaleidoscopic-wanderer-psychedelic-surrealism-by-neural-artistry\\\/#primaryimage\"},\"image\":{\"@id\":\"https:\\\/\\\/www.neural-artistry.com\\\/shop\\\/home-garden\\\/decor\\\/artwork\\\/posters-prints-visual-artwork\\\/kaleidoscopic-wanderer-psychedelic-surrealism-by-neural-artistry\\\/#primaryimage\"},\"thumbnailUrl\":\"https:\\\/\\\/www.neural-artistry.com\\\/wp-content\\\/uploads\\\/2024\\\/12\\\/neural-artistry-portfolio-111-scaled-1.jpg\",\"datePublished\":\"2024-12-26T21:45:56+00:00\",\"dateModified\":\"2025-08-21T16:12:57+00:00\",\"breadcrumb\":{\"@id\":\"https:\\\/\\\/www.neural-artistry.com\\\/shop\\\/home-garden\\\/decor\\\/artwork\\\/posters-prints-visual-artwork\\\/kaleidoscopic-wanderer-psychedelic-surrealism-by-neural-artistry\\\/#breadcrumb\"},\"inLanguage\":\"fr-FR\",\"potentialAction\":[{\"@type\":\"ReadAction\",\"target\":[\"https:\\\/\\\/www.neural-artistry.com\\\/shop\\\/home-garden\\\/decor\\\/artwork\\\/posters-prints-visual-artwork\\\/kaleidoscopic-wanderer-psychedelic-surrealism-by-neural-artistry\\\/\"]}]},{\"@type\":\"ImageObject\",\"inLanguage\":\"fr-FR\",\"@id\":\"https:\\\/\\\/www.neural-artistry.com\\\/shop\\\/home-garden\\\/decor\\\/artwork\\\/posters-prints-visual-artwork\\\/kaleidoscopic-wanderer-psychedelic-surrealism-by-neural-artistry\\\/#primaryimage\",\"url\":\"https:\\\/\\\/www.neural-artistry.com\\\/wp-content\\\/uploads\\\/2024\\\/12\\\/neural-artistry-portfolio-111-scaled-1.jpg\",\"contentUrl\":\"https:\\\/\\\/www.neural-artistry.com\\\/wp-content\\\/uploads\\\/2024\\\/12\\\/neural-artistry-portfolio-111-scaled-1.jpg\",\"width\":2560,\"height\":1435},{\"@type\":\"BreadcrumbList\",\"@id\":\"https:\\\/\\\/www.neural-artistry.com\\\/shop\\\/home-garden\\\/decor\\\/artwork\\\/posters-prints-visual-artwork\\\/kaleidoscopic-wanderer-psychedelic-surrealism-by-neural-artistry\\\/#breadcrumb\",\"itemListElement\":[{\"@type\":\"ListItem\",\"position\":1,\"name\":\"Home\",\"item\":\"https:\\\/\\\/www.neural-artistry.com\\\/\"},{\"@type\":\"ListItem\",\"position\":2,\"name\":\"Wall Art Prints \u2013 Custom Canvas &amp; Unique Posters\",\"item\":\"https:\\\/\\\/www.neural-artistry.com\\\/\"},{\"@type\":\"ListItem\",\"position\":3,\"name\":\"Kaleidoscopic Wanderer &#8211; Psychedelic Surrealism by Neural Artistry\"}]},{\"@type\":\"WebSite\",\"@id\":\"https:\\\/\\\/www.neural-artistry.com\\\/#website\",\"url\":\"https:\\\/\\\/www.neural-artistry.com\\\/\",\"name\":\"Neural Artistry\",\"description\":\"AI Art Posters \u2013 Certified, Premium, Sold Only Once\",\"publisher\":{\"@id\":\"https:\\\/\\\/www.neural-artistry.com\\\/#organization\"},\"potentialAction\":[{\"@type\":\"SearchAction\",\"target\":{\"@type\":\"EntryPoint\",\"urlTemplate\":\"https:\\\/\\\/www.neural-artistry.com\\\/?s={search_term_string}\"},\"query-input\":{\"@type\":\"PropertyValueSpecification\",\"valueRequired\":true,\"valueName\":\"search_term_string\"}}],\"inLanguage\":\"fr-FR\"},{\"@type\":\"Organization\",\"@id\":\"https:\\\/\\\/www.neural-artistry.com\\\/#organization\",\"name\":\"Neural Artistry\",\"url\":\"https:\\\/\\\/www.neural-artistry.com\\\/\",\"logo\":{\"@type\":\"ImageObject\",\"inLanguage\":\"fr-FR\",\"@id\":\"https:\\\/\\\/www.neural-artistry.com\\\/#\\\/schema\\\/logo\\\/image\\\/\",\"url\":\"https:\\\/\\\/www.neural-artistry.com\\\/wp-content\\\/uploads\\\/2025\\\/08\\\/Web-Black-logo-no-background-scaled.webp\",\"contentUrl\":\"https:\\\/\\\/www.neural-artistry.com\\\/wp-content\\\/uploads\\\/2025\\\/08\\\/Web-Black-logo-no-background-scaled.webp\",\"width\":2560,\"height\":976,\"caption\":\"Neural Artistry\"},\"image\":{\"@id\":\"https:\\\/\\\/www.neural-artistry.com\\\/#\\\/schema\\\/logo\\\/image\\\/\"}}]}<\/script>\n<!-- \/ Yoast SEO plugin. -->","yoast_head_json":{"title":"Kaleidoscopic Wanderer - Psychedelic Surrealism by Neural Artistry - Neural Artistry","robots":{"index":"index","follow":"follow","max-snippet":"max-snippet:-1","max-image-preview":"max-image-preview:large","max-video-preview":"max-video-preview:-1"},"canonical":"https:\/\/www.neural-artistry.com\/fr\/shop\/home-garden\/decor\/artwork\/posters-prints-visual-artwork\/kaleidoscopic-wanderer-psychedelic-surrealism-by-neural-artistry\/","og_locale":"fr_FR","og_type":"article","og_title":"Kaleidoscopic Wanderer - Psychedelic Surrealism by Neural Artistry - Neural Artistry","og_description":"Step into a kaleidoscopic dreamscape with \"Kaleidoscopic Wanderer\", a one-of-a-kind psychedelic masterpiece. Printed on Hahnem\u00fchle FineArt paper with UltraChrome Pro inks, each certified print promises unmatched vibrancy and exclusivity.","og_url":"https:\/\/www.neural-artistry.com\/fr\/shop\/home-garden\/decor\/artwork\/posters-prints-visual-artwork\/kaleidoscopic-wanderer-psychedelic-surrealism-by-neural-artistry\/","og_site_name":"Neural Artistry","article_modified_time":"2025-08-21T16:12:57+00:00","og_image":[{"width":2560,"height":1435,"url":"https:\/\/www.neural-artistry.com\/wp-content\/uploads\/2024\/12\/neural-artistry-portfolio-111-scaled-1.jpg","type":"image\/jpeg"}],"twitter_card":"summary_large_image","twitter_misc":{"Dur\u00e9e de lecture estim\u00e9e":"3 minutes"},"schema":{"@context":"https:\/\/schema.org","@graph":[{"@type":"WebPage","@id":"https:\/\/www.neural-artistry.com\/shop\/home-garden\/decor\/artwork\/posters-prints-visual-artwork\/kaleidoscopic-wanderer-psychedelic-surrealism-by-neural-artistry\/","url":"https:\/\/www.neural-artistry.com\/shop\/home-garden\/decor\/artwork\/posters-prints-visual-artwork\/kaleidoscopic-wanderer-psychedelic-surrealism-by-neural-artistry\/","name":"Kaleidoscopic Wanderer - Psychedelic Surrealism by Neural Artistry - Neural Artistry","isPartOf":{"@id":"https:\/\/www.neural-artistry.com\/#website"},"primaryImageOfPage":{"@id":"https:\/\/www.neural-artistry.com\/shop\/home-garden\/decor\/artwork\/posters-prints-visual-artwork\/kaleidoscopic-wanderer-psychedelic-surrealism-by-neural-artistry\/#primaryimage"},"image":{"@id":"https:\/\/www.neural-artistry.com\/shop\/home-garden\/decor\/artwork\/posters-prints-visual-artwork\/kaleidoscopic-wanderer-psychedelic-surrealism-by-neural-artistry\/#primaryimage"},"thumbnailUrl":"https:\/\/www.neural-artistry.com\/wp-content\/uploads\/2024\/12\/neural-artistry-portfolio-111-scaled-1.jpg","datePublished":"2024-12-26T21:45:56+00:00","dateModified":"2025-08-21T16:12:57+00:00","breadcrumb":{"@id":"https:\/\/www.neural-artistry.com\/shop\/home-garden\/decor\/artwork\/posters-prints-visual-artwork\/kaleidoscopic-wanderer-psychedelic-surrealism-by-neural-artistry\/#breadcrumb"},"inLanguage":"fr-FR","potentialAction":[{"@type":"ReadAction","target":["https:\/\/www.neural-artistry.com\/shop\/home-garden\/decor\/artwork\/posters-prints-visual-artwork\/kaleidoscopic-wanderer-psychedelic-surrealism-by-neural-artistry\/"]}]},{"@type":"ImageObject","inLanguage":"fr-FR","@id":"https:\/\/www.neural-artistry.com\/shop\/home-garden\/decor\/artwork\/posters-prints-visual-artwork\/kaleidoscopic-wanderer-psychedelic-surrealism-by-neural-artistry\/#primaryimage","url":"https:\/\/www.neural-artistry.com\/wp-content\/uploads\/2024\/12\/neural-artistry-portfolio-111-scaled-1.jpg","contentUrl":"https:\/\/www.neural-artistry.com\/wp-content\/uploads\/2024\/12\/neural-artistry-portfolio-111-scaled-1.jpg","width":2560,"height":1435},{"@type":"BreadcrumbList","@id":"https:\/\/www.neural-artistry.com\/shop\/home-garden\/decor\/artwork\/posters-prints-visual-artwork\/kaleidoscopic-wanderer-psychedelic-surrealism-by-neural-artistry\/#breadcrumb","itemListElement":[{"@type":"ListItem","position":1,"name":"Home","item":"https:\/\/www.neural-artistry.com\/"},{"@type":"ListItem","position":2,"name":"Wall Art Prints \u2013 Custom Canvas &amp; Unique Posters","item":"https:\/\/www.neural-artistry.com\/"},{"@type":"ListItem","position":3,"name":"Kaleidoscopic Wanderer &#8211; Psychedelic Surrealism by Neural Artistry"}]},{"@type":"WebSite","@id":"https:\/\/www.neural-artistry.com\/#website","url":"https:\/\/www.neural-artistry.com\/","name":"Neural Artistry","description":"Affiches d&#039;art IA \u2013 Certifi\u00e9es, premium, vendues une seule fois","publisher":{"@id":"https:\/\/www.neural-artistry.com\/#organization"},"potentialAction":[{"@type":"SearchAction","target":{"@type":"EntryPoint","urlTemplate":"https:\/\/www.neural-artistry.com\/?s={search_term_string}"},"query-input":{"@type":"PropertyValueSpecification","valueRequired":true,"valueName":"search_term_string"}}],"inLanguage":"fr-FR"},{"@type":"Organization","@id":"https:\/\/www.neural-artistry.com\/#organization","name":"Neural Artistry","url":"https:\/\/www.neural-artistry.com\/","logo":{"@type":"ImageObject","inLanguage":"fr-FR","@id":"https:\/\/www.neural-artistry.com\/#\/schema\/logo\/image\/","url":"https:\/\/www.neural-artistry.com\/wp-content\/uploads\/2025\/08\/Web-Black-logo-no-background-scaled.webp","contentUrl":"https:\/\/www.neural-artistry.com\/wp-content\/uploads\/2025\/08\/Web-Black-logo-no-background-scaled.webp","width":2560,"height":976,"caption":"Neural Artistry"},"image":{"@id":"https:\/\/www.neural-artistry.com\/#\/schema\/logo\/image\/"}}]}},"uagb_featured_image_src":{"full":["https:\/\/www.neural-artistry.com\/wp-content\/uploads\/2024\/12\/neural-artistry-portfolio-111-scaled-1.jpg",2560,1435,false],"thumbnail":["https:\/\/www.neural-artistry.com\/wp-content\/uploads\/2024\/12\/neural-artistry-portfolio-111-scaled-1-150x150.jpg",150,150,true],"medium":["https:\/\/www.neural-artistry.com\/wp-content\/uploads\/2024\/12\/neural-artistry-portfolio-111-scaled-1-300x168.jpg",300,168,true],"medium_large":["https:\/\/www.neural-artistry.com\/wp-content\/uploads\/2024\/12\/neural-artistry-portfolio-111-scaled-1-768x431.jpg",768,431,true],"large":["https:\/\/www.neural-artistry.com\/wp-content\/uploads\/2024\/12\/neural-artistry-portfolio-111-scaled-1-1024x574.jpg",1024,574,true],"1536x1536":["https:\/\/www.neural-artistry.com\/wp-content\/uploads\/2024\/12\/neural-artistry-portfolio-111-scaled-1-1536x861.jpg",1536,861,true],"2048x2048":["https:\/\/www.neural-artistry.com\/wp-content\/uploads\/2024\/12\/neural-artistry-portfolio-111-scaled-1-2048x1148.jpg",2048,1148,true],"trp-custom-language-flag":["https:\/\/www.neural-artistry.com\/wp-content\/uploads\/2024\/12\/neural-artistry-portfolio-111-scaled-1-18x10.jpg",18,10,true],"woocommerce_thumbnail":["https:\/\/www.neural-artistry.com\/wp-content\/uploads\/2024\/12\/neural-artistry-portfolio-111-scaled-1-450x450.jpg",450,450,true],"woocommerce_single":["https:\/\/www.neural-artistry.com\/wp-content\/uploads\/2024\/12\/neural-artistry-portfolio-111-scaled-1-600x336.jpg",600,336,true],"woocommerce_gallery_thumbnail":["https:\/\/www.neural-artistry.com\/wp-content\/uploads\/2024\/12\/neural-artistry-portfolio-111-scaled-1-100x100.jpg",100,100,true]},"uagb_author_info":{"display_name":"flake","author_link":"https:\/\/www.neural-artistry.com\/fr\/author\/"},"uagb_comment_info":0,"uagb_excerpt":"Step into a kaleidoscopic dreamscape with \"Kaleidoscopic Wanderer\", a one-of-a-kind psychedelic masterpiece. Printed on Hahnem\u00fchle FineArt paper with UltraChrome Pro inks, each certified print promises unmatched vibrancy and exclusivity.","_links":{"self":[{"href":"https:\/\/www.neural-artistry.com\/fr\/wp-json\/wp\/v2\/product\/1889","targetHints":{"allow":["GET"]}}],"collection":[{"href":"https:\/\/www.neural-artistry.com\/fr\/wp-json\/wp\/v2\/product"}],"about":[{"href":"https:\/\/www.neural-artistry.com\/fr\/wp-json\/wp\/v2\/types\/product"}],"replies":[{"embeddable":true,"href":"https:\/\/www.neural-artistry.com\/fr\/wp-json\/wp\/v2\/comments?post=1889"}],"wp:featuredmedia":[{"embeddable":true,"href":"https:\/\/www.neural-artistry.com\/fr\/wp-json\/wp\/v2\/media\/1888"}],"wp:attachment":[{"href":"https:\/\/www.neural-artistry.com\/fr\/wp-json\/wp\/v2\/media?parent=1889"}],"wp:term":[{"taxonomy":"product_brand","embeddable":true,"href":"https:\/\/www.neural-artistry.com\/fr\/wp-json\/wp\/v2\/product_brand?post=1889"},{"taxonomy":"product_cat","embeddable":true,"href":"https:\/\/www.neural-artistry.com\/fr\/wp-json\/wp\/v2\/product_cat?post=1889"},{"taxonomy":"product_tag","embeddable":true,"href":"https:\/\/www.neural-artistry.com\/fr\/wp-json\/wp\/v2\/product_tag?post=1889"}],"curies":[{"name":"wp","href":"https:\/\/api.w.org\/{rel}","templated":true}]}}