{"id":1903,"date":"2024-12-26T21:48:10","date_gmt":"2024-12-26T21:48:10","guid":{"rendered":"https:\/\/www.neural-artistry.com\/?post_type=product&#038;p=1903"},"modified":"2025-05-06T13:28:49","modified_gmt":"2025-05-06T13:28:49","slug":"neon-sentinel-cyberpunk-digital-art-by-neural-artistry","status":"publish","type":"product","link":"https:\/\/www.neural-artistry.com\/fr\/shop\/home-garden\/decor\/artwork\/posters-prints-visual-artwork\/neon-sentinel-cyberpunk-digital-art-by-neural-artistry\/","title":{"rendered":"Neon Sentinel \u2013 Art num\u00e9rique cyberpunk par Neural Artistry"},"content":{"rendered":"<h3 style=\"color: #DCA54A;text-transform: uppercase;font-weight: bold\">Neon Sentinel \u2013 Art num\u00e9rique cyberpunk par Neural Artistry<\/h3>\n<h4 style=\"color: #D09A40;text-transform: uppercase\">Entrez dans le futur avec un chef-d&#039;\u0153uvre cyberpunk exclusif<\/h4>\n<p style=\"color: #FAF5E5\">Plongez dans la lueur d&#039;un monde futuriste avec <strong>\u00ab Sentinelle au n\u00e9on \u00bb<\/strong>, une \u0153uvre d&#039;art num\u00e9rique unique en son genre du studio visionnaire Neural Artistry. Inspir\u00e9e par les contrastes audacieux et les r\u00e9cits complexes de la culture cyberpunk, cette pi\u00e8ce saisissante capture la tension entre l&#039;humanit\u00e9 et la technologie. Une silhouette sombre illumin\u00e9e par une visi\u00e8re lumineuse occupe le devant de la sc\u00e8ne, entour\u00e9e de teintes n\u00e9on orange et vertes rayonnantes juxtapos\u00e9es \u00e0 un arri\u00e8re-plan aust\u00e8re et myst\u00e9rieux. Chaque d\u00e9tail vous invite \u00e0 explorer une histoire d&#039;innovation, de myst\u00e8re et de modernit\u00e9.<\/p>\n<p style=\"color: #FAF5E5\">R\u00e9alis\u00e9e avec une attention m\u00e9ticuleuse aux d\u00e9tails \u00e0 l&#039;aide de techniques avanc\u00e9es telles que la mod\u00e9lisation 3D, l&#039;art g\u00e9n\u00e9r\u00e9 par l&#039;IA et la peinture num\u00e9rique, cette \u0153uvre d&#039;art est plus qu&#039;une simple exp\u00e9rience visuelle : c&#039;est un d\u00e9clencheur de conversation. Imprim\u00e9 exclusivement sur du papier de qualit\u00e9 mus\u00e9e <strong>Papier FineArt Hahnem\u00fchle<\/strong> avec <strong>Encres UltraChrome Pro<\/strong>\u00ab Neon Sentinel \u00bb assure une qualit\u00e9 et une long\u00e9vit\u00e9 irr\u00e9prochables, ce qui en fait une v\u00e9ritable pi\u00e8ce ma\u00eetresse pour tout int\u00e9rieur.<\/p>\n<h4 style=\"color: #D09A40;text-transform: uppercase\">Tailles et formats disponibles<\/h4>\n<p style=\"color: #FAF5E5\">Choisissez parmi une s\u00e9lection de tailles de rapport hauteur\/largeur carr\u00e9 pour compl\u00e9ter parfaitement votre espace\u00a0:<\/p>\n<ul>\n<li style=\"color: #FAF5E5;font-weight: bold\"> 21 \u00d7 21 cm (8,3\u2033 \u00d7 8,3\u2033)<\/li>\n<li style=\"color: #FAF5E5;font-weight: bold\"> 29,7 \u00d7 29,7 cm (11,7\u2033 \u00d7 11,7\u2033)<\/li>\n<li style=\"color: #FAF5E5;font-weight: bold\"> 32,9 \u00d7 32,9 cm (12,9\u2033 \u00d7 12,9\u2033)<\/li>\n<li style=\"color: #FAF5E5;font-weight: bold\"> 42 \u00d7 42 cm (16,5\u2033 \u00d7 16,5\u2033)<\/li>\n<\/ul>\n<p style=\"color: #FAF5E5\">Chaque impression est disponible dans votre choix de <strong>finition mate ou brillante<\/strong> et est soigneusement con\u00e7u pour une pr\u00e9sentation nette et sans bordure. Qu&#039;elle soit encadr\u00e9e ou non, le format carr\u00e9 spectaculaire de l&#039;\u0153uvre d&#039;art assure une esth\u00e9tique \u00e9quilibr\u00e9e et moderne, parfaite pour n&#039;importe quelle pi\u00e8ce.<\/p>\n<h4 style=\"color: #D09A40;text-transform: uppercase\">Un savoir-faire in\u00e9gal\u00e9 et une qualit\u00e9 digne d&#039;un mus\u00e9e<\/h4>\n<p style=\"color: #FAF5E5\">\u00ab Neon Sentinel \u00bb est imprim\u00e9 sur du papier premium <strong>Papier FineArt Hahnem\u00fchle<\/strong>, r\u00e9put\u00e9 pour sa texture luxueuse et sa qualit\u00e9 d&#039;archivage. Combin\u00e9 avec <strong>Encres UltraChrome Pro<\/strong>, cela garantit :<\/p>\n<ul>\n<li style=\"color: #FAF5E5;font-weight: bold\"> Couleurs vives et r\u00e9sistantes \u00e0 la d\u00e9coloration qui r\u00e9sistent \u00e0 l\u2019\u00e9preuve du temps.<\/li>\n<li style=\"color: #FAF5E5;font-weight: bold\"> Une finition professionnelle de qualit\u00e9 mus\u00e9ale, parfaite pour les collectionneurs et les passionn\u00e9s.<\/li>\n<li style=\"color: #FAF5E5;font-weight: bold\"> Des d\u00e9tails et une profondeur exceptionnels qui donnent vie \u00e0 cette vision cyberpunk.<\/li>\n<\/ul>\n<h4 style=\"color: #D09A40;text-transform: uppercase\">Un certificat d&#039;authenticit\u00e9 pour votre \u0153uvre d&#039;art exclusive<\/h4>\n<p style=\"color: #FAF5E5\">\u00ab Neon Sentinel \u00bb est v\u00e9ritablement unique en son genre, ce qui garantit son exclusivit\u00e9 aux collectionneurs avertis. Chaque achat comprend un <strong>Certificat d&#039;authenticit\u00e9 sign\u00e9 \u00e0 la main<\/strong>, garantissant que cette \u0153uvre ne sera jamais reproduite. Lorsque vous achetez \u00ab Neon Sentinel \u00bb, vous n&#039;achetez pas seulement une affiche : vous investissez dans une pi\u00e8ce unique d&#039;innovation artistique qui relie les mondes de la technologie et de la cr\u00e9ativit\u00e9.<\/p>\n<h4 style=\"color: #D09A40;text-transform: uppercase\">Emplacement id\u00e9al et suggestions de d\u00e9coration<\/h4>\n<p style=\"color: #FAF5E5\">Transformez votre espace avec l&#039;allure audacieuse et futuriste de \u00ab Neon Sentinel \u00bb. Sa polyvalence en fait un ajout exceptionnel pour :<\/p>\n<ul>\n<li style=\"color: #FAF5E5;font-weight: bold\"> Un salon \u00e9l\u00e9gant et moderne \u00e0 la recherche d&#039;un point focal frappant.<\/li>\n<li style=\"color: #FAF5E5;font-weight: bold\"> Un bureau ou un espace de travail cr\u00e9atif en manque d&#039;inspiration et d&#039;ambiance avant-gardiste.<\/li>\n<li style=\"color: #FAF5E5;font-weight: bold\"> Une configuration de jeu, ajoutant de la profondeur et du caract\u00e8re \u00e0 un environnement immersif.<\/li>\n<\/ul>\n<p style=\"color: #FAF5E5\">Cette affiche constitue \u00e9galement un cadeau attentionn\u00e9 et unique pour les fans de cyberpunk, les passionn\u00e9s de technologie et les collectionneurs d&#039;art moderne.<\/p>\n<h3 style=\"color: #DCA54A;text-transform: uppercase;font-weight: bold\">Ayez une vision du futur<\/h3>\n<p style=\"color: #FAF5E5\">Rehaussez votre d\u00e9cor avec l&#039;\u00e9l\u00e9gance avant-gardiste de <strong>\u00ab Sentinelle au n\u00e9on \u00bb<\/strong>. Cette affiche en \u00e9dition limit\u00e9e incarne le m\u00e9lange parfait d&#039;art et de technologie, offrant une pi\u00e8ce ma\u00eetresse saisissante qui suscite la curiosit\u00e9 et la conversation. Ne manquez pas votre chance de poss\u00e9der un morceau du futur - une cr\u00e9ation exclusive qui ne sera jamais reproduite.<\/p>\n<p style=\"color: #FAF5E5\">Cliquez ci-dessous pour faire de cette \u0153uvre d\u2019art unique la v\u00f4tre d\u00e8s aujourd\u2019hui\u00a0!<\/p>\n<div style=\"background: linear-gradient(to right, #DCA54A, #D09A40);color: #FFFFFF;text-align: center;padding: 10px 20px;margin-top: 20px;border-radius: 5px;cursor: pointer;font-weight: bold\">\n  Achetez maintenant \u2013 S\u00e9curisez votre affiche en \u00e9dition limit\u00e9e\n<\/div>","protected":false},"excerpt":{"rendered":"<p style=\"color: #FAF5E5;font-weight: bold\">Appropriez-vous l&#039;avenir avec <strong>\u00ab Sentinelle au n\u00e9on \u00bb<\/strong>, un <strong>chef-d&#039;\u0153uvre cyberpunk exclusif<\/strong> imprim\u00e9 sur du papier premium <strong>Papier FineArt Hahnem\u00fchle<\/strong> avec <strong>Encres UltraChrome Pro<\/strong>. Chaque pi\u00e8ce certifi\u00e9e est <strong>unique en son genre<\/strong> et ne sera jamais reproduit.<\/p>","protected":false},"featured_media":1902,"comment_status":"open","ping_status":"closed","template":"","meta":{"_uag_custom_page_level_css":""},"product_brand":[874],"product_cat":[733,725,1268,731],"product_tag":[],"class_list":{"0":"post-1903","1":"product","2":"type-product","3":"status-publish","4":"has-post-thumbnail","6":"product_brand-neural-artistry","7":"product_cat-futuristic-concepts","8":"product_cat-portraits","9":"product_cat-posters-prints-visual-artwork","10":"product_cat-surrealism","11":"product_shipping_class-chronopost","12":"pa_finish-type-glossy-finish","13":"pa_finish-type-matte-finish","14":"pa_margins-with","15":"pa_margins-without","16":"pa_medium-technique-3d-modeling","17":"pa_medium-technique-ai-generated-art","18":"pa_medium-technique-digital-painting","19":"pa_medium-technique-rendering","20":"pa_medium-technique-texturing","21":"pa_mood-ambiance-bold","22":"pa_mood-ambiance-dramatic","23":"pa_mood-ambiance-futuristic","24":"pa_mood-ambiance-mysterious","25":"pa_mood-ambiance-otherworldly","26":"pa_orientation-square","27":"pa_size-21-00cmx21-00cm","28":"pa_size-29-70cmx29-70cm","29":"pa_size-32-90cmx32-90cm","30":"pa_size-42-00cmx42-00cm","31":"pa_style-movement-concept-art","32":"pa_style-movement-cyberpunk","33":"pa_style-movement-futurism","35":"first","36":"instock","37":"sold-individually","38":"taxable","39":"shipping-taxable","40":"purchasable","41":"product-type-variable","42":"has-default-attributes"},"yoast_head":"<!-- This site is optimized with the Yoast SEO plugin v27.5 - https:\/\/yoast.com\/product\/yoast-seo-wordpress\/ -->\n<title>Neon Sentinel - Cyberpunk Digital Art by Neural Artistry - Neural Artistry<\/title>\n<meta name=\"robots\" content=\"index, follow, max-snippet:-1, max-image-preview:large, max-video-preview:-1\" \/>\n<link rel=\"canonical\" href=\"https:\/\/www.neural-artistry.com\/fr\/shop\/home-garden\/decor\/artwork\/posters-prints-visual-artwork\/neon-sentinel-cyberpunk-digital-art-by-neural-artistry\/\" \/>\n<meta property=\"og:locale\" content=\"fr_FR\" \/>\n<meta property=\"og:type\" content=\"article\" \/>\n<meta property=\"og:title\" content=\"Neon Sentinel - Cyberpunk Digital Art by Neural Artistry - Neural Artistry\" \/>\n<meta property=\"og:description\" content=\"Own the future with &quot;Neon Sentinel&quot;, an exclusive cyberpunk masterpiece printed on premium Hahnem\u00fchle FineArt paper with UltraChrome Pro inks. Each certified piece is one-of-a-kind and will never be reproduced.\" \/>\n<meta property=\"og:url\" content=\"https:\/\/www.neural-artistry.com\/fr\/shop\/home-garden\/decor\/artwork\/posters-prints-visual-artwork\/neon-sentinel-cyberpunk-digital-art-by-neural-artistry\/\" \/>\n<meta property=\"og:site_name\" content=\"Neural Artistry\" \/>\n<meta property=\"article:modified_time\" content=\"2025-05-06T13:28:49+00:00\" \/>\n<meta property=\"og:image\" content=\"https:\/\/www.neural-artistry.com\/wp-content\/uploads\/2024\/12\/neural-artistry-portfolio-104-scaled-1.jpg\" \/>\n\t<meta property=\"og:image:width\" content=\"2560\" \/>\n\t<meta property=\"og:image:height\" content=\"2560\" \/>\n\t<meta property=\"og:image:type\" content=\"image\/jpeg\" \/>\n<meta name=\"twitter:card\" content=\"summary_large_image\" \/>\n<meta name=\"twitter:label1\" content=\"Dur\u00e9e de lecture estim\u00e9e\" \/>\n\t<meta name=\"twitter:data1\" content=\"2 minutes\" \/>\n<script type=\"application\/ld+json\" class=\"yoast-schema-graph\">{\"@context\":\"https:\\\/\\\/schema.org\",\"@graph\":[{\"@type\":\"WebPage\",\"@id\":\"https:\\\/\\\/www.neural-artistry.com\\\/shop\\\/home-garden\\\/decor\\\/artwork\\\/posters-prints-visual-artwork\\\/neon-sentinel-cyberpunk-digital-art-by-neural-artistry\\\/\",\"url\":\"https:\\\/\\\/www.neural-artistry.com\\\/shop\\\/home-garden\\\/decor\\\/artwork\\\/posters-prints-visual-artwork\\\/neon-sentinel-cyberpunk-digital-art-by-neural-artistry\\\/\",\"name\":\"Neon Sentinel - Cyberpunk Digital Art by Neural Artistry - Neural Artistry\",\"isPartOf\":{\"@id\":\"https:\\\/\\\/www.neural-artistry.com\\\/#website\"},\"primaryImageOfPage\":{\"@id\":\"https:\\\/\\\/www.neural-artistry.com\\\/shop\\\/home-garden\\\/decor\\\/artwork\\\/posters-prints-visual-artwork\\\/neon-sentinel-cyberpunk-digital-art-by-neural-artistry\\\/#primaryimage\"},\"image\":{\"@id\":\"https:\\\/\\\/www.neural-artistry.com\\\/shop\\\/home-garden\\\/decor\\\/artwork\\\/posters-prints-visual-artwork\\\/neon-sentinel-cyberpunk-digital-art-by-neural-artistry\\\/#primaryimage\"},\"thumbnailUrl\":\"https:\\\/\\\/www.neural-artistry.com\\\/wp-content\\\/uploads\\\/2024\\\/12\\\/neural-artistry-portfolio-104-scaled-1.jpg\",\"datePublished\":\"2024-12-26T21:48:10+00:00\",\"dateModified\":\"2025-05-06T13:28:49+00:00\",\"breadcrumb\":{\"@id\":\"https:\\\/\\\/www.neural-artistry.com\\\/shop\\\/home-garden\\\/decor\\\/artwork\\\/posters-prints-visual-artwork\\\/neon-sentinel-cyberpunk-digital-art-by-neural-artistry\\\/#breadcrumb\"},\"inLanguage\":\"fr-FR\",\"potentialAction\":[{\"@type\":\"ReadAction\",\"target\":[\"https:\\\/\\\/www.neural-artistry.com\\\/shop\\\/home-garden\\\/decor\\\/artwork\\\/posters-prints-visual-artwork\\\/neon-sentinel-cyberpunk-digital-art-by-neural-artistry\\\/\"]}]},{\"@type\":\"ImageObject\",\"inLanguage\":\"fr-FR\",\"@id\":\"https:\\\/\\\/www.neural-artistry.com\\\/shop\\\/home-garden\\\/decor\\\/artwork\\\/posters-prints-visual-artwork\\\/neon-sentinel-cyberpunk-digital-art-by-neural-artistry\\\/#primaryimage\",\"url\":\"https:\\\/\\\/www.neural-artistry.com\\\/wp-content\\\/uploads\\\/2024\\\/12\\\/neural-artistry-portfolio-104-scaled-1.jpg\",\"contentUrl\":\"https:\\\/\\\/www.neural-artistry.com\\\/wp-content\\\/uploads\\\/2024\\\/12\\\/neural-artistry-portfolio-104-scaled-1.jpg\",\"width\":2560,\"height\":2560},{\"@type\":\"BreadcrumbList\",\"@id\":\"https:\\\/\\\/www.neural-artistry.com\\\/shop\\\/home-garden\\\/decor\\\/artwork\\\/posters-prints-visual-artwork\\\/neon-sentinel-cyberpunk-digital-art-by-neural-artistry\\\/#breadcrumb\",\"itemListElement\":[{\"@type\":\"ListItem\",\"position\":1,\"name\":\"Home\",\"item\":\"https:\\\/\\\/www.neural-artistry.com\\\/\"},{\"@type\":\"ListItem\",\"position\":2,\"name\":\"Wall Art Prints \u2013 Custom Canvas &amp; Unique Posters\",\"item\":\"https:\\\/\\\/www.neural-artistry.com\\\/\"},{\"@type\":\"ListItem\",\"position\":3,\"name\":\"Neon Sentinel &#8211; Cyberpunk Digital Art by Neural Artistry\"}]},{\"@type\":\"WebSite\",\"@id\":\"https:\\\/\\\/www.neural-artistry.com\\\/#website\",\"url\":\"https:\\\/\\\/www.neural-artistry.com\\\/\",\"name\":\"Neural Artistry\",\"description\":\"AI Art Posters \u2013 Certified, Premium, Sold Only Once\",\"publisher\":{\"@id\":\"https:\\\/\\\/www.neural-artistry.com\\\/#organization\"},\"potentialAction\":[{\"@type\":\"SearchAction\",\"target\":{\"@type\":\"EntryPoint\",\"urlTemplate\":\"https:\\\/\\\/www.neural-artistry.com\\\/?s={search_term_string}\"},\"query-input\":{\"@type\":\"PropertyValueSpecification\",\"valueRequired\":true,\"valueName\":\"search_term_string\"}}],\"inLanguage\":\"fr-FR\"},{\"@type\":\"Organization\",\"@id\":\"https:\\\/\\\/www.neural-artistry.com\\\/#organization\",\"name\":\"Neural Artistry\",\"url\":\"https:\\\/\\\/www.neural-artistry.com\\\/\",\"logo\":{\"@type\":\"ImageObject\",\"inLanguage\":\"fr-FR\",\"@id\":\"https:\\\/\\\/www.neural-artistry.com\\\/#\\\/schema\\\/logo\\\/image\\\/\",\"url\":\"https:\\\/\\\/www.neural-artistry.com\\\/wp-content\\\/uploads\\\/2025\\\/08\\\/Web-Black-logo-no-background-scaled.webp\",\"contentUrl\":\"https:\\\/\\\/www.neural-artistry.com\\\/wp-content\\\/uploads\\\/2025\\\/08\\\/Web-Black-logo-no-background-scaled.webp\",\"width\":2560,\"height\":976,\"caption\":\"Neural Artistry\"},\"image\":{\"@id\":\"https:\\\/\\\/www.neural-artistry.com\\\/#\\\/schema\\\/logo\\\/image\\\/\"}}]}<\/script>\n<!-- \/ Yoast SEO plugin. -->","yoast_head_json":{"title":"Neon Sentinel - Cyberpunk Digital Art by Neural Artistry - Neural Artistry","robots":{"index":"index","follow":"follow","max-snippet":"max-snippet:-1","max-image-preview":"max-image-preview:large","max-video-preview":"max-video-preview:-1"},"canonical":"https:\/\/www.neural-artistry.com\/fr\/shop\/home-garden\/decor\/artwork\/posters-prints-visual-artwork\/neon-sentinel-cyberpunk-digital-art-by-neural-artistry\/","og_locale":"fr_FR","og_type":"article","og_title":"Neon Sentinel - Cyberpunk Digital Art by Neural Artistry - Neural Artistry","og_description":"Own the future with \"Neon Sentinel\", an exclusive cyberpunk masterpiece printed on premium Hahnem\u00fchle FineArt paper with UltraChrome Pro inks. Each certified piece is one-of-a-kind and will never be reproduced.","og_url":"https:\/\/www.neural-artistry.com\/fr\/shop\/home-garden\/decor\/artwork\/posters-prints-visual-artwork\/neon-sentinel-cyberpunk-digital-art-by-neural-artistry\/","og_site_name":"Neural Artistry","article_modified_time":"2025-05-06T13:28:49+00:00","og_image":[{"width":2560,"height":2560,"url":"https:\/\/www.neural-artistry.com\/wp-content\/uploads\/2024\/12\/neural-artistry-portfolio-104-scaled-1.jpg","type":"image\/jpeg"}],"twitter_card":"summary_large_image","twitter_misc":{"Dur\u00e9e de lecture estim\u00e9e":"2 minutes"},"schema":{"@context":"https:\/\/schema.org","@graph":[{"@type":"WebPage","@id":"https:\/\/www.neural-artistry.com\/shop\/home-garden\/decor\/artwork\/posters-prints-visual-artwork\/neon-sentinel-cyberpunk-digital-art-by-neural-artistry\/","url":"https:\/\/www.neural-artistry.com\/shop\/home-garden\/decor\/artwork\/posters-prints-visual-artwork\/neon-sentinel-cyberpunk-digital-art-by-neural-artistry\/","name":"Neon Sentinel - Cyberpunk Digital Art by Neural Artistry - Neural Artistry","isPartOf":{"@id":"https:\/\/www.neural-artistry.com\/#website"},"primaryImageOfPage":{"@id":"https:\/\/www.neural-artistry.com\/shop\/home-garden\/decor\/artwork\/posters-prints-visual-artwork\/neon-sentinel-cyberpunk-digital-art-by-neural-artistry\/#primaryimage"},"image":{"@id":"https:\/\/www.neural-artistry.com\/shop\/home-garden\/decor\/artwork\/posters-prints-visual-artwork\/neon-sentinel-cyberpunk-digital-art-by-neural-artistry\/#primaryimage"},"thumbnailUrl":"https:\/\/www.neural-artistry.com\/wp-content\/uploads\/2024\/12\/neural-artistry-portfolio-104-scaled-1.jpg","datePublished":"2024-12-26T21:48:10+00:00","dateModified":"2025-05-06T13:28:49+00:00","breadcrumb":{"@id":"https:\/\/www.neural-artistry.com\/shop\/home-garden\/decor\/artwork\/posters-prints-visual-artwork\/neon-sentinel-cyberpunk-digital-art-by-neural-artistry\/#breadcrumb"},"inLanguage":"fr-FR","potentialAction":[{"@type":"ReadAction","target":["https:\/\/www.neural-artistry.com\/shop\/home-garden\/decor\/artwork\/posters-prints-visual-artwork\/neon-sentinel-cyberpunk-digital-art-by-neural-artistry\/"]}]},{"@type":"ImageObject","inLanguage":"fr-FR","@id":"https:\/\/www.neural-artistry.com\/shop\/home-garden\/decor\/artwork\/posters-prints-visual-artwork\/neon-sentinel-cyberpunk-digital-art-by-neural-artistry\/#primaryimage","url":"https:\/\/www.neural-artistry.com\/wp-content\/uploads\/2024\/12\/neural-artistry-portfolio-104-scaled-1.jpg","contentUrl":"https:\/\/www.neural-artistry.com\/wp-content\/uploads\/2024\/12\/neural-artistry-portfolio-104-scaled-1.jpg","width":2560,"height":2560},{"@type":"BreadcrumbList","@id":"https:\/\/www.neural-artistry.com\/shop\/home-garden\/decor\/artwork\/posters-prints-visual-artwork\/neon-sentinel-cyberpunk-digital-art-by-neural-artistry\/#breadcrumb","itemListElement":[{"@type":"ListItem","position":1,"name":"Home","item":"https:\/\/www.neural-artistry.com\/"},{"@type":"ListItem","position":2,"name":"Wall Art Prints \u2013 Custom Canvas &amp; Unique Posters","item":"https:\/\/www.neural-artistry.com\/"},{"@type":"ListItem","position":3,"name":"Neon Sentinel &#8211; Cyberpunk Digital Art by Neural Artistry"}]},{"@type":"WebSite","@id":"https:\/\/www.neural-artistry.com\/#website","url":"https:\/\/www.neural-artistry.com\/","name":"Neural Artistry","description":"Affiches d&#039;art IA \u2013 Certifi\u00e9es, premium, vendues une seule fois","publisher":{"@id":"https:\/\/www.neural-artistry.com\/#organization"},"potentialAction":[{"@type":"SearchAction","target":{"@type":"EntryPoint","urlTemplate":"https:\/\/www.neural-artistry.com\/?s={search_term_string}"},"query-input":{"@type":"PropertyValueSpecification","valueRequired":true,"valueName":"search_term_string"}}],"inLanguage":"fr-FR"},{"@type":"Organization","@id":"https:\/\/www.neural-artistry.com\/#organization","name":"Neural Artistry","url":"https:\/\/www.neural-artistry.com\/","logo":{"@type":"ImageObject","inLanguage":"fr-FR","@id":"https:\/\/www.neural-artistry.com\/#\/schema\/logo\/image\/","url":"https:\/\/www.neural-artistry.com\/wp-content\/uploads\/2025\/08\/Web-Black-logo-no-background-scaled.webp","contentUrl":"https:\/\/www.neural-artistry.com\/wp-content\/uploads\/2025\/08\/Web-Black-logo-no-background-scaled.webp","width":2560,"height":976,"caption":"Neural Artistry"},"image":{"@id":"https:\/\/www.neural-artistry.com\/#\/schema\/logo\/image\/"}}]}},"uagb_featured_image_src":{"full":["https:\/\/www.neural-artistry.com\/wp-content\/uploads\/2024\/12\/neural-artistry-portfolio-104-scaled-1.jpg",2560,2560,false],"thumbnail":["https:\/\/www.neural-artistry.com\/wp-content\/uploads\/2024\/12\/neural-artistry-portfolio-104-scaled-1-150x150.jpg",150,150,true],"medium":["https:\/\/www.neural-artistry.com\/wp-content\/uploads\/2024\/12\/neural-artistry-portfolio-104-scaled-1-300x300.jpg",300,300,true],"medium_large":["https:\/\/www.neural-artistry.com\/wp-content\/uploads\/2024\/12\/neural-artistry-portfolio-104-scaled-1-768x768.jpg",768,768,true],"large":["https:\/\/www.neural-artistry.com\/wp-content\/uploads\/2024\/12\/neural-artistry-portfolio-104-scaled-1-1024x1024.jpg",1024,1024,true],"1536x1536":["https:\/\/www.neural-artistry.com\/wp-content\/uploads\/2024\/12\/neural-artistry-portfolio-104-scaled-1-1536x1536.jpg",1536,1536,true],"2048x2048":["https:\/\/www.neural-artistry.com\/wp-content\/uploads\/2024\/12\/neural-artistry-portfolio-104-scaled-1-2048x2048.jpg",2048,2048,true],"trp-custom-language-flag":["https:\/\/www.neural-artistry.com\/wp-content\/uploads\/2024\/12\/neural-artistry-portfolio-104-scaled-1-12x12.jpg",12,12,true],"woocommerce_thumbnail":["https:\/\/www.neural-artistry.com\/wp-content\/uploads\/2024\/12\/neural-artistry-portfolio-104-scaled-1-450x450.jpg",450,450,true],"woocommerce_single":["https:\/\/www.neural-artistry.com\/wp-content\/uploads\/2024\/12\/neural-artistry-portfolio-104-scaled-1-600x600.jpg",600,600,true],"woocommerce_gallery_thumbnail":["https:\/\/www.neural-artistry.com\/wp-content\/uploads\/2024\/12\/neural-artistry-portfolio-104-scaled-1-100x100.jpg",100,100,true]},"uagb_author_info":{"display_name":"flake","author_link":"https:\/\/www.neural-artistry.com\/fr\/author\/"},"uagb_comment_info":0,"uagb_excerpt":"Own the future with \"Neon Sentinel\", an exclusive cyberpunk masterpiece printed on premium Hahnem\u00fchle FineArt paper with UltraChrome Pro inks. Each certified piece is one-of-a-kind and will never be reproduced.","_links":{"self":[{"href":"https:\/\/www.neural-artistry.com\/fr\/wp-json\/wp\/v2\/product\/1903","targetHints":{"allow":["GET"]}}],"collection":[{"href":"https:\/\/www.neural-artistry.com\/fr\/wp-json\/wp\/v2\/product"}],"about":[{"href":"https:\/\/www.neural-artistry.com\/fr\/wp-json\/wp\/v2\/types\/product"}],"replies":[{"embeddable":true,"href":"https:\/\/www.neural-artistry.com\/fr\/wp-json\/wp\/v2\/comments?post=1903"}],"wp:featuredmedia":[{"embeddable":true,"href":"https:\/\/www.neural-artistry.com\/fr\/wp-json\/wp\/v2\/media\/1902"}],"wp:attachment":[{"href":"https:\/\/www.neural-artistry.com\/fr\/wp-json\/wp\/v2\/media?parent=1903"}],"wp:term":[{"taxonomy":"product_brand","embeddable":true,"href":"https:\/\/www.neural-artistry.com\/fr\/wp-json\/wp\/v2\/product_brand?post=1903"},{"taxonomy":"product_cat","embeddable":true,"href":"https:\/\/www.neural-artistry.com\/fr\/wp-json\/wp\/v2\/product_cat?post=1903"},{"taxonomy":"product_tag","embeddable":true,"href":"https:\/\/www.neural-artistry.com\/fr\/wp-json\/wp\/v2\/product_tag?post=1903"}],"curies":[{"name":"wp","href":"https:\/\/api.w.org\/{rel}","templated":true}]}}