{"id":1907,"date":"2024-12-26T21:48:53","date_gmt":"2024-12-26T21:48:53","guid":{"rendered":"https:\/\/www.neural-artistry.com\/?post_type=product&#038;p=1907"},"modified":"2025-05-06T13:28:42","modified_gmt":"2025-05-06T13:28:42","slug":"cosmic-ascent-dynamic-surreal-realism-by-neural-artistry","status":"publish","type":"product","link":"https:\/\/www.neural-artistry.com\/fr\/shop\/home-garden\/decor\/artwork\/posters-prints-visual-artwork\/cosmic-ascent-dynamic-surreal-realism-by-neural-artistry\/","title":{"rendered":"Cosmic Ascent \u2013 R\u00e9alisme surr\u00e9aliste dynamique par Neural Artistry"},"content":{"rendered":"<h3 style=\"color: #DCA54A;text-transform: uppercase;font-weight: bold\">Ascension cosmique \u2013 Le surr\u00e9alisme dynamique rencontre l\u2019\u00e9merveillement c\u00e9leste<\/h3>\n<h4 style=\"color: #D09A40;text-transform: uppercase\">Introduction<\/h4>\n<p style=\"color: #FAF5E5\">Plongez dans le monde fascinant de \u00ab Cosmic Ascent \u00bb**, un chef-d&#039;\u0153uvre \u00e0 couper le souffle o\u00f9 les fronti\u00e8res de la r\u00e9alit\u00e9 et du vaste cosmos se dissolvent dans une danse harmonieuse de l&#039;imagination. Cette \u0153uvre d&#039;art unique en son genre de Neural Artistry capture l&#039;ascension po\u00e9tique d&#039;un astronaute vers les \u00e9toiles, sa visi\u00e8re dor\u00e9e refl\u00e9tant les possibilit\u00e9s illimit\u00e9es de l&#039;univers. L&#039;interaction entre l&#039;herbe verte vibrante sous leurs pieds et l&#039;\u00e9tendue galactique tourbillonnante au-dessus cr\u00e9e un contraste captivant qui est \u00e0 la fois ancr\u00e9 et infini. Que vous soyez un amateur de science-fiction, un collectionneur d&#039;art surr\u00e9aliste ou une personne captiv\u00e9e par les myst\u00e8res de l&#039;exploration spatiale, cette affiche imprim\u00e9e exclusive est une c\u00e9l\u00e9bration de la r\u00e9silience et de la d\u00e9couverte. Avec son ambiance onirique et surnaturelle, cette \u0153uvre d&#039;art n&#039;est pas seulement un r\u00e9gal visuel, mais un voyage narratif.<\/p>\n<h4 style=\"color: #D09A40;text-transform: uppercase\">Tailles et formats<\/h4>\n<p style=\"color: #FAF5E5\">Con\u00e7u \u00e0 la perfection, **\u00ab Cosmic Ascent \u00bb** est disponible en quatre tailles carr\u00e9es polyvalentes pour s&#039;adapter \u00e0 votre espace unique :<\/p>\n<ul>\n<li style=\"color: #FAF5E5;font-weight: bold\"> 21,00 cm x 21,00 cm (8,3\u2033 x 8,3\u2033)<\/li>\n<li style=\"color: #FAF5E5;font-weight: bold\"> 29,70 cm x 29,70 cm (11,7\u2033 x 11,7\u2033)<\/li>\n<li style=\"color: #FAF5E5;font-weight: bold\"> 32,90 cm x 32,90 cm (12,9\u2033 x 12,9\u2033)<\/li>\n<li style=\"color: #FAF5E5;font-weight: bold\"> 42,00 cm x 42,00 cm (16,5\u2033 x 16,5\u2033)<\/li>\n<\/ul>\n<p style=\"color: #FAF5E5\">Choisissez entre les finitions **mates** ou **brillantes**, qui font toutes deux ressortir la richesse vive des couleurs et des d\u00e9tails, que vous pr\u00e9f\u00e9riez un look moderne et \u00e9l\u00e9gant ou une finition douce et sophistiqu\u00e9e. Chaque impression est sans bordure, ce qui garantit que l&#039;\u0153uvre d&#039;art domine le cadre pour un impact visuel maximal.<\/p>\n<h4 style=\"color: #D09A40;text-transform: uppercase\">Savoir-faire et qualit\u00e9<\/h4>\n<p style=\"color: #FAF5E5\">Chaque tirage **\u00ab Cosmic Ascent \u00bb** est m\u00e9ticuleusement r\u00e9alis\u00e9 \u00e0 l&#039;aide de **papier FineArt Hahnem\u00fchle**, r\u00e9put\u00e9 pour sa texture luxueuse et sa durabilit\u00e9 exceptionnelle, associ\u00e9 \u00e0 des **encres UltraChrome Pro** pour une vivacit\u00e9 et une r\u00e9sistance \u00e0 la d\u00e9coloration in\u00e9gal\u00e9es. Cette production de qualit\u00e9 mus\u00e9ale et archivistique garantit que votre affiche reste un tr\u00e9sor intemporel, conservant son \u00e9clat pendant des d\u00e9cennies. La pr\u00e9cision et le soin apport\u00e9s \u00e0 chaque tirage en font un v\u00e9ritable objet de collection, parfait pour \u00eatre expos\u00e9 dans n&#039;importe quel cadre.<\/p>\n<h4 style=\"color: #D09A40;text-transform: uppercase\">Certificat d&#039;authenticit\u00e9 et d&#039;exclusivit\u00e9<\/h4>\n<p style=\"color: #FAF5E5\">**Pi\u00e8ce unique**, **\u00ab Cosmic Ascent \u00bb** n&#039;est pas une simple affiche, c&#039;est une reproduction artistique exclusive qui ne sera jamais reproduite. Chaque commande comprend un **Certificat d&#039;authenticit\u00e9 sign\u00e9**, soulignant sa raret\u00e9 et garantissant qu&#039;elle restera un bien pr\u00e9cieux pour les ann\u00e9es \u00e0 venir. C&#039;est votre opportunit\u00e9 de poss\u00e9der une \u0153uvre d&#039;art unique qui incarne la cr\u00e9ativit\u00e9, l&#039;exploration et l&#039;innovation.<\/p>\n<h4 style=\"color: #D09A40;text-transform: uppercase\">Utilisation id\u00e9ale et suggestions de d\u00e9coration<\/h4>\n<p style=\"color: #FAF5E5\">Transformez votre espace avec la beaut\u00e9 futuriste de **\u00ab Cosmic Ascent \u00bb**. Cette \u0153uvre d\u2019art dynamique s\u2019int\u00e8gre parfaitement dans une vari\u00e9t\u00e9 de d\u00e9cors, ce qui en fait un choix id\u00e9al pour :<\/p>\n<ul>\n<li style=\"color: #FAF5E5;font-weight: bold\"> D\u00e9coration murale \u00e9l\u00e9gante pour la pi\u00e8ce ma\u00eetresse de votre **salon**<\/li>\n<li style=\"color: #FAF5E5;font-weight: bold\"> D\u00e9coration inspirante pour un **bureau ou un espace de travail moderne**<\/li>\n<li style=\"color: #FAF5E5;font-weight: bold\"> Un ajout frappant \u00e0 une **configuration de jeu**<\/li>\n<li style=\"color: #FAF5E5;font-weight: bold\"> Un cadeau significatif pour les passionn\u00e9s d&#039;art et d&#039;espace<\/li>\n<\/ul>\n<p style=\"color: #FAF5E5\">Son design audacieux et son r\u00e9cit stimulant en font un sujet de conversation, rehaussant l&#039;ambiance de n&#039;importe quelle pi\u00e8ce avec son charme c\u00e9leste.<\/p>\n<h4 style=\"color: #D09A40;text-transform: uppercase\">Poss\u00e9dez ce chef-d&#039;\u0153uvre d\u00e8s aujourd&#039;hui\u00a0!<\/h4>\n<p style=\"color: #FAF5E5\">Ne manquez pas votre chance de poss\u00e9der **\u00ab Cosmic Ascent \u00bb**, une affiche imprim\u00e9e vraiment unique et de qualit\u00e9 sup\u00e9rieure qui ne sera jamais reproduite. Parfaite pour les collectionneurs, les d\u00e9corateurs d&#039;int\u00e9rieur ou toute personne cherchant \u00e0 ajouter une touche d&#039;extraordinaire \u00e0 leur environnement, cette \u0153uvre d&#039;art exclusive est un incontournable pour ceux qui admirent la fusion de la science-fiction et du surr\u00e9alisme. Procurez-vous votre pi\u00e8ce maintenant et laissez-la enflammer votre imagination et inspirer votre espace.<\/p>\n<div style=\"background: linear-gradient(to right, #DCA54A, #D09A40);padding: 15px;text-align: center;border-radius: 5px\">\n  <a style=\"color: #FFFFFF;font-weight: bold;text-decoration: none;font-size: 18px\" href=\"#\"> Procurez-vous d\u00e8s maintenant votre affiche exclusive Cosmic Ascent\u00a0! <\/a>\n<\/div>","protected":false},"excerpt":{"rendered":"<p style=\"color: #FAF5E5;font-weight: bold\">Elevate your space with **&#8221;Cosmic Ascent&#8221;**, a **one-of-a-kind** surreal masterpiece blending celestial wonder with dynamic realism. Printed on **Hahnem\u00fchle FineArt paper** with **UltraChrome Pro inks**, each piece is **signed &amp; certified** for exclusivity.<\/p>","protected":false},"featured_media":1906,"comment_status":"open","ping_status":"closed","template":"","meta":{"_uag_custom_page_level_css":""},"product_brand":[874],"product_cat":[733,721,1268,727,731],"product_tag":[],"class_list":{"0":"post-1907","1":"product","2":"type-product","3":"status-publish","4":"has-post-thumbnail","6":"product_brand-neural-artistry","7":"product_cat-futuristic-concepts","8":"product_cat-nature","9":"product_cat-posters-prints-visual-artwork","10":"product_cat-space","11":"product_cat-surrealism","12":"product_shipping_class-chronopost","13":"pa_finish-type-glossy-finish","14":"pa_finish-type-matte-finish","15":"pa_margins-with","16":"pa_margins-without","17":"pa_medium-technique-compositing","18":"pa_medium-technique-photomanipulation","19":"pa_mood-ambiance-dreamy","20":"pa_mood-ambiance-futuristic","21":"pa_mood-ambiance-mysterious","22":"pa_mood-ambiance-otherworldly","23":"pa_mood-ambiance-surreal","24":"pa_orientation-square","25":"pa_size-21-00cmx21-00cm","26":"pa_size-29-70cmx29-70cm","27":"pa_size-32-90cmx32-90cm","28":"pa_size-42-00cmx42-00cm","29":"pa_style-movement-concept-art","30":"pa_style-movement-sci-fi","31":"pa_style-movement-surrealism","33":"first","34":"instock","35":"sold-individually","36":"taxable","37":"shipping-taxable","38":"purchasable","39":"product-type-variable","40":"has-default-attributes"},"yoast_head":"<!-- This site is optimized with the Yoast SEO plugin v27.5 - https:\/\/yoast.com\/product\/yoast-seo-wordpress\/ -->\n<title>Cosmic Ascent - Dynamic Surreal Realism by Neural Artistry - Neural Artistry<\/title>\n<meta name=\"robots\" content=\"index, follow, max-snippet:-1, max-image-preview:large, max-video-preview:-1\" \/>\n<link rel=\"canonical\" href=\"https:\/\/www.neural-artistry.com\/fr\/shop\/home-garden\/decor\/artwork\/posters-prints-visual-artwork\/cosmic-ascent-dynamic-surreal-realism-by-neural-artistry\/\" \/>\n<meta property=\"og:locale\" content=\"fr_FR\" \/>\n<meta property=\"og:type\" content=\"article\" \/>\n<meta property=\"og:title\" content=\"Cosmic Ascent - Dynamic Surreal Realism by Neural Artistry - Neural Artistry\" \/>\n<meta property=\"og:description\" content=\"Elevate your space with **&quot;Cosmic Ascent&quot;**, a **one-of-a-kind** surreal masterpiece blending celestial wonder with dynamic realism. Printed on **Hahnem\u00fchle FineArt paper** with **UltraChrome Pro inks**, each piece is **signed &amp; certified** for exclusivity.\" \/>\n<meta property=\"og:url\" content=\"https:\/\/www.neural-artistry.com\/fr\/shop\/home-garden\/decor\/artwork\/posters-prints-visual-artwork\/cosmic-ascent-dynamic-surreal-realism-by-neural-artistry\/\" \/>\n<meta property=\"og:site_name\" content=\"Neural Artistry\" \/>\n<meta property=\"article:modified_time\" content=\"2025-05-06T13:28:42+00:00\" \/>\n<meta property=\"og:image\" content=\"https:\/\/www.neural-artistry.com\/wp-content\/uploads\/2024\/12\/neural-artistry-portfolio-102-scaled-1.jpg\" \/>\n\t<meta property=\"og:image:width\" content=\"2560\" \/>\n\t<meta property=\"og:image:height\" content=\"2560\" \/>\n\t<meta property=\"og:image:type\" content=\"image\/jpeg\" \/>\n<meta name=\"twitter:card\" content=\"summary_large_image\" \/>\n<meta name=\"twitter:label1\" content=\"Dur\u00e9e de lecture estim\u00e9e\" \/>\n\t<meta name=\"twitter:data1\" content=\"3 minutes\" \/>\n<script type=\"application\/ld+json\" class=\"yoast-schema-graph\">{\"@context\":\"https:\\\/\\\/schema.org\",\"@graph\":[{\"@type\":\"WebPage\",\"@id\":\"https:\\\/\\\/www.neural-artistry.com\\\/shop\\\/home-garden\\\/decor\\\/artwork\\\/posters-prints-visual-artwork\\\/cosmic-ascent-dynamic-surreal-realism-by-neural-artistry\\\/\",\"url\":\"https:\\\/\\\/www.neural-artistry.com\\\/shop\\\/home-garden\\\/decor\\\/artwork\\\/posters-prints-visual-artwork\\\/cosmic-ascent-dynamic-surreal-realism-by-neural-artistry\\\/\",\"name\":\"Cosmic Ascent - Dynamic Surreal Realism by Neural Artistry - Neural Artistry\",\"isPartOf\":{\"@id\":\"https:\\\/\\\/www.neural-artistry.com\\\/#website\"},\"primaryImageOfPage\":{\"@id\":\"https:\\\/\\\/www.neural-artistry.com\\\/shop\\\/home-garden\\\/decor\\\/artwork\\\/posters-prints-visual-artwork\\\/cosmic-ascent-dynamic-surreal-realism-by-neural-artistry\\\/#primaryimage\"},\"image\":{\"@id\":\"https:\\\/\\\/www.neural-artistry.com\\\/shop\\\/home-garden\\\/decor\\\/artwork\\\/posters-prints-visual-artwork\\\/cosmic-ascent-dynamic-surreal-realism-by-neural-artistry\\\/#primaryimage\"},\"thumbnailUrl\":\"https:\\\/\\\/www.neural-artistry.com\\\/wp-content\\\/uploads\\\/2024\\\/12\\\/neural-artistry-portfolio-102-scaled-1.jpg\",\"datePublished\":\"2024-12-26T21:48:53+00:00\",\"dateModified\":\"2025-05-06T13:28:42+00:00\",\"breadcrumb\":{\"@id\":\"https:\\\/\\\/www.neural-artistry.com\\\/shop\\\/home-garden\\\/decor\\\/artwork\\\/posters-prints-visual-artwork\\\/cosmic-ascent-dynamic-surreal-realism-by-neural-artistry\\\/#breadcrumb\"},\"inLanguage\":\"fr-FR\",\"potentialAction\":[{\"@type\":\"ReadAction\",\"target\":[\"https:\\\/\\\/www.neural-artistry.com\\\/shop\\\/home-garden\\\/decor\\\/artwork\\\/posters-prints-visual-artwork\\\/cosmic-ascent-dynamic-surreal-realism-by-neural-artistry\\\/\"]}]},{\"@type\":\"ImageObject\",\"inLanguage\":\"fr-FR\",\"@id\":\"https:\\\/\\\/www.neural-artistry.com\\\/shop\\\/home-garden\\\/decor\\\/artwork\\\/posters-prints-visual-artwork\\\/cosmic-ascent-dynamic-surreal-realism-by-neural-artistry\\\/#primaryimage\",\"url\":\"https:\\\/\\\/www.neural-artistry.com\\\/wp-content\\\/uploads\\\/2024\\\/12\\\/neural-artistry-portfolio-102-scaled-1.jpg\",\"contentUrl\":\"https:\\\/\\\/www.neural-artistry.com\\\/wp-content\\\/uploads\\\/2024\\\/12\\\/neural-artistry-portfolio-102-scaled-1.jpg\",\"width\":2560,\"height\":2560},{\"@type\":\"BreadcrumbList\",\"@id\":\"https:\\\/\\\/www.neural-artistry.com\\\/shop\\\/home-garden\\\/decor\\\/artwork\\\/posters-prints-visual-artwork\\\/cosmic-ascent-dynamic-surreal-realism-by-neural-artistry\\\/#breadcrumb\",\"itemListElement\":[{\"@type\":\"ListItem\",\"position\":1,\"name\":\"Home\",\"item\":\"https:\\\/\\\/www.neural-artistry.com\\\/\"},{\"@type\":\"ListItem\",\"position\":2,\"name\":\"Wall Art Prints \u2013 Custom Canvas &amp; Unique Posters\",\"item\":\"https:\\\/\\\/www.neural-artistry.com\\\/\"},{\"@type\":\"ListItem\",\"position\":3,\"name\":\"Cosmic Ascent &#8211; Dynamic Surreal Realism by Neural Artistry\"}]},{\"@type\":\"WebSite\",\"@id\":\"https:\\\/\\\/www.neural-artistry.com\\\/#website\",\"url\":\"https:\\\/\\\/www.neural-artistry.com\\\/\",\"name\":\"Neural Artistry\",\"description\":\"AI Art Posters \u2013 Certified, Premium, Sold Only Once\",\"publisher\":{\"@id\":\"https:\\\/\\\/www.neural-artistry.com\\\/#organization\"},\"potentialAction\":[{\"@type\":\"SearchAction\",\"target\":{\"@type\":\"EntryPoint\",\"urlTemplate\":\"https:\\\/\\\/www.neural-artistry.com\\\/?s={search_term_string}\"},\"query-input\":{\"@type\":\"PropertyValueSpecification\",\"valueRequired\":true,\"valueName\":\"search_term_string\"}}],\"inLanguage\":\"fr-FR\"},{\"@type\":\"Organization\",\"@id\":\"https:\\\/\\\/www.neural-artistry.com\\\/#organization\",\"name\":\"Neural Artistry\",\"url\":\"https:\\\/\\\/www.neural-artistry.com\\\/\",\"logo\":{\"@type\":\"ImageObject\",\"inLanguage\":\"fr-FR\",\"@id\":\"https:\\\/\\\/www.neural-artistry.com\\\/#\\\/schema\\\/logo\\\/image\\\/\",\"url\":\"https:\\\/\\\/www.neural-artistry.com\\\/wp-content\\\/uploads\\\/2025\\\/08\\\/Web-Black-logo-no-background-scaled.webp\",\"contentUrl\":\"https:\\\/\\\/www.neural-artistry.com\\\/wp-content\\\/uploads\\\/2025\\\/08\\\/Web-Black-logo-no-background-scaled.webp\",\"width\":2560,\"height\":976,\"caption\":\"Neural Artistry\"},\"image\":{\"@id\":\"https:\\\/\\\/www.neural-artistry.com\\\/#\\\/schema\\\/logo\\\/image\\\/\"}}]}<\/script>\n<!-- \/ Yoast SEO plugin. -->","yoast_head_json":{"title":"Cosmic Ascent - Dynamic Surreal Realism by Neural Artistry - Neural Artistry","robots":{"index":"index","follow":"follow","max-snippet":"max-snippet:-1","max-image-preview":"max-image-preview:large","max-video-preview":"max-video-preview:-1"},"canonical":"https:\/\/www.neural-artistry.com\/fr\/shop\/home-garden\/decor\/artwork\/posters-prints-visual-artwork\/cosmic-ascent-dynamic-surreal-realism-by-neural-artistry\/","og_locale":"fr_FR","og_type":"article","og_title":"Cosmic Ascent - Dynamic Surreal Realism by Neural Artistry - Neural Artistry","og_description":"Elevate your space with **\"Cosmic Ascent\"**, a **one-of-a-kind** surreal masterpiece blending celestial wonder with dynamic realism. Printed on **Hahnem\u00fchle FineArt paper** with **UltraChrome Pro inks**, each piece is **signed &amp; certified** for exclusivity.","og_url":"https:\/\/www.neural-artistry.com\/fr\/shop\/home-garden\/decor\/artwork\/posters-prints-visual-artwork\/cosmic-ascent-dynamic-surreal-realism-by-neural-artistry\/","og_site_name":"Neural Artistry","article_modified_time":"2025-05-06T13:28:42+00:00","og_image":[{"width":2560,"height":2560,"url":"https:\/\/www.neural-artistry.com\/wp-content\/uploads\/2024\/12\/neural-artistry-portfolio-102-scaled-1.jpg","type":"image\/jpeg"}],"twitter_card":"summary_large_image","twitter_misc":{"Dur\u00e9e de lecture estim\u00e9e":"3 minutes"},"schema":{"@context":"https:\/\/schema.org","@graph":[{"@type":"WebPage","@id":"https:\/\/www.neural-artistry.com\/shop\/home-garden\/decor\/artwork\/posters-prints-visual-artwork\/cosmic-ascent-dynamic-surreal-realism-by-neural-artistry\/","url":"https:\/\/www.neural-artistry.com\/shop\/home-garden\/decor\/artwork\/posters-prints-visual-artwork\/cosmic-ascent-dynamic-surreal-realism-by-neural-artistry\/","name":"Cosmic Ascent - Dynamic Surreal Realism by Neural Artistry - Neural Artistry","isPartOf":{"@id":"https:\/\/www.neural-artistry.com\/#website"},"primaryImageOfPage":{"@id":"https:\/\/www.neural-artistry.com\/shop\/home-garden\/decor\/artwork\/posters-prints-visual-artwork\/cosmic-ascent-dynamic-surreal-realism-by-neural-artistry\/#primaryimage"},"image":{"@id":"https:\/\/www.neural-artistry.com\/shop\/home-garden\/decor\/artwork\/posters-prints-visual-artwork\/cosmic-ascent-dynamic-surreal-realism-by-neural-artistry\/#primaryimage"},"thumbnailUrl":"https:\/\/www.neural-artistry.com\/wp-content\/uploads\/2024\/12\/neural-artistry-portfolio-102-scaled-1.jpg","datePublished":"2024-12-26T21:48:53+00:00","dateModified":"2025-05-06T13:28:42+00:00","breadcrumb":{"@id":"https:\/\/www.neural-artistry.com\/shop\/home-garden\/decor\/artwork\/posters-prints-visual-artwork\/cosmic-ascent-dynamic-surreal-realism-by-neural-artistry\/#breadcrumb"},"inLanguage":"fr-FR","potentialAction":[{"@type":"ReadAction","target":["https:\/\/www.neural-artistry.com\/shop\/home-garden\/decor\/artwork\/posters-prints-visual-artwork\/cosmic-ascent-dynamic-surreal-realism-by-neural-artistry\/"]}]},{"@type":"ImageObject","inLanguage":"fr-FR","@id":"https:\/\/www.neural-artistry.com\/shop\/home-garden\/decor\/artwork\/posters-prints-visual-artwork\/cosmic-ascent-dynamic-surreal-realism-by-neural-artistry\/#primaryimage","url":"https:\/\/www.neural-artistry.com\/wp-content\/uploads\/2024\/12\/neural-artistry-portfolio-102-scaled-1.jpg","contentUrl":"https:\/\/www.neural-artistry.com\/wp-content\/uploads\/2024\/12\/neural-artistry-portfolio-102-scaled-1.jpg","width":2560,"height":2560},{"@type":"BreadcrumbList","@id":"https:\/\/www.neural-artistry.com\/shop\/home-garden\/decor\/artwork\/posters-prints-visual-artwork\/cosmic-ascent-dynamic-surreal-realism-by-neural-artistry\/#breadcrumb","itemListElement":[{"@type":"ListItem","position":1,"name":"Home","item":"https:\/\/www.neural-artistry.com\/"},{"@type":"ListItem","position":2,"name":"Wall Art Prints \u2013 Custom Canvas &amp; Unique Posters","item":"https:\/\/www.neural-artistry.com\/"},{"@type":"ListItem","position":3,"name":"Cosmic Ascent &#8211; Dynamic Surreal Realism by Neural Artistry"}]},{"@type":"WebSite","@id":"https:\/\/www.neural-artistry.com\/#website","url":"https:\/\/www.neural-artistry.com\/","name":"Neural Artistry","description":"Affiches d&#039;art IA \u2013 Certifi\u00e9es, premium, vendues une seule fois","publisher":{"@id":"https:\/\/www.neural-artistry.com\/#organization"},"potentialAction":[{"@type":"SearchAction","target":{"@type":"EntryPoint","urlTemplate":"https:\/\/www.neural-artistry.com\/?s={search_term_string}"},"query-input":{"@type":"PropertyValueSpecification","valueRequired":true,"valueName":"search_term_string"}}],"inLanguage":"fr-FR"},{"@type":"Organization","@id":"https:\/\/www.neural-artistry.com\/#organization","name":"Neural Artistry","url":"https:\/\/www.neural-artistry.com\/","logo":{"@type":"ImageObject","inLanguage":"fr-FR","@id":"https:\/\/www.neural-artistry.com\/#\/schema\/logo\/image\/","url":"https:\/\/www.neural-artistry.com\/wp-content\/uploads\/2025\/08\/Web-Black-logo-no-background-scaled.webp","contentUrl":"https:\/\/www.neural-artistry.com\/wp-content\/uploads\/2025\/08\/Web-Black-logo-no-background-scaled.webp","width":2560,"height":976,"caption":"Neural Artistry"},"image":{"@id":"https:\/\/www.neural-artistry.com\/#\/schema\/logo\/image\/"}}]}},"uagb_featured_image_src":{"full":["https:\/\/www.neural-artistry.com\/wp-content\/uploads\/2024\/12\/neural-artistry-portfolio-102-scaled-1.jpg",2560,2560,false],"thumbnail":["https:\/\/www.neural-artistry.com\/wp-content\/uploads\/2024\/12\/neural-artistry-portfolio-102-scaled-1-150x150.jpg",150,150,true],"medium":["https:\/\/www.neural-artistry.com\/wp-content\/uploads\/2024\/12\/neural-artistry-portfolio-102-scaled-1-300x300.jpg",300,300,true],"medium_large":["https:\/\/www.neural-artistry.com\/wp-content\/uploads\/2024\/12\/neural-artistry-portfolio-102-scaled-1-768x768.jpg",768,768,true],"large":["https:\/\/www.neural-artistry.com\/wp-content\/uploads\/2024\/12\/neural-artistry-portfolio-102-scaled-1-1024x1024.jpg",1024,1024,true],"1536x1536":["https:\/\/www.neural-artistry.com\/wp-content\/uploads\/2024\/12\/neural-artistry-portfolio-102-scaled-1-1536x1536.jpg",1536,1536,true],"2048x2048":["https:\/\/www.neural-artistry.com\/wp-content\/uploads\/2024\/12\/neural-artistry-portfolio-102-scaled-1-2048x2048.jpg",2048,2048,true],"trp-custom-language-flag":["https:\/\/www.neural-artistry.com\/wp-content\/uploads\/2024\/12\/neural-artistry-portfolio-102-scaled-1-12x12.jpg",12,12,true],"woocommerce_thumbnail":["https:\/\/www.neural-artistry.com\/wp-content\/uploads\/2024\/12\/neural-artistry-portfolio-102-scaled-1-450x450.jpg",450,450,true],"woocommerce_single":["https:\/\/www.neural-artistry.com\/wp-content\/uploads\/2024\/12\/neural-artistry-portfolio-102-scaled-1-600x600.jpg",600,600,true],"woocommerce_gallery_thumbnail":["https:\/\/www.neural-artistry.com\/wp-content\/uploads\/2024\/12\/neural-artistry-portfolio-102-scaled-1-100x100.jpg",100,100,true]},"uagb_author_info":{"display_name":"flake","author_link":"https:\/\/www.neural-artistry.com\/fr\/author\/"},"uagb_comment_info":0,"uagb_excerpt":"Elevate your space with **\"Cosmic Ascent\"**, a **one-of-a-kind** surreal masterpiece blending celestial wonder with dynamic realism. Printed on **Hahnem\u00fchle FineArt paper** with **UltraChrome Pro inks**, each piece is **signed &amp; certified** for exclusivity.","_links":{"self":[{"href":"https:\/\/www.neural-artistry.com\/fr\/wp-json\/wp\/v2\/product\/1907","targetHints":{"allow":["GET"]}}],"collection":[{"href":"https:\/\/www.neural-artistry.com\/fr\/wp-json\/wp\/v2\/product"}],"about":[{"href":"https:\/\/www.neural-artistry.com\/fr\/wp-json\/wp\/v2\/types\/product"}],"replies":[{"embeddable":true,"href":"https:\/\/www.neural-artistry.com\/fr\/wp-json\/wp\/v2\/comments?post=1907"}],"wp:featuredmedia":[{"embeddable":true,"href":"https:\/\/www.neural-artistry.com\/fr\/wp-json\/wp\/v2\/media\/1906"}],"wp:attachment":[{"href":"https:\/\/www.neural-artistry.com\/fr\/wp-json\/wp\/v2\/media?parent=1907"}],"wp:term":[{"taxonomy":"product_brand","embeddable":true,"href":"https:\/\/www.neural-artistry.com\/fr\/wp-json\/wp\/v2\/product_brand?post=1907"},{"taxonomy":"product_cat","embeddable":true,"href":"https:\/\/www.neural-artistry.com\/fr\/wp-json\/wp\/v2\/product_cat?post=1907"},{"taxonomy":"product_tag","embeddable":true,"href":"https:\/\/www.neural-artistry.com\/fr\/wp-json\/wp\/v2\/product_tag?post=1907"}],"curies":[{"name":"wp","href":"https:\/\/api.w.org\/{rel}","templated":true}]}}