{"id":1911,"date":"2024-12-26T21:49:36","date_gmt":"2024-12-26T21:49:36","guid":{"rendered":"https:\/\/www.neural-artistry.com\/?post_type=product&#038;p=1911"},"modified":"2025-05-06T13:28:33","modified_gmt":"2025-05-06T13:28:33","slug":"ethereal-sentinels-futuristic-digital-minimalism-by-neural-artistry","status":"publish","type":"product","link":"https:\/\/www.neural-artistry.com\/fr\/shop\/home-garden\/decor\/artwork\/posters-prints-visual-artwork\/ethereal-sentinels-futuristic-digital-minimalism-by-neural-artistry\/","title":{"rendered":"Ethereal Sentinels \u2013 Minimalisme num\u00e9rique futuriste par Neural Artistry"},"content":{"rendered":"<h3 style=\"color: #DCA54A;text-transform: uppercase;font-weight: bold\">Ethereal Sentinels : un chef-d&#039;\u0153uvre num\u00e9rique futuriste<\/h3>\n<p style=\"color: #FAF5E5\">Imaginez entrer dans une dimension sereine mais avanc\u00e9e, o\u00f9 l\u2019art rencontre la technologie dans un m\u00e9lange harmonieux de minimalisme et d\u2019esth\u00e9tique de science-fiction. <em>Sentinelles \u00e9th\u00e9r\u00e9es<\/em>, r\u00e9alis\u00e9e par Neural Artistry, vous invite dans ce royaume visionnaire. Les figures humano\u00efdes sym\u00e9triques, v\u00eatues de combinaisons \u00e9l\u00e9gantes et semi-transparentes avec des visi\u00e8res ambr\u00e9es brillantes, se dressent comme des sentinelles futuristes d&#039;\u00e9l\u00e9gance et de myst\u00e8re. Sur un d\u00e9grad\u00e9 onirique de bleu sarcelle et d&#039;aqua, cette \u0153uvre d&#039;art exclusive capture l&#039;\u00e9quilibre entre innovation et art. Avec sa composition moderne et minimaliste, cette pi\u00e8ce est un r\u00e9cit visuel qui explore les th\u00e8mes de l&#039;identit\u00e9, de la technologie et de l&#039;unit\u00e9, ce qui en fait une d\u00e9claration parfaite pour votre espace de vie.<\/p>\n<h4 style=\"color: #D09A40;text-transform: uppercase\">Tailles et formats disponibles<\/h4>\n<p style=\"color: #FAF5E5\"><em>Sentinelles \u00e9th\u00e9r\u00e9es<\/em> est disponible sous forme d&#039;affiche imprim\u00e9e haut de gamme, offrant une touche de sophistication \u00e0 votre d\u00e9cor. Choisissez parmi les formats carr\u00e9s suivants, con\u00e7us pour compl\u00e9ter parfaitement la composition sym\u00e9trique de l&#039;\u0153uvre d&#039;art :<\/p>\n<ul>\n<li style=\"color: #FAF5E5;font-weight: bold\"> 21 \u00d7 21 cm (8,3\u2033 \u00d7 8,3\u2033)<\/li>\n<li style=\"color: #FAF5E5;font-weight: bold\"> 29,7 \u00d7 29,7 cm (11,7\u2033 \u00d7 11,7\u2033)<\/li>\n<li style=\"color: #FAF5E5;font-weight: bold\"> 32,9 \u00d7 32,9 cm (12,9\u2033 \u00d7 12,9\u2033)<\/li>\n<li style=\"color: #FAF5E5;font-weight: bold\"> 42 \u00d7 42 cm (16,5\u2033 \u00d7 16,5\u2033)<\/li>\n<\/ul>\n<p style=\"color: #FAF5E5\">Chaque impression est disponible dans une finition mate ou brillante luxueuse, avec un design sans bordure qui plonge le spectateur dans son allure futuriste.<\/p>\n<h4 style=\"color: #D09A40;text-transform: uppercase\">Savoir-faire et qualit\u00e9 sans compromis<\/h4>\n<p style=\"color: #FAF5E5\">Cette affiche unique en son genre est r\u00e9alis\u00e9e avec le plus grand soin et une attention particuli\u00e8re aux d\u00e9tails. Imprim\u00e9e sur du papier Hahnem\u00fchle FineArt, connu pour sa qualit\u00e9 de qualit\u00e9 mus\u00e9ale et sa durabilit\u00e9 archivistique, chaque pi\u00e8ce est con\u00e7ue pour durer toute une vie. Gr\u00e2ce aux encres UltraChrome Pro, les couleurs sont \u00e9clatantes, r\u00e9sistantes \u00e0 la d\u00e9coloration et fid\u00e8les \u00e0 la vision originale de l&#039;artiste, garantissant que chaque d\u00e9grad\u00e9 et chaque \u00e9clat sont captur\u00e9s avec pr\u00e9cision. De l&#039;\u00e9l\u00e9gance tactile du papier \u00e0 la richesse des teintes, cette affiche est une c\u00e9l\u00e9bration de l&#039;artisanat haut de gamme.<\/p>\n<h4 style=\"color: #D09A40;text-transform: uppercase\">Authenticit\u00e9 et exclusivit\u00e9 certifi\u00e9es<\/h4>\n<p style=\"color: #FAF5E5\">En tant que cr\u00e9ation exclusive et unique en son genre, <em>Sentinelles \u00e9th\u00e9r\u00e9es<\/em> est vendu une seule fois et ne sera jamais reproduit. Pour renforcer encore sa valeur unique, chaque tirage est accompagn\u00e9 d&#039;un **certificat d&#039;authenticit\u00e9 sign\u00e9**, garantissant que vous poss\u00e9dez un v\u00e9ritable objet de collection. C&#039;est votre opportunit\u00e9 de poss\u00e9der une \u0153uvre d&#039;art intemporelle que personne d&#039;autre ne poss\u00e9dera jamais.<\/p>\n<h4 style=\"color: #D09A40;text-transform: uppercase\">Suggestions de placement et de d\u00e9coration parfaites<\/h4>\n<p style=\"color: #FAF5E5\">Que vous cherchiez \u00e0 transformer votre espace ou \u00e0 rehausser votre collection d&#039;art, <em>Sentinelles \u00e9th\u00e9r\u00e9es<\/em> est un choix id\u00e9al. Son style \u00e9l\u00e9gant et futuriste en fait un ajout polyvalent pour\u00a0:<\/p>\n<ul>\n<li style=\"color: #FAF5E5;font-weight: bold\"> Un salon moderne, ajoutant une touche d&#039;\u00e9l\u00e9gance contemporaine<\/li>\n<li style=\"color: #FAF5E5;font-weight: bold\"> Un bureau ou un espace de jeu high-tech, inspirant cr\u00e9ativit\u00e9 et concentration<\/li>\n<li style=\"color: #FAF5E5;font-weight: bold\"> Un mur de galerie bien organis\u00e9, comme pi\u00e8ce ma\u00eetresse audacieuse ou accent harmonieux<\/li>\n<li style=\"color: #FAF5E5;font-weight: bold\"> Un cadeau inoubliable pour les passionn\u00e9s de science-fiction et les collectionneurs d&#039;art moderne<\/li>\n<\/ul>\n<h3 style=\"color: #DCA54A;text-transform: uppercase;font-weight: bold\">Devenez propri\u00e9taire d&#039;un morceau du futur d\u00e8s aujourd&#039;hui<\/h3>\n<p style=\"color: #FAF5E5\">Ne manquez pas l&#039;occasion d&#039;apporter la brillance futuriste de <em>Sentinelles \u00e9th\u00e9r\u00e9es<\/em> dans votre vie. Cette **affiche de qualit\u00e9 mus\u00e9e** n&#039;est pas seulement une d\u00e9coration : c&#039;est un d\u00e9clencheur de conversation, une d\u00e9claration de go\u00fbt innovant et un objet de collection unique en son genre. Transformez votre espace avec l&#039;harmonie de l&#039;esth\u00e9tique de science-fiction et de l&#039;\u00e9l\u00e9gance minimaliste.<\/p>\n<div style=\"background: linear-gradient(90deg, #DCA54A, #D09A40);padding: 10px;text-align: center;border-radius: 5px;margin-top: 20px\">\n  <a style=\"color: #FFFFFF;text-decoration: none;font-weight: bold;font-size: 16px\" href=\"#\">Ajoutez au panier et red\u00e9finissez votre espace<\/a>\n<\/div>","protected":false},"excerpt":{"rendered":"<p style=\"color: #FAF5E5;font-weight: bold\">D\u00e9couvrez l&#039;\u00e9l\u00e9gance futuriste de <em>Sentinelles \u00e9th\u00e9r\u00e9es<\/em>, un v\u00e9ritable <strong>exclusif, unique en son genre<\/strong> chef-d&#039;\u0153uvre. Imprim\u00e9 sur du papier premium <strong>Papier FineArt Hahnem\u00fchle<\/strong> avec vibrant <strong>Encres UltraChrome Pro<\/strong>, chaque pi\u00e8ce est <strong>agr\u00e9\u00e9<\/strong> et vendu une seule fois.<\/p>","protected":false},"featured_media":1910,"comment_status":"open","ping_status":"closed","template":"","meta":{"_uag_custom_page_level_css":""},"product_brand":[874],"product_cat":[733,1268,730,731],"product_tag":[],"class_list":{"0":"post-1911","1":"product","2":"type-product","3":"status-publish","4":"has-post-thumbnail","6":"product_brand-neural-artistry","7":"product_cat-futuristic-concepts","8":"product_cat-posters-prints-visual-artwork","9":"product_cat-science-fiction","10":"product_cat-surrealism","11":"product_shipping_class-chronopost","12":"pa_finish-type-glossy-finish","13":"pa_finish-type-matte-finish","14":"pa_margins-with","15":"pa_margins-without","16":"pa_medium-technique-3d-modeling","17":"pa_medium-technique-digital-painting","18":"pa_medium-technique-rendering","19":"pa_mood-ambiance-ethereal","20":"pa_mood-ambiance-futuristic","21":"pa_mood-ambiance-mysterious","22":"pa_mood-ambiance-otherworldly","23":"pa_mood-ambiance-surreal","24":"pa_orientation-square","25":"pa_size-21-00cmx21-00cm","26":"pa_size-29-70cmx29-70cm","27":"pa_size-32-90cmx32-90cm","28":"pa_size-42-00cmx42-00cm","29":"pa_style-movement-cyberpunk","30":"pa_style-movement-futurism","31":"pa_style-movement-sci-fi","33":"first","34":"instock","35":"sold-individually","36":"taxable","37":"shipping-taxable","38":"purchasable","39":"product-type-variable","40":"has-default-attributes"},"yoast_head":"<!-- This site is optimized with the Yoast SEO plugin v27.5 - https:\/\/yoast.com\/product\/yoast-seo-wordpress\/ -->\n<title>Ethereal Sentinels - Futuristic Digital Minimalism by Neural Artistry - Neural Artistry<\/title>\n<meta name=\"robots\" content=\"index, follow, max-snippet:-1, max-image-preview:large, max-video-preview:-1\" \/>\n<link rel=\"canonical\" href=\"https:\/\/www.neural-artistry.com\/fr\/shop\/home-garden\/decor\/artwork\/posters-prints-visual-artwork\/ethereal-sentinels-futuristic-digital-minimalism-by-neural-artistry\/\" \/>\n<meta property=\"og:locale\" content=\"fr_FR\" \/>\n<meta property=\"og:type\" content=\"article\" \/>\n<meta property=\"og:title\" content=\"Ethereal Sentinels - Futuristic Digital Minimalism by Neural Artistry - Neural Artistry\" \/>\n<meta property=\"og:description\" content=\"Experience the futuristic elegance of Ethereal Sentinels, a truly exclusive, one-of-a-kind masterpiece. Printed on premium Hahnem\u00fchle FineArt paper with vibrant UltraChrome Pro inks, each piece is certified and sold only once.\" \/>\n<meta property=\"og:url\" content=\"https:\/\/www.neural-artistry.com\/fr\/shop\/home-garden\/decor\/artwork\/posters-prints-visual-artwork\/ethereal-sentinels-futuristic-digital-minimalism-by-neural-artistry\/\" \/>\n<meta property=\"og:site_name\" content=\"Neural Artistry\" \/>\n<meta property=\"article:modified_time\" content=\"2025-05-06T13:28:33+00:00\" \/>\n<meta property=\"og:image\" content=\"https:\/\/www.neural-artistry.com\/wp-content\/uploads\/2024\/12\/neural-artistry-portfolio-100-scaled-1.jpg\" \/>\n\t<meta property=\"og:image:width\" content=\"2560\" \/>\n\t<meta property=\"og:image:height\" content=\"2560\" \/>\n\t<meta property=\"og:image:type\" content=\"image\/jpeg\" \/>\n<meta name=\"twitter:card\" content=\"summary_large_image\" \/>\n<meta name=\"twitter:label1\" content=\"Dur\u00e9e de lecture estim\u00e9e\" \/>\n\t<meta name=\"twitter:data1\" content=\"2 minutes\" \/>\n<script type=\"application\/ld+json\" class=\"yoast-schema-graph\">{\"@context\":\"https:\\\/\\\/schema.org\",\"@graph\":[{\"@type\":\"WebPage\",\"@id\":\"https:\\\/\\\/www.neural-artistry.com\\\/shop\\\/home-garden\\\/decor\\\/artwork\\\/posters-prints-visual-artwork\\\/ethereal-sentinels-futuristic-digital-minimalism-by-neural-artistry\\\/\",\"url\":\"https:\\\/\\\/www.neural-artistry.com\\\/shop\\\/home-garden\\\/decor\\\/artwork\\\/posters-prints-visual-artwork\\\/ethereal-sentinels-futuristic-digital-minimalism-by-neural-artistry\\\/\",\"name\":\"Ethereal Sentinels - Futuristic Digital Minimalism by Neural Artistry - Neural Artistry\",\"isPartOf\":{\"@id\":\"https:\\\/\\\/www.neural-artistry.com\\\/#website\"},\"primaryImageOfPage\":{\"@id\":\"https:\\\/\\\/www.neural-artistry.com\\\/shop\\\/home-garden\\\/decor\\\/artwork\\\/posters-prints-visual-artwork\\\/ethereal-sentinels-futuristic-digital-minimalism-by-neural-artistry\\\/#primaryimage\"},\"image\":{\"@id\":\"https:\\\/\\\/www.neural-artistry.com\\\/shop\\\/home-garden\\\/decor\\\/artwork\\\/posters-prints-visual-artwork\\\/ethereal-sentinels-futuristic-digital-minimalism-by-neural-artistry\\\/#primaryimage\"},\"thumbnailUrl\":\"https:\\\/\\\/www.neural-artistry.com\\\/wp-content\\\/uploads\\\/2024\\\/12\\\/neural-artistry-portfolio-100-scaled-1.jpg\",\"datePublished\":\"2024-12-26T21:49:36+00:00\",\"dateModified\":\"2025-05-06T13:28:33+00:00\",\"breadcrumb\":{\"@id\":\"https:\\\/\\\/www.neural-artistry.com\\\/shop\\\/home-garden\\\/decor\\\/artwork\\\/posters-prints-visual-artwork\\\/ethereal-sentinels-futuristic-digital-minimalism-by-neural-artistry\\\/#breadcrumb\"},\"inLanguage\":\"fr-FR\",\"potentialAction\":[{\"@type\":\"ReadAction\",\"target\":[\"https:\\\/\\\/www.neural-artistry.com\\\/shop\\\/home-garden\\\/decor\\\/artwork\\\/posters-prints-visual-artwork\\\/ethereal-sentinels-futuristic-digital-minimalism-by-neural-artistry\\\/\"]}]},{\"@type\":\"ImageObject\",\"inLanguage\":\"fr-FR\",\"@id\":\"https:\\\/\\\/www.neural-artistry.com\\\/shop\\\/home-garden\\\/decor\\\/artwork\\\/posters-prints-visual-artwork\\\/ethereal-sentinels-futuristic-digital-minimalism-by-neural-artistry\\\/#primaryimage\",\"url\":\"https:\\\/\\\/www.neural-artistry.com\\\/wp-content\\\/uploads\\\/2024\\\/12\\\/neural-artistry-portfolio-100-scaled-1.jpg\",\"contentUrl\":\"https:\\\/\\\/www.neural-artistry.com\\\/wp-content\\\/uploads\\\/2024\\\/12\\\/neural-artistry-portfolio-100-scaled-1.jpg\",\"width\":2560,\"height\":2560},{\"@type\":\"BreadcrumbList\",\"@id\":\"https:\\\/\\\/www.neural-artistry.com\\\/shop\\\/home-garden\\\/decor\\\/artwork\\\/posters-prints-visual-artwork\\\/ethereal-sentinels-futuristic-digital-minimalism-by-neural-artistry\\\/#breadcrumb\",\"itemListElement\":[{\"@type\":\"ListItem\",\"position\":1,\"name\":\"Home\",\"item\":\"https:\\\/\\\/www.neural-artistry.com\\\/\"},{\"@type\":\"ListItem\",\"position\":2,\"name\":\"Wall Art Prints \u2013 Custom Canvas &amp; Unique Posters\",\"item\":\"https:\\\/\\\/www.neural-artistry.com\\\/\"},{\"@type\":\"ListItem\",\"position\":3,\"name\":\"Ethereal Sentinels &#8211; Futuristic Digital Minimalism by Neural Artistry\"}]},{\"@type\":\"WebSite\",\"@id\":\"https:\\\/\\\/www.neural-artistry.com\\\/#website\",\"url\":\"https:\\\/\\\/www.neural-artistry.com\\\/\",\"name\":\"Neural Artistry\",\"description\":\"AI Art Posters \u2013 Certified, Premium, Sold Only Once\",\"publisher\":{\"@id\":\"https:\\\/\\\/www.neural-artistry.com\\\/#organization\"},\"potentialAction\":[{\"@type\":\"SearchAction\",\"target\":{\"@type\":\"EntryPoint\",\"urlTemplate\":\"https:\\\/\\\/www.neural-artistry.com\\\/?s={search_term_string}\"},\"query-input\":{\"@type\":\"PropertyValueSpecification\",\"valueRequired\":true,\"valueName\":\"search_term_string\"}}],\"inLanguage\":\"fr-FR\"},{\"@type\":\"Organization\",\"@id\":\"https:\\\/\\\/www.neural-artistry.com\\\/#organization\",\"name\":\"Neural Artistry\",\"url\":\"https:\\\/\\\/www.neural-artistry.com\\\/\",\"logo\":{\"@type\":\"ImageObject\",\"inLanguage\":\"fr-FR\",\"@id\":\"https:\\\/\\\/www.neural-artistry.com\\\/#\\\/schema\\\/logo\\\/image\\\/\",\"url\":\"https:\\\/\\\/www.neural-artistry.com\\\/wp-content\\\/uploads\\\/2025\\\/08\\\/Web-Black-logo-no-background-scaled.webp\",\"contentUrl\":\"https:\\\/\\\/www.neural-artistry.com\\\/wp-content\\\/uploads\\\/2025\\\/08\\\/Web-Black-logo-no-background-scaled.webp\",\"width\":2560,\"height\":976,\"caption\":\"Neural Artistry\"},\"image\":{\"@id\":\"https:\\\/\\\/www.neural-artistry.com\\\/#\\\/schema\\\/logo\\\/image\\\/\"}}]}<\/script>\n<!-- \/ Yoast SEO plugin. -->","yoast_head_json":{"title":"Ethereal Sentinels - Futuristic Digital Minimalism by Neural Artistry - Neural Artistry","robots":{"index":"index","follow":"follow","max-snippet":"max-snippet:-1","max-image-preview":"max-image-preview:large","max-video-preview":"max-video-preview:-1"},"canonical":"https:\/\/www.neural-artistry.com\/fr\/shop\/home-garden\/decor\/artwork\/posters-prints-visual-artwork\/ethereal-sentinels-futuristic-digital-minimalism-by-neural-artistry\/","og_locale":"fr_FR","og_type":"article","og_title":"Ethereal Sentinels - Futuristic Digital Minimalism by Neural Artistry - Neural Artistry","og_description":"Experience the futuristic elegance of Ethereal Sentinels, a truly exclusive, one-of-a-kind masterpiece. Printed on premium Hahnem\u00fchle FineArt paper with vibrant UltraChrome Pro inks, each piece is certified and sold only once.","og_url":"https:\/\/www.neural-artistry.com\/fr\/shop\/home-garden\/decor\/artwork\/posters-prints-visual-artwork\/ethereal-sentinels-futuristic-digital-minimalism-by-neural-artistry\/","og_site_name":"Neural Artistry","article_modified_time":"2025-05-06T13:28:33+00:00","og_image":[{"width":2560,"height":2560,"url":"https:\/\/www.neural-artistry.com\/wp-content\/uploads\/2024\/12\/neural-artistry-portfolio-100-scaled-1.jpg","type":"image\/jpeg"}],"twitter_card":"summary_large_image","twitter_misc":{"Dur\u00e9e de lecture estim\u00e9e":"2 minutes"},"schema":{"@context":"https:\/\/schema.org","@graph":[{"@type":"WebPage","@id":"https:\/\/www.neural-artistry.com\/shop\/home-garden\/decor\/artwork\/posters-prints-visual-artwork\/ethereal-sentinels-futuristic-digital-minimalism-by-neural-artistry\/","url":"https:\/\/www.neural-artistry.com\/shop\/home-garden\/decor\/artwork\/posters-prints-visual-artwork\/ethereal-sentinels-futuristic-digital-minimalism-by-neural-artistry\/","name":"Ethereal Sentinels - Futuristic Digital Minimalism by Neural Artistry - Neural Artistry","isPartOf":{"@id":"https:\/\/www.neural-artistry.com\/#website"},"primaryImageOfPage":{"@id":"https:\/\/www.neural-artistry.com\/shop\/home-garden\/decor\/artwork\/posters-prints-visual-artwork\/ethereal-sentinels-futuristic-digital-minimalism-by-neural-artistry\/#primaryimage"},"image":{"@id":"https:\/\/www.neural-artistry.com\/shop\/home-garden\/decor\/artwork\/posters-prints-visual-artwork\/ethereal-sentinels-futuristic-digital-minimalism-by-neural-artistry\/#primaryimage"},"thumbnailUrl":"https:\/\/www.neural-artistry.com\/wp-content\/uploads\/2024\/12\/neural-artistry-portfolio-100-scaled-1.jpg","datePublished":"2024-12-26T21:49:36+00:00","dateModified":"2025-05-06T13:28:33+00:00","breadcrumb":{"@id":"https:\/\/www.neural-artistry.com\/shop\/home-garden\/decor\/artwork\/posters-prints-visual-artwork\/ethereal-sentinels-futuristic-digital-minimalism-by-neural-artistry\/#breadcrumb"},"inLanguage":"fr-FR","potentialAction":[{"@type":"ReadAction","target":["https:\/\/www.neural-artistry.com\/shop\/home-garden\/decor\/artwork\/posters-prints-visual-artwork\/ethereal-sentinels-futuristic-digital-minimalism-by-neural-artistry\/"]}]},{"@type":"ImageObject","inLanguage":"fr-FR","@id":"https:\/\/www.neural-artistry.com\/shop\/home-garden\/decor\/artwork\/posters-prints-visual-artwork\/ethereal-sentinels-futuristic-digital-minimalism-by-neural-artistry\/#primaryimage","url":"https:\/\/www.neural-artistry.com\/wp-content\/uploads\/2024\/12\/neural-artistry-portfolio-100-scaled-1.jpg","contentUrl":"https:\/\/www.neural-artistry.com\/wp-content\/uploads\/2024\/12\/neural-artistry-portfolio-100-scaled-1.jpg","width":2560,"height":2560},{"@type":"BreadcrumbList","@id":"https:\/\/www.neural-artistry.com\/shop\/home-garden\/decor\/artwork\/posters-prints-visual-artwork\/ethereal-sentinels-futuristic-digital-minimalism-by-neural-artistry\/#breadcrumb","itemListElement":[{"@type":"ListItem","position":1,"name":"Home","item":"https:\/\/www.neural-artistry.com\/"},{"@type":"ListItem","position":2,"name":"Wall Art Prints \u2013 Custom Canvas &amp; Unique Posters","item":"https:\/\/www.neural-artistry.com\/"},{"@type":"ListItem","position":3,"name":"Ethereal Sentinels &#8211; Futuristic Digital Minimalism by Neural Artistry"}]},{"@type":"WebSite","@id":"https:\/\/www.neural-artistry.com\/#website","url":"https:\/\/www.neural-artistry.com\/","name":"Neural Artistry","description":"Affiches d&#039;art IA \u2013 Certifi\u00e9es, premium, vendues une seule fois","publisher":{"@id":"https:\/\/www.neural-artistry.com\/#organization"},"potentialAction":[{"@type":"SearchAction","target":{"@type":"EntryPoint","urlTemplate":"https:\/\/www.neural-artistry.com\/?s={search_term_string}"},"query-input":{"@type":"PropertyValueSpecification","valueRequired":true,"valueName":"search_term_string"}}],"inLanguage":"fr-FR"},{"@type":"Organization","@id":"https:\/\/www.neural-artistry.com\/#organization","name":"Neural Artistry","url":"https:\/\/www.neural-artistry.com\/","logo":{"@type":"ImageObject","inLanguage":"fr-FR","@id":"https:\/\/www.neural-artistry.com\/#\/schema\/logo\/image\/","url":"https:\/\/www.neural-artistry.com\/wp-content\/uploads\/2025\/08\/Web-Black-logo-no-background-scaled.webp","contentUrl":"https:\/\/www.neural-artistry.com\/wp-content\/uploads\/2025\/08\/Web-Black-logo-no-background-scaled.webp","width":2560,"height":976,"caption":"Neural Artistry"},"image":{"@id":"https:\/\/www.neural-artistry.com\/#\/schema\/logo\/image\/"}}]}},"uagb_featured_image_src":{"full":["https:\/\/www.neural-artistry.com\/wp-content\/uploads\/2024\/12\/neural-artistry-portfolio-100-scaled-1.jpg",2560,2560,false],"thumbnail":["https:\/\/www.neural-artistry.com\/wp-content\/uploads\/2024\/12\/neural-artistry-portfolio-100-scaled-1-150x150.jpg",150,150,true],"medium":["https:\/\/www.neural-artistry.com\/wp-content\/uploads\/2024\/12\/neural-artistry-portfolio-100-scaled-1-300x300.jpg",300,300,true],"medium_large":["https:\/\/www.neural-artistry.com\/wp-content\/uploads\/2024\/12\/neural-artistry-portfolio-100-scaled-1-768x768.jpg",768,768,true],"large":["https:\/\/www.neural-artistry.com\/wp-content\/uploads\/2024\/12\/neural-artistry-portfolio-100-scaled-1-1024x1024.jpg",1024,1024,true],"1536x1536":["https:\/\/www.neural-artistry.com\/wp-content\/uploads\/2024\/12\/neural-artistry-portfolio-100-scaled-1-1536x1536.jpg",1536,1536,true],"2048x2048":["https:\/\/www.neural-artistry.com\/wp-content\/uploads\/2024\/12\/neural-artistry-portfolio-100-scaled-1-2048x2048.jpg",2048,2048,true],"trp-custom-language-flag":["https:\/\/www.neural-artistry.com\/wp-content\/uploads\/2024\/12\/neural-artistry-portfolio-100-scaled-1-12x12.jpg",12,12,true],"woocommerce_thumbnail":["https:\/\/www.neural-artistry.com\/wp-content\/uploads\/2024\/12\/neural-artistry-portfolio-100-scaled-1-450x450.jpg",450,450,true],"woocommerce_single":["https:\/\/www.neural-artistry.com\/wp-content\/uploads\/2024\/12\/neural-artistry-portfolio-100-scaled-1-600x600.jpg",600,600,true],"woocommerce_gallery_thumbnail":["https:\/\/www.neural-artistry.com\/wp-content\/uploads\/2024\/12\/neural-artistry-portfolio-100-scaled-1-100x100.jpg",100,100,true]},"uagb_author_info":{"display_name":"flake","author_link":"https:\/\/www.neural-artistry.com\/fr\/author\/"},"uagb_comment_info":0,"uagb_excerpt":"Experience the futuristic elegance of Ethereal Sentinels, a truly exclusive, one-of-a-kind masterpiece. Printed on premium Hahnem\u00fchle FineArt paper with vibrant UltraChrome Pro inks, each piece is certified and sold only once.","_links":{"self":[{"href":"https:\/\/www.neural-artistry.com\/fr\/wp-json\/wp\/v2\/product\/1911","targetHints":{"allow":["GET"]}}],"collection":[{"href":"https:\/\/www.neural-artistry.com\/fr\/wp-json\/wp\/v2\/product"}],"about":[{"href":"https:\/\/www.neural-artistry.com\/fr\/wp-json\/wp\/v2\/types\/product"}],"replies":[{"embeddable":true,"href":"https:\/\/www.neural-artistry.com\/fr\/wp-json\/wp\/v2\/comments?post=1911"}],"wp:featuredmedia":[{"embeddable":true,"href":"https:\/\/www.neural-artistry.com\/fr\/wp-json\/wp\/v2\/media\/1910"}],"wp:attachment":[{"href":"https:\/\/www.neural-artistry.com\/fr\/wp-json\/wp\/v2\/media?parent=1911"}],"wp:term":[{"taxonomy":"product_brand","embeddable":true,"href":"https:\/\/www.neural-artistry.com\/fr\/wp-json\/wp\/v2\/product_brand?post=1911"},{"taxonomy":"product_cat","embeddable":true,"href":"https:\/\/www.neural-artistry.com\/fr\/wp-json\/wp\/v2\/product_cat?post=1911"},{"taxonomy":"product_tag","embeddable":true,"href":"https:\/\/www.neural-artistry.com\/fr\/wp-json\/wp\/v2\/product_tag?post=1911"}],"curies":[{"name":"wp","href":"https:\/\/api.w.org\/{rel}","templated":true}]}}