{"id":1919,"date":"2024-12-26T21:51:07","date_gmt":"2024-12-26T21:51:07","guid":{"rendered":"https:\/\/www.neural-artistry.com\/?post_type=product&#038;p=1919"},"modified":"2025-05-06T13:28:18","modified_gmt":"2025-05-06T13:28:18","slug":"flamingo-reverie-surreal-pop-art-by-neural-artistry","status":"publish","type":"product","link":"https:\/\/www.neural-artistry.com\/fr\/shop\/home-garden\/decor\/artwork\/posters-prints-visual-artwork\/flamingo-reverie-surreal-pop-art-by-neural-artistry\/","title":{"rendered":"Flamingo Reverie \u2013 Pop Art surr\u00e9aliste par Neural Artistry"},"content":{"rendered":"<h3 style=\"color: #DCA54A;text-transform: uppercase;font-weight: bold\">Flamingo Reverie \u2013 Pop Art surr\u00e9aliste par Neural Artistry<\/h3>\n<h4 style=\"color: #D09A40;text-transform: uppercase\">Introduction<\/h4>\n<p style=\"color: #FAF5E5\">Entrez dans un monde onirique o\u00f9 l&#039;\u00e9l\u00e9gance rencontre la fantaisie avec <em>R\u00eaverie de flamants roses<\/em>, un chef-d&#039;\u0153uvre pop art surr\u00e9aliste rendu vivant par Neural Artistry. En cr\u00e9ant cette pi\u00e8ce unique en son genre, j&#039;ai imagin\u00e9 une fusion harmonieuse entre l&#039;identit\u00e9 humaine et le monde naturel, ce qui a donn\u00e9 naissance \u00e0 une composition \u00e0 la fois audacieuse et sophistiqu\u00e9e. L&#039;\u0153uvre capture la juxtaposition frappante d&#039;une femme pos\u00e9e dans un manteau en fausse fourrure vert vif refl\u00e9t\u00e9 par le d\u00e9licat plumage rose d&#039;un flamant rose, le tout sur fond d&#039;un champ vert luxuriant parsem\u00e9 de flamants roses. La palette vibrante, associ\u00e9e \u00e0 des d\u00e9tails m\u00e9ticuleux et \u00e0 un format carr\u00e9 \u00e9quilibr\u00e9, fait de cette pi\u00e8ce une d\u00e9claration \u00e9tonnante pour les int\u00e9rieurs modernes. Que vous soyez attir\u00e9 par son charme imaginatif ou son r\u00e9cit stimulant, <em>R\u00eaverie de flamants roses<\/em> promet de transformer votre espace en un sanctuaire artistique.<\/p>\n<h4 style=\"color: #D09A40;text-transform: uppercase\">Tailles et formats<\/h4>\n<p style=\"color: #FAF5E5\">Con\u00e7u pour r\u00e9pondre aux besoins des collectionneurs d&#039;art exigeants et des amateurs de d\u00e9coration int\u00e9rieure, <em>R\u00eaverie de flamants roses<\/em> est disponible dans les tailles imprim\u00e9es professionnellement suivantes\u00a0:<\/p>\n<ul style=\"color: #FAF5E5;padding-left: 0\">\n<li style=\"color: #FAF5E5;font-weight: bold\"> 21 \u00d7 21 cm (8,3\u2033 \u00d7 8,3\u2033)<\/li>\n<li style=\"color: #FAF5E5;font-weight: bold\"> 29,7 \u00d7 29,7 cm (11,7\u2033 \u00d7 11,7\u2033)<\/li>\n<li style=\"color: #FAF5E5;font-weight: bold\"> 32,9 \u00d7 32,9 cm (12,9\u2033 \u00d7 12,9\u2033)<\/li>\n<li style=\"color: #FAF5E5;font-weight: bold\"> 42 \u00d7 42 cm (16,5\u2033 \u00d7 16,5\u2033)<\/li>\n<\/ul>\n<p style=\"color: #FAF5E5\">Chaque impression est disponible dans un luxueux <strong>mat<\/strong> ou <strong>brillant<\/strong> finition, vous permettant de personnaliser l&#039;apparence en fonction de votre espace. Ces affiches sans bordure, imprim\u00e9es par des professionnels, sont con\u00e7ues pour faire une impression durable.<\/p>\n<h4 style=\"color: #D09A40;text-transform: uppercase\">Savoir-faire et qualit\u00e9<\/h4>\n<p style=\"color: #FAF5E5\">Chaque d\u00e9tail de <em>R\u00eaverie de flamants roses<\/em> est m\u00e9ticuleusement con\u00e7u en utilisant <strong>Papier FineArt Hahnem\u00fchle<\/strong> et <strong>Encres UltraChrome Pro<\/strong>. Cette combinaison offre une vivacit\u00e9, une pr\u00e9cision et une r\u00e9sistance \u00e0 la d\u00e9coloration in\u00e9gal\u00e9es, garantissant que l&#039;\u0153uvre d&#039;art conserve son \u00e9clat pendant des d\u00e9cennies. Avec une qualit\u00e9 de qualit\u00e9 mus\u00e9ale et une durabilit\u00e9 archivistique, ce n&#039;est pas seulement une impression, c&#039;est une \u0153uvre d&#039;art intemporelle qui rehausse n&#039;importe quel d\u00e9cor.<\/p>\n<h4 style=\"color: #D09A40;text-transform: uppercase\">Certificat d&#039;authenticit\u00e9 et d&#039;exclusivit\u00e9<\/h4>\n<p style=\"color: #FAF5E5\">C\u2019est plus qu\u2019une simple affiche : c\u2019est un tr\u00e9sor de collection. <em>R\u00eaverie de flamants roses<\/em> est une cr\u00e9ation unique qui ne sera jamais reproduite, ce qui garantit son exclusivit\u00e9. Chaque tirage est accompagn\u00e9 d&#039;une photo sign\u00e9e <strong>Certificat d&#039;authenticit\u00e9<\/strong>, affirmant son originalit\u00e9 et sa valeur. Une fois vendue, elle dispara\u00eet \u00e0 jamais, ce qui en fait une opportunit\u00e9 incontournable pour les collectionneurs et les amateurs d&#039;art.<\/p>\n<h4 style=\"color: #D09A40;text-transform: uppercase\">Utilisation id\u00e9ale et suggestions de d\u00e9coration<\/h4>\n<p style=\"color: #FAF5E5\">L&#039;\u00e9nergie vibrante mais sophistiqu\u00e9e de <em>R\u00eaverie de flamants roses<\/em> en fait un ajout id\u00e9al \u00e0 une vari\u00e9t\u00e9 d&#039;espaces :<\/p>\n<ul style=\"color: #FAF5E5;padding-left: 0\">\n<li style=\"color: #FAF5E5;font-weight: bold\"> Am\u00e9liorez votre <strong>salon<\/strong> avec une touche d&#039;\u00e9l\u00e9gance surr\u00e9aliste.<\/li>\n<li style=\"color: #FAF5E5;font-weight: bold\"> Ajoutez une touche de cr\u00e9ativit\u00e9 \u00e0 votre <strong>bureau<\/strong> ou espace de travail.<\/li>\n<li style=\"color: #FAF5E5;font-weight: bold\"> Parfait pour une d\u00e9claration audacieuse dans un <strong>salle de jeux<\/strong> ou studio.<\/li>\n<li style=\"color: #FAF5E5;font-weight: bold\"> Un projet r\u00e9fl\u00e9chi et unique <strong>cadeau<\/strong> pour les amateurs d&#039;art ou les collectionneurs.<\/li>\n<\/ul>\n<h4 style=\"color: #DCA54A;text-transform: uppercase;font-weight: bold\">Achetez ce chef-d&#039;\u0153uvre exclusif d\u00e8s aujourd&#039;hui<\/h4>\n<p style=\"color: #FAF5E5\">Ne manquez pas l&#039;occasion de ramener \u00e0 la maison <em>R\u00eaverie de flamants roses<\/em>, une cr\u00e9ation pop art surr\u00e9aliste qui m\u00e9lange mode, nature et identit\u00e9 dans une exp\u00e9rience visuelle extraordinaire. Avec son exclusivit\u00e9 unique, sa qualit\u00e9 de qualit\u00e9 mus\u00e9ale et son charme intemporel, cette pi\u00e8ce est le compl\u00e9ment parfait \u00e0 votre collection ou un \u00e9l\u00e9ment transformateur pour tout espace int\u00e9rieur. \u00c9levez votre d\u00e9cor et laissez le monde imaginatif de <em>R\u00eaverie de flamants roses<\/em> captiver votre c\u0153ur et votre maison.<\/p>\n<div style=\"background: linear-gradient(to right, #DCA54A, #D09A40);color: #FFFFFF;padding: 15px;text-align: center;font-weight: bold;cursor: pointer\">Ajouter au panier maintenant<\/div>","protected":false},"excerpt":{"rendered":"<p style=\"color: #FAF5E5;font-weight: bold\">Transformez votre d\u00e9cor avec <strong>R\u00eaverie de flamants roses<\/strong>, une cr\u00e9ation pop art surr\u00e9aliste disponible en <strong>unique en son genre<\/strong> imprim\u00e9. Fabriqu\u00e9 sur <strong>Papier FineArt Hahnem\u00fchle<\/strong> avec <strong>Encres UltraChrome Pro<\/strong>, il comprend un certificat d&#039;authenticit\u00e9 sign\u00e9.<\/p>","protected":false},"featured_media":1918,"comment_status":"open","ping_status":"closed","template":"","meta":{"_uag_custom_page_level_css":""},"product_brand":[874],"product_cat":[1268,16],"product_tag":[],"class_list":{"0":"post-1919","1":"product","2":"type-product","3":"status-publish","4":"has-post-thumbnail","6":"product_brand-neural-artistry","7":"product_cat-posters-prints-visual-artwork","8":"product_cat-uncategorized","9":"product_shipping_class-chronopost","10":"pa_margins-with","11":"pa_margins-without","12":"pa_orientation-square","13":"pa_size-21-00cmx21-00cm","14":"pa_size-29-70cmx29-70cm","15":"pa_size-32-90cmx32-90cm","16":"pa_size-42-00cmx42-00cm","18":"first","19":"instock","20":"sold-individually","21":"taxable","22":"shipping-taxable","23":"purchasable","24":"product-type-variable","25":"has-default-attributes"},"yoast_head":"<!-- This site is optimized with the Yoast SEO plugin v27.5 - https:\/\/yoast.com\/product\/yoast-seo-wordpress\/ -->\n<title>Flamingo Reverie - Surreal Pop Art by Neural Artistry - Neural Artistry<\/title>\n<meta name=\"robots\" content=\"index, follow, max-snippet:-1, max-image-preview:large, max-video-preview:-1\" \/>\n<link rel=\"canonical\" href=\"https:\/\/www.neural-artistry.com\/fr\/shop\/home-garden\/decor\/artwork\/posters-prints-visual-artwork\/flamingo-reverie-surreal-pop-art-by-neural-artistry\/\" \/>\n<meta property=\"og:locale\" content=\"fr_FR\" \/>\n<meta property=\"og:type\" content=\"article\" \/>\n<meta property=\"og:title\" content=\"Flamingo Reverie - Surreal Pop Art by Neural Artistry - Neural Artistry\" \/>\n<meta property=\"og:description\" content=\"Transform your decor with Flamingo Reverie, a surreal pop art creation available as a one-of-a-kind print. Crafted on Hahnem\u00fchle FineArt paper with UltraChrome Pro inks, it includes a signed Certificate of Authenticity.\" \/>\n<meta property=\"og:url\" content=\"https:\/\/www.neural-artistry.com\/fr\/shop\/home-garden\/decor\/artwork\/posters-prints-visual-artwork\/flamingo-reverie-surreal-pop-art-by-neural-artistry\/\" \/>\n<meta property=\"og:site_name\" content=\"Neural Artistry\" \/>\n<meta property=\"article:modified_time\" content=\"2025-05-06T13:28:18+00:00\" \/>\n<meta property=\"og:image\" content=\"https:\/\/www.neural-artistry.com\/wp-content\/uploads\/2024\/12\/neural-artistry-portfolio-96-scaled-1.jpg\" \/>\n\t<meta property=\"og:image:width\" content=\"2560\" \/>\n\t<meta property=\"og:image:height\" content=\"2560\" \/>\n\t<meta property=\"og:image:type\" content=\"image\/jpeg\" \/>\n<meta name=\"twitter:card\" content=\"summary_large_image\" \/>\n<meta name=\"twitter:label1\" content=\"Dur\u00e9e de lecture estim\u00e9e\" \/>\n\t<meta name=\"twitter:data1\" content=\"2 minutes\" \/>\n<script type=\"application\/ld+json\" class=\"yoast-schema-graph\">{\"@context\":\"https:\\\/\\\/schema.org\",\"@graph\":[{\"@type\":\"WebPage\",\"@id\":\"https:\\\/\\\/www.neural-artistry.com\\\/shop\\\/home-garden\\\/decor\\\/artwork\\\/posters-prints-visual-artwork\\\/flamingo-reverie-surreal-pop-art-by-neural-artistry\\\/\",\"url\":\"https:\\\/\\\/www.neural-artistry.com\\\/shop\\\/home-garden\\\/decor\\\/artwork\\\/posters-prints-visual-artwork\\\/flamingo-reverie-surreal-pop-art-by-neural-artistry\\\/\",\"name\":\"Flamingo Reverie - Surreal Pop Art by Neural Artistry - Neural Artistry\",\"isPartOf\":{\"@id\":\"https:\\\/\\\/www.neural-artistry.com\\\/#website\"},\"primaryImageOfPage\":{\"@id\":\"https:\\\/\\\/www.neural-artistry.com\\\/shop\\\/home-garden\\\/decor\\\/artwork\\\/posters-prints-visual-artwork\\\/flamingo-reverie-surreal-pop-art-by-neural-artistry\\\/#primaryimage\"},\"image\":{\"@id\":\"https:\\\/\\\/www.neural-artistry.com\\\/shop\\\/home-garden\\\/decor\\\/artwork\\\/posters-prints-visual-artwork\\\/flamingo-reverie-surreal-pop-art-by-neural-artistry\\\/#primaryimage\"},\"thumbnailUrl\":\"https:\\\/\\\/www.neural-artistry.com\\\/wp-content\\\/uploads\\\/2024\\\/12\\\/neural-artistry-portfolio-96-scaled-1.jpg\",\"datePublished\":\"2024-12-26T21:51:07+00:00\",\"dateModified\":\"2025-05-06T13:28:18+00:00\",\"breadcrumb\":{\"@id\":\"https:\\\/\\\/www.neural-artistry.com\\\/shop\\\/home-garden\\\/decor\\\/artwork\\\/posters-prints-visual-artwork\\\/flamingo-reverie-surreal-pop-art-by-neural-artistry\\\/#breadcrumb\"},\"inLanguage\":\"fr-FR\",\"potentialAction\":[{\"@type\":\"ReadAction\",\"target\":[\"https:\\\/\\\/www.neural-artistry.com\\\/shop\\\/home-garden\\\/decor\\\/artwork\\\/posters-prints-visual-artwork\\\/flamingo-reverie-surreal-pop-art-by-neural-artistry\\\/\"]}]},{\"@type\":\"ImageObject\",\"inLanguage\":\"fr-FR\",\"@id\":\"https:\\\/\\\/www.neural-artistry.com\\\/shop\\\/home-garden\\\/decor\\\/artwork\\\/posters-prints-visual-artwork\\\/flamingo-reverie-surreal-pop-art-by-neural-artistry\\\/#primaryimage\",\"url\":\"https:\\\/\\\/www.neural-artistry.com\\\/wp-content\\\/uploads\\\/2024\\\/12\\\/neural-artistry-portfolio-96-scaled-1.jpg\",\"contentUrl\":\"https:\\\/\\\/www.neural-artistry.com\\\/wp-content\\\/uploads\\\/2024\\\/12\\\/neural-artistry-portfolio-96-scaled-1.jpg\",\"width\":2560,\"height\":2560},{\"@type\":\"BreadcrumbList\",\"@id\":\"https:\\\/\\\/www.neural-artistry.com\\\/shop\\\/home-garden\\\/decor\\\/artwork\\\/posters-prints-visual-artwork\\\/flamingo-reverie-surreal-pop-art-by-neural-artistry\\\/#breadcrumb\",\"itemListElement\":[{\"@type\":\"ListItem\",\"position\":1,\"name\":\"Home\",\"item\":\"https:\\\/\\\/www.neural-artistry.com\\\/\"},{\"@type\":\"ListItem\",\"position\":2,\"name\":\"Wall Art Prints \u2013 Custom Canvas &amp; Unique Posters\",\"item\":\"https:\\\/\\\/www.neural-artistry.com\\\/\"},{\"@type\":\"ListItem\",\"position\":3,\"name\":\"Flamingo Reverie &#8211; Surreal Pop Art by Neural Artistry\"}]},{\"@type\":\"WebSite\",\"@id\":\"https:\\\/\\\/www.neural-artistry.com\\\/#website\",\"url\":\"https:\\\/\\\/www.neural-artistry.com\\\/\",\"name\":\"Neural Artistry\",\"description\":\"AI Art Posters \u2013 Certified, Premium, Sold Only Once\",\"publisher\":{\"@id\":\"https:\\\/\\\/www.neural-artistry.com\\\/#organization\"},\"potentialAction\":[{\"@type\":\"SearchAction\",\"target\":{\"@type\":\"EntryPoint\",\"urlTemplate\":\"https:\\\/\\\/www.neural-artistry.com\\\/?s={search_term_string}\"},\"query-input\":{\"@type\":\"PropertyValueSpecification\",\"valueRequired\":true,\"valueName\":\"search_term_string\"}}],\"inLanguage\":\"fr-FR\"},{\"@type\":\"Organization\",\"@id\":\"https:\\\/\\\/www.neural-artistry.com\\\/#organization\",\"name\":\"Neural Artistry\",\"url\":\"https:\\\/\\\/www.neural-artistry.com\\\/\",\"logo\":{\"@type\":\"ImageObject\",\"inLanguage\":\"fr-FR\",\"@id\":\"https:\\\/\\\/www.neural-artistry.com\\\/#\\\/schema\\\/logo\\\/image\\\/\",\"url\":\"https:\\\/\\\/www.neural-artistry.com\\\/wp-content\\\/uploads\\\/2025\\\/08\\\/Web-Black-logo-no-background-scaled.webp\",\"contentUrl\":\"https:\\\/\\\/www.neural-artistry.com\\\/wp-content\\\/uploads\\\/2025\\\/08\\\/Web-Black-logo-no-background-scaled.webp\",\"width\":2560,\"height\":976,\"caption\":\"Neural Artistry\"},\"image\":{\"@id\":\"https:\\\/\\\/www.neural-artistry.com\\\/#\\\/schema\\\/logo\\\/image\\\/\"}}]}<\/script>\n<!-- \/ Yoast SEO plugin. -->","yoast_head_json":{"title":"Flamingo Reverie - Surreal Pop Art by Neural Artistry - Neural Artistry","robots":{"index":"index","follow":"follow","max-snippet":"max-snippet:-1","max-image-preview":"max-image-preview:large","max-video-preview":"max-video-preview:-1"},"canonical":"https:\/\/www.neural-artistry.com\/fr\/shop\/home-garden\/decor\/artwork\/posters-prints-visual-artwork\/flamingo-reverie-surreal-pop-art-by-neural-artistry\/","og_locale":"fr_FR","og_type":"article","og_title":"Flamingo Reverie - Surreal Pop Art by Neural Artistry - Neural Artistry","og_description":"Transform your decor with Flamingo Reverie, a surreal pop art creation available as a one-of-a-kind print. Crafted on Hahnem\u00fchle FineArt paper with UltraChrome Pro inks, it includes a signed Certificate of Authenticity.","og_url":"https:\/\/www.neural-artistry.com\/fr\/shop\/home-garden\/decor\/artwork\/posters-prints-visual-artwork\/flamingo-reverie-surreal-pop-art-by-neural-artistry\/","og_site_name":"Neural Artistry","article_modified_time":"2025-05-06T13:28:18+00:00","og_image":[{"width":2560,"height":2560,"url":"https:\/\/www.neural-artistry.com\/wp-content\/uploads\/2024\/12\/neural-artistry-portfolio-96-scaled-1.jpg","type":"image\/jpeg"}],"twitter_card":"summary_large_image","twitter_misc":{"Dur\u00e9e de lecture estim\u00e9e":"2 minutes"},"schema":{"@context":"https:\/\/schema.org","@graph":[{"@type":"WebPage","@id":"https:\/\/www.neural-artistry.com\/shop\/home-garden\/decor\/artwork\/posters-prints-visual-artwork\/flamingo-reverie-surreal-pop-art-by-neural-artistry\/","url":"https:\/\/www.neural-artistry.com\/shop\/home-garden\/decor\/artwork\/posters-prints-visual-artwork\/flamingo-reverie-surreal-pop-art-by-neural-artistry\/","name":"Flamingo Reverie - Surreal Pop Art by Neural Artistry - Neural Artistry","isPartOf":{"@id":"https:\/\/www.neural-artistry.com\/#website"},"primaryImageOfPage":{"@id":"https:\/\/www.neural-artistry.com\/shop\/home-garden\/decor\/artwork\/posters-prints-visual-artwork\/flamingo-reverie-surreal-pop-art-by-neural-artistry\/#primaryimage"},"image":{"@id":"https:\/\/www.neural-artistry.com\/shop\/home-garden\/decor\/artwork\/posters-prints-visual-artwork\/flamingo-reverie-surreal-pop-art-by-neural-artistry\/#primaryimage"},"thumbnailUrl":"https:\/\/www.neural-artistry.com\/wp-content\/uploads\/2024\/12\/neural-artistry-portfolio-96-scaled-1.jpg","datePublished":"2024-12-26T21:51:07+00:00","dateModified":"2025-05-06T13:28:18+00:00","breadcrumb":{"@id":"https:\/\/www.neural-artistry.com\/shop\/home-garden\/decor\/artwork\/posters-prints-visual-artwork\/flamingo-reverie-surreal-pop-art-by-neural-artistry\/#breadcrumb"},"inLanguage":"fr-FR","potentialAction":[{"@type":"ReadAction","target":["https:\/\/www.neural-artistry.com\/shop\/home-garden\/decor\/artwork\/posters-prints-visual-artwork\/flamingo-reverie-surreal-pop-art-by-neural-artistry\/"]}]},{"@type":"ImageObject","inLanguage":"fr-FR","@id":"https:\/\/www.neural-artistry.com\/shop\/home-garden\/decor\/artwork\/posters-prints-visual-artwork\/flamingo-reverie-surreal-pop-art-by-neural-artistry\/#primaryimage","url":"https:\/\/www.neural-artistry.com\/wp-content\/uploads\/2024\/12\/neural-artistry-portfolio-96-scaled-1.jpg","contentUrl":"https:\/\/www.neural-artistry.com\/wp-content\/uploads\/2024\/12\/neural-artistry-portfolio-96-scaled-1.jpg","width":2560,"height":2560},{"@type":"BreadcrumbList","@id":"https:\/\/www.neural-artistry.com\/shop\/home-garden\/decor\/artwork\/posters-prints-visual-artwork\/flamingo-reverie-surreal-pop-art-by-neural-artistry\/#breadcrumb","itemListElement":[{"@type":"ListItem","position":1,"name":"Home","item":"https:\/\/www.neural-artistry.com\/"},{"@type":"ListItem","position":2,"name":"Wall Art Prints \u2013 Custom Canvas &amp; Unique Posters","item":"https:\/\/www.neural-artistry.com\/"},{"@type":"ListItem","position":3,"name":"Flamingo Reverie &#8211; Surreal Pop Art by Neural Artistry"}]},{"@type":"WebSite","@id":"https:\/\/www.neural-artistry.com\/#website","url":"https:\/\/www.neural-artistry.com\/","name":"Neural Artistry","description":"Affiches d&#039;art IA \u2013 Certifi\u00e9es, premium, vendues une seule fois","publisher":{"@id":"https:\/\/www.neural-artistry.com\/#organization"},"potentialAction":[{"@type":"SearchAction","target":{"@type":"EntryPoint","urlTemplate":"https:\/\/www.neural-artistry.com\/?s={search_term_string}"},"query-input":{"@type":"PropertyValueSpecification","valueRequired":true,"valueName":"search_term_string"}}],"inLanguage":"fr-FR"},{"@type":"Organization","@id":"https:\/\/www.neural-artistry.com\/#organization","name":"Neural Artistry","url":"https:\/\/www.neural-artistry.com\/","logo":{"@type":"ImageObject","inLanguage":"fr-FR","@id":"https:\/\/www.neural-artistry.com\/#\/schema\/logo\/image\/","url":"https:\/\/www.neural-artistry.com\/wp-content\/uploads\/2025\/08\/Web-Black-logo-no-background-scaled.webp","contentUrl":"https:\/\/www.neural-artistry.com\/wp-content\/uploads\/2025\/08\/Web-Black-logo-no-background-scaled.webp","width":2560,"height":976,"caption":"Neural Artistry"},"image":{"@id":"https:\/\/www.neural-artistry.com\/#\/schema\/logo\/image\/"}}]}},"uagb_featured_image_src":{"full":["https:\/\/www.neural-artistry.com\/wp-content\/uploads\/2024\/12\/neural-artistry-portfolio-96-scaled-1.jpg",2560,2560,false],"thumbnail":["https:\/\/www.neural-artistry.com\/wp-content\/uploads\/2024\/12\/neural-artistry-portfolio-96-scaled-1-150x150.jpg",150,150,true],"medium":["https:\/\/www.neural-artistry.com\/wp-content\/uploads\/2024\/12\/neural-artistry-portfolio-96-scaled-1-300x300.jpg",300,300,true],"medium_large":["https:\/\/www.neural-artistry.com\/wp-content\/uploads\/2024\/12\/neural-artistry-portfolio-96-scaled-1-768x768.jpg",768,768,true],"large":["https:\/\/www.neural-artistry.com\/wp-content\/uploads\/2024\/12\/neural-artistry-portfolio-96-scaled-1-1024x1024.jpg",1024,1024,true],"1536x1536":["https:\/\/www.neural-artistry.com\/wp-content\/uploads\/2024\/12\/neural-artistry-portfolio-96-scaled-1-1536x1536.jpg",1536,1536,true],"2048x2048":["https:\/\/www.neural-artistry.com\/wp-content\/uploads\/2024\/12\/neural-artistry-portfolio-96-scaled-1-2048x2048.jpg",2048,2048,true],"trp-custom-language-flag":["https:\/\/www.neural-artistry.com\/wp-content\/uploads\/2024\/12\/neural-artistry-portfolio-96-scaled-1-12x12.jpg",12,12,true],"woocommerce_thumbnail":["https:\/\/www.neural-artistry.com\/wp-content\/uploads\/2024\/12\/neural-artistry-portfolio-96-scaled-1-450x450.jpg",450,450,true],"woocommerce_single":["https:\/\/www.neural-artistry.com\/wp-content\/uploads\/2024\/12\/neural-artistry-portfolio-96-scaled-1-600x600.jpg",600,600,true],"woocommerce_gallery_thumbnail":["https:\/\/www.neural-artistry.com\/wp-content\/uploads\/2024\/12\/neural-artistry-portfolio-96-scaled-1-100x100.jpg",100,100,true]},"uagb_author_info":{"display_name":"flake","author_link":"https:\/\/www.neural-artistry.com\/fr\/author\/"},"uagb_comment_info":0,"uagb_excerpt":"Transform your decor with Flamingo Reverie, a surreal pop art creation available as a one-of-a-kind print. Crafted on Hahnem\u00fchle FineArt paper with UltraChrome Pro inks, it includes a signed Certificate of Authenticity.","_links":{"self":[{"href":"https:\/\/www.neural-artistry.com\/fr\/wp-json\/wp\/v2\/product\/1919","targetHints":{"allow":["GET"]}}],"collection":[{"href":"https:\/\/www.neural-artistry.com\/fr\/wp-json\/wp\/v2\/product"}],"about":[{"href":"https:\/\/www.neural-artistry.com\/fr\/wp-json\/wp\/v2\/types\/product"}],"replies":[{"embeddable":true,"href":"https:\/\/www.neural-artistry.com\/fr\/wp-json\/wp\/v2\/comments?post=1919"}],"wp:featuredmedia":[{"embeddable":true,"href":"https:\/\/www.neural-artistry.com\/fr\/wp-json\/wp\/v2\/media\/1918"}],"wp:attachment":[{"href":"https:\/\/www.neural-artistry.com\/fr\/wp-json\/wp\/v2\/media?parent=1919"}],"wp:term":[{"taxonomy":"product_brand","embeddable":true,"href":"https:\/\/www.neural-artistry.com\/fr\/wp-json\/wp\/v2\/product_brand?post=1919"},{"taxonomy":"product_cat","embeddable":true,"href":"https:\/\/www.neural-artistry.com\/fr\/wp-json\/wp\/v2\/product_cat?post=1919"},{"taxonomy":"product_tag","embeddable":true,"href":"https:\/\/www.neural-artistry.com\/fr\/wp-json\/wp\/v2\/product_tag?post=1919"}],"curies":[{"name":"wp","href":"https:\/\/api.w.org\/{rel}","templated":true}]}}