{"id":1933,"date":"2024-12-26T21:53:07","date_gmt":"2024-12-26T21:53:07","guid":{"rendered":"https:\/\/www.neural-artistry.com\/?post_type=product&#038;p=1933"},"modified":"2025-08-21T16:13:01","modified_gmt":"2025-08-21T16:13:01","slug":"chromatic-passage-surreal-digital-expressionism-by-neural-artistry","status":"publish","type":"product","link":"https:\/\/www.neural-artistry.com\/fr\/shop\/home-garden\/decor\/artwork\/posters-prints-visual-artwork\/chromatic-passage-surreal-digital-expressionism-by-neural-artistry\/","title":{"rendered":"Passage Chromatique \u2013 Expressionnisme num\u00e9rique surr\u00e9aliste par Neural Artistry"},"content":{"rendered":"<h3 style=\"color: #DCA54A;text-transform: uppercase;font-weight: bold\">Chromatic Passage \u2013 Un chef-d\u2019\u0153uvre d\u2019expressionnisme num\u00e9rique surr\u00e9aliste<\/h3>\n<p style=\"color: #FAF5E5\">Entrez dans un monde o\u00f9 les limites de la r\u00e9alit\u00e9 se dissolvent dans les possibilit\u00e9s illimit\u00e9es de l\u2019imagination. <em>\u00ab Passage chromatique \u2013 Expressionnisme num\u00e9rique surr\u00e9aliste par Neural Artistry \u00bb<\/em> n&#039;est pas seulement une \u0153uvre d&#039;art, c&#039;est une invitation \u00e0 explorer les royaumes inexplor\u00e9s de la cr\u00e9ativit\u00e9 et de l&#039;\u00e9motion. Lorsque j&#039;ai rencontr\u00e9 pour la premi\u00e8re fois l&#039;astre jaune rayonnant au c\u0153ur de ce paysage surr\u00e9aliste, sa lueur semblait se r\u00e9pandre sur un canyon en cascade de roses \u00e9th\u00e9r\u00e9s, d&#039;oranges ardents et de noirs velout\u00e9s. Une silhouette solitaire au loin m&#039;a fait signe de r\u00e9fl\u00e9chir \u00e0 ma place dans cette \u00e9tendue onirique, laissant une impression ind\u00e9l\u00e9bile d&#039;introspection et d&#039;\u00e9merveillement.<\/p>\n<p style=\"color: #FAF5E5\">R\u00e9alis\u00e9e avec une attention sans pr\u00e9c\u00e9dent aux d\u00e9tails, cette peinture num\u00e9rique horizontale fusionne magistralement le surr\u00e9alisme avec un expressionnisme audacieux et vibrant. L&#039;interaction dynamique des textures et des couleurs raconte une histoire qui r\u00e9sonne profond\u00e9ment, ce qui en fait un ajout fascinant \u00e0 tout espace qui exige \u00e0 la fois sophistication et inspiration. Que vous soyez un collectionneur d&#039;art ou simplement quelqu&#039;un qui appr\u00e9cie la beaut\u00e9 profonde de l&#039;inconnu, <em>\u00ab Passage chromatique \u00bb<\/em> promet de captiver et de transformer.<\/p>\n<h4 style=\"color: #D09A40;text-transform: uppercase\">Tailles et finitions disponibles<\/h4>\n<p style=\"color: #FAF5E5\">Cette affiche imprim\u00e9e haut de gamme est disponible dans des tailles soigneusement s\u00e9lectionn\u00e9es pour s&#039;adapter \u00e0 votre espace :<\/p>\n<ul>\n<li style=\"color: #FAF5E5;font-weight: bold\"> 21,00 cm x 12,51 cm<\/li>\n<li style=\"color: #FAF5E5;font-weight: bold\"> 29,70 cm x 17,69 cm<\/li>\n<li style=\"color: #FAF5E5;font-weight: bold\"> 32,90 cm x 19,59 cm<\/li>\n<li style=\"color: #FAF5E5;font-weight: bold\"> 42,00 cm x 25,01 cm<\/li>\n<\/ul>\n<p style=\"color: #FAF5E5\">Choisissez parmi un luxueux <strong>Mat<\/strong> ou \u00e9l\u00e9gant <strong>Brillant<\/strong> Finition sans bordure, avec un design sans bordure qui s&#039;int\u00e8gre parfaitement \u00e0 votre d\u00e9cor. Chaque impression est pr\u00eate \u00e0 faire une d\u00e9claration, qu&#039;elle soit affich\u00e9e sans cadre pour un look moderne ou \u00e9l\u00e9gamment encadr\u00e9e pour une esth\u00e9tique intemporelle.<\/p>\n<h4 style=\"color: #D09A40;text-transform: uppercase\">Artisanat exquis et mat\u00e9riaux de premi\u00e8re qualit\u00e9<\/h4>\n<p style=\"color: #FAF5E5\">Chaque <em>\u00ab Passage chromatique \u00bb<\/em> l&#039;affiche est imprim\u00e9e sur du papier de qualit\u00e9 mus\u00e9e <strong>Papier FineArt Hahnem\u00fchle<\/strong> en utilisant les technologies de pointe <strong>Encres UltraChrome Pro<\/strong>. Cette combinaison assure :<\/p>\n<ul>\n<li style=\"color: #FAF5E5;font-weight: bold\"> Couleurs vives et r\u00e9alistes<\/li>\n<li style=\"color: #FAF5E5;font-weight: bold\"> R\u00e9sistance exceptionnelle \u00e0 la d\u00e9coloration pour une durabilit\u00e9 archivistique<\/li>\n<li style=\"color: #FAF5E5;font-weight: bold\"> Une texture tactile et luxueuse qui rehausse l&#039;\u0153uvre d&#039;art<\/li>\n<\/ul>\n<p style=\"color: #FAF5E5\">Soigneusement con\u00e7ue pour r\u00e9pondre aux normes les plus \u00e9lev\u00e9es, cette impression offre une exp\u00e9rience visuelle \u00e0 couper le souffle qui dure toute une vie.<\/p>\n<h4 style=\"color: #D09A40;text-transform: uppercase\">Certificat d&#039;authenticit\u00e9 exclusif<\/h4>\n<p style=\"color: #FAF5E5\">C&#039;est plus qu&#039;une simple affiche, c&#039;est une <strong>cr\u00e9ation unique en son genre<\/strong>. Une fois vendu, <em>\u00ab Passage chromatique \u00bb<\/em> ne sera jamais reproduit, garantissant ainsi son exclusivit\u00e9. Chaque tirage est accompagn\u00e9 d&#039;un <strong>Certificat d&#039;authenticit\u00e9 sign\u00e9<\/strong>, ce qui en fait un v\u00e9ritable objet de collection pour les amateurs d&#039;art et les aficionados de la d\u00e9coration moderne.<\/p>\n<h4 style=\"color: #D09A40;text-transform: uppercase\">Parfait pour n&#039;importe quel espace ou occasion<\/h4>\n<p style=\"color: #FAF5E5\">Transformez votre maison ou votre bureau en un sanctuaire de cr\u00e9ativit\u00e9 et d&#039;introspection. Cette pi\u00e8ce remarquable est id\u00e9ale pour :<\/p>\n<ul>\n<li style=\"color: #FAF5E5;font-weight: bold\"> D\u00e9coration murale \u00e9l\u00e9gante pour les salons<\/li>\n<li style=\"color: #FAF5E5;font-weight: bold\"> D\u00e9coration inspirante pour les bureaux \u00e0 domicile<\/li>\n<li style=\"color: #FAF5E5;font-weight: bold\"> Points focaux uniques pour les configurations de jeu<\/li>\n<li style=\"color: #FAF5E5;font-weight: bold\"> Des cadeaux attentionn\u00e9s et uniques pour les amateurs d&#039;art<\/li>\n<\/ul>\n<p style=\"color: #FAF5E5\">Que vous r\u00e9imaginiez votre espace personnel ou que vous choisissiez un cadeau significatif, <em>\u00ab Passage chromatique \u00bb<\/em> offre un m\u00e9lange intemporel d&#039;imagination audacieuse et d&#039;art \u00e9l\u00e9gant.<\/p>\n<h4 style=\"color: #D09A40;text-transform: uppercase\">Poss\u00e9dez ce chef-d&#039;\u0153uvre unique en son genre<\/h4>\n<p style=\"color: #FAF5E5\">Ne manquez pas votre opportunit\u00e9 de poss\u00e9der cette \u0153uvre d\u2019art exclusive. <em>\u00ab Passage chromatique \u00bb<\/em> est plus qu&#039;une affiche imprim\u00e9e : c&#039;est un voyage \u00e9motionnel, une c\u00e9l\u00e9bration de la cr\u00e9ativit\u00e9 et un t\u00e9moignage de la beaut\u00e9 du surr\u00e9alisme. Rehaussez votre espace avec ses couleurs vives, ses textures oniriques et ses th\u00e8mes introspectifs.<\/p>\n<div style=\"background: linear-gradient(90deg, #DCA54A, #D09A40);text-align: center;padding: 10px;margin-top: 20px\">\n  <a style=\"color: #FFFFFF;text-decoration: none;font-weight: bold;font-size: 16px\" href=\"#\">Commandez maintenant et transformez votre espace <\/a>\n<\/div>","protected":false},"excerpt":{"rendered":"<p style=\"color: #FAF5E5;font-weight: bold\">D\u00e9couvrez l&#039;\u00e9clat surr\u00e9aliste de <strong>\u00ab Passage chromatique \u00bb<\/strong>, un <strong>exclusif, unique en son genre<\/strong> chef-d&#039;\u0153uvre num\u00e9rique. Imprim\u00e9 sur du papier premium <strong>Papier FineArt Hahnem\u00fchle<\/strong> avec <strong>Encres UltraChrome Pro<\/strong>, c&#039;est sign\u00e9 et <strong>certifi\u00e9 pour l&#039;authenticit\u00e9<\/strong>.<\/p>","protected":false},"featured_media":1932,"comment_status":"open","ping_status":"closed","template":"","meta":{"_uag_custom_page_level_css":""},"product_brand":[874],"product_cat":[724,734,728,722,1268,731],"product_tag":[],"class_list":{"0":"post-1933","1":"product","2":"type-product","3":"status-publish","4":"has-post-thumbnail","6":"product_brand-neural-artistry","7":"product_cat-abstract-forms","8":"product_cat-dreamscapes","9":"product_cat-fantasy-worlds","10":"product_cat-landscape","11":"product_cat-posters-prints-visual-artwork","12":"product_cat-surrealism","13":"product_shipping_class-chronopost","14":"pa_finish-type-glossy-finish","15":"pa_finish-type-matte-finish","16":"pa_margins-with","17":"pa_margins-without","18":"pa_medium-technique-digital-painting","19":"pa_medium-technique-mixed-media-digital","20":"pa_medium-technique-photomanipulation","21":"pa_mood-ambiance-dreamy","22":"pa_mood-ambiance-mystical","23":"pa_mood-ambiance-otherworldly","24":"pa_mood-ambiance-surreal","25":"pa_mood-ambiance-vibrant","26":"pa_orientation-horizontal","27":"pa_size-21-00cmx12-51cm","28":"pa_size-29-70cmx17-69cm","29":"pa_size-32-90cmx19-59cm","30":"pa_size-42-00cmx25-01cm","31":"pa_style-movement-concept-art","32":"pa_style-movement-fantasy","33":"pa_style-movement-surrealism","35":"first","36":"instock","37":"sold-individually","38":"taxable","39":"shipping-taxable","40":"purchasable","41":"product-type-variable","42":"has-default-attributes"},"yoast_head":"<!-- This site is optimized with the Yoast SEO plugin v27.5 - https:\/\/yoast.com\/product\/yoast-seo-wordpress\/ -->\n<title>Chromatic Passage - Surreal Digital Expressionism by Neural Artistry - Neural Artistry<\/title>\n<meta name=\"robots\" content=\"index, follow, max-snippet:-1, max-image-preview:large, max-video-preview:-1\" \/>\n<link rel=\"canonical\" href=\"https:\/\/www.neural-artistry.com\/fr\/shop\/home-garden\/decor\/artwork\/posters-prints-visual-artwork\/chromatic-passage-surreal-digital-expressionism-by-neural-artistry\/\" \/>\n<meta property=\"og:locale\" content=\"fr_FR\" \/>\n<meta property=\"og:type\" content=\"article\" \/>\n<meta property=\"og:title\" content=\"Chromatic Passage - Surreal Digital Expressionism by Neural Artistry - Neural Artistry\" \/>\n<meta property=\"og:description\" content=\"Experience the surreal brilliance of \u201cChromatic Passage\u201d, an exclusive, one-of-a-kind digital masterpiece. Printed on premium Hahnem\u00fchle FineArt paper with UltraChrome Pro inks, it\u2019s signed and certified for authenticity.\" \/>\n<meta property=\"og:url\" content=\"https:\/\/www.neural-artistry.com\/fr\/shop\/home-garden\/decor\/artwork\/posters-prints-visual-artwork\/chromatic-passage-surreal-digital-expressionism-by-neural-artistry\/\" \/>\n<meta property=\"og:site_name\" content=\"Neural Artistry\" \/>\n<meta property=\"article:modified_time\" content=\"2025-08-21T16:13:01+00:00\" \/>\n<meta property=\"og:image\" content=\"https:\/\/www.neural-artistry.com\/wp-content\/uploads\/2024\/12\/neural-artistry-portfolio-89-scaled-1.jpg\" \/>\n\t<meta property=\"og:image:width\" content=\"2560\" \/>\n\t<meta property=\"og:image:height\" content=\"1525\" \/>\n\t<meta property=\"og:image:type\" content=\"image\/jpeg\" \/>\n<meta name=\"twitter:card\" content=\"summary_large_image\" \/>\n<meta name=\"twitter:label1\" content=\"Dur\u00e9e de lecture estim\u00e9e\" \/>\n\t<meta name=\"twitter:data1\" content=\"2 minutes\" \/>\n<script type=\"application\/ld+json\" class=\"yoast-schema-graph\">{\"@context\":\"https:\\\/\\\/schema.org\",\"@graph\":[{\"@type\":\"WebPage\",\"@id\":\"https:\\\/\\\/www.neural-artistry.com\\\/shop\\\/home-garden\\\/decor\\\/artwork\\\/posters-prints-visual-artwork\\\/chromatic-passage-surreal-digital-expressionism-by-neural-artistry\\\/\",\"url\":\"https:\\\/\\\/www.neural-artistry.com\\\/shop\\\/home-garden\\\/decor\\\/artwork\\\/posters-prints-visual-artwork\\\/chromatic-passage-surreal-digital-expressionism-by-neural-artistry\\\/\",\"name\":\"Chromatic Passage - Surreal Digital Expressionism by Neural Artistry - Neural Artistry\",\"isPartOf\":{\"@id\":\"https:\\\/\\\/www.neural-artistry.com\\\/#website\"},\"primaryImageOfPage\":{\"@id\":\"https:\\\/\\\/www.neural-artistry.com\\\/shop\\\/home-garden\\\/decor\\\/artwork\\\/posters-prints-visual-artwork\\\/chromatic-passage-surreal-digital-expressionism-by-neural-artistry\\\/#primaryimage\"},\"image\":{\"@id\":\"https:\\\/\\\/www.neural-artistry.com\\\/shop\\\/home-garden\\\/decor\\\/artwork\\\/posters-prints-visual-artwork\\\/chromatic-passage-surreal-digital-expressionism-by-neural-artistry\\\/#primaryimage\"},\"thumbnailUrl\":\"https:\\\/\\\/www.neural-artistry.com\\\/wp-content\\\/uploads\\\/2024\\\/12\\\/neural-artistry-portfolio-89-scaled-1.jpg\",\"datePublished\":\"2024-12-26T21:53:07+00:00\",\"dateModified\":\"2025-08-21T16:13:01+00:00\",\"breadcrumb\":{\"@id\":\"https:\\\/\\\/www.neural-artistry.com\\\/shop\\\/home-garden\\\/decor\\\/artwork\\\/posters-prints-visual-artwork\\\/chromatic-passage-surreal-digital-expressionism-by-neural-artistry\\\/#breadcrumb\"},\"inLanguage\":\"fr-FR\",\"potentialAction\":[{\"@type\":\"ReadAction\",\"target\":[\"https:\\\/\\\/www.neural-artistry.com\\\/shop\\\/home-garden\\\/decor\\\/artwork\\\/posters-prints-visual-artwork\\\/chromatic-passage-surreal-digital-expressionism-by-neural-artistry\\\/\"]}]},{\"@type\":\"ImageObject\",\"inLanguage\":\"fr-FR\",\"@id\":\"https:\\\/\\\/www.neural-artistry.com\\\/shop\\\/home-garden\\\/decor\\\/artwork\\\/posters-prints-visual-artwork\\\/chromatic-passage-surreal-digital-expressionism-by-neural-artistry\\\/#primaryimage\",\"url\":\"https:\\\/\\\/www.neural-artistry.com\\\/wp-content\\\/uploads\\\/2024\\\/12\\\/neural-artistry-portfolio-89-scaled-1.jpg\",\"contentUrl\":\"https:\\\/\\\/www.neural-artistry.com\\\/wp-content\\\/uploads\\\/2024\\\/12\\\/neural-artistry-portfolio-89-scaled-1.jpg\",\"width\":2560,\"height\":1525},{\"@type\":\"BreadcrumbList\",\"@id\":\"https:\\\/\\\/www.neural-artistry.com\\\/shop\\\/home-garden\\\/decor\\\/artwork\\\/posters-prints-visual-artwork\\\/chromatic-passage-surreal-digital-expressionism-by-neural-artistry\\\/#breadcrumb\",\"itemListElement\":[{\"@type\":\"ListItem\",\"position\":1,\"name\":\"Home\",\"item\":\"https:\\\/\\\/www.neural-artistry.com\\\/\"},{\"@type\":\"ListItem\",\"position\":2,\"name\":\"Wall Art Prints \u2013 Custom Canvas &amp; Unique Posters\",\"item\":\"https:\\\/\\\/www.neural-artistry.com\\\/\"},{\"@type\":\"ListItem\",\"position\":3,\"name\":\"Chromatic Passage &#8211; Surreal Digital Expressionism by Neural Artistry\"}]},{\"@type\":\"WebSite\",\"@id\":\"https:\\\/\\\/www.neural-artistry.com\\\/#website\",\"url\":\"https:\\\/\\\/www.neural-artistry.com\\\/\",\"name\":\"Neural Artistry\",\"description\":\"AI Art Posters \u2013 Certified, Premium, Sold Only Once\",\"publisher\":{\"@id\":\"https:\\\/\\\/www.neural-artistry.com\\\/#organization\"},\"potentialAction\":[{\"@type\":\"SearchAction\",\"target\":{\"@type\":\"EntryPoint\",\"urlTemplate\":\"https:\\\/\\\/www.neural-artistry.com\\\/?s={search_term_string}\"},\"query-input\":{\"@type\":\"PropertyValueSpecification\",\"valueRequired\":true,\"valueName\":\"search_term_string\"}}],\"inLanguage\":\"fr-FR\"},{\"@type\":\"Organization\",\"@id\":\"https:\\\/\\\/www.neural-artistry.com\\\/#organization\",\"name\":\"Neural Artistry\",\"url\":\"https:\\\/\\\/www.neural-artistry.com\\\/\",\"logo\":{\"@type\":\"ImageObject\",\"inLanguage\":\"fr-FR\",\"@id\":\"https:\\\/\\\/www.neural-artistry.com\\\/#\\\/schema\\\/logo\\\/image\\\/\",\"url\":\"https:\\\/\\\/www.neural-artistry.com\\\/wp-content\\\/uploads\\\/2025\\\/08\\\/Web-Black-logo-no-background-scaled.webp\",\"contentUrl\":\"https:\\\/\\\/www.neural-artistry.com\\\/wp-content\\\/uploads\\\/2025\\\/08\\\/Web-Black-logo-no-background-scaled.webp\",\"width\":2560,\"height\":976,\"caption\":\"Neural Artistry\"},\"image\":{\"@id\":\"https:\\\/\\\/www.neural-artistry.com\\\/#\\\/schema\\\/logo\\\/image\\\/\"}}]}<\/script>\n<!-- \/ Yoast SEO plugin. -->","yoast_head_json":{"title":"Chromatic Passage - Surreal Digital Expressionism by Neural Artistry - Neural Artistry","robots":{"index":"index","follow":"follow","max-snippet":"max-snippet:-1","max-image-preview":"max-image-preview:large","max-video-preview":"max-video-preview:-1"},"canonical":"https:\/\/www.neural-artistry.com\/fr\/shop\/home-garden\/decor\/artwork\/posters-prints-visual-artwork\/chromatic-passage-surreal-digital-expressionism-by-neural-artistry\/","og_locale":"fr_FR","og_type":"article","og_title":"Chromatic Passage - Surreal Digital Expressionism by Neural Artistry - Neural Artistry","og_description":"Experience the surreal brilliance of \u201cChromatic Passage\u201d, an exclusive, one-of-a-kind digital masterpiece. Printed on premium Hahnem\u00fchle FineArt paper with UltraChrome Pro inks, it\u2019s signed and certified for authenticity.","og_url":"https:\/\/www.neural-artistry.com\/fr\/shop\/home-garden\/decor\/artwork\/posters-prints-visual-artwork\/chromatic-passage-surreal-digital-expressionism-by-neural-artistry\/","og_site_name":"Neural Artistry","article_modified_time":"2025-08-21T16:13:01+00:00","og_image":[{"width":2560,"height":1525,"url":"https:\/\/www.neural-artistry.com\/wp-content\/uploads\/2024\/12\/neural-artistry-portfolio-89-scaled-1.jpg","type":"image\/jpeg"}],"twitter_card":"summary_large_image","twitter_misc":{"Dur\u00e9e de lecture estim\u00e9e":"2 minutes"},"schema":{"@context":"https:\/\/schema.org","@graph":[{"@type":"WebPage","@id":"https:\/\/www.neural-artistry.com\/shop\/home-garden\/decor\/artwork\/posters-prints-visual-artwork\/chromatic-passage-surreal-digital-expressionism-by-neural-artistry\/","url":"https:\/\/www.neural-artistry.com\/shop\/home-garden\/decor\/artwork\/posters-prints-visual-artwork\/chromatic-passage-surreal-digital-expressionism-by-neural-artistry\/","name":"Chromatic Passage - Surreal Digital Expressionism by Neural Artistry - Neural Artistry","isPartOf":{"@id":"https:\/\/www.neural-artistry.com\/#website"},"primaryImageOfPage":{"@id":"https:\/\/www.neural-artistry.com\/shop\/home-garden\/decor\/artwork\/posters-prints-visual-artwork\/chromatic-passage-surreal-digital-expressionism-by-neural-artistry\/#primaryimage"},"image":{"@id":"https:\/\/www.neural-artistry.com\/shop\/home-garden\/decor\/artwork\/posters-prints-visual-artwork\/chromatic-passage-surreal-digital-expressionism-by-neural-artistry\/#primaryimage"},"thumbnailUrl":"https:\/\/www.neural-artistry.com\/wp-content\/uploads\/2024\/12\/neural-artistry-portfolio-89-scaled-1.jpg","datePublished":"2024-12-26T21:53:07+00:00","dateModified":"2025-08-21T16:13:01+00:00","breadcrumb":{"@id":"https:\/\/www.neural-artistry.com\/shop\/home-garden\/decor\/artwork\/posters-prints-visual-artwork\/chromatic-passage-surreal-digital-expressionism-by-neural-artistry\/#breadcrumb"},"inLanguage":"fr-FR","potentialAction":[{"@type":"ReadAction","target":["https:\/\/www.neural-artistry.com\/shop\/home-garden\/decor\/artwork\/posters-prints-visual-artwork\/chromatic-passage-surreal-digital-expressionism-by-neural-artistry\/"]}]},{"@type":"ImageObject","inLanguage":"fr-FR","@id":"https:\/\/www.neural-artistry.com\/shop\/home-garden\/decor\/artwork\/posters-prints-visual-artwork\/chromatic-passage-surreal-digital-expressionism-by-neural-artistry\/#primaryimage","url":"https:\/\/www.neural-artistry.com\/wp-content\/uploads\/2024\/12\/neural-artistry-portfolio-89-scaled-1.jpg","contentUrl":"https:\/\/www.neural-artistry.com\/wp-content\/uploads\/2024\/12\/neural-artistry-portfolio-89-scaled-1.jpg","width":2560,"height":1525},{"@type":"BreadcrumbList","@id":"https:\/\/www.neural-artistry.com\/shop\/home-garden\/decor\/artwork\/posters-prints-visual-artwork\/chromatic-passage-surreal-digital-expressionism-by-neural-artistry\/#breadcrumb","itemListElement":[{"@type":"ListItem","position":1,"name":"Home","item":"https:\/\/www.neural-artistry.com\/"},{"@type":"ListItem","position":2,"name":"Wall Art Prints \u2013 Custom Canvas &amp; Unique Posters","item":"https:\/\/www.neural-artistry.com\/"},{"@type":"ListItem","position":3,"name":"Chromatic Passage &#8211; Surreal Digital Expressionism by Neural Artistry"}]},{"@type":"WebSite","@id":"https:\/\/www.neural-artistry.com\/#website","url":"https:\/\/www.neural-artistry.com\/","name":"Neural Artistry","description":"Affiches d&#039;art IA \u2013 Certifi\u00e9es, premium, vendues une seule fois","publisher":{"@id":"https:\/\/www.neural-artistry.com\/#organization"},"potentialAction":[{"@type":"SearchAction","target":{"@type":"EntryPoint","urlTemplate":"https:\/\/www.neural-artistry.com\/?s={search_term_string}"},"query-input":{"@type":"PropertyValueSpecification","valueRequired":true,"valueName":"search_term_string"}}],"inLanguage":"fr-FR"},{"@type":"Organization","@id":"https:\/\/www.neural-artistry.com\/#organization","name":"Neural Artistry","url":"https:\/\/www.neural-artistry.com\/","logo":{"@type":"ImageObject","inLanguage":"fr-FR","@id":"https:\/\/www.neural-artistry.com\/#\/schema\/logo\/image\/","url":"https:\/\/www.neural-artistry.com\/wp-content\/uploads\/2025\/08\/Web-Black-logo-no-background-scaled.webp","contentUrl":"https:\/\/www.neural-artistry.com\/wp-content\/uploads\/2025\/08\/Web-Black-logo-no-background-scaled.webp","width":2560,"height":976,"caption":"Neural Artistry"},"image":{"@id":"https:\/\/www.neural-artistry.com\/#\/schema\/logo\/image\/"}}]}},"uagb_featured_image_src":{"full":["https:\/\/www.neural-artistry.com\/wp-content\/uploads\/2024\/12\/neural-artistry-portfolio-89-scaled-1.jpg",2560,1525,false],"thumbnail":["https:\/\/www.neural-artistry.com\/wp-content\/uploads\/2024\/12\/neural-artistry-portfolio-89-scaled-1-150x150.jpg",150,150,true],"medium":["https:\/\/www.neural-artistry.com\/wp-content\/uploads\/2024\/12\/neural-artistry-portfolio-89-scaled-1-300x179.jpg",300,179,true],"medium_large":["https:\/\/www.neural-artistry.com\/wp-content\/uploads\/2024\/12\/neural-artistry-portfolio-89-scaled-1-768x458.jpg",768,458,true],"large":["https:\/\/www.neural-artistry.com\/wp-content\/uploads\/2024\/12\/neural-artistry-portfolio-89-scaled-1-1024x610.jpg",1024,610,true],"1536x1536":["https:\/\/www.neural-artistry.com\/wp-content\/uploads\/2024\/12\/neural-artistry-portfolio-89-scaled-1-1536x915.jpg",1536,915,true],"2048x2048":["https:\/\/www.neural-artistry.com\/wp-content\/uploads\/2024\/12\/neural-artistry-portfolio-89-scaled-1-2048x1220.jpg",2048,1220,true],"trp-custom-language-flag":["https:\/\/www.neural-artistry.com\/wp-content\/uploads\/2024\/12\/neural-artistry-portfolio-89-scaled-1-18x12.jpg",18,12,true],"woocommerce_thumbnail":["https:\/\/www.neural-artistry.com\/wp-content\/uploads\/2024\/12\/neural-artistry-portfolio-89-scaled-1-450x450.jpg",450,450,true],"woocommerce_single":["https:\/\/www.neural-artistry.com\/wp-content\/uploads\/2024\/12\/neural-artistry-portfolio-89-scaled-1-600x357.jpg",600,357,true],"woocommerce_gallery_thumbnail":["https:\/\/www.neural-artistry.com\/wp-content\/uploads\/2024\/12\/neural-artistry-portfolio-89-scaled-1-100x100.jpg",100,100,true]},"uagb_author_info":{"display_name":"flake","author_link":"https:\/\/www.neural-artistry.com\/fr\/author\/"},"uagb_comment_info":0,"uagb_excerpt":"Experience the surreal brilliance of \u201cChromatic Passage\u201d, an exclusive, one-of-a-kind digital masterpiece. Printed on premium Hahnem\u00fchle FineArt paper with UltraChrome Pro inks, it\u2019s signed and certified for authenticity.","_links":{"self":[{"href":"https:\/\/www.neural-artistry.com\/fr\/wp-json\/wp\/v2\/product\/1933","targetHints":{"allow":["GET"]}}],"collection":[{"href":"https:\/\/www.neural-artistry.com\/fr\/wp-json\/wp\/v2\/product"}],"about":[{"href":"https:\/\/www.neural-artistry.com\/fr\/wp-json\/wp\/v2\/types\/product"}],"replies":[{"embeddable":true,"href":"https:\/\/www.neural-artistry.com\/fr\/wp-json\/wp\/v2\/comments?post=1933"}],"wp:featuredmedia":[{"embeddable":true,"href":"https:\/\/www.neural-artistry.com\/fr\/wp-json\/wp\/v2\/media\/1932"}],"wp:attachment":[{"href":"https:\/\/www.neural-artistry.com\/fr\/wp-json\/wp\/v2\/media?parent=1933"}],"wp:term":[{"taxonomy":"product_brand","embeddable":true,"href":"https:\/\/www.neural-artistry.com\/fr\/wp-json\/wp\/v2\/product_brand?post=1933"},{"taxonomy":"product_cat","embeddable":true,"href":"https:\/\/www.neural-artistry.com\/fr\/wp-json\/wp\/v2\/product_cat?post=1933"},{"taxonomy":"product_tag","embeddable":true,"href":"https:\/\/www.neural-artistry.com\/fr\/wp-json\/wp\/v2\/product_tag?post=1933"}],"curies":[{"name":"wp","href":"https:\/\/api.w.org\/{rel}","templated":true}]}}