{"id":1953,"date":"2024-12-26T21:55:59","date_gmt":"2024-12-26T21:55:59","guid":{"rendered":"https:\/\/www.neural-artistry.com\/?post_type=product&#038;p=1953"},"modified":"2025-05-06T13:27:07","modified_gmt":"2025-05-06T13:27:07","slug":"desert-reflections-stylized-digital-illustration-by-neural-artistry","status":"publish","type":"product","link":"https:\/\/www.neural-artistry.com\/fr\/shop\/home-garden\/decor\/artwork\/posters-prints-visual-artwork\/desert-reflections-stylized-digital-illustration-by-neural-artistry\/","title":{"rendered":"Reflets du d\u00e9sert \u2013 Illustration num\u00e9rique stylis\u00e9e par Neural Artistry"},"content":{"rendered":"<h3 style=\"color: #DCA54A;text-transform: uppercase;font-weight: bold\">Reflets du d\u00e9sert \u2013 Illustration num\u00e9rique stylis\u00e9e par Neural Artistry<\/h3>\n<h4 style=\"color: #D09A40;text-transform: uppercase\">Introduction<\/h4>\n<p style=\"color: #FAF5E5\">Entrez dans une oasis surr\u00e9aliste avec <em>\u00ab Reflets du d\u00e9sert \u00bb<\/em>, une fusion fascinante d&#039;une esth\u00e9tique moderne audacieuse et d&#039;une beaut\u00e9 naturelle tranquille. Cette illustration num\u00e9rique unique en son genre, cr\u00e9\u00e9e de main de ma\u00eetre par <strong>Neural Artistry<\/strong>, capture l&#039;\u00e9clat \u00e9th\u00e9r\u00e9 d&#039;un d\u00e9sert sans limites qui se fond harmonieusement avec les \u00e9motions r\u00e9fl\u00e9chies de l&#039;humanit\u00e9. La figure centrale, par\u00e9e d&#039;un bonnet rose tendre et de lunettes de soleil \u00e9clatantes, vous entra\u00eene dans un monde d&#039;introspection o\u00f9 les dunes dor\u00e9es rencontrent un horizon azur serein. Les verres r\u00e9fl\u00e9chissants vous invitent \u00e0 explorer les th\u00e8mes de l&#039;envie de voyager, de l&#039;expression de soi et de l&#039;\u00e9quilibre d\u00e9licat entre la mode et la nature.<\/p>\n<p style=\"color: #FAF5E5\">Parfait pour les espaces contemporains, <em>\u00ab Reflets du d\u00e9sert \u00bb<\/em> incarne un m\u00e9lange harmonieux de minimalisme abstrait, de surr\u00e9alisme et de pop art. Ses contrastes audacieux, sa palette de couleurs \u00e9clatantes et sa composition raffin\u00e9e en font une pi\u00e8ce ma\u00eetresse intemporelle pour votre salon, votre bureau ou votre espace de travail cr\u00e9atif. Cette pi\u00e8ce exclusive n&#039;est pas seulement une \u0153uvre d&#039;art, c&#039;est une exp\u00e9rience, con\u00e7ue pour susciter des conversations et inspirer l&#039;imagination de tous ceux qui la rencontrent.<\/p>\n<h4 style=\"color: #D09A40;text-transform: uppercase\">Tailles et formats<\/h4>\n<p style=\"color: #FAF5E5\">Disponible exclusivement sous forme d&#039;affiche imprim\u00e9e de haute qualit\u00e9, <em>\u00ab Reflets du d\u00e9sert \u00bb<\/em> est disponible dans les dimensions suivantes pour s&#039;adapter \u00e0 votre espace unique\u00a0:<\/p>\n<ul>\n<li style=\"color: #FAF5E5\"> 21,00 cm \u00d7 21,00 cm (8,3\u2033 \u00d7 8,3\u2033)<\/li>\n<li style=\"color: #FAF5E5\"> 29,70 cm \u00d7 29,70 cm (11,7\u2033 \u00d7 11,7\u2033)<\/li>\n<li style=\"color: #FAF5E5\"> 32,90 cm \u00d7 32,90 cm (12,9\u2033 \u00d7 12,9\u2033)<\/li>\n<li style=\"color: #FAF5E5\"> 42,00 cm \u00d7 42,00 cm (16,5\u2033 \u00d7 16,5\u2033)<\/li>\n<\/ul>\n<p style=\"color: #FAF5E5\">Choisissez entre une offre premium <strong>mat<\/strong> ou <strong>brillant<\/strong> finition pour un look vraiment personnalis\u00e9. Chaque affiche est livr\u00e9e sans bordure, ce qui permet un affichage imm\u00e9diat ou un encadrement facile pour compl\u00e9ter votre d\u00e9coration int\u00e9rieure.<\/p>\n<h4 style=\"color: #D09A40;text-transform: uppercase\">Savoir-faire et qualit\u00e9<\/h4>\n<p style=\"color: #FAF5E5\">R\u00e9alis\u00e9e avec la plus grande pr\u00e9cision, cette affiche est imprim\u00e9e sur un papier luxueux <strong>Papier FineArt Hahnem\u00fchle<\/strong>, connu pour sa texture et sa durabilit\u00e9 exceptionnelles. Associ\u00e9 \u00e0 une technologie de pointe <strong>Encres UltraChrome Pro<\/strong>, cette \u0153uvre d&#039;art pr\u00e9sente des couleurs vives et r\u00e9sistantes \u00e0 la d\u00e9coloration qui pr\u00e9servent leur \u00e9clat pendant des d\u00e9cennies. Avec sa qualit\u00e9 de qualit\u00e9 mus\u00e9ale et sa durabilit\u00e9 archivistique, <em>\u00ab Reflets du d\u00e9sert \u00bb<\/em> illustre le summum de l\u2019impression d\u2019art.<\/p>\n<h4 style=\"color: #D09A40;text-transform: uppercase\">Certificat d&#039;authenticit\u00e9 et d&#039;exclusivit\u00e9<\/h4>\n<p style=\"color: #FAF5E5\">Poss\u00e9der <em>\u00ab Reflets du d\u00e9sert \u00bb<\/em> signifie poss\u00e9der une \u0153uvre d&#039;art historique. C&#039;est une <strong>cr\u00e9ation unique en son genre<\/strong> qui ne sera jamais reproduit, garantissant son exclusivit\u00e9 et sa valeur. Votre achat comprend un certificat sign\u00e9 et authentifi\u00e9 <strong>Certificat d&#039;authenticit\u00e9<\/strong>, en v\u00e9rifiant son originalit\u00e9 et son caract\u00e8re unique. Cette affiche n&#039;est pas seulement une d\u00e9coration mais un chef-d&#039;\u0153uvre de collection qui se d\u00e9marque dans toute collection d&#039;art.<\/p>\n<h4 style=\"color: #D09A40;text-transform: uppercase\">Utilisation id\u00e9ale et suggestions de d\u00e9coration<\/h4>\n<p style=\"color: #FAF5E5\">Transformez votre espace en un havre de paix digne d&#039;une galerie avec <em>\u00ab Reflets du d\u00e9sert \u00bb<\/em>Son ambiance r\u00eaveuse et futuriste et ses teintes vibrantes en font un choix id\u00e9al pour :<\/p>\n<ul>\n<li style=\"color: #FAF5E5\"> D\u00e9coration murale \u00e9l\u00e9gante pour les salons<\/li>\n<li style=\"color: #FAF5E5\"> Pi\u00e8ce ma\u00eetresse artistique pour les bureaux \u00e0 domicile<\/li>\n<li style=\"color: #FAF5E5\"> D\u00e9cor unique pour les configurations de jeu<\/li>\n<li style=\"color: #FAF5E5\"> Un cadeau attentionn\u00e9 et exclusif pour les amateurs d&#039;art<\/li>\n<\/ul>\n<p style=\"color: #FAF5E5\">Qu&#039;elle soit expos\u00e9e dans une maison moderne, un espace de travail minimaliste ou un cadre commercial dynamique, cette \u0153uvre d&#039;art rayonne de cr\u00e9ativit\u00e9, de sophistication et d&#039;individualit\u00e9.<\/p>\n<h4 style=\"color: #DCA54A;text-transform: uppercase;font-weight: bold\">Am\u00e9liorez votre espace aujourd&#039;hui<\/h4>\n<p style=\"color: #FAF5E5\">Ne manquez pas votre chance de poss\u00e9der cette affiche haut de gamme et unique en son genre. <em>\u00ab Reflets du d\u00e9sert \u00bb<\/em> est plus qu\u2019un simple \u00e9l\u00e9ment de d\u00e9coration : c\u2019est une d\u00e9claration d\u2019excellence artistique et une c\u00e9l\u00e9bration de la cr\u00e9ativit\u00e9 moderne.<\/p>\n<div style=\"background: linear-gradient(to right, #DCA54A, #D09A40);text-align: center;padding: 10px;border-radius: 5px;margin-top: 15px\">\n  <a style=\"color: #FFFFFF;font-weight: bold;text-decoration: none\" href=\"#\">Acheter maintenant<\/a>\n<\/div>","protected":false},"excerpt":{"rendered":"<p style=\"color: #FAF5E5;font-weight: bold\">Plongez dans le charme onirique de <strong>\u00ab Reflets du d\u00e9sert \u00bb<\/strong>, un superbe, <strong>unique en son genre<\/strong> chef-d&#039;\u0153uvre num\u00e9rique de Neural Artistry. Imprim\u00e9 sur du papier premium <strong>Papier FineArt Hahnem\u00fchle<\/strong> avec <strong>Encres UltraChrome Pro<\/strong>, c&#039;est <strong>agr\u00e9\u00e9<\/strong> et con\u00e7u pour une brillance intemporelle.<\/p>","protected":false},"featured_media":1952,"comment_status":"open","ping_status":"closed","template":"","meta":{"_uag_custom_page_level_css":""},"product_brand":[874],"product_cat":[734,725,1268,731],"product_tag":[],"class_list":{"0":"post-1953","1":"product","2":"type-product","3":"status-publish","4":"has-post-thumbnail","6":"product_brand-neural-artistry","7":"product_cat-dreamscapes","8":"product_cat-portraits","9":"product_cat-posters-prints-visual-artwork","10":"product_cat-surrealism","11":"product_shipping_class-chronopost","12":"pa_finish-type-glossy-finish","13":"pa_finish-type-matte-finish","14":"pa_margins-with","15":"pa_margins-without","16":"pa_medium-technique-3d-modeling","17":"pa_medium-technique-texturing","18":"pa_mood-ambiance-dreamy","19":"pa_mood-ambiance-futuristic","20":"pa_mood-ambiance-otherworldly","21":"pa_mood-ambiance-surreal","22":"pa_mood-ambiance-vibrant","23":"pa_orientation-square","24":"pa_size-21-00cmx21-00cm","25":"pa_size-29-70cmx29-70cm","26":"pa_size-32-90cmx32-90cm","27":"pa_size-42-00cmx42-00cm","28":"pa_style-movement-concept-art","29":"pa_style-movement-pop-art","30":"pa_style-movement-surrealism","32":"first","33":"instock","34":"sold-individually","35":"taxable","36":"shipping-taxable","37":"purchasable","38":"product-type-variable","39":"has-default-attributes"},"yoast_head":"<!-- This site is optimized with the Yoast SEO plugin v27.5 - https:\/\/yoast.com\/product\/yoast-seo-wordpress\/ -->\n<title>Desert Reflections - Stylized Digital Illustration by Neural Artistry - Neural Artistry<\/title>\n<meta name=\"robots\" content=\"index, follow, max-snippet:-1, max-image-preview:large, max-video-preview:-1\" \/>\n<link rel=\"canonical\" href=\"https:\/\/www.neural-artistry.com\/fr\/shop\/home-garden\/decor\/artwork\/posters-prints-visual-artwork\/desert-reflections-stylized-digital-illustration-by-neural-artistry\/\" \/>\n<meta property=\"og:locale\" content=\"fr_FR\" \/>\n<meta property=\"og:type\" content=\"article\" \/>\n<meta property=\"og:title\" content=\"Desert Reflections - Stylized Digital Illustration by Neural Artistry - Neural Artistry\" \/>\n<meta property=\"og:description\" content=\"Immerse yourself in the dreamy allure of \u201cDesert Reflections\u201d, a stunning, one-of-a-kind digital masterpiece by Neural Artistry. Printed on premium Hahnem\u00fchle FineArt paper with UltraChrome Pro inks, it\u2019s certified and crafted for timeless brilliance.\" \/>\n<meta property=\"og:url\" content=\"https:\/\/www.neural-artistry.com\/fr\/shop\/home-garden\/decor\/artwork\/posters-prints-visual-artwork\/desert-reflections-stylized-digital-illustration-by-neural-artistry\/\" \/>\n<meta property=\"og:site_name\" content=\"Neural Artistry\" \/>\n<meta property=\"article:modified_time\" content=\"2025-05-06T13:27:07+00:00\" \/>\n<meta property=\"og:image\" content=\"https:\/\/www.neural-artistry.com\/wp-content\/uploads\/2024\/12\/neural-artistry-portfolio-79-scaled-1.jpg\" \/>\n\t<meta property=\"og:image:width\" content=\"2560\" \/>\n\t<meta property=\"og:image:height\" content=\"2560\" \/>\n\t<meta property=\"og:image:type\" content=\"image\/jpeg\" \/>\n<meta name=\"twitter:card\" content=\"summary_large_image\" \/>\n<meta name=\"twitter:label1\" content=\"Dur\u00e9e de lecture estim\u00e9e\" \/>\n\t<meta name=\"twitter:data1\" content=\"2 minutes\" \/>\n<script type=\"application\/ld+json\" class=\"yoast-schema-graph\">{\"@context\":\"https:\\\/\\\/schema.org\",\"@graph\":[{\"@type\":\"WebPage\",\"@id\":\"https:\\\/\\\/www.neural-artistry.com\\\/shop\\\/home-garden\\\/decor\\\/artwork\\\/posters-prints-visual-artwork\\\/desert-reflections-stylized-digital-illustration-by-neural-artistry\\\/\",\"url\":\"https:\\\/\\\/www.neural-artistry.com\\\/shop\\\/home-garden\\\/decor\\\/artwork\\\/posters-prints-visual-artwork\\\/desert-reflections-stylized-digital-illustration-by-neural-artistry\\\/\",\"name\":\"Desert Reflections - Stylized Digital Illustration by Neural Artistry - Neural Artistry\",\"isPartOf\":{\"@id\":\"https:\\\/\\\/www.neural-artistry.com\\\/#website\"},\"primaryImageOfPage\":{\"@id\":\"https:\\\/\\\/www.neural-artistry.com\\\/shop\\\/home-garden\\\/decor\\\/artwork\\\/posters-prints-visual-artwork\\\/desert-reflections-stylized-digital-illustration-by-neural-artistry\\\/#primaryimage\"},\"image\":{\"@id\":\"https:\\\/\\\/www.neural-artistry.com\\\/shop\\\/home-garden\\\/decor\\\/artwork\\\/posters-prints-visual-artwork\\\/desert-reflections-stylized-digital-illustration-by-neural-artistry\\\/#primaryimage\"},\"thumbnailUrl\":\"https:\\\/\\\/www.neural-artistry.com\\\/wp-content\\\/uploads\\\/2024\\\/12\\\/neural-artistry-portfolio-79-scaled-1.jpg\",\"datePublished\":\"2024-12-26T21:55:59+00:00\",\"dateModified\":\"2025-05-06T13:27:07+00:00\",\"breadcrumb\":{\"@id\":\"https:\\\/\\\/www.neural-artistry.com\\\/shop\\\/home-garden\\\/decor\\\/artwork\\\/posters-prints-visual-artwork\\\/desert-reflections-stylized-digital-illustration-by-neural-artistry\\\/#breadcrumb\"},\"inLanguage\":\"fr-FR\",\"potentialAction\":[{\"@type\":\"ReadAction\",\"target\":[\"https:\\\/\\\/www.neural-artistry.com\\\/shop\\\/home-garden\\\/decor\\\/artwork\\\/posters-prints-visual-artwork\\\/desert-reflections-stylized-digital-illustration-by-neural-artistry\\\/\"]}]},{\"@type\":\"ImageObject\",\"inLanguage\":\"fr-FR\",\"@id\":\"https:\\\/\\\/www.neural-artistry.com\\\/shop\\\/home-garden\\\/decor\\\/artwork\\\/posters-prints-visual-artwork\\\/desert-reflections-stylized-digital-illustration-by-neural-artistry\\\/#primaryimage\",\"url\":\"https:\\\/\\\/www.neural-artistry.com\\\/wp-content\\\/uploads\\\/2024\\\/12\\\/neural-artistry-portfolio-79-scaled-1.jpg\",\"contentUrl\":\"https:\\\/\\\/www.neural-artistry.com\\\/wp-content\\\/uploads\\\/2024\\\/12\\\/neural-artistry-portfolio-79-scaled-1.jpg\",\"width\":2560,\"height\":2560},{\"@type\":\"BreadcrumbList\",\"@id\":\"https:\\\/\\\/www.neural-artistry.com\\\/shop\\\/home-garden\\\/decor\\\/artwork\\\/posters-prints-visual-artwork\\\/desert-reflections-stylized-digital-illustration-by-neural-artistry\\\/#breadcrumb\",\"itemListElement\":[{\"@type\":\"ListItem\",\"position\":1,\"name\":\"Home\",\"item\":\"https:\\\/\\\/www.neural-artistry.com\\\/\"},{\"@type\":\"ListItem\",\"position\":2,\"name\":\"Wall Art Prints \u2013 Custom Canvas &amp; Unique Posters\",\"item\":\"https:\\\/\\\/www.neural-artistry.com\\\/\"},{\"@type\":\"ListItem\",\"position\":3,\"name\":\"Desert Reflections &#8211; Stylized Digital Illustration by Neural Artistry\"}]},{\"@type\":\"WebSite\",\"@id\":\"https:\\\/\\\/www.neural-artistry.com\\\/#website\",\"url\":\"https:\\\/\\\/www.neural-artistry.com\\\/\",\"name\":\"Neural Artistry\",\"description\":\"AI Art Posters \u2013 Certified, Premium, Sold Only Once\",\"publisher\":{\"@id\":\"https:\\\/\\\/www.neural-artistry.com\\\/#organization\"},\"potentialAction\":[{\"@type\":\"SearchAction\",\"target\":{\"@type\":\"EntryPoint\",\"urlTemplate\":\"https:\\\/\\\/www.neural-artistry.com\\\/?s={search_term_string}\"},\"query-input\":{\"@type\":\"PropertyValueSpecification\",\"valueRequired\":true,\"valueName\":\"search_term_string\"}}],\"inLanguage\":\"fr-FR\"},{\"@type\":\"Organization\",\"@id\":\"https:\\\/\\\/www.neural-artistry.com\\\/#organization\",\"name\":\"Neural Artistry\",\"url\":\"https:\\\/\\\/www.neural-artistry.com\\\/\",\"logo\":{\"@type\":\"ImageObject\",\"inLanguage\":\"fr-FR\",\"@id\":\"https:\\\/\\\/www.neural-artistry.com\\\/#\\\/schema\\\/logo\\\/image\\\/\",\"url\":\"https:\\\/\\\/www.neural-artistry.com\\\/wp-content\\\/uploads\\\/2025\\\/08\\\/Web-Black-logo-no-background-scaled.webp\",\"contentUrl\":\"https:\\\/\\\/www.neural-artistry.com\\\/wp-content\\\/uploads\\\/2025\\\/08\\\/Web-Black-logo-no-background-scaled.webp\",\"width\":2560,\"height\":976,\"caption\":\"Neural Artistry\"},\"image\":{\"@id\":\"https:\\\/\\\/www.neural-artistry.com\\\/#\\\/schema\\\/logo\\\/image\\\/\"}}]}<\/script>\n<!-- \/ Yoast SEO plugin. -->","yoast_head_json":{"title":"Desert Reflections - Stylized Digital Illustration by Neural Artistry - Neural Artistry","robots":{"index":"index","follow":"follow","max-snippet":"max-snippet:-1","max-image-preview":"max-image-preview:large","max-video-preview":"max-video-preview:-1"},"canonical":"https:\/\/www.neural-artistry.com\/fr\/shop\/home-garden\/decor\/artwork\/posters-prints-visual-artwork\/desert-reflections-stylized-digital-illustration-by-neural-artistry\/","og_locale":"fr_FR","og_type":"article","og_title":"Desert Reflections - Stylized Digital Illustration by Neural Artistry - Neural Artistry","og_description":"Immerse yourself in the dreamy allure of \u201cDesert Reflections\u201d, a stunning, one-of-a-kind digital masterpiece by Neural Artistry. Printed on premium Hahnem\u00fchle FineArt paper with UltraChrome Pro inks, it\u2019s certified and crafted for timeless brilliance.","og_url":"https:\/\/www.neural-artistry.com\/fr\/shop\/home-garden\/decor\/artwork\/posters-prints-visual-artwork\/desert-reflections-stylized-digital-illustration-by-neural-artistry\/","og_site_name":"Neural Artistry","article_modified_time":"2025-05-06T13:27:07+00:00","og_image":[{"width":2560,"height":2560,"url":"https:\/\/www.neural-artistry.com\/wp-content\/uploads\/2024\/12\/neural-artistry-portfolio-79-scaled-1.jpg","type":"image\/jpeg"}],"twitter_card":"summary_large_image","twitter_misc":{"Dur\u00e9e de lecture estim\u00e9e":"2 minutes"},"schema":{"@context":"https:\/\/schema.org","@graph":[{"@type":"WebPage","@id":"https:\/\/www.neural-artistry.com\/shop\/home-garden\/decor\/artwork\/posters-prints-visual-artwork\/desert-reflections-stylized-digital-illustration-by-neural-artistry\/","url":"https:\/\/www.neural-artistry.com\/shop\/home-garden\/decor\/artwork\/posters-prints-visual-artwork\/desert-reflections-stylized-digital-illustration-by-neural-artistry\/","name":"Desert Reflections - Stylized Digital Illustration by Neural Artistry - Neural Artistry","isPartOf":{"@id":"https:\/\/www.neural-artistry.com\/#website"},"primaryImageOfPage":{"@id":"https:\/\/www.neural-artistry.com\/shop\/home-garden\/decor\/artwork\/posters-prints-visual-artwork\/desert-reflections-stylized-digital-illustration-by-neural-artistry\/#primaryimage"},"image":{"@id":"https:\/\/www.neural-artistry.com\/shop\/home-garden\/decor\/artwork\/posters-prints-visual-artwork\/desert-reflections-stylized-digital-illustration-by-neural-artistry\/#primaryimage"},"thumbnailUrl":"https:\/\/www.neural-artistry.com\/wp-content\/uploads\/2024\/12\/neural-artistry-portfolio-79-scaled-1.jpg","datePublished":"2024-12-26T21:55:59+00:00","dateModified":"2025-05-06T13:27:07+00:00","breadcrumb":{"@id":"https:\/\/www.neural-artistry.com\/shop\/home-garden\/decor\/artwork\/posters-prints-visual-artwork\/desert-reflections-stylized-digital-illustration-by-neural-artistry\/#breadcrumb"},"inLanguage":"fr-FR","potentialAction":[{"@type":"ReadAction","target":["https:\/\/www.neural-artistry.com\/shop\/home-garden\/decor\/artwork\/posters-prints-visual-artwork\/desert-reflections-stylized-digital-illustration-by-neural-artistry\/"]}]},{"@type":"ImageObject","inLanguage":"fr-FR","@id":"https:\/\/www.neural-artistry.com\/shop\/home-garden\/decor\/artwork\/posters-prints-visual-artwork\/desert-reflections-stylized-digital-illustration-by-neural-artistry\/#primaryimage","url":"https:\/\/www.neural-artistry.com\/wp-content\/uploads\/2024\/12\/neural-artistry-portfolio-79-scaled-1.jpg","contentUrl":"https:\/\/www.neural-artistry.com\/wp-content\/uploads\/2024\/12\/neural-artistry-portfolio-79-scaled-1.jpg","width":2560,"height":2560},{"@type":"BreadcrumbList","@id":"https:\/\/www.neural-artistry.com\/shop\/home-garden\/decor\/artwork\/posters-prints-visual-artwork\/desert-reflections-stylized-digital-illustration-by-neural-artistry\/#breadcrumb","itemListElement":[{"@type":"ListItem","position":1,"name":"Home","item":"https:\/\/www.neural-artistry.com\/"},{"@type":"ListItem","position":2,"name":"Wall Art Prints \u2013 Custom Canvas &amp; Unique Posters","item":"https:\/\/www.neural-artistry.com\/"},{"@type":"ListItem","position":3,"name":"Desert Reflections &#8211; Stylized Digital Illustration by Neural Artistry"}]},{"@type":"WebSite","@id":"https:\/\/www.neural-artistry.com\/#website","url":"https:\/\/www.neural-artistry.com\/","name":"Neural Artistry","description":"Affiches d&#039;art IA \u2013 Certifi\u00e9es, premium, vendues une seule fois","publisher":{"@id":"https:\/\/www.neural-artistry.com\/#organization"},"potentialAction":[{"@type":"SearchAction","target":{"@type":"EntryPoint","urlTemplate":"https:\/\/www.neural-artistry.com\/?s={search_term_string}"},"query-input":{"@type":"PropertyValueSpecification","valueRequired":true,"valueName":"search_term_string"}}],"inLanguage":"fr-FR"},{"@type":"Organization","@id":"https:\/\/www.neural-artistry.com\/#organization","name":"Neural Artistry","url":"https:\/\/www.neural-artistry.com\/","logo":{"@type":"ImageObject","inLanguage":"fr-FR","@id":"https:\/\/www.neural-artistry.com\/#\/schema\/logo\/image\/","url":"https:\/\/www.neural-artistry.com\/wp-content\/uploads\/2025\/08\/Web-Black-logo-no-background-scaled.webp","contentUrl":"https:\/\/www.neural-artistry.com\/wp-content\/uploads\/2025\/08\/Web-Black-logo-no-background-scaled.webp","width":2560,"height":976,"caption":"Neural Artistry"},"image":{"@id":"https:\/\/www.neural-artistry.com\/#\/schema\/logo\/image\/"}}]}},"uagb_featured_image_src":{"full":["https:\/\/www.neural-artistry.com\/wp-content\/uploads\/2024\/12\/neural-artistry-portfolio-79-scaled-1.jpg",2560,2560,false],"thumbnail":["https:\/\/www.neural-artistry.com\/wp-content\/uploads\/2024\/12\/neural-artistry-portfolio-79-scaled-1-150x150.jpg",150,150,true],"medium":["https:\/\/www.neural-artistry.com\/wp-content\/uploads\/2024\/12\/neural-artistry-portfolio-79-scaled-1-300x300.jpg",300,300,true],"medium_large":["https:\/\/www.neural-artistry.com\/wp-content\/uploads\/2024\/12\/neural-artistry-portfolio-79-scaled-1-768x768.jpg",768,768,true],"large":["https:\/\/www.neural-artistry.com\/wp-content\/uploads\/2024\/12\/neural-artistry-portfolio-79-scaled-1-1024x1024.jpg",1024,1024,true],"1536x1536":["https:\/\/www.neural-artistry.com\/wp-content\/uploads\/2024\/12\/neural-artistry-portfolio-79-scaled-1-1536x1536.jpg",1536,1536,true],"2048x2048":["https:\/\/www.neural-artistry.com\/wp-content\/uploads\/2024\/12\/neural-artistry-portfolio-79-scaled-1-2048x2048.jpg",2048,2048,true],"trp-custom-language-flag":["https:\/\/www.neural-artistry.com\/wp-content\/uploads\/2024\/12\/neural-artistry-portfolio-79-scaled-1-12x12.jpg",12,12,true],"woocommerce_thumbnail":["https:\/\/www.neural-artistry.com\/wp-content\/uploads\/2024\/12\/neural-artistry-portfolio-79-scaled-1-450x450.jpg",450,450,true],"woocommerce_single":["https:\/\/www.neural-artistry.com\/wp-content\/uploads\/2024\/12\/neural-artistry-portfolio-79-scaled-1-600x600.jpg",600,600,true],"woocommerce_gallery_thumbnail":["https:\/\/www.neural-artistry.com\/wp-content\/uploads\/2024\/12\/neural-artistry-portfolio-79-scaled-1-100x100.jpg",100,100,true]},"uagb_author_info":{"display_name":"flake","author_link":"https:\/\/www.neural-artistry.com\/fr\/author\/"},"uagb_comment_info":0,"uagb_excerpt":"Immerse yourself in the dreamy allure of \u201cDesert Reflections\u201d, a stunning, one-of-a-kind digital masterpiece by Neural Artistry. Printed on premium Hahnem\u00fchle FineArt paper with UltraChrome Pro inks, it\u2019s certified and crafted for timeless brilliance.","_links":{"self":[{"href":"https:\/\/www.neural-artistry.com\/fr\/wp-json\/wp\/v2\/product\/1953","targetHints":{"allow":["GET"]}}],"collection":[{"href":"https:\/\/www.neural-artistry.com\/fr\/wp-json\/wp\/v2\/product"}],"about":[{"href":"https:\/\/www.neural-artistry.com\/fr\/wp-json\/wp\/v2\/types\/product"}],"replies":[{"embeddable":true,"href":"https:\/\/www.neural-artistry.com\/fr\/wp-json\/wp\/v2\/comments?post=1953"}],"wp:featuredmedia":[{"embeddable":true,"href":"https:\/\/www.neural-artistry.com\/fr\/wp-json\/wp\/v2\/media\/1952"}],"wp:attachment":[{"href":"https:\/\/www.neural-artistry.com\/fr\/wp-json\/wp\/v2\/media?parent=1953"}],"wp:term":[{"taxonomy":"product_brand","embeddable":true,"href":"https:\/\/www.neural-artistry.com\/fr\/wp-json\/wp\/v2\/product_brand?post=1953"},{"taxonomy":"product_cat","embeddable":true,"href":"https:\/\/www.neural-artistry.com\/fr\/wp-json\/wp\/v2\/product_cat?post=1953"},{"taxonomy":"product_tag","embeddable":true,"href":"https:\/\/www.neural-artistry.com\/fr\/wp-json\/wp\/v2\/product_tag?post=1953"}],"curies":[{"name":"wp","href":"https:\/\/api.w.org\/{rel}","templated":true}]}}