{"id":1955,"date":"2024-12-26T21:56:21","date_gmt":"2024-12-26T21:56:21","guid":{"rendered":"https:\/\/www.neural-artistry.com\/?post_type=product&#038;p=1955"},"modified":"2025-05-06T13:27:07","modified_gmt":"2025-05-06T13:27:07","slug":"tunnel-velocity-cinematic-realism-with-retro-futurist-elements-by-neural-artistry","status":"publish","type":"product","link":"https:\/\/www.neural-artistry.com\/fr\/shop\/home-garden\/decor\/artwork\/posters-prints-visual-artwork\/tunnel-velocity-cinematic-realism-with-retro-futurist-elements-by-neural-artistry\/","title":{"rendered":"Tunnel Velocity \u2013 R\u00e9alisme cin\u00e9matographique avec des \u00e9l\u00e9ments r\u00e9tro-futuristes par Neural Artistry"},"content":{"rendered":"<h3 style=\"color: #DCA54A;text-transform: uppercase;font-weight: bold\">Tunnel Velocity \u2013 R\u00e9alisme cin\u00e9matographique avec des \u00e9l\u00e9ments r\u00e9tro-futuristes par Neural Artistry<\/h3>\n<h4 style=\"color: #D09A40;text-transform: uppercase\">Un pas vers le futur<\/h4>\n<p style=\"color: #FAF5E5\">Au moment o\u00f9 j&#039;ai pos\u00e9 les yeux sur <strong>\u00ab La vitesse du tunnel \u00bb<\/strong>, J&#039;ai eu l&#039;impression d&#039;\u00eatre aspir\u00e9 dans un passage lumineux vers une dimension inexplor\u00e9e. Cette \u0153uvre d&#039;art \u00e9poustouflante, r\u00e9alis\u00e9e par Neural Artistry, vous invite \u00e0 voyager dans un monde futuriste o\u00f9 l&#039;imagination ne conna\u00eet aucune limite. Le tunnel m\u00e9tallique lumineux, baign\u00e9 de teintes radieuses de bleu, d&#039;or et d&#039;argent, sert de toile de fond \u00e0 deux explorateurs en combinaisons spatiales blanches et \u00e9pur\u00e9es, incarnant l&#039;esprit de progr\u00e8s et de r\u00e9silience humaine. Chaque d\u00e9tail, des surfaces r\u00e9fl\u00e9chissantes de leurs combinaisons \u00e0 l&#039;interaction fascinante de la lumi\u00e8re et de l&#039;ombre, raconte une histoire d&#039;exploration et d&#039;innovation. C&#039;est plus qu&#039;une affiche ; c&#039;est une exp\u00e9rience visuelle qui transforme n&#039;importe quel espace en un portail vers l&#039;extraordinaire.<\/p>\n<p style=\"color: #FAF5E5\">Con\u00e7u pour les collectionneurs de <strong>art moderne<\/strong> et les amoureux de <strong>esth\u00e9tique futuriste<\/strong>\u00ab Tunnel Velocity \u00bb allie le r\u00e9alisme cin\u00e9matographique \u00e0 des \u00e9l\u00e9ments r\u00e9tro-futuristes pour cr\u00e9er une \u0153uvre d&#039;art audacieuse et captivante. Que vous soyez un connaisseur d&#039;art, un passionn\u00e9 de science-fiction ou quelqu&#039;un qui cherche \u00e0 rehausser son design int\u00e9rieur, cette cr\u00e9ation unique en son genre laissera une marque ind\u00e9l\u00e9bile.<\/p>\n<hr>\n<h4 style=\"color: #D09A40;text-transform: uppercase\">Tailles et formats<\/h4>\n<p style=\"color: #FAF5E5\">Disponible exclusivement sous forme d&#039;affiche imprim\u00e9e par des professionnels, \u00ab Tunnel Velocity \u00bb est disponible dans une gamme de tailles, parfaites pour personnaliser votre espace :<\/p>\n<ul style=\"color: #FAF5E5;list-style-type: none;padding-left: 0\">\n<li> <strong>21cm x 21cm<\/strong><\/li>\n<li> <strong>29,7 cm x 29,7 cm<\/strong><\/li>\n<li> <strong>32,9 cm x 32,9 cm<\/strong><\/li>\n<li> <strong>42cm x 42cm<\/strong><\/li>\n<\/ul>\n<p style=\"color: #FAF5E5\">Choisissez entre un <strong>Mat<\/strong> ou <strong>Finition brillante<\/strong> pour compl\u00e9ter parfaitement votre d\u00e9cor. Chaque impression est livr\u00e9e <strong>sans fronti\u00e8res<\/strong> pour une esth\u00e9tique \u00e9pur\u00e9e et moderne.<\/p>\n<hr>\n<h4 style=\"color: #D09A40;text-transform: uppercase\">Savoir-faire et qualit\u00e9<\/h4>\n<p style=\"color: #FAF5E5\">Chaque affiche est m\u00e9ticuleusement con\u00e7ue \u00e0 l&#039;aide <strong>Papier FineArt Hahnem\u00fchle<\/strong>, r\u00e9put\u00e9 pour sa texture luxueuse et sa qualit\u00e9 de qualit\u00e9 mus\u00e9ale. Imprim\u00e9 avec <strong>Encres UltraChrome Pro<\/strong>, les couleurs sont \u00e9clatantes, r\u00e9sistantes \u00e0 la d\u00e9coloration et con\u00e7ues pour r\u00e9sister \u00e0 l&#039;\u00e9preuve du temps. Cette combinaison de mat\u00e9riaux haut de gamme garantit une pi\u00e8ce visuellement \u00e9poustouflante qui capture la profondeur, les d\u00e9tails et la brillance de l&#039;\u0153uvre d&#039;art originale.<\/p>\n<p style=\"color: #FAF5E5\">La durabilit\u00e9 archivistique de cette impression garantit qu&#039;elle restera aussi \u00e9poustouflante que le jour o\u00f9 vous l&#039;avez accroch\u00e9e pour la premi\u00e8re fois sur votre mur. C&#039;est plus qu&#039;une simple affiche : c&#039;est un investissement dans un art intemporel.<\/p>\n<hr>\n<h4 style=\"color: #D09A40;text-transform: uppercase\">Certificat d&#039;authenticit\u00e9 et d&#039;exclusivit\u00e9<\/h4>\n<p style=\"color: #FAF5E5\">\u00ab Tunnel Velocity \u00bb est un <strong>cr\u00e9ation unique en \u00e9dition limit\u00e9e<\/strong>. Une fois vendu, il ne sera jamais reproduit, ce qui garantit son exclusivit\u00e9. Chaque tirage est accompagn\u00e9 d&#039;un <strong>Certificat d&#039;authenticit\u00e9 sign\u00e9<\/strong>, v\u00e9rifiant ainsi son originalit\u00e9 et ajoutant \u00e0 sa valeur en tant qu&#039;\u0153uvre d&#039;art de collection.<\/p>\n<hr>\n<h4 style=\"color: #D09A40;text-transform: uppercase\">Parfait pour votre espace<\/h4>\n<p style=\"color: #FAF5E5\">Imaginez \u00ab Tunnel Velocity \u00bb ornant les murs de votre <strong>salon<\/strong>, dynamisant votre <strong>bureau<\/strong>, ou en ajoutant une touche audacieuse \u00e0 votre <strong>configuration de jeu<\/strong>. Sa composition dynamique et son \u00e9nergie vibrante en font une pi\u00e8ce ma\u00eetresse polyvalente pour tout int\u00e9rieur moderne. Vous cherchez un cadeau unique ? Cette affiche exclusive est un cadeau inoubliable pour les amateurs d&#039;art, les passionn\u00e9s de science-fiction ou toute personne ayant un go\u00fbt pour le design visionnaire.<\/p>\n<hr>\n<h4 style=\"color: #D09A40;text-transform: uppercase\">R\u00e9clamez votre avenir aujourd&#039;hui<\/h4>\n<p style=\"color: #FAF5E5\">Entrez dans l&#039;extraordinaire avec <strong>\u00ab Tunnel Velocity \u2013 R\u00e9alisme cin\u00e9matographique avec des \u00e9l\u00e9ments r\u00e9tro-futuristes \u00bb<\/strong>Cette affiche haut de gamme, r\u00e9sistante \u00e0 la d\u00e9coloration, est plus qu&#039;une simple d\u00e9coration : c&#039;est une d\u00e9claration audacieuse de cr\u00e9ativit\u00e9 et d&#039;exploration. Parfait pour ceux qui appr\u00e9cient <strong>art mural unique<\/strong>, <strong>affiches exclusives<\/strong>, et <strong>qualit\u00e9 de qualit\u00e9 mus\u00e9ale<\/strong>.<\/p>\n<p style=\"color: #FAF5E5\">Ne manquez pas votre chance de poss\u00e9der ceci <strong>chef-d&#039;oeuvre unique en son genre<\/strong>Transformez votre espace et suscitez une inspiration sans fin avec ce superbe objet de collection.<\/p>\n<div style=\"background: linear-gradient(to right, #DCA54A, #D09A40);color: #FFFFFF;text-align: center;padding: 10px;margin-top: 20px;font-weight: bold;cursor: pointer\">\n  Commandez votre affiche exclusive maintenant\n<\/div>","protected":false},"excerpt":{"rendered":"<p style=\"color: #FAF5E5;font-weight: bold\">Entrez dans l&#039;extraordinaire avec **\u00ab Tunnel Velocity \u00bb**, un <strong>exclusif, \u00e9dition limit\u00e9e<\/strong> chef-d&#039;\u0153uvre de science-fiction. Imprim\u00e9 sur <strong>Papier FineArt Hahnem\u00fchle<\/strong> avec vibrant <strong>Encres UltraChrome Pro<\/strong>, chaque impression certifi\u00e9e est <strong>sign\u00e9 et jamais reproduit<\/strong>.<\/p>","protected":false},"featured_media":1954,"comment_status":"open","ping_status":"closed","template":"","meta":{"_uag_custom_page_level_css":""},"product_brand":[874],"product_cat":[733,1268,727,731],"product_tag":[],"class_list":{"0":"post-1955","1":"product","2":"type-product","3":"status-publish","4":"has-post-thumbnail","6":"product_brand-neural-artistry","7":"product_cat-futuristic-concepts","8":"product_cat-posters-prints-visual-artwork","9":"product_cat-space","10":"product_cat-surrealism","11":"product_shipping_class-chronopost","12":"pa_finish-type-glossy-finish","13":"pa_finish-type-matte-finish","14":"pa_margins-with","15":"pa_margins-without","16":"pa_medium-technique-compositing","17":"pa_medium-technique-photomanipulation","18":"pa_mood-ambiance-energetic","19":"pa_mood-ambiance-futuristic","20":"pa_mood-ambiance-mysterious","21":"pa_mood-ambiance-otherworldly","22":"pa_mood-ambiance-surreal","23":"pa_orientation-square","24":"pa_size-21-00cmx21-00cm","25":"pa_size-29-70cmx29-70cm","26":"pa_size-32-90cmx32-90cm","27":"pa_size-42-00cmx42-00cm","28":"pa_style-movement-concept-art","29":"pa_style-movement-futurism","30":"pa_style-movement-sci-fi","32":"first","33":"instock","34":"sold-individually","35":"taxable","36":"shipping-taxable","37":"purchasable","38":"product-type-variable","39":"has-default-attributes"},"yoast_head":"<!-- This site is optimized with the Yoast SEO plugin v27.5 - https:\/\/yoast.com\/product\/yoast-seo-wordpress\/ -->\n<title>Tunnel Velocity - Cinematic Realism with Retro-Futurist Elements by Neural Artistry - Neural Artistry<\/title>\n<meta name=\"robots\" content=\"index, follow, max-snippet:-1, max-image-preview:large, max-video-preview:-1\" \/>\n<link rel=\"canonical\" href=\"https:\/\/www.neural-artistry.com\/fr\/shop\/home-garden\/decor\/artwork\/posters-prints-visual-artwork\/tunnel-velocity-cinematic-realism-with-retro-futurist-elements-by-neural-artistry\/\" \/>\n<meta property=\"og:locale\" content=\"fr_FR\" \/>\n<meta property=\"og:type\" content=\"article\" \/>\n<meta property=\"og:title\" content=\"Tunnel Velocity - Cinematic Realism with Retro-Futurist Elements by Neural Artistry - Neural Artistry\" \/>\n<meta property=\"og:description\" content=\"Step into the extraordinary with **\u201cTunnel Velocity\u201d**, an exclusive, limited-edition sci-fi masterpiece. Printed on Hahnem\u00fchle FineArt paper with vibrant UltraChrome Pro inks, each certified print is signed and never reproduced.\" \/>\n<meta property=\"og:url\" content=\"https:\/\/www.neural-artistry.com\/fr\/shop\/home-garden\/decor\/artwork\/posters-prints-visual-artwork\/tunnel-velocity-cinematic-realism-with-retro-futurist-elements-by-neural-artistry\/\" \/>\n<meta property=\"og:site_name\" content=\"Neural Artistry\" \/>\n<meta property=\"article:modified_time\" content=\"2025-05-06T13:27:07+00:00\" \/>\n<meta property=\"og:image\" content=\"https:\/\/www.neural-artistry.com\/wp-content\/uploads\/2024\/12\/neural-artistry-portfolio-78-scaled-1.jpg\" \/>\n\t<meta property=\"og:image:width\" content=\"2560\" \/>\n\t<meta property=\"og:image:height\" content=\"2560\" \/>\n\t<meta property=\"og:image:type\" content=\"image\/jpeg\" \/>\n<meta name=\"twitter:card\" content=\"summary_large_image\" \/>\n<meta name=\"twitter:label1\" content=\"Dur\u00e9e de lecture estim\u00e9e\" \/>\n\t<meta name=\"twitter:data1\" content=\"3 minutes\" \/>\n<script type=\"application\/ld+json\" class=\"yoast-schema-graph\">{\"@context\":\"https:\\\/\\\/schema.org\",\"@graph\":[{\"@type\":\"WebPage\",\"@id\":\"https:\\\/\\\/www.neural-artistry.com\\\/fr\\\/shop\\\/home-garden\\\/decor\\\/artwork\\\/posters-prints-visual-artwork\\\/tunnel-velocity-cinematic-realism-with-retro-futurist-elements-by-neural-artistry\\\/\",\"url\":\"https:\\\/\\\/www.neural-artistry.com\\\/fr\\\/shop\\\/home-garden\\\/decor\\\/artwork\\\/posters-prints-visual-artwork\\\/tunnel-velocity-cinematic-realism-with-retro-futurist-elements-by-neural-artistry\\\/\",\"name\":\"Tunnel Velocity - Cinematic Realism with Retro-Futurist Elements by Neural Artistry - Neural Artistry\",\"isPartOf\":{\"@id\":\"https:\\\/\\\/www.neural-artistry.com\\\/#website\"},\"primaryImageOfPage\":{\"@id\":\"https:\\\/\\\/www.neural-artistry.com\\\/fr\\\/shop\\\/home-garden\\\/decor\\\/artwork\\\/posters-prints-visual-artwork\\\/tunnel-velocity-cinematic-realism-with-retro-futurist-elements-by-neural-artistry\\\/#primaryimage\"},\"image\":{\"@id\":\"https:\\\/\\\/www.neural-artistry.com\\\/fr\\\/shop\\\/home-garden\\\/decor\\\/artwork\\\/posters-prints-visual-artwork\\\/tunnel-velocity-cinematic-realism-with-retro-futurist-elements-by-neural-artistry\\\/#primaryimage\"},\"thumbnailUrl\":\"https:\\\/\\\/www.neural-artistry.com\\\/wp-content\\\/uploads\\\/2024\\\/12\\\/neural-artistry-portfolio-78-scaled-1.jpg\",\"datePublished\":\"2024-12-26T21:56:21+00:00\",\"dateModified\":\"2025-05-06T13:27:07+00:00\",\"breadcrumb\":{\"@id\":\"https:\\\/\\\/www.neural-artistry.com\\\/fr\\\/shop\\\/home-garden\\\/decor\\\/artwork\\\/posters-prints-visual-artwork\\\/tunnel-velocity-cinematic-realism-with-retro-futurist-elements-by-neural-artistry\\\/#breadcrumb\"},\"inLanguage\":\"fr-FR\",\"potentialAction\":[{\"@type\":\"ReadAction\",\"target\":[\"https:\\\/\\\/www.neural-artistry.com\\\/fr\\\/shop\\\/home-garden\\\/decor\\\/artwork\\\/posters-prints-visual-artwork\\\/tunnel-velocity-cinematic-realism-with-retro-futurist-elements-by-neural-artistry\\\/\"]}]},{\"@type\":\"ImageObject\",\"inLanguage\":\"fr-FR\",\"@id\":\"https:\\\/\\\/www.neural-artistry.com\\\/fr\\\/shop\\\/home-garden\\\/decor\\\/artwork\\\/posters-prints-visual-artwork\\\/tunnel-velocity-cinematic-realism-with-retro-futurist-elements-by-neural-artistry\\\/#primaryimage\",\"url\":\"https:\\\/\\\/www.neural-artistry.com\\\/wp-content\\\/uploads\\\/2024\\\/12\\\/neural-artistry-portfolio-78-scaled-1.jpg\",\"contentUrl\":\"https:\\\/\\\/www.neural-artistry.com\\\/wp-content\\\/uploads\\\/2024\\\/12\\\/neural-artistry-portfolio-78-scaled-1.jpg\",\"width\":2560,\"height\":2560},{\"@type\":\"BreadcrumbList\",\"@id\":\"https:\\\/\\\/www.neural-artistry.com\\\/fr\\\/shop\\\/home-garden\\\/decor\\\/artwork\\\/posters-prints-visual-artwork\\\/tunnel-velocity-cinematic-realism-with-retro-futurist-elements-by-neural-artistry\\\/#breadcrumb\",\"itemListElement\":[{\"@type\":\"ListItem\",\"position\":1,\"name\":\"Home\",\"item\":\"https:\\\/\\\/www.neural-artistry.com\\\/\"},{\"@type\":\"ListItem\",\"position\":2,\"name\":\"Wall Art Prints \u2013 Custom Canvas &amp; Unique Posters\",\"item\":\"https:\\\/\\\/www.neural-artistry.com\\\/\"},{\"@type\":\"ListItem\",\"position\":3,\"name\":\"Tunnel Velocity &#8211; Cinematic Realism with Retro-Futurist Elements by Neural Artistry\"}]},{\"@type\":\"WebSite\",\"@id\":\"https:\\\/\\\/www.neural-artistry.com\\\/#website\",\"url\":\"https:\\\/\\\/www.neural-artistry.com\\\/\",\"name\":\"Neural Artistry\",\"description\":\"AI Art Posters \u2013 Certified, Premium, Sold Only Once\",\"publisher\":{\"@id\":\"https:\\\/\\\/www.neural-artistry.com\\\/#organization\"},\"potentialAction\":[{\"@type\":\"SearchAction\",\"target\":{\"@type\":\"EntryPoint\",\"urlTemplate\":\"https:\\\/\\\/www.neural-artistry.com\\\/?s={search_term_string}\"},\"query-input\":{\"@type\":\"PropertyValueSpecification\",\"valueRequired\":true,\"valueName\":\"search_term_string\"}}],\"inLanguage\":\"fr-FR\"},{\"@type\":\"Organization\",\"@id\":\"https:\\\/\\\/www.neural-artistry.com\\\/#organization\",\"name\":\"Neural Artistry\",\"url\":\"https:\\\/\\\/www.neural-artistry.com\\\/\",\"logo\":{\"@type\":\"ImageObject\",\"inLanguage\":\"fr-FR\",\"@id\":\"https:\\\/\\\/www.neural-artistry.com\\\/#\\\/schema\\\/logo\\\/image\\\/\",\"url\":\"https:\\\/\\\/www.neural-artistry.com\\\/wp-content\\\/uploads\\\/2025\\\/08\\\/Web-Black-logo-no-background-scaled.webp\",\"contentUrl\":\"https:\\\/\\\/www.neural-artistry.com\\\/wp-content\\\/uploads\\\/2025\\\/08\\\/Web-Black-logo-no-background-scaled.webp\",\"width\":2560,\"height\":976,\"caption\":\"Neural Artistry\"},\"image\":{\"@id\":\"https:\\\/\\\/www.neural-artistry.com\\\/#\\\/schema\\\/logo\\\/image\\\/\"}}]}<\/script>\n<!-- \/ Yoast SEO plugin. -->","yoast_head_json":{"title":"Tunnel Velocity - Cinematic Realism with Retro-Futurist Elements by Neural Artistry - Neural Artistry","robots":{"index":"index","follow":"follow","max-snippet":"max-snippet:-1","max-image-preview":"max-image-preview:large","max-video-preview":"max-video-preview:-1"},"canonical":"https:\/\/www.neural-artistry.com\/fr\/shop\/home-garden\/decor\/artwork\/posters-prints-visual-artwork\/tunnel-velocity-cinematic-realism-with-retro-futurist-elements-by-neural-artistry\/","og_locale":"fr_FR","og_type":"article","og_title":"Tunnel Velocity - Cinematic Realism with Retro-Futurist Elements by Neural Artistry - Neural Artistry","og_description":"Step into the extraordinary with **\u201cTunnel Velocity\u201d**, an exclusive, limited-edition sci-fi masterpiece. Printed on Hahnem\u00fchle FineArt paper with vibrant UltraChrome Pro inks, each certified print is signed and never reproduced.","og_url":"https:\/\/www.neural-artistry.com\/fr\/shop\/home-garden\/decor\/artwork\/posters-prints-visual-artwork\/tunnel-velocity-cinematic-realism-with-retro-futurist-elements-by-neural-artistry\/","og_site_name":"Neural Artistry","article_modified_time":"2025-05-06T13:27:07+00:00","og_image":[{"width":2560,"height":2560,"url":"https:\/\/www.neural-artistry.com\/wp-content\/uploads\/2024\/12\/neural-artistry-portfolio-78-scaled-1.jpg","type":"image\/jpeg"}],"twitter_card":"summary_large_image","twitter_misc":{"Dur\u00e9e de lecture estim\u00e9e":"3 minutes"},"schema":{"@context":"https:\/\/schema.org","@graph":[{"@type":"WebPage","@id":"https:\/\/www.neural-artistry.com\/fr\/shop\/home-garden\/decor\/artwork\/posters-prints-visual-artwork\/tunnel-velocity-cinematic-realism-with-retro-futurist-elements-by-neural-artistry\/","url":"https:\/\/www.neural-artistry.com\/fr\/shop\/home-garden\/decor\/artwork\/posters-prints-visual-artwork\/tunnel-velocity-cinematic-realism-with-retro-futurist-elements-by-neural-artistry\/","name":"Tunnel Velocity - Cinematic Realism with Retro-Futurist Elements by Neural Artistry - Neural Artistry","isPartOf":{"@id":"https:\/\/www.neural-artistry.com\/#website"},"primaryImageOfPage":{"@id":"https:\/\/www.neural-artistry.com\/fr\/shop\/home-garden\/decor\/artwork\/posters-prints-visual-artwork\/tunnel-velocity-cinematic-realism-with-retro-futurist-elements-by-neural-artistry\/#primaryimage"},"image":{"@id":"https:\/\/www.neural-artistry.com\/fr\/shop\/home-garden\/decor\/artwork\/posters-prints-visual-artwork\/tunnel-velocity-cinematic-realism-with-retro-futurist-elements-by-neural-artistry\/#primaryimage"},"thumbnailUrl":"https:\/\/www.neural-artistry.com\/wp-content\/uploads\/2024\/12\/neural-artistry-portfolio-78-scaled-1.jpg","datePublished":"2024-12-26T21:56:21+00:00","dateModified":"2025-05-06T13:27:07+00:00","breadcrumb":{"@id":"https:\/\/www.neural-artistry.com\/fr\/shop\/home-garden\/decor\/artwork\/posters-prints-visual-artwork\/tunnel-velocity-cinematic-realism-with-retro-futurist-elements-by-neural-artistry\/#breadcrumb"},"inLanguage":"fr-FR","potentialAction":[{"@type":"ReadAction","target":["https:\/\/www.neural-artistry.com\/fr\/shop\/home-garden\/decor\/artwork\/posters-prints-visual-artwork\/tunnel-velocity-cinematic-realism-with-retro-futurist-elements-by-neural-artistry\/"]}]},{"@type":"ImageObject","inLanguage":"fr-FR","@id":"https:\/\/www.neural-artistry.com\/fr\/shop\/home-garden\/decor\/artwork\/posters-prints-visual-artwork\/tunnel-velocity-cinematic-realism-with-retro-futurist-elements-by-neural-artistry\/#primaryimage","url":"https:\/\/www.neural-artistry.com\/wp-content\/uploads\/2024\/12\/neural-artistry-portfolio-78-scaled-1.jpg","contentUrl":"https:\/\/www.neural-artistry.com\/wp-content\/uploads\/2024\/12\/neural-artistry-portfolio-78-scaled-1.jpg","width":2560,"height":2560},{"@type":"BreadcrumbList","@id":"https:\/\/www.neural-artistry.com\/fr\/shop\/home-garden\/decor\/artwork\/posters-prints-visual-artwork\/tunnel-velocity-cinematic-realism-with-retro-futurist-elements-by-neural-artistry\/#breadcrumb","itemListElement":[{"@type":"ListItem","position":1,"name":"Home","item":"https:\/\/www.neural-artistry.com\/"},{"@type":"ListItem","position":2,"name":"Wall Art Prints \u2013 Custom Canvas &amp; Unique Posters","item":"https:\/\/www.neural-artistry.com\/"},{"@type":"ListItem","position":3,"name":"Tunnel Velocity &#8211; Cinematic Realism with Retro-Futurist Elements by Neural Artistry"}]},{"@type":"WebSite","@id":"https:\/\/www.neural-artistry.com\/#website","url":"https:\/\/www.neural-artistry.com\/","name":"Neural Artistry","description":"Affiches d&#039;art IA \u2013 Certifi\u00e9es, premium, vendues une seule fois","publisher":{"@id":"https:\/\/www.neural-artistry.com\/#organization"},"potentialAction":[{"@type":"SearchAction","target":{"@type":"EntryPoint","urlTemplate":"https:\/\/www.neural-artistry.com\/?s={search_term_string}"},"query-input":{"@type":"PropertyValueSpecification","valueRequired":true,"valueName":"search_term_string"}}],"inLanguage":"fr-FR"},{"@type":"Organization","@id":"https:\/\/www.neural-artistry.com\/#organization","name":"Neural Artistry","url":"https:\/\/www.neural-artistry.com\/","logo":{"@type":"ImageObject","inLanguage":"fr-FR","@id":"https:\/\/www.neural-artistry.com\/#\/schema\/logo\/image\/","url":"https:\/\/www.neural-artistry.com\/wp-content\/uploads\/2025\/08\/Web-Black-logo-no-background-scaled.webp","contentUrl":"https:\/\/www.neural-artistry.com\/wp-content\/uploads\/2025\/08\/Web-Black-logo-no-background-scaled.webp","width":2560,"height":976,"caption":"Neural Artistry"},"image":{"@id":"https:\/\/www.neural-artistry.com\/#\/schema\/logo\/image\/"}}]}},"uagb_featured_image_src":{"full":["https:\/\/www.neural-artistry.com\/wp-content\/uploads\/2024\/12\/neural-artistry-portfolio-78-scaled-1.jpg",2560,2560,false],"thumbnail":["https:\/\/www.neural-artistry.com\/wp-content\/uploads\/2024\/12\/neural-artistry-portfolio-78-scaled-1-150x150.jpg",150,150,true],"medium":["https:\/\/www.neural-artistry.com\/wp-content\/uploads\/2024\/12\/neural-artistry-portfolio-78-scaled-1-300x300.jpg",300,300,true],"medium_large":["https:\/\/www.neural-artistry.com\/wp-content\/uploads\/2024\/12\/neural-artistry-portfolio-78-scaled-1-768x768.jpg",768,768,true],"large":["https:\/\/www.neural-artistry.com\/wp-content\/uploads\/2024\/12\/neural-artistry-portfolio-78-scaled-1-1024x1024.jpg",1024,1024,true],"1536x1536":["https:\/\/www.neural-artistry.com\/wp-content\/uploads\/2024\/12\/neural-artistry-portfolio-78-scaled-1-1536x1536.jpg",1536,1536,true],"2048x2048":["https:\/\/www.neural-artistry.com\/wp-content\/uploads\/2024\/12\/neural-artistry-portfolio-78-scaled-1-2048x2048.jpg",2048,2048,true],"trp-custom-language-flag":["https:\/\/www.neural-artistry.com\/wp-content\/uploads\/2024\/12\/neural-artistry-portfolio-78-scaled-1-12x12.jpg",12,12,true],"woocommerce_thumbnail":["https:\/\/www.neural-artistry.com\/wp-content\/uploads\/2024\/12\/neural-artistry-portfolio-78-scaled-1-450x450.jpg",450,450,true],"woocommerce_single":["https:\/\/www.neural-artistry.com\/wp-content\/uploads\/2024\/12\/neural-artistry-portfolio-78-scaled-1-600x600.jpg",600,600,true],"woocommerce_gallery_thumbnail":["https:\/\/www.neural-artistry.com\/wp-content\/uploads\/2024\/12\/neural-artistry-portfolio-78-scaled-1-100x100.jpg",100,100,true]},"uagb_author_info":{"display_name":"flake","author_link":"https:\/\/www.neural-artistry.com\/fr\/author\/"},"uagb_comment_info":0,"uagb_excerpt":"Step into the extraordinary with **\u201cTunnel Velocity\u201d**, an exclusive, limited-edition sci-fi masterpiece. Printed on Hahnem\u00fchle FineArt paper with vibrant UltraChrome Pro inks, each certified print is signed and never reproduced.","_links":{"self":[{"href":"https:\/\/www.neural-artistry.com\/fr\/wp-json\/wp\/v2\/product\/1955","targetHints":{"allow":["GET"]}}],"collection":[{"href":"https:\/\/www.neural-artistry.com\/fr\/wp-json\/wp\/v2\/product"}],"about":[{"href":"https:\/\/www.neural-artistry.com\/fr\/wp-json\/wp\/v2\/types\/product"}],"replies":[{"embeddable":true,"href":"https:\/\/www.neural-artistry.com\/fr\/wp-json\/wp\/v2\/comments?post=1955"}],"wp:featuredmedia":[{"embeddable":true,"href":"https:\/\/www.neural-artistry.com\/fr\/wp-json\/wp\/v2\/media\/1954"}],"wp:attachment":[{"href":"https:\/\/www.neural-artistry.com\/fr\/wp-json\/wp\/v2\/media?parent=1955"}],"wp:term":[{"taxonomy":"product_brand","embeddable":true,"href":"https:\/\/www.neural-artistry.com\/fr\/wp-json\/wp\/v2\/product_brand?post=1955"},{"taxonomy":"product_cat","embeddable":true,"href":"https:\/\/www.neural-artistry.com\/fr\/wp-json\/wp\/v2\/product_cat?post=1955"},{"taxonomy":"product_tag","embeddable":true,"href":"https:\/\/www.neural-artistry.com\/fr\/wp-json\/wp\/v2\/product_tag?post=1955"}],"curies":[{"name":"wp","href":"https:\/\/api.w.org\/{rel}","templated":true}]}}