{"id":1965,"date":"2024-12-26T21:57:54","date_gmt":"2024-12-26T21:57:54","guid":{"rendered":"https:\/\/www.neural-artistry.com\/?post_type=product&#038;p=1965"},"modified":"2025-08-21T16:13:05","modified_gmt":"2025-08-21T16:13:05","slug":"chromatic-bond-surreal-pop-art-by-neural-artistry","status":"publish","type":"product","link":"https:\/\/www.neural-artistry.com\/fr\/shop\/home-garden\/decor\/artwork\/posters-prints-visual-artwork\/chromatic-bond-surreal-pop-art-by-neural-artistry\/","title":{"rendered":"Chromatic Bond \u2013 Pop Art surr\u00e9aliste de Neural Artistry"},"content":{"rendered":"<h3 style=\"color: #DCA54A;text-transform: uppercase;font-weight: bold\">Chromatic Bond \u2013 Pop Art surr\u00e9aliste de Neural Artistry<\/h3>\n<h4 style=\"color: #D09A40;text-transform: uppercase\">Introduction<\/h4>\n<p style=\"color: #FAF5E5\">Entrez dans un monde o\u00f9 les contrastes audacieux rencontrent une narration surr\u00e9aliste avec <strong>\u00ab Lien chromatique \u00bb<\/strong>, un chef-d&#039;\u0153uvre unique en son genre qui capte le regard et stimule l&#039;imagination. Des cheveux turquoise flottants du personnage central - une cascade d&#039;\u00e9nergie \u00e9lectrique - \u00e0 son v\u00eatement cramoisi et \u00e0 son maquillage rouge \u00e9clatant qui respirent l&#039;\u00e9l\u00e9gance et l&#039;individualit\u00e9, cette pi\u00e8ce est une c\u00e9l\u00e9bration des contrastes. Une touche ludique \u00e9merge avec le porcelet rose pastel berc\u00e9 dans ses bras, offrant un \u00e9quilibre fantaisiste \u00e0 la composition vive et dynamique. Les accents incrust\u00e9s de bijoux scintillent sur un fond rose vif, cr\u00e9ant une symphonie de couleurs et de textures aussi captivante qu&#039;unique.<\/p>\n<p style=\"color: #FAF5E5\">R\u00e9alis\u00e9e dans le style distinctif du pop art et du surr\u00e9alisme, \u00ab Chromatic Bond \u00bb explore les th\u00e8mes de l&#039;individualit\u00e9, de l&#039;identit\u00e9 et de la juxtaposition de la sophistication et de l&#039;espi\u00e8glerie. Disponible exclusivement sous forme d&#039;affiche imprim\u00e9e de qualit\u00e9 mus\u00e9e, cette \u0153uvre d&#039;art apporte une esth\u00e9tique audacieuse et futuriste et un charme fantaisiste \u00e0 n&#039;importe quel espace.<\/p>\n<h4 style=\"color: #D09A40;text-transform: uppercase\">Tailles et formats<\/h4>\n<p style=\"color: #FAF5E5\">Cette affiche exclusive est disponible dans les tailles suivantes, garantissant un ajustement parfait \u00e0 votre espace :<\/p>\n<ul style=\"color: #FAF5E5\">\n<li> <strong>21 \u00d7 12,51 cm<\/strong><\/li>\n<li> <strong>29,7 \u00d7 17,69 cm<\/strong><\/li>\n<li> <strong>32,9 \u00d7 19,59 cm<\/strong><\/li>\n<li> <strong>42 \u00d7 25,01 cm<\/strong><\/li>\n<\/ul>\n<p style=\"color: #FAF5E5\">Avec un choix de <strong>mat<\/strong> ou <strong>brillant<\/strong> finitions, chaque tirage est livr\u00e9 sans bordure pour un affichage \u00e9pur\u00e9 et contemporain.<\/p>\n<h4 style=\"color: #D09A40;text-transform: uppercase\">Savoir-faire et qualit\u00e9<\/h4>\n<p style=\"color: #FAF5E5\">Chaque affiche \u00ab Chromatic Bond \u00bb est r\u00e9alis\u00e9e \u00e0 la perfection sur des supports premium <strong>Papier FineArt Hahnem\u00fchle<\/strong>, connu pour sa texture luxueuse et sa qualit\u00e9 d&#039;archivage. Imprim\u00e9 avec <strong>Encres UltraChrome Pro<\/strong>, cette \u0153uvre d&#039;art est r\u00e9sistante \u00e0 la d\u00e9coloration et d&#039;une durabilit\u00e9 digne d&#039;un mus\u00e9e, ce qui garantit que l&#039;\u00e9clat et la brillance de l&#039;\u0153uvre d&#039;art dureront des d\u00e9cennies. Que vous choisissiez une finition mate ou brillante, la finition met en valeur les d\u00e9tails complexes et les couleurs vives qui rendent cette \u0153uvre d&#039;art si extraordinaire.<\/p>\n<h4 style=\"color: #D09A40;text-transform: uppercase\">Certificat d&#039;authenticit\u00e9 et d&#039;exclusivit\u00e9<\/h4>\n<p style=\"color: #FAF5E5\">Poss\u00e9dez un v\u00e9ritable objet de collection avec \u00ab Chromatic Bond \u00bb. Chaque tirage est un <strong>pi\u00e8ce unique<\/strong>, vendu exclusivement une fois et jamais reproduit. Votre achat comprend une <strong>Certificat d&#039;authenticit\u00e9 sign\u00e9<\/strong>, consolidant ainsi son statut d&#039;ajout unique \u00e0 votre collection d&#039;art.<\/p>\n<h4 style=\"color: #D09A40;text-transform: uppercase\">Utilisation id\u00e9ale et suggestions de d\u00e9coration<\/h4>\n<p style=\"color: #FAF5E5\">\u00ab Chromatic Bond \u00bb est une pi\u00e8ce polyvalente qui peut transformer n\u2019importe quelle pi\u00e8ce en une galerie de cr\u00e9ativit\u00e9 et d\u2019individualit\u00e9. Voici quelques suggestions de d\u00e9coration :<\/p>\n<ul style=\"color: #FAF5E5\">\n<li> <strong>Salon:<\/strong> Un point focal dynamique qui dynamise votre espace.<\/li>\n<li> <strong>Bureau:<\/strong> Inspirez la cr\u00e9ativit\u00e9 et la pens\u00e9e audacieuse avec cette pi\u00e8ce saisissante.<\/li>\n<li> <strong>Configuration de jeu\u00a0:<\/strong> Ajoutez une touche de couleur et un charme surr\u00e9aliste \u00e0 votre paradis de jeu.<\/li>\n<\/ul>\n<p style=\"color: #FAF5E5\">C&#039;est \u00e9galement un cadeau attentionn\u00e9 et unique pour les amateurs d&#039;art, les passionn\u00e9s de design moderne ou toute personne appr\u00e9ciant l&#039;art mural contemporain.<\/p>\n<h3 style=\"color: #DCA54A;text-transform: uppercase;font-weight: bold\">Am\u00e9liorez votre espace avec Chromatic Bond d\u00e8s aujourd&#039;hui<\/h3>\n<p style=\"color: #FAF5E5\">Ne manquez pas l&#039;occasion de poss\u00e9der cette affiche exclusive et unique en son genre qui red\u00e9finit l&#039;expression artistique moderne. Avec ses mat\u00e9riaux haut de gamme, ses couleurs vives et son r\u00e9cit imaginatif, \u00ab Chromatic Bond \u00bb est plus qu&#039;une simple \u0153uvre d&#039;art murale : c&#039;est une d\u00e9claration d&#039;individualit\u00e9 et de cr\u00e9ativit\u00e9.<\/p>\n<p style=\"color: #FAF5E5\">Que vous soyez un collectionneur d&#039;art passionn\u00e9, un d\u00e9corateur d&#039;int\u00e9rieur ou une personne cherchant \u00e0 rehausser la d\u00e9coration de sa maison ou de son bureau, cette impression de qualit\u00e9 mus\u00e9e est le choix parfait. Agissez maintenant pour vous procurer votre pi\u00e8ce de cette \u0153uvre d&#039;art audacieuse, surr\u00e9aliste et captivante.<\/p>\n<div style=\"background: linear-gradient(to right, #DCA54A, #D09A40);color: #FFFFFF;text-align: center;padding: 10px;border-radius: 5px;font-weight: bold;margin-top: 20px\"> Achetez \u00ab Chromatic Bond \u2013 Surreal Pop Art by Neural Artistry \u00bb d\u00e8s aujourd\u2019hui et faites-en la pi\u00e8ce ma\u00eetresse de votre d\u00e9coration ! <\/div>","protected":false},"excerpt":{"rendered":"<p style=\"color: #FAF5E5;font-weight: bold\">Plongez dans le surr\u00e9alisme audacieux de <strong>\u00ab Lien chromatique \u00bb<\/strong>, un v\u00e9ritable <strong>unique en son genre<\/strong> chef-d&#039;\u0153uvre pop art. Imprim\u00e9 sur du papier premium <strong>Papier FineArt Hahnem\u00fchle<\/strong> avec <strong>Encres UltraChrome Pro<\/strong>, il comprend un <strong>Certificat d&#039;authenticit\u00e9 sign\u00e9<\/strong>.<\/p>","protected":false},"featured_media":1964,"comment_status":"open","ping_status":"closed","template":"","meta":{"_uag_custom_page_level_css":""},"product_brand":[874],"product_cat":[726,744,725,1268,731],"product_tag":[],"class_list":{"0":"post-1965","1":"product","2":"type-product","3":"status-publish","4":"has-post-thumbnail","6":"product_brand-neural-artistry","7":"product_cat-animals","8":"product_cat-pop-culture","9":"product_cat-portraits","10":"product_cat-posters-prints-visual-artwork","11":"product_cat-surrealism","12":"product_shipping_class-chronopost","13":"pa_finish-type-glossy-finish","14":"pa_finish-type-matte-finish","15":"pa_margins-with","16":"pa_margins-without","17":"pa_medium-technique-digital-painting","18":"pa_medium-technique-photomanipulation","19":"pa_mood-ambiance-bold","20":"pa_mood-ambiance-futuristic","21":"pa_mood-ambiance-surreal","22":"pa_mood-ambiance-vibrant","23":"pa_mood-ambiance-whimsical","24":"pa_orientation-horizontal","25":"pa_size-21-00cmx12-51cm","26":"pa_size-29-70cmx17-69cm","27":"pa_size-32-90cmx19-59cm","28":"pa_size-42-00cmx25-01cm","29":"pa_style-movement-concept-art","30":"pa_style-movement-pop-art","31":"pa_style-movement-surrealism","33":"first","34":"instock","35":"sold-individually","36":"taxable","37":"shipping-taxable","38":"purchasable","39":"product-type-variable","40":"has-default-attributes"},"yoast_head":"<!-- This site is optimized with the Yoast SEO plugin v27.5 - https:\/\/yoast.com\/product\/yoast-seo-wordpress\/ -->\n<title>Chromatic Bond - Surreal Pop Art by Neural Artistry - Neural Artistry<\/title>\n<meta name=\"robots\" content=\"index, follow, max-snippet:-1, max-image-preview:large, max-video-preview:-1\" \/>\n<link rel=\"canonical\" href=\"https:\/\/www.neural-artistry.com\/fr\/shop\/home-garden\/decor\/artwork\/posters-prints-visual-artwork\/chromatic-bond-surreal-pop-art-by-neural-artistry\/\" \/>\n<meta property=\"og:locale\" content=\"fr_FR\" \/>\n<meta property=\"og:type\" content=\"article\" \/>\n<meta property=\"og:title\" content=\"Chromatic Bond - Surreal Pop Art by Neural Artistry - Neural Artistry\" \/>\n<meta property=\"og:description\" content=\"Immerse yourself in the bold surrealism of &quot;Chromatic Bond&quot;, a truly one-of-a-kind pop art masterpiece. Printed on premium Hahnem\u00fchle FineArt paper with UltraChrome Pro inks, it includes a signed Certificate of Authenticity.\" \/>\n<meta property=\"og:url\" content=\"https:\/\/www.neural-artistry.com\/fr\/shop\/home-garden\/decor\/artwork\/posters-prints-visual-artwork\/chromatic-bond-surreal-pop-art-by-neural-artistry\/\" \/>\n<meta property=\"og:site_name\" content=\"Neural Artistry\" \/>\n<meta property=\"article:modified_time\" content=\"2025-08-21T16:13:05+00:00\" \/>\n<meta property=\"og:image\" content=\"https:\/\/www.neural-artistry.com\/wp-content\/uploads\/2024\/12\/neural-artistry-portfolio-73-scaled-1.jpg\" \/>\n\t<meta property=\"og:image:width\" content=\"2560\" \/>\n\t<meta property=\"og:image:height\" content=\"1525\" \/>\n\t<meta property=\"og:image:type\" content=\"image\/jpeg\" \/>\n<meta name=\"twitter:card\" content=\"summary_large_image\" \/>\n<meta name=\"twitter:label1\" content=\"Dur\u00e9e de lecture estim\u00e9e\" \/>\n\t<meta name=\"twitter:data1\" content=\"3 minutes\" \/>\n<script type=\"application\/ld+json\" class=\"yoast-schema-graph\">{\"@context\":\"https:\\\/\\\/schema.org\",\"@graph\":[{\"@type\":\"WebPage\",\"@id\":\"https:\\\/\\\/www.neural-artistry.com\\\/shop\\\/home-garden\\\/decor\\\/artwork\\\/posters-prints-visual-artwork\\\/chromatic-bond-surreal-pop-art-by-neural-artistry\\\/\",\"url\":\"https:\\\/\\\/www.neural-artistry.com\\\/shop\\\/home-garden\\\/decor\\\/artwork\\\/posters-prints-visual-artwork\\\/chromatic-bond-surreal-pop-art-by-neural-artistry\\\/\",\"name\":\"Chromatic Bond - Surreal Pop Art by Neural Artistry - Neural Artistry\",\"isPartOf\":{\"@id\":\"https:\\\/\\\/www.neural-artistry.com\\\/#website\"},\"primaryImageOfPage\":{\"@id\":\"https:\\\/\\\/www.neural-artistry.com\\\/shop\\\/home-garden\\\/decor\\\/artwork\\\/posters-prints-visual-artwork\\\/chromatic-bond-surreal-pop-art-by-neural-artistry\\\/#primaryimage\"},\"image\":{\"@id\":\"https:\\\/\\\/www.neural-artistry.com\\\/shop\\\/home-garden\\\/decor\\\/artwork\\\/posters-prints-visual-artwork\\\/chromatic-bond-surreal-pop-art-by-neural-artistry\\\/#primaryimage\"},\"thumbnailUrl\":\"https:\\\/\\\/www.neural-artistry.com\\\/wp-content\\\/uploads\\\/2024\\\/12\\\/neural-artistry-portfolio-73-scaled-1.jpg\",\"datePublished\":\"2024-12-26T21:57:54+00:00\",\"dateModified\":\"2025-08-21T16:13:05+00:00\",\"breadcrumb\":{\"@id\":\"https:\\\/\\\/www.neural-artistry.com\\\/shop\\\/home-garden\\\/decor\\\/artwork\\\/posters-prints-visual-artwork\\\/chromatic-bond-surreal-pop-art-by-neural-artistry\\\/#breadcrumb\"},\"inLanguage\":\"fr-FR\",\"potentialAction\":[{\"@type\":\"ReadAction\",\"target\":[\"https:\\\/\\\/www.neural-artistry.com\\\/shop\\\/home-garden\\\/decor\\\/artwork\\\/posters-prints-visual-artwork\\\/chromatic-bond-surreal-pop-art-by-neural-artistry\\\/\"]}]},{\"@type\":\"ImageObject\",\"inLanguage\":\"fr-FR\",\"@id\":\"https:\\\/\\\/www.neural-artistry.com\\\/shop\\\/home-garden\\\/decor\\\/artwork\\\/posters-prints-visual-artwork\\\/chromatic-bond-surreal-pop-art-by-neural-artistry\\\/#primaryimage\",\"url\":\"https:\\\/\\\/www.neural-artistry.com\\\/wp-content\\\/uploads\\\/2024\\\/12\\\/neural-artistry-portfolio-73-scaled-1.jpg\",\"contentUrl\":\"https:\\\/\\\/www.neural-artistry.com\\\/wp-content\\\/uploads\\\/2024\\\/12\\\/neural-artistry-portfolio-73-scaled-1.jpg\",\"width\":2560,\"height\":1525},{\"@type\":\"BreadcrumbList\",\"@id\":\"https:\\\/\\\/www.neural-artistry.com\\\/shop\\\/home-garden\\\/decor\\\/artwork\\\/posters-prints-visual-artwork\\\/chromatic-bond-surreal-pop-art-by-neural-artistry\\\/#breadcrumb\",\"itemListElement\":[{\"@type\":\"ListItem\",\"position\":1,\"name\":\"Home\",\"item\":\"https:\\\/\\\/www.neural-artistry.com\\\/\"},{\"@type\":\"ListItem\",\"position\":2,\"name\":\"Wall Art Prints \u2013 Custom Canvas &amp; Unique Posters\",\"item\":\"https:\\\/\\\/www.neural-artistry.com\\\/\"},{\"@type\":\"ListItem\",\"position\":3,\"name\":\"Chromatic Bond &#8211; Surreal Pop Art by Neural Artistry\"}]},{\"@type\":\"WebSite\",\"@id\":\"https:\\\/\\\/www.neural-artistry.com\\\/#website\",\"url\":\"https:\\\/\\\/www.neural-artistry.com\\\/\",\"name\":\"Neural Artistry\",\"description\":\"AI Art Posters \u2013 Certified, Premium, Sold Only Once\",\"publisher\":{\"@id\":\"https:\\\/\\\/www.neural-artistry.com\\\/#organization\"},\"potentialAction\":[{\"@type\":\"SearchAction\",\"target\":{\"@type\":\"EntryPoint\",\"urlTemplate\":\"https:\\\/\\\/www.neural-artistry.com\\\/?s={search_term_string}\"},\"query-input\":{\"@type\":\"PropertyValueSpecification\",\"valueRequired\":true,\"valueName\":\"search_term_string\"}}],\"inLanguage\":\"fr-FR\"},{\"@type\":\"Organization\",\"@id\":\"https:\\\/\\\/www.neural-artistry.com\\\/#organization\",\"name\":\"Neural Artistry\",\"url\":\"https:\\\/\\\/www.neural-artistry.com\\\/\",\"logo\":{\"@type\":\"ImageObject\",\"inLanguage\":\"fr-FR\",\"@id\":\"https:\\\/\\\/www.neural-artistry.com\\\/#\\\/schema\\\/logo\\\/image\\\/\",\"url\":\"https:\\\/\\\/www.neural-artistry.com\\\/wp-content\\\/uploads\\\/2025\\\/08\\\/Web-Black-logo-no-background-scaled.webp\",\"contentUrl\":\"https:\\\/\\\/www.neural-artistry.com\\\/wp-content\\\/uploads\\\/2025\\\/08\\\/Web-Black-logo-no-background-scaled.webp\",\"width\":2560,\"height\":976,\"caption\":\"Neural Artistry\"},\"image\":{\"@id\":\"https:\\\/\\\/www.neural-artistry.com\\\/#\\\/schema\\\/logo\\\/image\\\/\"}}]}<\/script>\n<!-- \/ Yoast SEO plugin. -->","yoast_head_json":{"title":"Chromatic Bond - Surreal Pop Art by Neural Artistry - Neural Artistry","robots":{"index":"index","follow":"follow","max-snippet":"max-snippet:-1","max-image-preview":"max-image-preview:large","max-video-preview":"max-video-preview:-1"},"canonical":"https:\/\/www.neural-artistry.com\/fr\/shop\/home-garden\/decor\/artwork\/posters-prints-visual-artwork\/chromatic-bond-surreal-pop-art-by-neural-artistry\/","og_locale":"fr_FR","og_type":"article","og_title":"Chromatic Bond - Surreal Pop Art by Neural Artistry - Neural Artistry","og_description":"Immerse yourself in the bold surrealism of \"Chromatic Bond\", a truly one-of-a-kind pop art masterpiece. Printed on premium Hahnem\u00fchle FineArt paper with UltraChrome Pro inks, it includes a signed Certificate of Authenticity.","og_url":"https:\/\/www.neural-artistry.com\/fr\/shop\/home-garden\/decor\/artwork\/posters-prints-visual-artwork\/chromatic-bond-surreal-pop-art-by-neural-artistry\/","og_site_name":"Neural Artistry","article_modified_time":"2025-08-21T16:13:05+00:00","og_image":[{"width":2560,"height":1525,"url":"https:\/\/www.neural-artistry.com\/wp-content\/uploads\/2024\/12\/neural-artistry-portfolio-73-scaled-1.jpg","type":"image\/jpeg"}],"twitter_card":"summary_large_image","twitter_misc":{"Dur\u00e9e de lecture estim\u00e9e":"3 minutes"},"schema":{"@context":"https:\/\/schema.org","@graph":[{"@type":"WebPage","@id":"https:\/\/www.neural-artistry.com\/shop\/home-garden\/decor\/artwork\/posters-prints-visual-artwork\/chromatic-bond-surreal-pop-art-by-neural-artistry\/","url":"https:\/\/www.neural-artistry.com\/shop\/home-garden\/decor\/artwork\/posters-prints-visual-artwork\/chromatic-bond-surreal-pop-art-by-neural-artistry\/","name":"Chromatic Bond - Surreal Pop Art by Neural Artistry - Neural Artistry","isPartOf":{"@id":"https:\/\/www.neural-artistry.com\/#website"},"primaryImageOfPage":{"@id":"https:\/\/www.neural-artistry.com\/shop\/home-garden\/decor\/artwork\/posters-prints-visual-artwork\/chromatic-bond-surreal-pop-art-by-neural-artistry\/#primaryimage"},"image":{"@id":"https:\/\/www.neural-artistry.com\/shop\/home-garden\/decor\/artwork\/posters-prints-visual-artwork\/chromatic-bond-surreal-pop-art-by-neural-artistry\/#primaryimage"},"thumbnailUrl":"https:\/\/www.neural-artistry.com\/wp-content\/uploads\/2024\/12\/neural-artistry-portfolio-73-scaled-1.jpg","datePublished":"2024-12-26T21:57:54+00:00","dateModified":"2025-08-21T16:13:05+00:00","breadcrumb":{"@id":"https:\/\/www.neural-artistry.com\/shop\/home-garden\/decor\/artwork\/posters-prints-visual-artwork\/chromatic-bond-surreal-pop-art-by-neural-artistry\/#breadcrumb"},"inLanguage":"fr-FR","potentialAction":[{"@type":"ReadAction","target":["https:\/\/www.neural-artistry.com\/shop\/home-garden\/decor\/artwork\/posters-prints-visual-artwork\/chromatic-bond-surreal-pop-art-by-neural-artistry\/"]}]},{"@type":"ImageObject","inLanguage":"fr-FR","@id":"https:\/\/www.neural-artistry.com\/shop\/home-garden\/decor\/artwork\/posters-prints-visual-artwork\/chromatic-bond-surreal-pop-art-by-neural-artistry\/#primaryimage","url":"https:\/\/www.neural-artistry.com\/wp-content\/uploads\/2024\/12\/neural-artistry-portfolio-73-scaled-1.jpg","contentUrl":"https:\/\/www.neural-artistry.com\/wp-content\/uploads\/2024\/12\/neural-artistry-portfolio-73-scaled-1.jpg","width":2560,"height":1525},{"@type":"BreadcrumbList","@id":"https:\/\/www.neural-artistry.com\/shop\/home-garden\/decor\/artwork\/posters-prints-visual-artwork\/chromatic-bond-surreal-pop-art-by-neural-artistry\/#breadcrumb","itemListElement":[{"@type":"ListItem","position":1,"name":"Home","item":"https:\/\/www.neural-artistry.com\/"},{"@type":"ListItem","position":2,"name":"Wall Art Prints \u2013 Custom Canvas &amp; Unique Posters","item":"https:\/\/www.neural-artistry.com\/"},{"@type":"ListItem","position":3,"name":"Chromatic Bond &#8211; Surreal Pop Art by Neural Artistry"}]},{"@type":"WebSite","@id":"https:\/\/www.neural-artistry.com\/#website","url":"https:\/\/www.neural-artistry.com\/","name":"Neural Artistry","description":"Affiches d&#039;art IA \u2013 Certifi\u00e9es, premium, vendues une seule fois","publisher":{"@id":"https:\/\/www.neural-artistry.com\/#organization"},"potentialAction":[{"@type":"SearchAction","target":{"@type":"EntryPoint","urlTemplate":"https:\/\/www.neural-artistry.com\/?s={search_term_string}"},"query-input":{"@type":"PropertyValueSpecification","valueRequired":true,"valueName":"search_term_string"}}],"inLanguage":"fr-FR"},{"@type":"Organization","@id":"https:\/\/www.neural-artistry.com\/#organization","name":"Neural Artistry","url":"https:\/\/www.neural-artistry.com\/","logo":{"@type":"ImageObject","inLanguage":"fr-FR","@id":"https:\/\/www.neural-artistry.com\/#\/schema\/logo\/image\/","url":"https:\/\/www.neural-artistry.com\/wp-content\/uploads\/2025\/08\/Web-Black-logo-no-background-scaled.webp","contentUrl":"https:\/\/www.neural-artistry.com\/wp-content\/uploads\/2025\/08\/Web-Black-logo-no-background-scaled.webp","width":2560,"height":976,"caption":"Neural Artistry"},"image":{"@id":"https:\/\/www.neural-artistry.com\/#\/schema\/logo\/image\/"}}]}},"uagb_featured_image_src":{"full":["https:\/\/www.neural-artistry.com\/wp-content\/uploads\/2024\/12\/neural-artistry-portfolio-73-scaled-1.jpg",2560,1525,false],"thumbnail":["https:\/\/www.neural-artistry.com\/wp-content\/uploads\/2024\/12\/neural-artistry-portfolio-73-scaled-1-150x150.jpg",150,150,true],"medium":["https:\/\/www.neural-artistry.com\/wp-content\/uploads\/2024\/12\/neural-artistry-portfolio-73-scaled-1-300x179.jpg",300,179,true],"medium_large":["https:\/\/www.neural-artistry.com\/wp-content\/uploads\/2024\/12\/neural-artistry-portfolio-73-scaled-1-768x458.jpg",768,458,true],"large":["https:\/\/www.neural-artistry.com\/wp-content\/uploads\/2024\/12\/neural-artistry-portfolio-73-scaled-1-1024x610.jpg",1024,610,true],"1536x1536":["https:\/\/www.neural-artistry.com\/wp-content\/uploads\/2024\/12\/neural-artistry-portfolio-73-scaled-1-1536x915.jpg",1536,915,true],"2048x2048":["https:\/\/www.neural-artistry.com\/wp-content\/uploads\/2024\/12\/neural-artistry-portfolio-73-scaled-1-2048x1220.jpg",2048,1220,true],"trp-custom-language-flag":["https:\/\/www.neural-artistry.com\/wp-content\/uploads\/2024\/12\/neural-artistry-portfolio-73-scaled-1-18x12.jpg",18,12,true],"woocommerce_thumbnail":["https:\/\/www.neural-artistry.com\/wp-content\/uploads\/2024\/12\/neural-artistry-portfolio-73-scaled-1-450x450.jpg",450,450,true],"woocommerce_single":["https:\/\/www.neural-artistry.com\/wp-content\/uploads\/2024\/12\/neural-artistry-portfolio-73-scaled-1-600x357.jpg",600,357,true],"woocommerce_gallery_thumbnail":["https:\/\/www.neural-artistry.com\/wp-content\/uploads\/2024\/12\/neural-artistry-portfolio-73-scaled-1-100x100.jpg",100,100,true]},"uagb_author_info":{"display_name":"flake","author_link":"https:\/\/www.neural-artistry.com\/fr\/author\/"},"uagb_comment_info":0,"uagb_excerpt":"Immerse yourself in the bold surrealism of \"Chromatic Bond\", a truly one-of-a-kind pop art masterpiece. Printed on premium Hahnem\u00fchle FineArt paper with UltraChrome Pro inks, it includes a signed Certificate of Authenticity.","_links":{"self":[{"href":"https:\/\/www.neural-artistry.com\/fr\/wp-json\/wp\/v2\/product\/1965","targetHints":{"allow":["GET"]}}],"collection":[{"href":"https:\/\/www.neural-artistry.com\/fr\/wp-json\/wp\/v2\/product"}],"about":[{"href":"https:\/\/www.neural-artistry.com\/fr\/wp-json\/wp\/v2\/types\/product"}],"replies":[{"embeddable":true,"href":"https:\/\/www.neural-artistry.com\/fr\/wp-json\/wp\/v2\/comments?post=1965"}],"wp:featuredmedia":[{"embeddable":true,"href":"https:\/\/www.neural-artistry.com\/fr\/wp-json\/wp\/v2\/media\/1964"}],"wp:attachment":[{"href":"https:\/\/www.neural-artistry.com\/fr\/wp-json\/wp\/v2\/media?parent=1965"}],"wp:term":[{"taxonomy":"product_brand","embeddable":true,"href":"https:\/\/www.neural-artistry.com\/fr\/wp-json\/wp\/v2\/product_brand?post=1965"},{"taxonomy":"product_cat","embeddable":true,"href":"https:\/\/www.neural-artistry.com\/fr\/wp-json\/wp\/v2\/product_cat?post=1965"},{"taxonomy":"product_tag","embeddable":true,"href":"https:\/\/www.neural-artistry.com\/fr\/wp-json\/wp\/v2\/product_tag?post=1965"}],"curies":[{"name":"wp","href":"https:\/\/api.w.org\/{rel}","templated":true}]}}