{"id":1973,"date":"2024-12-26T21:58:56","date_gmt":"2024-12-26T21:58:56","guid":{"rendered":"https:\/\/www.neural-artistry.com\/?post_type=product&#038;p=1973"},"modified":"2025-05-06T13:26:31","modified_gmt":"2025-05-06T13:26:31","slug":"spectral-procession-monochromatic-surrealism-by-neural-artistry","status":"publish","type":"product","link":"https:\/\/www.neural-artistry.com\/fr\/shop\/home-garden\/decor\/artwork\/posters-prints-visual-artwork\/spectral-procession-monochromatic-surrealism-by-neural-artistry\/","title":{"rendered":"Procession spectrale \u2013 Surr\u00e9alisme monochromatique par Neural Artistry"},"content":{"rendered":"<h3 style=\"color: #DCA54A;text-transform: uppercase;font-weight: bold\">Procession spectrale \u2013 Surr\u00e9alisme monochromatique par Neural Artistry<\/h3>\n<h4 style=\"color: #D09A40;text-transform: uppercase\">Introduction<\/h4>\n<p style=\"color: #FAF5E5\">Entrez dans les profondeurs d&#039;une beaut\u00e9 envo\u00fbtante de <em>\u00ab Procession spectrale \u2013 Surr\u00e9alisme monochromatique \u00bb<\/em>, une cr\u00e9ation unique en son genre de Neural Artistry. Ce chef-d&#039;\u0153uvre \u00e9vocateur vous invite dans un royaume surr\u00e9aliste o\u00f9 des formes spectrales sans visage d\u00e9rivent dans un vide infini de lumi\u00e8re et d&#039;ombre. L&#039;interaction d\u00e9licate de textures fluides et de tons monochromes att\u00e9nu\u00e9s cr\u00e9e un sentiment de myst\u00e8re \u00e9th\u00e9r\u00e9 et d&#039;introspection, ce qui en fait une \u0153uvre d&#039;art moderne vraiment inoubliable. Chaque regard r\u00e9v\u00e8le de nouvelles couches de profondeur, invitant \u00e0 une interpr\u00e9tation personnelle et \u00e0 une admiration sans fin.<\/p>\n<p style=\"color: #FAF5E5\">R\u00e9alis\u00e9e avec la pr\u00e9cision d&#039;une \u0153uvre d&#039;art de pointe g\u00e9n\u00e9r\u00e9e par l&#039;IA et d&#039;un rendu 3D, cette \u0153uvre d&#039;art est imprim\u00e9e sur les meilleurs mat\u00e9riaux pour donner vie \u00e0 son ambiance envo\u00fbtante. Que vous soyez un collectionneur chevronn\u00e9 ou que vous recherchiez une pi\u00e8ce de d\u00e9claration pour votre espace contemporain, <em>\u00ab Procession spectrale \u00bb<\/em> est un ajout intemporel \u00e0 toute collection d&#039;art.<\/p>\n<h4 style=\"color: #D09A40;text-transform: uppercase\">Tailles et formats<\/h4>\n<p style=\"color: #FAF5E5\">Cette affiche exclusive est disponible dans les tailles suivantes, chacune soigneusement adapt\u00e9e \u00e0 vos besoins de d\u00e9coration : <\/p>\n<ul>\n<li style=\"color: #FAF5E5;font-weight: bold\">21 \u00d7 21 cm (8,3\u2033 \u00d7 8,3\u2033)<\/li>\n<li style=\"color: #FAF5E5;font-weight: bold\">29,7 \u00d7 29,7 cm (11,7\u2033 \u00d7 11,7\u2033)<\/li>\n<li style=\"color: #FAF5E5;font-weight: bold\">32,9 \u00d7 32,9 cm (12,9\u2033 \u00d7 12,9\u2033)<\/li>\n<li style=\"color: #FAF5E5;font-weight: bold\">42 \u00d7 42 cm (16,5\u2033 \u00d7 16,5\u2033)<\/li>\n<\/ul>\n<p style=\"color: #FAF5E5\">Choisissez entre une finition **mate** ou **brillante** en fonction de votre esth\u00e9tique personnelle. Chaque impression est sans bordure, garantissant une exp\u00e9rience de visualisation fluide et immersive.<\/p>\n<h4 style=\"color: #D09A40;text-transform: uppercase\">Savoir-faire et qualit\u00e9<\/h4>\n<p style=\"color: #FAF5E5\">B\u00e9n\u00e9ficiez d&#039;une qualit\u00e9 in\u00e9gal\u00e9e avec cette affiche haut de gamme, m\u00e9ticuleusement imprim\u00e9e sur du **papier Hahnem\u00fchle FineArt** avec des **encres UltraChrome Pro**. Ces mat\u00e9riaux de qualit\u00e9 mus\u00e9ale garantissent une finition \u00e9clatante et r\u00e9sistante \u00e0 la d\u00e9coloration qui r\u00e9sistera \u00e0 l&#039;\u00e9preuve du temps. Con\u00e7ue dans un souci de durabilit\u00e9 archivistique, chaque d\u00e9tail de <em>\u00ab Procession spectrale \u00bb<\/em> rayonne de sophistication et de savoir-faire, ce qui en fait une pi\u00e8ce ma\u00eetresse digne de n&#039;importe quel espace.<\/p>\n<h4 style=\"color: #D09A40;text-transform: uppercase\">Certificat d&#039;authenticit\u00e9 et d&#039;exclusivit\u00e9<\/h4>\n<p style=\"color: #FAF5E5\">Ce n\u2019est pas seulement de l\u2019art, c\u2019est un **chef-d\u2019\u0153uvre exclusif et unique en son genre**. <em>\u00ab Procession spectrale \u00bb<\/em> ne sera vendu qu&#039;une seule fois, ce qui garantit son caract\u00e8re unique et sa valeur. Chaque tirage est accompagn\u00e9 d&#039;un **Certificat d&#039;authenticit\u00e9** sign\u00e9, consolidant son statut de tr\u00e9sor de collection. Poss\u00e9dez un morceau de surr\u00e9alisme moderne comme aucun autre.<\/p>\n<h4 style=\"color: #D09A40;text-transform: uppercase\">Utilisation id\u00e9ale et suggestions de d\u00e9coration<\/h4>\n<p style=\"color: #FAF5E5\">Parfait pour une vari\u00e9t\u00e9 de styles d&#039;int\u00e9rieur, <em>\u00ab Procession spectrale \u00bb<\/em> ajoute une touche de myst\u00e8re et d&#039;\u00e9l\u00e9gance \u00e0 n&#039;importe quel espace. Voici quelques id\u00e9es de placement\u00a0:<\/p>\n<ul>\n<li style=\"color: #FAF5E5;font-weight: bold\"> Salon : Cr\u00e9ez un point focal captivant au-dessus d\u2019un canap\u00e9 ou d\u2019une chemin\u00e9e.<\/li>\n<li style=\"color: #FAF5E5;font-weight: bold\"> Bureau : Inspirez la cr\u00e9ativit\u00e9 et l&#039;introspection dans votre espace professionnel.<\/li>\n<li style=\"color: #FAF5E5;font-weight: bold\"> Salle de jeux : am\u00e9liorez votre configuration avec son esth\u00e9tique surr\u00e9aliste et surnaturelle.<\/li>\n<li style=\"color: #FAF5E5;font-weight: bold\"> Id\u00e9e cadeau : Un cadeau significatif et exclusif pour les amateurs d&#039;art et les collectionneurs.<\/li>\n<\/ul>\n<h4 style=\"color: #D09A40;text-transform: uppercase\">Transformez votre espace aujourd&#039;hui<\/h4>\n<p style=\"color: #FAF5E5\">Ne manquez pas l&#039;opportunit\u00e9 de poss\u00e9der cette \u0153uvre d&#039;art \u00e0 couper le souffle et unique en son genre. <em>\u00ab Procession spectrale \u2013 Surr\u00e9alisme monochromatique \u00bb<\/em> rehaussez votre espace avec sa beaut\u00e9 \u00e9th\u00e9r\u00e9e et son r\u00e9cit profond. Son attrait intemporel garantit qu&#039;il restera un \u00e9l\u00e9ment pr\u00e9cieux de votre d\u00e9cor pour les ann\u00e9es \u00e0 venir.<\/p>\n<div style=\"background: linear-gradient(to right, #DCA54A, #D09A40);padding: 10px;text-align: center;margin-top: 20px\">\n   <a style=\"color: #FFFFFF;font-weight: bold;text-decoration: none\" href=\"#\"> AJOUTER AU PANIER MAINTENANT<\/a>\n<\/div>","protected":false},"excerpt":{"rendered":"<p style=\"color: #FAF5E5;font-weight: bold\">D\u00e9voilez l&#039;\u00e9l\u00e9gance envo\u00fbtante de <strong>\u00ab Procession spectrale \u00bb<\/strong>-un <strong>unique en son genre<\/strong> chef-d&#039;\u0153uvre surr\u00e9aliste. Imprim\u00e9 sur <strong>Papier FineArt Hahnem\u00fchle<\/strong> avec <strong>Encres UltraChrome Pro<\/strong>, chaque pi\u00e8ce est sign\u00e9e et <strong>certifi\u00e9 pour l&#039;authenticit\u00e9<\/strong>.<\/p>","protected":false},"featured_media":1972,"comment_status":"open","ping_status":"closed","template":"","meta":{"_uag_custom_page_level_css":""},"product_brand":[874],"product_cat":[740,752,1268,731],"product_tag":[],"class_list":{"0":"post-1973","1":"product","2":"type-product","3":"status-publish","4":"has-post-thumbnail","6":"product_brand-neural-artistry","7":"product_cat-conceptual-art","8":"product_cat-mystical-themes","9":"product_cat-posters-prints-visual-artwork","10":"product_cat-surrealism","11":"product_shipping_class-chronopost","12":"pa_finish-type-glossy-finish","13":"pa_finish-type-matte-finish","14":"pa_margins-with","15":"pa_margins-without","16":"pa_medium-technique-3d-modeling","17":"pa_medium-technique-ai-generated-art","18":"pa_medium-technique-rendering","19":"pa_mood-ambiance-ethereal","20":"pa_mood-ambiance-haunting","21":"pa_mood-ambiance-mysterious","22":"pa_orientation-vertical","23":"pa_size-21-00cmx21-00cm","24":"pa_size-29-70cmx29-70cm","25":"pa_size-32-90cmx32-90cm","26":"pa_size-42-00cmx42-00cm","27":"pa_style-movement-concept-art","28":"pa_style-movement-expressionism","29":"pa_style-movement-surrealism","31":"first","32":"instock","33":"sold-individually","34":"taxable","35":"shipping-taxable","36":"purchasable","37":"product-type-variable","38":"has-default-attributes"},"yoast_head":"<!-- This site is optimized with the Yoast SEO plugin v27.5 - https:\/\/yoast.com\/product\/yoast-seo-wordpress\/ -->\n<title>Spectral Procession - Monochromatic Surrealism by Neural Artistry - Neural Artistry<\/title>\n<meta name=\"robots\" content=\"index, follow, max-snippet:-1, max-image-preview:large, max-video-preview:-1\" \/>\n<link rel=\"canonical\" href=\"https:\/\/www.neural-artistry.com\/fr\/shop\/home-garden\/decor\/artwork\/posters-prints-visual-artwork\/spectral-procession-monochromatic-surrealism-by-neural-artistry\/\" \/>\n<meta property=\"og:locale\" content=\"fr_FR\" \/>\n<meta property=\"og:type\" content=\"article\" \/>\n<meta property=\"og:title\" content=\"Spectral Procession - Monochromatic Surrealism by Neural Artistry - Neural Artistry\" \/>\n<meta property=\"og:description\" content=\"Unveil the haunting elegance of \u201cSpectral Procession\u201d\u2014a one-of-a-kind surreal masterpiece. Printed on Hahnem\u00fchle FineArt paper with UltraChrome Pro inks, each piece is signed and certified for authenticity.\" \/>\n<meta property=\"og:url\" content=\"https:\/\/www.neural-artistry.com\/fr\/shop\/home-garden\/decor\/artwork\/posters-prints-visual-artwork\/spectral-procession-monochromatic-surrealism-by-neural-artistry\/\" \/>\n<meta property=\"og:site_name\" content=\"Neural Artistry\" \/>\n<meta property=\"article:modified_time\" content=\"2025-05-06T13:26:31+00:00\" \/>\n<meta property=\"og:image\" content=\"https:\/\/www.neural-artistry.com\/wp-content\/uploads\/2024\/12\/neural-artistry-portfolio-69-scaled-1.jpg\" \/>\n\t<meta property=\"og:image:width\" content=\"2560\" \/>\n\t<meta property=\"og:image:height\" content=\"2560\" \/>\n\t<meta property=\"og:image:type\" content=\"image\/jpeg\" \/>\n<meta name=\"twitter:card\" content=\"summary_large_image\" \/>\n<meta name=\"twitter:label1\" content=\"Dur\u00e9e de lecture estim\u00e9e\" \/>\n\t<meta name=\"twitter:data1\" content=\"2 minutes\" \/>\n<script type=\"application\/ld+json\" class=\"yoast-schema-graph\">{\"@context\":\"https:\\\/\\\/schema.org\",\"@graph\":[{\"@type\":\"WebPage\",\"@id\":\"https:\\\/\\\/www.neural-artistry.com\\\/shop\\\/home-garden\\\/decor\\\/artwork\\\/posters-prints-visual-artwork\\\/spectral-procession-monochromatic-surrealism-by-neural-artistry\\\/\",\"url\":\"https:\\\/\\\/www.neural-artistry.com\\\/shop\\\/home-garden\\\/decor\\\/artwork\\\/posters-prints-visual-artwork\\\/spectral-procession-monochromatic-surrealism-by-neural-artistry\\\/\",\"name\":\"Spectral Procession - Monochromatic Surrealism by Neural Artistry - Neural Artistry\",\"isPartOf\":{\"@id\":\"https:\\\/\\\/www.neural-artistry.com\\\/#website\"},\"primaryImageOfPage\":{\"@id\":\"https:\\\/\\\/www.neural-artistry.com\\\/shop\\\/home-garden\\\/decor\\\/artwork\\\/posters-prints-visual-artwork\\\/spectral-procession-monochromatic-surrealism-by-neural-artistry\\\/#primaryimage\"},\"image\":{\"@id\":\"https:\\\/\\\/www.neural-artistry.com\\\/shop\\\/home-garden\\\/decor\\\/artwork\\\/posters-prints-visual-artwork\\\/spectral-procession-monochromatic-surrealism-by-neural-artistry\\\/#primaryimage\"},\"thumbnailUrl\":\"https:\\\/\\\/www.neural-artistry.com\\\/wp-content\\\/uploads\\\/2024\\\/12\\\/neural-artistry-portfolio-69-scaled-1.jpg\",\"datePublished\":\"2024-12-26T21:58:56+00:00\",\"dateModified\":\"2025-05-06T13:26:31+00:00\",\"breadcrumb\":{\"@id\":\"https:\\\/\\\/www.neural-artistry.com\\\/shop\\\/home-garden\\\/decor\\\/artwork\\\/posters-prints-visual-artwork\\\/spectral-procession-monochromatic-surrealism-by-neural-artistry\\\/#breadcrumb\"},\"inLanguage\":\"fr-FR\",\"potentialAction\":[{\"@type\":\"ReadAction\",\"target\":[\"https:\\\/\\\/www.neural-artistry.com\\\/shop\\\/home-garden\\\/decor\\\/artwork\\\/posters-prints-visual-artwork\\\/spectral-procession-monochromatic-surrealism-by-neural-artistry\\\/\"]}]},{\"@type\":\"ImageObject\",\"inLanguage\":\"fr-FR\",\"@id\":\"https:\\\/\\\/www.neural-artistry.com\\\/shop\\\/home-garden\\\/decor\\\/artwork\\\/posters-prints-visual-artwork\\\/spectral-procession-monochromatic-surrealism-by-neural-artistry\\\/#primaryimage\",\"url\":\"https:\\\/\\\/www.neural-artistry.com\\\/wp-content\\\/uploads\\\/2024\\\/12\\\/neural-artistry-portfolio-69-scaled-1.jpg\",\"contentUrl\":\"https:\\\/\\\/www.neural-artistry.com\\\/wp-content\\\/uploads\\\/2024\\\/12\\\/neural-artistry-portfolio-69-scaled-1.jpg\",\"width\":2560,\"height\":2560},{\"@type\":\"BreadcrumbList\",\"@id\":\"https:\\\/\\\/www.neural-artistry.com\\\/shop\\\/home-garden\\\/decor\\\/artwork\\\/posters-prints-visual-artwork\\\/spectral-procession-monochromatic-surrealism-by-neural-artistry\\\/#breadcrumb\",\"itemListElement\":[{\"@type\":\"ListItem\",\"position\":1,\"name\":\"Home\",\"item\":\"https:\\\/\\\/www.neural-artistry.com\\\/\"},{\"@type\":\"ListItem\",\"position\":2,\"name\":\"Wall Art Prints \u2013 Custom Canvas &amp; Unique Posters\",\"item\":\"https:\\\/\\\/www.neural-artistry.com\\\/\"},{\"@type\":\"ListItem\",\"position\":3,\"name\":\"Spectral Procession &#8211; Monochromatic Surrealism by Neural Artistry\"}]},{\"@type\":\"WebSite\",\"@id\":\"https:\\\/\\\/www.neural-artistry.com\\\/#website\",\"url\":\"https:\\\/\\\/www.neural-artistry.com\\\/\",\"name\":\"Neural Artistry\",\"description\":\"AI Art Posters \u2013 Certified, Premium, Sold Only Once\",\"publisher\":{\"@id\":\"https:\\\/\\\/www.neural-artistry.com\\\/#organization\"},\"potentialAction\":[{\"@type\":\"SearchAction\",\"target\":{\"@type\":\"EntryPoint\",\"urlTemplate\":\"https:\\\/\\\/www.neural-artistry.com\\\/?s={search_term_string}\"},\"query-input\":{\"@type\":\"PropertyValueSpecification\",\"valueRequired\":true,\"valueName\":\"search_term_string\"}}],\"inLanguage\":\"fr-FR\"},{\"@type\":\"Organization\",\"@id\":\"https:\\\/\\\/www.neural-artistry.com\\\/#organization\",\"name\":\"Neural Artistry\",\"url\":\"https:\\\/\\\/www.neural-artistry.com\\\/\",\"logo\":{\"@type\":\"ImageObject\",\"inLanguage\":\"fr-FR\",\"@id\":\"https:\\\/\\\/www.neural-artistry.com\\\/#\\\/schema\\\/logo\\\/image\\\/\",\"url\":\"https:\\\/\\\/www.neural-artistry.com\\\/wp-content\\\/uploads\\\/2025\\\/08\\\/Web-Black-logo-no-background-scaled.webp\",\"contentUrl\":\"https:\\\/\\\/www.neural-artistry.com\\\/wp-content\\\/uploads\\\/2025\\\/08\\\/Web-Black-logo-no-background-scaled.webp\",\"width\":2560,\"height\":976,\"caption\":\"Neural Artistry\"},\"image\":{\"@id\":\"https:\\\/\\\/www.neural-artistry.com\\\/#\\\/schema\\\/logo\\\/image\\\/\"}}]}<\/script>\n<!-- \/ Yoast SEO plugin. -->","yoast_head_json":{"title":"Spectral Procession - Monochromatic Surrealism by Neural Artistry - Neural Artistry","robots":{"index":"index","follow":"follow","max-snippet":"max-snippet:-1","max-image-preview":"max-image-preview:large","max-video-preview":"max-video-preview:-1"},"canonical":"https:\/\/www.neural-artistry.com\/fr\/shop\/home-garden\/decor\/artwork\/posters-prints-visual-artwork\/spectral-procession-monochromatic-surrealism-by-neural-artistry\/","og_locale":"fr_FR","og_type":"article","og_title":"Spectral Procession - Monochromatic Surrealism by Neural Artistry - Neural Artistry","og_description":"Unveil the haunting elegance of \u201cSpectral Procession\u201d\u2014a one-of-a-kind surreal masterpiece. Printed on Hahnem\u00fchle FineArt paper with UltraChrome Pro inks, each piece is signed and certified for authenticity.","og_url":"https:\/\/www.neural-artistry.com\/fr\/shop\/home-garden\/decor\/artwork\/posters-prints-visual-artwork\/spectral-procession-monochromatic-surrealism-by-neural-artistry\/","og_site_name":"Neural Artistry","article_modified_time":"2025-05-06T13:26:31+00:00","og_image":[{"width":2560,"height":2560,"url":"https:\/\/www.neural-artistry.com\/wp-content\/uploads\/2024\/12\/neural-artistry-portfolio-69-scaled-1.jpg","type":"image\/jpeg"}],"twitter_card":"summary_large_image","twitter_misc":{"Dur\u00e9e de lecture estim\u00e9e":"2 minutes"},"schema":{"@context":"https:\/\/schema.org","@graph":[{"@type":"WebPage","@id":"https:\/\/www.neural-artistry.com\/shop\/home-garden\/decor\/artwork\/posters-prints-visual-artwork\/spectral-procession-monochromatic-surrealism-by-neural-artistry\/","url":"https:\/\/www.neural-artistry.com\/shop\/home-garden\/decor\/artwork\/posters-prints-visual-artwork\/spectral-procession-monochromatic-surrealism-by-neural-artistry\/","name":"Spectral Procession - Monochromatic Surrealism by Neural Artistry - Neural Artistry","isPartOf":{"@id":"https:\/\/www.neural-artistry.com\/#website"},"primaryImageOfPage":{"@id":"https:\/\/www.neural-artistry.com\/shop\/home-garden\/decor\/artwork\/posters-prints-visual-artwork\/spectral-procession-monochromatic-surrealism-by-neural-artistry\/#primaryimage"},"image":{"@id":"https:\/\/www.neural-artistry.com\/shop\/home-garden\/decor\/artwork\/posters-prints-visual-artwork\/spectral-procession-monochromatic-surrealism-by-neural-artistry\/#primaryimage"},"thumbnailUrl":"https:\/\/www.neural-artistry.com\/wp-content\/uploads\/2024\/12\/neural-artistry-portfolio-69-scaled-1.jpg","datePublished":"2024-12-26T21:58:56+00:00","dateModified":"2025-05-06T13:26:31+00:00","breadcrumb":{"@id":"https:\/\/www.neural-artistry.com\/shop\/home-garden\/decor\/artwork\/posters-prints-visual-artwork\/spectral-procession-monochromatic-surrealism-by-neural-artistry\/#breadcrumb"},"inLanguage":"fr-FR","potentialAction":[{"@type":"ReadAction","target":["https:\/\/www.neural-artistry.com\/shop\/home-garden\/decor\/artwork\/posters-prints-visual-artwork\/spectral-procession-monochromatic-surrealism-by-neural-artistry\/"]}]},{"@type":"ImageObject","inLanguage":"fr-FR","@id":"https:\/\/www.neural-artistry.com\/shop\/home-garden\/decor\/artwork\/posters-prints-visual-artwork\/spectral-procession-monochromatic-surrealism-by-neural-artistry\/#primaryimage","url":"https:\/\/www.neural-artistry.com\/wp-content\/uploads\/2024\/12\/neural-artistry-portfolio-69-scaled-1.jpg","contentUrl":"https:\/\/www.neural-artistry.com\/wp-content\/uploads\/2024\/12\/neural-artistry-portfolio-69-scaled-1.jpg","width":2560,"height":2560},{"@type":"BreadcrumbList","@id":"https:\/\/www.neural-artistry.com\/shop\/home-garden\/decor\/artwork\/posters-prints-visual-artwork\/spectral-procession-monochromatic-surrealism-by-neural-artistry\/#breadcrumb","itemListElement":[{"@type":"ListItem","position":1,"name":"Home","item":"https:\/\/www.neural-artistry.com\/"},{"@type":"ListItem","position":2,"name":"Wall Art Prints \u2013 Custom Canvas &amp; Unique Posters","item":"https:\/\/www.neural-artistry.com\/"},{"@type":"ListItem","position":3,"name":"Spectral Procession &#8211; Monochromatic Surrealism by Neural Artistry"}]},{"@type":"WebSite","@id":"https:\/\/www.neural-artistry.com\/#website","url":"https:\/\/www.neural-artistry.com\/","name":"Neural Artistry","description":"Affiches d&#039;art IA \u2013 Certifi\u00e9es, premium, vendues une seule fois","publisher":{"@id":"https:\/\/www.neural-artistry.com\/#organization"},"potentialAction":[{"@type":"SearchAction","target":{"@type":"EntryPoint","urlTemplate":"https:\/\/www.neural-artistry.com\/?s={search_term_string}"},"query-input":{"@type":"PropertyValueSpecification","valueRequired":true,"valueName":"search_term_string"}}],"inLanguage":"fr-FR"},{"@type":"Organization","@id":"https:\/\/www.neural-artistry.com\/#organization","name":"Neural Artistry","url":"https:\/\/www.neural-artistry.com\/","logo":{"@type":"ImageObject","inLanguage":"fr-FR","@id":"https:\/\/www.neural-artistry.com\/#\/schema\/logo\/image\/","url":"https:\/\/www.neural-artistry.com\/wp-content\/uploads\/2025\/08\/Web-Black-logo-no-background-scaled.webp","contentUrl":"https:\/\/www.neural-artistry.com\/wp-content\/uploads\/2025\/08\/Web-Black-logo-no-background-scaled.webp","width":2560,"height":976,"caption":"Neural Artistry"},"image":{"@id":"https:\/\/www.neural-artistry.com\/#\/schema\/logo\/image\/"}}]}},"uagb_featured_image_src":{"full":["https:\/\/www.neural-artistry.com\/wp-content\/uploads\/2024\/12\/neural-artistry-portfolio-69-scaled-1.jpg",2560,2560,false],"thumbnail":["https:\/\/www.neural-artistry.com\/wp-content\/uploads\/2024\/12\/neural-artistry-portfolio-69-scaled-1-150x150.jpg",150,150,true],"medium":["https:\/\/www.neural-artistry.com\/wp-content\/uploads\/2024\/12\/neural-artistry-portfolio-69-scaled-1-300x300.jpg",300,300,true],"medium_large":["https:\/\/www.neural-artistry.com\/wp-content\/uploads\/2024\/12\/neural-artistry-portfolio-69-scaled-1-768x768.jpg",768,768,true],"large":["https:\/\/www.neural-artistry.com\/wp-content\/uploads\/2024\/12\/neural-artistry-portfolio-69-scaled-1-1024x1024.jpg",1024,1024,true],"1536x1536":["https:\/\/www.neural-artistry.com\/wp-content\/uploads\/2024\/12\/neural-artistry-portfolio-69-scaled-1-1536x1536.jpg",1536,1536,true],"2048x2048":["https:\/\/www.neural-artistry.com\/wp-content\/uploads\/2024\/12\/neural-artistry-portfolio-69-scaled-1-2048x2048.jpg",2048,2048,true],"trp-custom-language-flag":["https:\/\/www.neural-artistry.com\/wp-content\/uploads\/2024\/12\/neural-artistry-portfolio-69-scaled-1-12x12.jpg",12,12,true],"woocommerce_thumbnail":["https:\/\/www.neural-artistry.com\/wp-content\/uploads\/2024\/12\/neural-artistry-portfolio-69-scaled-1-450x450.jpg",450,450,true],"woocommerce_single":["https:\/\/www.neural-artistry.com\/wp-content\/uploads\/2024\/12\/neural-artistry-portfolio-69-scaled-1-600x600.jpg",600,600,true],"woocommerce_gallery_thumbnail":["https:\/\/www.neural-artistry.com\/wp-content\/uploads\/2024\/12\/neural-artistry-portfolio-69-scaled-1-100x100.jpg",100,100,true]},"uagb_author_info":{"display_name":"flake","author_link":"https:\/\/www.neural-artistry.com\/fr\/author\/"},"uagb_comment_info":0,"uagb_excerpt":"Unveil the haunting elegance of \u201cSpectral Procession\u201d\u2014a one-of-a-kind surreal masterpiece. Printed on Hahnem\u00fchle FineArt paper with UltraChrome Pro inks, each piece is signed and certified for authenticity.","_links":{"self":[{"href":"https:\/\/www.neural-artistry.com\/fr\/wp-json\/wp\/v2\/product\/1973","targetHints":{"allow":["GET"]}}],"collection":[{"href":"https:\/\/www.neural-artistry.com\/fr\/wp-json\/wp\/v2\/product"}],"about":[{"href":"https:\/\/www.neural-artistry.com\/fr\/wp-json\/wp\/v2\/types\/product"}],"replies":[{"embeddable":true,"href":"https:\/\/www.neural-artistry.com\/fr\/wp-json\/wp\/v2\/comments?post=1973"}],"wp:featuredmedia":[{"embeddable":true,"href":"https:\/\/www.neural-artistry.com\/fr\/wp-json\/wp\/v2\/media\/1972"}],"wp:attachment":[{"href":"https:\/\/www.neural-artistry.com\/fr\/wp-json\/wp\/v2\/media?parent=1973"}],"wp:term":[{"taxonomy":"product_brand","embeddable":true,"href":"https:\/\/www.neural-artistry.com\/fr\/wp-json\/wp\/v2\/product_brand?post=1973"},{"taxonomy":"product_cat","embeddable":true,"href":"https:\/\/www.neural-artistry.com\/fr\/wp-json\/wp\/v2\/product_cat?post=1973"},{"taxonomy":"product_tag","embeddable":true,"href":"https:\/\/www.neural-artistry.com\/fr\/wp-json\/wp\/v2\/product_tag?post=1973"}],"curies":[{"name":"wp","href":"https:\/\/api.w.org\/{rel}","templated":true}]}}