{"id":1995,"date":"2024-12-26T22:01:51","date_gmt":"2024-12-26T22:01:51","guid":{"rendered":"https:\/\/www.neural-artistry.com\/?post_type=product&#038;p=1995"},"modified":"2025-05-06T13:25:51","modified_gmt":"2025-05-06T13:25:51","slug":"iguana-reverie-surrealist-fashion-photography-by-neural-artistry","status":"publish","type":"product","link":"https:\/\/www.neural-artistry.com\/fr\/shop\/home-garden\/decor\/artwork\/posters-prints-visual-artwork\/iguana-reverie-surrealist-fashion-photography-by-neural-artistry\/","title":{"rendered":"R\u00eaverie d&#039;iguane \u2013 Photographie de mode surr\u00e9aliste par Neural Artistry"},"content":{"rendered":"<h3 style=\"color: #DCA54A;text-transform: uppercase;font-weight: bold\">Iguana Reverie \u2013 Un chef-d\u2019\u0153uvre surr\u00e9aliste qui m\u00eale mode et nature<\/h3>\n<p style=\"color: #FAF5E5\">Entrez dans un monde o\u00f9 la mode avant-gardiste et l&#039;art surr\u00e9aliste se rencontrent <em>\u00ab R\u00eaverie d&#039;iguane \u00bb<\/em>, une cr\u00e9ation unique en son genre de Neural Artistry. Cette pi\u00e8ce audacieuse et fantaisiste vous invite dans une atmosph\u00e8re onirique o\u00f9 un costume rose radieux, orn\u00e9 de broderies florales complexes, devient une toile d&#039;individualit\u00e9 et de r\u00e9bellion. Perch\u00e9 au sommet de l&#039;\u00e9paule de la figure, un iguane r\u00e9aliste aux \u00e9cailles textur\u00e9es ajoute une touche d&#039;intrigue de la nature, se fondant harmonieusement avec le fond aux tons pastel. Que vous soyez un collectionneur d&#039;art, un passionn\u00e9 de surr\u00e9alisme ou quelqu&#039;un qui appr\u00e9cie l&#039;individualit\u00e9 frappante, cette \u0153uvre d&#039;art exclusive red\u00e9finit l&#039;\u00e9l\u00e9gance moderne et l&#039;innovation artistique. <\/p>\n<h4 style=\"color: #D09A40;text-transform: uppercase\">Tailles et formats<\/h4>\n<p style=\"color: #FAF5E5\">Disponible exclusivement sous forme d&#039;affiche imprim\u00e9e par un professionnel, <em>\u00ab R\u00eaverie d&#039;iguane \u00bb<\/em> est disponible dans les options de taille suivantes pour s&#039;adapter \u00e0 n&#039;importe quel espace\u00a0:<\/p>\n<ul>\n<li style=\"color: #FAF5E5;font-weight: bold\"> 20,90 cm \u00d7 29,70 cm (8,2\u2033 \u00d7 11,7\u2033)<\/li>\n<li style=\"color: #FAF5E5;font-weight: bold\"> 29,56 cm \u00d7 42,00 cm (11,6\u2033 \u00d7 16,5\u2033)<\/li>\n<li style=\"color: #FAF5E5;font-weight: bold\"> 32,90 cm \u00d7 46,75 cm (12,9\u2033 \u00d7 18,4\u2033)<\/li>\n<li style=\"color: #FAF5E5;font-weight: bold\"> 41,80 cm \u00d7 59,40 cm (16,5\u2033 \u00d7 23,4\u2033)<\/li>\n<\/ul>\n<p style=\"color: #FAF5E5\">Choisissez entre une finition luxueuse **mate** ou **brillante**, toutes deux propos\u00e9es dans des formats **sans bordure** pour une pr\u00e9sentation \u00e9l\u00e9gante et moderne.<\/p>\n<h4 style=\"color: #D09A40;text-transform: uppercase\">Artisanat et qualit\u00e9<\/h4>\n<p style=\"color: #FAF5E5\">Imprim\u00e9e sur du papier **Hahnem\u00fchle FineArt** avec des encres **UltraChrome Pro**, chaque affiche offre une vivacit\u00e9 et une nettet\u00e9 in\u00e9gal\u00e9es. Cette combinaison de qualit\u00e9 mus\u00e9ale et d&#039;archivage garantit que votre \u0153uvre d&#039;art reste r\u00e9sistante \u00e0 la d\u00e9coloration et captivante pendant des d\u00e9cennies. Chaque d\u00e9tail, de la broderie du costume rose aux \u00e9cailles textur\u00e9es de l&#039;iguane, est rendu avec pr\u00e9cision, ce qui en fait une impression d&#039;art de tr\u00e8s haute qualit\u00e9 qui se d\u00e9marque dans n&#039;importe quelle collection.<\/p>\n<h4 style=\"color: #D09A40;text-transform: uppercase\">Certificat d&#039;authenticit\u00e9 et d&#039;exclusivit\u00e9<\/h4>\n<p style=\"color: #FAF5E5\">En tant que cr\u00e9ation **unique en son genre**, <em>\u00ab R\u00eaverie d&#039;iguane \u00bb<\/em> est accompagn\u00e9e d&#039;un **certificat d&#039;authenticit\u00e9 sign\u00e9**, consolidant son statut d&#039;\u0153uvre d&#039;art rare et de collection. Cette affiche ne sera jamais reproduite, ce qui en fait un ajout v\u00e9ritablement exclusif \u00e0 votre collection.<\/p>\n<h4 style=\"color: #D09A40;text-transform: uppercase\">Utilisation id\u00e9ale et suggestions de d\u00e9coration<\/h4>\n<p style=\"color: #FAF5E5\">Transformez votre espace de vie avec le charme avant-gardiste de <em>\u00ab R\u00eaverie d&#039;iguane \u00bb<\/em>Son surr\u00e9alisme audacieux et ses couleurs \u00e9clatantes le rendent parfait pour :<\/p>\n<ul>\n<li style=\"color: #FAF5E5;font-weight: bold\"> D\u00e9coration murale \u00e9l\u00e9gante pour les salons<\/li>\n<li style=\"color: #FAF5E5;font-weight: bold\"> Une pi\u00e8ce ma\u00eetresse pour la d\u00e9coration d&#039;un bureau moderne<\/li>\n<li style=\"color: #FAF5E5;font-weight: bold\"> Illustration de d\u00e9claration pour les configurations de jeu<\/li>\n<li style=\"color: #FAF5E5;font-weight: bold\"> Cadeau unique pour les collectionneurs d&#039;art ou les amateurs de design<\/li>\n<\/ul>\n<h3 style=\"color: #DCA54A;text-transform: uppercase;font-weight: bold\">\u00c9levez votre espace avec cette \u0153uvre d&#039;art exclusive<\/h3>\n<p style=\"color: #FAF5E5\">Ne manquez pas votre chance de poss\u00e9der <em>\u00ab R\u00eaverie d&#039;iguane \u00bb<\/em>, un t\u00e9moignage rare et audacieux du surr\u00e9alisme contemporain. Cette impression d&#039;art haut de gamme, r\u00e9sistante \u00e0 la d\u00e9coloration, promet de captiver et d&#039;inspirer, qu&#039;elle am\u00e9liore la d\u00e9coration de votre maison ou devienne la pi\u00e8ce ma\u00eetresse d&#039;une collection d&#039;art exclusive. <\/p>\n<p style=\"color: #FAF5E5\">Commandez maintenant pour s\u00e9curiser cette **affiche unique en son genre** et laissez l&#039;art de Neural Artistry red\u00e9finir votre espace avec son charme fantaisiste et sa sophistication avant-gardiste.<\/p>\n<div style=\"background: linear-gradient(to right, #DCA54A, #D09A40);padding: 10px;text-align: center;border-radius: 5px;margin-top: 20px\">\n  <a style=\"color: #FFFFFF;text-decoration: none;font-weight: bold;font-size: 16px\" href=\"#\"> R\u00e9clamez votre impression d&#039;art exclusive maintenant <\/a>\n<\/div>","protected":false},"excerpt":{"rendered":"<p style=\"color: #FAF5E5;font-weight: bold\">D\u00e9couvrez l&#039;\u00e9clat avant-gardiste de <strong>\u00ab R\u00eaverie d&#039;iguane \u00bb<\/strong>\u2014une fusion surr\u00e9aliste de la mode et de la nature. Imprim\u00e9 sur <strong>Papier FineArt Hahnem\u00fchle<\/strong> avec <strong>Encres UltraChrome Pro<\/strong>, ce <strong>chef-d&#039;\u0153uvre exclusif et certifi\u00e9<\/strong> ne sera jamais reproduit.<\/p>","protected":false},"featured_media":1994,"comment_status":"open","ping_status":"closed","template":"","meta":{"_uag_custom_page_level_css":""},"product_brand":[874],"product_cat":[726,725,1268,731],"product_tag":[],"class_list":{"0":"post-1995","1":"product","2":"type-product","3":"status-publish","4":"has-post-thumbnail","6":"product_brand-neural-artistry","7":"product_cat-animals","8":"product_cat-portraits","9":"product_cat-posters-prints-visual-artwork","10":"product_cat-surrealism","11":"product_shipping_class-chronopost","12":"pa_finish-type-glossy-finish","13":"pa_finish-type-matte-finish","14":"pa_margins-with","15":"pa_margins-without","16":"pa_medium-technique-digital-collage","17":"pa_medium-technique-photomanipulation","18":"pa_mood-ambiance-avant-garde","19":"pa_mood-ambiance-bold","20":"pa_mood-ambiance-playful","21":"pa_mood-ambiance-surreal","22":"pa_mood-ambiance-whimsical","23":"pa_orientation-vertical","24":"pa_size-20-90cmx29-70cm","25":"pa_size-29-56cmx42-00cm","26":"pa_size-32-90cmx46-75cm","27":"pa_size-41-80cmx59-40cm","28":"pa_style-movement-concept-art","29":"pa_style-movement-fashion-photography","30":"pa_style-movement-surrealism","32":"first","33":"instock","34":"sold-individually","35":"taxable","36":"shipping-taxable","37":"purchasable","38":"product-type-variable","39":"has-default-attributes"},"yoast_head":"<!-- This site is optimized with the Yoast SEO plugin v27.5 - https:\/\/yoast.com\/product\/yoast-seo-wordpress\/ -->\n<title>Iguana Reverie - Surrealist Fashion Photography by Neural Artistry - Neural Artistry<\/title>\n<meta name=\"robots\" content=\"index, follow, max-snippet:-1, max-image-preview:large, max-video-preview:-1\" \/>\n<link rel=\"canonical\" href=\"https:\/\/www.neural-artistry.com\/fr\/shop\/home-garden\/decor\/artwork\/posters-prints-visual-artwork\/iguana-reverie-surrealist-fashion-photography-by-neural-artistry\/\" \/>\n<meta property=\"og:locale\" content=\"fr_FR\" \/>\n<meta property=\"og:type\" content=\"article\" \/>\n<meta property=\"og:title\" content=\"Iguana Reverie - Surrealist Fashion Photography by Neural Artistry - Neural Artistry\" \/>\n<meta property=\"og:description\" content=\"Discover the avant-garde brilliance of &quot;Iguana Reverie&quot;\u2014a surrealist fusion of fashion and nature. Printed on Hahnem\u00fchle FineArt paper with UltraChrome Pro inks, this exclusive, certified masterpiece will never be reproduced.\" \/>\n<meta property=\"og:url\" content=\"https:\/\/www.neural-artistry.com\/fr\/shop\/home-garden\/decor\/artwork\/posters-prints-visual-artwork\/iguana-reverie-surrealist-fashion-photography-by-neural-artistry\/\" \/>\n<meta property=\"og:site_name\" content=\"Neural Artistry\" \/>\n<meta property=\"article:modified_time\" content=\"2025-05-06T13:25:51+00:00\" \/>\n<meta property=\"og:image\" content=\"https:\/\/www.neural-artistry.com\/wp-content\/uploads\/2024\/12\/neural-artistry-portfolio-58-scaled-1.jpg\" \/>\n\t<meta property=\"og:image:width\" content=\"1802\" \/>\n\t<meta property=\"og:image:height\" content=\"2560\" \/>\n\t<meta property=\"og:image:type\" content=\"image\/jpeg\" \/>\n<meta name=\"twitter:card\" content=\"summary_large_image\" \/>\n<meta name=\"twitter:label1\" content=\"Dur\u00e9e de lecture estim\u00e9e\" \/>\n\t<meta name=\"twitter:data1\" content=\"2 minutes\" \/>\n<script type=\"application\/ld+json\" class=\"yoast-schema-graph\">{\"@context\":\"https:\\\/\\\/schema.org\",\"@graph\":[{\"@type\":\"WebPage\",\"@id\":\"https:\\\/\\\/www.neural-artistry.com\\\/shop\\\/home-garden\\\/decor\\\/artwork\\\/posters-prints-visual-artwork\\\/iguana-reverie-surrealist-fashion-photography-by-neural-artistry\\\/\",\"url\":\"https:\\\/\\\/www.neural-artistry.com\\\/shop\\\/home-garden\\\/decor\\\/artwork\\\/posters-prints-visual-artwork\\\/iguana-reverie-surrealist-fashion-photography-by-neural-artistry\\\/\",\"name\":\"Iguana Reverie - Surrealist Fashion Photography by Neural Artistry - Neural Artistry\",\"isPartOf\":{\"@id\":\"https:\\\/\\\/www.neural-artistry.com\\\/#website\"},\"primaryImageOfPage\":{\"@id\":\"https:\\\/\\\/www.neural-artistry.com\\\/shop\\\/home-garden\\\/decor\\\/artwork\\\/posters-prints-visual-artwork\\\/iguana-reverie-surrealist-fashion-photography-by-neural-artistry\\\/#primaryimage\"},\"image\":{\"@id\":\"https:\\\/\\\/www.neural-artistry.com\\\/shop\\\/home-garden\\\/decor\\\/artwork\\\/posters-prints-visual-artwork\\\/iguana-reverie-surrealist-fashion-photography-by-neural-artistry\\\/#primaryimage\"},\"thumbnailUrl\":\"https:\\\/\\\/www.neural-artistry.com\\\/wp-content\\\/uploads\\\/2024\\\/12\\\/neural-artistry-portfolio-58-scaled-1.jpg\",\"datePublished\":\"2024-12-26T22:01:51+00:00\",\"dateModified\":\"2025-05-06T13:25:51+00:00\",\"breadcrumb\":{\"@id\":\"https:\\\/\\\/www.neural-artistry.com\\\/shop\\\/home-garden\\\/decor\\\/artwork\\\/posters-prints-visual-artwork\\\/iguana-reverie-surrealist-fashion-photography-by-neural-artistry\\\/#breadcrumb\"},\"inLanguage\":\"fr-FR\",\"potentialAction\":[{\"@type\":\"ReadAction\",\"target\":[\"https:\\\/\\\/www.neural-artistry.com\\\/shop\\\/home-garden\\\/decor\\\/artwork\\\/posters-prints-visual-artwork\\\/iguana-reverie-surrealist-fashion-photography-by-neural-artistry\\\/\"]}]},{\"@type\":\"ImageObject\",\"inLanguage\":\"fr-FR\",\"@id\":\"https:\\\/\\\/www.neural-artistry.com\\\/shop\\\/home-garden\\\/decor\\\/artwork\\\/posters-prints-visual-artwork\\\/iguana-reverie-surrealist-fashion-photography-by-neural-artistry\\\/#primaryimage\",\"url\":\"https:\\\/\\\/www.neural-artistry.com\\\/wp-content\\\/uploads\\\/2024\\\/12\\\/neural-artistry-portfolio-58-scaled-1.jpg\",\"contentUrl\":\"https:\\\/\\\/www.neural-artistry.com\\\/wp-content\\\/uploads\\\/2024\\\/12\\\/neural-artistry-portfolio-58-scaled-1.jpg\",\"width\":1802,\"height\":2560},{\"@type\":\"BreadcrumbList\",\"@id\":\"https:\\\/\\\/www.neural-artistry.com\\\/shop\\\/home-garden\\\/decor\\\/artwork\\\/posters-prints-visual-artwork\\\/iguana-reverie-surrealist-fashion-photography-by-neural-artistry\\\/#breadcrumb\",\"itemListElement\":[{\"@type\":\"ListItem\",\"position\":1,\"name\":\"Home\",\"item\":\"https:\\\/\\\/www.neural-artistry.com\\\/\"},{\"@type\":\"ListItem\",\"position\":2,\"name\":\"Wall Art Prints \u2013 Custom Canvas &amp; Unique Posters\",\"item\":\"https:\\\/\\\/www.neural-artistry.com\\\/\"},{\"@type\":\"ListItem\",\"position\":3,\"name\":\"Iguana Reverie &#8211; Surrealist Fashion Photography by Neural Artistry\"}]},{\"@type\":\"WebSite\",\"@id\":\"https:\\\/\\\/www.neural-artistry.com\\\/#website\",\"url\":\"https:\\\/\\\/www.neural-artistry.com\\\/\",\"name\":\"Neural Artistry\",\"description\":\"AI Art Posters \u2013 Certified, Premium, Sold Only Once\",\"publisher\":{\"@id\":\"https:\\\/\\\/www.neural-artistry.com\\\/#organization\"},\"potentialAction\":[{\"@type\":\"SearchAction\",\"target\":{\"@type\":\"EntryPoint\",\"urlTemplate\":\"https:\\\/\\\/www.neural-artistry.com\\\/?s={search_term_string}\"},\"query-input\":{\"@type\":\"PropertyValueSpecification\",\"valueRequired\":true,\"valueName\":\"search_term_string\"}}],\"inLanguage\":\"fr-FR\"},{\"@type\":\"Organization\",\"@id\":\"https:\\\/\\\/www.neural-artistry.com\\\/#organization\",\"name\":\"Neural Artistry\",\"url\":\"https:\\\/\\\/www.neural-artistry.com\\\/\",\"logo\":{\"@type\":\"ImageObject\",\"inLanguage\":\"fr-FR\",\"@id\":\"https:\\\/\\\/www.neural-artistry.com\\\/#\\\/schema\\\/logo\\\/image\\\/\",\"url\":\"https:\\\/\\\/www.neural-artistry.com\\\/wp-content\\\/uploads\\\/2025\\\/08\\\/Web-Black-logo-no-background-scaled.webp\",\"contentUrl\":\"https:\\\/\\\/www.neural-artistry.com\\\/wp-content\\\/uploads\\\/2025\\\/08\\\/Web-Black-logo-no-background-scaled.webp\",\"width\":2560,\"height\":976,\"caption\":\"Neural Artistry\"},\"image\":{\"@id\":\"https:\\\/\\\/www.neural-artistry.com\\\/#\\\/schema\\\/logo\\\/image\\\/\"}}]}<\/script>\n<!-- \/ Yoast SEO plugin. -->","yoast_head_json":{"title":"Iguana Reverie - Surrealist Fashion Photography by Neural Artistry - Neural Artistry","robots":{"index":"index","follow":"follow","max-snippet":"max-snippet:-1","max-image-preview":"max-image-preview:large","max-video-preview":"max-video-preview:-1"},"canonical":"https:\/\/www.neural-artistry.com\/fr\/shop\/home-garden\/decor\/artwork\/posters-prints-visual-artwork\/iguana-reverie-surrealist-fashion-photography-by-neural-artistry\/","og_locale":"fr_FR","og_type":"article","og_title":"Iguana Reverie - Surrealist Fashion Photography by Neural Artistry - Neural Artistry","og_description":"Discover the avant-garde brilliance of \"Iguana Reverie\"\u2014a surrealist fusion of fashion and nature. Printed on Hahnem\u00fchle FineArt paper with UltraChrome Pro inks, this exclusive, certified masterpiece will never be reproduced.","og_url":"https:\/\/www.neural-artistry.com\/fr\/shop\/home-garden\/decor\/artwork\/posters-prints-visual-artwork\/iguana-reverie-surrealist-fashion-photography-by-neural-artistry\/","og_site_name":"Neural Artistry","article_modified_time":"2025-05-06T13:25:51+00:00","og_image":[{"width":1802,"height":2560,"url":"https:\/\/www.neural-artistry.com\/wp-content\/uploads\/2024\/12\/neural-artistry-portfolio-58-scaled-1.jpg","type":"image\/jpeg"}],"twitter_card":"summary_large_image","twitter_misc":{"Dur\u00e9e de lecture estim\u00e9e":"2 minutes"},"schema":{"@context":"https:\/\/schema.org","@graph":[{"@type":"WebPage","@id":"https:\/\/www.neural-artistry.com\/shop\/home-garden\/decor\/artwork\/posters-prints-visual-artwork\/iguana-reverie-surrealist-fashion-photography-by-neural-artistry\/","url":"https:\/\/www.neural-artistry.com\/shop\/home-garden\/decor\/artwork\/posters-prints-visual-artwork\/iguana-reverie-surrealist-fashion-photography-by-neural-artistry\/","name":"Iguana Reverie - Surrealist Fashion Photography by Neural Artistry - Neural Artistry","isPartOf":{"@id":"https:\/\/www.neural-artistry.com\/#website"},"primaryImageOfPage":{"@id":"https:\/\/www.neural-artistry.com\/shop\/home-garden\/decor\/artwork\/posters-prints-visual-artwork\/iguana-reverie-surrealist-fashion-photography-by-neural-artistry\/#primaryimage"},"image":{"@id":"https:\/\/www.neural-artistry.com\/shop\/home-garden\/decor\/artwork\/posters-prints-visual-artwork\/iguana-reverie-surrealist-fashion-photography-by-neural-artistry\/#primaryimage"},"thumbnailUrl":"https:\/\/www.neural-artistry.com\/wp-content\/uploads\/2024\/12\/neural-artistry-portfolio-58-scaled-1.jpg","datePublished":"2024-12-26T22:01:51+00:00","dateModified":"2025-05-06T13:25:51+00:00","breadcrumb":{"@id":"https:\/\/www.neural-artistry.com\/shop\/home-garden\/decor\/artwork\/posters-prints-visual-artwork\/iguana-reverie-surrealist-fashion-photography-by-neural-artistry\/#breadcrumb"},"inLanguage":"fr-FR","potentialAction":[{"@type":"ReadAction","target":["https:\/\/www.neural-artistry.com\/shop\/home-garden\/decor\/artwork\/posters-prints-visual-artwork\/iguana-reverie-surrealist-fashion-photography-by-neural-artistry\/"]}]},{"@type":"ImageObject","inLanguage":"fr-FR","@id":"https:\/\/www.neural-artistry.com\/shop\/home-garden\/decor\/artwork\/posters-prints-visual-artwork\/iguana-reverie-surrealist-fashion-photography-by-neural-artistry\/#primaryimage","url":"https:\/\/www.neural-artistry.com\/wp-content\/uploads\/2024\/12\/neural-artistry-portfolio-58-scaled-1.jpg","contentUrl":"https:\/\/www.neural-artistry.com\/wp-content\/uploads\/2024\/12\/neural-artistry-portfolio-58-scaled-1.jpg","width":1802,"height":2560},{"@type":"BreadcrumbList","@id":"https:\/\/www.neural-artistry.com\/shop\/home-garden\/decor\/artwork\/posters-prints-visual-artwork\/iguana-reverie-surrealist-fashion-photography-by-neural-artistry\/#breadcrumb","itemListElement":[{"@type":"ListItem","position":1,"name":"Home","item":"https:\/\/www.neural-artistry.com\/"},{"@type":"ListItem","position":2,"name":"Wall Art Prints \u2013 Custom Canvas &amp; Unique Posters","item":"https:\/\/www.neural-artistry.com\/"},{"@type":"ListItem","position":3,"name":"Iguana Reverie &#8211; Surrealist Fashion Photography by Neural Artistry"}]},{"@type":"WebSite","@id":"https:\/\/www.neural-artistry.com\/#website","url":"https:\/\/www.neural-artistry.com\/","name":"Neural Artistry","description":"Affiches d&#039;art IA \u2013 Certifi\u00e9es, premium, vendues une seule fois","publisher":{"@id":"https:\/\/www.neural-artistry.com\/#organization"},"potentialAction":[{"@type":"SearchAction","target":{"@type":"EntryPoint","urlTemplate":"https:\/\/www.neural-artistry.com\/?s={search_term_string}"},"query-input":{"@type":"PropertyValueSpecification","valueRequired":true,"valueName":"search_term_string"}}],"inLanguage":"fr-FR"},{"@type":"Organization","@id":"https:\/\/www.neural-artistry.com\/#organization","name":"Neural Artistry","url":"https:\/\/www.neural-artistry.com\/","logo":{"@type":"ImageObject","inLanguage":"fr-FR","@id":"https:\/\/www.neural-artistry.com\/#\/schema\/logo\/image\/","url":"https:\/\/www.neural-artistry.com\/wp-content\/uploads\/2025\/08\/Web-Black-logo-no-background-scaled.webp","contentUrl":"https:\/\/www.neural-artistry.com\/wp-content\/uploads\/2025\/08\/Web-Black-logo-no-background-scaled.webp","width":2560,"height":976,"caption":"Neural Artistry"},"image":{"@id":"https:\/\/www.neural-artistry.com\/#\/schema\/logo\/image\/"}}]}},"uagb_featured_image_src":{"full":["https:\/\/www.neural-artistry.com\/wp-content\/uploads\/2024\/12\/neural-artistry-portfolio-58-scaled-1.jpg",1802,2560,false],"thumbnail":["https:\/\/www.neural-artistry.com\/wp-content\/uploads\/2024\/12\/neural-artistry-portfolio-58-scaled-1-150x150.jpg",150,150,true],"medium":["https:\/\/www.neural-artistry.com\/wp-content\/uploads\/2024\/12\/neural-artistry-portfolio-58-scaled-1-211x300.jpg",211,300,true],"medium_large":["https:\/\/www.neural-artistry.com\/wp-content\/uploads\/2024\/12\/neural-artistry-portfolio-58-scaled-1-768x1091.jpg",768,1091,true],"large":["https:\/\/www.neural-artistry.com\/wp-content\/uploads\/2024\/12\/neural-artistry-portfolio-58-scaled-1-721x1024.jpg",721,1024,true],"1536x1536":["https:\/\/www.neural-artistry.com\/wp-content\/uploads\/2024\/12\/neural-artistry-portfolio-58-scaled-1-1081x1536.jpg",1081,1536,true],"2048x2048":["https:\/\/www.neural-artistry.com\/wp-content\/uploads\/2024\/12\/neural-artistry-portfolio-58-scaled-1-1442x2048.jpg",1442,2048,true],"trp-custom-language-flag":["https:\/\/www.neural-artistry.com\/wp-content\/uploads\/2024\/12\/neural-artistry-portfolio-58-scaled-1-8x12.jpg",8,12,true],"woocommerce_thumbnail":["https:\/\/www.neural-artistry.com\/wp-content\/uploads\/2024\/12\/neural-artistry-portfolio-58-scaled-1-450x450.jpg",450,450,true],"woocommerce_single":["https:\/\/www.neural-artistry.com\/wp-content\/uploads\/2024\/12\/neural-artistry-portfolio-58-scaled-1-600x852.jpg",600,852,true],"woocommerce_gallery_thumbnail":["https:\/\/www.neural-artistry.com\/wp-content\/uploads\/2024\/12\/neural-artistry-portfolio-58-scaled-1-100x100.jpg",100,100,true]},"uagb_author_info":{"display_name":"flake","author_link":"https:\/\/www.neural-artistry.com\/fr\/author\/"},"uagb_comment_info":0,"uagb_excerpt":"Discover the avant-garde brilliance of \"Iguana Reverie\"\u2014a surrealist fusion of fashion and nature. Printed on Hahnem\u00fchle FineArt paper with UltraChrome Pro inks, this exclusive, certified masterpiece will never be reproduced.","_links":{"self":[{"href":"https:\/\/www.neural-artistry.com\/fr\/wp-json\/wp\/v2\/product\/1995","targetHints":{"allow":["GET"]}}],"collection":[{"href":"https:\/\/www.neural-artistry.com\/fr\/wp-json\/wp\/v2\/product"}],"about":[{"href":"https:\/\/www.neural-artistry.com\/fr\/wp-json\/wp\/v2\/types\/product"}],"replies":[{"embeddable":true,"href":"https:\/\/www.neural-artistry.com\/fr\/wp-json\/wp\/v2\/comments?post=1995"}],"wp:featuredmedia":[{"embeddable":true,"href":"https:\/\/www.neural-artistry.com\/fr\/wp-json\/wp\/v2\/media\/1994"}],"wp:attachment":[{"href":"https:\/\/www.neural-artistry.com\/fr\/wp-json\/wp\/v2\/media?parent=1995"}],"wp:term":[{"taxonomy":"product_brand","embeddable":true,"href":"https:\/\/www.neural-artistry.com\/fr\/wp-json\/wp\/v2\/product_brand?post=1995"},{"taxonomy":"product_cat","embeddable":true,"href":"https:\/\/www.neural-artistry.com\/fr\/wp-json\/wp\/v2\/product_cat?post=1995"},{"taxonomy":"product_tag","embeddable":true,"href":"https:\/\/www.neural-artistry.com\/fr\/wp-json\/wp\/v2\/product_tag?post=1995"}],"curies":[{"name":"wp","href":"https:\/\/api.w.org\/{rel}","templated":true}]}}