{"id":2001,"date":"2024-12-26T22:02:43","date_gmt":"2024-12-26T22:02:43","guid":{"rendered":"https:\/\/www.neural-artistry.com\/?post_type=product&#038;p=2001"},"modified":"2025-08-21T16:13:08","modified_gmt":"2025-08-21T16:13:08","slug":"flamingo-reverie-pop-art-surrealism-by-neural-artistry","status":"publish","type":"product","link":"https:\/\/www.neural-artistry.com\/fr\/shop\/home-garden\/decor\/artwork\/posters-prints-visual-artwork\/flamingo-reverie-pop-art-surrealism-by-neural-artistry\/","title":{"rendered":"R\u00eaverie de flamants roses \u2013 Pop Art surr\u00e9aliste par Neural Artistry"},"content":{"rendered":"<h3 style=\"color: #DCA54A;text-transform: uppercase;font-weight: bold\">R\u00eaverie de flamants roses \u2013 Pop Art surr\u00e9aliste par Neural Artistry<\/h3>\n<h4 style=\"color: #D09A40;text-transform: uppercase\">Entrez dans un monde fantaisiste de sophistication surr\u00e9aliste<\/h4>\n<p style=\"color: #FAF5E5\">Imaginez une sc\u00e8ne de piscine anim\u00e9e o\u00f9 l\u2019\u00e9l\u00e9gance rencontre l\u2019inattendu. <em>\u00ab R\u00eaverie de flamants roses \u00bb<\/em> Ce n&#039;est pas seulement une affiche, c&#039;est une histoire qui prend vie : un gentleman \u00e9l\u00e9gant dans un costume rose \u00e9clatant est allong\u00e9 au bord d&#039;une piscine sereine, entour\u00e9 de cinq flamants roses gracieusement pos\u00e9s. Mais alors que vos yeux se prom\u00e8nent sur le fond vert menthe, un alligator ombrag\u00e9 se cache sous l&#039;eau, laissant entrevoir l&#039;impr\u00e9visibilit\u00e9 ludique du surr\u00e9alisme. Cette \u0153uvre d&#039;art exclusive fusionne l&#039;esth\u00e9tique audacieuse du pop art avec l&#039;attrait onirique du surr\u00e9alisme, offrant un ajout vraiment unique en son genre \u00e0 votre d\u00e9cor.<\/p>\n<h4 style=\"color: #D09A40;text-transform: uppercase\">Tailles et formats<\/h4>\n<p style=\"color: #FAF5E5\">Fabriqu\u00e9 avec pr\u00e9cision pour les amateurs d&#039;art, <em>\u00ab R\u00eaverie de flamants roses \u00bb<\/em> est disponible dans les tailles imprim\u00e9es professionnellement suivantes\u00a0:<\/p>\n<ul style=\"color: #FAF5E5\">\n<li> 21 cm \u00d7 14,78 cm (8,3\u2033 \u00d7 5,8\u2033)<\/li>\n<li> 29,70 cm \u00d7 20,90 cm (11,7\u2033 \u00d7 8,2\u2033)<\/li>\n<li> 32,90 cm \u00d7 23,15 cm (12,9\u2033 \u00d7 9,1\u2033)<\/li>\n<li> 42,00 cm \u00d7 29,56 cm (16,5\u2033 \u00d7 11,6\u2033)<\/li>\n<\/ul>\n<p style=\"color: #FAF5E5\">Choisissez entre <strong>mat<\/strong> ou <strong>finitions brillantes<\/strong> pour compl\u00e9ter au mieux votre espace. Disponible sous forme d&#039;impressions sans bordure, cette affiche est pr\u00eate \u00e0 transformer n&#039;importe quel mur en un affichage digne d&#039;une galerie.<\/p>\n<h4 style=\"color: #D09A40;text-transform: uppercase\">Savoir-faire et qualit\u00e9<\/h4>\n<p style=\"color: #FAF5E5\">Chaque d\u00e9tail de <em>\u00ab R\u00eaverie de flamants roses \u00bb<\/em> t\u00e9moigne d&#039;un savoir-faire exceptionnel. Imprim\u00e9 sur du papier de renomm\u00e9e mondiale <strong>Papier FineArt Hahnem\u00fchle<\/strong> en utilisant <strong>Encres UltraChrome Pro<\/strong>, cette affiche b\u00e9n\u00e9ficie d&#039;une qualit\u00e9 digne d&#039;un mus\u00e9e, d&#039;une r\u00e9sistance \u00e0 la d\u00e9coloration et d&#039;une durabilit\u00e9 archivistique. Ses couleurs vives et ses d\u00e9tails complexes garantissent que l&#039;\u0153uvre d&#039;art reste un point focal \u00e9poustouflant pour les d\u00e9cennies \u00e0 venir.<\/p>\n<h4 style=\"color: #D09A40;text-transform: uppercase\">Certificat d&#039;authenticit\u00e9 et d&#039;exclusivit\u00e9<\/h4>\n<p style=\"color: #FAF5E5\">C\u2019est bien plus qu\u2019une affiche : c\u2019est un morceau d\u2019histoire. <em>\u00ab R\u00eaverie de flamants roses \u00bb<\/em> est un <strong>cr\u00e9ation unique en son genre<\/strong>, vendue avec un certificat d&#039;authenticit\u00e9 sign\u00e9 pour garantir son caract\u00e8re unique. Une fois achet\u00e9e, cette \u0153uvre ne sera jamais reproduite, ce qui en fait un tr\u00e9sor exclusif pour les collectionneurs et les passionn\u00e9s.<\/p>\n<h4 style=\"color: #D09A40;text-transform: uppercase\">Utilisation id\u00e9ale et suggestions de d\u00e9coration<\/h4>\n<p style=\"color: #FAF5E5\">Parfaite pour une vari\u00e9t\u00e9 d&#039;espaces, cette affiche audacieuse et imaginative est id\u00e9ale pour\u00a0:<\/p>\n<ul style=\"color: #FAF5E5\">\n<li> Ajoutant une touche ludique mais sophistiqu\u00e9e \u00e0 votre <strong>salon<\/strong>.<\/li>\n<li> \u00c9lever l&#039;ambiance d&#039;un lieu cr\u00e9atif <strong>bureau<\/strong> ou espace de travail.<\/li>\n<li> Transformer un <strong>configuration de jeu<\/strong> dans une vitrine d\u2019art captivante.<\/li>\n<li> Offrir comme un <strong>cadeau unique<\/strong> aux amateurs d&#039;art et aux passionn\u00e9s de design.<\/li>\n<\/ul>\n<h4 style=\"color: #D09A40;text-transform: uppercase\">Poss\u00e9dez un chef-d&#039;\u0153uvre aujourd&#039;hui<\/h4>\n<p style=\"color: #FAF5E5\">Ne manquez pas l\u2019opportunit\u00e9 de poss\u00e9der cette extraordinaire \u0153uvre de surr\u00e9alisme pop-art. <em>\u00ab R\u00eaverie de flamants roses \u00bb<\/em> est bien plus qu&#039;une simple affiche : c&#039;est un d\u00e9clencheur de conversation, une d\u00e9claration de design et un rappel quotidien de la beaut\u00e9 fantaisiste de l&#039;art moderne. Rehaussez votre espace avec cette cr\u00e9ation exclusive de qualit\u00e9 mus\u00e9ale d\u00e8s aujourd&#039;hui.<\/p>\n<div style=\"background: linear-gradient(to right, #DCA54A, #D09A40);color: #FFFFFF;text-align: center;padding: 10px;margin-top: 20px;font-weight: bold\">\n  <a style=\"color: #FFFFFF;text-decoration: none\" href=\"#\"> Achetez votre affiche exclusive maintenant<\/a>\n<\/div>","protected":false},"excerpt":{"rendered":"<p style=\"color: #FAF5E5;font-weight: bold\">D\u00e9couvrez le charme fantaisiste de <strong>R\u00eaverie de flamants roses<\/strong>, un certifi\u00e9 <strong>unique en son genre<\/strong> chef-d&#039;\u0153uvre du surr\u00e9alisme pop art. Imprim\u00e9 sur <strong>Papier FineArt Hahnem\u00fchle<\/strong> avec <strong>Encres UltraChrome Pro<\/strong>, this exclusive artwork is a collector&#8217;s dream.<\/p>","protected":false},"featured_media":2000,"comment_status":"open","ping_status":"closed","template":"","meta":{"_uag_custom_page_level_css":""},"product_brand":[874],"product_cat":[726,744,1268,731,735],"product_tag":[],"class_list":{"0":"post-2001","1":"product","2":"type-product","3":"status-publish","4":"has-post-thumbnail","6":"product_brand-neural-artistry","7":"product_cat-animals","8":"product_cat-pop-culture","9":"product_cat-posters-prints-visual-artwork","10":"product_cat-surrealism","11":"product_cat-urban-life","12":"product_shipping_class-chronopost","13":"pa_finish-type-glossy-finish","14":"pa_finish-type-matte-finish","15":"pa_margins-with","16":"pa_margins-without","17":"pa_medium-technique-compositing","18":"pa_medium-technique-photomanipulation","19":"pa_mood-ambiance-otherworldly","20":"pa_mood-ambiance-playful","21":"pa_mood-ambiance-surreal","22":"pa_mood-ambiance-vibrant","23":"pa_mood-ambiance-whimsical","24":"pa_orientation-horizontal","25":"pa_size-21-00cmx14-78cm","26":"pa_size-29-70cmx20-90cm","27":"pa_size-32-90cmx23-15cm","28":"pa_size-42-00cmx29-56cm","29":"pa_style-movement-concept-art","30":"pa_style-movement-pop-art","31":"pa_style-movement-surrealism","33":"first","34":"instock","35":"sold-individually","36":"taxable","37":"shipping-taxable","38":"purchasable","39":"product-type-variable","40":"has-default-attributes"},"yoast_head":"<!-- This site is optimized with the Yoast SEO plugin v27.5 - https:\/\/yoast.com\/product\/yoast-seo-wordpress\/ -->\n<title>Flamingo Reverie - Pop Art Surrealism by Neural Artistry - Neural Artistry<\/title>\n<meta name=\"robots\" content=\"index, follow, max-snippet:-1, max-image-preview:large, max-video-preview:-1\" \/>\n<link rel=\"canonical\" href=\"https:\/\/www.neural-artistry.com\/fr\/shop\/home-garden\/decor\/artwork\/posters-prints-visual-artwork\/flamingo-reverie-pop-art-surrealism-by-neural-artistry\/\" \/>\n<meta property=\"og:locale\" content=\"fr_FR\" \/>\n<meta property=\"og:type\" content=\"article\" \/>\n<meta property=\"og:title\" content=\"Flamingo Reverie - Pop Art Surrealism by Neural Artistry - Neural Artistry\" \/>\n<meta property=\"og:description\" content=\"Experience the whimsical charm of Flamingo Reverie, a certified one-of-a-kind pop art surrealism masterpiece. Printed on Hahnem\u00fchle FineArt paper with UltraChrome Pro inks, this exclusive artwork is a collector&#039;s dream.\" \/>\n<meta property=\"og:url\" content=\"https:\/\/www.neural-artistry.com\/fr\/shop\/home-garden\/decor\/artwork\/posters-prints-visual-artwork\/flamingo-reverie-pop-art-surrealism-by-neural-artistry\/\" \/>\n<meta property=\"og:site_name\" content=\"Neural Artistry\" \/>\n<meta property=\"article:modified_time\" content=\"2025-08-21T16:13:08+00:00\" \/>\n<meta property=\"og:image\" content=\"https:\/\/www.neural-artistry.com\/wp-content\/uploads\/2024\/12\/neural-artistry-portfolio-55-scaled-1.jpg\" \/>\n\t<meta property=\"og:image:width\" content=\"2560\" \/>\n\t<meta property=\"og:image:height\" content=\"1802\" \/>\n\t<meta property=\"og:image:type\" content=\"image\/jpeg\" \/>\n<meta name=\"twitter:card\" content=\"summary_large_image\" \/>\n<meta name=\"twitter:label1\" content=\"Dur\u00e9e de lecture estim\u00e9e\" \/>\n\t<meta name=\"twitter:data1\" content=\"2 minutes\" \/>\n<script type=\"application\/ld+json\" class=\"yoast-schema-graph\">{\"@context\":\"https:\\\/\\\/schema.org\",\"@graph\":[{\"@type\":\"WebPage\",\"@id\":\"https:\\\/\\\/www.neural-artistry.com\\\/shop\\\/home-garden\\\/decor\\\/artwork\\\/posters-prints-visual-artwork\\\/flamingo-reverie-pop-art-surrealism-by-neural-artistry\\\/\",\"url\":\"https:\\\/\\\/www.neural-artistry.com\\\/shop\\\/home-garden\\\/decor\\\/artwork\\\/posters-prints-visual-artwork\\\/flamingo-reverie-pop-art-surrealism-by-neural-artistry\\\/\",\"name\":\"Flamingo Reverie - Pop Art Surrealism by Neural Artistry - Neural Artistry\",\"isPartOf\":{\"@id\":\"https:\\\/\\\/www.neural-artistry.com\\\/#website\"},\"primaryImageOfPage\":{\"@id\":\"https:\\\/\\\/www.neural-artistry.com\\\/shop\\\/home-garden\\\/decor\\\/artwork\\\/posters-prints-visual-artwork\\\/flamingo-reverie-pop-art-surrealism-by-neural-artistry\\\/#primaryimage\"},\"image\":{\"@id\":\"https:\\\/\\\/www.neural-artistry.com\\\/shop\\\/home-garden\\\/decor\\\/artwork\\\/posters-prints-visual-artwork\\\/flamingo-reverie-pop-art-surrealism-by-neural-artistry\\\/#primaryimage\"},\"thumbnailUrl\":\"https:\\\/\\\/www.neural-artistry.com\\\/wp-content\\\/uploads\\\/2024\\\/12\\\/neural-artistry-portfolio-55-scaled-1.jpg\",\"datePublished\":\"2024-12-26T22:02:43+00:00\",\"dateModified\":\"2025-08-21T16:13:08+00:00\",\"breadcrumb\":{\"@id\":\"https:\\\/\\\/www.neural-artistry.com\\\/shop\\\/home-garden\\\/decor\\\/artwork\\\/posters-prints-visual-artwork\\\/flamingo-reverie-pop-art-surrealism-by-neural-artistry\\\/#breadcrumb\"},\"inLanguage\":\"fr-FR\",\"potentialAction\":[{\"@type\":\"ReadAction\",\"target\":[\"https:\\\/\\\/www.neural-artistry.com\\\/shop\\\/home-garden\\\/decor\\\/artwork\\\/posters-prints-visual-artwork\\\/flamingo-reverie-pop-art-surrealism-by-neural-artistry\\\/\"]}]},{\"@type\":\"ImageObject\",\"inLanguage\":\"fr-FR\",\"@id\":\"https:\\\/\\\/www.neural-artistry.com\\\/shop\\\/home-garden\\\/decor\\\/artwork\\\/posters-prints-visual-artwork\\\/flamingo-reverie-pop-art-surrealism-by-neural-artistry\\\/#primaryimage\",\"url\":\"https:\\\/\\\/www.neural-artistry.com\\\/wp-content\\\/uploads\\\/2024\\\/12\\\/neural-artistry-portfolio-55-scaled-1.jpg\",\"contentUrl\":\"https:\\\/\\\/www.neural-artistry.com\\\/wp-content\\\/uploads\\\/2024\\\/12\\\/neural-artistry-portfolio-55-scaled-1.jpg\",\"width\":2560,\"height\":1802},{\"@type\":\"BreadcrumbList\",\"@id\":\"https:\\\/\\\/www.neural-artistry.com\\\/shop\\\/home-garden\\\/decor\\\/artwork\\\/posters-prints-visual-artwork\\\/flamingo-reverie-pop-art-surrealism-by-neural-artistry\\\/#breadcrumb\",\"itemListElement\":[{\"@type\":\"ListItem\",\"position\":1,\"name\":\"Home\",\"item\":\"https:\\\/\\\/www.neural-artistry.com\\\/\"},{\"@type\":\"ListItem\",\"position\":2,\"name\":\"Wall Art Prints \u2013 Custom Canvas &amp; Unique Posters\",\"item\":\"https:\\\/\\\/www.neural-artistry.com\\\/\"},{\"@type\":\"ListItem\",\"position\":3,\"name\":\"Flamingo Reverie &#8211; Pop Art Surrealism by Neural Artistry\"}]},{\"@type\":\"WebSite\",\"@id\":\"https:\\\/\\\/www.neural-artistry.com\\\/#website\",\"url\":\"https:\\\/\\\/www.neural-artistry.com\\\/\",\"name\":\"Neural Artistry\",\"description\":\"AI Art Posters \u2013 Certified, Premium, Sold Only Once\",\"publisher\":{\"@id\":\"https:\\\/\\\/www.neural-artistry.com\\\/#organization\"},\"potentialAction\":[{\"@type\":\"SearchAction\",\"target\":{\"@type\":\"EntryPoint\",\"urlTemplate\":\"https:\\\/\\\/www.neural-artistry.com\\\/?s={search_term_string}\"},\"query-input\":{\"@type\":\"PropertyValueSpecification\",\"valueRequired\":true,\"valueName\":\"search_term_string\"}}],\"inLanguage\":\"fr-FR\"},{\"@type\":\"Organization\",\"@id\":\"https:\\\/\\\/www.neural-artistry.com\\\/#organization\",\"name\":\"Neural Artistry\",\"url\":\"https:\\\/\\\/www.neural-artistry.com\\\/\",\"logo\":{\"@type\":\"ImageObject\",\"inLanguage\":\"fr-FR\",\"@id\":\"https:\\\/\\\/www.neural-artistry.com\\\/#\\\/schema\\\/logo\\\/image\\\/\",\"url\":\"https:\\\/\\\/www.neural-artistry.com\\\/wp-content\\\/uploads\\\/2025\\\/08\\\/Web-Black-logo-no-background-scaled.webp\",\"contentUrl\":\"https:\\\/\\\/www.neural-artistry.com\\\/wp-content\\\/uploads\\\/2025\\\/08\\\/Web-Black-logo-no-background-scaled.webp\",\"width\":2560,\"height\":976,\"caption\":\"Neural Artistry\"},\"image\":{\"@id\":\"https:\\\/\\\/www.neural-artistry.com\\\/#\\\/schema\\\/logo\\\/image\\\/\"}}]}<\/script>\n<!-- \/ Yoast SEO plugin. -->","yoast_head_json":{"title":"Flamingo Reverie - Pop Art Surrealism by Neural Artistry - Neural Artistry","robots":{"index":"index","follow":"follow","max-snippet":"max-snippet:-1","max-image-preview":"max-image-preview:large","max-video-preview":"max-video-preview:-1"},"canonical":"https:\/\/www.neural-artistry.com\/fr\/shop\/home-garden\/decor\/artwork\/posters-prints-visual-artwork\/flamingo-reverie-pop-art-surrealism-by-neural-artistry\/","og_locale":"fr_FR","og_type":"article","og_title":"Flamingo Reverie - Pop Art Surrealism by Neural Artistry - Neural Artistry","og_description":"Experience the whimsical charm of Flamingo Reverie, a certified one-of-a-kind pop art surrealism masterpiece. Printed on Hahnem\u00fchle FineArt paper with UltraChrome Pro inks, this exclusive artwork is a collector's dream.","og_url":"https:\/\/www.neural-artistry.com\/fr\/shop\/home-garden\/decor\/artwork\/posters-prints-visual-artwork\/flamingo-reverie-pop-art-surrealism-by-neural-artistry\/","og_site_name":"Neural Artistry","article_modified_time":"2025-08-21T16:13:08+00:00","og_image":[{"width":2560,"height":1802,"url":"https:\/\/www.neural-artistry.com\/wp-content\/uploads\/2024\/12\/neural-artistry-portfolio-55-scaled-1.jpg","type":"image\/jpeg"}],"twitter_card":"summary_large_image","twitter_misc":{"Dur\u00e9e de lecture estim\u00e9e":"2 minutes"},"schema":{"@context":"https:\/\/schema.org","@graph":[{"@type":"WebPage","@id":"https:\/\/www.neural-artistry.com\/shop\/home-garden\/decor\/artwork\/posters-prints-visual-artwork\/flamingo-reverie-pop-art-surrealism-by-neural-artistry\/","url":"https:\/\/www.neural-artistry.com\/shop\/home-garden\/decor\/artwork\/posters-prints-visual-artwork\/flamingo-reverie-pop-art-surrealism-by-neural-artistry\/","name":"Flamingo Reverie - Pop Art Surrealism by Neural Artistry - Neural Artistry","isPartOf":{"@id":"https:\/\/www.neural-artistry.com\/#website"},"primaryImageOfPage":{"@id":"https:\/\/www.neural-artistry.com\/shop\/home-garden\/decor\/artwork\/posters-prints-visual-artwork\/flamingo-reverie-pop-art-surrealism-by-neural-artistry\/#primaryimage"},"image":{"@id":"https:\/\/www.neural-artistry.com\/shop\/home-garden\/decor\/artwork\/posters-prints-visual-artwork\/flamingo-reverie-pop-art-surrealism-by-neural-artistry\/#primaryimage"},"thumbnailUrl":"https:\/\/www.neural-artistry.com\/wp-content\/uploads\/2024\/12\/neural-artistry-portfolio-55-scaled-1.jpg","datePublished":"2024-12-26T22:02:43+00:00","dateModified":"2025-08-21T16:13:08+00:00","breadcrumb":{"@id":"https:\/\/www.neural-artistry.com\/shop\/home-garden\/decor\/artwork\/posters-prints-visual-artwork\/flamingo-reverie-pop-art-surrealism-by-neural-artistry\/#breadcrumb"},"inLanguage":"fr-FR","potentialAction":[{"@type":"ReadAction","target":["https:\/\/www.neural-artistry.com\/shop\/home-garden\/decor\/artwork\/posters-prints-visual-artwork\/flamingo-reverie-pop-art-surrealism-by-neural-artistry\/"]}]},{"@type":"ImageObject","inLanguage":"fr-FR","@id":"https:\/\/www.neural-artistry.com\/shop\/home-garden\/decor\/artwork\/posters-prints-visual-artwork\/flamingo-reverie-pop-art-surrealism-by-neural-artistry\/#primaryimage","url":"https:\/\/www.neural-artistry.com\/wp-content\/uploads\/2024\/12\/neural-artistry-portfolio-55-scaled-1.jpg","contentUrl":"https:\/\/www.neural-artistry.com\/wp-content\/uploads\/2024\/12\/neural-artistry-portfolio-55-scaled-1.jpg","width":2560,"height":1802},{"@type":"BreadcrumbList","@id":"https:\/\/www.neural-artistry.com\/shop\/home-garden\/decor\/artwork\/posters-prints-visual-artwork\/flamingo-reverie-pop-art-surrealism-by-neural-artistry\/#breadcrumb","itemListElement":[{"@type":"ListItem","position":1,"name":"Home","item":"https:\/\/www.neural-artistry.com\/"},{"@type":"ListItem","position":2,"name":"Wall Art Prints \u2013 Custom Canvas &amp; Unique Posters","item":"https:\/\/www.neural-artistry.com\/"},{"@type":"ListItem","position":3,"name":"Flamingo Reverie &#8211; Pop Art Surrealism by Neural Artistry"}]},{"@type":"WebSite","@id":"https:\/\/www.neural-artistry.com\/#website","url":"https:\/\/www.neural-artistry.com\/","name":"Neural Artistry","description":"Affiches d&#039;art IA \u2013 Certifi\u00e9es, premium, vendues une seule fois","publisher":{"@id":"https:\/\/www.neural-artistry.com\/#organization"},"potentialAction":[{"@type":"SearchAction","target":{"@type":"EntryPoint","urlTemplate":"https:\/\/www.neural-artistry.com\/?s={search_term_string}"},"query-input":{"@type":"PropertyValueSpecification","valueRequired":true,"valueName":"search_term_string"}}],"inLanguage":"fr-FR"},{"@type":"Organization","@id":"https:\/\/www.neural-artistry.com\/#organization","name":"Neural Artistry","url":"https:\/\/www.neural-artistry.com\/","logo":{"@type":"ImageObject","inLanguage":"fr-FR","@id":"https:\/\/www.neural-artistry.com\/#\/schema\/logo\/image\/","url":"https:\/\/www.neural-artistry.com\/wp-content\/uploads\/2025\/08\/Web-Black-logo-no-background-scaled.webp","contentUrl":"https:\/\/www.neural-artistry.com\/wp-content\/uploads\/2025\/08\/Web-Black-logo-no-background-scaled.webp","width":2560,"height":976,"caption":"Neural Artistry"},"image":{"@id":"https:\/\/www.neural-artistry.com\/#\/schema\/logo\/image\/"}}]}},"uagb_featured_image_src":{"full":["https:\/\/www.neural-artistry.com\/wp-content\/uploads\/2024\/12\/neural-artistry-portfolio-55-scaled-1.jpg",2560,1802,false],"thumbnail":["https:\/\/www.neural-artistry.com\/wp-content\/uploads\/2024\/12\/neural-artistry-portfolio-55-scaled-1-150x150.jpg",150,150,true],"medium":["https:\/\/www.neural-artistry.com\/wp-content\/uploads\/2024\/12\/neural-artistry-portfolio-55-scaled-1-300x211.jpg",300,211,true],"medium_large":["https:\/\/www.neural-artistry.com\/wp-content\/uploads\/2024\/12\/neural-artistry-portfolio-55-scaled-1-768x541.jpg",768,541,true],"large":["https:\/\/www.neural-artistry.com\/wp-content\/uploads\/2024\/12\/neural-artistry-portfolio-55-scaled-1-1024x721.jpg",1024,721,true],"1536x1536":["https:\/\/www.neural-artistry.com\/wp-content\/uploads\/2024\/12\/neural-artistry-portfolio-55-scaled-1-1536x1081.jpg",1536,1081,true],"2048x2048":["https:\/\/www.neural-artistry.com\/wp-content\/uploads\/2024\/12\/neural-artistry-portfolio-55-scaled-1-2048x1442.jpg",2048,1442,true],"trp-custom-language-flag":["https:\/\/www.neural-artistry.com\/wp-content\/uploads\/2024\/12\/neural-artistry-portfolio-55-scaled-1-18x12.jpg",18,12,true],"woocommerce_thumbnail":["https:\/\/www.neural-artistry.com\/wp-content\/uploads\/2024\/12\/neural-artistry-portfolio-55-scaled-1-450x450.jpg",450,450,true],"woocommerce_single":["https:\/\/www.neural-artistry.com\/wp-content\/uploads\/2024\/12\/neural-artistry-portfolio-55-scaled-1-600x422.jpg",600,422,true],"woocommerce_gallery_thumbnail":["https:\/\/www.neural-artistry.com\/wp-content\/uploads\/2024\/12\/neural-artistry-portfolio-55-scaled-1-100x100.jpg",100,100,true]},"uagb_author_info":{"display_name":"flake","author_link":"https:\/\/www.neural-artistry.com\/fr\/author\/"},"uagb_comment_info":0,"uagb_excerpt":"Experience the whimsical charm of Flamingo Reverie, a certified one-of-a-kind pop art surrealism masterpiece. Printed on Hahnem\u00fchle FineArt paper with UltraChrome Pro inks, this exclusive artwork is a collector's dream.","_links":{"self":[{"href":"https:\/\/www.neural-artistry.com\/fr\/wp-json\/wp\/v2\/product\/2001","targetHints":{"allow":["GET"]}}],"collection":[{"href":"https:\/\/www.neural-artistry.com\/fr\/wp-json\/wp\/v2\/product"}],"about":[{"href":"https:\/\/www.neural-artistry.com\/fr\/wp-json\/wp\/v2\/types\/product"}],"replies":[{"embeddable":true,"href":"https:\/\/www.neural-artistry.com\/fr\/wp-json\/wp\/v2\/comments?post=2001"}],"wp:featuredmedia":[{"embeddable":true,"href":"https:\/\/www.neural-artistry.com\/fr\/wp-json\/wp\/v2\/media\/2000"}],"wp:attachment":[{"href":"https:\/\/www.neural-artistry.com\/fr\/wp-json\/wp\/v2\/media?parent=2001"}],"wp:term":[{"taxonomy":"product_brand","embeddable":true,"href":"https:\/\/www.neural-artistry.com\/fr\/wp-json\/wp\/v2\/product_brand?post=2001"},{"taxonomy":"product_cat","embeddable":true,"href":"https:\/\/www.neural-artistry.com\/fr\/wp-json\/wp\/v2\/product_cat?post=2001"},{"taxonomy":"product_tag","embeddable":true,"href":"https:\/\/www.neural-artistry.com\/fr\/wp-json\/wp\/v2\/product_tag?post=2001"}],"curies":[{"name":"wp","href":"https:\/\/api.w.org\/{rel}","templated":true}]}}