{"id":2035,"date":"2024-12-26T22:07:06","date_gmt":"2024-12-26T22:07:06","guid":{"rendered":"https:\/\/www.neural-artistry.com\/?post_type=product&#038;p=2035"},"modified":"2025-05-06T13:24:31","modified_gmt":"2025-05-06T13:24:31","slug":"aquatic-chic-pop-art-surrealism-by-neural-artistry","status":"publish","type":"product","link":"https:\/\/www.neural-artistry.com\/fr\/shop\/home-garden\/decor\/artwork\/posters-prints-visual-artwork\/aquatic-chic-pop-art-surrealism-by-neural-artistry\/","title":{"rendered":"Aquatic Chic \u2013 Pop Art surr\u00e9aliste par Neural Artistry"},"content":{"rendered":"<p>\u00ab\u00a0html<\/p>\n<h3 style=\"color: #FAF5E5;text-transform: uppercase;font-weight: bold\">Aquatic Chic \u2013 Pop Art surr\u00e9aliste par Neural Artistry<\/h3>\n<p style=\"color: #FAF5E5\">Entrez dans les profondeurs envo\u00fbtantes de <strong>\u00ab Chic aquatique \u00bb<\/strong>, une pi\u00e8ce unique en son genre qui allie magistralement le charisme audacieux du pop art \u00e0 l&#039;attrait onirique du surr\u00e9alisme. Cette \u0153uvre d&#039;art visuellement saisissante vous plonge dans un paysage de r\u00eave sous-marin vibrant o\u00f9 l&#039;\u00e9l\u00e9gance rencontre l&#039;excentricit\u00e9. Pr\u00e9sentant une figure centrale pos\u00e9e orn\u00e9e de lunettes de soleil vertes surdimensionn\u00e9es et de boucles d&#039;oreilles en forme de papillon, cette composition rayonne de confiance, de cr\u00e9ativit\u00e9 et de sophistication ludique. Le fond cyan oc\u00e9anique, rehauss\u00e9 de reflets chatoyants et de bulles effervescentes, \u00e9clate de jaune \u00e9lectrique, d&#039;orange ardent et d&#039;accents m\u00e9talliques, cr\u00e9ant une exp\u00e9rience visuelle dynamique et \u00e9nergique.<\/p>\n<p style=\"color: #FAF5E5\">Que vous soyez un amateur d&#039;art moderne ou un collectionneur de tr\u00e9sors uniques, <strong>\u00ab Chic aquatique \u00bb<\/strong> est con\u00e7u pour inspirer, captiver et \u00e9lever votre espace en une galerie d&#039;\u00e9merveillement. Ses d\u00e9tails complexes et sa palette de couleurs audacieuses en font un ajout remarquable \u00e0 tout d\u00e9cor contemporain.<\/p>\n<h4 style=\"color: #D09A40;text-transform: uppercase\">Tailles et formats disponibles<\/h4>\n<p style=\"color: #FAF5E5\">Choisissez parmi une gamme exclusive de tailles imprim\u00e9es professionnellement qui compl\u00e8tent parfaitement votre espace. <strong>\u00ab Chic aquatique \u00bb<\/strong> est disponible dans les dimensions suivantes :<\/p>\n<ul>\n<li style=\"color: #FAF5E5\"><strong><\/strong> 11,04 cm \u00d7 29,70 cm<\/li>\n<li style=\"color: #FAF5E5\"><strong><\/strong> 15,61 cm \u00d7 42,00 cm<\/li>\n<li style=\"color: #FAF5E5\"><strong><\/strong> 17,95 cm \u00d7 48,30 cm<\/li>\n<li style=\"color: #FAF5E5\"><strong><\/strong> 22,08 cm \u00d7 59,40 cm<\/li>\n<li style=\"color: #FAF5E5\"><strong><\/strong> 43,00 cm \u00d7 115,69 cm<\/li>\n<\/ul>\n<p style=\"color: #FAF5E5\">Disponible en <strong>Mat<\/strong> ou <strong>Brillant<\/strong> finitions, chaque impression est sans bordure pour une esth\u00e9tique propre et moderne. Ces options de taille et de finition garantissent que <strong>\u00ab Chic aquatique \u00bb<\/strong> s&#039;int\u00e8gre parfaitement dans votre vision de d\u00e9coration, qu&#039;il s&#039;agisse d&#039;un coin bureau confortable ou d&#039;un espace de vie spacieux.<\/p>\n<h4 style=\"color: #D09A40;text-transform: uppercase\">Savoir-faire et qualit\u00e9<\/h4>\n<p style=\"color: #FAF5E5\">Chaque impression de <strong>\u00ab Chic aquatique \u00bb<\/strong> refl\u00e8te un savoir-faire exceptionnel. Imprim\u00e9 sur <strong>Papier FineArt Hahnem\u00fchle<\/strong>, r\u00e9put\u00e9 pour sa qualit\u00e9 de qualit\u00e9 mus\u00e9ale, et produit avec <strong>Encres UltraChrome Pro<\/strong>, cette \u0153uvre d&#039;art offre une vivacit\u00e9 r\u00e9sistante \u00e0 la d\u00e9coloration et une clart\u00e9 in\u00e9gal\u00e9e. La combinaison de ces mat\u00e9riaux haut de gamme garantit une durabilit\u00e9 archivistique et une brillance in\u00e9gal\u00e9e. Que vous optiez pour une finition mate ou brillante, soyez assur\u00e9 que cette affiche est fabriqu\u00e9e selon les normes de qualit\u00e9 les plus \u00e9lev\u00e9es.<\/p>\n<h4 style=\"color: #D09A40;text-transform: uppercase\">Certificat d&#039;authenticit\u00e9 et d&#039;exclusivit\u00e9<\/h4>\n<p style=\"color: #FAF5E5\">Chaque <strong>\u00ab Chic aquatique \u00bb<\/strong> L&#039;impression est v\u00e9ritablement unique en son genre et ne sera jamais reproduite, ce qui en fait un objet de collection tr\u00e8s exclusif. Pour augmenter encore sa valeur, chaque impression est accompagn\u00e9e d&#039;un <strong>Certificat d&#039;authenticit\u00e9 sign\u00e9<\/strong>, affirmant son originalit\u00e9 et sa valeur artistique. Plus qu&#039;une simple affiche, c&#039;est un tr\u00e9sor unique pour les amateurs d&#039;art et les collectionneurs exigeants.<\/p>\n<h4 style=\"color: #D09A40;text-transform: uppercase\">Utilisation id\u00e9ale et suggestions de d\u00e9coration<\/h4>\n<p style=\"color: #FAF5E5\">Transformez votre espace avec l&#039;\u00e9l\u00e9gance audacieuse de <strong>\u00ab Chic aquatique \u00bb<\/strong>Il est parfait pour :<\/p>\n<ul>\n<li style=\"color: #FAF5E5\"><strong><\/strong> Une pi\u00e8ce ma\u00eetresse frappante dans votre <strong>salon<\/strong><\/li>\n<li style=\"color: #FAF5E5\"><strong><\/strong> Ajout d&#039;une touche artistique \u00e0 un style moderne <strong>bureau ou espace de travail<\/strong><\/li>\n<li style=\"color: #FAF5E5\"><strong><\/strong> Am\u00e9liorer l&#039;ambiance d&#039;un <strong>configuration de jeu<\/strong><\/li>\n<li style=\"color: #FAF5E5\"><strong><\/strong> Un souvenir m\u00e9morable et unique <strong>id\u00e9e cadeau<\/strong> pour les amateurs d&#039;art<\/li>\n<\/ul>\n<p style=\"color: #FAF5E5\">Avec ses couleurs vibrantes et son design surr\u00e9aliste, <strong>\u00ab Chic aquatique \u00bb<\/strong> est un choix exceptionnel pour red\u00e9finir la d\u00e9coration int\u00e9rieure avec une touche d&#039;extraordinaire.<\/p>\n<h3 style=\"color: #FAF5E5;text-transform: uppercase;font-weight: bold\">Achetez ce chef-d&#039;\u0153uvre exclusif d\u00e8s aujourd&#039;hui<\/h3>\n<p style=\"color: #FAF5E5\">Ne manquez pas votre chance d&#039;acqu\u00e9rir <strong>\u00ab Aquatic Chic \u2013 Surr\u00e9alisme Pop Art par Neural Artistry \u00bb<\/strong>, une v\u00e9ritable c\u00e9l\u00e9bration de l&#039;art moderne, de la mode et du surr\u00e9alisme. Avec sa disponibilit\u00e9 exclusive, son savoir-faire haut de gamme et son attrait intemporel, cette affiche est un incontournable pour les collectionneurs et les amateurs de d\u00e9coration int\u00e9rieure. Ajoutez-la \u00e0 votre espace d\u00e8s aujourd&#039;hui et transformez votre environnement en une galerie de sophistication audacieuse.<\/p>\n<div style=\"background: linear-gradient(45deg, #DCA54A, #D09A40);color: #FFFFFF;padding: 10px;text-align: center;border-radius: 5px\">\n  <strong> CLIQUEZ POUR ACHETER VOTRE AFFICHE UNIQUE MAINTENANT <\/strong>\n<\/div>\n<p>&#8220;`<\/p>","protected":false},"excerpt":{"rendered":"<p>\u00ab\u00a0html<\/p>\n<p style=\"color: #FAF5E5;font-weight: bold\">Plongez dans la vivacit\u00e9 surr\u00e9aliste de <strong>Chic aquatique<\/strong>, un <strong>unique en son genre<\/strong> cr\u00e9ation pop art. Imprim\u00e9 sur <strong>Papier FineArt Hahnem\u00fchle<\/strong> avec <strong>Encres UltraChrome Pro<\/strong>, il est certifi\u00e9 et ne sera jamais reproduit.<\/p>\n<p>&#8220;`<\/p>","protected":false},"featured_media":2034,"comment_status":"open","ping_status":"closed","template":"","meta":{"_uag_custom_page_level_css":""},"product_brand":[874],"product_cat":[725,1268,731,751],"product_tag":[],"class_list":{"0":"post-2035","1":"product","2":"type-product","3":"status-publish","4":"has-post-thumbnail","6":"product_brand-neural-artistry","7":"product_cat-portraits","8":"product_cat-posters-prints-visual-artwork","9":"product_cat-surrealism","10":"product_cat-underwater-worlds","11":"product_shipping_class-chronopost","12":"pa_finish-type-glossy-finish","13":"pa_finish-type-matte-finish","14":"pa_margins-with","15":"pa_margins-without","16":"pa_medium-technique-digital-painting","17":"pa_medium-technique-photomanipulation","18":"pa_medium-technique-rendering","19":"pa_medium-technique-texturing","20":"pa_mood-ambiance-energetic","21":"pa_mood-ambiance-otherworldly","22":"pa_mood-ambiance-playful","23":"pa_mood-ambiance-surreal","24":"pa_mood-ambiance-vibrant","25":"pa_orientation-vertical","26":"pa_size-11-04cmx29-70cm","27":"pa_size-15-61cmx42-00cm","28":"pa_size-17-95cmx48-30cm","29":"pa_size-22-08cmx59-40cm","30":"pa_size-43-00cmx115-69cm","31":"pa_style-movement-concept-art","32":"pa_style-movement-pop-art","33":"pa_style-movement-surrealism","35":"first","36":"instock","37":"sold-individually","38":"taxable","39":"shipping-taxable","40":"purchasable","41":"product-type-variable","42":"has-default-attributes"},"yoast_head":"<!-- This site is optimized with the Yoast SEO plugin v27.5 - https:\/\/yoast.com\/product\/yoast-seo-wordpress\/ -->\n<title>Aquatic Chic - Pop Art Surrealism by Neural Artistry - Neural Artistry<\/title>\n<meta name=\"robots\" content=\"index, follow, max-snippet:-1, max-image-preview:large, max-video-preview:-1\" \/>\n<link rel=\"canonical\" href=\"https:\/\/www.neural-artistry.com\/fr\/shop\/home-garden\/decor\/artwork\/posters-prints-visual-artwork\/aquatic-chic-pop-art-surrealism-by-neural-artistry\/\" \/>\n<meta property=\"og:locale\" content=\"fr_FR\" \/>\n<meta property=\"og:type\" content=\"article\" \/>\n<meta property=\"og:title\" content=\"Aquatic Chic - Pop Art Surrealism by Neural Artistry - Neural Artistry\" \/>\n<meta property=\"og:description\" content=\"```html Dive into the surreal vibrance of Aquatic Chic, a one-of-a-kind pop art creation. Printed on Hahnem\u00fchle FineArt paper with UltraChrome Pro inks, it comes certified and will never be reproduced. ```\" \/>\n<meta property=\"og:url\" content=\"https:\/\/www.neural-artistry.com\/fr\/shop\/home-garden\/decor\/artwork\/posters-prints-visual-artwork\/aquatic-chic-pop-art-surrealism-by-neural-artistry\/\" \/>\n<meta property=\"og:site_name\" content=\"Neural Artistry\" \/>\n<meta property=\"article:modified_time\" content=\"2025-05-06T13:24:31+00:00\" \/>\n<meta property=\"og:image\" content=\"https:\/\/www.neural-artistry.com\/wp-content\/uploads\/2024\/12\/neural-artistry-portfolio-38-scaled-1.jpg\" \/>\n\t<meta property=\"og:image:width\" content=\"951\" \/>\n\t<meta property=\"og:image:height\" content=\"2560\" \/>\n\t<meta property=\"og:image:type\" content=\"image\/jpeg\" \/>\n<meta name=\"twitter:card\" content=\"summary_large_image\" \/>\n<meta name=\"twitter:label1\" content=\"Dur\u00e9e de lecture estim\u00e9e\" \/>\n\t<meta name=\"twitter:data1\" content=\"3 minutes\" \/>\n<script type=\"application\/ld+json\" class=\"yoast-schema-graph\">{\"@context\":\"https:\\\/\\\/schema.org\",\"@graph\":[{\"@type\":\"WebPage\",\"@id\":\"https:\\\/\\\/www.neural-artistry.com\\\/shop\\\/home-garden\\\/decor\\\/artwork\\\/posters-prints-visual-artwork\\\/aquatic-chic-pop-art-surrealism-by-neural-artistry\\\/\",\"url\":\"https:\\\/\\\/www.neural-artistry.com\\\/shop\\\/home-garden\\\/decor\\\/artwork\\\/posters-prints-visual-artwork\\\/aquatic-chic-pop-art-surrealism-by-neural-artistry\\\/\",\"name\":\"Aquatic Chic - Pop Art Surrealism by Neural Artistry - Neural Artistry\",\"isPartOf\":{\"@id\":\"https:\\\/\\\/www.neural-artistry.com\\\/#website\"},\"primaryImageOfPage\":{\"@id\":\"https:\\\/\\\/www.neural-artistry.com\\\/shop\\\/home-garden\\\/decor\\\/artwork\\\/posters-prints-visual-artwork\\\/aquatic-chic-pop-art-surrealism-by-neural-artistry\\\/#primaryimage\"},\"image\":{\"@id\":\"https:\\\/\\\/www.neural-artistry.com\\\/shop\\\/home-garden\\\/decor\\\/artwork\\\/posters-prints-visual-artwork\\\/aquatic-chic-pop-art-surrealism-by-neural-artistry\\\/#primaryimage\"},\"thumbnailUrl\":\"https:\\\/\\\/www.neural-artistry.com\\\/wp-content\\\/uploads\\\/2024\\\/12\\\/neural-artistry-portfolio-38-scaled-1.jpg\",\"datePublished\":\"2024-12-26T22:07:06+00:00\",\"dateModified\":\"2025-05-06T13:24:31+00:00\",\"breadcrumb\":{\"@id\":\"https:\\\/\\\/www.neural-artistry.com\\\/shop\\\/home-garden\\\/decor\\\/artwork\\\/posters-prints-visual-artwork\\\/aquatic-chic-pop-art-surrealism-by-neural-artistry\\\/#breadcrumb\"},\"inLanguage\":\"fr-FR\",\"potentialAction\":[{\"@type\":\"ReadAction\",\"target\":[\"https:\\\/\\\/www.neural-artistry.com\\\/shop\\\/home-garden\\\/decor\\\/artwork\\\/posters-prints-visual-artwork\\\/aquatic-chic-pop-art-surrealism-by-neural-artistry\\\/\"]}]},{\"@type\":\"ImageObject\",\"inLanguage\":\"fr-FR\",\"@id\":\"https:\\\/\\\/www.neural-artistry.com\\\/shop\\\/home-garden\\\/decor\\\/artwork\\\/posters-prints-visual-artwork\\\/aquatic-chic-pop-art-surrealism-by-neural-artistry\\\/#primaryimage\",\"url\":\"https:\\\/\\\/www.neural-artistry.com\\\/wp-content\\\/uploads\\\/2024\\\/12\\\/neural-artistry-portfolio-38-scaled-1.jpg\",\"contentUrl\":\"https:\\\/\\\/www.neural-artistry.com\\\/wp-content\\\/uploads\\\/2024\\\/12\\\/neural-artistry-portfolio-38-scaled-1.jpg\",\"width\":951,\"height\":2560},{\"@type\":\"BreadcrumbList\",\"@id\":\"https:\\\/\\\/www.neural-artistry.com\\\/shop\\\/home-garden\\\/decor\\\/artwork\\\/posters-prints-visual-artwork\\\/aquatic-chic-pop-art-surrealism-by-neural-artistry\\\/#breadcrumb\",\"itemListElement\":[{\"@type\":\"ListItem\",\"position\":1,\"name\":\"Home\",\"item\":\"https:\\\/\\\/www.neural-artistry.com\\\/\"},{\"@type\":\"ListItem\",\"position\":2,\"name\":\"Wall Art Prints \u2013 Custom Canvas &amp; Unique Posters\",\"item\":\"https:\\\/\\\/www.neural-artistry.com\\\/\"},{\"@type\":\"ListItem\",\"position\":3,\"name\":\"Aquatic Chic &#8211; Pop Art Surrealism by Neural Artistry\"}]},{\"@type\":\"WebSite\",\"@id\":\"https:\\\/\\\/www.neural-artistry.com\\\/#website\",\"url\":\"https:\\\/\\\/www.neural-artistry.com\\\/\",\"name\":\"Neural Artistry\",\"description\":\"AI Art Posters \u2013 Certified, Premium, Sold Only Once\",\"publisher\":{\"@id\":\"https:\\\/\\\/www.neural-artistry.com\\\/#organization\"},\"potentialAction\":[{\"@type\":\"SearchAction\",\"target\":{\"@type\":\"EntryPoint\",\"urlTemplate\":\"https:\\\/\\\/www.neural-artistry.com\\\/?s={search_term_string}\"},\"query-input\":{\"@type\":\"PropertyValueSpecification\",\"valueRequired\":true,\"valueName\":\"search_term_string\"}}],\"inLanguage\":\"fr-FR\"},{\"@type\":\"Organization\",\"@id\":\"https:\\\/\\\/www.neural-artistry.com\\\/#organization\",\"name\":\"Neural Artistry\",\"url\":\"https:\\\/\\\/www.neural-artistry.com\\\/\",\"logo\":{\"@type\":\"ImageObject\",\"inLanguage\":\"fr-FR\",\"@id\":\"https:\\\/\\\/www.neural-artistry.com\\\/#\\\/schema\\\/logo\\\/image\\\/\",\"url\":\"https:\\\/\\\/www.neural-artistry.com\\\/wp-content\\\/uploads\\\/2025\\\/08\\\/Web-Black-logo-no-background-scaled.webp\",\"contentUrl\":\"https:\\\/\\\/www.neural-artistry.com\\\/wp-content\\\/uploads\\\/2025\\\/08\\\/Web-Black-logo-no-background-scaled.webp\",\"width\":2560,\"height\":976,\"caption\":\"Neural Artistry\"},\"image\":{\"@id\":\"https:\\\/\\\/www.neural-artistry.com\\\/#\\\/schema\\\/logo\\\/image\\\/\"}}]}<\/script>\n<!-- \/ Yoast SEO plugin. -->","yoast_head_json":{"title":"Aquatic Chic - Pop Art Surrealism by Neural Artistry - Neural Artistry","robots":{"index":"index","follow":"follow","max-snippet":"max-snippet:-1","max-image-preview":"max-image-preview:large","max-video-preview":"max-video-preview:-1"},"canonical":"https:\/\/www.neural-artistry.com\/fr\/shop\/home-garden\/decor\/artwork\/posters-prints-visual-artwork\/aquatic-chic-pop-art-surrealism-by-neural-artistry\/","og_locale":"fr_FR","og_type":"article","og_title":"Aquatic Chic - Pop Art Surrealism by Neural Artistry - Neural Artistry","og_description":"```html Dive into the surreal vibrance of Aquatic Chic, a one-of-a-kind pop art creation. Printed on Hahnem\u00fchle FineArt paper with UltraChrome Pro inks, it comes certified and will never be reproduced. ```","og_url":"https:\/\/www.neural-artistry.com\/fr\/shop\/home-garden\/decor\/artwork\/posters-prints-visual-artwork\/aquatic-chic-pop-art-surrealism-by-neural-artistry\/","og_site_name":"Neural Artistry","article_modified_time":"2025-05-06T13:24:31+00:00","og_image":[{"width":951,"height":2560,"url":"https:\/\/www.neural-artistry.com\/wp-content\/uploads\/2024\/12\/neural-artistry-portfolio-38-scaled-1.jpg","type":"image\/jpeg"}],"twitter_card":"summary_large_image","twitter_misc":{"Dur\u00e9e de lecture estim\u00e9e":"3 minutes"},"schema":{"@context":"https:\/\/schema.org","@graph":[{"@type":"WebPage","@id":"https:\/\/www.neural-artistry.com\/shop\/home-garden\/decor\/artwork\/posters-prints-visual-artwork\/aquatic-chic-pop-art-surrealism-by-neural-artistry\/","url":"https:\/\/www.neural-artistry.com\/shop\/home-garden\/decor\/artwork\/posters-prints-visual-artwork\/aquatic-chic-pop-art-surrealism-by-neural-artistry\/","name":"Aquatic Chic - Pop Art Surrealism by Neural Artistry - Neural Artistry","isPartOf":{"@id":"https:\/\/www.neural-artistry.com\/#website"},"primaryImageOfPage":{"@id":"https:\/\/www.neural-artistry.com\/shop\/home-garden\/decor\/artwork\/posters-prints-visual-artwork\/aquatic-chic-pop-art-surrealism-by-neural-artistry\/#primaryimage"},"image":{"@id":"https:\/\/www.neural-artistry.com\/shop\/home-garden\/decor\/artwork\/posters-prints-visual-artwork\/aquatic-chic-pop-art-surrealism-by-neural-artistry\/#primaryimage"},"thumbnailUrl":"https:\/\/www.neural-artistry.com\/wp-content\/uploads\/2024\/12\/neural-artistry-portfolio-38-scaled-1.jpg","datePublished":"2024-12-26T22:07:06+00:00","dateModified":"2025-05-06T13:24:31+00:00","breadcrumb":{"@id":"https:\/\/www.neural-artistry.com\/shop\/home-garden\/decor\/artwork\/posters-prints-visual-artwork\/aquatic-chic-pop-art-surrealism-by-neural-artistry\/#breadcrumb"},"inLanguage":"fr-FR","potentialAction":[{"@type":"ReadAction","target":["https:\/\/www.neural-artistry.com\/shop\/home-garden\/decor\/artwork\/posters-prints-visual-artwork\/aquatic-chic-pop-art-surrealism-by-neural-artistry\/"]}]},{"@type":"ImageObject","inLanguage":"fr-FR","@id":"https:\/\/www.neural-artistry.com\/shop\/home-garden\/decor\/artwork\/posters-prints-visual-artwork\/aquatic-chic-pop-art-surrealism-by-neural-artistry\/#primaryimage","url":"https:\/\/www.neural-artistry.com\/wp-content\/uploads\/2024\/12\/neural-artistry-portfolio-38-scaled-1.jpg","contentUrl":"https:\/\/www.neural-artistry.com\/wp-content\/uploads\/2024\/12\/neural-artistry-portfolio-38-scaled-1.jpg","width":951,"height":2560},{"@type":"BreadcrumbList","@id":"https:\/\/www.neural-artistry.com\/shop\/home-garden\/decor\/artwork\/posters-prints-visual-artwork\/aquatic-chic-pop-art-surrealism-by-neural-artistry\/#breadcrumb","itemListElement":[{"@type":"ListItem","position":1,"name":"Home","item":"https:\/\/www.neural-artistry.com\/"},{"@type":"ListItem","position":2,"name":"Wall Art Prints \u2013 Custom Canvas &amp; Unique Posters","item":"https:\/\/www.neural-artistry.com\/"},{"@type":"ListItem","position":3,"name":"Aquatic Chic &#8211; Pop Art Surrealism by Neural Artistry"}]},{"@type":"WebSite","@id":"https:\/\/www.neural-artistry.com\/#website","url":"https:\/\/www.neural-artistry.com\/","name":"Neural Artistry","description":"Affiches d&#039;art IA \u2013 Certifi\u00e9es, premium, vendues une seule fois","publisher":{"@id":"https:\/\/www.neural-artistry.com\/#organization"},"potentialAction":[{"@type":"SearchAction","target":{"@type":"EntryPoint","urlTemplate":"https:\/\/www.neural-artistry.com\/?s={search_term_string}"},"query-input":{"@type":"PropertyValueSpecification","valueRequired":true,"valueName":"search_term_string"}}],"inLanguage":"fr-FR"},{"@type":"Organization","@id":"https:\/\/www.neural-artistry.com\/#organization","name":"Neural Artistry","url":"https:\/\/www.neural-artistry.com\/","logo":{"@type":"ImageObject","inLanguage":"fr-FR","@id":"https:\/\/www.neural-artistry.com\/#\/schema\/logo\/image\/","url":"https:\/\/www.neural-artistry.com\/wp-content\/uploads\/2025\/08\/Web-Black-logo-no-background-scaled.webp","contentUrl":"https:\/\/www.neural-artistry.com\/wp-content\/uploads\/2025\/08\/Web-Black-logo-no-background-scaled.webp","width":2560,"height":976,"caption":"Neural Artistry"},"image":{"@id":"https:\/\/www.neural-artistry.com\/#\/schema\/logo\/image\/"}}]}},"uagb_featured_image_src":{"full":["https:\/\/www.neural-artistry.com\/wp-content\/uploads\/2024\/12\/neural-artistry-portfolio-38-scaled-1.jpg",951,2560,false],"thumbnail":["https:\/\/www.neural-artistry.com\/wp-content\/uploads\/2024\/12\/neural-artistry-portfolio-38-scaled-1-150x150.jpg",150,150,true],"medium":["https:\/\/www.neural-artistry.com\/wp-content\/uploads\/2024\/12\/neural-artistry-portfolio-38-scaled-1-111x300.jpg",111,300,true],"medium_large":["https:\/\/www.neural-artistry.com\/wp-content\/uploads\/2024\/12\/neural-artistry-portfolio-38-scaled-1-768x2067.jpg",768,2067,true],"large":["https:\/\/www.neural-artistry.com\/wp-content\/uploads\/2024\/12\/neural-artistry-portfolio-38-scaled-1-380x1024.jpg",380,1024,true],"1536x1536":["https:\/\/www.neural-artistry.com\/wp-content\/uploads\/2024\/12\/neural-artistry-portfolio-38-scaled-1-571x1536.jpg",571,1536,true],"2048x2048":["https:\/\/www.neural-artistry.com\/wp-content\/uploads\/2024\/12\/neural-artistry-portfolio-38-scaled-1-761x2048.jpg",761,2048,true],"trp-custom-language-flag":["https:\/\/www.neural-artistry.com\/wp-content\/uploads\/2024\/12\/neural-artistry-portfolio-38-scaled-1-4x12.jpg",4,12,true],"woocommerce_thumbnail":["https:\/\/www.neural-artistry.com\/wp-content\/uploads\/2024\/12\/neural-artistry-portfolio-38-scaled-1-450x450.jpg",450,450,true],"woocommerce_single":["https:\/\/www.neural-artistry.com\/wp-content\/uploads\/2024\/12\/neural-artistry-portfolio-38-scaled-1-600x1615.jpg",600,1615,true],"woocommerce_gallery_thumbnail":["https:\/\/www.neural-artistry.com\/wp-content\/uploads\/2024\/12\/neural-artistry-portfolio-38-scaled-1-100x100.jpg",100,100,true]},"uagb_author_info":{"display_name":"flake","author_link":"https:\/\/www.neural-artistry.com\/fr\/author\/"},"uagb_comment_info":0,"uagb_excerpt":"```html Dive into the surreal vibrance of Aquatic Chic, a one-of-a-kind pop art creation. Printed on Hahnem\u00fchle FineArt paper with UltraChrome Pro inks, it comes certified and will never be reproduced. ```","_links":{"self":[{"href":"https:\/\/www.neural-artistry.com\/fr\/wp-json\/wp\/v2\/product\/2035","targetHints":{"allow":["GET"]}}],"collection":[{"href":"https:\/\/www.neural-artistry.com\/fr\/wp-json\/wp\/v2\/product"}],"about":[{"href":"https:\/\/www.neural-artistry.com\/fr\/wp-json\/wp\/v2\/types\/product"}],"replies":[{"embeddable":true,"href":"https:\/\/www.neural-artistry.com\/fr\/wp-json\/wp\/v2\/comments?post=2035"}],"wp:featuredmedia":[{"embeddable":true,"href":"https:\/\/www.neural-artistry.com\/fr\/wp-json\/wp\/v2\/media\/2034"}],"wp:attachment":[{"href":"https:\/\/www.neural-artistry.com\/fr\/wp-json\/wp\/v2\/media?parent=2035"}],"wp:term":[{"taxonomy":"product_brand","embeddable":true,"href":"https:\/\/www.neural-artistry.com\/fr\/wp-json\/wp\/v2\/product_brand?post=2035"},{"taxonomy":"product_cat","embeddable":true,"href":"https:\/\/www.neural-artistry.com\/fr\/wp-json\/wp\/v2\/product_cat?post=2035"},{"taxonomy":"product_tag","embeddable":true,"href":"https:\/\/www.neural-artistry.com\/fr\/wp-json\/wp\/v2\/product_tag?post=2035"}],"curies":[{"name":"wp","href":"https:\/\/api.w.org\/{rel}","templated":true}]}}