{"id":2091,"date":"2024-12-26T22:15:04","date_gmt":"2024-12-26T22:15:04","guid":{"rendered":"https:\/\/www.neural-artistry.com\/?post_type=product&#038;p=2091"},"modified":"2025-05-06T13:22:51","modified_gmt":"2025-05-06T13:22:51","slug":"celestial-muse-psychedelic-art-with-art-nouveau-influence-by-neural-artistry","status":"publish","type":"product","link":"https:\/\/www.neural-artistry.com\/fr\/shop\/home-garden\/decor\/artwork\/posters-prints-visual-artwork\/celestial-muse-psychedelic-art-with-art-nouveau-influence-by-neural-artistry\/","title":{"rendered":"Celestial Muse \u2013 Art psych\u00e9d\u00e9lique aux influences Art Nouveau par Neural Artistry"},"content":{"rendered":"<h3 style=\"color: #DCA54A;text-transform: uppercase;font-weight: bold\">Celestial Muse \u2013 Art psych\u00e9d\u00e9lique aux influences Art Nouveau par Neural Artistry<\/h3>\n<h4 style=\"color: #D09A40;text-transform: uppercase\">Une fusion cosmique d&#039;\u00e9l\u00e9gance et de surr\u00e9alisme<\/h4>\n<p style=\"color: #FAF5E5\">Entrez dans un royaume o\u00f9 le mysticisme rencontre l&#039;art, un endroit o\u00f9 le cosmos murmure ses secrets \u00e0 travers des teintes vibrantes et des motifs complexes. <em>\u00ab Muse C\u00e9leste \u00bb<\/em> de Neural Artistry est une affiche imprim\u00e9e unique en son genre \u00e0 couper le souffle qui allie magistralement l&#039;\u00e9l\u00e9gance fluide de l&#039;Art Nouveau \u00e0 la profondeur captivante de l&#039;art psych\u00e9d\u00e9lique. Au c\u0153ur de l&#039;\u0153uvre, l&#039;\u0153uvre met en sc\u00e8ne une d\u00e9esse c\u00e9leste, son regard tranquille entour\u00e9 d&#039;une tapisserie vive d&#039;oranges \u00e9lectriques, de bleus profonds et de violets chatoyants. Ses cheveux noirs flottants se fondent dans les \u00e9toiles elles-m\u00eames, cr\u00e9ant une symphonie visuelle envo\u00fbtante qui semble \u00e0 la fois surnaturelle et intemporelle. Ce chef-d&#039;\u0153uvre exclusif est plus qu&#039;une simple affiche ; c&#039;est un portail vers un univers d&#039;imagination et d&#039;inspiration.<\/p>\n<p style=\"color: #FAF5E5\">Parfait pour les collectionneurs de <strong>art psych\u00e9d\u00e9lique, d\u00e9cor surr\u00e9aliste et symbolisme cosmique moderne<\/strong>, <em>\u00ab Muse C\u00e9leste \u00bb<\/em> est une pi\u00e8ce ma\u00eetresse qui transformera votre espace en un sanctuaire c\u00e9leste.<\/p>\n<h4 style=\"color: #D09A40;text-transform: uppercase\">Tailles et formats : adapt\u00e9s \u00e0 tous les espaces<\/h4>\n<p style=\"color: #FAF5E5\"><em>\u00ab Muse C\u00e9leste \u00bb<\/em> est disponible en cinq tailles soigneusement con\u00e7ues, garantissant un ajustement parfait \u00e0 votre espace unique\u00a0:<\/p>\n<ul>\n<li style=\"color: #FAF5E5;font-weight: bold\"> 17,89 \u00d7 29,70 cm (7,04\u2033 \u00d7 11,69\u2033)<\/li>\n<li style=\"color: #FAF5E5;font-weight: bold\"> 25,30 \u00d7 42,00 cm (9,96\u2033 \u00d7 16,54\u2033)<\/li>\n<li style=\"color: #FAF5E5;font-weight: bold\"> 29,09 \u00d7 48,30 cm (11,45\u2033 \u00d7 19,02\u2033)<\/li>\n<li style=\"color: #FAF5E5;font-weight: bold\"> 35,78 \u00d7 59,40 cm (14,08\u2033 \u00d7 23,39\u2033)<\/li>\n<li style=\"color: #FAF5E5;font-weight: bold\"> 43,00 \u00d7 71,40 cm (16,93\u2033 \u00d7 28,11\u2033)<\/li>\n<\/ul>\n<p style=\"color: #FAF5E5\">Choisissez parmi <strong>mat<\/strong> ou <strong>finitions brillantes<\/strong> pour correspondre \u00e0 vos pr\u00e9f\u00e9rences d&#039;\u00e9clairage et d&#039;esth\u00e9tique. Que vous pr\u00e9f\u00e9riez un design \u00e9pur\u00e9 et sans bordure pour un minimalisme moderne ou une marge subtile pour un encadrement facile, cette affiche s&#039;adapte sans effort \u00e0 votre style.<\/p>\n<h4 style=\"color: #D09A40;text-transform: uppercase\">Savoir-faire et qualit\u00e9 : la perfection digne d&#039;un mus\u00e9e<\/h4>\n<p style=\"color: #FAF5E5\">Au c\u0153ur de <em>\u00ab Muse C\u00e9leste \u00bb<\/em> repose sur un savoir-faire exceptionnel, garantissant que chaque d\u00e9tail et chaque teinte sont pr\u00e9serv\u00e9s avec une clart\u00e9 \u00e9tonnante. Imprim\u00e9 sur du papier luxueux <strong>Papier FineArt Hahnem\u00fchle<\/strong> en utilisant les technologies de pointe <strong>Encres UltraChrome Pro<\/strong>, cette \u0153uvre offre :<\/p>\n<ul>\n<li style=\"color: #FAF5E5;font-weight: bold\"> Qualit\u00e9 d&#039;archivage pour une long\u00e9vit\u00e9 et une durabilit\u00e9 optimales.<\/li>\n<li style=\"color: #FAF5E5;font-weight: bold\"> Pigments vifs et r\u00e9sistants \u00e0 la d\u00e9coloration pour une reproduction dynamique des couleurs.<\/li>\n<li style=\"color: #FAF5E5;font-weight: bold\"> Pr\u00e9cision de 300 DPI qui capture chaque coup de pinceau complexe.<\/li>\n<\/ul>\n<p style=\"color: #FAF5E5\">Con\u00e7ue pour durer toute une vie, cette affiche de qualit\u00e9 mus\u00e9e garantit que votre investissement dans l&#039;art reste aussi radieux que le jour de son arriv\u00e9e.<\/p>\n<h4 style=\"color: #D09A40;text-transform: uppercase\">Certification et exclusivit\u00e9 : poss\u00e9dez un v\u00e9ritable original<\/h4>\n<p style=\"color: #FAF5E5\"><em>\u00ab Muse C\u00e9leste \u00bb<\/em> est un <strong>cr\u00e9ation unique en son genre<\/strong>, vendu une seule fois et jamais reproduit. Accompagn\u00e9 d&#039;un <strong>Certificat d&#039;authenticit\u00e9 sign\u00e9<\/strong>, cette affiche est bien plus qu&#039;un objet de d\u00e9coration : c&#039;est un objet de collection, un tr\u00e9sor pour les amateurs d&#039;art et les collectionneurs. C&#039;est l&#039;occasion d&#039;investir dans une pi\u00e8ce exclusive qui restera \u00e0 jamais la v\u00f4tre.<\/p>\n<h4 style=\"color: #D09A40;text-transform: uppercase\">Utilisation id\u00e9ale et suggestions de d\u00e9coration : sublimez vos int\u00e9rieurs<\/h4>\n<p style=\"color: #FAF5E5\">La beaut\u00e9 \u00e9th\u00e9r\u00e9e de <em>\u00ab Muse C\u00e9leste \u00bb<\/em> en fait un ajout polyvalent \u00e0 tout espace. Son design surr\u00e9aliste et sa palette vibrante rehaussent sans effort une vari\u00e9t\u00e9 de d\u00e9cors\u00a0:<\/p>\n<ul>\n<li style=\"color: #FAF5E5;font-weight: bold\"> <strong>Salon:<\/strong> Cr\u00e9ez une pi\u00e8ce ma\u00eetresse cosmique au-dessus de votre canap\u00e9 ou dans le cadre d\u2019un mur de galerie.<\/li>\n<li style=\"color: #FAF5E5;font-weight: bold\"> <strong>Chambre \u00e0 coucher:<\/strong> Impr\u00e9gnez votre sanctuaire d&#039;une ambiance onirique, parfaite comme point focal de t\u00eate de lit.<\/li>\n<li style=\"color: #FAF5E5;font-weight: bold\"> <strong>Bureau ou Studio :<\/strong> Inspirez la cr\u00e9ativit\u00e9 et la tranquillit\u00e9 dans votre espace de travail.<\/li>\n<li style=\"color: #FAF5E5;font-weight: bold\"> <strong>Configuration de jeu\u00a0:<\/strong> Ajoutez une touche surr\u00e9aliste et surnaturelle \u00e0 votre environnement de streaming ou de jeu.<\/li>\n<\/ul>\n<p style=\"color: #FAF5E5\">Se m\u00e9lange parfaitement avec <strong>d\u00e9cor moderne, boh\u00e8me ou \u00e9clectique<\/strong>, cette affiche exclusive constitue \u00e9galement un cadeau inoubliable pour les amateurs d&#039;art, les r\u00eaveurs et les explorateurs cosmiques.<\/p>\n<h4 style=\"color: #D09A40;text-transform: uppercase\">Votre chance de poss\u00e9der l&#039;extraordinaire<\/h4>\n<p style=\"color: #FAF5E5\">Ne manquez pas l&#039;opportunit\u00e9 de poss\u00e9der ce chef-d&#039;\u0153uvre irrempla\u00e7able. Avec un seul exemplaire disponible, <em>\u00ab Muse C\u00e9leste \u00bb<\/em> C&#039;est votre chance de transformer votre espace avec une \u0153uvre d&#039;art vraiment unique. Rehaussez votre d\u00e9cor, suscitez une inspiration sans fin et procurez-vous un tr\u00e9sor intemporel d\u00e8s aujourd&#039;hui.<\/p>\n<div style=\"background: linear-gradient(90deg, #DCA54A, #D09A40);color: #FFFFFF;padding: 10px;text-align: center;font-weight: bold;border-radius: 5px\">\n  Procurez-vous cette affiche unique maintenant avant qu&#039;elle ne disparaisse \u00e0 jamais !\n<\/div>","protected":false},"excerpt":{"rendered":"<p style=\"color: #FAF5E5;font-weight: bold\">Plongez dans le mysticisme de <em>\u00ab Muse C\u00e9leste \u00bb<\/em>, une fusion enchanteresse de l&#039;Art Nouveau et de l&#039;art psych\u00e9d\u00e9lique. Imprim\u00e9 sur <strong>Papier FineArt Hahnem\u00fchle<\/strong> avec <strong>Encres UltraChrome Pro<\/strong>, ce <strong>chef-d&#039;\u0153uvre exclusif et certifi\u00e9<\/strong> est vendu une fois, il est \u00e0 vous pour toujours.<\/p>","protected":false},"featured_media":2090,"comment_status":"open","ping_status":"closed","template":"","meta":{"_uag_custom_page_level_css":""},"product_brand":[874],"product_cat":[724,743,752,1268,731,758],"product_tag":[],"class_list":{"0":"post-2091","1":"product","2":"type-product","3":"status-publish","4":"has-post-thumbnail","6":"product_brand-neural-artistry","7":"product_cat-abstract-forms","8":"product_cat-human-emotions","9":"product_cat-mystical-themes","10":"product_cat-posters-prints-visual-artwork","11":"product_cat-surrealism","12":"product_cat-symbolism","13":"product_shipping_class-chronopost","14":"pa_finish-type-glossy-finish","15":"pa_finish-type-matte-finish","16":"pa_margins-with","17":"pa_margins-without","18":"pa_medium-technique-digital-painting","19":"pa_medium-technique-texturing","20":"pa_mood-ambiance-mystical","21":"pa_mood-ambiance-otherworldly","22":"pa_mood-ambiance-surreal","23":"pa_mood-ambiance-vibrant","24":"pa_mood-ambiance-whimsical","25":"pa_orientation-vertical","26":"pa_size-17-89cmx29-70cm","27":"pa_size-25-30cmx42-00cm","28":"pa_size-29-09cmx48-30cm","29":"pa_size-35-78cmx59-40cm","30":"pa_size-43-00cmx71-40cm","31":"pa_style-movement-art-nouveau","32":"pa_style-movement-surrealism","33":"pa_style-movement-symbolism","35":"first","36":"instock","37":"sold-individually","38":"taxable","39":"shipping-taxable","40":"purchasable","41":"product-type-variable","42":"has-default-attributes"},"yoast_head":"<!-- This site is optimized with the Yoast SEO plugin v27.5 - https:\/\/yoast.com\/product\/yoast-seo-wordpress\/ -->\n<title>Celestial Muse - Psychedelic Art with Art Nouveau Influence by Neural Artistry - Neural Artistry<\/title>\n<meta name=\"robots\" content=\"index, follow, max-snippet:-1, max-image-preview:large, max-video-preview:-1\" \/>\n<link rel=\"canonical\" href=\"https:\/\/www.neural-artistry.com\/fr\/shop\/home-garden\/decor\/artwork\/posters-prints-visual-artwork\/celestial-muse-psychedelic-art-with-art-nouveau-influence-by-neural-artistry\/\" \/>\n<meta property=\"og:locale\" content=\"fr_FR\" \/>\n<meta property=\"og:type\" content=\"article\" \/>\n<meta property=\"og:title\" content=\"Celestial Muse - Psychedelic Art with Art Nouveau Influence by Neural Artistry - Neural Artistry\" \/>\n<meta property=\"og:description\" content=\"Immerse yourself in the mysticism of \u201cCelestial Muse\u201d, an enchanting fusion of Art Nouveau and psychedelic art. Printed on Hahnem\u00fchle FineArt paper with UltraChrome Pro inks, this exclusive, certified masterpiece is sold once\u2014yours forever.\" \/>\n<meta property=\"og:url\" content=\"https:\/\/www.neural-artistry.com\/fr\/shop\/home-garden\/decor\/artwork\/posters-prints-visual-artwork\/celestial-muse-psychedelic-art-with-art-nouveau-influence-by-neural-artistry\/\" \/>\n<meta property=\"og:site_name\" content=\"Neural Artistry\" \/>\n<meta property=\"article:modified_time\" content=\"2025-05-06T13:22:51+00:00\" \/>\n<meta property=\"og:image\" content=\"https:\/\/www.neural-artistry.com\/wp-content\/uploads\/2024\/12\/neural-artistry-portfolio-10-scaled-1.jpg\" \/>\n\t<meta property=\"og:image:width\" content=\"1542\" \/>\n\t<meta property=\"og:image:height\" content=\"2560\" \/>\n\t<meta property=\"og:image:type\" content=\"image\/jpeg\" \/>\n<meta name=\"twitter:card\" content=\"summary_large_image\" \/>\n<meta name=\"twitter:label1\" content=\"Dur\u00e9e de lecture estim\u00e9e\" \/>\n\t<meta name=\"twitter:data1\" content=\"3 minutes\" \/>\n<script type=\"application\/ld+json\" class=\"yoast-schema-graph\">{\"@context\":\"https:\\\/\\\/schema.org\",\"@graph\":[{\"@type\":\"WebPage\",\"@id\":\"https:\\\/\\\/www.neural-artistry.com\\\/shop\\\/home-garden\\\/decor\\\/artwork\\\/posters-prints-visual-artwork\\\/celestial-muse-psychedelic-art-with-art-nouveau-influence-by-neural-artistry\\\/\",\"url\":\"https:\\\/\\\/www.neural-artistry.com\\\/shop\\\/home-garden\\\/decor\\\/artwork\\\/posters-prints-visual-artwork\\\/celestial-muse-psychedelic-art-with-art-nouveau-influence-by-neural-artistry\\\/\",\"name\":\"Celestial Muse - Psychedelic Art with Art Nouveau Influence by Neural Artistry - Neural Artistry\",\"isPartOf\":{\"@id\":\"https:\\\/\\\/www.neural-artistry.com\\\/#website\"},\"primaryImageOfPage\":{\"@id\":\"https:\\\/\\\/www.neural-artistry.com\\\/shop\\\/home-garden\\\/decor\\\/artwork\\\/posters-prints-visual-artwork\\\/celestial-muse-psychedelic-art-with-art-nouveau-influence-by-neural-artistry\\\/#primaryimage\"},\"image\":{\"@id\":\"https:\\\/\\\/www.neural-artistry.com\\\/shop\\\/home-garden\\\/decor\\\/artwork\\\/posters-prints-visual-artwork\\\/celestial-muse-psychedelic-art-with-art-nouveau-influence-by-neural-artistry\\\/#primaryimage\"},\"thumbnailUrl\":\"https:\\\/\\\/www.neural-artistry.com\\\/wp-content\\\/uploads\\\/2024\\\/12\\\/neural-artistry-portfolio-10-scaled-1.jpg\",\"datePublished\":\"2024-12-26T22:15:04+00:00\",\"dateModified\":\"2025-05-06T13:22:51+00:00\",\"breadcrumb\":{\"@id\":\"https:\\\/\\\/www.neural-artistry.com\\\/shop\\\/home-garden\\\/decor\\\/artwork\\\/posters-prints-visual-artwork\\\/celestial-muse-psychedelic-art-with-art-nouveau-influence-by-neural-artistry\\\/#breadcrumb\"},\"inLanguage\":\"fr-FR\",\"potentialAction\":[{\"@type\":\"ReadAction\",\"target\":[\"https:\\\/\\\/www.neural-artistry.com\\\/shop\\\/home-garden\\\/decor\\\/artwork\\\/posters-prints-visual-artwork\\\/celestial-muse-psychedelic-art-with-art-nouveau-influence-by-neural-artistry\\\/\"]}]},{\"@type\":\"ImageObject\",\"inLanguage\":\"fr-FR\",\"@id\":\"https:\\\/\\\/www.neural-artistry.com\\\/shop\\\/home-garden\\\/decor\\\/artwork\\\/posters-prints-visual-artwork\\\/celestial-muse-psychedelic-art-with-art-nouveau-influence-by-neural-artistry\\\/#primaryimage\",\"url\":\"https:\\\/\\\/www.neural-artistry.com\\\/wp-content\\\/uploads\\\/2024\\\/12\\\/neural-artistry-portfolio-10-scaled-1.jpg\",\"contentUrl\":\"https:\\\/\\\/www.neural-artistry.com\\\/wp-content\\\/uploads\\\/2024\\\/12\\\/neural-artistry-portfolio-10-scaled-1.jpg\",\"width\":1542,\"height\":2560},{\"@type\":\"BreadcrumbList\",\"@id\":\"https:\\\/\\\/www.neural-artistry.com\\\/shop\\\/home-garden\\\/decor\\\/artwork\\\/posters-prints-visual-artwork\\\/celestial-muse-psychedelic-art-with-art-nouveau-influence-by-neural-artistry\\\/#breadcrumb\",\"itemListElement\":[{\"@type\":\"ListItem\",\"position\":1,\"name\":\"Home\",\"item\":\"https:\\\/\\\/www.neural-artistry.com\\\/\"},{\"@type\":\"ListItem\",\"position\":2,\"name\":\"Wall Art Prints \u2013 Custom Canvas &amp; Unique Posters\",\"item\":\"https:\\\/\\\/www.neural-artistry.com\\\/\"},{\"@type\":\"ListItem\",\"position\":3,\"name\":\"Celestial Muse &#8211; Psychedelic Art with Art Nouveau Influence by Neural Artistry\"}]},{\"@type\":\"WebSite\",\"@id\":\"https:\\\/\\\/www.neural-artistry.com\\\/#website\",\"url\":\"https:\\\/\\\/www.neural-artistry.com\\\/\",\"name\":\"Neural Artistry\",\"description\":\"AI Art Posters \u2013 Certified, Premium, Sold Only Once\",\"publisher\":{\"@id\":\"https:\\\/\\\/www.neural-artistry.com\\\/#organization\"},\"potentialAction\":[{\"@type\":\"SearchAction\",\"target\":{\"@type\":\"EntryPoint\",\"urlTemplate\":\"https:\\\/\\\/www.neural-artistry.com\\\/?s={search_term_string}\"},\"query-input\":{\"@type\":\"PropertyValueSpecification\",\"valueRequired\":true,\"valueName\":\"search_term_string\"}}],\"inLanguage\":\"fr-FR\"},{\"@type\":\"Organization\",\"@id\":\"https:\\\/\\\/www.neural-artistry.com\\\/#organization\",\"name\":\"Neural Artistry\",\"url\":\"https:\\\/\\\/www.neural-artistry.com\\\/\",\"logo\":{\"@type\":\"ImageObject\",\"inLanguage\":\"fr-FR\",\"@id\":\"https:\\\/\\\/www.neural-artistry.com\\\/#\\\/schema\\\/logo\\\/image\\\/\",\"url\":\"https:\\\/\\\/www.neural-artistry.com\\\/wp-content\\\/uploads\\\/2025\\\/08\\\/Web-Black-logo-no-background-scaled.webp\",\"contentUrl\":\"https:\\\/\\\/www.neural-artistry.com\\\/wp-content\\\/uploads\\\/2025\\\/08\\\/Web-Black-logo-no-background-scaled.webp\",\"width\":2560,\"height\":976,\"caption\":\"Neural Artistry\"},\"image\":{\"@id\":\"https:\\\/\\\/www.neural-artistry.com\\\/#\\\/schema\\\/logo\\\/image\\\/\"}}]}<\/script>\n<!-- \/ Yoast SEO plugin. -->","yoast_head_json":{"title":"Celestial Muse - Psychedelic Art with Art Nouveau Influence by Neural Artistry - Neural Artistry","robots":{"index":"index","follow":"follow","max-snippet":"max-snippet:-1","max-image-preview":"max-image-preview:large","max-video-preview":"max-video-preview:-1"},"canonical":"https:\/\/www.neural-artistry.com\/fr\/shop\/home-garden\/decor\/artwork\/posters-prints-visual-artwork\/celestial-muse-psychedelic-art-with-art-nouveau-influence-by-neural-artistry\/","og_locale":"fr_FR","og_type":"article","og_title":"Celestial Muse - Psychedelic Art with Art Nouveau Influence by Neural Artistry - Neural Artistry","og_description":"Immerse yourself in the mysticism of \u201cCelestial Muse\u201d, an enchanting fusion of Art Nouveau and psychedelic art. Printed on Hahnem\u00fchle FineArt paper with UltraChrome Pro inks, this exclusive, certified masterpiece is sold once\u2014yours forever.","og_url":"https:\/\/www.neural-artistry.com\/fr\/shop\/home-garden\/decor\/artwork\/posters-prints-visual-artwork\/celestial-muse-psychedelic-art-with-art-nouveau-influence-by-neural-artistry\/","og_site_name":"Neural Artistry","article_modified_time":"2025-05-06T13:22:51+00:00","og_image":[{"width":1542,"height":2560,"url":"https:\/\/www.neural-artistry.com\/wp-content\/uploads\/2024\/12\/neural-artistry-portfolio-10-scaled-1.jpg","type":"image\/jpeg"}],"twitter_card":"summary_large_image","twitter_misc":{"Dur\u00e9e de lecture estim\u00e9e":"3 minutes"},"schema":{"@context":"https:\/\/schema.org","@graph":[{"@type":"WebPage","@id":"https:\/\/www.neural-artistry.com\/shop\/home-garden\/decor\/artwork\/posters-prints-visual-artwork\/celestial-muse-psychedelic-art-with-art-nouveau-influence-by-neural-artistry\/","url":"https:\/\/www.neural-artistry.com\/shop\/home-garden\/decor\/artwork\/posters-prints-visual-artwork\/celestial-muse-psychedelic-art-with-art-nouveau-influence-by-neural-artistry\/","name":"Celestial Muse - Psychedelic Art with Art Nouveau Influence by Neural Artistry - Neural Artistry","isPartOf":{"@id":"https:\/\/www.neural-artistry.com\/#website"},"primaryImageOfPage":{"@id":"https:\/\/www.neural-artistry.com\/shop\/home-garden\/decor\/artwork\/posters-prints-visual-artwork\/celestial-muse-psychedelic-art-with-art-nouveau-influence-by-neural-artistry\/#primaryimage"},"image":{"@id":"https:\/\/www.neural-artistry.com\/shop\/home-garden\/decor\/artwork\/posters-prints-visual-artwork\/celestial-muse-psychedelic-art-with-art-nouveau-influence-by-neural-artistry\/#primaryimage"},"thumbnailUrl":"https:\/\/www.neural-artistry.com\/wp-content\/uploads\/2024\/12\/neural-artistry-portfolio-10-scaled-1.jpg","datePublished":"2024-12-26T22:15:04+00:00","dateModified":"2025-05-06T13:22:51+00:00","breadcrumb":{"@id":"https:\/\/www.neural-artistry.com\/shop\/home-garden\/decor\/artwork\/posters-prints-visual-artwork\/celestial-muse-psychedelic-art-with-art-nouveau-influence-by-neural-artistry\/#breadcrumb"},"inLanguage":"fr-FR","potentialAction":[{"@type":"ReadAction","target":["https:\/\/www.neural-artistry.com\/shop\/home-garden\/decor\/artwork\/posters-prints-visual-artwork\/celestial-muse-psychedelic-art-with-art-nouveau-influence-by-neural-artistry\/"]}]},{"@type":"ImageObject","inLanguage":"fr-FR","@id":"https:\/\/www.neural-artistry.com\/shop\/home-garden\/decor\/artwork\/posters-prints-visual-artwork\/celestial-muse-psychedelic-art-with-art-nouveau-influence-by-neural-artistry\/#primaryimage","url":"https:\/\/www.neural-artistry.com\/wp-content\/uploads\/2024\/12\/neural-artistry-portfolio-10-scaled-1.jpg","contentUrl":"https:\/\/www.neural-artistry.com\/wp-content\/uploads\/2024\/12\/neural-artistry-portfolio-10-scaled-1.jpg","width":1542,"height":2560},{"@type":"BreadcrumbList","@id":"https:\/\/www.neural-artistry.com\/shop\/home-garden\/decor\/artwork\/posters-prints-visual-artwork\/celestial-muse-psychedelic-art-with-art-nouveau-influence-by-neural-artistry\/#breadcrumb","itemListElement":[{"@type":"ListItem","position":1,"name":"Home","item":"https:\/\/www.neural-artistry.com\/"},{"@type":"ListItem","position":2,"name":"Wall Art Prints \u2013 Custom Canvas &amp; Unique Posters","item":"https:\/\/www.neural-artistry.com\/"},{"@type":"ListItem","position":3,"name":"Celestial Muse &#8211; Psychedelic Art with Art Nouveau Influence by Neural Artistry"}]},{"@type":"WebSite","@id":"https:\/\/www.neural-artistry.com\/#website","url":"https:\/\/www.neural-artistry.com\/","name":"Neural Artistry","description":"Affiches d&#039;art IA \u2013 Certifi\u00e9es, premium, vendues une seule fois","publisher":{"@id":"https:\/\/www.neural-artistry.com\/#organization"},"potentialAction":[{"@type":"SearchAction","target":{"@type":"EntryPoint","urlTemplate":"https:\/\/www.neural-artistry.com\/?s={search_term_string}"},"query-input":{"@type":"PropertyValueSpecification","valueRequired":true,"valueName":"search_term_string"}}],"inLanguage":"fr-FR"},{"@type":"Organization","@id":"https:\/\/www.neural-artistry.com\/#organization","name":"Neural Artistry","url":"https:\/\/www.neural-artistry.com\/","logo":{"@type":"ImageObject","inLanguage":"fr-FR","@id":"https:\/\/www.neural-artistry.com\/#\/schema\/logo\/image\/","url":"https:\/\/www.neural-artistry.com\/wp-content\/uploads\/2025\/08\/Web-Black-logo-no-background-scaled.webp","contentUrl":"https:\/\/www.neural-artistry.com\/wp-content\/uploads\/2025\/08\/Web-Black-logo-no-background-scaled.webp","width":2560,"height":976,"caption":"Neural Artistry"},"image":{"@id":"https:\/\/www.neural-artistry.com\/#\/schema\/logo\/image\/"}}]}},"uagb_featured_image_src":{"full":["https:\/\/www.neural-artistry.com\/wp-content\/uploads\/2024\/12\/neural-artistry-portfolio-10-scaled-1.jpg",1542,2560,false],"thumbnail":["https:\/\/www.neural-artistry.com\/wp-content\/uploads\/2024\/12\/neural-artistry-portfolio-10-scaled-1-150x150.jpg",150,150,true],"medium":["https:\/\/www.neural-artistry.com\/wp-content\/uploads\/2024\/12\/neural-artistry-portfolio-10-scaled-1-181x300.jpg",181,300,true],"medium_large":["https:\/\/www.neural-artistry.com\/wp-content\/uploads\/2024\/12\/neural-artistry-portfolio-10-scaled-1-768x1275.jpg",768,1275,true],"large":["https:\/\/www.neural-artistry.com\/wp-content\/uploads\/2024\/12\/neural-artistry-portfolio-10-scaled-1-617x1024.jpg",617,1024,true],"1536x1536":["https:\/\/www.neural-artistry.com\/wp-content\/uploads\/2024\/12\/neural-artistry-portfolio-10-scaled-1-925x1536.jpg",925,1536,true],"2048x2048":["https:\/\/www.neural-artistry.com\/wp-content\/uploads\/2024\/12\/neural-artistry-portfolio-10-scaled-1-1234x2048.jpg",1234,2048,true],"trp-custom-language-flag":["https:\/\/www.neural-artistry.com\/wp-content\/uploads\/2024\/12\/neural-artistry-portfolio-10-scaled-1-7x12.jpg",7,12,true],"woocommerce_thumbnail":["https:\/\/www.neural-artistry.com\/wp-content\/uploads\/2024\/12\/neural-artistry-portfolio-10-scaled-1-450x450.jpg",450,450,true],"woocommerce_single":["https:\/\/www.neural-artistry.com\/wp-content\/uploads\/2024\/12\/neural-artistry-portfolio-10-scaled-1-600x996.jpg",600,996,true],"woocommerce_gallery_thumbnail":["https:\/\/www.neural-artistry.com\/wp-content\/uploads\/2024\/12\/neural-artistry-portfolio-10-scaled-1-100x100.jpg",100,100,true]},"uagb_author_info":{"display_name":"flake","author_link":"https:\/\/www.neural-artistry.com\/fr\/author\/"},"uagb_comment_info":0,"uagb_excerpt":"Immerse yourself in the mysticism of \u201cCelestial Muse\u201d, an enchanting fusion of Art Nouveau and psychedelic art. Printed on Hahnem\u00fchle FineArt paper with UltraChrome Pro inks, this exclusive, certified masterpiece is sold once\u2014yours forever.","_links":{"self":[{"href":"https:\/\/www.neural-artistry.com\/fr\/wp-json\/wp\/v2\/product\/2091","targetHints":{"allow":["GET"]}}],"collection":[{"href":"https:\/\/www.neural-artistry.com\/fr\/wp-json\/wp\/v2\/product"}],"about":[{"href":"https:\/\/www.neural-artistry.com\/fr\/wp-json\/wp\/v2\/types\/product"}],"replies":[{"embeddable":true,"href":"https:\/\/www.neural-artistry.com\/fr\/wp-json\/wp\/v2\/comments?post=2091"}],"wp:featuredmedia":[{"embeddable":true,"href":"https:\/\/www.neural-artistry.com\/fr\/wp-json\/wp\/v2\/media\/2090"}],"wp:attachment":[{"href":"https:\/\/www.neural-artistry.com\/fr\/wp-json\/wp\/v2\/media?parent=2091"}],"wp:term":[{"taxonomy":"product_brand","embeddable":true,"href":"https:\/\/www.neural-artistry.com\/fr\/wp-json\/wp\/v2\/product_brand?post=2091"},{"taxonomy":"product_cat","embeddable":true,"href":"https:\/\/www.neural-artistry.com\/fr\/wp-json\/wp\/v2\/product_cat?post=2091"},{"taxonomy":"product_tag","embeddable":true,"href":"https:\/\/www.neural-artistry.com\/fr\/wp-json\/wp\/v2\/product_tag?post=2091"}],"curies":[{"name":"wp","href":"https:\/\/api.w.org\/{rel}","templated":true}]}}