{"id":2099,"date":"2024-12-26T22:16:08","date_gmt":"2024-12-26T22:16:08","guid":{"rendered":"https:\/\/www.neural-artistry.com\/?post_type=product&#038;p=2099"},"modified":"2025-08-21T16:13:23","modified_gmt":"2025-08-21T16:13:23","slug":"psychedelic-wanderlust-psychedelic-art-with-retro-illustration-style-by-neural-artistry","status":"publish","type":"product","link":"https:\/\/www.neural-artistry.com\/fr\/shop\/home-garden\/decor\/artwork\/posters-prints-visual-artwork\/psychedelic-wanderlust-psychedelic-art-with-retro-illustration-style-by-neural-artistry\/","title":{"rendered":"Envie de voyager psych\u00e9d\u00e9lique \u2013 Art psych\u00e9d\u00e9lique avec illustration de style r\u00e9tro par Neural Artistry"},"content":{"rendered":"<h3 style=\"color: #DCA54A;text-transform: uppercase;font-weight: bold\">Psychedelic Wanderlust \u2013 Une affiche d&#039;art psych\u00e9d\u00e9lique r\u00e9tro unique en son genre par Neural Artistry<\/h3>\n<h4 style=\"color: #D09A40;text-transform: uppercase\"> Introduction : Entrez dans un monde de dynamisme et d&#039;exploration<\/h4>\n<p style=\"color: #FAF5E5\">Imaginez-vous dans un paysage d\u00e9sertique surr\u00e9aliste, o\u00f9 le sable brillant scintille sous un ciel kal\u00e9idoscopique de roses, de turquoise et d&#039;or. Au c\u0153ur de cette vision onirique se trouve une caravane vintage, orn\u00e9e de motifs mandalas complexes, d\u00e9gageant un sentiment d&#039;aventure boh\u00e8me. <strong>Envie de voyager psych\u00e9d\u00e9lique<\/strong>, un chef-d&#039;\u0153uvre unique en son genre de l&#039;artiste visionnaire Neural Artistry. M\u00ealant l&#039;esth\u00e9tique r\u00e9tro des ann\u00e9es 1960 au surr\u00e9alisme fantaisiste, cette \u0153uvre d&#039;art exclusive vous invite \u00e0 vous \u00e9vader dans un monde de cr\u00e9ativit\u00e9 sans limites et de r\u00e9cits vibrants.<\/p>\n<p style=\"color: #FAF5E5\">Id\u00e9al pour les collectionneurs d&#039;art moderne, les architectes d&#039;int\u00e9rieur ou toute personne souhaitant faire une d\u00e9claration audacieuse dans son espace de vie ou de cr\u00e9ation, cette affiche imprim\u00e9e de haute qualit\u00e9 est plus qu&#039;une simple d\u00e9coration murale : c&#039;est un portail vers un autre monde.<\/p>\n<hr style=\"border-color: #2E2D2A\">\n<h4 style=\"color: #D09A40;text-transform: uppercase\"> Tailles et formats : adapt\u00e9s \u00e0 votre espace<\/h4>\n<p style=\"color: #FAF5E5\">Con\u00e7u pour s&#039;adapter parfaitement \u00e0 n&#039;importe quel int\u00e9rieur, <strong>Envie de voyager psych\u00e9d\u00e9lique<\/strong> est disponible dans les dimensions suivantes :<\/p>\n<ul>\n<li style=\"color: #FAF5E5;font-weight: bold\"> 21,00 cm x 15,82 cm<\/li>\n<li style=\"color: #FAF5E5;font-weight: bold\"> 29,70 cm x 22,37 cm<\/li>\n<li style=\"color: #FAF5E5;font-weight: bold\"> 32,90 cm x 24,78 cm<\/li>\n<li style=\"color: #FAF5E5;font-weight: bold\"> 42,00 cm x 31,64 cm<\/li>\n<\/ul>\n<p style=\"color: #FAF5E5\">Choisissez entre un <strong>finition mate<\/strong> pour un look intemporel et sophistiqu\u00e9 ou un <strong>finition brillante<\/strong> pour rehausser l&#039;\u00e9clat des teintes \u00e9poustouflantes de cette \u0153uvre d&#039;art. Chaque finition est con\u00e7ue pour compl\u00e9ter les d\u00e9tails complexes et la palette de couleurs audacieuses de cette pi\u00e8ce.<\/p>\n<hr style=\"border-color: #2E2D2A\">\n<h4 style=\"color: #D09A40;text-transform: uppercase\"> Savoir-faire et qualit\u00e9 : l&#039;excellence digne d&#039;un mus\u00e9e<\/h4>\n<p style=\"color: #FAF5E5\">Imprim\u00e9 sur du papier luxueux <strong>Papier FineArt Hahnem\u00fchle<\/strong>, <strong>Envie de voyager psych\u00e9d\u00e9lique<\/strong> incarne le summum de l&#039;artisanat artistique. Ce papier haut de gamme, r\u00e9put\u00e9 pour sa qualit\u00e9 digne d&#039;un mus\u00e9e, offre une \u00e9l\u00e9gance textur\u00e9e qui met en valeur chaque d\u00e9tail de l&#039;\u0153uvre d&#039;art. Les couleurs prennent vie gr\u00e2ce \u00e0 des techniques de pointe <strong>Encres d&#039;archivage UltraChrome Pro<\/strong>, offrant une brillance r\u00e9sistante \u00e0 la d\u00e9coloration qui dure des d\u00e9cennies.<\/p>\n<ul>\n<li style=\"color: #FAF5E5;font-weight: bold\"> Brillance r\u00e9sistante \u00e0 la d\u00e9coloration :<\/li>\n<p style=\"color: #FAF5E5\">Garantit que votre \u0153uvre conserve ses couleurs vives et son impact visuel pendant des g\u00e9n\u00e9rations.<\/p>\n<li style=\"color: #FAF5E5;font-weight: bold\"> Long\u00e9vit\u00e9 archivistique :<\/li>\n<p style=\"color: #FAF5E5\">Con\u00e7ue pour durer, cette impression r\u00e9siste au jaunissement et \u00e0 la d\u00e9coloration au fil du temps.<\/p>\n<li style=\"color: #FAF5E5;font-weight: bold\"> Texture luxueuse :<\/li>\n<p style=\"color: #FAF5E5\">La texture subtile du papier ajoute de la profondeur et de la dimension \u00e0 l&#039;\u0153uvre d&#039;art, cr\u00e9ant une exp\u00e9rience tactile de qualit\u00e9 galerie.<\/p>\n<\/ul>\n<p style=\"color: #FAF5E5\">Que vous optiez pour un mod\u00e8le mat ou brillant, cette affiche de qualit\u00e9 sup\u00e9rieure est un investissement dans un art et une durabilit\u00e9 exceptionnels.<\/p>\n<hr style=\"border-color: #2E2D2A\">\n<h4 style=\"color: #D09A40;text-transform: uppercase\"> Certification et exclusivit\u00e9 : devenez propri\u00e9taire d&#039;un chef-d&#039;\u0153uvre rare<\/h4>\n<p style=\"color: #FAF5E5\">Lorsque vous achetez <strong>Envie de voyager psych\u00e9d\u00e9lique<\/strong>, vous achetez plus qu&#039;une simple affiche : vous revendiquez une <strong>pi\u00e8ce de collection unique en son genre<\/strong>. Cette \u0153uvre d&#039;art exclusive sera <strong>ne jamais \u00eatre reproduit<\/strong>, garantissant sa raret\u00e9 et sa valeur. Chaque tirage est accompagn\u00e9 d&#039;un <strong>Certificat d&#039;authenticit\u00e9<\/strong>, sign\u00e9 par Neural Artistry, pour certifier son caract\u00e8re unique et sa provenance.<\/p>\n<p style=\"color: #FAF5E5\"> <strong>Un seul disponible<\/strong>. Une fois vendu, ce chef-d&#039;\u0153uvre devient un \u00e9l\u00e9ment irrempla\u00e7able de la collection de quelqu&#039;un. Ne manquez pas votre chance de poss\u00e9der cette \u0153uvre d&#039;art extraordinaire.<\/p>\n<hr style=\"border-color: #2E2D2A\">\n<h4 style=\"color: #D09A40;text-transform: uppercase\"> Transformez votre espace : id\u00e9es d&#039;affichage<\/h4>\n<p style=\"color: #FAF5E5\">Impr\u00e9gnez vos int\u00e9rieurs de l&#039;\u00e9nergie vibrante et du charme fantaisiste de <strong>Envie de voyager psych\u00e9d\u00e9lique<\/strong>Cette affiche est parfaite pour :<\/p>\n<ul>\n<li style=\"color: #FAF5E5;font-weight: bold\"> Pi\u00e8ces \u00e0 vivre :<\/li>\n<p style=\"color: #FAF5E5\">Ajoutez un point focal audacieux qui suscite des conversations et inspire la cr\u00e9ativit\u00e9.<\/p>\n<li style=\"color: #FAF5E5;font-weight: bold\"> Bureaux \u00e0 domicile :<\/li>\n<p style=\"color: #FAF5E5\">\u00c9levez votre espace de travail avec une atmosph\u00e8re color\u00e9e et inspirante.<\/p>\n<li style=\"color: #FAF5E5;font-weight: bold\"> Configurations de jeu\u00a0:<\/li>\n<p style=\"color: #FAF5E5\">Cr\u00e9ez une toile de fond \u00e9lectrisante pour vos sessions de jeu ou de streaming.<\/p>\n<li style=\"color: #FAF5E5;font-weight: bold\"> Studios de cr\u00e9ation :<\/li>\n<p style=\"color: #FAF5E5\">Favorisez l\u2019imagination et l\u2019exploration artistique avec son design surr\u00e9aliste.<\/p>\n<\/ul>\n<hr style=\"border-color: #2E2D2A\">\n<h4 style=\"color: #D09A40;text-transform: uppercase\"> Appel \u00e0 l&#039;action : obtenez votre affiche exclusive d\u00e8s aujourd&#039;hui<\/h4>\n<p style=\"color: #FAF5E5\"> <strong>Pourquoi attendre pour apporter ce chef-d\u2019\u0153uvre rare et vibrant dans votre maison ?<\/strong><\/p>\n<ul>\n<li style=\"color: #FAF5E5;font-weight: bold\"> Impression professionnelle :<\/li>\n<p style=\"color: #FAF5E5\">Rehaussez instantan\u00e9ment votre d\u00e9cor avec cette \u0153uvre d&#039;art de qualit\u00e9 galerie, pr\u00eate \u00e0 \u00eatre encadr\u00e9e.<\/p>\n<\/ul>\n<p style=\"color: #FAF5E5\"> <strong>Agissez vite<\/strong>-ce <strong>affiche unique en son genre<\/strong> est une offre \u00e0 dur\u00e9e limit\u00e9e. Une fois vendue, elle dispara\u00eet pour toujours.<\/p>\n<p style=\"color: #FAF5E5;text-align: center;background-color: #DCA54A;padding: 10px;color: #FFFFFF;border-radius: 5px\"><strong> Ajoutez \u00e0 votre collection maintenant<\/strong><\/p>","protected":false},"excerpt":{"rendered":"<p style=\"color: #FAF5E5;font-weight: bold\">D\u00e9couvrez l&#039;\u00e9clat surr\u00e9aliste de <strong>Envie de voyager psych\u00e9d\u00e9lique<\/strong>, un <strong>unique en son genre<\/strong> chef-d&#039;\u0153uvre d&#039;inspiration r\u00e9tro. Imprim\u00e9 sur du papier luxueux <strong>Papier FineArt Hahnem\u00fchle<\/strong> avec <strong>Encres UltraChrome Pro<\/strong>, c&#039;est <strong>certifi\u00e9 pour l&#039;authenticit\u00e9<\/strong> et jamais reproduit.<\/p>","protected":false},"featured_media":2098,"comment_status":"open","ping_status":"closed","template":"","meta":{"_uag_custom_page_level_css":""},"product_brand":[874],"product_cat":[734,721,744,1268,731,735],"product_tag":[],"class_list":{"0":"post-2099","1":"product","2":"type-product","3":"status-publish","4":"has-post-thumbnail","6":"product_brand-neural-artistry","7":"product_cat-dreamscapes","8":"product_cat-nature","9":"product_cat-pop-culture","10":"product_cat-posters-prints-visual-artwork","11":"product_cat-surrealism","12":"product_cat-urban-life","13":"product_shipping_class-chronopost","14":"pa_finish-type-glossy-finish","15":"pa_finish-type-matte-finish","16":"pa_margins-with","17":"pa_margins-without","18":"pa_medium-technique-digital-painting","19":"pa_medium-technique-photomanipulation","20":"pa_medium-technique-texturing","21":"pa_mood-ambiance-dreamy","22":"pa_mood-ambiance-playful","23":"pa_mood-ambiance-surreal","24":"pa_mood-ambiance-vibrant","25":"pa_mood-ambiance-whimsical","26":"pa_orientation-horizontal","27":"pa_size-21-00cmx15-82cm","28":"pa_size-29-70cmx22-37cm","29":"pa_size-32-90cmx24-78cm","30":"pa_size-42-00cmx31-64cm","31":"pa_style-movement-concept-art","32":"pa_style-movement-fantasy","33":"pa_style-movement-surrealism","35":"first","36":"instock","37":"sold-individually","38":"taxable","39":"shipping-taxable","40":"purchasable","41":"product-type-variable","42":"has-default-attributes"},"yoast_head":"<!-- This site is optimized with the Yoast SEO plugin v27.5 - https:\/\/yoast.com\/product\/yoast-seo-wordpress\/ -->\n<title>Psychedelic Wanderlust - Psychedelic Art with Retro Illustration Style by Neural Artistry - Neural Artistry<\/title>\n<meta name=\"robots\" content=\"index, follow, max-snippet:-1, max-image-preview:large, max-video-preview:-1\" \/>\n<link rel=\"canonical\" href=\"https:\/\/www.neural-artistry.com\/fr\/shop\/home-garden\/decor\/artwork\/posters-prints-visual-artwork\/psychedelic-wanderlust-psychedelic-art-with-retro-illustration-style-by-neural-artistry\/\" \/>\n<meta property=\"og:locale\" content=\"fr_FR\" \/>\n<meta property=\"og:type\" content=\"article\" \/>\n<meta property=\"og:title\" content=\"Psychedelic Wanderlust - Psychedelic Art with Retro Illustration Style by Neural Artistry - Neural Artistry\" \/>\n<meta property=\"og:description\" content=\"Experience the surreal brilliance of Psychedelic Wanderlust, a one-of-a-kind retro-inspired masterpiece. Printed on luxurious Hahnem\u00fchle FineArt paper with UltraChrome Pro inks, it\u2019s certified for authenticity and never reproduced.\" \/>\n<meta property=\"og:url\" content=\"https:\/\/www.neural-artistry.com\/fr\/shop\/home-garden\/decor\/artwork\/posters-prints-visual-artwork\/psychedelic-wanderlust-psychedelic-art-with-retro-illustration-style-by-neural-artistry\/\" \/>\n<meta property=\"og:site_name\" content=\"Neural Artistry\" \/>\n<meta property=\"article:modified_time\" content=\"2025-08-21T16:13:23+00:00\" \/>\n<meta property=\"og:image\" content=\"https:\/\/www.neural-artistry.com\/wp-content\/uploads\/2024\/12\/neural-artistry-portfolio-6-scaled-1.jpg\" \/>\n\t<meta property=\"og:image:width\" content=\"2560\" \/>\n\t<meta property=\"og:image:height\" content=\"1929\" \/>\n\t<meta property=\"og:image:type\" content=\"image\/jpeg\" \/>\n<meta name=\"twitter:card\" content=\"summary_large_image\" \/>\n<meta name=\"twitter:label1\" content=\"Dur\u00e9e de lecture estim\u00e9e\" \/>\n\t<meta name=\"twitter:data1\" content=\"3 minutes\" \/>\n<script type=\"application\/ld+json\" class=\"yoast-schema-graph\">{\"@context\":\"https:\\\/\\\/schema.org\",\"@graph\":[{\"@type\":\"WebPage\",\"@id\":\"https:\\\/\\\/www.neural-artistry.com\\\/shop\\\/home-garden\\\/decor\\\/artwork\\\/posters-prints-visual-artwork\\\/psychedelic-wanderlust-psychedelic-art-with-retro-illustration-style-by-neural-artistry\\\/\",\"url\":\"https:\\\/\\\/www.neural-artistry.com\\\/shop\\\/home-garden\\\/decor\\\/artwork\\\/posters-prints-visual-artwork\\\/psychedelic-wanderlust-psychedelic-art-with-retro-illustration-style-by-neural-artistry\\\/\",\"name\":\"Psychedelic Wanderlust - Psychedelic Art with Retro Illustration Style by Neural Artistry - Neural Artistry\",\"isPartOf\":{\"@id\":\"https:\\\/\\\/www.neural-artistry.com\\\/#website\"},\"primaryImageOfPage\":{\"@id\":\"https:\\\/\\\/www.neural-artistry.com\\\/shop\\\/home-garden\\\/decor\\\/artwork\\\/posters-prints-visual-artwork\\\/psychedelic-wanderlust-psychedelic-art-with-retro-illustration-style-by-neural-artistry\\\/#primaryimage\"},\"image\":{\"@id\":\"https:\\\/\\\/www.neural-artistry.com\\\/shop\\\/home-garden\\\/decor\\\/artwork\\\/posters-prints-visual-artwork\\\/psychedelic-wanderlust-psychedelic-art-with-retro-illustration-style-by-neural-artistry\\\/#primaryimage\"},\"thumbnailUrl\":\"https:\\\/\\\/www.neural-artistry.com\\\/wp-content\\\/uploads\\\/2024\\\/12\\\/neural-artistry-portfolio-6-scaled-1.jpg\",\"datePublished\":\"2024-12-26T22:16:08+00:00\",\"dateModified\":\"2025-08-21T16:13:23+00:00\",\"breadcrumb\":{\"@id\":\"https:\\\/\\\/www.neural-artistry.com\\\/shop\\\/home-garden\\\/decor\\\/artwork\\\/posters-prints-visual-artwork\\\/psychedelic-wanderlust-psychedelic-art-with-retro-illustration-style-by-neural-artistry\\\/#breadcrumb\"},\"inLanguage\":\"fr-FR\",\"potentialAction\":[{\"@type\":\"ReadAction\",\"target\":[\"https:\\\/\\\/www.neural-artistry.com\\\/shop\\\/home-garden\\\/decor\\\/artwork\\\/posters-prints-visual-artwork\\\/psychedelic-wanderlust-psychedelic-art-with-retro-illustration-style-by-neural-artistry\\\/\"]}]},{\"@type\":\"ImageObject\",\"inLanguage\":\"fr-FR\",\"@id\":\"https:\\\/\\\/www.neural-artistry.com\\\/shop\\\/home-garden\\\/decor\\\/artwork\\\/posters-prints-visual-artwork\\\/psychedelic-wanderlust-psychedelic-art-with-retro-illustration-style-by-neural-artistry\\\/#primaryimage\",\"url\":\"https:\\\/\\\/www.neural-artistry.com\\\/wp-content\\\/uploads\\\/2024\\\/12\\\/neural-artistry-portfolio-6-scaled-1.jpg\",\"contentUrl\":\"https:\\\/\\\/www.neural-artistry.com\\\/wp-content\\\/uploads\\\/2024\\\/12\\\/neural-artistry-portfolio-6-scaled-1.jpg\",\"width\":2560,\"height\":1929},{\"@type\":\"BreadcrumbList\",\"@id\":\"https:\\\/\\\/www.neural-artistry.com\\\/shop\\\/home-garden\\\/decor\\\/artwork\\\/posters-prints-visual-artwork\\\/psychedelic-wanderlust-psychedelic-art-with-retro-illustration-style-by-neural-artistry\\\/#breadcrumb\",\"itemListElement\":[{\"@type\":\"ListItem\",\"position\":1,\"name\":\"Home\",\"item\":\"https:\\\/\\\/www.neural-artistry.com\\\/\"},{\"@type\":\"ListItem\",\"position\":2,\"name\":\"Wall Art Prints \u2013 Custom Canvas &amp; Unique Posters\",\"item\":\"https:\\\/\\\/www.neural-artistry.com\\\/\"},{\"@type\":\"ListItem\",\"position\":3,\"name\":\"Psychedelic Wanderlust &#8211; Psychedelic Art with Retro Illustration Style by Neural Artistry\"}]},{\"@type\":\"WebSite\",\"@id\":\"https:\\\/\\\/www.neural-artistry.com\\\/#website\",\"url\":\"https:\\\/\\\/www.neural-artistry.com\\\/\",\"name\":\"Neural Artistry\",\"description\":\"AI Art Posters \u2013 Certified, Premium, Sold Only Once\",\"publisher\":{\"@id\":\"https:\\\/\\\/www.neural-artistry.com\\\/#organization\"},\"potentialAction\":[{\"@type\":\"SearchAction\",\"target\":{\"@type\":\"EntryPoint\",\"urlTemplate\":\"https:\\\/\\\/www.neural-artistry.com\\\/?s={search_term_string}\"},\"query-input\":{\"@type\":\"PropertyValueSpecification\",\"valueRequired\":true,\"valueName\":\"search_term_string\"}}],\"inLanguage\":\"fr-FR\"},{\"@type\":\"Organization\",\"@id\":\"https:\\\/\\\/www.neural-artistry.com\\\/#organization\",\"name\":\"Neural Artistry\",\"url\":\"https:\\\/\\\/www.neural-artistry.com\\\/\",\"logo\":{\"@type\":\"ImageObject\",\"inLanguage\":\"fr-FR\",\"@id\":\"https:\\\/\\\/www.neural-artistry.com\\\/#\\\/schema\\\/logo\\\/image\\\/\",\"url\":\"https:\\\/\\\/www.neural-artistry.com\\\/wp-content\\\/uploads\\\/2025\\\/08\\\/Web-Black-logo-no-background-scaled.webp\",\"contentUrl\":\"https:\\\/\\\/www.neural-artistry.com\\\/wp-content\\\/uploads\\\/2025\\\/08\\\/Web-Black-logo-no-background-scaled.webp\",\"width\":2560,\"height\":976,\"caption\":\"Neural Artistry\"},\"image\":{\"@id\":\"https:\\\/\\\/www.neural-artistry.com\\\/#\\\/schema\\\/logo\\\/image\\\/\"}}]}<\/script>\n<!-- \/ Yoast SEO plugin. -->","yoast_head_json":{"title":"Psychedelic Wanderlust - Psychedelic Art with Retro Illustration Style by Neural Artistry - Neural Artistry","robots":{"index":"index","follow":"follow","max-snippet":"max-snippet:-1","max-image-preview":"max-image-preview:large","max-video-preview":"max-video-preview:-1"},"canonical":"https:\/\/www.neural-artistry.com\/fr\/shop\/home-garden\/decor\/artwork\/posters-prints-visual-artwork\/psychedelic-wanderlust-psychedelic-art-with-retro-illustration-style-by-neural-artistry\/","og_locale":"fr_FR","og_type":"article","og_title":"Psychedelic Wanderlust - Psychedelic Art with Retro Illustration Style by Neural Artistry - Neural Artistry","og_description":"Experience the surreal brilliance of Psychedelic Wanderlust, a one-of-a-kind retro-inspired masterpiece. Printed on luxurious Hahnem\u00fchle FineArt paper with UltraChrome Pro inks, it\u2019s certified for authenticity and never reproduced.","og_url":"https:\/\/www.neural-artistry.com\/fr\/shop\/home-garden\/decor\/artwork\/posters-prints-visual-artwork\/psychedelic-wanderlust-psychedelic-art-with-retro-illustration-style-by-neural-artistry\/","og_site_name":"Neural Artistry","article_modified_time":"2025-08-21T16:13:23+00:00","og_image":[{"width":2560,"height":1929,"url":"https:\/\/www.neural-artistry.com\/wp-content\/uploads\/2024\/12\/neural-artistry-portfolio-6-scaled-1.jpg","type":"image\/jpeg"}],"twitter_card":"summary_large_image","twitter_misc":{"Dur\u00e9e de lecture estim\u00e9e":"3 minutes"},"schema":{"@context":"https:\/\/schema.org","@graph":[{"@type":"WebPage","@id":"https:\/\/www.neural-artistry.com\/shop\/home-garden\/decor\/artwork\/posters-prints-visual-artwork\/psychedelic-wanderlust-psychedelic-art-with-retro-illustration-style-by-neural-artistry\/","url":"https:\/\/www.neural-artistry.com\/shop\/home-garden\/decor\/artwork\/posters-prints-visual-artwork\/psychedelic-wanderlust-psychedelic-art-with-retro-illustration-style-by-neural-artistry\/","name":"Psychedelic Wanderlust - Psychedelic Art with Retro Illustration Style by Neural Artistry - Neural Artistry","isPartOf":{"@id":"https:\/\/www.neural-artistry.com\/#website"},"primaryImageOfPage":{"@id":"https:\/\/www.neural-artistry.com\/shop\/home-garden\/decor\/artwork\/posters-prints-visual-artwork\/psychedelic-wanderlust-psychedelic-art-with-retro-illustration-style-by-neural-artistry\/#primaryimage"},"image":{"@id":"https:\/\/www.neural-artistry.com\/shop\/home-garden\/decor\/artwork\/posters-prints-visual-artwork\/psychedelic-wanderlust-psychedelic-art-with-retro-illustration-style-by-neural-artistry\/#primaryimage"},"thumbnailUrl":"https:\/\/www.neural-artistry.com\/wp-content\/uploads\/2024\/12\/neural-artistry-portfolio-6-scaled-1.jpg","datePublished":"2024-12-26T22:16:08+00:00","dateModified":"2025-08-21T16:13:23+00:00","breadcrumb":{"@id":"https:\/\/www.neural-artistry.com\/shop\/home-garden\/decor\/artwork\/posters-prints-visual-artwork\/psychedelic-wanderlust-psychedelic-art-with-retro-illustration-style-by-neural-artistry\/#breadcrumb"},"inLanguage":"fr-FR","potentialAction":[{"@type":"ReadAction","target":["https:\/\/www.neural-artistry.com\/shop\/home-garden\/decor\/artwork\/posters-prints-visual-artwork\/psychedelic-wanderlust-psychedelic-art-with-retro-illustration-style-by-neural-artistry\/"]}]},{"@type":"ImageObject","inLanguage":"fr-FR","@id":"https:\/\/www.neural-artistry.com\/shop\/home-garden\/decor\/artwork\/posters-prints-visual-artwork\/psychedelic-wanderlust-psychedelic-art-with-retro-illustration-style-by-neural-artistry\/#primaryimage","url":"https:\/\/www.neural-artistry.com\/wp-content\/uploads\/2024\/12\/neural-artistry-portfolio-6-scaled-1.jpg","contentUrl":"https:\/\/www.neural-artistry.com\/wp-content\/uploads\/2024\/12\/neural-artistry-portfolio-6-scaled-1.jpg","width":2560,"height":1929},{"@type":"BreadcrumbList","@id":"https:\/\/www.neural-artistry.com\/shop\/home-garden\/decor\/artwork\/posters-prints-visual-artwork\/psychedelic-wanderlust-psychedelic-art-with-retro-illustration-style-by-neural-artistry\/#breadcrumb","itemListElement":[{"@type":"ListItem","position":1,"name":"Home","item":"https:\/\/www.neural-artistry.com\/"},{"@type":"ListItem","position":2,"name":"Wall Art Prints \u2013 Custom Canvas &amp; Unique Posters","item":"https:\/\/www.neural-artistry.com\/"},{"@type":"ListItem","position":3,"name":"Psychedelic Wanderlust &#8211; Psychedelic Art with Retro Illustration Style by Neural Artistry"}]},{"@type":"WebSite","@id":"https:\/\/www.neural-artistry.com\/#website","url":"https:\/\/www.neural-artistry.com\/","name":"Neural Artistry","description":"Affiches d&#039;art IA \u2013 Certifi\u00e9es, premium, vendues une seule fois","publisher":{"@id":"https:\/\/www.neural-artistry.com\/#organization"},"potentialAction":[{"@type":"SearchAction","target":{"@type":"EntryPoint","urlTemplate":"https:\/\/www.neural-artistry.com\/?s={search_term_string}"},"query-input":{"@type":"PropertyValueSpecification","valueRequired":true,"valueName":"search_term_string"}}],"inLanguage":"fr-FR"},{"@type":"Organization","@id":"https:\/\/www.neural-artistry.com\/#organization","name":"Neural Artistry","url":"https:\/\/www.neural-artistry.com\/","logo":{"@type":"ImageObject","inLanguage":"fr-FR","@id":"https:\/\/www.neural-artistry.com\/#\/schema\/logo\/image\/","url":"https:\/\/www.neural-artistry.com\/wp-content\/uploads\/2025\/08\/Web-Black-logo-no-background-scaled.webp","contentUrl":"https:\/\/www.neural-artistry.com\/wp-content\/uploads\/2025\/08\/Web-Black-logo-no-background-scaled.webp","width":2560,"height":976,"caption":"Neural Artistry"},"image":{"@id":"https:\/\/www.neural-artistry.com\/#\/schema\/logo\/image\/"}}]}},"uagb_featured_image_src":{"full":["https:\/\/www.neural-artistry.com\/wp-content\/uploads\/2024\/12\/neural-artistry-portfolio-6-scaled-1.jpg",2560,1929,false],"thumbnail":["https:\/\/www.neural-artistry.com\/wp-content\/uploads\/2024\/12\/neural-artistry-portfolio-6-scaled-1-150x150.jpg",150,150,true],"medium":["https:\/\/www.neural-artistry.com\/wp-content\/uploads\/2024\/12\/neural-artistry-portfolio-6-scaled-1-300x226.jpg",300,226,true],"medium_large":["https:\/\/www.neural-artistry.com\/wp-content\/uploads\/2024\/12\/neural-artistry-portfolio-6-scaled-1-768x579.jpg",768,579,true],"large":["https:\/\/www.neural-artistry.com\/wp-content\/uploads\/2024\/12\/neural-artistry-portfolio-6-scaled-1-1024x772.jpg",1024,772,true],"1536x1536":["https:\/\/www.neural-artistry.com\/wp-content\/uploads\/2024\/12\/neural-artistry-portfolio-6-scaled-1-1536x1157.jpg",1536,1157,true],"2048x2048":["https:\/\/www.neural-artistry.com\/wp-content\/uploads\/2024\/12\/neural-artistry-portfolio-6-scaled-1-2048x1543.jpg",2048,1543,true],"trp-custom-language-flag":["https:\/\/www.neural-artistry.com\/wp-content\/uploads\/2024\/12\/neural-artistry-portfolio-6-scaled-1-16x12.jpg",16,12,true],"woocommerce_thumbnail":["https:\/\/www.neural-artistry.com\/wp-content\/uploads\/2024\/12\/neural-artistry-portfolio-6-scaled-1-450x450.jpg",450,450,true],"woocommerce_single":["https:\/\/www.neural-artistry.com\/wp-content\/uploads\/2024\/12\/neural-artistry-portfolio-6-scaled-1-600x452.jpg",600,452,true],"woocommerce_gallery_thumbnail":["https:\/\/www.neural-artistry.com\/wp-content\/uploads\/2024\/12\/neural-artistry-portfolio-6-scaled-1-100x100.jpg",100,100,true]},"uagb_author_info":{"display_name":"flake","author_link":"https:\/\/www.neural-artistry.com\/fr\/author\/"},"uagb_comment_info":0,"uagb_excerpt":"Experience the surreal brilliance of Psychedelic Wanderlust, a one-of-a-kind retro-inspired masterpiece. Printed on luxurious Hahnem\u00fchle FineArt paper with UltraChrome Pro inks, it\u2019s certified for authenticity and never reproduced.","_links":{"self":[{"href":"https:\/\/www.neural-artistry.com\/fr\/wp-json\/wp\/v2\/product\/2099","targetHints":{"allow":["GET"]}}],"collection":[{"href":"https:\/\/www.neural-artistry.com\/fr\/wp-json\/wp\/v2\/product"}],"about":[{"href":"https:\/\/www.neural-artistry.com\/fr\/wp-json\/wp\/v2\/types\/product"}],"replies":[{"embeddable":true,"href":"https:\/\/www.neural-artistry.com\/fr\/wp-json\/wp\/v2\/comments?post=2099"}],"wp:featuredmedia":[{"embeddable":true,"href":"https:\/\/www.neural-artistry.com\/fr\/wp-json\/wp\/v2\/media\/2098"}],"wp:attachment":[{"href":"https:\/\/www.neural-artistry.com\/fr\/wp-json\/wp\/v2\/media?parent=2099"}],"wp:term":[{"taxonomy":"product_brand","embeddable":true,"href":"https:\/\/www.neural-artistry.com\/fr\/wp-json\/wp\/v2\/product_brand?post=2099"},{"taxonomy":"product_cat","embeddable":true,"href":"https:\/\/www.neural-artistry.com\/fr\/wp-json\/wp\/v2\/product_cat?post=2099"},{"taxonomy":"product_tag","embeddable":true,"href":"https:\/\/www.neural-artistry.com\/fr\/wp-json\/wp\/v2\/product_tag?post=2099"}],"curies":[{"name":"wp","href":"https:\/\/api.w.org\/{rel}","templated":true}]}}