{"id":2103,"date":"2024-12-26T22:16:41","date_gmt":"2024-12-26T22:16:41","guid":{"rendered":"https:\/\/www.neural-artistry.com\/?post_type=product&#038;p=2103"},"modified":"2025-05-06T13:22:28","modified_gmt":"2025-05-06T13:22:28","slug":"neon-veil-pop-art-digital-illustration-by-neural-artistry","status":"publish","type":"product","link":"https:\/\/www.neural-artistry.com\/fr\/shop\/home-garden\/decor\/artwork\/posters-prints-visual-artwork\/neon-veil-pop-art-digital-illustration-by-neural-artistry\/","title":{"rendered":"Voile de n\u00e9on \u2013 Illustration num\u00e9rique Pop Art par Neural Artistry"},"content":{"rendered":"<p>\u00ab\u00a0html<\/p>\n<h3 style=\"color: #FAF5E5;text-transform: uppercase;font-weight: bold\">Neon Veil \u2013 Une illustration num\u00e9rique Pop Art de Neural Artistry<\/h3>\n<h4 style=\"color: #FAF5E5;text-transform: uppercase\">Entrez dans un paysage de r\u00eave audacieux et n\u00e9on<\/h4>\n<p style=\"color: #FAF5E5\">Plongez dans l&#039;\u00e9clat \u00e9lectrisant de <strong>\u00ab Voile de n\u00e9on \u00bb<\/strong>, une cr\u00e9ation pop art \u00e0 couper le souffle du c\u00e9l\u00e8bre <strong>Neural Artistry<\/strong>Cette peinture num\u00e9rique unique en son genre fusionne <strong>esth\u00e9tique cyberpunk<\/strong> avec <strong>Des teintes n\u00e9on inspir\u00e9es des ann\u00e9es 1980<\/strong>, cr\u00e9ant un paysage de r\u00eave r\u00e9tro-futuriste. La figure centrale saisissante, une muse \u00e0 la peau turquoise \u00e9clatante, aux cheveux bleu sarcelle flottants et aux l\u00e8vres roses radieuses, rayonne d&#039;une individualit\u00e9 sans faille et d&#039;une f\u00e9minit\u00e9 moderne. Pulsant d&#039;une \u00e9nergie vibrante, ce chef-d&#039;\u0153uvre est une d\u00e9claration d&#039;expression artistique sans peur, pr\u00eate \u00e0 transformer n&#039;importe quel espace en une galerie de cr\u00e9ativit\u00e9 audacieuse.<\/p>\n<p style=\"color: #FAF5E5\">Imprim\u00e9 sur du papier luxueux <strong>Papier FineArt Hahnem\u00fchle<\/strong> avec prime <strong>Encres UltraChrome Pro<\/strong>, <strong>\u00ab Voile de n\u00e9on \u00bb<\/strong> n&#039;est pas seulement un r\u00e9gal visuel : c&#039;est un t\u00e9moignage d&#039;un savoir-faire sup\u00e9rieur et d&#039;une qualit\u00e9 durable. Que vous soyez un collectionneur d&#039;art, un passionn\u00e9 de d\u00e9coration int\u00e9rieure ou quelqu&#039;un \u00e0 la recherche d&#039;une touche unique pour votre espace, cette affiche est le m\u00e9lange parfait d&#039;art et d&#039;innovation.<\/p>\n<h4 style=\"color: #FAF5E5;text-transform: uppercase\">Tailles et formats : con\u00e7us pour s&#039;adapter \u00e0 votre vision<\/h4>\n<p style=\"color: #FAF5E5\">Disponible dans une vari\u00e9t\u00e9 de tailles pour r\u00e9pondre \u00e0 vos besoins de d\u00e9coration, <strong>\u00ab Voile de n\u00e9on \u00bb<\/strong> s&#039;adapte sans effort \u00e0 n&#039;importe quel environnement :<\/p>\n<ul>\n<li style=\"color: #FAF5E5;font-weight: bold\"> 21,00 cm \u00d7 27,88 cm<\/li>\n<li style=\"color: #FAF5E5;font-weight: bold\"> 29,70 cm \u00d7 39,43 cm<\/li>\n<li style=\"color: #FAF5E5;font-weight: bold\"> 32,90 cm \u00d7 43,68 cm<\/li>\n<li style=\"color: #FAF5E5;font-weight: bold\"> 42,00 cm \u00d7 55,76 cm<\/li>\n<\/ul>\n<p style=\"color: #FAF5E5\">De plus, choisissez entre un <strong>Finition mate<\/strong> pour un look sophistiqu\u00e9 et sans \u00e9blouissement ou un <strong>Finition brillante<\/strong> pour amplifier l&#039;\u00e9clat du n\u00e9on avec un \u00e9clat \u00e9l\u00e9gant. Chaque impression est sans bordure, offrant une esth\u00e9tique propre et moderne qui compl\u00e8te les styles de d\u00e9coration contemporains.<\/p>\n<h4 style=\"color: #FAF5E5;text-transform: uppercase\">Savoir-faire et qualit\u00e9 : quand l&#039;art rencontre la pr\u00e9cision<\/h4>\n<p style=\"color: #FAF5E5\">La production de <strong>\u00ab Voile de n\u00e9on \u00bb<\/strong> combine une technologie de pointe et des mat\u00e9riaux haut de gamme, garantissant des r\u00e9sultats de qualit\u00e9 mus\u00e9ale :<\/p>\n<ul>\n<li style=\"color: #FAF5E5;font-weight: bold\"> <strong>Papier FineArt Hahnem\u00fchle :<\/strong> Papier de qualit\u00e9 archivistique, de qualit\u00e9 mus\u00e9e, avec une texture luxueuse qui met en valeur chaque d\u00e9tail vibrant.<\/li>\n<li style=\"color: #FAF5E5;font-weight: bold\"> <strong>Encres UltraChrome Pro\u00a0:<\/strong> Des encres r\u00e9sistantes \u00e0 la d\u00e9coloration qui donnent vie \u00e0 la palette n\u00e9on avec une pr\u00e9cision in\u00e9gal\u00e9e.<\/li>\n<li style=\"color: #FAF5E5;font-weight: bold\"> <strong>R\u00e9solution 300 DPI :<\/strong> Offre une clart\u00e9 et une nettet\u00e9 \u00e9poustouflantes pour une exp\u00e9rience visuelle vraiment captivante.<\/li>\n<\/ul>\n<p style=\"color: #FAF5E5\">Cette attention m\u00e9ticuleuse aux d\u00e9tails garantit une \u0153uvre d\u2019art durable et r\u00e9sistante \u00e0 la d\u00e9coloration qui restera \u00e9clatante pendant des g\u00e9n\u00e9rations, ce qui en fait une pi\u00e8ce pris\u00e9e des collectionneurs et des passionn\u00e9s.<\/p>\n<h4 style=\"color: #FAF5E5;text-transform: uppercase\">Certificat d&#039;authenticit\u00e9 : un tr\u00e9sor singulier<\/h4>\n<p style=\"color: #FAF5E5\"><strong>\u00ab Voile de n\u00e9on \u00bb<\/strong> est un <strong>\u0153uvre d&#039;art unique en son genre<\/strong>, vendu exclusivement en tirage unique et ne devant jamais \u00eatre reproduit. Chaque pi\u00e8ce est accompagn\u00e9e d&#039;un <strong>Certificat d&#039;authenticit\u00e9 sign\u00e9 \u00e0 la main<\/strong> de Neural Artistry, affirmant son originalit\u00e9 et son exclusivit\u00e9. C&#039;est votre chance de poss\u00e9der un objet de collection vraiment unique, introuvable ailleurs.<\/p>\n<h4 style=\"color: #FAF5E5;text-transform: uppercase\">Utilisation id\u00e9ale et suggestions de d\u00e9coration : red\u00e9finissez votre espace<\/h4>\n<p style=\"color: #FAF5E5\">Transformez votre espace en un havre audacieux et futuriste avec l&#039;\u00e9clat du n\u00e9on <strong>\u00ab Voile de n\u00e9on \u00bb<\/strong>.Parfait pour :<\/p>\n<ul>\n<li style=\"color: #FAF5E5;font-weight: bold\"> <strong>Salon:<\/strong> Faites une d\u00e9claration spectaculaire avec une pi\u00e8ce ma\u00eetresse spectaculaire.<\/li>\n<li style=\"color: #FAF5E5;font-weight: bold\"> <strong>Minist\u00e8re de l&#039;Int\u00e9rieur :<\/strong> Inspirez la cr\u00e9ativit\u00e9 et l\u2019innovation avec cette \u0153uvre d\u2019art pleine d\u2019\u00e9nergie.<\/li>\n<li style=\"color: #FAF5E5;font-weight: bold\"> <strong>Configuration de jeu\u00a0:<\/strong> Ajoutez une touche cyberpunk \u00e0 votre espace inspir\u00e9 de la technologie.<\/li>\n<li style=\"color: #FAF5E5;font-weight: bold\"> <strong>Chambre \u00e0 coucher:<\/strong> Cr\u00e9ez un sanctuaire d\u2019imagination et d\u2019individualit\u00e9 \u00e9clair\u00e9 au n\u00e9on.<\/li>\n<li style=\"color: #FAF5E5;font-weight: bold\"> <strong>Mur de la galerie :<\/strong> Associez-le \u00e0 des pi\u00e8ces d&#039;art moderne ou pop compl\u00e9mentaires pour une pr\u00e9sentation soign\u00e9e.<\/li>\n<\/ul>\n<h4 style=\"color: #FAF5E5;text-transform: uppercase\">R\u00e9clamez votre \u0153uvre d&#039;art exclusive maintenant<\/h4>\n<p style=\"color: #FAF5E5\"><strong>\u00ab Voile de n\u00e9on \u00bb<\/strong> n&#039;est pas seulement une affiche, c&#039;est une d\u00e9claration audacieuse d&#039;innovation artistique. <strong>un seul exemplaire disponible<\/strong>, c&#039;est votre rare opportunit\u00e9 de vous procurer un morceau de l&#039;histoire du pop art. Une fois vendu, il ne sera jamais reproduit, ce qui en fait un tr\u00e9sor exclusif pour les collectionneurs.<\/p>\n<p style=\"color: #FAF5E5\">\ud83d\udd39 <strong style=\"color: #FFFFFF\">Cliquez sur \u00ab\u00a0Ajouter au panier\u00a0\u00bb maintenant<\/strong> pour r\u00e9clamer votre chef-d&#039;\u0153uvre unique en son genre. Transformez votre espace et plongez-vous dans le paysage de r\u00eave futuriste et \u00e9clair\u00e9 au n\u00e9on de <strong>\u00ab Voile de n\u00e9on \u00bb<\/strong> par Neural Artistry aujourd&#039;hui !<\/p>\n<p>&#8220;`<\/p>","protected":false},"excerpt":{"rendered":"<p style=\"color: #FAF5E5;font-weight: bold\">D\u00e9couvrez l&#039;\u00e9clat audacieux de <strong>\u00ab Voile de n\u00e9on \u00bb<\/strong>, un certifi\u00e9 <strong>unique en son genre<\/strong> Cr\u00e9ation pop art de Neural Artistry. Imprim\u00e9 sur du papier premium <strong>Papier FineArt Hahnem\u00fchle<\/strong> avec <strong>Encres UltraChrome Pro<\/strong>, ce tr\u00e9sor exclusif ne sera jamais reproduit.<\/p>","protected":false},"featured_media":2102,"comment_status":"open","ping_status":"closed","template":"","meta":{"_uag_custom_page_level_css":""},"product_brand":[874],"product_cat":[724,733,725,1268],"product_tag":[],"class_list":{"0":"post-2103","1":"product","2":"type-product","3":"status-publish","4":"has-post-thumbnail","6":"product_brand-neural-artistry","7":"product_cat-abstract-forms","8":"product_cat-futuristic-concepts","9":"product_cat-portraits","10":"product_cat-posters-prints-visual-artwork","11":"product_shipping_class-chronopost","12":"pa_finish-type-glossy-finish","13":"pa_finish-type-matte-finish","14":"pa_margins-with","15":"pa_margins-without","16":"pa_medium-technique-3d-modeling","17":"pa_medium-technique-rendering","18":"pa_medium-technique-texturing","19":"pa_mood-ambiance-bold","20":"pa_mood-ambiance-dramatic","21":"pa_mood-ambiance-futuristic","22":"pa_mood-ambiance-surreal","23":"pa_mood-ambiance-vibrant","24":"pa_orientation-vertical","25":"pa_size-21-00cmx27-88cm","26":"pa_size-29-70cmx39-43cm","27":"pa_size-32-90cmx43-68cm","28":"pa_size-42-00cmx55-76cm","29":"pa_style-movement-cyberpunk","30":"pa_style-movement-pop-art","31":"pa_style-movement-surrealism","33":"first","34":"instock","35":"sold-individually","36":"taxable","37":"shipping-taxable","38":"purchasable","39":"product-type-variable","40":"has-default-attributes"},"yoast_head":"<!-- This site is optimized with the Yoast SEO plugin v27.5 - https:\/\/yoast.com\/product\/yoast-seo-wordpress\/ -->\n<title>Neon Veil - Pop Art Digital Illustration by Neural Artistry - Neural Artistry<\/title>\n<meta name=\"robots\" content=\"index, follow, max-snippet:-1, max-image-preview:large, max-video-preview:-1\" \/>\n<link rel=\"canonical\" href=\"https:\/\/www.neural-artistry.com\/fr\/shop\/home-garden\/decor\/artwork\/posters-prints-visual-artwork\/neon-veil-pop-art-digital-illustration-by-neural-artistry\/\" \/>\n<meta property=\"og:locale\" content=\"fr_FR\" \/>\n<meta property=\"og:type\" content=\"article\" \/>\n<meta property=\"og:title\" content=\"Neon Veil - Pop Art Digital Illustration by Neural Artistry - Neural Artistry\" \/>\n<meta property=\"og:description\" content=\"Experience the bold brilliance of &quot;Neon Veil&quot;, a certified one-of-a-kind pop art creation by Neural Artistry. Printed on premium Hahnem\u00fchle FineArt paper with UltraChrome Pro inks, this exclusive treasure will never be reproduced.\" \/>\n<meta property=\"og:url\" content=\"https:\/\/www.neural-artistry.com\/fr\/shop\/home-garden\/decor\/artwork\/posters-prints-visual-artwork\/neon-veil-pop-art-digital-illustration-by-neural-artistry\/\" \/>\n<meta property=\"og:site_name\" content=\"Neural Artistry\" \/>\n<meta property=\"article:modified_time\" content=\"2025-05-06T13:22:28+00:00\" \/>\n<meta property=\"og:image\" content=\"https:\/\/www.neural-artistry.com\/wp-content\/uploads\/2024\/12\/neural-artistry-portfolio-4-scaled-1.jpg\" \/>\n\t<meta property=\"og:image:width\" content=\"1929\" \/>\n\t<meta property=\"og:image:height\" content=\"2560\" \/>\n\t<meta property=\"og:image:type\" content=\"image\/jpeg\" \/>\n<meta name=\"twitter:card\" content=\"summary_large_image\" \/>\n<meta name=\"twitter:label1\" content=\"Dur\u00e9e de lecture estim\u00e9e\" \/>\n\t<meta name=\"twitter:data1\" content=\"3 minutes\" \/>\n<script type=\"application\/ld+json\" class=\"yoast-schema-graph\">{\"@context\":\"https:\\\/\\\/schema.org\",\"@graph\":[{\"@type\":\"WebPage\",\"@id\":\"https:\\\/\\\/www.neural-artistry.com\\\/shop\\\/home-garden\\\/decor\\\/artwork\\\/posters-prints-visual-artwork\\\/neon-veil-pop-art-digital-illustration-by-neural-artistry\\\/\",\"url\":\"https:\\\/\\\/www.neural-artistry.com\\\/shop\\\/home-garden\\\/decor\\\/artwork\\\/posters-prints-visual-artwork\\\/neon-veil-pop-art-digital-illustration-by-neural-artistry\\\/\",\"name\":\"Neon Veil - Pop Art Digital Illustration by Neural Artistry - Neural Artistry\",\"isPartOf\":{\"@id\":\"https:\\\/\\\/www.neural-artistry.com\\\/#website\"},\"primaryImageOfPage\":{\"@id\":\"https:\\\/\\\/www.neural-artistry.com\\\/shop\\\/home-garden\\\/decor\\\/artwork\\\/posters-prints-visual-artwork\\\/neon-veil-pop-art-digital-illustration-by-neural-artistry\\\/#primaryimage\"},\"image\":{\"@id\":\"https:\\\/\\\/www.neural-artistry.com\\\/shop\\\/home-garden\\\/decor\\\/artwork\\\/posters-prints-visual-artwork\\\/neon-veil-pop-art-digital-illustration-by-neural-artistry\\\/#primaryimage\"},\"thumbnailUrl\":\"https:\\\/\\\/www.neural-artistry.com\\\/wp-content\\\/uploads\\\/2024\\\/12\\\/neural-artistry-portfolio-4-scaled-1.jpg\",\"datePublished\":\"2024-12-26T22:16:41+00:00\",\"dateModified\":\"2025-05-06T13:22:28+00:00\",\"breadcrumb\":{\"@id\":\"https:\\\/\\\/www.neural-artistry.com\\\/shop\\\/home-garden\\\/decor\\\/artwork\\\/posters-prints-visual-artwork\\\/neon-veil-pop-art-digital-illustration-by-neural-artistry\\\/#breadcrumb\"},\"inLanguage\":\"fr-FR\",\"potentialAction\":[{\"@type\":\"ReadAction\",\"target\":[\"https:\\\/\\\/www.neural-artistry.com\\\/shop\\\/home-garden\\\/decor\\\/artwork\\\/posters-prints-visual-artwork\\\/neon-veil-pop-art-digital-illustration-by-neural-artistry\\\/\"]}]},{\"@type\":\"ImageObject\",\"inLanguage\":\"fr-FR\",\"@id\":\"https:\\\/\\\/www.neural-artistry.com\\\/shop\\\/home-garden\\\/decor\\\/artwork\\\/posters-prints-visual-artwork\\\/neon-veil-pop-art-digital-illustration-by-neural-artistry\\\/#primaryimage\",\"url\":\"https:\\\/\\\/www.neural-artistry.com\\\/wp-content\\\/uploads\\\/2024\\\/12\\\/neural-artistry-portfolio-4-scaled-1.jpg\",\"contentUrl\":\"https:\\\/\\\/www.neural-artistry.com\\\/wp-content\\\/uploads\\\/2024\\\/12\\\/neural-artistry-portfolio-4-scaled-1.jpg\",\"width\":1929,\"height\":2560},{\"@type\":\"BreadcrumbList\",\"@id\":\"https:\\\/\\\/www.neural-artistry.com\\\/shop\\\/home-garden\\\/decor\\\/artwork\\\/posters-prints-visual-artwork\\\/neon-veil-pop-art-digital-illustration-by-neural-artistry\\\/#breadcrumb\",\"itemListElement\":[{\"@type\":\"ListItem\",\"position\":1,\"name\":\"Home\",\"item\":\"https:\\\/\\\/www.neural-artistry.com\\\/\"},{\"@type\":\"ListItem\",\"position\":2,\"name\":\"Wall Art Prints \u2013 Custom Canvas &amp; Unique Posters\",\"item\":\"https:\\\/\\\/www.neural-artistry.com\\\/\"},{\"@type\":\"ListItem\",\"position\":3,\"name\":\"Neon Veil &#8211; Pop Art Digital Illustration by Neural Artistry\"}]},{\"@type\":\"WebSite\",\"@id\":\"https:\\\/\\\/www.neural-artistry.com\\\/#website\",\"url\":\"https:\\\/\\\/www.neural-artistry.com\\\/\",\"name\":\"Neural Artistry\",\"description\":\"AI Art Posters \u2013 Certified, Premium, Sold Only Once\",\"publisher\":{\"@id\":\"https:\\\/\\\/www.neural-artistry.com\\\/#organization\"},\"potentialAction\":[{\"@type\":\"SearchAction\",\"target\":{\"@type\":\"EntryPoint\",\"urlTemplate\":\"https:\\\/\\\/www.neural-artistry.com\\\/?s={search_term_string}\"},\"query-input\":{\"@type\":\"PropertyValueSpecification\",\"valueRequired\":true,\"valueName\":\"search_term_string\"}}],\"inLanguage\":\"fr-FR\"},{\"@type\":\"Organization\",\"@id\":\"https:\\\/\\\/www.neural-artistry.com\\\/#organization\",\"name\":\"Neural Artistry\",\"url\":\"https:\\\/\\\/www.neural-artistry.com\\\/\",\"logo\":{\"@type\":\"ImageObject\",\"inLanguage\":\"fr-FR\",\"@id\":\"https:\\\/\\\/www.neural-artistry.com\\\/#\\\/schema\\\/logo\\\/image\\\/\",\"url\":\"https:\\\/\\\/www.neural-artistry.com\\\/wp-content\\\/uploads\\\/2025\\\/08\\\/Web-Black-logo-no-background-scaled.webp\",\"contentUrl\":\"https:\\\/\\\/www.neural-artistry.com\\\/wp-content\\\/uploads\\\/2025\\\/08\\\/Web-Black-logo-no-background-scaled.webp\",\"width\":2560,\"height\":976,\"caption\":\"Neural Artistry\"},\"image\":{\"@id\":\"https:\\\/\\\/www.neural-artistry.com\\\/#\\\/schema\\\/logo\\\/image\\\/\"}}]}<\/script>\n<!-- \/ Yoast SEO plugin. -->","yoast_head_json":{"title":"Neon Veil - Pop Art Digital Illustration by Neural Artistry - Neural Artistry","robots":{"index":"index","follow":"follow","max-snippet":"max-snippet:-1","max-image-preview":"max-image-preview:large","max-video-preview":"max-video-preview:-1"},"canonical":"https:\/\/www.neural-artistry.com\/fr\/shop\/home-garden\/decor\/artwork\/posters-prints-visual-artwork\/neon-veil-pop-art-digital-illustration-by-neural-artistry\/","og_locale":"fr_FR","og_type":"article","og_title":"Neon Veil - Pop Art Digital Illustration by Neural Artistry - Neural Artistry","og_description":"Experience the bold brilliance of \"Neon Veil\", a certified one-of-a-kind pop art creation by Neural Artistry. Printed on premium Hahnem\u00fchle FineArt paper with UltraChrome Pro inks, this exclusive treasure will never be reproduced.","og_url":"https:\/\/www.neural-artistry.com\/fr\/shop\/home-garden\/decor\/artwork\/posters-prints-visual-artwork\/neon-veil-pop-art-digital-illustration-by-neural-artistry\/","og_site_name":"Neural Artistry","article_modified_time":"2025-05-06T13:22:28+00:00","og_image":[{"width":1929,"height":2560,"url":"https:\/\/www.neural-artistry.com\/wp-content\/uploads\/2024\/12\/neural-artistry-portfolio-4-scaled-1.jpg","type":"image\/jpeg"}],"twitter_card":"summary_large_image","twitter_misc":{"Dur\u00e9e de lecture estim\u00e9e":"3 minutes"},"schema":{"@context":"https:\/\/schema.org","@graph":[{"@type":"WebPage","@id":"https:\/\/www.neural-artistry.com\/shop\/home-garden\/decor\/artwork\/posters-prints-visual-artwork\/neon-veil-pop-art-digital-illustration-by-neural-artistry\/","url":"https:\/\/www.neural-artistry.com\/shop\/home-garden\/decor\/artwork\/posters-prints-visual-artwork\/neon-veil-pop-art-digital-illustration-by-neural-artistry\/","name":"Neon Veil - Pop Art Digital Illustration by Neural Artistry - Neural Artistry","isPartOf":{"@id":"https:\/\/www.neural-artistry.com\/#website"},"primaryImageOfPage":{"@id":"https:\/\/www.neural-artistry.com\/shop\/home-garden\/decor\/artwork\/posters-prints-visual-artwork\/neon-veil-pop-art-digital-illustration-by-neural-artistry\/#primaryimage"},"image":{"@id":"https:\/\/www.neural-artistry.com\/shop\/home-garden\/decor\/artwork\/posters-prints-visual-artwork\/neon-veil-pop-art-digital-illustration-by-neural-artistry\/#primaryimage"},"thumbnailUrl":"https:\/\/www.neural-artistry.com\/wp-content\/uploads\/2024\/12\/neural-artistry-portfolio-4-scaled-1.jpg","datePublished":"2024-12-26T22:16:41+00:00","dateModified":"2025-05-06T13:22:28+00:00","breadcrumb":{"@id":"https:\/\/www.neural-artistry.com\/shop\/home-garden\/decor\/artwork\/posters-prints-visual-artwork\/neon-veil-pop-art-digital-illustration-by-neural-artistry\/#breadcrumb"},"inLanguage":"fr-FR","potentialAction":[{"@type":"ReadAction","target":["https:\/\/www.neural-artistry.com\/shop\/home-garden\/decor\/artwork\/posters-prints-visual-artwork\/neon-veil-pop-art-digital-illustration-by-neural-artistry\/"]}]},{"@type":"ImageObject","inLanguage":"fr-FR","@id":"https:\/\/www.neural-artistry.com\/shop\/home-garden\/decor\/artwork\/posters-prints-visual-artwork\/neon-veil-pop-art-digital-illustration-by-neural-artistry\/#primaryimage","url":"https:\/\/www.neural-artistry.com\/wp-content\/uploads\/2024\/12\/neural-artistry-portfolio-4-scaled-1.jpg","contentUrl":"https:\/\/www.neural-artistry.com\/wp-content\/uploads\/2024\/12\/neural-artistry-portfolio-4-scaled-1.jpg","width":1929,"height":2560},{"@type":"BreadcrumbList","@id":"https:\/\/www.neural-artistry.com\/shop\/home-garden\/decor\/artwork\/posters-prints-visual-artwork\/neon-veil-pop-art-digital-illustration-by-neural-artistry\/#breadcrumb","itemListElement":[{"@type":"ListItem","position":1,"name":"Home","item":"https:\/\/www.neural-artistry.com\/"},{"@type":"ListItem","position":2,"name":"Wall Art Prints \u2013 Custom Canvas &amp; Unique Posters","item":"https:\/\/www.neural-artistry.com\/"},{"@type":"ListItem","position":3,"name":"Neon Veil &#8211; Pop Art Digital Illustration by Neural Artistry"}]},{"@type":"WebSite","@id":"https:\/\/www.neural-artistry.com\/#website","url":"https:\/\/www.neural-artistry.com\/","name":"Neural Artistry","description":"Affiches d&#039;art IA \u2013 Certifi\u00e9es, premium, vendues une seule fois","publisher":{"@id":"https:\/\/www.neural-artistry.com\/#organization"},"potentialAction":[{"@type":"SearchAction","target":{"@type":"EntryPoint","urlTemplate":"https:\/\/www.neural-artistry.com\/?s={search_term_string}"},"query-input":{"@type":"PropertyValueSpecification","valueRequired":true,"valueName":"search_term_string"}}],"inLanguage":"fr-FR"},{"@type":"Organization","@id":"https:\/\/www.neural-artistry.com\/#organization","name":"Neural Artistry","url":"https:\/\/www.neural-artistry.com\/","logo":{"@type":"ImageObject","inLanguage":"fr-FR","@id":"https:\/\/www.neural-artistry.com\/#\/schema\/logo\/image\/","url":"https:\/\/www.neural-artistry.com\/wp-content\/uploads\/2025\/08\/Web-Black-logo-no-background-scaled.webp","contentUrl":"https:\/\/www.neural-artistry.com\/wp-content\/uploads\/2025\/08\/Web-Black-logo-no-background-scaled.webp","width":2560,"height":976,"caption":"Neural Artistry"},"image":{"@id":"https:\/\/www.neural-artistry.com\/#\/schema\/logo\/image\/"}}]}},"uagb_featured_image_src":{"full":["https:\/\/www.neural-artistry.com\/wp-content\/uploads\/2024\/12\/neural-artistry-portfolio-4-scaled-1.jpg",1929,2560,false],"thumbnail":["https:\/\/www.neural-artistry.com\/wp-content\/uploads\/2024\/12\/neural-artistry-portfolio-4-scaled-1-150x150.jpg",150,150,true],"medium":["https:\/\/www.neural-artistry.com\/wp-content\/uploads\/2024\/12\/neural-artistry-portfolio-4-scaled-1-226x300.jpg",226,300,true],"medium_large":["https:\/\/www.neural-artistry.com\/wp-content\/uploads\/2024\/12\/neural-artistry-portfolio-4-scaled-1-768x1019.jpg",768,1019,true],"large":["https:\/\/www.neural-artistry.com\/wp-content\/uploads\/2024\/12\/neural-artistry-portfolio-4-scaled-1-772x1024.jpg",772,1024,true],"1536x1536":["https:\/\/www.neural-artistry.com\/wp-content\/uploads\/2024\/12\/neural-artistry-portfolio-4-scaled-1-1157x1536.jpg",1157,1536,true],"2048x2048":["https:\/\/www.neural-artistry.com\/wp-content\/uploads\/2024\/12\/neural-artistry-portfolio-4-scaled-1-1543x2048.jpg",1543,2048,true],"trp-custom-language-flag":["https:\/\/www.neural-artistry.com\/wp-content\/uploads\/2024\/12\/neural-artistry-portfolio-4-scaled-1-9x12.jpg",9,12,true],"woocommerce_thumbnail":["https:\/\/www.neural-artistry.com\/wp-content\/uploads\/2024\/12\/neural-artistry-portfolio-4-scaled-1-450x450.jpg",450,450,true],"woocommerce_single":["https:\/\/www.neural-artistry.com\/wp-content\/uploads\/2024\/12\/neural-artistry-portfolio-4-scaled-1-600x796.jpg",600,796,true],"woocommerce_gallery_thumbnail":["https:\/\/www.neural-artistry.com\/wp-content\/uploads\/2024\/12\/neural-artistry-portfolio-4-scaled-1-100x100.jpg",100,100,true]},"uagb_author_info":{"display_name":"flake","author_link":"https:\/\/www.neural-artistry.com\/fr\/author\/"},"uagb_comment_info":0,"uagb_excerpt":"Experience the bold brilliance of \"Neon Veil\", a certified one-of-a-kind pop art creation by Neural Artistry. Printed on premium Hahnem\u00fchle FineArt paper with UltraChrome Pro inks, this exclusive treasure will never be reproduced.","_links":{"self":[{"href":"https:\/\/www.neural-artistry.com\/fr\/wp-json\/wp\/v2\/product\/2103","targetHints":{"allow":["GET"]}}],"collection":[{"href":"https:\/\/www.neural-artistry.com\/fr\/wp-json\/wp\/v2\/product"}],"about":[{"href":"https:\/\/www.neural-artistry.com\/fr\/wp-json\/wp\/v2\/types\/product"}],"replies":[{"embeddable":true,"href":"https:\/\/www.neural-artistry.com\/fr\/wp-json\/wp\/v2\/comments?post=2103"}],"wp:featuredmedia":[{"embeddable":true,"href":"https:\/\/www.neural-artistry.com\/fr\/wp-json\/wp\/v2\/media\/2102"}],"wp:attachment":[{"href":"https:\/\/www.neural-artistry.com\/fr\/wp-json\/wp\/v2\/media?parent=2103"}],"wp:term":[{"taxonomy":"product_brand","embeddable":true,"href":"https:\/\/www.neural-artistry.com\/fr\/wp-json\/wp\/v2\/product_brand?post=2103"},{"taxonomy":"product_cat","embeddable":true,"href":"https:\/\/www.neural-artistry.com\/fr\/wp-json\/wp\/v2\/product_cat?post=2103"},{"taxonomy":"product_tag","embeddable":true,"href":"https:\/\/www.neural-artistry.com\/fr\/wp-json\/wp\/v2\/product_tag?post=2103"}],"curies":[{"name":"wp","href":"https:\/\/api.w.org\/{rel}","templated":true}]}}